{"id":669,"date":"2023-09-27T12:19:07","date_gmt":"2023-09-27T12:19:07","guid":{"rendered":"https:\/\/www.alveria.it\/?page_id=669"},"modified":"2024-05-21T12:19:32","modified_gmt":"2024-05-21T12:19:32","slug":"politique-environnementale","status":"publish","type":"page","link":"https:\/\/www.alveria.it\/fr\/politica-ambientale\/","title":{"rendered":"POLITIQUE ENVIRONNEMENTALE"},"content":{"rendered":"<p>Politique environnementale<\/p>\n<h2 class=\"title\">POLITIQUE ENVIRONNEMENTALE<\/h2>\n<p>Alveria Srl adopte et diffuse \u00e0 tous les niveaux de son organisation la politique environnementale suivante, qui repr\u00e9sente la d\u00e9claration explicite des intentions et des principes que la direction entend adopter, en coh\u00e9rence avec l'activit\u00e9 exerc\u00e9e et les caract\u00e9ristiques de l'organisation, en termes de performances environnementales globales.<\/p>\n<p>Ce document a \u00e9t\u00e9 r\u00e9dig\u00e9 conform\u00e9ment aux prescriptions de la norme UNI EN ISO 14001:2018 et dans le respect des autres politiques de l'entreprise, y compris la politique de qualit\u00e9.<\/p>\n<p>Par cons\u00e9quent, l'organisation a pr\u00e9par\u00e9 et applique un programme de gestion environnementale, en relation avec la norme de r\u00e9f\u00e9rence et la l\u00e9gislation en vigueur, afin d'identifier, de pr\u00e9venir et, si n\u00e9cessaire, d'\u00e9liminer les sources de pollution r\u00e9sultant des activit\u00e9s de l'entreprise et des accidents du travail potentiels et\/ou accidentels caus\u00e9s tant par les employ\u00e9s que par les ressources externes auxquelles l'entreprise confie des travaux.<\/p>\n<p>La direction s'engage \u00e9galement \u00e0 mettre la pr\u00e9sente politique environnementale \u00e0 la disposition des parties int\u00e9ress\u00e9es, ainsi qu'\u00e0 sensibiliser le personnel interne afin de consolider un comportement de plus en plus respectueux de l'environnement.<\/p>\n<p>Dans cette optique, un contr\u00f4le continu est effectu\u00e9 pour v\u00e9rifier l'impact r\u00e9el et\/ou potentiel sur le milieu environnant. Cela permettra de cr\u00e9er un syst\u00e8me d'actions pour l'am\u00e9lioration continue, par la recherche de solutions technologiques et \u00e9conomiquement innovantes, surtout si l'on tient compte des exp\u00e9riences pass\u00e9es d'entreprises similaires op\u00e9rant dans le m\u00eame secteur.<\/p>\n<p>En fonction de son activit\u00e9, Alveria d\u00e9finit ses objectifs environnementaux en se concentrant sur les types d'impact suivants afin de contr\u00f4ler, de quantifier et de minimiser son impact environnemental au fil du temps :<\/p>\n<ul>\n<li>dans l'atmosph\u00e8re ;<\/li>\n<li>la consommation de ressources.<\/li>\n<li>Afin de garantir que la politique environnementale est mise en \u0153uvre et maintenue correctement et en temps voulu, la direction pr\u00e9voit l'adoption de proc\u00e9dures et d'instructions op\u00e9rationnelles visant \u00e0<\/li>\n<li>mettre en \u0153uvre et certifier son propre syst\u00e8me de gestion de l'environnement ;<\/li>\n<li>diffuser l'utilisation correcte de l'eau et de l'\u00e9nergie \u00e0 tous les niveaux de l'organisation ;<\/li>\n<li>diffuser et partager avec leurs clients et prospects des solutions \"\u00e0 distance\" \u00e9conomes en ressources<\/li>\n<li>communiquer \u00e0 tous les employ\u00e9s l'utilisation correcte des \u00e9quipements et des dispositifs de s\u00e9curit\u00e9, ainsi que les pratiques et le comportement \u00e0 adopter en temps normal et en cas d'urgence environnementale ;<\/li>\n<li>fournir une documentation objective prouvant le respect de la l\u00e9gislation en vigueur en mati\u00e8re de respect de l'environnement et de protection de la sant\u00e9 des travailleurs et de la communaut\u00e9, de mani\u00e8re \u00e0 r\u00e9duire consid\u00e9rablement les risques pour les personnes et l'environnement ;<\/li>\n<li>revoir l'ensemble des processus op\u00e9rationnels de l'entreprise en cas de changements technologiques et\/ou d'adaptations structurelles du site.<\/li>\n<\/ul>\n<p>La direction s'engage \u00e9galement \u00e0 diffuser sa politique environnementale aupr\u00e8s des fournisseurs, des clients et des organismes de contr\u00f4le publics au moyen d'une documentation appropri\u00e9e.<\/p>\n<p>La sensibilisation et l'information du personnel interne sont mises en \u0153uvre par le biais de programmes de formation\/information appropri\u00e9s et par la diffusion de mat\u00e9riel d'information.<\/p>\n<p>D'un point de vue l\u00e9gislatif, Alveria s.r.l. pr\u00e9pare la documentation appropri\u00e9e, \u00e0 laquelle elle joindra les certificats et autorisations requis par la loi pour l'exercice de ses activit\u00e9s.<\/p>\n<p>Les objectifs de l'entreprise sont toutefois \u00e9troitement li\u00e9s aux conditions suivantes :<\/p>\n<ul>\n<li>la faisabilit\u00e9 technico-\u00e9conomique ;<\/li>\n<li>les variations technologiques ;<\/li>\n<li>la conception de nouveaux services<\/li>\n<li>les modifications du processus ;<\/li>\n<li>changements l\u00e9gislatifs<\/li>\n<\/ul>\n<p>Le repr\u00e9sentant l\u00e9gal au 31 d\u00e9cembre 2020<\/p>\n<h6 class=\"title\">CONSEIL, FORMATION \u00c0 LA NUM\u00c9RISATION DES RESSOURCES HUMAINES ET SOLUTIONS D'ENTREPRISE D\u00c9COUVREZ LA M\u00c9THODE ALVERIA ET PR\u00c9PAREZ-VOUS AU CHANGEMENT.<\/h6>\n<p><a class=\"button  button_size_2 button_dark\" title=\"\" href=\"\/fr\/contacts\/\"><span class=\"button_label\">DEMANDER PLUS D'INFORMATIONS<\/span><\/a><\/p>","protected":false},"excerpt":{"rendered":"<p>Politica ambientale POLITICA AMBIENTALE Alveria Srl adotta e diffonde ad ogni livello della sua Organizzazione la seguente Politica Ambientale che rappresenta la dichiarazione esplicita delle intenzioni<span class=\"excerpt-hellip\"> [\u2026]<\/span><\/p>\n","protected":false},"author":4,"featured_media":1021,"parent":0,"menu_order":0,"comment_status":"open","ping_status":"closed","template":"","meta":{"iawp_total_views":46,"footnotes":""},"class_list":["post-669","page","type-page","status-publish","has-post-thumbnail","hentry"],"yoast_head":"<!-- This site is optimized with the Yoast SEO plugin v27.5 - https:\/\/yoast.com\/product\/yoast-seo-wordpress\/ -->\n<title>POLITICA AMBIENTALE<\/title>\n<meta name=\"description\" content=\"Politica ambientale POLITICA AMBIENTALE Alveria Srl adotta e diffonde ad ogni livello della sua Organizzazione la seguente Politica Ambientale che\" \/>\n<meta name=\"robots\" content=\"index, follow, max-snippet:-1, max-image-preview:large, max-video-preview:-1\" \/>\n<link rel=\"canonical\" href=\"https:\/\/www.alveria.it\/fr\/politique-environnementale\/\" \/>\n<meta property=\"og:locale\" content=\"fr_FR\" \/>\n<meta property=\"og:type\" content=\"article\" \/>\n<meta property=\"og:title\" content=\"POLITICA AMBIENTALE\" \/>\n<meta property=\"og:description\" content=\"Politica ambientale POLITICA AMBIENTALE Alveria Srl adotta e diffonde ad ogni livello della sua Organizzazione la seguente Politica Ambientale che\" \/>\n<meta property=\"og:url\" content=\"https:\/\/www.alveria.it\/fr\/politique-environnementale\/\" \/>\n<meta property=\"og:site_name\" content=\"Alveria - Consulting, Training and Solutions\" \/>\n<meta property=\"article:modified_time\" content=\"2024-05-21T12:19:32+00:00\" \/>\n<meta property=\"og:image\" content=\"https:\/\/www.alveria.it\/wp-content\/uploads\/2023\/10\/Alveria-policy-virata.jpg\" \/>\n\t<meta property=\"og:image:width\" content=\"1920\" \/>\n\t<meta property=\"og:image:height\" content=\"1080\" \/>\n\t<meta property=\"og:image:type\" content=\"image\/jpeg\" \/>\n<meta name=\"twitter:card\" content=\"summary_large_image\" \/>\n<meta name=\"twitter:label1\" content=\"Dur\u00e9e de lecture estim\u00e9e\" \/>\n\t<meta name=\"twitter:data1\" content=\"4 minutes\" \/>\n<script type=\"application\/ld+json\" class=\"yoast-schema-graph\">{\"@context\":\"https:\\\/\\\/schema.org\",\"@graph\":[{\"@type\":\"WebPage\",\"@id\":\"https:\\\/\\\/www.alveria.it\\\/politica-ambientale\\\/\",\"url\":\"https:\\\/\\\/www.alveria.it\\\/politica-ambientale\\\/\",\"name\":\"POLITICA AMBIENTALE\",\"isPartOf\":{\"@id\":\"https:\\\/\\\/www.alveria.it\\\/#website\"},\"primaryImageOfPage\":{\"@id\":\"https:\\\/\\\/www.alveria.it\\\/politica-ambientale\\\/#primaryimage\"},\"image\":{\"@id\":\"https:\\\/\\\/www.alveria.it\\\/politica-ambientale\\\/#primaryimage\"},\"thumbnailUrl\":\"https:\\\/\\\/www.alveria.it\\\/wp-content\\\/uploads\\\/2023\\\/10\\\/Alveria-policy-virata.jpg\",\"datePublished\":\"2023-09-27T12:19:07+00:00\",\"dateModified\":\"2024-05-21T12:19:32+00:00\",\"description\":\"Politica ambientale POLITICA AMBIENTALE Alveria Srl adotta e diffonde ad ogni livello della sua Organizzazione la seguente Politica Ambientale che\",\"breadcrumb\":{\"@id\":\"https:\\\/\\\/www.alveria.it\\\/politica-ambientale\\\/#breadcrumb\"},\"inLanguage\":\"fr-FR\",\"potentialAction\":[{\"@type\":\"ReadAction\",\"target\":[\"https:\\\/\\\/www.alveria.it\\\/politica-ambientale\\\/\"]}]},{\"@type\":\"ImageObject\",\"inLanguage\":\"fr-FR\",\"@id\":\"https:\\\/\\\/www.alveria.it\\\/politica-ambientale\\\/#primaryimage\",\"url\":\"https:\\\/\\\/www.alveria.it\\\/wp-content\\\/uploads\\\/2023\\\/10\\\/Alveria-policy-virata.jpg\",\"contentUrl\":\"https:\\\/\\\/www.alveria.it\\\/wp-content\\\/uploads\\\/2023\\\/10\\\/Alveria-policy-virata.jpg\",\"width\":1920,\"height\":1080},{\"@type\":\"BreadcrumbList\",\"@id\":\"https:\\\/\\\/www.alveria.it\\\/politica-ambientale\\\/#breadcrumb\",\"itemListElement\":[{\"@type\":\"ListItem\",\"position\":1,\"name\":\"Home\",\"item\":\"https:\\\/\\\/www.alveria.it\\\/\"},{\"@type\":\"ListItem\",\"position\":2,\"name\":\"POLITICA AMBIENTALE\"}]},{\"@type\":\"WebSite\",\"@id\":\"https:\\\/\\\/www.alveria.it\\\/#website\",\"url\":\"https:\\\/\\\/www.alveria.it\\\/\",\"name\":\"Alveria - Consulting, Training and Solutions\",\"description\":\"Alveria - Consulting, Training and Solutions\",\"publisher\":{\"@id\":\"https:\\\/\\\/www.alveria.it\\\/#organization\"},\"potentialAction\":[{\"@type\":\"SearchAction\",\"target\":{\"@type\":\"EntryPoint\",\"urlTemplate\":\"https:\\\/\\\/www.alveria.it\\\/?s={search_term_string}\"},\"query-input\":{\"@type\":\"PropertyValueSpecification\",\"valueRequired\":true,\"valueName\":\"search_term_string\"}}],\"inLanguage\":\"fr-FR\"},{\"@type\":\"Organization\",\"@id\":\"https:\\\/\\\/www.alveria.it\\\/#organization\",\"name\":\"Alveria - Consulting, Training and Solutions\",\"url\":\"https:\\\/\\\/www.alveria.it\\\/\",\"logo\":{\"@type\":\"ImageObject\",\"inLanguage\":\"fr-FR\",\"@id\":\"https:\\\/\\\/www.alveria.it\\\/#\\\/schema\\\/logo\\\/image\\\/\",\"url\":\"https:\\\/\\\/www.alveria.it\\\/wp-content\\\/uploads\\\/2023\\\/12\\\/logo_alveria_normal.svg\",\"contentUrl\":\"https:\\\/\\\/www.alveria.it\\\/wp-content\\\/uploads\\\/2023\\\/12\\\/logo_alveria_normal.svg\",\"caption\":\"Alveria - Consulting, Training and Solutions\"},\"image\":{\"@id\":\"https:\\\/\\\/www.alveria.it\\\/#\\\/schema\\\/logo\\\/image\\\/\"}}]}<\/script>\n<!-- \/ Yoast SEO plugin. -->","yoast_head_json":{"title":"POLITIQUE ENVIRONNEMENTALE","description":"POLITIQUE ENVIRONNEMENTALE Alveria Srl adopte et diffuse \u00e0 tous les niveaux de son organisation la politique environnementale suivante qui","robots":{"index":"index","follow":"follow","max-snippet":"max-snippet:-1","max-image-preview":"max-image-preview:large","max-video-preview":"max-video-preview:-1"},"canonical":"https:\/\/www.alveria.it\/fr\/politique-environnementale\/","og_locale":"fr_FR","og_type":"article","og_title":"POLITICA AMBIENTALE","og_description":"Politica ambientale POLITICA AMBIENTALE Alveria Srl adotta e diffonde ad ogni livello della sua Organizzazione la seguente Politica Ambientale che","og_url":"https:\/\/www.alveria.it\/fr\/politique-environnementale\/","og_site_name":"Alveria - Consulting, Training and Solutions","article_modified_time":"2024-05-21T12:19:32+00:00","og_image":[{"width":1920,"height":1080,"url":"https:\/\/www.alveria.it\/wp-content\/uploads\/2023\/10\/Alveria-policy-virata.jpg","type":"image\/jpeg"}],"twitter_card":"summary_large_image","twitter_misc":{"Dur\u00e9e de lecture estim\u00e9e":"4 minutes"},"schema":{"@context":"https:\/\/schema.org","@graph":[{"@type":"WebPage","@id":"https:\/\/www.alveria.it\/politica-ambientale\/","url":"https:\/\/www.alveria.it\/politica-ambientale\/","name":"POLITIQUE ENVIRONNEMENTALE","isPartOf":{"@id":"https:\/\/www.alveria.it\/#website"},"primaryImageOfPage":{"@id":"https:\/\/www.alveria.it\/politica-ambientale\/#primaryimage"},"image":{"@id":"https:\/\/www.alveria.it\/politica-ambientale\/#primaryimage"},"thumbnailUrl":"https:\/\/www.alveria.it\/wp-content\/uploads\/2023\/10\/Alveria-policy-virata.jpg","datePublished":"2023-09-27T12:19:07+00:00","dateModified":"2024-05-21T12:19:32+00:00","description":"POLITIQUE ENVIRONNEMENTALE Alveria Srl adopte et diffuse \u00e0 tous les niveaux de son organisation la politique environnementale suivante qui","breadcrumb":{"@id":"https:\/\/www.alveria.it\/politica-ambientale\/#breadcrumb"},"inLanguage":"fr-FR","potentialAction":[{"@type":"ReadAction","target":["https:\/\/www.alveria.it\/politica-ambientale\/"]}]},{"@type":"ImageObject","inLanguage":"fr-FR","@id":"https:\/\/www.alveria.it\/politica-ambientale\/#primaryimage","url":"https:\/\/www.alveria.it\/wp-content\/uploads\/2023\/10\/Alveria-policy-virata.jpg","contentUrl":"https:\/\/www.alveria.it\/wp-content\/uploads\/2023\/10\/Alveria-policy-virata.jpg","width":1920,"height":1080},{"@type":"BreadcrumbList","@id":"https:\/\/www.alveria.it\/politica-ambientale\/#breadcrumb","itemListElement":[{"@type":"ListItem","position":1,"name":"Home","item":"https:\/\/www.alveria.it\/"},{"@type":"ListItem","position":2,"name":"POLITICA AMBIENTALE"}]},{"@type":"WebSite","@id":"https:\/\/www.alveria.it\/#website","url":"https:\/\/www.alveria.it\/","name":"Alveria - Conseil, formation et solutions","description":"Alveria - Conseil, formation et solutions","publisher":{"@id":"https:\/\/www.alveria.it\/#organization"},"potentialAction":[{"@type":"SearchAction","target":{"@type":"EntryPoint","urlTemplate":"https:\/\/www.alveria.it\/?s={search_term_string}"},"query-input":{"@type":"PropertyValueSpecification","valueRequired":true,"valueName":"search_term_string"}}],"inLanguage":"fr-FR"},{"@type":"Organization","@id":"https:\/\/www.alveria.it\/#organization","name":"Alveria - Conseil, formation et solutions","url":"https:\/\/www.alveria.it\/","logo":{"@type":"ImageObject","inLanguage":"fr-FR","@id":"https:\/\/www.alveria.it\/#\/schema\/logo\/image\/","url":"https:\/\/www.alveria.it\/wp-content\/uploads\/2023\/12\/logo_alveria_normal.svg","contentUrl":"https:\/\/www.alveria.it\/wp-content\/uploads\/2023\/12\/logo_alveria_normal.svg","caption":"Alveria - Consulting, Training and Solutions"},"image":{"@id":"https:\/\/www.alveria.it\/#\/schema\/logo\/image\/"}}]}},"_links":{"self":[{"href":"https:\/\/www.alveria.it\/fr\/wp-json\/wp\/v2\/pages\/669","targetHints":{"allow":["GET"]}}],"collection":[{"href":"https:\/\/www.alveria.it\/fr\/wp-json\/wp\/v2\/pages"}],"about":[{"href":"https:\/\/www.alveria.it\/fr\/wp-json\/wp\/v2\/types\/page"}],"author":[{"embeddable":true,"href":"https:\/\/www.alveria.it\/fr\/wp-json\/wp\/v2\/users\/4"}],"replies":[{"embeddable":true,"href":"https:\/\/www.alveria.it\/fr\/wp-json\/wp\/v2\/comments?post=669"}],"version-history":[{"count":2,"href":"https:\/\/www.alveria.it\/fr\/wp-json\/wp\/v2\/pages\/669\/revisions"}],"predecessor-version":[{"id":1542,"href":"https:\/\/www.alveria.it\/fr\/wp-json\/wp\/v2\/pages\/669\/revisions\/1542"}],"wp:featuredmedia":[{"embeddable":true,"href":"https:\/\/www.alveria.it\/fr\/wp-json\/wp\/v2\/media\/1021"}],"wp:attachment":[{"href":"https:\/\/www.alveria.it\/fr\/wp-json\/wp\/v2\/media?parent=669"}],"curies":[{"name":"wp","href":"https:\/\/api.w.org\/{rel}","templated":true}]}}