{"id":536,"date":"2023-09-27T09:15:33","date_gmt":"2023-09-27T09:15:33","guid":{"rendered":"https:\/\/www.alveria.it\/?page_id=536"},"modified":"2024-05-21T11:45:56","modified_gmt":"2024-05-21T11:45:56","slug":"jeu-dentrainement","status":"publish","type":"page","link":"https:\/\/www.alveria.it\/fr\/formation\/la-formation-experientielle\/jeu-dentrainement\/","title":{"rendered":"JEU D'ENTRA\u00ceNEMENT"},"content":{"rendered":"<p>Jeu d'entra\u00eenement<\/p>\n<h3 class=\"title\">DES JEUX D'IMPLICATION ET DE COH\u00c9SION POUR DONNER AUX D\u00c9FIS UN CARACT\u00c8RE LUDIQUE<\/h3>\n<p style=\"text-align: center;\">Le jeu de formation utilise des mod\u00e8les et des structures typiques des jeux de soci\u00e9t\u00e9 les plus populaires (par exemple le Monopoly, le jeu de l'oie, le Trivial) reproduisant de mani\u00e8re m\u00e9taphorique des situations, des \u00e9v\u00e9nements et des probl\u00e8mes critiques typiques des contextes de travail r\u00e9els.<\/p>\n<p style=\"text-align: center;\">\u00c0 l'instar des jeux de soci\u00e9t\u00e9 classiques, il capte les participants d\u00e8s le d\u00e9but dans un rituel de groupe qui\u00a0<strong>active tous les leviers d'implication et de coh\u00e9sion<\/strong> (la recherche de r\u00e9sultats, le d\u00e9fi, la clart\u00e9 de l'objectif, les rituels collectifs, les r\u00f4les dans le groupe et l'interd\u00e9pendance pour atteindre l'objectif), ce qui conf\u00e8re au sens du d\u00e9fi un caract\u00e8re ludique.<\/p>\n<p style=\"text-align: center;\"><strong>Ainsi, le jeu de formation soutient :<\/strong><\/p>\n<ul class=\"mfn-list mfn-list-left mfn-list-top\">\n<li class=\"mfn-list-item\" style=\"counter-set: my-sec-counter 0;\"><span class=\"mfn-list-desc\">Apprentissage actif par la r\u00e9utilisation et la combinaison des comp\u00e9tences pr\u00e9sentes dans le groupe : les participants ne se fient pas aux \"instructions\" fournies par les enseignants, mais doivent eux-m\u00eames, avec leurs coll\u00e8gues de l'\u00e9quipe, se mettre d'accord et exp\u00e9rimenter la mani\u00e8re d'utiliser les m\u00e9thodes et les outils pour r\u00e9soudre les tests.<\/span><\/li>\n<li class=\"mfn-list-item\"><span class=\"mfn-list-desc\">L'implication des participants, favoris\u00e9e par la dynamique du jeu et la \"comp\u00e9tition\" entre les \u00e9quipes.<\/span><\/li>\n<\/ul>\n<h3>OBJECTIFS D'APPRENTISSAGE<\/h3>\n<ul class=\"mfn-list mfn-list-left mfn-list-middle\">\n<li class=\"mfn-list-item\" style=\"counter-set: my-sec-counter 0;\"><span class=\"mfn-list-desc\">Gestion de projet<\/span><\/li>\n<li class=\"mfn-list-item\"><span class=\"mfn-list-desc\">Communication au sein d'un groupe de travail<\/span><\/li>\n<li class=\"mfn-list-item\"><span class=\"mfn-list-desc\">G\u00e9rer la complexit\u00e9<\/span><\/li>\n<li class=\"mfn-list-item\"><span class=\"mfn-list-desc\">Analyse et d\u00e9finition du processus de travail<\/span><\/li>\n<li class=\"mfn-list-item\"><span class=\"mfn-list-desc\">Renforcement de l'esprit d'\u00e9quipe<\/span><\/li>\n<li class=\"mfn-list-item\"><span class=\"mfn-list-desc\">Planification et programmation<\/span><\/li>\n<\/ul>\n<p style=\"text-align: center;\">Efficace en particulier dans les cas suivants <a href=\"https:\/\/www.hcms.it\/contatti\/\">contextes d'entreprise<\/a> o\u00f9 les interventions pr\u00e9c\u00e9dentes \u00e9taient principalement men\u00e9es selon des techniques de classe standard et r\u00e9p\u00e9titives.<\/p>\n<h6 class=\"title\">CONSEIL, FORMATION \u00c0 LA NUM\u00c9RISATION DES RESSOURCES HUMAINES ET SOLUTIONS D'ENTREPRISE D\u00c9COUVREZ LA M\u00c9THODE ALVERIA ET PR\u00c9PAREZ-VOUS AU CHANGEMENT.<\/h6>\n<p><a class=\"button  button_size_2 button_dark\" title=\"\" href=\"\/fr\/contacts\/\"><span class=\"button_label\">DEMANDER PLUS D'INFORMATIONS<\/span><\/a><\/p>","protected":false},"excerpt":{"rendered":"<p>Training Game GIOCHI DI COINVOLGIMENTO E COESIONE PER DARE ALLE SFIDE UN CARATTERE LUDICO Il Training Game utilizza schemi e strutture tipici dei giochi da tavolo<span class=\"excerpt-hellip\"> [...]<\/span><\/p>","protected":false},"author":2,"featured_media":712,"parent":152,"menu_order":0,"comment_status":"open","ping_status":"closed","template":"","meta":{"iawp_total_views":51,"footnotes":""},"class_list":["post-536","page","type-page","status-publish","has-post-thumbnail","hentry"],"yoast_head":"<!-- This site is optimized with the Yoast SEO plugin v25.1 - https:\/\/yoast.com\/wordpress\/plugins\/seo\/ -->\n<title>TRAINING GAME<\/title>\n<meta name=\"description\" content=\"Scopri il Training Game di Alveria: giochi da tavolo per migliorare project management, comunicazione, team building e problem solving.\" \/>\n<meta name=\"robots\" content=\"index, follow, max-snippet:-1, max-image-preview:large, max-video-preview:-1\" \/>\n<link rel=\"canonical\" href=\"https:\/\/www.alveria.it\/fr\/formation\/la-formation-experientielle\/jeu-dentrainement\/\" \/>\n<meta property=\"og:locale\" content=\"fr_FR\" \/>\n<meta property=\"og:type\" content=\"article\" \/>\n<meta property=\"og:title\" content=\"TRAINING GAME\" \/>\n<meta property=\"og:description\" content=\"Scopri il Training Game di Alveria: giochi da tavolo per migliorare project management, comunicazione, team building e problem solving.\" \/>\n<meta property=\"og:url\" content=\"https:\/\/www.alveria.it\/fr\/formation\/la-formation-experientielle\/jeu-dentrainement\/\" \/>\n<meta property=\"og:site_name\" content=\"Alveria - Consulting, Training and Solutions\" \/>\n<meta property=\"article:modified_time\" content=\"2024-05-21T11:45:56+00:00\" \/>\n<meta property=\"og:image\" content=\"https:\/\/www.alveria.it\/wp-content\/uploads\/2023\/09\/Training-Game-virata.jpg\" \/>\n\t<meta property=\"og:image:width\" content=\"1920\" \/>\n\t<meta property=\"og:image:height\" content=\"1080\" \/>\n\t<meta property=\"og:image:type\" content=\"image\/jpeg\" \/>\n<meta name=\"twitter:card\" content=\"summary_large_image\" \/>\n<meta name=\"twitter:label1\" content=\"Dur\u00e9e de lecture estim\u00e9e\" \/>\n\t<meta name=\"twitter:data1\" content=\"2 minutes\" \/>\n<script type=\"application\/ld+json\" class=\"yoast-schema-graph\">{\"@context\":\"https:\/\/schema.org\",\"@graph\":[{\"@type\":\"WebPage\",\"@id\":\"https:\/\/www.alveria.it\/formazione\/formazione-esperienziale\/training-game\/\",\"url\":\"https:\/\/www.alveria.it\/formazione\/formazione-esperienziale\/training-game\/\",\"name\":\"TRAINING GAME\",\"isPartOf\":{\"@id\":\"https:\/\/www.alveria.it\/#website\"},\"primaryImageOfPage\":{\"@id\":\"https:\/\/www.alveria.it\/formazione\/formazione-esperienziale\/training-game\/#primaryimage\"},\"image\":{\"@id\":\"https:\/\/www.alveria.it\/formazione\/formazione-esperienziale\/training-game\/#primaryimage\"},\"thumbnailUrl\":\"https:\/\/www.alveria.it\/wp-content\/uploads\/2023\/09\/Training-Game-virata.jpg\",\"datePublished\":\"2023-09-27T09:15:33+00:00\",\"dateModified\":\"2024-05-21T11:45:56+00:00\",\"description\":\"Scopri il Training Game di Alveria: giochi da tavolo per migliorare project management, comunicazione, team building e problem solving.\",\"breadcrumb\":{\"@id\":\"https:\/\/www.alveria.it\/formazione\/formazione-esperienziale\/training-game\/#breadcrumb\"},\"inLanguage\":\"fr-FR\",\"potentialAction\":[{\"@type\":\"ReadAction\",\"target\":[\"https:\/\/www.alveria.it\/formazione\/formazione-esperienziale\/training-game\/\"]}]},{\"@type\":\"ImageObject\",\"inLanguage\":\"fr-FR\",\"@id\":\"https:\/\/www.alveria.it\/formazione\/formazione-esperienziale\/training-game\/#primaryimage\",\"url\":\"https:\/\/www.alveria.it\/wp-content\/uploads\/2023\/09\/Training-Game-virata.jpg\",\"contentUrl\":\"https:\/\/www.alveria.it\/wp-content\/uploads\/2023\/09\/Training-Game-virata.jpg\",\"width\":1920,\"height\":1080},{\"@type\":\"BreadcrumbList\",\"@id\":\"https:\/\/www.alveria.it\/formazione\/formazione-esperienziale\/training-game\/#breadcrumb\",\"itemListElement\":[{\"@type\":\"ListItem\",\"position\":1,\"name\":\"Home\",\"item\":\"https:\/\/www.alveria.it\/\"},{\"@type\":\"ListItem\",\"position\":2,\"name\":\"FORMAZIONE\",\"item\":\"https:\/\/www.alveria.it\/formazione\/\"},{\"@type\":\"ListItem\",\"position\":3,\"name\":\"FORMAZIONE ESPERIENZIALE\",\"item\":\"https:\/\/www.alveria.it\/formazione\/formazione-esperienziale\/\"},{\"@type\":\"ListItem\",\"position\":4,\"name\":\"TRAINING GAME\"}]},{\"@type\":\"WebSite\",\"@id\":\"https:\/\/www.alveria.it\/#website\",\"url\":\"https:\/\/www.alveria.it\/\",\"name\":\"Alveria - Consulting, Training and Solutions\",\"description\":\"Alveria - Consulting, Training and Solutions\",\"publisher\":{\"@id\":\"https:\/\/www.alveria.it\/#organization\"},\"potentialAction\":[{\"@type\":\"SearchAction\",\"target\":{\"@type\":\"EntryPoint\",\"urlTemplate\":\"https:\/\/www.alveria.it\/?s={search_term_string}\"},\"query-input\":{\"@type\":\"PropertyValueSpecification\",\"valueRequired\":true,\"valueName\":\"search_term_string\"}}],\"inLanguage\":\"fr-FR\"},{\"@type\":\"Organization\",\"@id\":\"https:\/\/www.alveria.it\/#organization\",\"name\":\"Alveria - Consulting, Training and Solutions\",\"url\":\"https:\/\/www.alveria.it\/\",\"logo\":{\"@type\":\"ImageObject\",\"inLanguage\":\"fr-FR\",\"@id\":\"https:\/\/www.alveria.it\/#\/schema\/logo\/image\/\",\"url\":\"https:\/\/www.alveria.it\/wp-content\/uploads\/2023\/12\/logo_alveria_normal.svg\",\"contentUrl\":\"https:\/\/www.alveria.it\/wp-content\/uploads\/2023\/12\/logo_alveria_normal.svg\",\"caption\":\"Alveria - Consulting, Training and Solutions\"},\"image\":{\"@id\":\"https:\/\/www.alveria.it\/#\/schema\/logo\/image\/\"}}]}<\/script>\n<!-- \/ Yoast SEO plugin. -->","yoast_head_json":{"title":"TRAINING GAME","description":"Scopri il Training Game di Alveria: giochi da tavolo per migliorare project management, comunicazione, team building e problem solving.","robots":{"index":"index","follow":"follow","max-snippet":"max-snippet:-1","max-image-preview":"max-image-preview:large","max-video-preview":"max-video-preview:-1"},"canonical":"https:\/\/www.alveria.it\/fr\/formation\/la-formation-experientielle\/jeu-dentrainement\/","og_locale":"fr_FR","og_type":"article","og_title":"TRAINING GAME","og_description":"Scopri il Training Game di Alveria: giochi da tavolo per migliorare project management, comunicazione, team building e problem solving.","og_url":"https:\/\/www.alveria.it\/fr\/formation\/la-formation-experientielle\/jeu-dentrainement\/","og_site_name":"Alveria - Consulting, Training and Solutions","article_modified_time":"2024-05-21T11:45:56+00:00","og_image":[{"width":1920,"height":1080,"url":"https:\/\/www.alveria.it\/wp-content\/uploads\/2023\/09\/Training-Game-virata.jpg","type":"image\/jpeg"}],"twitter_card":"summary_large_image","twitter_misc":{"Dur\u00e9e de lecture estim\u00e9e":"2 minutes"},"schema":{"@context":"https:\/\/schema.org","@graph":[{"@type":"WebPage","@id":"https:\/\/www.alveria.it\/formazione\/formazione-esperienziale\/training-game\/","url":"https:\/\/www.alveria.it\/formazione\/formazione-esperienziale\/training-game\/","name":"TRAINING GAME","isPartOf":{"@id":"https:\/\/www.alveria.it\/#website"},"primaryImageOfPage":{"@id":"https:\/\/www.alveria.it\/formazione\/formazione-esperienziale\/training-game\/#primaryimage"},"image":{"@id":"https:\/\/www.alveria.it\/formazione\/formazione-esperienziale\/training-game\/#primaryimage"},"thumbnailUrl":"https:\/\/www.alveria.it\/wp-content\/uploads\/2023\/09\/Training-Game-virata.jpg","datePublished":"2023-09-27T09:15:33+00:00","dateModified":"2024-05-21T11:45:56+00:00","description":"Scopri il Training Game di Alveria: giochi da tavolo per migliorare project management, comunicazione, team building e problem solving.","breadcrumb":{"@id":"https:\/\/www.alveria.it\/formazione\/formazione-esperienziale\/training-game\/#breadcrumb"},"inLanguage":"fr-FR","potentialAction":[{"@type":"ReadAction","target":["https:\/\/www.alveria.it\/formazione\/formazione-esperienziale\/training-game\/"]}]},{"@type":"ImageObject","inLanguage":"fr-FR","@id":"https:\/\/www.alveria.it\/formazione\/formazione-esperienziale\/training-game\/#primaryimage","url":"https:\/\/www.alveria.it\/wp-content\/uploads\/2023\/09\/Training-Game-virata.jpg","contentUrl":"https:\/\/www.alveria.it\/wp-content\/uploads\/2023\/09\/Training-Game-virata.jpg","width":1920,"height":1080},{"@type":"BreadcrumbList","@id":"https:\/\/www.alveria.it\/formazione\/formazione-esperienziale\/training-game\/#breadcrumb","itemListElement":[{"@type":"ListItem","position":1,"name":"Home","item":"https:\/\/www.alveria.it\/"},{"@type":"ListItem","position":2,"name":"FORMAZIONE","item":"https:\/\/www.alveria.it\/formazione\/"},{"@type":"ListItem","position":3,"name":"FORMAZIONE ESPERIENZIALE","item":"https:\/\/www.alveria.it\/formazione\/formazione-esperienziale\/"},{"@type":"ListItem","position":4,"name":"TRAINING GAME"}]},{"@type":"WebSite","@id":"https:\/\/www.alveria.it\/#website","url":"https:\/\/www.alveria.it\/","name":"Alveria - Consulting, Training and Solutions","description":"Alveria - Consulting, Training and Solutions","publisher":{"@id":"https:\/\/www.alveria.it\/#organization"},"potentialAction":[{"@type":"SearchAction","target":{"@type":"EntryPoint","urlTemplate":"https:\/\/www.alveria.it\/?s={search_term_string}"},"query-input":{"@type":"PropertyValueSpecification","valueRequired":true,"valueName":"search_term_string"}}],"inLanguage":"fr-FR"},{"@type":"Organization","@id":"https:\/\/www.alveria.it\/#organization","name":"Alveria - Consulting, Training and Solutions","url":"https:\/\/www.alveria.it\/","logo":{"@type":"ImageObject","inLanguage":"fr-FR","@id":"https:\/\/www.alveria.it\/#\/schema\/logo\/image\/","url":"https:\/\/www.alveria.it\/wp-content\/uploads\/2023\/12\/logo_alveria_normal.svg","contentUrl":"https:\/\/www.alveria.it\/wp-content\/uploads\/2023\/12\/logo_alveria_normal.svg","caption":"Alveria - Consulting, Training and Solutions"},"image":{"@id":"https:\/\/www.alveria.it\/#\/schema\/logo\/image\/"}}]}},"_links":{"self":[{"href":"https:\/\/www.alveria.it\/fr\/wp-json\/wp\/v2\/pages\/536","targetHints":{"allow":["GET"]}}],"collection":[{"href":"https:\/\/www.alveria.it\/fr\/wp-json\/wp\/v2\/pages"}],"about":[{"href":"https:\/\/www.alveria.it\/fr\/wp-json\/wp\/v2\/types\/page"}],"author":[{"embeddable":true,"href":"https:\/\/www.alveria.it\/fr\/wp-json\/wp\/v2\/users\/2"}],"replies":[{"embeddable":true,"href":"https:\/\/www.alveria.it\/fr\/wp-json\/wp\/v2\/comments?post=536"}],"version-history":[{"count":2,"href":"https:\/\/www.alveria.it\/fr\/wp-json\/wp\/v2\/pages\/536\/revisions"}],"predecessor-version":[{"id":1475,"href":"https:\/\/www.alveria.it\/fr\/wp-json\/wp\/v2\/pages\/536\/revisions\/1475"}],"up":[{"embeddable":true,"href":"https:\/\/www.alveria.it\/fr\/wp-json\/wp\/v2\/pages\/152"}],"wp:featuredmedia":[{"embeddable":true,"href":"https:\/\/www.alveria.it\/fr\/wp-json\/wp\/v2\/media\/712"}],"wp:attachment":[{"href":"https:\/\/www.alveria.it\/fr\/wp-json\/wp\/v2\/media?parent=536"}],"curies":[{"name":"wp","href":"https:\/\/api.w.org\/{rel}","templated":true}]}}