{"id":502,"date":"2023-09-26T18:03:29","date_gmt":"2023-09-26T18:03:29","guid":{"rendered":"https:\/\/www.alveria.it\/?page_id=502"},"modified":"2024-05-21T12:10:42","modified_gmt":"2024-05-21T12:10:42","slug":"gestion-du-temps","status":"publish","type":"page","link":"https:\/\/www.alveria.it\/fr\/formation\/les-personnes-et-le-developpement-managerial-162\/gestion-du-temps\/","title":{"rendered":"GESTION DU TEMPS"},"content":{"rendered":"<p>GESTION DU TEMPS<\/p>\n<p>[aioseo_breadcrumbs]<\/p>\n<ul>\n<li>| EN PR\u00c9SENCE ET EN LIGNE<\/li>\n<li>COMP\u00c9TENCES DE BASE<\/li>\n<li>3 MODULES<\/li>\n<\/ul>\n<h3 class=\"title\">G\u00c9RER LE TEMPS ET RESTER CONCENTR\u00c9 SUR LE R\u00c9SULTAT<\/h3>\n<h3 class=\"title\">OBJECTIFS<\/h3>\n<p style=\"text-align: center;\"><strong>Gestion du temps<\/strong>\u00a0\u00eatre plus productif signifie se concentrer sur le r\u00e9sultat, reconna\u00eetre ses priorit\u00e9s et essayer d'orienter ses performances en fonction de celles-ci.<\/p>\n<p style=\"text-align: center;\">L'offre de formation d'Alveria vise \u00e0\u00a0<strong>fournir les outils<\/strong>\u00a0qui vous permettent de mieux g\u00e9rer votre \u00e9nergie en fonction du temps disponible tout en \u00e9vitant les activit\u00e9s dispersives.<\/p>\n<p style=\"text-align: center;\">Les\u00a0<strong>m\u00e9thodologies<\/strong>\u00a0visent \u00e0 d\u00e9ployer une s\u00e9rie de techniques permettant d'identifier les objectifs \u00e0 poursuivre, d'acc\u00e9l\u00e9rer la r\u00e9alisation des objectifs et de coordonner efficacement les activit\u00e9s au sein d'une \u00e9quipe.<\/p>\n<h3>PROGRAMME<\/h3>\n<p style=\"text-align: left;\"><strong>Module 1<\/strong><\/p>\n<ul class=\"mfn-list mfn-list-left mfn-list-middle\">\n<li class=\"mfn-list-item\" style=\"counter-set: my-sec-counter 0;\"><span class=\"mfn-list-desc\">Cadences et approche du \"business time<\/span><\/li>\n<li class=\"mfn-list-item\"><span class=\"mfn-list-desc\">Analyse de sa fa\u00e7on de g\u00e9rer les situations impliquant des d\u00e9lais et des urgences<\/span><\/li>\n<\/ul>\n<p style=\"text-align: left;\"><strong>Module 2<\/strong><\/p>\n<ul class=\"mfn-list mfn-list-left mfn-list-middle\">\n<li class=\"mfn-list-item\" style=\"counter-set: my-sec-counter 0;\"><span class=\"mfn-list-desc\">Comment augmenter la concentration et l'efficacit\u00e9<\/span><\/li>\n<li class=\"mfn-list-item\"><span class=\"mfn-list-desc\">Gestion des \u00e9l\u00e9ments perturbateurs<\/span><\/li>\n<\/ul>\n<p style=\"text-align: left;\"><strong>Module 3<\/strong><\/p>\n<ul class=\"mfn-list mfn-list-left mfn-list-middle\">\n<li class=\"mfn-list-item\" style=\"counter-set: my-sec-counter 0;\"><span class=\"mfn-list-desc\">Planifier son temps, fixer des priorit\u00e9s<\/span><\/li>\n<li class=\"mfn-list-item\"><span class=\"mfn-list-desc\">Planification et programmation des activit\u00e9s et r\u00e9partition du temps disponible<\/span><\/li>\n<li class=\"mfn-list-item\"><span class=\"mfn-list-desc\">D\u00e9l\u00e9gation et coop\u00e9ration, comment optimiser le temps en faisant appel \u00e0 des collaborateurs<\/span><\/li>\n<\/ul>\n<h3 class=\"title\">P\u00c9DAGOGIE<\/h3>\n<p style=\"text-align: center;\">Le cours est tr\u00e8s pratique. La didactique voit l'alternance continue de moments th\u00e9oriques et pratiques avec des jeux de r\u00f4le, des simulations et des exercices.<\/p>\n<h3 class=\"title\">RECIPIENTS<\/h3>\n<p style=\"text-align: center;\">Toutes ces <strong>les personnalit\u00e9s qui ont besoin de g\u00e9rer efficacement leur temps<\/strong>afin de faire un saut qualitatif dans la r\u00e9alisation des objectifs professionnels.<\/p>\n<h3 class=\"title\">MAT\u00c9RIEL DE FORMATION<\/h3>\n<p style=\"text-align: center;\">Conf\u00e9rences vid\u00e9o et mat\u00e9riel p\u00e9dagogique<\/p>\n<h6 class=\"title\"><a href=\"https:\/\/www.hcms.it\/contatti\/\">CONSULTATION<\/a>HR DIGITISATION TRAINING AND BUSINESS SOLUTIONS D\u00c9COUVREZ LA M\u00c9THODE ALVERIA ET PR\u00c9PAREZ-VOUS AU CHANGEMENT.<\/h6>\n<p><a class=\"button  button_size_2 button_dark\" title=\"\" href=\"\/fr\/contacts\/\"><span class=\"button_label\">DEMANDER PLUS D'INFORMATIONS<\/span><\/a><\/p>","protected":false},"excerpt":{"rendered":"<p>TIME MANAGEMENT [aioseo_breadcrumbs] | IN PRESENZA E ONLINE COMPETENZE BASE 3 MODULI GESTIRE IL TEMPO E RIMANERE FOCALIZZATI SUL RISULTATO OBIETTIVI Gestire il tempo\u00a0in modo da<span class=\"excerpt-hellip\"> [...]<\/span><\/p>","protected":false},"author":2,"featured_media":759,"parent":162,"menu_order":0,"comment_status":"open","ping_status":"closed","template":"","meta":{"iawp_total_views":21,"footnotes":""},"class_list":["post-502","page","type-page","status-publish","has-post-thumbnail","hentry"],"yoast_head":"<!-- This site is optimized with the Yoast SEO plugin v25.1 - https:\/\/yoast.com\/wordpress\/plugins\/seo\/ -->\n<title>TIME MANAGEMENT<\/title>\n<meta name=\"description\" content=\"Scopri il corso di Time Management di Alveria: competenze base per gestire il tempo, aumentare produttivit\u00e0 e focalizzarsi sui risultati.\" \/>\n<meta name=\"robots\" content=\"index, follow, max-snippet:-1, max-image-preview:large, max-video-preview:-1\" \/>\n<link rel=\"canonical\" href=\"https:\/\/www.alveria.it\/fr\/formation\/le-developpement-du-personnel-et-de-lencadrement\/gestion-du-temps\/\" \/>\n<meta property=\"og:locale\" content=\"fr_FR\" \/>\n<meta property=\"og:type\" content=\"article\" \/>\n<meta property=\"og:title\" content=\"TIME MANAGEMENT\" \/>\n<meta property=\"og:description\" content=\"Scopri il corso di Time Management di Alveria: competenze base per gestire il tempo, aumentare produttivit\u00e0 e focalizzarsi sui risultati.\" \/>\n<meta property=\"og:url\" content=\"https:\/\/www.alveria.it\/fr\/formation\/le-developpement-du-personnel-et-de-lencadrement\/gestion-du-temps\/\" \/>\n<meta property=\"og:site_name\" content=\"Alveria - Consulting, Training and Solutions\" \/>\n<meta property=\"article:modified_time\" content=\"2024-05-21T12:10:42+00:00\" \/>\n<meta property=\"og:image\" content=\"https:\/\/www.alveria.it\/wp-content\/uploads\/2023\/09\/Time-management-virata.jpg\" \/>\n\t<meta property=\"og:image:width\" content=\"1920\" \/>\n\t<meta property=\"og:image:height\" content=\"1080\" \/>\n\t<meta property=\"og:image:type\" content=\"image\/jpeg\" \/>\n<meta name=\"twitter:card\" content=\"summary_large_image\" \/>\n<meta name=\"twitter:label1\" content=\"Dur\u00e9e de lecture estim\u00e9e\" \/>\n\t<meta name=\"twitter:data1\" content=\"2 minutes\" \/>\n<script type=\"application\/ld+json\" class=\"yoast-schema-graph\">{\"@context\":\"https:\/\/schema.org\",\"@graph\":[{\"@type\":\"WebPage\",\"@id\":\"https:\/\/www.alveria.it\/formazione\/people-e-managerial-development\/time-management\/\",\"url\":\"https:\/\/www.alveria.it\/formazione\/people-e-managerial-development\/time-management\/\",\"name\":\"TIME MANAGEMENT\",\"isPartOf\":{\"@id\":\"https:\/\/www.alveria.it\/#website\"},\"primaryImageOfPage\":{\"@id\":\"https:\/\/www.alveria.it\/formazione\/people-e-managerial-development\/time-management\/#primaryimage\"},\"image\":{\"@id\":\"https:\/\/www.alveria.it\/formazione\/people-e-managerial-development\/time-management\/#primaryimage\"},\"thumbnailUrl\":\"https:\/\/www.alveria.it\/wp-content\/uploads\/2023\/09\/Time-management-virata.jpg\",\"datePublished\":\"2023-09-26T18:03:29+00:00\",\"dateModified\":\"2024-05-21T12:10:42+00:00\",\"description\":\"Scopri il corso di Time Management di Alveria: competenze base per gestire il tempo, aumentare produttivit\u00e0 e focalizzarsi sui risultati.\",\"breadcrumb\":{\"@id\":\"https:\/\/www.alveria.it\/formazione\/people-e-managerial-development\/time-management\/#breadcrumb\"},\"inLanguage\":\"fr-FR\",\"potentialAction\":[{\"@type\":\"ReadAction\",\"target\":[\"https:\/\/www.alveria.it\/formazione\/people-e-managerial-development\/time-management\/\"]}]},{\"@type\":\"ImageObject\",\"inLanguage\":\"fr-FR\",\"@id\":\"https:\/\/www.alveria.it\/formazione\/people-e-managerial-development\/time-management\/#primaryimage\",\"url\":\"https:\/\/www.alveria.it\/wp-content\/uploads\/2023\/09\/Time-management-virata.jpg\",\"contentUrl\":\"https:\/\/www.alveria.it\/wp-content\/uploads\/2023\/09\/Time-management-virata.jpg\",\"width\":1920,\"height\":1080},{\"@type\":\"BreadcrumbList\",\"@id\":\"https:\/\/www.alveria.it\/formazione\/people-e-managerial-development\/time-management\/#breadcrumb\",\"itemListElement\":[{\"@type\":\"ListItem\",\"position\":1,\"name\":\"Home\",\"item\":\"https:\/\/www.alveria.it\/\"},{\"@type\":\"ListItem\",\"position\":2,\"name\":\"FORMAZIONE\",\"item\":\"https:\/\/www.alveria.it\/formazione\/\"},{\"@type\":\"ListItem\",\"position\":3,\"name\":\"PEOPLE E MANAGERIAL DEVELOPMENT\",\"item\":\"https:\/\/www.alveria.it\/formazione\/people-e-managerial-development\/\"},{\"@type\":\"ListItem\",\"position\":4,\"name\":\"TIME MANAGEMENT\"}]},{\"@type\":\"WebSite\",\"@id\":\"https:\/\/www.alveria.it\/#website\",\"url\":\"https:\/\/www.alveria.it\/\",\"name\":\"Alveria - Consulting, Training and Solutions\",\"description\":\"Alveria - Consulting, Training and Solutions\",\"publisher\":{\"@id\":\"https:\/\/www.alveria.it\/#organization\"},\"potentialAction\":[{\"@type\":\"SearchAction\",\"target\":{\"@type\":\"EntryPoint\",\"urlTemplate\":\"https:\/\/www.alveria.it\/?s={search_term_string}\"},\"query-input\":{\"@type\":\"PropertyValueSpecification\",\"valueRequired\":true,\"valueName\":\"search_term_string\"}}],\"inLanguage\":\"fr-FR\"},{\"@type\":\"Organization\",\"@id\":\"https:\/\/www.alveria.it\/#organization\",\"name\":\"Alveria - Consulting, Training and Solutions\",\"url\":\"https:\/\/www.alveria.it\/\",\"logo\":{\"@type\":\"ImageObject\",\"inLanguage\":\"fr-FR\",\"@id\":\"https:\/\/www.alveria.it\/#\/schema\/logo\/image\/\",\"url\":\"https:\/\/www.alveria.it\/wp-content\/uploads\/2023\/12\/logo_alveria_normal.svg\",\"contentUrl\":\"https:\/\/www.alveria.it\/wp-content\/uploads\/2023\/12\/logo_alveria_normal.svg\",\"caption\":\"Alveria - Consulting, Training and Solutions\"},\"image\":{\"@id\":\"https:\/\/www.alveria.it\/#\/schema\/logo\/image\/\"}}]}<\/script>\n<!-- \/ Yoast SEO plugin. -->","yoast_head_json":{"title":"TIME MANAGEMENT","description":"Scopri il corso di Time Management di Alveria: competenze base per gestire il tempo, aumentare produttivit\u00e0 e focalizzarsi sui risultati.","robots":{"index":"index","follow":"follow","max-snippet":"max-snippet:-1","max-image-preview":"max-image-preview:large","max-video-preview":"max-video-preview:-1"},"canonical":"https:\/\/www.alveria.it\/fr\/formation\/le-developpement-du-personnel-et-de-lencadrement\/gestion-du-temps\/","og_locale":"fr_FR","og_type":"article","og_title":"TIME MANAGEMENT","og_description":"Scopri il corso di Time Management di Alveria: competenze base per gestire il tempo, aumentare produttivit\u00e0 e focalizzarsi sui risultati.","og_url":"https:\/\/www.alveria.it\/fr\/formation\/le-developpement-du-personnel-et-de-lencadrement\/gestion-du-temps\/","og_site_name":"Alveria - Consulting, Training and Solutions","article_modified_time":"2024-05-21T12:10:42+00:00","og_image":[{"width":1920,"height":1080,"url":"https:\/\/www.alveria.it\/wp-content\/uploads\/2023\/09\/Time-management-virata.jpg","type":"image\/jpeg"}],"twitter_card":"summary_large_image","twitter_misc":{"Dur\u00e9e de lecture estim\u00e9e":"2 minutes"},"schema":{"@context":"https:\/\/schema.org","@graph":[{"@type":"WebPage","@id":"https:\/\/www.alveria.it\/formazione\/people-e-managerial-development\/time-management\/","url":"https:\/\/www.alveria.it\/formazione\/people-e-managerial-development\/time-management\/","name":"TIME MANAGEMENT","isPartOf":{"@id":"https:\/\/www.alveria.it\/#website"},"primaryImageOfPage":{"@id":"https:\/\/www.alveria.it\/formazione\/people-e-managerial-development\/time-management\/#primaryimage"},"image":{"@id":"https:\/\/www.alveria.it\/formazione\/people-e-managerial-development\/time-management\/#primaryimage"},"thumbnailUrl":"https:\/\/www.alveria.it\/wp-content\/uploads\/2023\/09\/Time-management-virata.jpg","datePublished":"2023-09-26T18:03:29+00:00","dateModified":"2024-05-21T12:10:42+00:00","description":"Scopri il corso di Time Management di Alveria: competenze base per gestire il tempo, aumentare produttivit\u00e0 e focalizzarsi sui risultati.","breadcrumb":{"@id":"https:\/\/www.alveria.it\/formazione\/people-e-managerial-development\/time-management\/#breadcrumb"},"inLanguage":"fr-FR","potentialAction":[{"@type":"ReadAction","target":["https:\/\/www.alveria.it\/formazione\/people-e-managerial-development\/time-management\/"]}]},{"@type":"ImageObject","inLanguage":"fr-FR","@id":"https:\/\/www.alveria.it\/formazione\/people-e-managerial-development\/time-management\/#primaryimage","url":"https:\/\/www.alveria.it\/wp-content\/uploads\/2023\/09\/Time-management-virata.jpg","contentUrl":"https:\/\/www.alveria.it\/wp-content\/uploads\/2023\/09\/Time-management-virata.jpg","width":1920,"height":1080},{"@type":"BreadcrumbList","@id":"https:\/\/www.alveria.it\/formazione\/people-e-managerial-development\/time-management\/#breadcrumb","itemListElement":[{"@type":"ListItem","position":1,"name":"Home","item":"https:\/\/www.alveria.it\/"},{"@type":"ListItem","position":2,"name":"FORMAZIONE","item":"https:\/\/www.alveria.it\/formazione\/"},{"@type":"ListItem","position":3,"name":"PEOPLE E MANAGERIAL DEVELOPMENT","item":"https:\/\/www.alveria.it\/formazione\/people-e-managerial-development\/"},{"@type":"ListItem","position":4,"name":"TIME MANAGEMENT"}]},{"@type":"WebSite","@id":"https:\/\/www.alveria.it\/#website","url":"https:\/\/www.alveria.it\/","name":"Alveria - Consulting, Training and Solutions","description":"Alveria - Consulting, Training and Solutions","publisher":{"@id":"https:\/\/www.alveria.it\/#organization"},"potentialAction":[{"@type":"SearchAction","target":{"@type":"EntryPoint","urlTemplate":"https:\/\/www.alveria.it\/?s={search_term_string}"},"query-input":{"@type":"PropertyValueSpecification","valueRequired":true,"valueName":"search_term_string"}}],"inLanguage":"fr-FR"},{"@type":"Organization","@id":"https:\/\/www.alveria.it\/#organization","name":"Alveria - Consulting, Training and Solutions","url":"https:\/\/www.alveria.it\/","logo":{"@type":"ImageObject","inLanguage":"fr-FR","@id":"https:\/\/www.alveria.it\/#\/schema\/logo\/image\/","url":"https:\/\/www.alveria.it\/wp-content\/uploads\/2023\/12\/logo_alveria_normal.svg","contentUrl":"https:\/\/www.alveria.it\/wp-content\/uploads\/2023\/12\/logo_alveria_normal.svg","caption":"Alveria - Consulting, Training and Solutions"},"image":{"@id":"https:\/\/www.alveria.it\/#\/schema\/logo\/image\/"}}]}},"_links":{"self":[{"href":"https:\/\/www.alveria.it\/fr\/wp-json\/wp\/v2\/pages\/502","targetHints":{"allow":["GET"]}}],"collection":[{"href":"https:\/\/www.alveria.it\/fr\/wp-json\/wp\/v2\/pages"}],"about":[{"href":"https:\/\/www.alveria.it\/fr\/wp-json\/wp\/v2\/types\/page"}],"author":[{"embeddable":true,"href":"https:\/\/www.alveria.it\/fr\/wp-json\/wp\/v2\/users\/2"}],"replies":[{"embeddable":true,"href":"https:\/\/www.alveria.it\/fr\/wp-json\/wp\/v2\/comments?post=502"}],"version-history":[{"count":2,"href":"https:\/\/www.alveria.it\/fr\/wp-json\/wp\/v2\/pages\/502\/revisions"}],"predecessor-version":[{"id":1530,"href":"https:\/\/www.alveria.it\/fr\/wp-json\/wp\/v2\/pages\/502\/revisions\/1530"}],"up":[{"embeddable":true,"href":"https:\/\/www.alveria.it\/fr\/wp-json\/wp\/v2\/pages\/162"}],"wp:featuredmedia":[{"embeddable":true,"href":"https:\/\/www.alveria.it\/fr\/wp-json\/wp\/v2\/media\/759"}],"wp:attachment":[{"href":"https:\/\/www.alveria.it\/fr\/wp-json\/wp\/v2\/media?parent=502"}],"curies":[{"name":"wp","href":"https:\/\/api.w.org\/{rel}","templated":true}]}}