{"id":482,"date":"2023-09-26T14:34:02","date_gmt":"2023-09-26T14:34:02","guid":{"rendered":"https:\/\/www.alveria.it\/?page_id=482"},"modified":"2024-05-20T14:39:00","modified_gmt":"2024-05-20T14:39:00","slug":"evaluation-de-la-gestion","status":"publish","type":"page","link":"https:\/\/www.alveria.it\/fr\/consulenza\/management-assessment\/","title":{"rendered":"\u00c9VALUATION DE LA GESTION"},"content":{"rendered":"<h3 class=\"title\">L'\u00c9VALUATION DES LACUNES EN MATI\u00c8RE DE COMP\u00c9TENCES :<br \/>\nCONNA\u00ceTRE LES RESSOURCES POUR D\u00c9VELOPPER L'ENTREPRISE<\/h3>\n<p style=\"text-align: center;\">Alveria propose un mod\u00e8le d'\u00e9valuation du management qui vous permet de conna\u00eetre votre <strong>des ressources \u00e0 partir de points de vue multiples <\/strong>afin d'obtenir une image compl\u00e8te du potentiel et des capacit\u00e9s, ainsi que des connaissances et de la mani\u00e8re dont elles sont appliqu\u00e9es dans la pratique.<\/p>\n<p style=\"text-align: center;\">Gr\u00e2ce \u00e0 la collaboration de professionnels exp\u00e9riment\u00e9s issus de diff\u00e9rents domaines de sp\u00e9cialisation, nous mettons \u00e0 votre disposition une \u00e9quipe sp\u00e9cialis\u00e9e pour \u00e9valuer la possession effective des comp\u00e9tences techniques\/fonctionnelles et\/ou transversales\/gestionnaires requises pour exercer la fonction.<\/p>\n<p style=\"text-align: center;\">Pour ce faire, nous disposons d'une multitude d'outils permettant de v\u00e9rifier la possession des comp\u00e9tences et des connaissances requises : <strong>entreprise<\/strong>\u00a0<strong>maisons<\/strong>,\u00a0<strong>tests<\/strong>\u00a0et\u00a0<strong>expos\u00e9s techniques<\/strong>.<\/p>\n<h3 class=\"title\">QUATRE DIMENSIONS DE L'ANALYSE<\/h3>\n<p>Comp\u00e9tences techniques et fonctionnellesCaract\u00e9ristiques et aptitudes personnellesExp\u00e9rience professionnelleMotivation et \u00e9nergie<\/p>\n<p class=\"translation-block\">En combinant la capacit\u00e9 d'utilisation de l'organisation, la motivation et l'\u00e9nergie pour le travail et les comp\u00e9tences personnelles, nous d\u00e9finissons le <strong>potentiel<\/strong> de votre ressource, c'est-\u00e0-dire la probabilit\u00e9 qu'il\/elle occupe des r\u00f4les plus complexes et plus pertinents au fil du temps.<\/p>\n<p>\u00c0 la fin de chaque projet, Alveria fournit un rapport d\u00e9taill\u00e9 sur les ressources individuelles et les principaux ph\u00e9nom\u00e8nes transversaux d\u00e9tect\u00e9s, ainsi que sur le positionnement des ressources par rapport aux principales dimensions d'analyse.<\/p>\n<h3>NOTRE MOD\u00c8LE D'\u00c9VALUATION DE LA GESTION<\/h3>\n<p style=\"text-align: center;\">Un outil d'\u00e9valuation flexible adapt\u00e9 aux besoins et aux dimensions d'\u00e9valuation consid\u00e9r\u00e9es comme essentielles pour votre entreprise :<\/p>\n<h4 class=\"title\">COLLECTION DE CV<\/h4>\n<h4 class=\"title\">QUESTIONNAIRE SUR LES FACTEURS DE PERSONNALIT\u00c9<\/h4>\n<h4 class=\"title\">ESSAIS TECHNIQUES<\/h4>\n<h4 class=\"title\">CENTRE D'\u00c9VALUATION<\/h4>\n<h4 class=\"title\">AUTO-\u00c9VALUATION<\/h4>\n<h4 class=\"title\">\u00c9VALUATION DE LA PERSONNE RESPONSABLE<\/h4>\n<h4 class=\"title\">ENTRETIEN TECHNIQUE ET \u00c9VALUATEUR<\/h4>\n<h4 class=\"title\">REPORTISTIQUES<\/h4>\n<p style=\"text-align: center;\"><strong>Conna\u00eetre ses ressources dans une perspective multi-sources et multi-niveaux est la condition de base pour d\u00e9finir un parcours de d\u00e9veloppement individuel : <\/strong><strong>Nous commen\u00e7ons par examiner les points forts et les points faibles et nous d\u00e9veloppons ensemble une formation ad hoc !<\/strong><\/p>\n<h3 style=\"color: #ffffff; margin: 0px;\">VOUS POURRIEZ \u00caTRE INT\u00c9RESS\u00c9 PAR<\/h3>\n<ul class=\"mfn-list mfn-list-left mfn-list-middle\">\n<li class=\"mfn-list-item\" style=\"counter-set: my-sec-counter 0;\"><span class=\"mfn-list-desc\"><a href=\"https:\/\/www.hcms.it\/fr\/skill-assessment\/\">\u00c9VALUATION DES COMP\u00c9TENCES<\/a><\/span><\/li>\n<li class=\"mfn-list-item\"><span class=\"mfn-list-desc\"><a href=\"https:\/\/www.hcms.it\/fr\/succession-planning\/\">PLANIFICATION DE LA SUCCESSION<\/a><\/span><\/li>\n<li class=\"mfn-list-item\"><span class=\"mfn-list-desc\"><a href=\"https:\/\/www.hcms.it\/fr\/training-management-system\/\">SYST\u00c8ME DE GESTION DE LA FORMATION<\/a><\/span><\/li>\n<\/ul>\n<h6 class=\"title\">CONSEIL, FORMATION \u00c0 LA NUM\u00c9RISATION DES RESSOURCES HUMAINES ET SOLUTIONS D'ENTREPRISE D\u00c9COUVREZ LA M\u00c9THODE ALVERIA ET PR\u00c9PAREZ-VOUS AU CHANGEMENT.<\/h6>\n<p><a class=\"button  button_size_2 button_dark\" title=\"\" href=\"\/fr\/contacts\/\"><span class=\"button_label\">DEMANDER PLUS D'INFORMATIONS<\/span><\/a><\/p>","protected":false},"excerpt":{"rendered":"<p>SKILL GAP ASSESSMENT: CONOSCERE LE RISORSE PER SVILUPPARE IL BUSINESS Alveria propone un modello di management assessment che permette di conoscere le proprie risorse da molteplici<span class=\"excerpt-hellip\"> [\u2026]<\/span><\/p>\n","protected":false},"author":3,"featured_media":690,"parent":125,"menu_order":0,"comment_status":"open","ping_status":"closed","template":"","meta":{"iawp_total_views":77,"footnotes":""},"class_list":["post-482","page","type-page","status-publish","has-post-thumbnail","hentry"],"yoast_head":"<!-- This site is optimized with the Yoast SEO plugin v27.5 - https:\/\/yoast.com\/product\/yoast-seo-wordpress\/ -->\n<title>MANAGEMENT ASSESSMENT<\/title>\n<meta name=\"description\" content=\"Alveria propone un modello di Management Assessment per sviluppare il business, analizzando competenze e motivazioni con strumenti avanzati e report dettagliati.\" \/>\n<meta name=\"robots\" content=\"index, follow, max-snippet:-1, max-image-preview:large, max-video-preview:-1\" \/>\n<link rel=\"canonical\" href=\"https:\/\/www.alveria.it\/fr\/conseil\/evaluation-de-la-gestion\/\" \/>\n<meta property=\"og:locale\" content=\"fr_FR\" \/>\n<meta property=\"og:type\" content=\"article\" \/>\n<meta property=\"og:title\" content=\"MANAGEMENT ASSESSMENT\" \/>\n<meta property=\"og:description\" content=\"Alveria propone un modello di Management Assessment per sviluppare il business, analizzando competenze e motivazioni con strumenti avanzati e report dettagliati.\" \/>\n<meta property=\"og:url\" content=\"https:\/\/www.alveria.it\/fr\/conseil\/evaluation-de-la-gestion\/\" \/>\n<meta property=\"og:site_name\" content=\"Alveria - Consulting, Training and Solutions\" \/>\n<meta property=\"article:modified_time\" content=\"2024-05-20T14:39:00+00:00\" \/>\n<meta property=\"og:image\" content=\"https:\/\/www.alveria.it\/wp-content\/uploads\/2023\/09\/Management-Assessment-virata-1.jpg\" \/>\n\t<meta property=\"og:image:width\" content=\"1920\" \/>\n\t<meta property=\"og:image:height\" content=\"1080\" \/>\n\t<meta property=\"og:image:type\" content=\"image\/jpeg\" \/>\n<meta name=\"twitter:card\" content=\"summary_large_image\" \/>\n<meta name=\"twitter:label1\" content=\"Dur\u00e9e de lecture estim\u00e9e\" \/>\n\t<meta name=\"twitter:data1\" content=\"2 minutes\" \/>\n<script type=\"application\/ld+json\" class=\"yoast-schema-graph\">{\"@context\":\"https:\\\/\\\/schema.org\",\"@graph\":[{\"@type\":\"WebPage\",\"@id\":\"https:\\\/\\\/www.alveria.it\\\/consulenza\\\/management-assessment\\\/\",\"url\":\"https:\\\/\\\/www.alveria.it\\\/consulenza\\\/management-assessment\\\/\",\"name\":\"MANAGEMENT ASSESSMENT\",\"isPartOf\":{\"@id\":\"https:\\\/\\\/www.alveria.it\\\/#website\"},\"primaryImageOfPage\":{\"@id\":\"https:\\\/\\\/www.alveria.it\\\/consulenza\\\/management-assessment\\\/#primaryimage\"},\"image\":{\"@id\":\"https:\\\/\\\/www.alveria.it\\\/consulenza\\\/management-assessment\\\/#primaryimage\"},\"thumbnailUrl\":\"https:\\\/\\\/www.alveria.it\\\/wp-content\\\/uploads\\\/2023\\\/09\\\/Management-Assessment-virata-1.jpg\",\"datePublished\":\"2023-09-26T14:34:02+00:00\",\"dateModified\":\"2024-05-20T14:39:00+00:00\",\"description\":\"Alveria propone un modello di Management Assessment per sviluppare il business, analizzando competenze e motivazioni con strumenti avanzati e report dettagliati.\",\"breadcrumb\":{\"@id\":\"https:\\\/\\\/www.alveria.it\\\/consulenza\\\/management-assessment\\\/#breadcrumb\"},\"inLanguage\":\"fr-FR\",\"potentialAction\":[{\"@type\":\"ReadAction\",\"target\":[\"https:\\\/\\\/www.alveria.it\\\/consulenza\\\/management-assessment\\\/\"]}]},{\"@type\":\"ImageObject\",\"inLanguage\":\"fr-FR\",\"@id\":\"https:\\\/\\\/www.alveria.it\\\/consulenza\\\/management-assessment\\\/#primaryimage\",\"url\":\"https:\\\/\\\/www.alveria.it\\\/wp-content\\\/uploads\\\/2023\\\/09\\\/Management-Assessment-virata-1.jpg\",\"contentUrl\":\"https:\\\/\\\/www.alveria.it\\\/wp-content\\\/uploads\\\/2023\\\/09\\\/Management-Assessment-virata-1.jpg\",\"width\":1920,\"height\":1080},{\"@type\":\"BreadcrumbList\",\"@id\":\"https:\\\/\\\/www.alveria.it\\\/consulenza\\\/management-assessment\\\/#breadcrumb\",\"itemListElement\":[{\"@type\":\"ListItem\",\"position\":1,\"name\":\"Home\",\"item\":\"https:\\\/\\\/www.alveria.it\\\/\"},{\"@type\":\"ListItem\",\"position\":2,\"name\":\"CONSULENZA\",\"item\":\"https:\\\/\\\/www.alveria.it\\\/consulenza\\\/\"},{\"@type\":\"ListItem\",\"position\":3,\"name\":\"MANAGEMENT ASSESSMENT\"}]},{\"@type\":\"WebSite\",\"@id\":\"https:\\\/\\\/www.alveria.it\\\/#website\",\"url\":\"https:\\\/\\\/www.alveria.it\\\/\",\"name\":\"Alveria - Consulting, Training and Solutions\",\"description\":\"Alveria - Consulting, Training and Solutions\",\"publisher\":{\"@id\":\"https:\\\/\\\/www.alveria.it\\\/#organization\"},\"potentialAction\":[{\"@type\":\"SearchAction\",\"target\":{\"@type\":\"EntryPoint\",\"urlTemplate\":\"https:\\\/\\\/www.alveria.it\\\/?s={search_term_string}\"},\"query-input\":{\"@type\":\"PropertyValueSpecification\",\"valueRequired\":true,\"valueName\":\"search_term_string\"}}],\"inLanguage\":\"fr-FR\"},{\"@type\":\"Organization\",\"@id\":\"https:\\\/\\\/www.alveria.it\\\/#organization\",\"name\":\"Alveria - Consulting, Training and Solutions\",\"url\":\"https:\\\/\\\/www.alveria.it\\\/\",\"logo\":{\"@type\":\"ImageObject\",\"inLanguage\":\"fr-FR\",\"@id\":\"https:\\\/\\\/www.alveria.it\\\/#\\\/schema\\\/logo\\\/image\\\/\",\"url\":\"https:\\\/\\\/www.alveria.it\\\/wp-content\\\/uploads\\\/2023\\\/12\\\/logo_alveria_normal.svg\",\"contentUrl\":\"https:\\\/\\\/www.alveria.it\\\/wp-content\\\/uploads\\\/2023\\\/12\\\/logo_alveria_normal.svg\",\"caption\":\"Alveria - Consulting, Training and Solutions\"},\"image\":{\"@id\":\"https:\\\/\\\/www.alveria.it\\\/#\\\/schema\\\/logo\\\/image\\\/\"}}]}<\/script>\n<!-- \/ Yoast SEO plugin. -->","yoast_head_json":{"title":"\u00c9VALUATION DE LA GESTION","description":"Alveria propose un mod\u00e8le d'\u00e9valuation du management pour le d\u00e9veloppement des entreprises, analysant les comp\u00e9tences et les motivations \u00e0 l'aide d'outils avanc\u00e9s et de rapports d\u00e9taill\u00e9s.","robots":{"index":"index","follow":"follow","max-snippet":"max-snippet:-1","max-image-preview":"max-image-preview:large","max-video-preview":"max-video-preview:-1"},"canonical":"https:\/\/www.alveria.it\/fr\/conseil\/evaluation-de-la-gestion\/","og_locale":"fr_FR","og_type":"article","og_title":"MANAGEMENT ASSESSMENT","og_description":"Alveria propone un modello di Management Assessment per sviluppare il business, analizzando competenze e motivazioni con strumenti avanzati e report dettagliati.","og_url":"https:\/\/www.alveria.it\/fr\/conseil\/evaluation-de-la-gestion\/","og_site_name":"Alveria - Consulting, Training and Solutions","article_modified_time":"2024-05-20T14:39:00+00:00","og_image":[{"width":1920,"height":1080,"url":"https:\/\/www.alveria.it\/wp-content\/uploads\/2023\/09\/Management-Assessment-virata-1.jpg","type":"image\/jpeg"}],"twitter_card":"summary_large_image","twitter_misc":{"Dur\u00e9e de lecture estim\u00e9e":"2 minutes"},"schema":{"@context":"https:\/\/schema.org","@graph":[{"@type":"WebPage","@id":"https:\/\/www.alveria.it\/consulenza\/management-assessment\/","url":"https:\/\/www.alveria.it\/consulenza\/management-assessment\/","name":"\u00c9VALUATION DE LA GESTION","isPartOf":{"@id":"https:\/\/www.alveria.it\/#website"},"primaryImageOfPage":{"@id":"https:\/\/www.alveria.it\/consulenza\/management-assessment\/#primaryimage"},"image":{"@id":"https:\/\/www.alveria.it\/consulenza\/management-assessment\/#primaryimage"},"thumbnailUrl":"https:\/\/www.alveria.it\/wp-content\/uploads\/2023\/09\/Management-Assessment-virata-1.jpg","datePublished":"2023-09-26T14:34:02+00:00","dateModified":"2024-05-20T14:39:00+00:00","description":"Alveria propose un mod\u00e8le d'\u00e9valuation du management pour le d\u00e9veloppement des entreprises, analysant les comp\u00e9tences et les motivations \u00e0 l'aide d'outils avanc\u00e9s et de rapports d\u00e9taill\u00e9s.","breadcrumb":{"@id":"https:\/\/www.alveria.it\/consulenza\/management-assessment\/#breadcrumb"},"inLanguage":"fr-FR","potentialAction":[{"@type":"ReadAction","target":["https:\/\/www.alveria.it\/consulenza\/management-assessment\/"]}]},{"@type":"ImageObject","inLanguage":"fr-FR","@id":"https:\/\/www.alveria.it\/consulenza\/management-assessment\/#primaryimage","url":"https:\/\/www.alveria.it\/wp-content\/uploads\/2023\/09\/Management-Assessment-virata-1.jpg","contentUrl":"https:\/\/www.alveria.it\/wp-content\/uploads\/2023\/09\/Management-Assessment-virata-1.jpg","width":1920,"height":1080},{"@type":"BreadcrumbList","@id":"https:\/\/www.alveria.it\/consulenza\/management-assessment\/#breadcrumb","itemListElement":[{"@type":"ListItem","position":1,"name":"Home","item":"https:\/\/www.alveria.it\/"},{"@type":"ListItem","position":2,"name":"CONSULENZA","item":"https:\/\/www.alveria.it\/consulenza\/"},{"@type":"ListItem","position":3,"name":"MANAGEMENT ASSESSMENT"}]},{"@type":"WebSite","@id":"https:\/\/www.alveria.it\/#website","url":"https:\/\/www.alveria.it\/","name":"Alveria - Conseil, formation et solutions","description":"Alveria - Conseil, formation et solutions","publisher":{"@id":"https:\/\/www.alveria.it\/#organization"},"potentialAction":[{"@type":"SearchAction","target":{"@type":"EntryPoint","urlTemplate":"https:\/\/www.alveria.it\/?s={search_term_string}"},"query-input":{"@type":"PropertyValueSpecification","valueRequired":true,"valueName":"search_term_string"}}],"inLanguage":"fr-FR"},{"@type":"Organization","@id":"https:\/\/www.alveria.it\/#organization","name":"Alveria - Conseil, formation et solutions","url":"https:\/\/www.alveria.it\/","logo":{"@type":"ImageObject","inLanguage":"fr-FR","@id":"https:\/\/www.alveria.it\/#\/schema\/logo\/image\/","url":"https:\/\/www.alveria.it\/wp-content\/uploads\/2023\/12\/logo_alveria_normal.svg","contentUrl":"https:\/\/www.alveria.it\/wp-content\/uploads\/2023\/12\/logo_alveria_normal.svg","caption":"Alveria - Consulting, Training and Solutions"},"image":{"@id":"https:\/\/www.alveria.it\/#\/schema\/logo\/image\/"}}]}},"_links":{"self":[{"href":"https:\/\/www.alveria.it\/fr\/wp-json\/wp\/v2\/pages\/482","targetHints":{"allow":["GET"]}}],"collection":[{"href":"https:\/\/www.alveria.it\/fr\/wp-json\/wp\/v2\/pages"}],"about":[{"href":"https:\/\/www.alveria.it\/fr\/wp-json\/wp\/v2\/types\/page"}],"author":[{"embeddable":true,"href":"https:\/\/www.alveria.it\/fr\/wp-json\/wp\/v2\/users\/3"}],"replies":[{"embeddable":true,"href":"https:\/\/www.alveria.it\/fr\/wp-json\/wp\/v2\/comments?post=482"}],"version-history":[{"count":2,"href":"https:\/\/www.alveria.it\/fr\/wp-json\/wp\/v2\/pages\/482\/revisions"}],"predecessor-version":[{"id":1428,"href":"https:\/\/www.alveria.it\/fr\/wp-json\/wp\/v2\/pages\/482\/revisions\/1428"}],"up":[{"embeddable":true,"href":"https:\/\/www.alveria.it\/fr\/wp-json\/wp\/v2\/pages\/125"}],"wp:featuredmedia":[{"embeddable":true,"href":"https:\/\/www.alveria.it\/fr\/wp-json\/wp\/v2\/media\/690"}],"wp:attachment":[{"href":"https:\/\/www.alveria.it\/fr\/wp-json\/wp\/v2\/media?parent=482"}],"curies":[{"name":"wp","href":"https:\/\/api.w.org\/{rel}","templated":true}]}}