{"id":458,"date":"2023-09-26T12:42:22","date_gmt":"2023-09-26T12:42:22","guid":{"rendered":"https:\/\/www.alveria.it\/?page_id=458"},"modified":"2024-05-21T11:49:25","modified_gmt":"2024-05-21T11:49:25","slug":"la-communication-verbale-et-non-verbale","status":"publish","type":"page","link":"https:\/\/www.alveria.it\/fr\/formation\/les-personnes-et-le-developpement-managerial-162\/communication-avec-le-public-et-les-entreprises\/la-communication-verbale-et-non-verbale\/","title":{"rendered":"LA COMMUNICATION VERBALE ET NON VERBALE"},"content":{"rendered":"<p>LA COMMUNICATION VERBALE ET NON VERBALE<\/p>\n<p>[aioseo_breadcrumbs]<\/p>\n<ul>\n<li>| EN PR\u00c9SENCE ET EN LIGNE<\/li>\n<li>COMP\u00c9TENCES DE BASE<\/li>\n<li>2 MODULES<\/li>\n<\/ul>\n<h3 class=\"title\">COMMENT INTERPR\u00c9TER LES MESSAGES CORPORELS ? COMMENT COMPRENDRE LES GESTES ET LES ATTITUDES NON VERBALES POUR COMPRENDRE L'AUTRE AU PREMIER COUP D'\u0152IL ?<\/h3>\n<h3 class=\"title\">OBJECTIFS<\/h3>\n<p style=\"text-align: center;\">La posture du corps, l'attitude, les mouvements des membres, les expressions faciales ne sont que quelques-uns des actes de communication que nous accomplissons au cours de nos conversations. Ces actes ont des caract\u00e9ristiques pr\u00e9cises <strong>valeur communicative<\/strong> qui reste souvent<strong> au niveau subconscient<\/strong>. Or, ce sont pr\u00e9cis\u00e9ment ces derniers qui v\u00e9hiculent la majeure partie de notre message. En prenant conscience de ce \"langage\", nous disposons d'un excellent outil pour devenir des communicateurs efficaces capables de <strong>La lecture au-del\u00e0 des mots<\/strong> et capables d'empathie avec les personnes qui nous entourent.<\/p>\n<h3>PROGRAMME<\/h3>\n<p style=\"text-align: left;\"><strong>Module 1<\/strong><\/p>\n<ul class=\"mfn-list mfn-list-left mfn-list-middle\">\n<li class=\"mfn-list-item\" style=\"counter-set: my-sec-counter 0;\"><span class=\"mfn-list-desc\">Communication : savoir communiquer efficacement<\/span><\/li>\n<li class=\"mfn-list-item\"><span class=\"mfn-list-desc\">Communication verbale : le pouvoir de la parole, la persuasion<\/span><\/li>\n<li class=\"mfn-list-item\"><span class=\"mfn-list-desc\">Communication non verbale : lire le langage corporel<\/span><\/li>\n<\/ul>\n<p style=\"text-align: left;\"><strong>Module 2<\/strong><\/p>\n<ul class=\"mfn-list mfn-list-left mfn-list-middle\">\n<li class=\"mfn-list-item\" style=\"counter-set: my-sec-counter 0;\"><span class=\"mfn-list-desc\">Communication paraverbale : regard, ton de la voix, v\u00eatements et image de soi<\/span><\/li>\n<li class=\"mfn-list-item\"><span class=\"mfn-list-desc\">Prox\u00e9mique : g\u00e9rer l'espace environnant dans la conversation et la relation.<\/span><\/li>\n<\/ul>\n<h3 class=\"title\">P\u00c9DAGOGIE<\/h3>\n<p style=\"text-align: center;\">Le cours est tr\u00e8s pratique. La didactique voit l'alternance continue de moments th\u00e9oriques et pratiques avec des jeux de r\u00f4le, des simulations et des exercices.<\/p>\n<h3 class=\"title\">RECIPIENTS<\/h3>\n<p style=\"text-align: center;\">Le cours est ouvert \u00e0 tous ceux qui ont besoin ou souhaitent approfondir et d\u00e9velopper les comportements \u00e0 adopter pour asseoir leur autorit\u00e9 et veulent, en particulier, approfondir leur connaissance du langage corporel et des m\u00e9taprogrammes qui influencent la mani\u00e8re dont ils interagissent avec les autres.<\/p>\n<h3 class=\"title\">MAT\u00c9RIEL DE FORMATION<\/h3>\n<p style=\"text-align: center;\">Conf\u00e9rences vid\u00e9o et mat\u00e9riel p\u00e9dagogique<\/p>\n<h6 class=\"title\"><a href=\"https:\/\/www.hcms.it\/contatti\/\">CONSULTATION<\/a>HR DIGITISATION TRAINING AND BUSINESS SOLUTIONS D\u00c9COUVREZ LA M\u00c9THODE ALVERIA ET PR\u00c9PAREZ-VOUS AU CHANGEMENT.<\/h6>\n<p><a class=\"button  button_size_2 button_dark\" title=\"\" href=\"\/fr\/contacts\/\"><span class=\"button_label\">DEMANDER PLUS D'INFORMATIONS<\/span><\/a><\/p>","protected":false},"excerpt":{"rendered":"<p>COMUNICAZIONE VERBALE E NON VERBALE [aioseo_breadcrumbs] | IN PRESENZA E ONLINE COMPETENZE BASE 2 MODULI COME INTERPRETARE I MESSAGGI DEL CORPO? COME COMPRENDERE GESTI E ATTEGGIAMENTI<span class=\"excerpt-hellip\"> [...]<\/span><\/p>","protected":false},"author":2,"featured_media":754,"parent":167,"menu_order":0,"comment_status":"open","ping_status":"closed","template":"","meta":{"iawp_total_views":53,"footnotes":""},"class_list":["post-458","page","type-page","status-publish","has-post-thumbnail","hentry"],"yoast_head":"<!-- This site is optimized with the Yoast SEO plugin v25.1 - https:\/\/yoast.com\/wordpress\/plugins\/seo\/ -->\n<title>COMUNICAZIONE VERBALE E NON VERBALE<\/title>\n<meta name=\"description\" content=\"Scopri il corso di Comunicazione Verbale e Non Verbale di Alveria: impara a leggere il linguaggio del corpo e migliorare la tua comunicazione.\" \/>\n<meta name=\"robots\" content=\"index, follow, max-snippet:-1, max-image-preview:large, max-video-preview:-1\" \/>\n<link rel=\"canonical\" href=\"https:\/\/www.alveria.it\/fr\/formation\/le-developpement-du-personnel-et-de-lencadrement\/communication-avec-le-public-et-les-entreprises\/la-communication-verbale-et-non-verbale\/\" \/>\n<meta property=\"og:locale\" content=\"fr_FR\" \/>\n<meta property=\"og:type\" content=\"article\" \/>\n<meta property=\"og:title\" content=\"COMUNICAZIONE VERBALE E NON VERBALE\" \/>\n<meta property=\"og:description\" content=\"Scopri il corso di Comunicazione Verbale e Non Verbale di Alveria: impara a leggere il linguaggio del corpo e migliorare la tua comunicazione.\" \/>\n<meta property=\"og:url\" content=\"https:\/\/www.alveria.it\/fr\/formation\/le-developpement-du-personnel-et-de-lencadrement\/communication-avec-le-public-et-les-entreprises\/la-communication-verbale-et-non-verbale\/\" \/>\n<meta property=\"og:site_name\" content=\"Alveria - Consulting, Training and Solutions\" \/>\n<meta property=\"article:modified_time\" content=\"2024-05-21T11:49:25+00:00\" \/>\n<meta property=\"og:image\" content=\"https:\/\/www.alveria.it\/wp-content\/uploads\/2023\/09\/Comunicazione-verbale-non-virata.jpg\" \/>\n\t<meta property=\"og:image:width\" content=\"1920\" \/>\n\t<meta property=\"og:image:height\" content=\"1080\" \/>\n\t<meta property=\"og:image:type\" content=\"image\/jpeg\" \/>\n<meta name=\"twitter:card\" content=\"summary_large_image\" \/>\n<meta name=\"twitter:label1\" content=\"Dur\u00e9e de lecture estim\u00e9e\" \/>\n\t<meta name=\"twitter:data1\" content=\"2 minutes\" \/>\n<script type=\"application\/ld+json\" class=\"yoast-schema-graph\">{\"@context\":\"https:\/\/schema.org\",\"@graph\":[{\"@type\":\"WebPage\",\"@id\":\"https:\/\/www.alveria.it\/formazione\/people-e-managerial-development\/comunicazione-pubblica-e-di-impresa\/comunicazione-verbale-e-non-verbale\/\",\"url\":\"https:\/\/www.alveria.it\/formazione\/people-e-managerial-development\/comunicazione-pubblica-e-di-impresa\/comunicazione-verbale-e-non-verbale\/\",\"name\":\"COMUNICAZIONE VERBALE E NON VERBALE\",\"isPartOf\":{\"@id\":\"https:\/\/www.alveria.it\/#website\"},\"primaryImageOfPage\":{\"@id\":\"https:\/\/www.alveria.it\/formazione\/people-e-managerial-development\/comunicazione-pubblica-e-di-impresa\/comunicazione-verbale-e-non-verbale\/#primaryimage\"},\"image\":{\"@id\":\"https:\/\/www.alveria.it\/formazione\/people-e-managerial-development\/comunicazione-pubblica-e-di-impresa\/comunicazione-verbale-e-non-verbale\/#primaryimage\"},\"thumbnailUrl\":\"https:\/\/www.alveria.it\/wp-content\/uploads\/2023\/09\/Comunicazione-verbale-non-virata.jpg\",\"datePublished\":\"2023-09-26T12:42:22+00:00\",\"dateModified\":\"2024-05-21T11:49:25+00:00\",\"description\":\"Scopri il corso di Comunicazione Verbale e Non Verbale di Alveria: impara a leggere il linguaggio del corpo e migliorare la tua comunicazione.\",\"breadcrumb\":{\"@id\":\"https:\/\/www.alveria.it\/formazione\/people-e-managerial-development\/comunicazione-pubblica-e-di-impresa\/comunicazione-verbale-e-non-verbale\/#breadcrumb\"},\"inLanguage\":\"fr-FR\",\"potentialAction\":[{\"@type\":\"ReadAction\",\"target\":[\"https:\/\/www.alveria.it\/formazione\/people-e-managerial-development\/comunicazione-pubblica-e-di-impresa\/comunicazione-verbale-e-non-verbale\/\"]}]},{\"@type\":\"ImageObject\",\"inLanguage\":\"fr-FR\",\"@id\":\"https:\/\/www.alveria.it\/formazione\/people-e-managerial-development\/comunicazione-pubblica-e-di-impresa\/comunicazione-verbale-e-non-verbale\/#primaryimage\",\"url\":\"https:\/\/www.alveria.it\/wp-content\/uploads\/2023\/09\/Comunicazione-verbale-non-virata.jpg\",\"contentUrl\":\"https:\/\/www.alveria.it\/wp-content\/uploads\/2023\/09\/Comunicazione-verbale-non-virata.jpg\",\"width\":1920,\"height\":1080},{\"@type\":\"BreadcrumbList\",\"@id\":\"https:\/\/www.alveria.it\/formazione\/people-e-managerial-development\/comunicazione-pubblica-e-di-impresa\/comunicazione-verbale-e-non-verbale\/#breadcrumb\",\"itemListElement\":[{\"@type\":\"ListItem\",\"position\":1,\"name\":\"Home\",\"item\":\"https:\/\/www.alveria.it\/\"},{\"@type\":\"ListItem\",\"position\":2,\"name\":\"FORMAZIONE\",\"item\":\"https:\/\/www.alveria.it\/formazione\/\"},{\"@type\":\"ListItem\",\"position\":3,\"name\":\"PEOPLE E MANAGERIAL DEVELOPMENT\",\"item\":\"https:\/\/www.alveria.it\/formazione\/people-e-managerial-development\/\"},{\"@type\":\"ListItem\",\"position\":4,\"name\":\"COMUNICAZIONE PUBBLICA E DI IMPRESA\",\"item\":\"https:\/\/www.alveria.it\/formazione\/people-e-managerial-development\/comunicazione-pubblica-e-di-impresa\/\"},{\"@type\":\"ListItem\",\"position\":5,\"name\":\"COMUNICAZIONE VERBALE E NON VERBALE\"}]},{\"@type\":\"WebSite\",\"@id\":\"https:\/\/www.alveria.it\/#website\",\"url\":\"https:\/\/www.alveria.it\/\",\"name\":\"Alveria - Consulting, Training and Solutions\",\"description\":\"Alveria - Consulting, Training and Solutions\",\"publisher\":{\"@id\":\"https:\/\/www.alveria.it\/#organization\"},\"potentialAction\":[{\"@type\":\"SearchAction\",\"target\":{\"@type\":\"EntryPoint\",\"urlTemplate\":\"https:\/\/www.alveria.it\/?s={search_term_string}\"},\"query-input\":{\"@type\":\"PropertyValueSpecification\",\"valueRequired\":true,\"valueName\":\"search_term_string\"}}],\"inLanguage\":\"fr-FR\"},{\"@type\":\"Organization\",\"@id\":\"https:\/\/www.alveria.it\/#organization\",\"name\":\"Alveria - Consulting, Training and Solutions\",\"url\":\"https:\/\/www.alveria.it\/\",\"logo\":{\"@type\":\"ImageObject\",\"inLanguage\":\"fr-FR\",\"@id\":\"https:\/\/www.alveria.it\/#\/schema\/logo\/image\/\",\"url\":\"https:\/\/www.alveria.it\/wp-content\/uploads\/2023\/12\/logo_alveria_normal.svg\",\"contentUrl\":\"https:\/\/www.alveria.it\/wp-content\/uploads\/2023\/12\/logo_alveria_normal.svg\",\"caption\":\"Alveria - Consulting, Training and Solutions\"},\"image\":{\"@id\":\"https:\/\/www.alveria.it\/#\/schema\/logo\/image\/\"}}]}<\/script>\n<!-- \/ Yoast SEO plugin. -->","yoast_head_json":{"title":"COMUNICAZIONE VERBALE E NON VERBALE","description":"Scopri il corso di Comunicazione Verbale e Non Verbale di Alveria: impara a leggere il linguaggio del corpo e migliorare la tua comunicazione.","robots":{"index":"index","follow":"follow","max-snippet":"max-snippet:-1","max-image-preview":"max-image-preview:large","max-video-preview":"max-video-preview:-1"},"canonical":"https:\/\/www.alveria.it\/fr\/formation\/le-developpement-du-personnel-et-de-lencadrement\/communication-avec-le-public-et-les-entreprises\/la-communication-verbale-et-non-verbale\/","og_locale":"fr_FR","og_type":"article","og_title":"COMUNICAZIONE VERBALE E NON VERBALE","og_description":"Scopri il corso di Comunicazione Verbale e Non Verbale di Alveria: impara a leggere il linguaggio del corpo e migliorare la tua comunicazione.","og_url":"https:\/\/www.alveria.it\/fr\/formation\/le-developpement-du-personnel-et-de-lencadrement\/communication-avec-le-public-et-les-entreprises\/la-communication-verbale-et-non-verbale\/","og_site_name":"Alveria - Consulting, Training and Solutions","article_modified_time":"2024-05-21T11:49:25+00:00","og_image":[{"width":1920,"height":1080,"url":"https:\/\/www.alveria.it\/wp-content\/uploads\/2023\/09\/Comunicazione-verbale-non-virata.jpg","type":"image\/jpeg"}],"twitter_card":"summary_large_image","twitter_misc":{"Dur\u00e9e de lecture estim\u00e9e":"2 minutes"},"schema":{"@context":"https:\/\/schema.org","@graph":[{"@type":"WebPage","@id":"https:\/\/www.alveria.it\/formazione\/people-e-managerial-development\/comunicazione-pubblica-e-di-impresa\/comunicazione-verbale-e-non-verbale\/","url":"https:\/\/www.alveria.it\/formazione\/people-e-managerial-development\/comunicazione-pubblica-e-di-impresa\/comunicazione-verbale-e-non-verbale\/","name":"COMUNICAZIONE VERBALE E NON VERBALE","isPartOf":{"@id":"https:\/\/www.alveria.it\/#website"},"primaryImageOfPage":{"@id":"https:\/\/www.alveria.it\/formazione\/people-e-managerial-development\/comunicazione-pubblica-e-di-impresa\/comunicazione-verbale-e-non-verbale\/#primaryimage"},"image":{"@id":"https:\/\/www.alveria.it\/formazione\/people-e-managerial-development\/comunicazione-pubblica-e-di-impresa\/comunicazione-verbale-e-non-verbale\/#primaryimage"},"thumbnailUrl":"https:\/\/www.alveria.it\/wp-content\/uploads\/2023\/09\/Comunicazione-verbale-non-virata.jpg","datePublished":"2023-09-26T12:42:22+00:00","dateModified":"2024-05-21T11:49:25+00:00","description":"Scopri il corso di Comunicazione Verbale e Non Verbale di Alveria: impara a leggere il linguaggio del corpo e migliorare la tua comunicazione.","breadcrumb":{"@id":"https:\/\/www.alveria.it\/formazione\/people-e-managerial-development\/comunicazione-pubblica-e-di-impresa\/comunicazione-verbale-e-non-verbale\/#breadcrumb"},"inLanguage":"fr-FR","potentialAction":[{"@type":"ReadAction","target":["https:\/\/www.alveria.it\/formazione\/people-e-managerial-development\/comunicazione-pubblica-e-di-impresa\/comunicazione-verbale-e-non-verbale\/"]}]},{"@type":"ImageObject","inLanguage":"fr-FR","@id":"https:\/\/www.alveria.it\/formazione\/people-e-managerial-development\/comunicazione-pubblica-e-di-impresa\/comunicazione-verbale-e-non-verbale\/#primaryimage","url":"https:\/\/www.alveria.it\/wp-content\/uploads\/2023\/09\/Comunicazione-verbale-non-virata.jpg","contentUrl":"https:\/\/www.alveria.it\/wp-content\/uploads\/2023\/09\/Comunicazione-verbale-non-virata.jpg","width":1920,"height":1080},{"@type":"BreadcrumbList","@id":"https:\/\/www.alveria.it\/formazione\/people-e-managerial-development\/comunicazione-pubblica-e-di-impresa\/comunicazione-verbale-e-non-verbale\/#breadcrumb","itemListElement":[{"@type":"ListItem","position":1,"name":"Home","item":"https:\/\/www.alveria.it\/"},{"@type":"ListItem","position":2,"name":"FORMAZIONE","item":"https:\/\/www.alveria.it\/formazione\/"},{"@type":"ListItem","position":3,"name":"PEOPLE E MANAGERIAL DEVELOPMENT","item":"https:\/\/www.alveria.it\/formazione\/people-e-managerial-development\/"},{"@type":"ListItem","position":4,"name":"COMUNICAZIONE PUBBLICA E DI IMPRESA","item":"https:\/\/www.alveria.it\/formazione\/people-e-managerial-development\/comunicazione-pubblica-e-di-impresa\/"},{"@type":"ListItem","position":5,"name":"COMUNICAZIONE VERBALE E NON VERBALE"}]},{"@type":"WebSite","@id":"https:\/\/www.alveria.it\/#website","url":"https:\/\/www.alveria.it\/","name":"Alveria - Consulting, Training and Solutions","description":"Alveria - Consulting, Training and Solutions","publisher":{"@id":"https:\/\/www.alveria.it\/#organization"},"potentialAction":[{"@type":"SearchAction","target":{"@type":"EntryPoint","urlTemplate":"https:\/\/www.alveria.it\/?s={search_term_string}"},"query-input":{"@type":"PropertyValueSpecification","valueRequired":true,"valueName":"search_term_string"}}],"inLanguage":"fr-FR"},{"@type":"Organization","@id":"https:\/\/www.alveria.it\/#organization","name":"Alveria - Consulting, Training and Solutions","url":"https:\/\/www.alveria.it\/","logo":{"@type":"ImageObject","inLanguage":"fr-FR","@id":"https:\/\/www.alveria.it\/#\/schema\/logo\/image\/","url":"https:\/\/www.alveria.it\/wp-content\/uploads\/2023\/12\/logo_alveria_normal.svg","contentUrl":"https:\/\/www.alveria.it\/wp-content\/uploads\/2023\/12\/logo_alveria_normal.svg","caption":"Alveria - Consulting, Training and Solutions"},"image":{"@id":"https:\/\/www.alveria.it\/#\/schema\/logo\/image\/"}}]}},"_links":{"self":[{"href":"https:\/\/www.alveria.it\/fr\/wp-json\/wp\/v2\/pages\/458","targetHints":{"allow":["GET"]}}],"collection":[{"href":"https:\/\/www.alveria.it\/fr\/wp-json\/wp\/v2\/pages"}],"about":[{"href":"https:\/\/www.alveria.it\/fr\/wp-json\/wp\/v2\/types\/page"}],"author":[{"embeddable":true,"href":"https:\/\/www.alveria.it\/fr\/wp-json\/wp\/v2\/users\/2"}],"replies":[{"embeddable":true,"href":"https:\/\/www.alveria.it\/fr\/wp-json\/wp\/v2\/comments?post=458"}],"version-history":[{"count":2,"href":"https:\/\/www.alveria.it\/fr\/wp-json\/wp\/v2\/pages\/458\/revisions"}],"predecessor-version":[{"id":1481,"href":"https:\/\/www.alveria.it\/fr\/wp-json\/wp\/v2\/pages\/458\/revisions\/1481"}],"up":[{"embeddable":true,"href":"https:\/\/www.alveria.it\/fr\/wp-json\/wp\/v2\/pages\/167"}],"wp:featuredmedia":[{"embeddable":true,"href":"https:\/\/www.alveria.it\/fr\/wp-json\/wp\/v2\/media\/754"}],"wp:attachment":[{"href":"https:\/\/www.alveria.it\/fr\/wp-json\/wp\/v2\/media?parent=458"}],"curies":[{"name":"wp","href":"https:\/\/api.w.org\/{rel}","templated":true}]}}