{"id":456,"date":"2023-09-26T12:41:12","date_gmt":"2023-09-26T12:41:12","guid":{"rendered":"https:\/\/www.alveria.it\/?page_id=456"},"modified":"2024-05-21T11:50:03","modified_gmt":"2024-05-21T11:50:03","slug":"la-prise-de-parole-en-public-et-la-presentation-daffaires","status":"publish","type":"page","link":"https:\/\/www.alveria.it\/fr\/formazione\/people-e-managerial-development-162\/comunicazione-pubblica-e-di-impresa\/public-speaking-e-business-presentation\/","title":{"rendered":"LA PRISE DE PAROLE EN PUBLIC ET LA PR\u00c9SENTATION D'AFFAIRES"},"content":{"rendered":"<p>PUBLIC SPEAKING E BUSINESS PRESENTATION<\/p>\n<p>[aioseo_breadcrumbs]<\/p>\n<ul>\n<li>| IN PRESENZA E ONLINE<\/li>\n<li>COMPETENZE INTERMEDIE<\/li>\n<li>5 MODULI<\/li>\n<\/ul>\n<h3 class=\"title\">L\u2019ARTE DI SAPERE PARLARE E LA CONQUISTA DEL PUBBLICO<\/h3>\n<h3 class=\"title\">OBIETTIVI<\/h3>\n<p style=\"text-align: center;\">Il corso ha l&#8217;obiettivo di far conoscere ai partecipanti <strong>gli strumenti per un\u2019efficace comunicazione in pubblico<\/strong>, sperimentando e acquisendo modelli particolarmente significativi ed efficaci, sia all\u2019interno che all\u2019esterno della propria organizzazione.<\/p>\n<h3>PROGRAMMA<\/h3>\n<p style=\"text-align: left;\"><strong>Modulo 1<\/strong><\/p>\n<ul class=\"mfn-list mfn-list-left mfn-list-middle\">\n<li class=\"mfn-list-item\" style=\"counter-set: my-sec-counter 0;\"><span class=\"mfn-list-desc\">Autodiagnosi del comportamento comunicativo<\/span><\/li>\n<li class=\"mfn-list-item\"><span class=\"mfn-list-desc\">Gli obiettivi di miglioramento dell\u2019efficacia personale<\/span><\/li>\n<li class=\"mfn-list-item\"><span class=\"mfn-list-desc\">Comunicazione verbale e non verbale: tecniche comportamentali<\/span><\/li>\n<\/ul>\n<p style=\"text-align: left;\"><strong>Modulo 2<\/strong><\/p>\n<ul class=\"mfn-list mfn-list-left mfn-list-middle\">\n<li class=\"mfn-list-item\" style=\"counter-set: my-sec-counter 0;\"><span class=\"mfn-list-desc\">Trasparenza e \u201cself-confidence\u201d<\/span><\/li>\n<li class=\"mfn-list-item\"><span class=\"mfn-list-desc\">Come controllare l\u2019ansia e gestire in modo positivo lo stress emotivo in occasione della presentazione<\/span><\/li>\n<li class=\"mfn-list-item\"><span class=\"mfn-list-desc\">Le tecniche di public speaking<\/span><\/li>\n<\/ul>\n<p style=\"text-align: left;\"><strong>Modulo 3<\/strong><\/p>\n<ul class=\"mfn-list mfn-list-left mfn-list-middle\">\n<li class=\"mfn-list-item\" style=\"counter-set: my-sec-counter 0;\"><span class=\"mfn-list-desc\">Come aprire e chiudere un discorso<\/span><\/li>\n<li class=\"mfn-list-item\"><span class=\"mfn-list-desc\">Come mantenere alto l\u2019audience di ascolto<\/span><\/li>\n<li class=\"mfn-list-item\"><span class=\"mfn-list-desc\">Selezione dei contenuti, scelta dei punti chiave e tools di presentazione<\/span><\/li>\n<\/ul>\n<p style=\"text-align: left;\"><strong>Modulo 4<\/strong><\/p>\n<ul class=\"mfn-list mfn-list-left mfn-list-middle\">\n<li class=\"mfn-list-item\" style=\"counter-set: my-sec-counter 0;\"><span class=\"mfn-list-desc\">Struttura e sequenza della comunicazione<\/span><\/li>\n<li class=\"mfn-list-item\"><span class=\"mfn-list-desc\">Corpo e linguaggio nella comunicazione<\/span><\/li>\n<li class=\"mfn-list-item\"><span class=\"mfn-list-desc\">Interpretazione, creativit\u00e0 ed emotivit\u00e0<\/span><\/li>\n<\/ul>\n<p style=\"text-align: left;\"><strong>Modulo 5<\/strong><\/p>\n<ul class=\"mfn-list mfn-list-left mfn-list-middle\">\n<li class=\"mfn-list-item\" style=\"counter-set: my-sec-counter 0;\"><span class=\"mfn-list-desc\">L\u2019uso della voce<\/span><\/li>\n<li class=\"mfn-list-item\"><span class=\"mfn-list-desc\">Organizzare i contenuti della presentazione<\/span><\/li>\n<li class=\"mfn-list-item\"><span class=\"mfn-list-desc\">Strutturare e realizzare la business presentation<\/span><\/li>\n<\/ul>\n<h3 class=\"title\">PEDAGOGIA<\/h3>\n<p style=\"text-align: center;\">Il corso \u00e8 altamente esercitativo. La didattica vede la continua alternanza di momenti teorici e momenti pratici con role-play, simulazioni, esercitazioni.<\/p>\n<h3 class=\"title\">DESTINATARI<\/h3>\n<p style=\"text-align: center;\"><strong>Manager<\/strong>\u00a0ed\u00a0<strong>Operatori di organizzazioni<\/strong> private e pubbliche<\/p>\n<h3 class=\"title\">MATERIALI FORMATIVI<\/h3>\n<p style=\"text-align: center;\">Video lezioni e materiali d\u2019aula<\/p>\n<h6 class=\"title\"><a href=\"https:\/\/www.hcms.it\/contatti\/\">CONSULENZA<\/a>, FORMAZIONE DIGITALIZZAZIONE HR E SOLUZIONI AZIENDALI SCOPRI IL METODO ALVERIA E PREPARATI AL CAMBIAMENTO.<\/h6>\n<p><a class=\"button  button_size_2 button_dark\" title=\"\" href=\"\/contatti\/\"><span class=\"button_label\">RICHIEDI MAGGIORI INFORMAZIONI<\/span><\/a><\/p>\n","protected":false},"excerpt":{"rendered":"<p>PUBLIC SPEAKING E BUSINESS PRESENTATION [aioseo_breadcrumbs] | IN PRESENZA E ONLINE COMPETENZE INTERMEDIE 5 MODULI L\u2019ARTE DI SAPERE PARLARE E LA CONQUISTA DEL PUBBLICO OBIETTIVI Il<span class=\"excerpt-hellip\"> [\u2026]<\/span><\/p>\n","protected":false},"author":2,"featured_media":753,"parent":167,"menu_order":0,"comment_status":"open","ping_status":"closed","template":"","meta":{"iawp_total_views":26,"footnotes":""},"class_list":["post-456","page","type-page","status-publish","has-post-thumbnail","hentry"],"yoast_head":"<!-- This site is optimized with the Yoast SEO plugin v27.5 - https:\/\/yoast.com\/product\/yoast-seo-wordpress\/ -->\n<title>PUBLIC SPEAKING E BUSINESS PRESENTATION<\/title>\n<meta name=\"description\" content=\"Scopri il corso di Public Speaking e Business Presentation di Alveria: tecniche avanzate per comunicare e presentare con efficacia.\" \/>\n<meta name=\"robots\" content=\"index, follow, max-snippet:-1, max-image-preview:large, max-video-preview:-1\" \/>\n<link rel=\"canonical\" href=\"https:\/\/www.alveria.it\/fr\/formation\/le-developpement-du-personnel-et-de-lencadrement\/communication-avec-le-public-et-les-entreprises\/la-prise-de-parole-en-public-et-la-presentation-daffaires\/\" \/>\n<meta property=\"og:locale\" content=\"fr_FR\" \/>\n<meta property=\"og:type\" content=\"article\" \/>\n<meta property=\"og:title\" content=\"PUBLIC SPEAKING E BUSINESS PRESENTATION\" \/>\n<meta property=\"og:description\" content=\"Scopri il corso di Public Speaking e Business Presentation di Alveria: tecniche avanzate per comunicare e presentare con efficacia.\" \/>\n<meta property=\"og:url\" content=\"https:\/\/www.alveria.it\/fr\/formation\/le-developpement-du-personnel-et-de-lencadrement\/communication-avec-le-public-et-les-entreprises\/la-prise-de-parole-en-public-et-la-presentation-daffaires\/\" \/>\n<meta property=\"og:site_name\" content=\"Alveria - Consulting, Training and Solutions\" \/>\n<meta property=\"article:modified_time\" content=\"2024-05-21T11:50:03+00:00\" \/>\n<meta property=\"og:image\" content=\"https:\/\/www.alveria.it\/wp-content\/uploads\/2023\/09\/public-speaking-business-presentation-virata.jpg\" \/>\n\t<meta property=\"og:image:width\" content=\"1920\" \/>\n\t<meta property=\"og:image:height\" content=\"1080\" \/>\n\t<meta property=\"og:image:type\" content=\"image\/jpeg\" \/>\n<meta name=\"twitter:card\" content=\"summary_large_image\" \/>\n<meta name=\"twitter:label1\" content=\"Dur\u00e9e de lecture estim\u00e9e\" \/>\n\t<meta name=\"twitter:data1\" content=\"2 minutes\" \/>\n<script type=\"application\/ld+json\" class=\"yoast-schema-graph\">{\"@context\":\"https:\\\/\\\/schema.org\",\"@graph\":[{\"@type\":\"WebPage\",\"@id\":\"https:\\\/\\\/www.alveria.it\\\/formazione\\\/people-e-managerial-development\\\/comunicazione-pubblica-e-di-impresa\\\/public-speaking-e-business-presentation\\\/\",\"url\":\"https:\\\/\\\/www.alveria.it\\\/formazione\\\/people-e-managerial-development\\\/comunicazione-pubblica-e-di-impresa\\\/public-speaking-e-business-presentation\\\/\",\"name\":\"PUBLIC SPEAKING E BUSINESS PRESENTATION\",\"isPartOf\":{\"@id\":\"https:\\\/\\\/www.alveria.it\\\/#website\"},\"primaryImageOfPage\":{\"@id\":\"https:\\\/\\\/www.alveria.it\\\/formazione\\\/people-e-managerial-development\\\/comunicazione-pubblica-e-di-impresa\\\/public-speaking-e-business-presentation\\\/#primaryimage\"},\"image\":{\"@id\":\"https:\\\/\\\/www.alveria.it\\\/formazione\\\/people-e-managerial-development\\\/comunicazione-pubblica-e-di-impresa\\\/public-speaking-e-business-presentation\\\/#primaryimage\"},\"thumbnailUrl\":\"https:\\\/\\\/www.alveria.it\\\/wp-content\\\/uploads\\\/2023\\\/09\\\/public-speaking-business-presentation-virata.jpg\",\"datePublished\":\"2023-09-26T12:41:12+00:00\",\"dateModified\":\"2024-05-21T11:50:03+00:00\",\"description\":\"Scopri il corso di Public Speaking e Business Presentation di Alveria: tecniche avanzate per comunicare e presentare con efficacia.\",\"breadcrumb\":{\"@id\":\"https:\\\/\\\/www.alveria.it\\\/formazione\\\/people-e-managerial-development\\\/comunicazione-pubblica-e-di-impresa\\\/public-speaking-e-business-presentation\\\/#breadcrumb\"},\"inLanguage\":\"fr-FR\",\"potentialAction\":[{\"@type\":\"ReadAction\",\"target\":[\"https:\\\/\\\/www.alveria.it\\\/formazione\\\/people-e-managerial-development\\\/comunicazione-pubblica-e-di-impresa\\\/public-speaking-e-business-presentation\\\/\"]}]},{\"@type\":\"ImageObject\",\"inLanguage\":\"fr-FR\",\"@id\":\"https:\\\/\\\/www.alveria.it\\\/formazione\\\/people-e-managerial-development\\\/comunicazione-pubblica-e-di-impresa\\\/public-speaking-e-business-presentation\\\/#primaryimage\",\"url\":\"https:\\\/\\\/www.alveria.it\\\/wp-content\\\/uploads\\\/2023\\\/09\\\/public-speaking-business-presentation-virata.jpg\",\"contentUrl\":\"https:\\\/\\\/www.alveria.it\\\/wp-content\\\/uploads\\\/2023\\\/09\\\/public-speaking-business-presentation-virata.jpg\",\"width\":1920,\"height\":1080},{\"@type\":\"BreadcrumbList\",\"@id\":\"https:\\\/\\\/www.alveria.it\\\/formazione\\\/people-e-managerial-development\\\/comunicazione-pubblica-e-di-impresa\\\/public-speaking-e-business-presentation\\\/#breadcrumb\",\"itemListElement\":[{\"@type\":\"ListItem\",\"position\":1,\"name\":\"Home\",\"item\":\"https:\\\/\\\/www.alveria.it\\\/\"},{\"@type\":\"ListItem\",\"position\":2,\"name\":\"FORMAZIONE\",\"item\":\"https:\\\/\\\/www.alveria.it\\\/formazione\\\/\"},{\"@type\":\"ListItem\",\"position\":3,\"name\":\"PEOPLE E MANAGERIAL DEVELOPMENT\",\"item\":\"https:\\\/\\\/www.alveria.it\\\/formazione\\\/people-e-managerial-development\\\/\"},{\"@type\":\"ListItem\",\"position\":4,\"name\":\"COMUNICAZIONE PUBBLICA E DI IMPRESA\",\"item\":\"https:\\\/\\\/www.alveria.it\\\/formazione\\\/people-e-managerial-development\\\/comunicazione-pubblica-e-di-impresa\\\/\"},{\"@type\":\"ListItem\",\"position\":5,\"name\":\"PUBLIC SPEAKING E BUSINESS PRESENTATION\"}]},{\"@type\":\"WebSite\",\"@id\":\"https:\\\/\\\/www.alveria.it\\\/#website\",\"url\":\"https:\\\/\\\/www.alveria.it\\\/\",\"name\":\"Alveria - Consulting, Training and Solutions\",\"description\":\"Alveria - Consulting, Training and Solutions\",\"publisher\":{\"@id\":\"https:\\\/\\\/www.alveria.it\\\/#organization\"},\"potentialAction\":[{\"@type\":\"SearchAction\",\"target\":{\"@type\":\"EntryPoint\",\"urlTemplate\":\"https:\\\/\\\/www.alveria.it\\\/?s={search_term_string}\"},\"query-input\":{\"@type\":\"PropertyValueSpecification\",\"valueRequired\":true,\"valueName\":\"search_term_string\"}}],\"inLanguage\":\"fr-FR\"},{\"@type\":\"Organization\",\"@id\":\"https:\\\/\\\/www.alveria.it\\\/#organization\",\"name\":\"Alveria - Consulting, Training and Solutions\",\"url\":\"https:\\\/\\\/www.alveria.it\\\/\",\"logo\":{\"@type\":\"ImageObject\",\"inLanguage\":\"fr-FR\",\"@id\":\"https:\\\/\\\/www.alveria.it\\\/#\\\/schema\\\/logo\\\/image\\\/\",\"url\":\"https:\\\/\\\/www.alveria.it\\\/wp-content\\\/uploads\\\/2023\\\/12\\\/logo_alveria_normal.svg\",\"contentUrl\":\"https:\\\/\\\/www.alveria.it\\\/wp-content\\\/uploads\\\/2023\\\/12\\\/logo_alveria_normal.svg\",\"caption\":\"Alveria - Consulting, Training and Solutions\"},\"image\":{\"@id\":\"https:\\\/\\\/www.alveria.it\\\/#\\\/schema\\\/logo\\\/image\\\/\"}}]}<\/script>\n<!-- \/ Yoast SEO plugin. -->","yoast_head_json":{"title":"LA PRISE DE PAROLE EN PUBLIC ET LA PR\u00c9SENTATION D'AFFAIRES","description":"D\u00e9couvrez le cours de prise de parole en public et de pr\u00e9sentation d'entreprise d'Alveria : des techniques avanc\u00e9es pour communiquer et pr\u00e9senter efficacement.","robots":{"index":"index","follow":"follow","max-snippet":"max-snippet:-1","max-image-preview":"max-image-preview:large","max-video-preview":"max-video-preview:-1"},"canonical":"https:\/\/www.alveria.it\/fr\/formation\/le-developpement-du-personnel-et-de-lencadrement\/communication-avec-le-public-et-les-entreprises\/la-prise-de-parole-en-public-et-la-presentation-daffaires\/","og_locale":"fr_FR","og_type":"article","og_title":"PUBLIC SPEAKING E BUSINESS PRESENTATION","og_description":"Scopri il corso di Public Speaking e Business Presentation di Alveria: tecniche avanzate per comunicare e presentare con efficacia.","og_url":"https:\/\/www.alveria.it\/fr\/formation\/le-developpement-du-personnel-et-de-lencadrement\/communication-avec-le-public-et-les-entreprises\/la-prise-de-parole-en-public-et-la-presentation-daffaires\/","og_site_name":"Alveria - Consulting, Training and Solutions","article_modified_time":"2024-05-21T11:50:03+00:00","og_image":[{"width":1920,"height":1080,"url":"https:\/\/www.alveria.it\/wp-content\/uploads\/2023\/09\/public-speaking-business-presentation-virata.jpg","type":"image\/jpeg"}],"twitter_card":"summary_large_image","twitter_misc":{"Dur\u00e9e de lecture estim\u00e9e":"2 minutes"},"schema":{"@context":"https:\/\/schema.org","@graph":[{"@type":"WebPage","@id":"https:\/\/www.alveria.it\/formazione\/people-e-managerial-development\/comunicazione-pubblica-e-di-impresa\/public-speaking-e-business-presentation\/","url":"https:\/\/www.alveria.it\/formazione\/people-e-managerial-development\/comunicazione-pubblica-e-di-impresa\/public-speaking-e-business-presentation\/","name":"LA PRISE DE PAROLE EN PUBLIC ET LA PR\u00c9SENTATION D'AFFAIRES","isPartOf":{"@id":"https:\/\/www.alveria.it\/#website"},"primaryImageOfPage":{"@id":"https:\/\/www.alveria.it\/formazione\/people-e-managerial-development\/comunicazione-pubblica-e-di-impresa\/public-speaking-e-business-presentation\/#primaryimage"},"image":{"@id":"https:\/\/www.alveria.it\/formazione\/people-e-managerial-development\/comunicazione-pubblica-e-di-impresa\/public-speaking-e-business-presentation\/#primaryimage"},"thumbnailUrl":"https:\/\/www.alveria.it\/wp-content\/uploads\/2023\/09\/public-speaking-business-presentation-virata.jpg","datePublished":"2023-09-26T12:41:12+00:00","dateModified":"2024-05-21T11:50:03+00:00","description":"D\u00e9couvrez le cours de prise de parole en public et de pr\u00e9sentation d'entreprise d'Alveria : des techniques avanc\u00e9es pour communiquer et pr\u00e9senter efficacement.","breadcrumb":{"@id":"https:\/\/www.alveria.it\/formazione\/people-e-managerial-development\/comunicazione-pubblica-e-di-impresa\/public-speaking-e-business-presentation\/#breadcrumb"},"inLanguage":"fr-FR","potentialAction":[{"@type":"ReadAction","target":["https:\/\/www.alveria.it\/formazione\/people-e-managerial-development\/comunicazione-pubblica-e-di-impresa\/public-speaking-e-business-presentation\/"]}]},{"@type":"ImageObject","inLanguage":"fr-FR","@id":"https:\/\/www.alveria.it\/formazione\/people-e-managerial-development\/comunicazione-pubblica-e-di-impresa\/public-speaking-e-business-presentation\/#primaryimage","url":"https:\/\/www.alveria.it\/wp-content\/uploads\/2023\/09\/public-speaking-business-presentation-virata.jpg","contentUrl":"https:\/\/www.alveria.it\/wp-content\/uploads\/2023\/09\/public-speaking-business-presentation-virata.jpg","width":1920,"height":1080},{"@type":"BreadcrumbList","@id":"https:\/\/www.alveria.it\/formazione\/people-e-managerial-development\/comunicazione-pubblica-e-di-impresa\/public-speaking-e-business-presentation\/#breadcrumb","itemListElement":[{"@type":"ListItem","position":1,"name":"Home","item":"https:\/\/www.alveria.it\/"},{"@type":"ListItem","position":2,"name":"FORMAZIONE","item":"https:\/\/www.alveria.it\/formazione\/"},{"@type":"ListItem","position":3,"name":"PEOPLE E MANAGERIAL DEVELOPMENT","item":"https:\/\/www.alveria.it\/formazione\/people-e-managerial-development\/"},{"@type":"ListItem","position":4,"name":"COMUNICAZIONE PUBBLICA E DI IMPRESA","item":"https:\/\/www.alveria.it\/formazione\/people-e-managerial-development\/comunicazione-pubblica-e-di-impresa\/"},{"@type":"ListItem","position":5,"name":"PUBLIC SPEAKING E BUSINESS PRESENTATION"}]},{"@type":"WebSite","@id":"https:\/\/www.alveria.it\/#website","url":"https:\/\/www.alveria.it\/","name":"Alveria - Conseil, formation et solutions","description":"Alveria - Conseil, formation et solutions","publisher":{"@id":"https:\/\/www.alveria.it\/#organization"},"potentialAction":[{"@type":"SearchAction","target":{"@type":"EntryPoint","urlTemplate":"https:\/\/www.alveria.it\/?s={search_term_string}"},"query-input":{"@type":"PropertyValueSpecification","valueRequired":true,"valueName":"search_term_string"}}],"inLanguage":"fr-FR"},{"@type":"Organization","@id":"https:\/\/www.alveria.it\/#organization","name":"Alveria - Conseil, formation et solutions","url":"https:\/\/www.alveria.it\/","logo":{"@type":"ImageObject","inLanguage":"fr-FR","@id":"https:\/\/www.alveria.it\/#\/schema\/logo\/image\/","url":"https:\/\/www.alveria.it\/wp-content\/uploads\/2023\/12\/logo_alveria_normal.svg","contentUrl":"https:\/\/www.alveria.it\/wp-content\/uploads\/2023\/12\/logo_alveria_normal.svg","caption":"Alveria - Consulting, Training and Solutions"},"image":{"@id":"https:\/\/www.alveria.it\/#\/schema\/logo\/image\/"}}]}},"_links":{"self":[{"href":"https:\/\/www.alveria.it\/fr\/wp-json\/wp\/v2\/pages\/456","targetHints":{"allow":["GET"]}}],"collection":[{"href":"https:\/\/www.alveria.it\/fr\/wp-json\/wp\/v2\/pages"}],"about":[{"href":"https:\/\/www.alveria.it\/fr\/wp-json\/wp\/v2\/types\/page"}],"author":[{"embeddable":true,"href":"https:\/\/www.alveria.it\/fr\/wp-json\/wp\/v2\/users\/2"}],"replies":[{"embeddable":true,"href":"https:\/\/www.alveria.it\/fr\/wp-json\/wp\/v2\/comments?post=456"}],"version-history":[{"count":2,"href":"https:\/\/www.alveria.it\/fr\/wp-json\/wp\/v2\/pages\/456\/revisions"}],"predecessor-version":[{"id":1482,"href":"https:\/\/www.alveria.it\/fr\/wp-json\/wp\/v2\/pages\/456\/revisions\/1482"}],"up":[{"embeddable":true,"href":"https:\/\/www.alveria.it\/fr\/wp-json\/wp\/v2\/pages\/167"}],"wp:featuredmedia":[{"embeddable":true,"href":"https:\/\/www.alveria.it\/fr\/wp-json\/wp\/v2\/media\/753"}],"wp:attachment":[{"href":"https:\/\/www.alveria.it\/fr\/wp-json\/wp\/v2\/media?parent=456"}],"curies":[{"name":"wp","href":"https:\/\/api.w.org\/{rel}","templated":true}]}}