{"id":446,"date":"2023-09-26T09:32:40","date_gmt":"2023-09-26T09:32:40","guid":{"rendered":"https:\/\/www.alveria.it\/?page_id=446"},"modified":"2024-05-21T11:55:35","modified_gmt":"2024-05-21T11:55:35","slug":"gestion-des-ressources-humaines-et-leadership","status":"publish","type":"page","link":"https:\/\/www.alveria.it\/fr\/formazione\/people-e-managerial-development-162\/hr-management-e-leadership\/","title":{"rendered":"HR GESTION ET LEADERSHIP"},"content":{"rendered":"<p>GESTION DES HR<\/p>\n<h3 class=\"title\">COMMENT GUIDER L'\u00c9QUIPE VERS LES OBJECTIFS DE L'ENTREPRISE<\/h3>\n<p style=\"text-align: center;\">Les cours de leadership et de management HR propos\u00e9s par Alveria visent \u00e0 d\u00e9velopper et \u00e0 am\u00e9liorer toutes les comp\u00e9tences qui permettent aux managers d'influencer positivement l'\u00e9quipe et de l'orienter vers les objectifs de l'entreprise.<\/p>\n<p style=\"text-align: center;\">Pour qu'une telle approche soit efficace, il faut pouvoir <strong>le d\u00e9veloppement des relations interpersonnelles<\/strong> avec leurs coll\u00e8gues en pratiquant un langage assertif qui leur permet d'\u00e9tablir des relations de confiance avec leurs coll\u00e8gues. <strong>Une relation bas\u00e9e sur la confiance<\/strong>, g\u00e9rer les conflits et mettre en \u0153uvre les changements de mani\u00e8re constructive.<\/p>\n<p style=\"text-align: center;\">Les formations propos\u00e9es par Alveria visent \u00e0 aider les managers \u00e0 <strong>accro\u00eetre la conscience qu'ont les employ\u00e9s de leurs propres capacit\u00e9s<\/strong>, canaliser et le potentiel vers un objectif commun.<\/p>\n<p style=\"margin: 0px;\"><img decoding=\"async\" class=\"scale-with-grid\" title=\"\" src=\"\/wp-content\/uploads\/2023\/09\/People-Managerial-Development-civetta-hr-management-leadership-Empowerment.jpg\" alt=\"\" width=\"\" height=\"\" \/><\/p>\n<h4>L'AUTONOMISATION<\/h4>\n<p>Acqu\u00e9rir les comp\u00e9tences n\u00e9cessaires pour am\u00e9liorer votre environnement social.<\/p>\n<p><a class=\"button button-blocchetti button_size_2 button_dark\" title=\"\" href=\"\/fr\/formation\/le-developpement-du-personnel-et-de-lencadrement\/gestion-des-ressources-humaines-et-leadership\/autonomisation\/\"><span class=\"button_label\">D\u00c9COUVRIR<\/span><\/a><\/p>\n<p style=\"margin: 0px;\"><img loading=\"lazy\" decoding=\"async\" class=\"scale-with-grid alignnone\" src=\"\/wp-content\/uploads\/2023\/09\/People-Managerial-Development-civetta-hr-management-leadership-Analisi-gestione-cambiamento.jpg\" alt=\"GESTION DES HR\" width=\"900\" height=\"675\" \/><\/p>\n<h4>ANALYSE ET GESTION DU CHANGEMENT<\/h4>\n<p>Gestion du changement : lignes directrices pour le changement.<\/p>\n<p><a class=\"button button-blocchetti button_size_2 button_dark\" title=\"\" href=\"\/fr\/formation\/le-developpement-du-personnel-et-de-lencadrement\/gestion-des-ressources-humaines-et-leadership\/analyse-et-gestion-du-changement\/\"><span class=\"button_label\">D\u00c9COUVRIR<\/span><\/a><\/p>\n<p style=\"margin: 0px;\"><img loading=\"lazy\" decoding=\"async\" class=\"scale-with-grid alignnone\" src=\"\/wp-content\/uploads\/2023\/09\/People-Managerial-Development-civetta-hr-management-leadership-Motivazione-gestione-collaboratori.jpg\" alt=\"GESTION DES HR\" width=\"900\" height=\"675\" \/><\/p>\n<h4>LA MOTIVATION ET LA GESTION DES EMPLOY\u00c9S<\/h4>\n<p>\u00c9tablir des relations efficaces pour atteindre les objectifs de l'\u00e9quipe.<\/p>\n<p><a class=\"button button-blocchetti button_size_2 button_dark\" title=\"\" href=\"\/fr\/formation\/le-developpement-du-personnel-et-de-lencadrement\/gestion-des-ressources-humaines-et-leadership\/la-motivation-et-la-gestion-des-employes\/\"><span class=\"button_label\">D\u00c9COUVRIR<\/span><\/a><\/p>\n<h6 class=\"title\"><a href=\"https:\/\/www.hcms.it\/contatti\/\">CONSULTATION<\/a>HR DIGITISATION TRAINING AND BUSINESS SOLUTIONS D\u00c9COUVREZ LA M\u00c9THODE ALVERIA ET PR\u00c9PAREZ-VOUS AU CHANGEMENT.<\/h6>\n<h6 class=\"title\">CONSEIL, FORMATION \u00c0 LA NUM\u00c9RISATION DES RESSOURCES HUMAINES ET SOLUTIONS D'ENTREPRISE D\u00c9COUVREZ LA M\u00c9THODE ALVERIA ET PR\u00c9PAREZ-VOUS AU CHANGEMENT.<\/h6>\n<p>Les formations propos\u00e9es par Alveria visent \u00e0 aider les managers \u00e0 <strong>accro\u00eetre la conscience qu'ont les employ\u00e9s de leurs propres capacit\u00e9s<\/strong>, canaliser et le potentiel vers un objectif commun.<\/p>\n<p><a class=\"button  button_size_2 button_dark\" title=\"\" href=\"\/fr\/contacts\/\"><span class=\"button_label\">DEMANDER PLUS D'INFORMATIONS<\/span><\/a><\/p>","protected":false},"excerpt":{"rendered":"<p>HR MANAGEMENT COME GUIDARE IL TEAM VERSO GLI OBIETTIVI DI BUSINESS I corsi di leadership e HR Management offerti da Alveria si propongono di sviluppare e<span class=\"excerpt-hellip\"> [\u2026]<\/span><\/p>\n","protected":false},"author":4,"featured_media":760,"parent":162,"menu_order":0,"comment_status":"open","ping_status":"closed","template":"","meta":{"iawp_total_views":49,"footnotes":""},"class_list":["post-446","page","type-page","status-publish","has-post-thumbnail","hentry"],"yoast_head":"<!-- This site is optimized with the Yoast SEO plugin v27.5 - https:\/\/yoast.com\/product\/yoast-seo-wordpress\/ -->\n<title>HR MANAGEMENT E LEADERSHIP<\/title>\n<meta name=\"description\" content=\"Scopri i corsi di HR Management di Alveria: sviluppa capacit\u00e0 per guidare il team verso obiettivi di business.\" \/>\n<meta name=\"robots\" content=\"index, follow, max-snippet:-1, max-image-preview:large, max-video-preview:-1\" \/>\n<link rel=\"canonical\" href=\"https:\/\/www.alveria.it\/fr\/formation\/le-developpement-du-personnel-et-de-lencadrement\/gestion-des-ressources-humaines-et-leadership\/\" \/>\n<meta property=\"og:locale\" content=\"fr_FR\" \/>\n<meta property=\"og:type\" content=\"article\" \/>\n<meta property=\"og:title\" content=\"HR MANAGEMENT E LEADERSHIP\" \/>\n<meta property=\"og:description\" content=\"Scopri i corsi di HR Management di Alveria: sviluppa capacit\u00e0 per guidare il team verso obiettivi di business.\" \/>\n<meta property=\"og:url\" content=\"https:\/\/www.alveria.it\/fr\/formation\/le-developpement-du-personnel-et-de-lencadrement\/gestion-des-ressources-humaines-et-leadership\/\" \/>\n<meta property=\"og:site_name\" content=\"Alveria - Consulting, Training and Solutions\" \/>\n<meta property=\"article:modified_time\" content=\"2024-05-21T11:55:35+00:00\" \/>\n<meta property=\"og:image\" content=\"https:\/\/www.alveria.it\/wp-content\/uploads\/2023\/09\/HR-Management-Leadership-virata.jpg\" \/>\n\t<meta property=\"og:image:width\" content=\"1920\" \/>\n\t<meta property=\"og:image:height\" content=\"1080\" \/>\n\t<meta property=\"og:image:type\" content=\"image\/jpeg\" \/>\n<meta name=\"twitter:card\" content=\"summary_large_image\" \/>\n<meta name=\"twitter:label1\" content=\"Dur\u00e9e de lecture estim\u00e9e\" \/>\n\t<meta name=\"twitter:data1\" content=\"2 minutes\" \/>\n<script type=\"application\/ld+json\" class=\"yoast-schema-graph\">{\"@context\":\"https:\\\/\\\/schema.org\",\"@graph\":[{\"@type\":\"WebPage\",\"@id\":\"https:\\\/\\\/www.alveria.it\\\/formazione\\\/people-e-managerial-development\\\/hr-management-e-leadership\\\/\",\"url\":\"https:\\\/\\\/www.alveria.it\\\/formazione\\\/people-e-managerial-development\\\/hr-management-e-leadership\\\/\",\"name\":\"HR MANAGEMENT E LEADERSHIP\",\"isPartOf\":{\"@id\":\"https:\\\/\\\/www.alveria.it\\\/#website\"},\"primaryImageOfPage\":{\"@id\":\"https:\\\/\\\/www.alveria.it\\\/formazione\\\/people-e-managerial-development\\\/hr-management-e-leadership\\\/#primaryimage\"},\"image\":{\"@id\":\"https:\\\/\\\/www.alveria.it\\\/formazione\\\/people-e-managerial-development\\\/hr-management-e-leadership\\\/#primaryimage\"},\"thumbnailUrl\":\"https:\\\/\\\/www.alveria.it\\\/wp-content\\\/uploads\\\/2023\\\/09\\\/HR-Management-Leadership-virata.jpg\",\"datePublished\":\"2023-09-26T09:32:40+00:00\",\"dateModified\":\"2024-05-21T11:55:35+00:00\",\"description\":\"Scopri i corsi di HR Management di Alveria: sviluppa capacit\u00e0 per guidare il team verso obiettivi di business.\",\"breadcrumb\":{\"@id\":\"https:\\\/\\\/www.alveria.it\\\/formazione\\\/people-e-managerial-development\\\/hr-management-e-leadership\\\/#breadcrumb\"},\"inLanguage\":\"fr-FR\",\"potentialAction\":[{\"@type\":\"ReadAction\",\"target\":[\"https:\\\/\\\/www.alveria.it\\\/formazione\\\/people-e-managerial-development\\\/hr-management-e-leadership\\\/\"]}]},{\"@type\":\"ImageObject\",\"inLanguage\":\"fr-FR\",\"@id\":\"https:\\\/\\\/www.alveria.it\\\/formazione\\\/people-e-managerial-development\\\/hr-management-e-leadership\\\/#primaryimage\",\"url\":\"https:\\\/\\\/www.alveria.it\\\/wp-content\\\/uploads\\\/2023\\\/09\\\/HR-Management-Leadership-virata.jpg\",\"contentUrl\":\"https:\\\/\\\/www.alveria.it\\\/wp-content\\\/uploads\\\/2023\\\/09\\\/HR-Management-Leadership-virata.jpg\",\"width\":1920,\"height\":1080},{\"@type\":\"BreadcrumbList\",\"@id\":\"https:\\\/\\\/www.alveria.it\\\/formazione\\\/people-e-managerial-development\\\/hr-management-e-leadership\\\/#breadcrumb\",\"itemListElement\":[{\"@type\":\"ListItem\",\"position\":1,\"name\":\"Home\",\"item\":\"https:\\\/\\\/www.alveria.it\\\/\"},{\"@type\":\"ListItem\",\"position\":2,\"name\":\"FORMAZIONE\",\"item\":\"https:\\\/\\\/www.alveria.it\\\/formazione\\\/\"},{\"@type\":\"ListItem\",\"position\":3,\"name\":\"PEOPLE E MANAGERIAL DEVELOPMENT\",\"item\":\"https:\\\/\\\/www.alveria.it\\\/formazione\\\/people-e-managerial-development\\\/\"},{\"@type\":\"ListItem\",\"position\":4,\"name\":\"HR MANAGEMENT E LEADERSHIP\"}]},{\"@type\":\"WebSite\",\"@id\":\"https:\\\/\\\/www.alveria.it\\\/#website\",\"url\":\"https:\\\/\\\/www.alveria.it\\\/\",\"name\":\"Alveria - Consulting, Training and Solutions\",\"description\":\"Alveria - Consulting, Training and Solutions\",\"publisher\":{\"@id\":\"https:\\\/\\\/www.alveria.it\\\/#organization\"},\"potentialAction\":[{\"@type\":\"SearchAction\",\"target\":{\"@type\":\"EntryPoint\",\"urlTemplate\":\"https:\\\/\\\/www.alveria.it\\\/?s={search_term_string}\"},\"query-input\":{\"@type\":\"PropertyValueSpecification\",\"valueRequired\":true,\"valueName\":\"search_term_string\"}}],\"inLanguage\":\"fr-FR\"},{\"@type\":\"Organization\",\"@id\":\"https:\\\/\\\/www.alveria.it\\\/#organization\",\"name\":\"Alveria - Consulting, Training and Solutions\",\"url\":\"https:\\\/\\\/www.alveria.it\\\/\",\"logo\":{\"@type\":\"ImageObject\",\"inLanguage\":\"fr-FR\",\"@id\":\"https:\\\/\\\/www.alveria.it\\\/#\\\/schema\\\/logo\\\/image\\\/\",\"url\":\"https:\\\/\\\/www.alveria.it\\\/wp-content\\\/uploads\\\/2023\\\/12\\\/logo_alveria_normal.svg\",\"contentUrl\":\"https:\\\/\\\/www.alveria.it\\\/wp-content\\\/uploads\\\/2023\\\/12\\\/logo_alveria_normal.svg\",\"caption\":\"Alveria - Consulting, Training and Solutions\"},\"image\":{\"@id\":\"https:\\\/\\\/www.alveria.it\\\/#\\\/schema\\\/logo\\\/image\\\/\"}}]}<\/script>\n<!-- \/ Yoast SEO plugin. -->","yoast_head_json":{"title":"HR GESTION ET LEADERSHIP","description":"D\u00e9couvrez les cours de management HR d'Alveria : d\u00e9veloppez vos comp\u00e9tences pour mener votre \u00e9quipe vers les objectifs de l'entreprise.","robots":{"index":"index","follow":"follow","max-snippet":"max-snippet:-1","max-image-preview":"max-image-preview:large","max-video-preview":"max-video-preview:-1"},"canonical":"https:\/\/www.alveria.it\/fr\/formation\/le-developpement-du-personnel-et-de-lencadrement\/gestion-des-ressources-humaines-et-leadership\/","og_locale":"fr_FR","og_type":"article","og_title":"HR MANAGEMENT E LEADERSHIP","og_description":"Scopri i corsi di HR Management di Alveria: sviluppa capacit\u00e0 per guidare il team verso obiettivi di business.","og_url":"https:\/\/www.alveria.it\/fr\/formation\/le-developpement-du-personnel-et-de-lencadrement\/gestion-des-ressources-humaines-et-leadership\/","og_site_name":"Alveria - Consulting, Training and Solutions","article_modified_time":"2024-05-21T11:55:35+00:00","og_image":[{"width":1920,"height":1080,"url":"https:\/\/www.alveria.it\/wp-content\/uploads\/2023\/09\/HR-Management-Leadership-virata.jpg","type":"image\/jpeg"}],"twitter_card":"summary_large_image","twitter_misc":{"Dur\u00e9e de lecture estim\u00e9e":"2 minutes"},"schema":{"@context":"https:\/\/schema.org","@graph":[{"@type":"WebPage","@id":"https:\/\/www.alveria.it\/formazione\/people-e-managerial-development\/hr-management-e-leadership\/","url":"https:\/\/www.alveria.it\/formazione\/people-e-managerial-development\/hr-management-e-leadership\/","name":"HR GESTION ET LEADERSHIP","isPartOf":{"@id":"https:\/\/www.alveria.it\/#website"},"primaryImageOfPage":{"@id":"https:\/\/www.alveria.it\/formazione\/people-e-managerial-development\/hr-management-e-leadership\/#primaryimage"},"image":{"@id":"https:\/\/www.alveria.it\/formazione\/people-e-managerial-development\/hr-management-e-leadership\/#primaryimage"},"thumbnailUrl":"https:\/\/www.alveria.it\/wp-content\/uploads\/2023\/09\/HR-Management-Leadership-virata.jpg","datePublished":"2023-09-26T09:32:40+00:00","dateModified":"2024-05-21T11:55:35+00:00","description":"D\u00e9couvrez les cours de management HR d'Alveria : d\u00e9veloppez vos comp\u00e9tences pour mener votre \u00e9quipe vers les objectifs de l'entreprise.","breadcrumb":{"@id":"https:\/\/www.alveria.it\/formazione\/people-e-managerial-development\/hr-management-e-leadership\/#breadcrumb"},"inLanguage":"fr-FR","potentialAction":[{"@type":"ReadAction","target":["https:\/\/www.alveria.it\/formazione\/people-e-managerial-development\/hr-management-e-leadership\/"]}]},{"@type":"ImageObject","inLanguage":"fr-FR","@id":"https:\/\/www.alveria.it\/formazione\/people-e-managerial-development\/hr-management-e-leadership\/#primaryimage","url":"https:\/\/www.alveria.it\/wp-content\/uploads\/2023\/09\/HR-Management-Leadership-virata.jpg","contentUrl":"https:\/\/www.alveria.it\/wp-content\/uploads\/2023\/09\/HR-Management-Leadership-virata.jpg","width":1920,"height":1080},{"@type":"BreadcrumbList","@id":"https:\/\/www.alveria.it\/formazione\/people-e-managerial-development\/hr-management-e-leadership\/#breadcrumb","itemListElement":[{"@type":"ListItem","position":1,"name":"Home","item":"https:\/\/www.alveria.it\/"},{"@type":"ListItem","position":2,"name":"FORMAZIONE","item":"https:\/\/www.alveria.it\/formazione\/"},{"@type":"ListItem","position":3,"name":"PEOPLE E MANAGERIAL DEVELOPMENT","item":"https:\/\/www.alveria.it\/formazione\/people-e-managerial-development\/"},{"@type":"ListItem","position":4,"name":"HR MANAGEMENT E LEADERSHIP"}]},{"@type":"WebSite","@id":"https:\/\/www.alveria.it\/#website","url":"https:\/\/www.alveria.it\/","name":"Alveria - Conseil, formation et solutions","description":"Alveria - Conseil, formation et solutions","publisher":{"@id":"https:\/\/www.alveria.it\/#organization"},"potentialAction":[{"@type":"SearchAction","target":{"@type":"EntryPoint","urlTemplate":"https:\/\/www.alveria.it\/?s={search_term_string}"},"query-input":{"@type":"PropertyValueSpecification","valueRequired":true,"valueName":"search_term_string"}}],"inLanguage":"fr-FR"},{"@type":"Organization","@id":"https:\/\/www.alveria.it\/#organization","name":"Alveria - Conseil, formation et solutions","url":"https:\/\/www.alveria.it\/","logo":{"@type":"ImageObject","inLanguage":"fr-FR","@id":"https:\/\/www.alveria.it\/#\/schema\/logo\/image\/","url":"https:\/\/www.alveria.it\/wp-content\/uploads\/2023\/12\/logo_alveria_normal.svg","contentUrl":"https:\/\/www.alveria.it\/wp-content\/uploads\/2023\/12\/logo_alveria_normal.svg","caption":"Alveria - Consulting, Training and Solutions"},"image":{"@id":"https:\/\/www.alveria.it\/#\/schema\/logo\/image\/"}}]}},"_links":{"self":[{"href":"https:\/\/www.alveria.it\/fr\/wp-json\/wp\/v2\/pages\/446","targetHints":{"allow":["GET"]}}],"collection":[{"href":"https:\/\/www.alveria.it\/fr\/wp-json\/wp\/v2\/pages"}],"about":[{"href":"https:\/\/www.alveria.it\/fr\/wp-json\/wp\/v2\/types\/page"}],"author":[{"embeddable":true,"href":"https:\/\/www.alveria.it\/fr\/wp-json\/wp\/v2\/users\/4"}],"replies":[{"embeddable":true,"href":"https:\/\/www.alveria.it\/fr\/wp-json\/wp\/v2\/comments?post=446"}],"version-history":[{"count":2,"href":"https:\/\/www.alveria.it\/fr\/wp-json\/wp\/v2\/pages\/446\/revisions"}],"predecessor-version":[{"id":1498,"href":"https:\/\/www.alveria.it\/fr\/wp-json\/wp\/v2\/pages\/446\/revisions\/1498"}],"up":[{"embeddable":true,"href":"https:\/\/www.alveria.it\/fr\/wp-json\/wp\/v2\/pages\/162"}],"wp:featuredmedia":[{"embeddable":true,"href":"https:\/\/www.alveria.it\/fr\/wp-json\/wp\/v2\/media\/760"}],"wp:attachment":[{"href":"https:\/\/www.alveria.it\/fr\/wp-json\/wp\/v2\/media?parent=446"}],"curies":[{"name":"wp","href":"https:\/\/api.w.org\/{rel}","templated":true}]}}