{"id":2068,"date":"2025-09-11T14:29:25","date_gmt":"2025-09-11T14:29:25","guid":{"rendered":"https:\/\/www.alveria.it\/?page_id=2068"},"modified":"2025-09-30T12:04:16","modified_gmt":"2025-09-30T12:04:16","slug":"politique-integree-de-securite-et-denvironnement-2068","status":"publish","type":"page","link":"https:\/\/www.alveria.it\/fr\/politica-integrata-sicurezza-e-ambiente-2068\/","title":{"rendered":"POLITIQUE INT\u00c9GR\u00c9E DE S\u00c9CURIT\u00c9 ET D'ENVIRONNEMENT"},"content":{"rendered":"<p>Politique int\u00e9gr\u00e9e de s\u00e9curit\u00e9 et d'environnement<\/p>\n<h2 class=\"title\">POLITIQUE INT\u00c9GR\u00c9E DE S\u00c9CURIT\u00c9 ET D'ENVIRONNEMENT<\/h2>\n<p>Alveria S.r.l. op\u00e8re depuis 2010 en tant que soci\u00e9t\u00e9 de conseil, dans le domaine de l'organisation et du d\u00e9veloppement des ressources humaines, et met son expertise au service des entreprises dans le cadre de processus de transformation complexes. Alveria s'engage donc fortement \u00e0 satisfaire pleinement les clients, les fournisseurs et les travailleurs et \u00e0 respecter la l\u00e9gislation en vigueur en mati\u00e8re de protection de la sant\u00e9 et de la s\u00e9curit\u00e9 des travailleurs et de respect de l'environnement, et a adopt\u00e9 un syst\u00e8me de gestion de la qualit\u00e9, de l'environnement et de la s\u00e9curit\u00e9 conforme \u00e0 la norme : - UNI ENI ISO 14001:2015 (Environnement) - UNI EN ISO 9001:2015 (Qualit\u00e9) - UNI EN ISO 45001:2018 (Sant\u00e9 et s\u00e9curit\u00e9).<\/p>\n<p>La direction g\u00e9n\u00e9rale de l'entreprise d\u00e9clare ses intentions d'op\u00e9rer selon des processus consacr\u00e9s \u00e0 un \"syst\u00e8me de gestion int\u00e9gr\u00e9\" englobant au fil du temps, la qualit\u00e9, l'environnement et la s\u00e9curit\u00e9, ainsi que la s\u00e9curit\u00e9 informatique. \u00c0 cette fin, l'am\u00e9lioration continue des processus de gestion interne est consid\u00e9r\u00e9e comme fondamentale, en op\u00e9rant conform\u00e9ment au syst\u00e8me de gestion de la qualit\u00e9, de l'environnement et de la sant\u00e9 et de la s\u00e9curit\u00e9 au travail conform\u00e9ment aux normes UNI ISO 9001:2015, ISO 14001:2015 et ISO 45001:2018 ; ces syst\u00e8mes et leurs r\u00e9sultats sont consid\u00e9r\u00e9s comme faisant partie int\u00e9grante de la gestion de l'entreprise. En application de la Directive NIS 2 qui deviendra op\u00e9rationnelle \u00e0 partir du mois d'octobre prochain et qui introduit dans le syst\u00e8me juridique la \" responsabilit\u00e9 \" pour l'omission et l'ex\u00e9cution des obligations relatives des personnes physiques en tant qu'administrateurs, Alveria adopte cette politique int\u00e9gr\u00e9e afin de faciliter l'\u00e9laboration de son propre mod\u00e8le d'organisation, de gestion et de contr\u00f4le, en r\u00e9f\u00e9rence \u00e0 ce qui sera adopt\u00e9 par la Directive NIS 2.<\/p>\n<p>Afin de d\u00e9montrer son leadership et son engagement envers ses syst\u00e8mes de gestion de la qualit\u00e9, la direction s'assure qu'elle atteint ses r\u00e9sultats dans le cadre des syst\u00e8mes eux-m\u00eames, veille \u00e0 ce que les ressources n\u00e9cessaires soient disponibles, communique l'importance d'une gestion efficace de la qualit\u00e9, de l'environnement et de la s\u00e9curit\u00e9, et soutient les personnes pour qu'elles contribuent \u00e0 l'efficacit\u00e9 de ces syst\u00e8mes. La direction consid\u00e8re \u00e9galement que la diffusion de la culture de la qualit\u00e9, du respect et de la protection de l'environnement et de l'attention port\u00e9e \u00e0 la sant\u00e9 et \u00e0 la s\u00e9curit\u00e9 au travail est une priorit\u00e9 pour la croissance de l'entreprise et de toutes les parties prenantes avec lesquelles elle interagit directement ou indirectement. La qualit\u00e9 du service, obtenue par Alveria S.r.l. gr\u00e2ce \u00e0 un engagement constant dans tous les processus de l'entreprise, est consid\u00e9r\u00e9e par la direction comme la cl\u00e9 pour atteindre des positions de pr\u00e9\u00e9minence sur le march\u00e9.<\/p>\n<p>La direction s'engage \u00e0 respecter les lois relatives \u00e0 l'environnement et \u00e0 la s\u00e9curit\u00e9 sur le lieu de travail et \u00e0 rechercher une am\u00e9lioration continue de ses performances commerciales par un contr\u00f4le permanent de ses aspects environnementaux directs et indirects.<\/p>\n<p>Le syst\u00e8me repose sur les principes suivants :<\/p>\n<ul>\n<li>s'engager directement dans le d\u00e9veloppement des syst\u00e8mes, de la qualit\u00e9, de l'environnement et de la s\u00e9curit\u00e9, notamment par le biais d'objectifs d'am\u00e9lioration annuels mesurables ;<\/li>\n<li>assurer et contr\u00f4ler la satisfaction des clients et leur fournir des services qui r\u00e9pondent \u00e0 leurs besoins ;<\/li>\n<li>impliquer pleinement toutes les personnes travaillant dans l'int\u00e9r\u00eat de Alveria et les sensibiliser \u00e0 l'influence de leurs actions sur la qualit\u00e9 des services fournis, ainsi qu'aux aspects environnementaux significatifs et aux risques pour la sant\u00e9 et la s\u00e9curit\u00e9 associ\u00e9s \u00e0 leur travail, en particulier en ce qui concerne le personnel du client ;<\/li>\n<li>l'engagement dans la pr\u00e9vention des accidents et des maladies professionnelles afin de prot\u00e9ger la sant\u00e9 et la s\u00e9curit\u00e9 des travailleurs de l'entreprise ;<\/li>\n<li>s'engagent \u00e0 assurer la participation et la consultation de tous les travailleurs pr\u00e9sents sur les questions de sant\u00e9 et de s\u00e9curit\u00e9 ;<\/li>\n<li>Des dispositions sont prises pour s'assurer que les fournisseurs\/entrepreneurs travaillant pour le compte de l'entreprise appliquent les normes environnementales et de s\u00e9curit\u00e9 conform\u00e9ment aux proc\u00e9dures de l'entreprise ;<\/li>\n<li>fonder la relation avec les clients sur la plus grande coop\u00e9ration possible ;<\/li>\n<li>informer les clients, les fournisseurs, les communaut\u00e9s et les autorit\u00e9s de son cadre de travail en mati\u00e8re d'environnement, de sant\u00e9 et de s\u00e9curit\u00e9 ;<\/li>\n<li>utiliser les technologies les plus avanc\u00e9es pour garantir la meilleure exp\u00e9rience utilisateur et les solutions les plus \u00e9volutives ;<\/li>\n<li>Encourager le changement en formant des leaders pr\u00eats \u00e0 entrer dans le monde num\u00e9rique professionnel, toujours \u00e0 la recherche de nouvelles solutions technologiquement avanc\u00e9es ;<\/li>\n<li>\u00c9valuer \u00e0 l'avance les incidences sur l'environnement et les implications en mati\u00e8re de sant\u00e9 et de s\u00e9curit\u00e9 pour les travailleurs des nouvelles activit\u00e9s et des nouveaux processus ;<\/li>\n<li>mettre en \u0153uvre, dans la mesure du possible, des technologies appliqu\u00e9es qui permettent une plus grande r\u00e9duction de l'impact sur l'environnement et une meilleure protection de la sant\u00e9 et de la s\u00e9curit\u00e9 ;<\/li>\n<li>surveiller et r\u00e9duire leur consommation d'\u00e9lectricit\u00e9 dans la mesure du possible ;<\/li>\n<li>contenir et r\u00e9duire les \u00e9missions atmosph\u00e9riques dans l'environnement ext\u00e9rieur ;<\/li>\n<li>v\u00e9rifier p\u00e9riodiquement les syst\u00e8mes de gestion de la qualit\u00e9 en analysant les non-conformit\u00e9s constat\u00e9es ;<\/li>\n<li>v\u00e9rifier, analyser et enqu\u00eater sur les accidents \u00e9vit\u00e9s de justesse afin de mettre en \u0153uvre des actions en vue d'une am\u00e9lioration continue ;<\/li>\n<li>assurer la communication interne et externe pour \u00e9tablir des relations directes avec les travailleurs, les clients et, en g\u00e9n\u00e9ral, si n\u00e9cessaire, avec le public ;<\/li>\n<li>assurer la coop\u00e9ration avec les autorit\u00e9s publiques et les organismes de contr\u00f4le ;<\/li>\n<li>pr\u00e9venir et g\u00e9rer rapidement tout type d'incident li\u00e9 \u00e0 l'environnement et \u00e0 la s\u00e9curit\u00e9 informatique, en appliquant des proc\u00e9dures de pr\u00e9vention et d'intervention.<\/li>\n<\/ul>\n<p>La diffusion et l'application de ces principes dans l'ensemble de l'entreprise sont assur\u00e9es par l'engagement constant de la direction.<\/p>\n<p>Mise \u00e0 jour le 30 janvier 2024<\/p>\n<h6 class=\"title\">CONSEIL, FORMATION \u00c0 LA NUM\u00c9RISATION DES RESSOURCES HUMAINES ET SOLUTIONS D'ENTREPRISE D\u00c9COUVREZ LA M\u00c9THODE ALVERIA ET PR\u00c9PAREZ-VOUS AU CHANGEMENT.<\/h6>\n<p><a class=\"button  button_size_2 button_dark\" title=\"\" href=\"\/fr\/contacts\/\"><span class=\"button_label\">DEMANDER PLUS D'INFORMATIONS<\/span><\/a><\/p>","protected":false},"excerpt":{"rendered":"<p>Politica integrata sicurezza e ambiente POLITICA INTEGRATA SICUREZZA E AMBIENTE Alveria S.r.l. opera dal 2010 come societ&agrave; di consulenza, nell&rsquo;ambito di organizzazione e sviluppo delle risorse<span class=\"excerpt-hellip\"> [\u2026]<\/span><\/p>\n","protected":false},"author":1,"featured_media":1021,"parent":0,"menu_order":0,"comment_status":"open","ping_status":"closed","template":"","meta":{"iawp_total_views":62,"footnotes":""},"class_list":["post-2068","page","type-page","status-publish","has-post-thumbnail","hentry"],"yoast_head":"<!-- This site is optimized with the Yoast SEO plugin v27.5 - https:\/\/yoast.com\/product\/yoast-seo-wordpress\/ -->\n<title>POLITICA INTEGRATA SICUREZZA E AMBIENTE<\/title>\n<meta name=\"description\" content=\"Politica integrata sicurezza e ambiente POLITICA INTEGRATA SICUREZZA E AMBIENTE Alveria S.r.l. opera dal 2010 come societ&agrave; di consulenza,\" \/>\n<meta name=\"robots\" content=\"index, follow, max-snippet:-1, max-image-preview:large, max-video-preview:-1\" \/>\n<link rel=\"canonical\" href=\"https:\/\/www.alveria.it\/fr\/politica-integrata-sicurezza-e-ambiente\/\" \/>\n<meta property=\"og:locale\" content=\"fr_FR\" \/>\n<meta property=\"og:type\" content=\"article\" \/>\n<meta property=\"og:title\" content=\"POLITICA INTEGRATA SICUREZZA E AMBIENTE\" \/>\n<meta property=\"og:description\" content=\"Politica integrata sicurezza e ambiente POLITICA INTEGRATA SICUREZZA E AMBIENTE Alveria S.r.l. opera dal 2010 come societ&agrave; di consulenza,\" \/>\n<meta property=\"og:url\" content=\"https:\/\/www.alveria.it\/fr\/politica-integrata-sicurezza-e-ambiente\/\" \/>\n<meta property=\"og:site_name\" content=\"Alveria - Consulting, Training and Solutions\" \/>\n<meta property=\"article:modified_time\" content=\"2025-09-30T12:04:16+00:00\" \/>\n<meta property=\"og:image\" content=\"https:\/\/www.alveria.it\/wp-content\/uploads\/2023\/10\/Alveria-policy-virata.jpg\" \/>\n\t<meta property=\"og:image:width\" content=\"1920\" \/>\n\t<meta property=\"og:image:height\" content=\"1080\" \/>\n\t<meta property=\"og:image:type\" content=\"image\/jpeg\" \/>\n<meta name=\"twitter:card\" content=\"summary_large_image\" \/>\n<meta name=\"twitter:label1\" content=\"Dur\u00e9e de lecture estim\u00e9e\" \/>\n\t<meta name=\"twitter:data1\" content=\"5 minutes\" \/>\n<script type=\"application\/ld+json\" class=\"yoast-schema-graph\">{\"@context\":\"https:\\\/\\\/schema.org\",\"@graph\":[{\"@type\":\"WebPage\",\"@id\":\"https:\\\/\\\/www.alveria.it\\\/politica-integrata-sicurezza-e-ambiente\\\/\",\"url\":\"https:\\\/\\\/www.alveria.it\\\/politica-integrata-sicurezza-e-ambiente\\\/\",\"name\":\"POLITICA INTEGRATA SICUREZZA E AMBIENTE\",\"isPartOf\":{\"@id\":\"https:\\\/\\\/www.alveria.it\\\/#website\"},\"primaryImageOfPage\":{\"@id\":\"https:\\\/\\\/www.alveria.it\\\/politica-integrata-sicurezza-e-ambiente\\\/#primaryimage\"},\"image\":{\"@id\":\"https:\\\/\\\/www.alveria.it\\\/politica-integrata-sicurezza-e-ambiente\\\/#primaryimage\"},\"thumbnailUrl\":\"https:\\\/\\\/www.alveria.it\\\/wp-content\\\/uploads\\\/2023\\\/10\\\/Alveria-policy-virata.jpg\",\"datePublished\":\"2025-09-11T14:29:25+00:00\",\"dateModified\":\"2025-09-30T12:04:16+00:00\",\"description\":\"Politica integrata sicurezza e ambiente POLITICA INTEGRATA SICUREZZA E AMBIENTE Alveria S.r.l. opera dal 2010 come societ&agrave; di consulenza,\",\"breadcrumb\":{\"@id\":\"https:\\\/\\\/www.alveria.it\\\/politica-integrata-sicurezza-e-ambiente\\\/#breadcrumb\"},\"inLanguage\":\"fr-FR\",\"potentialAction\":[{\"@type\":\"ReadAction\",\"target\":[\"https:\\\/\\\/www.alveria.it\\\/politica-integrata-sicurezza-e-ambiente\\\/\"]}]},{\"@type\":\"ImageObject\",\"inLanguage\":\"fr-FR\",\"@id\":\"https:\\\/\\\/www.alveria.it\\\/politica-integrata-sicurezza-e-ambiente\\\/#primaryimage\",\"url\":\"https:\\\/\\\/www.alveria.it\\\/wp-content\\\/uploads\\\/2023\\\/10\\\/Alveria-policy-virata.jpg\",\"contentUrl\":\"https:\\\/\\\/www.alveria.it\\\/wp-content\\\/uploads\\\/2023\\\/10\\\/Alveria-policy-virata.jpg\",\"width\":1920,\"height\":1080},{\"@type\":\"BreadcrumbList\",\"@id\":\"https:\\\/\\\/www.alveria.it\\\/politica-integrata-sicurezza-e-ambiente\\\/#breadcrumb\",\"itemListElement\":[{\"@type\":\"ListItem\",\"position\":1,\"name\":\"Home\",\"item\":\"https:\\\/\\\/www.alveria.it\\\/\"},{\"@type\":\"ListItem\",\"position\":2,\"name\":\"POLITICA INTEGRATA SICUREZZA E AMBIENTE\"}]},{\"@type\":\"WebSite\",\"@id\":\"https:\\\/\\\/www.alveria.it\\\/#website\",\"url\":\"https:\\\/\\\/www.alveria.it\\\/\",\"name\":\"Alveria - Consulting, Training and Solutions\",\"description\":\"Alveria - Consulting, Training and Solutions\",\"publisher\":{\"@id\":\"https:\\\/\\\/www.alveria.it\\\/#organization\"},\"potentialAction\":[{\"@type\":\"SearchAction\",\"target\":{\"@type\":\"EntryPoint\",\"urlTemplate\":\"https:\\\/\\\/www.alveria.it\\\/?s={search_term_string}\"},\"query-input\":{\"@type\":\"PropertyValueSpecification\",\"valueRequired\":true,\"valueName\":\"search_term_string\"}}],\"inLanguage\":\"fr-FR\"},{\"@type\":\"Organization\",\"@id\":\"https:\\\/\\\/www.alveria.it\\\/#organization\",\"name\":\"Alveria - Consulting, Training and Solutions\",\"url\":\"https:\\\/\\\/www.alveria.it\\\/\",\"logo\":{\"@type\":\"ImageObject\",\"inLanguage\":\"fr-FR\",\"@id\":\"https:\\\/\\\/www.alveria.it\\\/#\\\/schema\\\/logo\\\/image\\\/\",\"url\":\"https:\\\/\\\/www.alveria.it\\\/wp-content\\\/uploads\\\/2023\\\/12\\\/logo_alveria_normal.svg\",\"contentUrl\":\"https:\\\/\\\/www.alveria.it\\\/wp-content\\\/uploads\\\/2023\\\/12\\\/logo_alveria_normal.svg\",\"caption\":\"Alveria - Consulting, Training and Solutions\"},\"image\":{\"@id\":\"https:\\\/\\\/www.alveria.it\\\/#\\\/schema\\\/logo\\\/image\\\/\"}}]}<\/script>\n<!-- \/ Yoast SEO plugin. -->","yoast_head_json":{"title":"POLITIQUE INT\u00c9GR\u00c9E DE S\u00c9CURIT\u00c9 ET D'ENVIRONNEMENT","description":"Politique int\u00e9gr\u00e9e de s\u00e9curit\u00e9 et d'environnement POLITIQUE INT\u00c9GR\u00c9E DE S\u00c9CURIT\u00c9 ET D'ENVIRONNEMENT Alveria S.r.l. op\u00e8re en tant que soci\u00e9t\u00e9 de conseil depuis 2010,","robots":{"index":"index","follow":"follow","max-snippet":"max-snippet:-1","max-image-preview":"max-image-preview:large","max-video-preview":"max-video-preview:-1"},"canonical":"https:\/\/www.alveria.it\/fr\/politica-integrata-sicurezza-e-ambiente\/","og_locale":"fr_FR","og_type":"article","og_title":"POLITICA INTEGRATA SICUREZZA E AMBIENTE","og_description":"Politica integrata sicurezza e ambiente POLITICA INTEGRATA SICUREZZA E AMBIENTE Alveria S.r.l. opera dal 2010 come societ&agrave; di consulenza,","og_url":"https:\/\/www.alveria.it\/fr\/politica-integrata-sicurezza-e-ambiente\/","og_site_name":"Alveria - Consulting, Training and Solutions","article_modified_time":"2025-09-30T12:04:16+00:00","og_image":[{"width":1920,"height":1080,"url":"https:\/\/www.alveria.it\/wp-content\/uploads\/2023\/10\/Alveria-policy-virata.jpg","type":"image\/jpeg"}],"twitter_card":"summary_large_image","twitter_misc":{"Dur\u00e9e de lecture estim\u00e9e":"5 minutes"},"schema":{"@context":"https:\/\/schema.org","@graph":[{"@type":"WebPage","@id":"https:\/\/www.alveria.it\/politica-integrata-sicurezza-e-ambiente\/","url":"https:\/\/www.alveria.it\/politica-integrata-sicurezza-e-ambiente\/","name":"POLITIQUE INT\u00c9GR\u00c9E DE S\u00c9CURIT\u00c9 ET D'ENVIRONNEMENT","isPartOf":{"@id":"https:\/\/www.alveria.it\/#website"},"primaryImageOfPage":{"@id":"https:\/\/www.alveria.it\/politica-integrata-sicurezza-e-ambiente\/#primaryimage"},"image":{"@id":"https:\/\/www.alveria.it\/politica-integrata-sicurezza-e-ambiente\/#primaryimage"},"thumbnailUrl":"https:\/\/www.alveria.it\/wp-content\/uploads\/2023\/10\/Alveria-policy-virata.jpg","datePublished":"2025-09-11T14:29:25+00:00","dateModified":"2025-09-30T12:04:16+00:00","description":"Politique int\u00e9gr\u00e9e de s\u00e9curit\u00e9 et d'environnement POLITIQUE INT\u00c9GR\u00c9E DE S\u00c9CURIT\u00c9 ET D'ENVIRONNEMENT Alveria S.r.l. op\u00e8re en tant que soci\u00e9t\u00e9 de conseil depuis 2010,","breadcrumb":{"@id":"https:\/\/www.alveria.it\/politica-integrata-sicurezza-e-ambiente\/#breadcrumb"},"inLanguage":"fr-FR","potentialAction":[{"@type":"ReadAction","target":["https:\/\/www.alveria.it\/politica-integrata-sicurezza-e-ambiente\/"]}]},{"@type":"ImageObject","inLanguage":"fr-FR","@id":"https:\/\/www.alveria.it\/politica-integrata-sicurezza-e-ambiente\/#primaryimage","url":"https:\/\/www.alveria.it\/wp-content\/uploads\/2023\/10\/Alveria-policy-virata.jpg","contentUrl":"https:\/\/www.alveria.it\/wp-content\/uploads\/2023\/10\/Alveria-policy-virata.jpg","width":1920,"height":1080},{"@type":"BreadcrumbList","@id":"https:\/\/www.alveria.it\/politica-integrata-sicurezza-e-ambiente\/#breadcrumb","itemListElement":[{"@type":"ListItem","position":1,"name":"Home","item":"https:\/\/www.alveria.it\/"},{"@type":"ListItem","position":2,"name":"POLITICA INTEGRATA SICUREZZA E AMBIENTE"}]},{"@type":"WebSite","@id":"https:\/\/www.alveria.it\/#website","url":"https:\/\/www.alveria.it\/","name":"Alveria - Conseil, formation et solutions","description":"Alveria - Conseil, formation et solutions","publisher":{"@id":"https:\/\/www.alveria.it\/#organization"},"potentialAction":[{"@type":"SearchAction","target":{"@type":"EntryPoint","urlTemplate":"https:\/\/www.alveria.it\/?s={search_term_string}"},"query-input":{"@type":"PropertyValueSpecification","valueRequired":true,"valueName":"search_term_string"}}],"inLanguage":"fr-FR"},{"@type":"Organization","@id":"https:\/\/www.alveria.it\/#organization","name":"Alveria - Conseil, formation et solutions","url":"https:\/\/www.alveria.it\/","logo":{"@type":"ImageObject","inLanguage":"fr-FR","@id":"https:\/\/www.alveria.it\/#\/schema\/logo\/image\/","url":"https:\/\/www.alveria.it\/wp-content\/uploads\/2023\/12\/logo_alveria_normal.svg","contentUrl":"https:\/\/www.alveria.it\/wp-content\/uploads\/2023\/12\/logo_alveria_normal.svg","caption":"Alveria - Consulting, Training and Solutions"},"image":{"@id":"https:\/\/www.alveria.it\/#\/schema\/logo\/image\/"}}]}},"_links":{"self":[{"href":"https:\/\/www.alveria.it\/fr\/wp-json\/wp\/v2\/pages\/2068","targetHints":{"allow":["GET"]}}],"collection":[{"href":"https:\/\/www.alveria.it\/fr\/wp-json\/wp\/v2\/pages"}],"about":[{"href":"https:\/\/www.alveria.it\/fr\/wp-json\/wp\/v2\/types\/page"}],"author":[{"embeddable":true,"href":"https:\/\/www.alveria.it\/fr\/wp-json\/wp\/v2\/users\/1"}],"replies":[{"embeddable":true,"href":"https:\/\/www.alveria.it\/fr\/wp-json\/wp\/v2\/comments?post=2068"}],"version-history":[{"count":2,"href":"https:\/\/www.alveria.it\/fr\/wp-json\/wp\/v2\/pages\/2068\/revisions"}],"predecessor-version":[{"id":2071,"href":"https:\/\/www.alveria.it\/fr\/wp-json\/wp\/v2\/pages\/2068\/revisions\/2071"}],"wp:featuredmedia":[{"embeddable":true,"href":"https:\/\/www.alveria.it\/fr\/wp-json\/wp\/v2\/media\/1021"}],"wp:attachment":[{"href":"https:\/\/www.alveria.it\/fr\/wp-json\/wp\/v2\/media?parent=2068"}],"curies":[{"name":"wp","href":"https:\/\/api.w.org\/{rel}","templated":true}]}}