{"id":167,"date":"2023-09-21T15:56:17","date_gmt":"2023-09-21T15:56:17","guid":{"rendered":"https:\/\/www.alveria.it\/?page_id=167"},"modified":"2024-05-21T11:48:26","modified_gmt":"2024-05-21T11:48:26","slug":"communication-avec-le-public-et-les-entreprises","status":"publish","type":"page","link":"https:\/\/www.alveria.it\/fr\/formazione\/people-e-managerial-development-162\/comunicazione-pubblica-e-di-impresa\/","title":{"rendered":"COMMUNICATION AVEC LE PUBLIC ET LES ENTREPRISES"},"content":{"rendered":"<p>Communication publique<\/p>\n<h3 class=\"title\">L'ART DE LA COMMUNICATION REQUIERT UN ENSEMBLE DE TALENTS, MAIS IL OB\u00c9IT AUSSI \u00c0 UN CERTAIN NOMBRE DE R\u00c8GLES<\/h3>\n<p style=\"text-align: center;\">La capacit\u00e9 \u00e0 s'exprimer en utilisant un langage vivant, mobilisateur et transformateur est essentielle dans les contextes de travail o\u00f9 les relations avec les diff\u00e9rentes parties prenantes sont \u00e0 l'ordre du jour. La double capacit\u00e9 \u00e0 donner un sens aux choses et \u00e0 les exprimer au moyen d'un langage significatif conf\u00e8re \u00e0 ceux qui la poss\u00e8dent un important pouvoir d'influence dans les contextes publics et priv\u00e9s, \u00e0 la fois en mode un pour un et en mode un pour plusieurs.<\/p>\n<p style=\"text-align: center;\">L'art de la communication requiert un ensemble de talents, mais il ob\u00e9it aussi \u00e0 un certain nombre de r\u00e8gles qui peuvent \u00eatre apprises. A cet \u00e9gard, la proposition d'Alveria dans le domaine de la communication comprend <strong>des moments de formation distincts mais compl\u00e9mentaires<\/strong>, qui couvrent tous les besoins des professionnels de l'entreprise souhaitant mettre en \u0153uvre des projets d'int\u00e9gration culturelle et de d\u00e9veloppement de l'identit\u00e9 d'entreprise.<\/p>\n<p style=\"text-align: center;\">Afin d\u2019assurer une compr\u00e9hension efficace des th\u00e8mes abord\u00e9s, les s\u00e9minaires sont\u00a0<strong>enregistr\u00e9s en vid\u00e9o<\/strong>\u00a0<strong>afin<\/strong>\u00a0de permettre \u00e0 l\u2019enseignant\u00a0<strong>d\u2019analyser \u00ab \u00e0 chaud \u00bb<\/strong>\u00a0les performances individuelles et de les commenter ensuite avec le groupe.<\/p>\n<p style=\"margin: 0px;\"><img decoding=\"async\" class=\"scale-with-grid\" title=\"\" src=\"\/wp-content\/uploads\/2023\/09\/iStock-944101964.jpg\" alt=\"\" width=\"\" height=\"\" \/><\/p>\n<h4>LA COMMUNICATION INTERPERSONNELLE<\/h4>\n<p>L'utilisation de l'intelligence sociale comme cl\u00e9 d'une communication efficace.<\/p>\n<p><a class=\"button button-blocchetti button_size_2 button_dark\" title=\"\" href=\"\/fr\/formation\/le-developpement-du-personnel-et-de-lencadrement\/communication-avec-le-public-et-les-entreprises\/la-communication-interpersonnelle\/\"><span class=\"button_label\">D\u00c9COUVRIR<\/span><\/a><\/p>\n<p style=\"margin: 0px;\"><img decoding=\"async\" class=\"scale-with-grid\" title=\"\" src=\"\/wp-content\/uploads\/2023\/09\/iStock-1170078981.jpg\" alt=\"\" width=\"\" height=\"\" \/><\/p>\n<h4>COMMUNICATION PUBLIQUE ET PR\u00c9SENTATION D'ENTREPRISE<\/h4>\n<p>L'art de savoir parler et la conqu\u00eate du public.<\/p>\n<p><a class=\"button button-blocchetti button_size_2 button_dark\" title=\"\" href=\"\/fr\/formation\/le-developpement-du-personnel-et-de-lencadrement\/communication-avec-le-public-et-les-entreprises\/la-prise-de-parole-en-public-et-la-presentation-daffaires\/\"><span class=\"button_label\">D\u00c9COUVRIR<\/span><\/a><\/p>\n<p style=\"margin: 0px;\"><img decoding=\"async\" class=\"scale-with-grid\" title=\"\" src=\"\/wp-content\/uploads\/2023\/09\/iStock-1477013813.jpg\" alt=\"\" width=\"\" height=\"\" \/><\/p>\n<h4>LA COMMUNICATION VERBALE ET NON VERBALE<\/h4>\n<p>Comment interpr\u00e9ter les messages corporels ?<\/p>\n<p><a class=\"button button-blocchetti button_size_2 button_dark\" title=\"\" href=\"\/fr\/formation\/le-developpement-du-personnel-et-de-lencadrement\/communication-avec-le-public-et-les-entreprises\/la-communication-verbale-et-non-verbale\/\"><span class=\"button_label\">D\u00c9COUVRIR<\/span><\/a><\/p>\n<h6 class=\"title\"><a href=\"https:\/\/www.hcms.it\/contatti\/\">CONSULTATION<\/a>HR DIGITISATION TRAINING AND BUSINESS SOLUTIONS D\u00c9COUVREZ LA M\u00c9THODE ALVERIA ET PR\u00c9PAREZ-VOUS AU CHANGEMENT.<\/h6>\n<p><a class=\"button  button_size_2 button_dark\" title=\"\" href=\"\/fr\/contacts\/\"><span class=\"button_label\">DEMANDER PLUS D'INFORMATIONS<\/span><\/a><\/p>","protected":false},"excerpt":{"rendered":"<p>Comunicazione Pubblica L\u2019ARTE DELLA COMUNICAZIONE RICHIEDE UN INSIEME DI TALENTI, MA OBBEDISCE ANCHE AD UN CERTO NUMERO DI REGOLE Essere in grado di esprimersi attraverso l&#8217;uso<span class=\"excerpt-hellip\"> [\u2026]<\/span><\/p>\n","protected":false},"author":4,"featured_media":747,"parent":162,"menu_order":0,"comment_status":"open","ping_status":"closed","template":"","meta":{"iawp_total_views":28,"footnotes":""},"class_list":["post-167","page","type-page","status-publish","has-post-thumbnail","hentry"],"yoast_head":"<!-- This site is optimized with the Yoast SEO plugin v27.5 - https:\/\/yoast.com\/product\/yoast-seo-wordpress\/ -->\n<title>COMUNICAZIONE PUBBLICA E DI IMPRESA<\/title>\n<meta name=\"description\" content=\"Scopri i corsi di comunicazione di Alveria: comunicazione interpersonale, pubblica, e comunicazione verbale e non verbale.\" \/>\n<meta name=\"robots\" content=\"index, follow, max-snippet:-1, max-image-preview:large, max-video-preview:-1\" \/>\n<link rel=\"canonical\" href=\"https:\/\/www.alveria.it\/fr\/formation\/le-developpement-du-personnel-et-de-lencadrement\/communication-avec-le-public-et-les-entreprises\/\" \/>\n<meta property=\"og:locale\" content=\"fr_FR\" \/>\n<meta property=\"og:type\" content=\"article\" \/>\n<meta property=\"og:title\" content=\"COMUNICAZIONE PUBBLICA E DI IMPRESA\" \/>\n<meta property=\"og:description\" content=\"Scopri i corsi di comunicazione di Alveria: comunicazione interpersonale, pubblica, e comunicazione verbale e non verbale.\" \/>\n<meta property=\"og:url\" content=\"https:\/\/www.alveria.it\/fr\/formation\/le-developpement-du-personnel-et-de-lencadrement\/communication-avec-le-public-et-les-entreprises\/\" \/>\n<meta property=\"og:site_name\" content=\"Alveria - Consulting, Training and Solutions\" \/>\n<meta property=\"article:modified_time\" content=\"2024-05-21T11:48:26+00:00\" \/>\n<meta property=\"og:image\" content=\"https:\/\/www.alveria.it\/wp-content\/uploads\/2023\/09\/Comunicazione-Pubblica-Impresa-virata.jpg\" \/>\n\t<meta property=\"og:image:width\" content=\"1920\" \/>\n\t<meta property=\"og:image:height\" content=\"1080\" \/>\n\t<meta property=\"og:image:type\" content=\"image\/jpeg\" \/>\n<meta name=\"twitter:card\" content=\"summary_large_image\" \/>\n<meta name=\"twitter:label1\" content=\"Dur\u00e9e de lecture estim\u00e9e\" \/>\n\t<meta name=\"twitter:data1\" content=\"3 minutes\" \/>\n<script type=\"application\/ld+json\" class=\"yoast-schema-graph\">{\"@context\":\"https:\\\/\\\/schema.org\",\"@graph\":[{\"@type\":\"WebPage\",\"@id\":\"https:\\\/\\\/www.alveria.it\\\/formazione\\\/people-e-managerial-development\\\/comunicazione-pubblica-e-di-impresa\\\/\",\"url\":\"https:\\\/\\\/www.alveria.it\\\/formazione\\\/people-e-managerial-development\\\/comunicazione-pubblica-e-di-impresa\\\/\",\"name\":\"COMUNICAZIONE PUBBLICA E DI IMPRESA\",\"isPartOf\":{\"@id\":\"https:\\\/\\\/www.alveria.it\\\/#website\"},\"primaryImageOfPage\":{\"@id\":\"https:\\\/\\\/www.alveria.it\\\/formazione\\\/people-e-managerial-development\\\/comunicazione-pubblica-e-di-impresa\\\/#primaryimage\"},\"image\":{\"@id\":\"https:\\\/\\\/www.alveria.it\\\/formazione\\\/people-e-managerial-development\\\/comunicazione-pubblica-e-di-impresa\\\/#primaryimage\"},\"thumbnailUrl\":\"https:\\\/\\\/www.alveria.it\\\/wp-content\\\/uploads\\\/2023\\\/09\\\/Comunicazione-Pubblica-Impresa-virata.jpg\",\"datePublished\":\"2023-09-21T15:56:17+00:00\",\"dateModified\":\"2024-05-21T11:48:26+00:00\",\"description\":\"Scopri i corsi di comunicazione di Alveria: comunicazione interpersonale, pubblica, e comunicazione verbale e non verbale.\",\"breadcrumb\":{\"@id\":\"https:\\\/\\\/www.alveria.it\\\/formazione\\\/people-e-managerial-development\\\/comunicazione-pubblica-e-di-impresa\\\/#breadcrumb\"},\"inLanguage\":\"fr-FR\",\"potentialAction\":[{\"@type\":\"ReadAction\",\"target\":[\"https:\\\/\\\/www.alveria.it\\\/formazione\\\/people-e-managerial-development\\\/comunicazione-pubblica-e-di-impresa\\\/\"]}]},{\"@type\":\"ImageObject\",\"inLanguage\":\"fr-FR\",\"@id\":\"https:\\\/\\\/www.alveria.it\\\/formazione\\\/people-e-managerial-development\\\/comunicazione-pubblica-e-di-impresa\\\/#primaryimage\",\"url\":\"https:\\\/\\\/www.alveria.it\\\/wp-content\\\/uploads\\\/2023\\\/09\\\/Comunicazione-Pubblica-Impresa-virata.jpg\",\"contentUrl\":\"https:\\\/\\\/www.alveria.it\\\/wp-content\\\/uploads\\\/2023\\\/09\\\/Comunicazione-Pubblica-Impresa-virata.jpg\",\"width\":1920,\"height\":1080},{\"@type\":\"BreadcrumbList\",\"@id\":\"https:\\\/\\\/www.alveria.it\\\/formazione\\\/people-e-managerial-development\\\/comunicazione-pubblica-e-di-impresa\\\/#breadcrumb\",\"itemListElement\":[{\"@type\":\"ListItem\",\"position\":1,\"name\":\"Home\",\"item\":\"https:\\\/\\\/www.alveria.it\\\/\"},{\"@type\":\"ListItem\",\"position\":2,\"name\":\"FORMAZIONE\",\"item\":\"https:\\\/\\\/www.alveria.it\\\/formazione\\\/\"},{\"@type\":\"ListItem\",\"position\":3,\"name\":\"PEOPLE E MANAGERIAL DEVELOPMENT\",\"item\":\"https:\\\/\\\/www.alveria.it\\\/formazione\\\/people-e-managerial-development\\\/\"},{\"@type\":\"ListItem\",\"position\":4,\"name\":\"COMUNICAZIONE PUBBLICA E DI IMPRESA\"}]},{\"@type\":\"WebSite\",\"@id\":\"https:\\\/\\\/www.alveria.it\\\/#website\",\"url\":\"https:\\\/\\\/www.alveria.it\\\/\",\"name\":\"Alveria - Consulting, Training and Solutions\",\"description\":\"Alveria - Consulting, Training and Solutions\",\"publisher\":{\"@id\":\"https:\\\/\\\/www.alveria.it\\\/#organization\"},\"potentialAction\":[{\"@type\":\"SearchAction\",\"target\":{\"@type\":\"EntryPoint\",\"urlTemplate\":\"https:\\\/\\\/www.alveria.it\\\/?s={search_term_string}\"},\"query-input\":{\"@type\":\"PropertyValueSpecification\",\"valueRequired\":true,\"valueName\":\"search_term_string\"}}],\"inLanguage\":\"fr-FR\"},{\"@type\":\"Organization\",\"@id\":\"https:\\\/\\\/www.alveria.it\\\/#organization\",\"name\":\"Alveria - Consulting, Training and Solutions\",\"url\":\"https:\\\/\\\/www.alveria.it\\\/\",\"logo\":{\"@type\":\"ImageObject\",\"inLanguage\":\"fr-FR\",\"@id\":\"https:\\\/\\\/www.alveria.it\\\/#\\\/schema\\\/logo\\\/image\\\/\",\"url\":\"https:\\\/\\\/www.alveria.it\\\/wp-content\\\/uploads\\\/2023\\\/12\\\/logo_alveria_normal.svg\",\"contentUrl\":\"https:\\\/\\\/www.alveria.it\\\/wp-content\\\/uploads\\\/2023\\\/12\\\/logo_alveria_normal.svg\",\"caption\":\"Alveria - Consulting, Training and Solutions\"},\"image\":{\"@id\":\"https:\\\/\\\/www.alveria.it\\\/#\\\/schema\\\/logo\\\/image\\\/\"}}]}<\/script>\n<!-- \/ Yoast SEO plugin. -->","yoast_head_json":{"title":"COMMUNICATION AVEC LE PUBLIC ET LES ENTREPRISES","description":"D\u00e9couvrez les cours de communication d'Alveria : communication interpersonnelle, communication publique, communication verbale et non verbale.","robots":{"index":"index","follow":"follow","max-snippet":"max-snippet:-1","max-image-preview":"max-image-preview:large","max-video-preview":"max-video-preview:-1"},"canonical":"https:\/\/www.alveria.it\/fr\/formation\/le-developpement-du-personnel-et-de-lencadrement\/communication-avec-le-public-et-les-entreprises\/","og_locale":"fr_FR","og_type":"article","og_title":"COMUNICAZIONE PUBBLICA E DI IMPRESA","og_description":"Scopri i corsi di comunicazione di Alveria: comunicazione interpersonale, pubblica, e comunicazione verbale e non verbale.","og_url":"https:\/\/www.alveria.it\/fr\/formation\/le-developpement-du-personnel-et-de-lencadrement\/communication-avec-le-public-et-les-entreprises\/","og_site_name":"Alveria - Consulting, Training and Solutions","article_modified_time":"2024-05-21T11:48:26+00:00","og_image":[{"width":1920,"height":1080,"url":"https:\/\/www.alveria.it\/wp-content\/uploads\/2023\/09\/Comunicazione-Pubblica-Impresa-virata.jpg","type":"image\/jpeg"}],"twitter_card":"summary_large_image","twitter_misc":{"Dur\u00e9e de lecture estim\u00e9e":"3 minutes"},"schema":{"@context":"https:\/\/schema.org","@graph":[{"@type":"WebPage","@id":"https:\/\/www.alveria.it\/formazione\/people-e-managerial-development\/comunicazione-pubblica-e-di-impresa\/","url":"https:\/\/www.alveria.it\/formazione\/people-e-managerial-development\/comunicazione-pubblica-e-di-impresa\/","name":"COMMUNICATION AVEC LE PUBLIC ET LES ENTREPRISES","isPartOf":{"@id":"https:\/\/www.alveria.it\/#website"},"primaryImageOfPage":{"@id":"https:\/\/www.alveria.it\/formazione\/people-e-managerial-development\/comunicazione-pubblica-e-di-impresa\/#primaryimage"},"image":{"@id":"https:\/\/www.alveria.it\/formazione\/people-e-managerial-development\/comunicazione-pubblica-e-di-impresa\/#primaryimage"},"thumbnailUrl":"https:\/\/www.alveria.it\/wp-content\/uploads\/2023\/09\/Comunicazione-Pubblica-Impresa-virata.jpg","datePublished":"2023-09-21T15:56:17+00:00","dateModified":"2024-05-21T11:48:26+00:00","description":"D\u00e9couvrez les cours de communication d'Alveria : communication interpersonnelle, communication publique, communication verbale et non verbale.","breadcrumb":{"@id":"https:\/\/www.alveria.it\/formazione\/people-e-managerial-development\/comunicazione-pubblica-e-di-impresa\/#breadcrumb"},"inLanguage":"fr-FR","potentialAction":[{"@type":"ReadAction","target":["https:\/\/www.alveria.it\/formazione\/people-e-managerial-development\/comunicazione-pubblica-e-di-impresa\/"]}]},{"@type":"ImageObject","inLanguage":"fr-FR","@id":"https:\/\/www.alveria.it\/formazione\/people-e-managerial-development\/comunicazione-pubblica-e-di-impresa\/#primaryimage","url":"https:\/\/www.alveria.it\/wp-content\/uploads\/2023\/09\/Comunicazione-Pubblica-Impresa-virata.jpg","contentUrl":"https:\/\/www.alveria.it\/wp-content\/uploads\/2023\/09\/Comunicazione-Pubblica-Impresa-virata.jpg","width":1920,"height":1080},{"@type":"BreadcrumbList","@id":"https:\/\/www.alveria.it\/formazione\/people-e-managerial-development\/comunicazione-pubblica-e-di-impresa\/#breadcrumb","itemListElement":[{"@type":"ListItem","position":1,"name":"Home","item":"https:\/\/www.alveria.it\/"},{"@type":"ListItem","position":2,"name":"FORMAZIONE","item":"https:\/\/www.alveria.it\/formazione\/"},{"@type":"ListItem","position":3,"name":"PEOPLE E MANAGERIAL DEVELOPMENT","item":"https:\/\/www.alveria.it\/formazione\/people-e-managerial-development\/"},{"@type":"ListItem","position":4,"name":"COMUNICAZIONE PUBBLICA E DI IMPRESA"}]},{"@type":"WebSite","@id":"https:\/\/www.alveria.it\/#website","url":"https:\/\/www.alveria.it\/","name":"Alveria - Conseil, formation et solutions","description":"Alveria - Conseil, formation et solutions","publisher":{"@id":"https:\/\/www.alveria.it\/#organization"},"potentialAction":[{"@type":"SearchAction","target":{"@type":"EntryPoint","urlTemplate":"https:\/\/www.alveria.it\/?s={search_term_string}"},"query-input":{"@type":"PropertyValueSpecification","valueRequired":true,"valueName":"search_term_string"}}],"inLanguage":"fr-FR"},{"@type":"Organization","@id":"https:\/\/www.alveria.it\/#organization","name":"Alveria - Conseil, formation et solutions","url":"https:\/\/www.alveria.it\/","logo":{"@type":"ImageObject","inLanguage":"fr-FR","@id":"https:\/\/www.alveria.it\/#\/schema\/logo\/image\/","url":"https:\/\/www.alveria.it\/wp-content\/uploads\/2023\/12\/logo_alveria_normal.svg","contentUrl":"https:\/\/www.alveria.it\/wp-content\/uploads\/2023\/12\/logo_alveria_normal.svg","caption":"Alveria - Consulting, Training and Solutions"},"image":{"@id":"https:\/\/www.alveria.it\/#\/schema\/logo\/image\/"}}]}},"_links":{"self":[{"href":"https:\/\/www.alveria.it\/fr\/wp-json\/wp\/v2\/pages\/167","targetHints":{"allow":["GET"]}}],"collection":[{"href":"https:\/\/www.alveria.it\/fr\/wp-json\/wp\/v2\/pages"}],"about":[{"href":"https:\/\/www.alveria.it\/fr\/wp-json\/wp\/v2\/types\/page"}],"author":[{"embeddable":true,"href":"https:\/\/www.alveria.it\/fr\/wp-json\/wp\/v2\/users\/4"}],"replies":[{"embeddable":true,"href":"https:\/\/www.alveria.it\/fr\/wp-json\/wp\/v2\/comments?post=167"}],"version-history":[{"count":2,"href":"https:\/\/www.alveria.it\/fr\/wp-json\/wp\/v2\/pages\/167\/revisions"}],"predecessor-version":[{"id":1478,"href":"https:\/\/www.alveria.it\/fr\/wp-json\/wp\/v2\/pages\/167\/revisions\/1478"}],"up":[{"embeddable":true,"href":"https:\/\/www.alveria.it\/fr\/wp-json\/wp\/v2\/pages\/162"}],"wp:featuredmedia":[{"embeddable":true,"href":"https:\/\/www.alveria.it\/fr\/wp-json\/wp\/v2\/media\/747"}],"wp:attachment":[{"href":"https:\/\/www.alveria.it\/fr\/wp-json\/wp\/v2\/media?parent=167"}],"curies":[{"name":"wp","href":"https:\/\/api.w.org\/{rel}","templated":true}]}}