{"id":162,"date":"2023-09-21T15:50:10","date_gmt":"2023-09-21T15:50:10","guid":{"rendered":"https:\/\/www.alveria.it\/?page_id=162"},"modified":"2025-11-28T10:57:35","modified_gmt":"2025-11-28T10:57:35","slug":"les-personnes-et-le-developpement-managerial-162","status":"publish","type":"page","link":"https:\/\/www.alveria.it\/fr\/formazione\/people-e-managerial-development-162\/","title":{"rendered":"LE D\u00c9VELOPPEMENT DU PERSONNEL ET DE L'ENCADREMENT"},"content":{"rendered":"<p>Les personnes<\/p>\n<h3 class=\"title\">NOUS DONNONS \u00c0 VOTRE ENTREPRISE LES R\u00c9PONSES DONT ELLE A BESOIN POUR SOUTENIR SON \u00c9VOLUTION ET SON D\u00c9VELOPPEMENT<\/h3>\n<p style=\"text-align: center;\">Nous sommes pr\u00eats \u00e0 vous guider sur la voie du changement en vous offrant tous les outils n\u00e9cessaires : conseil en gestion, cours de formation personnalis\u00e9s et technologies de soutien pour mettre en \u0153uvre, acc\u00e9l\u00e9rer et rendre efficace le d\u00e9veloppement de votre organisation.<\/p>\n<h3 style=\"text-align: center;\"><strong>D\u00c9COUVREZ TOUTES LES SOLUTIONS AUXQUELLES VOUS POUVEZ AVOIR ACC\u00c8S !<\/strong><\/h3>\n<p style=\"margin: 0px;\"><img decoding=\"async\" class=\"scale-with-grid\" title=\"\" src=\"\/wp-content\/uploads\/2023\/09\/People-Managerial-Development-civetta-coaching-mentoring-1.jpg\" alt=\"\" width=\"\" height=\"\" \/><\/p>\n<h4>LE COACHING ET LE MENTORAT<\/h4>\n<p>Alveria soutient les managers de HR dans le d\u00e9veloppement de parcours de coaching et de mentorat individuels et d'\u00e9quipe.<\/p>\n<p><a class=\"button button-blocchetti button_size_2 button_dark\" title=\"\" href=\"\/fr\/formation\/le-developpement-du-personnel-et-de-lencadrement\/le-coaching-et-le-mentorat\/\"><span class=\"button_label\">D\u00c9COUVRIR<\/span><\/a><\/p>\n<p style=\"margin: 0px;\"><img decoding=\"async\" class=\"scale-with-grid\" title=\"\" src=\"\/wp-content\/uploads\/2023\/09\/People-Managerial-Development-civetta-comunicazione-pubblica-impresa-1.jpg\" alt=\"\" width=\"\" height=\"\" \/><\/p>\n<h4>COMMUNICATION AVEC LE PUBLIC ET LES ENTREPRISES<\/h4>\n<p>La capacit\u00e9 \u00e0 s'exprimer au moyen d'une langue vivante, mobilisatrice et transformatrice est essentielle dans les contextes de travail o\u00f9 les relations avec les diff\u00e9rentes parties prenantes sont \u00e0 l'ordre du jour.<\/p>\n<p><a class=\"button button-blocchetti button_size_2 button_dark\" title=\"\" href=\"\/fr\/formation\/le-developpement-du-personnel-et-de-lencadrement\/communication-avec-le-public-et-les-entreprises\/\"><span class=\"button_label\">D\u00c9COUVRIR<\/span><\/a><\/p>\n<p style=\"margin: 0px;\"><img decoding=\"async\" class=\"scale-with-grid\" title=\"\" src=\"\/wp-content\/uploads\/2023\/09\/People-Managerial-Development-civetta-hr-management-leadership-1.jpg\" alt=\"\" width=\"\" height=\"\" \/><\/p>\n<h4>HR GESTION ET LEADERSHIP<\/h4>\n<p>Les cours de leadership propos\u00e9s par Alveria visent \u00e0 d\u00e9velopper et \u00e0 am\u00e9liorer toutes les comp\u00e9tences qui permettent aux managers d'influencer positivement l'\u00e9quipe et de l'orienter vers les objectifs de l'entreprise.<\/p>\n<p><a class=\"button button-blocchetti button_size_2 button_dark\" title=\"\" href=\"\/fr\/formation\/le-developpement-du-personnel-et-de-lencadrement\/gestion-des-ressources-humaines-et-leadership\/\"><span class=\"button_label\">D\u00c9COUVRIR<\/span><\/a><\/p>\n<p style=\"margin: 0px;\"><img decoding=\"async\" class=\"scale-with-grid\" title=\"\" src=\"\/wp-content\/uploads\/2023\/09\/People-Managerial-Development-civetta-innovation-management-1.jpg\" alt=\"\" width=\"\" height=\"\" \/><\/p>\n<h4>GESTION DE L'INNOVATION<\/h4>\n<p>La forte comp\u00e9titivit\u00e9 qui caract\u00e9rise tous les march\u00e9s aujourd'hui fait de l'innovation un outil essentiel pour maintenir l'avantage concurrentiel acquis et\/ou am\u00e9liorer le positionnement sur le march\u00e9.<\/p>\n<p><a class=\"button button-blocchetti button_size_2 button_dark\" title=\"\" href=\"\/fr\/formation\/le-developpement-du-personnel-et-de-lencadrement\/gestion-de-linnovation\/\"><span class=\"button_label\">D\u00c9COUVRIR<\/span><\/a><\/p>\n<p style=\"margin: 0px;\"><img decoding=\"async\" class=\"scale-with-grid\" title=\"\" src=\"\/wp-content\/uploads\/2023\/09\/People-Managerial-Development-civetta-problem-solving-decision-making-1.jpg\" alt=\"\" width=\"\" height=\"\" \/><\/p>\n<h4>R\u00c9SOLUTION DE PROBL\u00c8MES ET PRISE DE D\u00c9CISION<\/h4>\n<p>La r\u00e9solution de probl\u00e8mes et la prise de d\u00e9cision sont des comp\u00e9tences distinctives et essentielles pour atteindre et maintenir les objectifs de l'entreprise.<\/p>\n<p><a class=\"button button-blocchetti button_size_2 button_dark\" title=\"\" href=\"\/fr\/formation\/le-developpement-du-personnel-et-de-lencadrement\/resolution-de-problemes-prise-de-decision\/\"><span class=\"button_label\">D\u00c9COUVRIR<\/span><\/a><\/p>\n<p style=\"margin: 0px;\"><img decoding=\"async\" class=\"scale-with-grid\" title=\"\" src=\"\/wp-content\/uploads\/2023\/09\/People-Managerial-Development-civetta-project-management-1.jpg\" alt=\"\" width=\"\" height=\"\" \/><\/p>\n<h4>GESTION DE PROJET<\/h4>\n<p>Ces derni\u00e8res ann\u00e9es, on a pris conscience que la gestion de projet est une forme d'organisation capable de d\u00e9velopper l'int\u00e9gration et la flexibilit\u00e9 et de garantir un niveau ad\u00e9quat de coordination de processus incertains et peu formalis\u00e9s.<\/p>\n<p><a class=\"button button-blocchetti button_size_2 button_dark\" title=\"\" href=\"\/fr\/formation\/le-developpement-du-personnel-et-de-lencadrement\/gestion-de-projet\/\"><span class=\"button_label\">D\u00c9COUVRIR<\/span><\/a><\/p>\n<p style=\"margin: 0px;\"><img decoding=\"async\" class=\"scale-with-grid\" title=\"\" src=\"\/wp-content\/uploads\/2023\/09\/People-Managerial-Development-civetta-sales-training-coaching.jpg\" alt=\"\" width=\"\" height=\"\" \/><\/p>\n<h4>FORMATION ET COACHING EN VENTE<\/h4>\n<p>Alveria propose une formation ax\u00e9e sur le transfert efficace des comp\u00e9tences commerciales par le biais d'un m\u00e9lange de diff\u00e9rentes m\u00e9thodologies. Cette approche place l'apprenant au centre de la formation afin que les exp\u00e9riences acquises en classe puissent \u00eatre transf\u00e9r\u00e9es dans le travail quotidien.<\/p>\n<p><a class=\"button button-blocchetti button_size_2 button_dark\" title=\"\" href=\"\/fr\/formation\/le-developpement-du-personnel-et-de-lencadrement\/formation-et-coaching-en-vente\/\"><span class=\"button_label\">D\u00c9COUVRIR<\/span><\/a><\/p>\n<p style=\"margin: 0px;\"><img decoding=\"async\" class=\"scale-with-grid\" title=\"\" src=\"\/wp-content\/uploads\/2023\/09\/People-Managerial-Development-civetta-time-management-1.jpg\" alt=\"\" width=\"\" height=\"\" \/><\/p>\n<h4 style=\"margin: 0px;\">\nGESTION DU TEMPS<\/h4>\n<p>G\u00e9rer son temps pour \u00eatre plus productif signifie se concentrer sur le r\u00e9sultat, reconna\u00eetre ses priorit\u00e9s et essayer d'orienter ses performances en fonction de celles-ci.<\/p>\n<p><a class=\"button button-blocchetti button_size_2 button_dark\" title=\"\" href=\"\/fr\/formation\/le-developpement-du-personnel-et-de-lencadrement\/gestion-du-temps\/\"><span class=\"button_label\">D\u00c9COUVRIR<\/span><\/a><\/p>\n<h6 class=\"title\">CONSEIL, FORMATION \u00c0 LA NUM\u00c9RISATION DES RESSOURCES HUMAINES ET SOLUTIONS D'ENTREPRISE D\u00c9COUVREZ LA M\u00c9THODE ALVERIA ET PR\u00c9PAREZ-VOUS AU CHANGEMENT.<\/h6>\n<p><a class=\"button  button_size_2 button_dark\" title=\"\" href=\"\/fr\/contacts\/\"><span class=\"button_label\">DEMANDER PLUS D'INFORMATIONS<\/span><\/a><\/p>","protected":false},"excerpt":{"rendered":"<p>People DIAMO AL TUO BUSINESS LE RISPOSTE UTILI PER SUPPORTARNE L\u2019EVOLUZIONE E LO SVILUPPO Siamo pronti a guidarti sulla strada del cambiamento offrendoti tutti gli strumenti<span class=\"excerpt-hellip\"> [\u2026]<\/span><\/p>\n","protected":false},"author":4,"featured_media":743,"parent":136,"menu_order":0,"comment_status":"open","ping_status":"closed","template":"","meta":{"iawp_total_views":129,"footnotes":""},"class_list":["post-162","page","type-page","status-publish","has-post-thumbnail","hentry"],"yoast_head":"<!-- This site is optimized with the Yoast SEO plugin v27.5 - https:\/\/yoast.com\/product\/yoast-seo-wordpress\/ -->\n<title>PEOPLE E MANAGERIAL DEVELOPMENT<\/title>\n<meta name=\"description\" content=\"Scopri le soluzioni Alveria per supportare il tuo business: coaching, leadership, project e people management, e innovazione. Scopri di pi\u00f9!\" \/>\n<meta name=\"robots\" content=\"index, follow, max-snippet:-1, max-image-preview:large, max-video-preview:-1\" \/>\n<link rel=\"canonical\" href=\"https:\/\/www.alveria.it\/fr\/formation\/le-developpement-du-personnel-et-de-lencadrement\/\" \/>\n<meta property=\"og:locale\" content=\"fr_FR\" \/>\n<meta property=\"og:type\" content=\"article\" \/>\n<meta property=\"og:title\" content=\"PEOPLE E MANAGERIAL DEVELOPMENT\" \/>\n<meta property=\"og:description\" content=\"Scopri le soluzioni Alveria per supportare il tuo business: coaching, leadership, project e people management, e innovazione. Scopri di pi\u00f9!\" \/>\n<meta property=\"og:url\" content=\"https:\/\/www.alveria.it\/fr\/formation\/le-developpement-du-personnel-et-de-lencadrement\/\" \/>\n<meta property=\"og:site_name\" content=\"Alveria - Consulting, Training and Solutions\" \/>\n<meta property=\"article:modified_time\" content=\"2025-11-28T10:57:35+00:00\" \/>\n<meta property=\"og:image\" content=\"https:\/\/www.alveria.it\/wp-content\/uploads\/2023\/09\/People-Management-virata.jpg\" \/>\n\t<meta property=\"og:image:width\" content=\"1920\" \/>\n\t<meta property=\"og:image:height\" content=\"1080\" \/>\n\t<meta property=\"og:image:type\" content=\"image\/jpeg\" \/>\n<meta name=\"twitter:card\" content=\"summary_large_image\" \/>\n<meta name=\"twitter:label1\" content=\"Dur\u00e9e de lecture estim\u00e9e\" \/>\n\t<meta name=\"twitter:data1\" content=\"4 minutes\" \/>\n<script type=\"application\/ld+json\" class=\"yoast-schema-graph\">{\"@context\":\"https:\\\/\\\/schema.org\",\"@graph\":[{\"@type\":\"WebPage\",\"@id\":\"https:\\\/\\\/www.alveria.it\\\/formazione\\\/people-e-managerial-development\\\/\",\"url\":\"https:\\\/\\\/www.alveria.it\\\/formazione\\\/people-e-managerial-development\\\/\",\"name\":\"PEOPLE E MANAGERIAL DEVELOPMENT\",\"isPartOf\":{\"@id\":\"https:\\\/\\\/www.alveria.it\\\/#website\"},\"primaryImageOfPage\":{\"@id\":\"https:\\\/\\\/www.alveria.it\\\/formazione\\\/people-e-managerial-development\\\/#primaryimage\"},\"image\":{\"@id\":\"https:\\\/\\\/www.alveria.it\\\/formazione\\\/people-e-managerial-development\\\/#primaryimage\"},\"thumbnailUrl\":\"https:\\\/\\\/www.alveria.it\\\/wp-content\\\/uploads\\\/2023\\\/09\\\/People-Management-virata.jpg\",\"datePublished\":\"2023-09-21T15:50:10+00:00\",\"dateModified\":\"2025-11-28T10:57:35+00:00\",\"description\":\"Scopri le soluzioni Alveria per supportare il tuo business: coaching, leadership, project e people management, e innovazione. Scopri di pi\u00f9!\",\"breadcrumb\":{\"@id\":\"https:\\\/\\\/www.alveria.it\\\/formazione\\\/people-e-managerial-development\\\/#breadcrumb\"},\"inLanguage\":\"fr-FR\",\"potentialAction\":[{\"@type\":\"ReadAction\",\"target\":[\"https:\\\/\\\/www.alveria.it\\\/formazione\\\/people-e-managerial-development\\\/\"]}]},{\"@type\":\"ImageObject\",\"inLanguage\":\"fr-FR\",\"@id\":\"https:\\\/\\\/www.alveria.it\\\/formazione\\\/people-e-managerial-development\\\/#primaryimage\",\"url\":\"https:\\\/\\\/www.alveria.it\\\/wp-content\\\/uploads\\\/2023\\\/09\\\/People-Management-virata.jpg\",\"contentUrl\":\"https:\\\/\\\/www.alveria.it\\\/wp-content\\\/uploads\\\/2023\\\/09\\\/People-Management-virata.jpg\",\"width\":1920,\"height\":1080},{\"@type\":\"BreadcrumbList\",\"@id\":\"https:\\\/\\\/www.alveria.it\\\/formazione\\\/people-e-managerial-development\\\/#breadcrumb\",\"itemListElement\":[{\"@type\":\"ListItem\",\"position\":1,\"name\":\"Home\",\"item\":\"https:\\\/\\\/www.alveria.it\\\/\"},{\"@type\":\"ListItem\",\"position\":2,\"name\":\"FORMAZIONE\",\"item\":\"https:\\\/\\\/www.alveria.it\\\/formazione\\\/\"},{\"@type\":\"ListItem\",\"position\":3,\"name\":\"PEOPLE E MANAGERIAL DEVELOPMENT\"}]},{\"@type\":\"WebSite\",\"@id\":\"https:\\\/\\\/www.alveria.it\\\/#website\",\"url\":\"https:\\\/\\\/www.alveria.it\\\/\",\"name\":\"Alveria - Consulting, Training and Solutions\",\"description\":\"Alveria - Consulting, Training and Solutions\",\"publisher\":{\"@id\":\"https:\\\/\\\/www.alveria.it\\\/#organization\"},\"potentialAction\":[{\"@type\":\"SearchAction\",\"target\":{\"@type\":\"EntryPoint\",\"urlTemplate\":\"https:\\\/\\\/www.alveria.it\\\/?s={search_term_string}\"},\"query-input\":{\"@type\":\"PropertyValueSpecification\",\"valueRequired\":true,\"valueName\":\"search_term_string\"}}],\"inLanguage\":\"fr-FR\"},{\"@type\":\"Organization\",\"@id\":\"https:\\\/\\\/www.alveria.it\\\/#organization\",\"name\":\"Alveria - Consulting, Training and Solutions\",\"url\":\"https:\\\/\\\/www.alveria.it\\\/\",\"logo\":{\"@type\":\"ImageObject\",\"inLanguage\":\"fr-FR\",\"@id\":\"https:\\\/\\\/www.alveria.it\\\/#\\\/schema\\\/logo\\\/image\\\/\",\"url\":\"https:\\\/\\\/www.alveria.it\\\/wp-content\\\/uploads\\\/2023\\\/12\\\/logo_alveria_normal.svg\",\"contentUrl\":\"https:\\\/\\\/www.alveria.it\\\/wp-content\\\/uploads\\\/2023\\\/12\\\/logo_alveria_normal.svg\",\"caption\":\"Alveria - Consulting, Training and Solutions\"},\"image\":{\"@id\":\"https:\\\/\\\/www.alveria.it\\\/#\\\/schema\\\/logo\\\/image\\\/\"}}]}<\/script>\n<!-- \/ Yoast SEO plugin. -->","yoast_head_json":{"title":"LE D\u00c9VELOPPEMENT DU PERSONNEL ET DE L'ENCADREMENT","description":"D\u00e9couvrez les solutions d'Alveria pour soutenir votre entreprise : coaching, leadership, gestion de projets et de personnes, et innovation. En savoir plus !","robots":{"index":"index","follow":"follow","max-snippet":"max-snippet:-1","max-image-preview":"max-image-preview:large","max-video-preview":"max-video-preview:-1"},"canonical":"https:\/\/www.alveria.it\/fr\/formation\/le-developpement-du-personnel-et-de-lencadrement\/","og_locale":"fr_FR","og_type":"article","og_title":"PEOPLE E MANAGERIAL DEVELOPMENT","og_description":"Scopri le soluzioni Alveria per supportare il tuo business: coaching, leadership, project e people management, e innovazione. Scopri di pi\u00f9!","og_url":"https:\/\/www.alveria.it\/fr\/formation\/le-developpement-du-personnel-et-de-lencadrement\/","og_site_name":"Alveria - Consulting, Training and Solutions","article_modified_time":"2025-11-28T10:57:35+00:00","og_image":[{"width":1920,"height":1080,"url":"https:\/\/www.alveria.it\/wp-content\/uploads\/2023\/09\/People-Management-virata.jpg","type":"image\/jpeg"}],"twitter_card":"summary_large_image","twitter_misc":{"Dur\u00e9e de lecture estim\u00e9e":"4 minutes"},"schema":{"@context":"https:\/\/schema.org","@graph":[{"@type":"WebPage","@id":"https:\/\/www.alveria.it\/formazione\/people-e-managerial-development\/","url":"https:\/\/www.alveria.it\/formazione\/people-e-managerial-development\/","name":"LE D\u00c9VELOPPEMENT DU PERSONNEL ET DE L'ENCADREMENT","isPartOf":{"@id":"https:\/\/www.alveria.it\/#website"},"primaryImageOfPage":{"@id":"https:\/\/www.alveria.it\/formazione\/people-e-managerial-development\/#primaryimage"},"image":{"@id":"https:\/\/www.alveria.it\/formazione\/people-e-managerial-development\/#primaryimage"},"thumbnailUrl":"https:\/\/www.alveria.it\/wp-content\/uploads\/2023\/09\/People-Management-virata.jpg","datePublished":"2023-09-21T15:50:10+00:00","dateModified":"2025-11-28T10:57:35+00:00","description":"D\u00e9couvrez les solutions d'Alveria pour soutenir votre entreprise : coaching, leadership, gestion de projets et de personnes, et innovation. En savoir plus !","breadcrumb":{"@id":"https:\/\/www.alveria.it\/formazione\/people-e-managerial-development\/#breadcrumb"},"inLanguage":"fr-FR","potentialAction":[{"@type":"ReadAction","target":["https:\/\/www.alveria.it\/formazione\/people-e-managerial-development\/"]}]},{"@type":"ImageObject","inLanguage":"fr-FR","@id":"https:\/\/www.alveria.it\/formazione\/people-e-managerial-development\/#primaryimage","url":"https:\/\/www.alveria.it\/wp-content\/uploads\/2023\/09\/People-Management-virata.jpg","contentUrl":"https:\/\/www.alveria.it\/wp-content\/uploads\/2023\/09\/People-Management-virata.jpg","width":1920,"height":1080},{"@type":"BreadcrumbList","@id":"https:\/\/www.alveria.it\/formazione\/people-e-managerial-development\/#breadcrumb","itemListElement":[{"@type":"ListItem","position":1,"name":"Home","item":"https:\/\/www.alveria.it\/"},{"@type":"ListItem","position":2,"name":"FORMAZIONE","item":"https:\/\/www.alveria.it\/formazione\/"},{"@type":"ListItem","position":3,"name":"PEOPLE E MANAGERIAL DEVELOPMENT"}]},{"@type":"WebSite","@id":"https:\/\/www.alveria.it\/#website","url":"https:\/\/www.alveria.it\/","name":"Alveria - Conseil, formation et solutions","description":"Alveria - Conseil, formation et solutions","publisher":{"@id":"https:\/\/www.alveria.it\/#organization"},"potentialAction":[{"@type":"SearchAction","target":{"@type":"EntryPoint","urlTemplate":"https:\/\/www.alveria.it\/?s={search_term_string}"},"query-input":{"@type":"PropertyValueSpecification","valueRequired":true,"valueName":"search_term_string"}}],"inLanguage":"fr-FR"},{"@type":"Organization","@id":"https:\/\/www.alveria.it\/#organization","name":"Alveria - Conseil, formation et solutions","url":"https:\/\/www.alveria.it\/","logo":{"@type":"ImageObject","inLanguage":"fr-FR","@id":"https:\/\/www.alveria.it\/#\/schema\/logo\/image\/","url":"https:\/\/www.alveria.it\/wp-content\/uploads\/2023\/12\/logo_alveria_normal.svg","contentUrl":"https:\/\/www.alveria.it\/wp-content\/uploads\/2023\/12\/logo_alveria_normal.svg","caption":"Alveria - Consulting, Training and Solutions"},"image":{"@id":"https:\/\/www.alveria.it\/#\/schema\/logo\/image\/"}}]}},"_links":{"self":[{"href":"https:\/\/www.alveria.it\/fr\/wp-json\/wp\/v2\/pages\/162","targetHints":{"allow":["GET"]}}],"collection":[{"href":"https:\/\/www.alveria.it\/fr\/wp-json\/wp\/v2\/pages"}],"about":[{"href":"https:\/\/www.alveria.it\/fr\/wp-json\/wp\/v2\/types\/page"}],"author":[{"embeddable":true,"href":"https:\/\/www.alveria.it\/fr\/wp-json\/wp\/v2\/users\/4"}],"replies":[{"embeddable":true,"href":"https:\/\/www.alveria.it\/fr\/wp-json\/wp\/v2\/comments?post=162"}],"version-history":[{"count":4,"href":"https:\/\/www.alveria.it\/fr\/wp-json\/wp\/v2\/pages\/162\/revisions"}],"predecessor-version":[{"id":2158,"href":"https:\/\/www.alveria.it\/fr\/wp-json\/wp\/v2\/pages\/162\/revisions\/2158"}],"up":[{"embeddable":true,"href":"https:\/\/www.alveria.it\/fr\/wp-json\/wp\/v2\/pages\/136"}],"wp:featuredmedia":[{"embeddable":true,"href":"https:\/\/www.alveria.it\/fr\/wp-json\/wp\/v2\/media\/743"}],"wp:attachment":[{"href":"https:\/\/www.alveria.it\/fr\/wp-json\/wp\/v2\/media?parent=162"}],"curies":[{"name":"wp","href":"https:\/\/api.w.org\/{rel}","templated":true}]}}