{"id":159,"date":"2023-09-21T15:23:18","date_gmt":"2023-09-21T15:23:18","guid":{"rendered":"https:\/\/www.alveria.it\/?page_id=159"},"modified":"2024-05-24T15:44:45","modified_gmt":"2024-05-24T15:44:45","slug":"formation-en-plein-air","status":"publish","type":"page","link":"https:\/\/www.alveria.it\/fr\/formation\/la-formation-experientielle\/formation-en-plein-air\/","title":{"rendered":"FORMATION EN PLEIN AIR"},"content":{"rendered":"<p class=\"title\">Formation en plein air<\/p>\n<h3 class=\"title\">L'ENTRA\u00ceNEMENT EN PLEIN AIR COMME M\u00c9TAPHORE DE LA VIE<\/h3>\n<p style=\"text-align: center;\">Le pr\u00e9sent <strong>mod\u00e8le<\/strong> de formation n\u00e9cessite <strong>une forte implication psychophysique<\/strong>. Il incite les participants \u00e0 une int\u00e9gration naturelle avec leurs coll\u00e8gues et les formateurs en exigeant une participation active et un engagement constant.<\/p>\n<p style=\"text-align: center;\">L'entra\u00eenement en plein air est d\u00e9velopp\u00e9 par\u00a0<strong>des exercices qui sont une m\u00e9taphore de la vie en entreprise<\/strong>: les membres de l'\u00e9quipe constatent par eux-m\u00eames que l'individu seul ne peut pas faire grand-chose et que le groupe, coh\u00e9rent, organis\u00e9, impliqu\u00e9 et conscient de l'objectif \u00e0 atteindre, peut faire beaucoup plus.<\/p>\n<h3>OBJECTIFS D'APPRENTISSAGE<\/h3>\n<ul class=\"mfn-list mfn-list-left mfn-list-middle\">\n<li class=\"mfn-list-item\" style=\"counter-set: my-sec-counter 0;\"><span class=\"mfn-list-desc\">Gestion du changement<\/span><\/li>\n<li class=\"mfn-list-item\"><span class=\"mfn-list-desc\">Int\u00e9gration et synergie interfonctionnelles<\/span><\/li>\n<li class=\"mfn-list-item\"><span class=\"mfn-list-desc\">Communication dans des situations et des environnements complexes<\/span><\/li>\n<li class=\"mfn-list-item\"><span class=\"mfn-list-desc\">Collaboration entre le front et le back-office<\/span><\/li>\n<li class=\"mfn-list-item\"><span class=\"mfn-list-desc\">Normes op\u00e9rationnelles et am\u00e9lioration continue<\/span><\/li>\n<li class=\"mfn-list-item\"><span class=\"mfn-list-desc\">Un leadership g\u00e9n\u00e9ralis\u00e9<\/span><\/li>\n<\/ul>\n<p style=\"text-align: center;\">Particuli\u00e8rement efficace dans les contextes d\u2019entreprise o\u00f9 les interventions pr\u00e9c\u00e9dentes reposaient principalement sur des <a href=\"https:\/\/www.hcms.it\/contatti\/\">techniques<\/a> de formation traditionnelles, souvent r\u00e9p\u00e9titives et centr\u00e9es sur la classe. Cette approche innovante, fond\u00e9e sur des exp\u00e9riences concr\u00e8tes et engageantes, permet aux participants d\u2019int\u00e9grer les enseignements de mani\u00e8re plus profonde et durable, en les transformant en comp\u00e9tences pratiques directement mobilisables dans leur travail quotidien.<\/p>\n<h6 class=\"title\">CONSEIL, FORMATION \u00c0 LA NUM\u00c9RISATION DES RESSOURCES HUMAINES ET SOLUTIONS D'ENTREPRISE D\u00c9COUVREZ LA M\u00c9THODE ALVERIA ET PR\u00c9PAREZ-VOUS AU CHANGEMENT.<\/h6>\n<p><a class=\"button  button_size_2 button_dark\" title=\"\" href=\"\/fr\/contacts\/\"><span class=\"button_label\">DEMANDER PLUS D'INFORMATIONS<\/span><\/a><\/p>","protected":false},"excerpt":{"rendered":"<p>Formazione Outdoor LA FORMAZIONE OUTDOOR COME METAFORA DI VITA Questo modello di formazione ad alto coinvolgimento psico-fisico, induce i partecipanti a una naturale integrazione con colleghi<span class=\"excerpt-hellip\"> [...]<\/span><\/p>","protected":false},"author":4,"featured_media":709,"parent":152,"menu_order":0,"comment_status":"open","ping_status":"closed","template":"","meta":{"iawp_total_views":34,"footnotes":""},"class_list":["post-159","page","type-page","status-publish","has-post-thumbnail","hentry"],"yoast_head":"<!-- This site is optimized with the Yoast SEO plugin v25.1 - https:\/\/yoast.com\/wordpress\/plugins\/seo\/ -->\n<title>FORMAZIONE OUTDOOR<\/title>\n<meta name=\"description\" content=\"Scopri la Formazione Outdoor di Alveria: coinvolgimento attivo, sinergia di team, gestione del cambiamento e leadership diffusa.\" \/>\n<meta name=\"robots\" content=\"index, follow, max-snippet:-1, max-image-preview:large, max-video-preview:-1\" \/>\n<link rel=\"canonical\" href=\"https:\/\/www.alveria.it\/fr\/formation\/la-formation-experientielle\/formation-en-plein-air\/\" \/>\n<meta property=\"og:locale\" content=\"fr_FR\" \/>\n<meta property=\"og:type\" content=\"article\" \/>\n<meta property=\"og:title\" content=\"FORMAZIONE OUTDOOR\" \/>\n<meta property=\"og:description\" content=\"Scopri la Formazione Outdoor di Alveria: coinvolgimento attivo, sinergia di team, gestione del cambiamento e leadership diffusa.\" \/>\n<meta property=\"og:url\" content=\"https:\/\/www.alveria.it\/fr\/formation\/la-formation-experientielle\/formation-en-plein-air\/\" \/>\n<meta property=\"og:site_name\" content=\"Alveria - Consulting, Training and Solutions\" \/>\n<meta property=\"article:modified_time\" content=\"2024-05-24T15:44:45+00:00\" \/>\n<meta property=\"og:image\" content=\"https:\/\/www.alveria.it\/wp-content\/uploads\/2023\/09\/Formazione-Outdoor-virata.jpg\" \/>\n\t<meta property=\"og:image:width\" content=\"1920\" \/>\n\t<meta property=\"og:image:height\" content=\"1080\" \/>\n\t<meta property=\"og:image:type\" content=\"image\/jpeg\" \/>\n<meta name=\"twitter:card\" content=\"summary_large_image\" \/>\n<meta name=\"twitter:label1\" content=\"Dur\u00e9e de lecture estim\u00e9e\" \/>\n\t<meta name=\"twitter:data1\" content=\"2 minutes\" \/>\n<script type=\"application\/ld+json\" class=\"yoast-schema-graph\">{\"@context\":\"https:\/\/schema.org\",\"@graph\":[{\"@type\":\"WebPage\",\"@id\":\"https:\/\/www.alveria.it\/formazione\/formazione-esperienziale\/formazione-outdoor\/\",\"url\":\"https:\/\/www.alveria.it\/formazione\/formazione-esperienziale\/formazione-outdoor\/\",\"name\":\"FORMAZIONE OUTDOOR\",\"isPartOf\":{\"@id\":\"https:\/\/www.alveria.it\/#website\"},\"primaryImageOfPage\":{\"@id\":\"https:\/\/www.alveria.it\/formazione\/formazione-esperienziale\/formazione-outdoor\/#primaryimage\"},\"image\":{\"@id\":\"https:\/\/www.alveria.it\/formazione\/formazione-esperienziale\/formazione-outdoor\/#primaryimage\"},\"thumbnailUrl\":\"https:\/\/www.alveria.it\/wp-content\/uploads\/2023\/09\/Formazione-Outdoor-virata.jpg\",\"datePublished\":\"2023-09-21T15:23:18+00:00\",\"dateModified\":\"2024-05-24T15:44:45+00:00\",\"description\":\"Scopri la Formazione Outdoor di Alveria: coinvolgimento attivo, sinergia di team, gestione del cambiamento e leadership diffusa.\",\"breadcrumb\":{\"@id\":\"https:\/\/www.alveria.it\/formazione\/formazione-esperienziale\/formazione-outdoor\/#breadcrumb\"},\"inLanguage\":\"fr-FR\",\"potentialAction\":[{\"@type\":\"ReadAction\",\"target\":[\"https:\/\/www.alveria.it\/formazione\/formazione-esperienziale\/formazione-outdoor\/\"]}]},{\"@type\":\"ImageObject\",\"inLanguage\":\"fr-FR\",\"@id\":\"https:\/\/www.alveria.it\/formazione\/formazione-esperienziale\/formazione-outdoor\/#primaryimage\",\"url\":\"https:\/\/www.alveria.it\/wp-content\/uploads\/2023\/09\/Formazione-Outdoor-virata.jpg\",\"contentUrl\":\"https:\/\/www.alveria.it\/wp-content\/uploads\/2023\/09\/Formazione-Outdoor-virata.jpg\",\"width\":1920,\"height\":1080,\"caption\":\"formazione outdoor\"},{\"@type\":\"BreadcrumbList\",\"@id\":\"https:\/\/www.alveria.it\/formazione\/formazione-esperienziale\/formazione-outdoor\/#breadcrumb\",\"itemListElement\":[{\"@type\":\"ListItem\",\"position\":1,\"name\":\"Home\",\"item\":\"https:\/\/www.alveria.it\/\"},{\"@type\":\"ListItem\",\"position\":2,\"name\":\"FORMAZIONE\",\"item\":\"https:\/\/www.alveria.it\/formazione\/\"},{\"@type\":\"ListItem\",\"position\":3,\"name\":\"FORMAZIONE ESPERIENZIALE\",\"item\":\"https:\/\/www.alveria.it\/formazione\/formazione-esperienziale\/\"},{\"@type\":\"ListItem\",\"position\":4,\"name\":\"FORMAZIONE OUTDOOR\"}]},{\"@type\":\"WebSite\",\"@id\":\"https:\/\/www.alveria.it\/#website\",\"url\":\"https:\/\/www.alveria.it\/\",\"name\":\"Alveria - Consulting, Training and Solutions\",\"description\":\"Alveria - Consulting, Training and Solutions\",\"publisher\":{\"@id\":\"https:\/\/www.alveria.it\/#organization\"},\"potentialAction\":[{\"@type\":\"SearchAction\",\"target\":{\"@type\":\"EntryPoint\",\"urlTemplate\":\"https:\/\/www.alveria.it\/?s={search_term_string}\"},\"query-input\":{\"@type\":\"PropertyValueSpecification\",\"valueRequired\":true,\"valueName\":\"search_term_string\"}}],\"inLanguage\":\"fr-FR\"},{\"@type\":\"Organization\",\"@id\":\"https:\/\/www.alveria.it\/#organization\",\"name\":\"Alveria - Consulting, Training and Solutions\",\"url\":\"https:\/\/www.alveria.it\/\",\"logo\":{\"@type\":\"ImageObject\",\"inLanguage\":\"fr-FR\",\"@id\":\"https:\/\/www.alveria.it\/#\/schema\/logo\/image\/\",\"url\":\"https:\/\/www.alveria.it\/wp-content\/uploads\/2023\/12\/logo_alveria_normal.svg\",\"contentUrl\":\"https:\/\/www.alveria.it\/wp-content\/uploads\/2023\/12\/logo_alveria_normal.svg\",\"caption\":\"Alveria - Consulting, Training and Solutions\"},\"image\":{\"@id\":\"https:\/\/www.alveria.it\/#\/schema\/logo\/image\/\"}}]}<\/script>\n<!-- \/ Yoast SEO plugin. -->","yoast_head_json":{"title":"FORMAZIONE OUTDOOR","description":"Scopri la Formazione Outdoor di Alveria: coinvolgimento attivo, sinergia di team, gestione del cambiamento e leadership diffusa.","robots":{"index":"index","follow":"follow","max-snippet":"max-snippet:-1","max-image-preview":"max-image-preview:large","max-video-preview":"max-video-preview:-1"},"canonical":"https:\/\/www.alveria.it\/fr\/formation\/la-formation-experientielle\/formation-en-plein-air\/","og_locale":"fr_FR","og_type":"article","og_title":"FORMAZIONE OUTDOOR","og_description":"Scopri la Formazione Outdoor di Alveria: coinvolgimento attivo, sinergia di team, gestione del cambiamento e leadership diffusa.","og_url":"https:\/\/www.alveria.it\/fr\/formation\/la-formation-experientielle\/formation-en-plein-air\/","og_site_name":"Alveria - Consulting, Training and Solutions","article_modified_time":"2024-05-24T15:44:45+00:00","og_image":[{"width":1920,"height":1080,"url":"https:\/\/www.alveria.it\/wp-content\/uploads\/2023\/09\/Formazione-Outdoor-virata.jpg","type":"image\/jpeg"}],"twitter_card":"summary_large_image","twitter_misc":{"Dur\u00e9e de lecture estim\u00e9e":"2 minutes"},"schema":{"@context":"https:\/\/schema.org","@graph":[{"@type":"WebPage","@id":"https:\/\/www.alveria.it\/formazione\/formazione-esperienziale\/formazione-outdoor\/","url":"https:\/\/www.alveria.it\/formazione\/formazione-esperienziale\/formazione-outdoor\/","name":"FORMAZIONE OUTDOOR","isPartOf":{"@id":"https:\/\/www.alveria.it\/#website"},"primaryImageOfPage":{"@id":"https:\/\/www.alveria.it\/formazione\/formazione-esperienziale\/formazione-outdoor\/#primaryimage"},"image":{"@id":"https:\/\/www.alveria.it\/formazione\/formazione-esperienziale\/formazione-outdoor\/#primaryimage"},"thumbnailUrl":"https:\/\/www.alveria.it\/wp-content\/uploads\/2023\/09\/Formazione-Outdoor-virata.jpg","datePublished":"2023-09-21T15:23:18+00:00","dateModified":"2024-05-24T15:44:45+00:00","description":"Scopri la Formazione Outdoor di Alveria: coinvolgimento attivo, sinergia di team, gestione del cambiamento e leadership diffusa.","breadcrumb":{"@id":"https:\/\/www.alveria.it\/formazione\/formazione-esperienziale\/formazione-outdoor\/#breadcrumb"},"inLanguage":"fr-FR","potentialAction":[{"@type":"ReadAction","target":["https:\/\/www.alveria.it\/formazione\/formazione-esperienziale\/formazione-outdoor\/"]}]},{"@type":"ImageObject","inLanguage":"fr-FR","@id":"https:\/\/www.alveria.it\/formazione\/formazione-esperienziale\/formazione-outdoor\/#primaryimage","url":"https:\/\/www.alveria.it\/wp-content\/uploads\/2023\/09\/Formazione-Outdoor-virata.jpg","contentUrl":"https:\/\/www.alveria.it\/wp-content\/uploads\/2023\/09\/Formazione-Outdoor-virata.jpg","width":1920,"height":1080,"caption":"formazione outdoor"},{"@type":"BreadcrumbList","@id":"https:\/\/www.alveria.it\/formazione\/formazione-esperienziale\/formazione-outdoor\/#breadcrumb","itemListElement":[{"@type":"ListItem","position":1,"name":"Home","item":"https:\/\/www.alveria.it\/"},{"@type":"ListItem","position":2,"name":"FORMAZIONE","item":"https:\/\/www.alveria.it\/formazione\/"},{"@type":"ListItem","position":3,"name":"FORMAZIONE ESPERIENZIALE","item":"https:\/\/www.alveria.it\/formazione\/formazione-esperienziale\/"},{"@type":"ListItem","position":4,"name":"FORMAZIONE OUTDOOR"}]},{"@type":"WebSite","@id":"https:\/\/www.alveria.it\/#website","url":"https:\/\/www.alveria.it\/","name":"Alveria - Consulting, Training and Solutions","description":"Alveria - Consulting, Training and Solutions","publisher":{"@id":"https:\/\/www.alveria.it\/#organization"},"potentialAction":[{"@type":"SearchAction","target":{"@type":"EntryPoint","urlTemplate":"https:\/\/www.alveria.it\/?s={search_term_string}"},"query-input":{"@type":"PropertyValueSpecification","valueRequired":true,"valueName":"search_term_string"}}],"inLanguage":"fr-FR"},{"@type":"Organization","@id":"https:\/\/www.alveria.it\/#organization","name":"Alveria - Consulting, Training and Solutions","url":"https:\/\/www.alveria.it\/","logo":{"@type":"ImageObject","inLanguage":"fr-FR","@id":"https:\/\/www.alveria.it\/#\/schema\/logo\/image\/","url":"https:\/\/www.alveria.it\/wp-content\/uploads\/2023\/12\/logo_alveria_normal.svg","contentUrl":"https:\/\/www.alveria.it\/wp-content\/uploads\/2023\/12\/logo_alveria_normal.svg","caption":"Alveria - Consulting, Training and Solutions"},"image":{"@id":"https:\/\/www.alveria.it\/#\/schema\/logo\/image\/"}}]}},"_links":{"self":[{"href":"https:\/\/www.alveria.it\/fr\/wp-json\/wp\/v2\/pages\/159","targetHints":{"allow":["GET"]}}],"collection":[{"href":"https:\/\/www.alveria.it\/fr\/wp-json\/wp\/v2\/pages"}],"about":[{"href":"https:\/\/www.alveria.it\/fr\/wp-json\/wp\/v2\/types\/page"}],"author":[{"embeddable":true,"href":"https:\/\/www.alveria.it\/fr\/wp-json\/wp\/v2\/users\/4"}],"replies":[{"embeddable":true,"href":"https:\/\/www.alveria.it\/fr\/wp-json\/wp\/v2\/comments?post=159"}],"version-history":[{"count":3,"href":"https:\/\/www.alveria.it\/fr\/wp-json\/wp\/v2\/pages\/159\/revisions"}],"predecessor-version":[{"id":1556,"href":"https:\/\/www.alveria.it\/fr\/wp-json\/wp\/v2\/pages\/159\/revisions\/1556"}],"up":[{"embeddable":true,"href":"https:\/\/www.alveria.it\/fr\/wp-json\/wp\/v2\/pages\/152"}],"wp:featuredmedia":[{"embeddable":true,"href":"https:\/\/www.alveria.it\/fr\/wp-json\/wp\/v2\/media\/709"}],"wp:attachment":[{"href":"https:\/\/www.alveria.it\/fr\/wp-json\/wp\/v2\/media?parent=159"}],"curies":[{"name":"wp","href":"https:\/\/api.w.org\/{rel}","templated":true}]}}