{"id":152,"date":"2023-09-21T14:05:20","date_gmt":"2023-09-21T14:05:20","guid":{"rendered":"https:\/\/www.alveria.it\/?page_id=152"},"modified":"2024-05-27T16:07:06","modified_gmt":"2024-05-27T16:07:06","slug":"la-formation-experientielle","status":"publish","type":"page","link":"https:\/\/www.alveria.it\/fr\/formation\/la-formation-experientielle\/","title":{"rendered":"LA FORMATION EXP\u00c9RIENTIELLE"},"content":{"rendered":"<p class=\"title\">Formation exp\u00e9rimentale<\/p>\n<h3 class=\"title\">VIVRE DES SITUATIONS R\u00c9ELLES POUR UN CHANGEMENT R\u00c9EL. CE N'EST QU'AVEC ALVERIA QUE VOUS POURREZ SURMONTER DES BARRI\u00c8RES CONCEPTUELLES PROFOND\u00c9MENT ENRACIN\u00c9ES<\/h3>\n<p style=\"text-align: center;\">Alveria cr\u00e9e des parcours de formation innovants et stimulants avec ses clients pour aider les ressources \u00e0 d\u00e9velopper et \u00e0 am\u00e9liorer les comp\u00e9tences individuelles et le travail d'\u00e9quipe.<\/p>\n<h3 class=\"title\">SUCC\u00c8S SANS BARRI\u00c8RES CONCEPTUELLES<\/h3>\n<p style=\"text-align: center;\">Les cours de formation exp\u00e9rimentale sont men\u00e9s par des consultants seniors avec l'assistance de personnel technique sp\u00e9cialis\u00e9 dans l'activit\u00e9 propos\u00e9e (formation en salle ou en plein air), en contr\u00f4lant p\u00e9riodiquement les r\u00e9sultats obtenus au cours du processus et en garantissant des normes de s\u00e9curit\u00e9 et de qualit\u00e9 absolues.<\/p>\n<p style=\"text-align: center;\">Au cours de la formation, les consultants d'Alveria analyseront les it\u00e9rations et les r\u00e9sultats des participants pendant les sessions et\/ou les tests pratiques auxquels ils seront p\u00e9riodiquement soumis avec un d\u00e9briefing ult\u00e9rieur bas\u00e9 sur :<\/p>\n<p>Analyse et vue d'ensemble du testRationalisation des efforts d\u00e9ploy\u00e9s et des modalit\u00e9s de r\u00e9ussiteMoyens et outils qui ont permis aux participants d'atteindre le r\u00e9sultat<\/p>\n<p style=\"text-align: center;\">La m\u00e9thodologie appliqu\u00e9e dans la r\u00e9alisation des cours de formation, y compris les cours de formation exp\u00e9rientielle, permet de <a href=\"https:\/\/www.hcms.it\/contatti\/\">agir directement<\/a> sur le comportement des participants avec des r\u00e9sultats imm\u00e9diats et reproductibles dans leur travail quotidien.<\/p>\n<h3>NOTRE MOD\u00c8LE<\/h3>\n<h4 class=\"title\">FAIRE L'EXP\u00c9RIENCE DE LA COLLABORATION ENTRE LES R\u00d4LES<\/h4>\n<h4 class=\"title\">SORTIR DE SA \"ZONE DE CONFORT<\/h4>\n<h4 class=\"title\">FAIRE FACE \u00c0 LA NOUVEAUT\u00c9 ET AU CHANGEMENT<\/h4>\n<h4 class=\"title\">ACCEPTER L'AIDE DES AUTRES<\/h4>\n<h4 class=\"title\">PRENDRE CONFIANCE EN SOI<\/h4>\n<h3>NOS M\u00c9THODOLOGIES DE FORMATION<\/h3>\n<h3>NOS M\u00c9THODOLOGIES DE FORMATION<\/h3>\n<p style=\"margin: 0px;\"><img decoding=\"async\" class=\"scale-with-grid\" title=\"\" src=\"\/wp-content\/uploads\/2023\/09\/formazione-esperenziale-civetta-formazione-outdoor-5.jpg\" alt=\"\" width=\"\" height=\"\" \/><\/p>\n<h4>FORMATION EN PLEIN AIR<\/h4>\n<p>Le pr\u00e9sent <strong>mod\u00e8le<\/strong> de la formation par l'exp\u00e9rience <strong>une forte implication psychophysique<\/strong>. Il incite les participants \u00e0 une int\u00e9gration naturelle avec leurs coll\u00e8gues et les formateurs en exigeant une participation active et un engagement constant.<\/p>\n<p><a class=\"button button-blocchetti button_size_2 button_dark\" title=\"\" href=\"\/fr\/formation\/la-formation-experientielle\/formation-en-plein-air\/\"><span class=\"button_label\">D\u00c9COUVRIR<\/span><\/a><\/p>\n<p style=\"margin: 0px;\"><img decoding=\"async\" class=\"scale-with-grid\" title=\"\" src=\"\/wp-content\/uploads\/2023\/09\/formazione-esperenziale-civetta-selling-game-1.jpg\" alt=\"\" width=\"\" height=\"\" \/><\/p>\n<h4>JEU DE VENTE<\/h4>\n<p>Cette formule permet aux participants, r\u00e9partis en <strong>groupes de travail \"en concurrence\" les uns avec les autres<\/strong>, de mobiliser leurs connaissances, leurs comp\u00e9tences et leur exp\u00e9rience dans un environnement dynamique et comp\u00e9titif.<\/p>\n<p><a class=\"button button-blocchetti button_size_2 button_dark\" title=\"\" href=\"\/fr\/formation\/la-formation-experientielle\/jeu-de-vente\/\"><span class=\"button_label\">D\u00c9COUVRIR<\/span><\/a><\/p>\n<p style=\"margin: 0px;\"><img loading=\"lazy\" decoding=\"async\" class=\"scale-with-grid\" src=\"https:\/\/www.alveria.it\/wp-content\/uploads\/2023\/09\/formazione-esperenziale-civetta-laboratori-teatrali-1.jpg\" sizes=\"auto, (max-width:767px) 480px, (max-width:900px) 100vw, 900px\" srcset=\"https:\/\/www.alveria.it\/wp-content\/uploads\/2023\/09\/formazione-esperenziale-civetta-laboratori-teatrali-1.jpg 900w, https:\/\/www.alveria.it\/wp-content\/uploads\/2023\/09\/formazione-esperenziale-civetta-laboratori-teatrali-1-500x375.jpg 500w, https:\/\/www.alveria.it\/wp-content\/uploads\/2023\/09\/formazione-esperenziale-civetta-laboratori-teatrali-1-300x225.jpg 300w, https:\/\/www.alveria.it\/wp-content\/uploads\/2023\/09\/formazione-esperenziale-civetta-laboratori-teatrali-1-768x576.jpg 768w, https:\/\/www.alveria.it\/wp-content\/uploads\/2023\/09\/formazione-esperenziale-civetta-laboratori-teatrali-1-16x12.jpg 16w, https:\/\/www.alveria.it\/wp-content\/uploads\/2023\/09\/formazione-esperenziale-civetta-laboratori-teatrali-1-100x75.jpg 100w, https:\/\/www.alveria.it\/wp-content\/uploads\/2023\/09\/formazione-esperenziale-civetta-laboratori-teatrali-1-480x360.jpg 480w\" alt=\"\" width=\"900\" height=\"675\" \/><\/p>\n<h4>\u00a0ATELIERS DE TH\u00c9\u00c2TRE<\/h4>\n<p>L'atelier de th\u00e9\u00e2tre est une m\u00e9thode de formation dans laquelle <strong>des groupes de travail s\u2019exercent \u00e0 pr\u00e9parer et \u00e0 la repr\u00e9sentation d'une pi\u00e8ce de th\u00e9\u00e2tre<\/strong>en commen\u00e7ant par un sc\u00e9nario d\u00e9crivant les principales caract\u00e9ristiques de la pi\u00e8ce.<\/p>\n<p><a class=\"button button-blocchetti button_size_2 button_dark\" title=\"\" href=\"\/fr\/formation\/la-formation-experientielle\/ateliers-de-theatre\/\"><span class=\"button_label\">D\u00c9COUVRIR<\/span><\/a><\/p>\n<p style=\"margin: 0px;\"><img decoding=\"async\" class=\"scale-with-grid\" title=\"\" src=\"\/wp-content\/uploads\/2023\/09\/formazione-esperenziale-civetta-training-game-1.jpg\" alt=\"\" width=\"\" height=\"\" \/><\/p>\n<h4>JEU D'ENTRA\u00ceNEMENT<\/h4>\n<p>Le jeu de la formation utilise <strong>les mod\u00e8les et structures typiques des jeux de soci\u00e9t\u00e9 populaires<\/strong> (par exemple, Monopoly, Jeu de l'Oie, Trivial) en reproduisant m\u00e9taphoriquement des situations, des \u00e9v\u00e9nements et des probl\u00e8mes critiques issus de contextes de travail r\u00e9els.<\/p>\n<p><a class=\"button button-blocchetti button_size_2 button_dark\" title=\"\" href=\"\/fr\/formation\/la-formation-experientielle\/jeu-dentrainement\/\"><span class=\"button_label\">D\u00c9COUVRIR<\/span><\/a><\/p>\n<h6 class=\"title\">CONSEIL, FORMATION \u00c0 LA NUM\u00c9RISATION DES RESSOURCES HUMAINES ET SOLUTIONS D'ENTREPRISE D\u00c9COUVREZ LA M\u00c9THODE ALVERIA ET PR\u00c9PAREZ-VOUS AU CHANGEMENT.<\/h6>\n<p><a class=\"button  button_size_2 button_dark\" title=\"\" href=\"\/fr\/contacts\/\"><span class=\"button_label\">DEMANDER PLUS D'INFORMATIONS<\/span><\/a><\/p>","protected":false},"excerpt":{"rendered":"<p>Formazione Esperienzale SPERIMENTA SITUAZIONI REALI PER CAMBIAMENTI REALI. SOLO CON ALVERIA POTRAI SUPERARE RADICATE BARRIERE CONCETTUALI Alveria realizza con i propri clienti percorsi formativi innovativi e<span class=\"excerpt-hellip\"> [...]<\/span><\/p>","protected":false},"author":4,"featured_media":698,"parent":136,"menu_order":0,"comment_status":"open","ping_status":"closed","template":"","meta":{"iawp_total_views":177,"footnotes":""},"class_list":["post-152","page","type-page","status-publish","has-post-thumbnail","hentry"],"yoast_head":"<!-- This site is optimized with the Yoast SEO plugin v25.1 - https:\/\/yoast.com\/wordpress\/plugins\/seo\/ -->\n<title>FORMAZIONE ESPERIENZIALE<\/title>\n<meta name=\"description\" content=\"Scopri la Formazione Esperienziale di Alveria: percorsi innovativi indoor e outdoor per superare barriere concettuali.\" \/>\n<meta name=\"robots\" content=\"index, follow, max-snippet:-1, max-image-preview:large, max-video-preview:-1\" \/>\n<link rel=\"canonical\" href=\"https:\/\/www.alveria.it\/fr\/formation\/la-formation-experientielle\/\" \/>\n<meta property=\"og:locale\" content=\"fr_FR\" \/>\n<meta property=\"og:type\" content=\"article\" \/>\n<meta property=\"og:title\" content=\"FORMAZIONE ESPERIENZIALE\" \/>\n<meta property=\"og:description\" content=\"Scopri la Formazione Esperienziale di Alveria: percorsi innovativi indoor e outdoor per superare barriere concettuali.\" \/>\n<meta property=\"og:url\" content=\"https:\/\/www.alveria.it\/fr\/formation\/la-formation-experientielle\/\" \/>\n<meta property=\"og:site_name\" content=\"Alveria - Consulting, Training and Solutions\" \/>\n<meta property=\"article:modified_time\" content=\"2024-05-27T16:07:06+00:00\" \/>\n<meta property=\"og:image\" content=\"https:\/\/www.alveria.it\/wp-content\/uploads\/2023\/09\/Formazione-Esperienziale-virata.jpg\" \/>\n\t<meta property=\"og:image:width\" content=\"1920\" \/>\n\t<meta property=\"og:image:height\" content=\"1080\" \/>\n\t<meta property=\"og:image:type\" content=\"image\/jpeg\" \/>\n<meta name=\"twitter:card\" content=\"summary_large_image\" \/>\n<meta name=\"twitter:label1\" content=\"Dur\u00e9e de lecture estim\u00e9e\" \/>\n\t<meta name=\"twitter:data1\" content=\"3 minutes\" \/>\n<script type=\"application\/ld+json\" class=\"yoast-schema-graph\">{\"@context\":\"https:\/\/schema.org\",\"@graph\":[{\"@type\":\"WebPage\",\"@id\":\"https:\/\/www.alveria.it\/formazione\/formazione-esperienziale\/\",\"url\":\"https:\/\/www.alveria.it\/formazione\/formazione-esperienziale\/\",\"name\":\"FORMAZIONE ESPERIENZIALE\",\"isPartOf\":{\"@id\":\"https:\/\/www.alveria.it\/#website\"},\"primaryImageOfPage\":{\"@id\":\"https:\/\/www.alveria.it\/formazione\/formazione-esperienziale\/#primaryimage\"},\"image\":{\"@id\":\"https:\/\/www.alveria.it\/formazione\/formazione-esperienziale\/#primaryimage\"},\"thumbnailUrl\":\"https:\/\/www.alveria.it\/wp-content\/uploads\/2023\/09\/Formazione-Esperienziale-virata.jpg\",\"datePublished\":\"2023-09-21T14:05:20+00:00\",\"dateModified\":\"2024-05-27T16:07:06+00:00\",\"description\":\"Scopri la Formazione Esperienziale di Alveria: percorsi innovativi indoor e outdoor per superare barriere concettuali.\",\"breadcrumb\":{\"@id\":\"https:\/\/www.alveria.it\/formazione\/formazione-esperienziale\/#breadcrumb\"},\"inLanguage\":\"fr-FR\",\"potentialAction\":[{\"@type\":\"ReadAction\",\"target\":[\"https:\/\/www.alveria.it\/formazione\/formazione-esperienziale\/\"]}]},{\"@type\":\"ImageObject\",\"inLanguage\":\"fr-FR\",\"@id\":\"https:\/\/www.alveria.it\/formazione\/formazione-esperienziale\/#primaryimage\",\"url\":\"https:\/\/www.alveria.it\/wp-content\/uploads\/2023\/09\/Formazione-Esperienziale-virata.jpg\",\"contentUrl\":\"https:\/\/www.alveria.it\/wp-content\/uploads\/2023\/09\/Formazione-Esperienziale-virata.jpg\",\"width\":1920,\"height\":1080},{\"@type\":\"BreadcrumbList\",\"@id\":\"https:\/\/www.alveria.it\/formazione\/formazione-esperienziale\/#breadcrumb\",\"itemListElement\":[{\"@type\":\"ListItem\",\"position\":1,\"name\":\"Home\",\"item\":\"https:\/\/www.alveria.it\/\"},{\"@type\":\"ListItem\",\"position\":2,\"name\":\"FORMAZIONE\",\"item\":\"https:\/\/www.alveria.it\/formazione\/\"},{\"@type\":\"ListItem\",\"position\":3,\"name\":\"FORMAZIONE ESPERIENZIALE\"}]},{\"@type\":\"WebSite\",\"@id\":\"https:\/\/www.alveria.it\/#website\",\"url\":\"https:\/\/www.alveria.it\/\",\"name\":\"Alveria - Consulting, Training and Solutions\",\"description\":\"Alveria - Consulting, Training and Solutions\",\"publisher\":{\"@id\":\"https:\/\/www.alveria.it\/#organization\"},\"potentialAction\":[{\"@type\":\"SearchAction\",\"target\":{\"@type\":\"EntryPoint\",\"urlTemplate\":\"https:\/\/www.alveria.it\/?s={search_term_string}\"},\"query-input\":{\"@type\":\"PropertyValueSpecification\",\"valueRequired\":true,\"valueName\":\"search_term_string\"}}],\"inLanguage\":\"fr-FR\"},{\"@type\":\"Organization\",\"@id\":\"https:\/\/www.alveria.it\/#organization\",\"name\":\"Alveria - Consulting, Training and Solutions\",\"url\":\"https:\/\/www.alveria.it\/\",\"logo\":{\"@type\":\"ImageObject\",\"inLanguage\":\"fr-FR\",\"@id\":\"https:\/\/www.alveria.it\/#\/schema\/logo\/image\/\",\"url\":\"https:\/\/www.alveria.it\/wp-content\/uploads\/2023\/12\/logo_alveria_normal.svg\",\"contentUrl\":\"https:\/\/www.alveria.it\/wp-content\/uploads\/2023\/12\/logo_alveria_normal.svg\",\"caption\":\"Alveria - Consulting, Training and Solutions\"},\"image\":{\"@id\":\"https:\/\/www.alveria.it\/#\/schema\/logo\/image\/\"}}]}<\/script>\n<!-- \/ Yoast SEO plugin. -->","yoast_head_json":{"title":"FORMAZIONE ESPERIENZIALE","description":"Scopri la Formazione Esperienziale di Alveria: percorsi innovativi indoor e outdoor per superare barriere concettuali.","robots":{"index":"index","follow":"follow","max-snippet":"max-snippet:-1","max-image-preview":"max-image-preview:large","max-video-preview":"max-video-preview:-1"},"canonical":"https:\/\/www.alveria.it\/fr\/formation\/la-formation-experientielle\/","og_locale":"fr_FR","og_type":"article","og_title":"FORMAZIONE ESPERIENZIALE","og_description":"Scopri la Formazione Esperienziale di Alveria: percorsi innovativi indoor e outdoor per superare barriere concettuali.","og_url":"https:\/\/www.alveria.it\/fr\/formation\/la-formation-experientielle\/","og_site_name":"Alveria - Consulting, Training and Solutions","article_modified_time":"2024-05-27T16:07:06+00:00","og_image":[{"width":1920,"height":1080,"url":"https:\/\/www.alveria.it\/wp-content\/uploads\/2023\/09\/Formazione-Esperienziale-virata.jpg","type":"image\/jpeg"}],"twitter_card":"summary_large_image","twitter_misc":{"Dur\u00e9e de lecture estim\u00e9e":"3 minutes"},"schema":{"@context":"https:\/\/schema.org","@graph":[{"@type":"WebPage","@id":"https:\/\/www.alveria.it\/formazione\/formazione-esperienziale\/","url":"https:\/\/www.alveria.it\/formazione\/formazione-esperienziale\/","name":"FORMAZIONE ESPERIENZIALE","isPartOf":{"@id":"https:\/\/www.alveria.it\/#website"},"primaryImageOfPage":{"@id":"https:\/\/www.alveria.it\/formazione\/formazione-esperienziale\/#primaryimage"},"image":{"@id":"https:\/\/www.alveria.it\/formazione\/formazione-esperienziale\/#primaryimage"},"thumbnailUrl":"https:\/\/www.alveria.it\/wp-content\/uploads\/2023\/09\/Formazione-Esperienziale-virata.jpg","datePublished":"2023-09-21T14:05:20+00:00","dateModified":"2024-05-27T16:07:06+00:00","description":"Scopri la Formazione Esperienziale di Alveria: percorsi innovativi indoor e outdoor per superare barriere concettuali.","breadcrumb":{"@id":"https:\/\/www.alveria.it\/formazione\/formazione-esperienziale\/#breadcrumb"},"inLanguage":"fr-FR","potentialAction":[{"@type":"ReadAction","target":["https:\/\/www.alveria.it\/formazione\/formazione-esperienziale\/"]}]},{"@type":"ImageObject","inLanguage":"fr-FR","@id":"https:\/\/www.alveria.it\/formazione\/formazione-esperienziale\/#primaryimage","url":"https:\/\/www.alveria.it\/wp-content\/uploads\/2023\/09\/Formazione-Esperienziale-virata.jpg","contentUrl":"https:\/\/www.alveria.it\/wp-content\/uploads\/2023\/09\/Formazione-Esperienziale-virata.jpg","width":1920,"height":1080},{"@type":"BreadcrumbList","@id":"https:\/\/www.alveria.it\/formazione\/formazione-esperienziale\/#breadcrumb","itemListElement":[{"@type":"ListItem","position":1,"name":"Home","item":"https:\/\/www.alveria.it\/"},{"@type":"ListItem","position":2,"name":"FORMAZIONE","item":"https:\/\/www.alveria.it\/formazione\/"},{"@type":"ListItem","position":3,"name":"FORMAZIONE ESPERIENZIALE"}]},{"@type":"WebSite","@id":"https:\/\/www.alveria.it\/#website","url":"https:\/\/www.alveria.it\/","name":"Alveria - Consulting, Training and Solutions","description":"Alveria - Consulting, Training and Solutions","publisher":{"@id":"https:\/\/www.alveria.it\/#organization"},"potentialAction":[{"@type":"SearchAction","target":{"@type":"EntryPoint","urlTemplate":"https:\/\/www.alveria.it\/?s={search_term_string}"},"query-input":{"@type":"PropertyValueSpecification","valueRequired":true,"valueName":"search_term_string"}}],"inLanguage":"fr-FR"},{"@type":"Organization","@id":"https:\/\/www.alveria.it\/#organization","name":"Alveria - Consulting, Training and Solutions","url":"https:\/\/www.alveria.it\/","logo":{"@type":"ImageObject","inLanguage":"fr-FR","@id":"https:\/\/www.alveria.it\/#\/schema\/logo\/image\/","url":"https:\/\/www.alveria.it\/wp-content\/uploads\/2023\/12\/logo_alveria_normal.svg","contentUrl":"https:\/\/www.alveria.it\/wp-content\/uploads\/2023\/12\/logo_alveria_normal.svg","caption":"Alveria - Consulting, Training and Solutions"},"image":{"@id":"https:\/\/www.alveria.it\/#\/schema\/logo\/image\/"}}]}},"_links":{"self":[{"href":"https:\/\/www.alveria.it\/fr\/wp-json\/wp\/v2\/pages\/152","targetHints":{"allow":["GET"]}}],"collection":[{"href":"https:\/\/www.alveria.it\/fr\/wp-json\/wp\/v2\/pages"}],"about":[{"href":"https:\/\/www.alveria.it\/fr\/wp-json\/wp\/v2\/types\/page"}],"author":[{"embeddable":true,"href":"https:\/\/www.alveria.it\/fr\/wp-json\/wp\/v2\/users\/4"}],"replies":[{"embeddable":true,"href":"https:\/\/www.alveria.it\/fr\/wp-json\/wp\/v2\/comments?post=152"}],"version-history":[{"count":3,"href":"https:\/\/www.alveria.it\/fr\/wp-json\/wp\/v2\/pages\/152\/revisions"}],"predecessor-version":[{"id":2116,"href":"https:\/\/www.alveria.it\/fr\/wp-json\/wp\/v2\/pages\/152\/revisions\/2116"}],"up":[{"embeddable":true,"href":"https:\/\/www.alveria.it\/fr\/wp-json\/wp\/v2\/pages\/136"}],"wp:featuredmedia":[{"embeddable":true,"href":"https:\/\/www.alveria.it\/fr\/wp-json\/wp\/v2\/media\/698"}],"wp:attachment":[{"href":"https:\/\/www.alveria.it\/fr\/wp-json\/wp\/v2\/media?parent=152"}],"curies":[{"name":"wp","href":"https:\/\/api.w.org\/{rel}","templated":true}]}}