{"id":125,"date":"2023-09-21T10:09:16","date_gmt":"2023-09-21T10:09:16","guid":{"rendered":"https:\/\/www.alveria.it\/?page_id=125"},"modified":"2025-10-24T08:03:00","modified_gmt":"2025-10-24T08:03:00","slug":"conseil","status":"publish","type":"page","link":"https:\/\/www.alveria.it\/fr\/conseil\/","title":{"rendered":"CONSULTATION"},"content":{"rendered":"<h1 class=\"title\">UN CHANGEMENT N'EST POSSIBLE QUE LORSQUE LE PRODUIT DES FORCES QUI L'ENTRA\u00ceNENT EST SUP\u00c9RIEUR AUX R\u00c9SISTANCES QUI S'Y OPPOSENT<\/h1>\n<h2 class=\"title\">M\u00c9THODOLOGIE SYST\u00c9MIQUE ET INTERVENTIONS PERSONNALIS\u00c9ES<\/h2>\n<p>Alveria est la seule entreprise italienne \u00e0 avoir adopt\u00e9 le syst\u00e8me d'information de la Commission europ\u00e9enne <strong>la m\u00e9thode Tavistock<\/strong> dans ses services de conseil personnalis\u00e9s.<\/p>\n<p><strong>L'approche syst\u00e9mique-psychodynamique<\/strong>, \u00e0 la base de la m\u00e9thode, permet d'identifier les facteurs \u00e9motionnels qui sous-tendent les \u00e9checs et les r\u00e9sistances au changement ; les reconna\u00eetre et les modifier conduit \u00e0 l'apprentissage de bonnes pratiques qui s'av\u00e8rent d\u00e9cisives <strong>pour la r\u00e9ussite des individus et de l'ensemble du syst\u00e8me de l'entreprise.<\/strong><\/p>\n<p><strong>ALVERIA FAIT EN SORTE QUE LES INDIVIDUS APPRENNENT \"COMMENT CHANGER\" ET QUE LE SYST\u00c8ME APPRENNE \"LA CULTURE DU CHANGEMENT\".<\/strong><\/p>\n<p>La m\u00e9thodologie utilis\u00e9e comprend des interventions sp\u00e9cifiques allant de la faisabilit\u00e9 du projet aux interventions sur la motivation\/communication, en passant par la gestion du consensus et la gestion \u00e9ventuelle des personnes mobiles.<\/p>\n<p>Une m\u00e9thodologie syst\u00e9mique dans laquelle chaque \u00e9l\u00e9ment a ses propres caract\u00e9ristiques et sp\u00e9cificit\u00e9s, et est li\u00e9 aux autres par des relations d\u00e9finies.<\/p>\n<h2>NOTRE MOD\u00c8LE D'INTERVENTION<\/h2>\n<h4 class=\"title\">\u00c9TUDE DE FAISABILIT\u00c9 DU PROJET<\/h4>\n<h4 class=\"title\">LES INTERVENTIONS SUR LA MOTIVATION ET LA COMMUNICATION<\/h4>\n<h4 class=\"title\">SOUTIEN \u00c0 LA GESTION DES LITIGES<\/h4>\n<h4 class=\"title\">GESTION DES PERSONNES MOBILES<\/h4>\n<h4>AREE D&#8217;AZIONE<\/h4>\n<p><a class=\"btn-ancora\" href=\"\/fr\/conseil\/#SISTEMI-PROFESSIONALI\">SYST\u00c8MES PROFESSIONNELS <\/a><\/p>\n<p><a class=\"btn-ancora\" href=\"\/fr\/conseil\/#GOVERNANCE-HR\">GOUVERNANCE RH<\/a><\/p>\n<p><a class=\"btn-ancora\" href=\"\/fr\/conseil\/#MBO-E-PERFORMANCE-MANAGEMENT\">MBO ET PERFORMANCE MANAGEMENT<\/a><\/p>\n<p><a class=\"btn-ancora\" href=\"\/fr\/conseil\/#SVILUPPO-INTRANET-AZIENDALE\">D\u00c9VELOPPEMENT D'UN INTRANET D'ENTREPRISE<\/a><\/p>\n<p><a class=\"btn-ancora\" href=\"\/fr\/conseil\/#MANAGEMENT-ASSESSMENT\">\u00c9VALUATION DE LA GESTION<\/a><\/p>\n<p><a class=\"btn-ancora\" href=\"\/fr\/conseil\/#SALES-CONSULTING\">CONSEIL EN VENTE<\/a><\/p>\n<p><a class=\"btn-ancora\" href=\"\/fr\/en\/conseil\/#SISTEMI-PROFESSIONALI\">SYST\u00c8MES PROFESSIONNELS <\/a><\/p>\n<p><a class=\"btn-ancora\" href=\"\/fr\/en\/conseil\/#GOVERNANCE-HR\">GOUVERNANCE RH<\/a><\/p>\n<p><a class=\"btn-ancora\" href=\"\/fr\/en\/conseil\/#MBO-E-PERFORMANCE-MANAGEMENT\">MBO ET PERFORMANCE MANAGEMENT<\/a><\/p>\n<p><a class=\"btn-ancora\" href=\"\/fr\/en\/conseil\/#SVILUPPO-INTRANET-AZIENDALE\">D\u00c9VELOPPEMENT D'UN INTRANET D'ENTREPRISE<\/a><\/p>\n<p><a class=\"btn-ancora\" href=\"\/fr\/en\/conseil\/#MANAGEMENT-ASSESSMENT\">\u00c9VALUATION DE LA GESTION<\/a><\/p>\n<p><a class=\"btn-ancora\" href=\"\/fr\/en\/conseil\/#SALES-CONSULTING\">CONSEIL EN VENTE<\/a><\/p>\n<p><a class=\"btn-ancora\" href=\"\/fr\/en\/conseil\/#DIRETTIVA-EUROPEA\">DIRETTIVA EUROPEA<\/a><\/p>\n<h1 class=\"title\">SYST\u00c8MES PROFESSIONNELS<\/h1>\n<p>Les comp\u00e9tences n\u00e9cessaires pour relever les d\u00e9fis du march\u00e9.<\/p>\n<p><a class=\"button  button_size_2 button_dark\" title=\"\" href=\"\/fr\/conseil\/systemes-professionnels\/\"><span class=\"button_label\">D\u00c9COUVRIR <\/span><\/a><\/p>\n<h1 class=\"title\">GOUVERNANCE RH<\/h1>\n<p>Gestion des ressources humaines et \u00e9volution de l'entreprise.<\/p>\n<p><a class=\"button  button_size_2 button_dark\" title=\"\" href=\"\/fr\/conseil\/gouvernance-des-ressources-humaines\/\"><span class=\"button_label\">D\u00c9COUVRIR <\/span><\/a><\/p>\n<h1 class=\"title\">MBO ET PERFORMANCE MANAGEMENT<\/h1>\n<p>Comportement organisationnel et choix strat\u00e9giques.<\/p>\n<p><a class=\"button  button_size_2 button_dark\" title=\"\" href=\"\/fr\/conseil\/gestion-des-performances-du-mbo\/\"><span class=\"button_label\">D\u00c9COUVRIR <\/span><\/a><\/p>\n<h1 class=\"title\">D\u00c9VELOPPEMENT D'UN INTRANET D'ENTREPRISE<\/h1>\n<p>Le r\u00e9seau comme facteur critique de succ\u00e8s.<\/p>\n<p><a class=\"button  button_size_2 button_dark\" title=\"\" href=\"\/fr\/conseil\/developpement-dun-intranet-dentreprise\/\"><span class=\"button_label\">D\u00c9COUVRIR <\/span><\/a><\/p>\n<h1 class=\"title\">RECHERCHE DE CADRES<\/h1>\n<p>Ricerca e selezione di profili dirigenziali.<\/p>\n<p><a class=\"button  button_size_2 button_dark\" title=\"\" href=\"\/fr\/conseil\/recherche-de-cadres\/\"><span class=\"button_label\">D\u00c9COUVRIR <\/span><\/a><\/p>\n<h1 class=\"title\">CONSEIL EN VENTE<\/h1>\n<p>Solutions d\u00e9di\u00e9es au d\u00e9partement des ventes.<\/p>\n<p><a class=\"button  button_size_2 button_dark\" title=\"\" href=\"\/fr\/conseil\/conseil-en-vente\/\"><span class=\"button_label\">D\u00c9COUVRIR <\/span><\/a><\/p>\n<h1 class=\"title\">\u00c9VALUATION DE LA GESTION<\/h1>\n<p>Connaissance des ressources pour le d\u00e9veloppement des entreprises.<\/p>\n<p><a class=\"button  button_size_2 button_dark\" title=\"\" href=\"\/fr\/conseil\/evaluation-de-la-gestion\/\"><span class=\"button_label\">D\u00c9COUVRIR <\/span><\/a><\/p>\n<h1 class=\"title\">DIRECTIVE EUROP\u00c9ENNE 970\/2023<\/h1>\n<p><span data-teams=\"true\">Soutien strat\u00e9gique pour r\u00e9pondre aux d\u00e9fis organisationnels et r\u00e9glementaires.<\/span><\/p>\n<p><a class=\"button  button_size_2 button_dark\" title=\"\" href=\"\/fr\/conseil\/evaluation-de-la-gestion\/\" data-wplink-edit=\"true\"><span class=\"button_label\">D\u00c9COUVRIR <\/span><\/a><\/p>\n<p class=\"title\">CONSEIL, FORMATION \u00c0 LA NUM\u00c9RISATION DES RESSOURCES HUMAINES ET SOLUTIONS D'ENTREPRISE D\u00c9COUVREZ LA M\u00c9THODE ALVERIA ET PR\u00c9PAREZ-VOUS AU CHANGEMENT.<\/p>\n<p><a class=\"button  button_size_2 button_dark\" title=\"\" href=\"\/fr\/contacts\/\"><span class=\"button_label\">DEMANDER PLUS D'INFORMATIONS<\/span><\/a><\/p>\n\n\n<p><\/p>","protected":false},"excerpt":{"rendered":"<p>IL CAMBIAMENTO \u00c8 POSSIBILE SOLO QUANDO IL PRODOTTO DELLE FORZE CHE LO SPINGONO \u00c8 SUPERIORE ALLE RESISTENZE CHE VI SI PONGONO METODOLOGIA SISTEMICA E INTERVENTI PERSONALIZZATI<span class=\"excerpt-hellip\"> [...]<\/span><\/p>","protected":false},"author":4,"featured_media":673,"parent":0,"menu_order":0,"comment_status":"open","ping_status":"closed","template":"","meta":{"iawp_total_views":1134,"footnotes":""},"class_list":["post-125","page","type-page","status-publish","has-post-thumbnail","hentry"],"yoast_head":"<!-- This site is optimized with the Yoast SEO plugin v25.1 - https:\/\/yoast.com\/wordpress\/plugins\/seo\/ -->\n<title>CONSULENZA<\/title>\n<meta name=\"description\" content=\"Alveria \u00e8 l\u2019unica realt\u00e0 italiana a adottare il Metodo Tavistock nei suoi servizi di consulenza personalizzata.\" \/>\n<meta name=\"robots\" content=\"index, follow, max-snippet:-1, max-image-preview:large, max-video-preview:-1\" \/>\n<link rel=\"canonical\" href=\"https:\/\/www.alveria.it\/fr\/conseil\/\" \/>\n<meta property=\"og:locale\" content=\"fr_FR\" \/>\n<meta property=\"og:type\" content=\"article\" \/>\n<meta property=\"og:title\" content=\"CONSULENZA\" \/>\n<meta property=\"og:description\" content=\"Alveria \u00e8 l\u2019unica realt\u00e0 italiana a adottare il Metodo Tavistock nei suoi servizi di consulenza personalizzata.\" \/>\n<meta property=\"og:url\" content=\"https:\/\/www.alveria.it\/fr\/conseil\/\" \/>\n<meta property=\"og:site_name\" content=\"Alveria - Consulting, Training and Solutions\" \/>\n<meta property=\"article:modified_time\" content=\"2025-10-24T08:03:00+00:00\" \/>\n<meta property=\"og:image\" content=\"https:\/\/www.alveria.it\/wp-content\/uploads\/2023\/09\/consulenza-virata-1.jpg\" \/>\n\t<meta property=\"og:image:width\" content=\"1920\" \/>\n\t<meta property=\"og:image:height\" content=\"1080\" \/>\n\t<meta property=\"og:image:type\" content=\"image\/jpeg\" \/>\n<meta name=\"twitter:card\" content=\"summary_large_image\" \/>\n<meta name=\"twitter:label1\" content=\"Dur\u00e9e de lecture estim\u00e9e\" \/>\n\t<meta name=\"twitter:data1\" content=\"2 minutes\" \/>\n<script type=\"application\/ld+json\" class=\"yoast-schema-graph\">{\"@context\":\"https:\/\/schema.org\",\"@graph\":[{\"@type\":\"WebPage\",\"@id\":\"https:\/\/www.alveria.it\/consulenza\/\",\"url\":\"https:\/\/www.alveria.it\/consulenza\/\",\"name\":\"CONSULENZA\",\"isPartOf\":{\"@id\":\"https:\/\/www.alveria.it\/#website\"},\"primaryImageOfPage\":{\"@id\":\"https:\/\/www.alveria.it\/consulenza\/#primaryimage\"},\"image\":{\"@id\":\"https:\/\/www.alveria.it\/consulenza\/#primaryimage\"},\"thumbnailUrl\":\"https:\/\/www.alveria.it\/wp-content\/uploads\/2023\/09\/consulenza-virata-1.jpg\",\"datePublished\":\"2023-09-21T10:09:16+00:00\",\"dateModified\":\"2025-10-24T08:03:00+00:00\",\"description\":\"Alveria \u00e8 l\u2019unica realt\u00e0 italiana a adottare il Metodo Tavistock nei suoi servizi di consulenza personalizzata.\",\"breadcrumb\":{\"@id\":\"https:\/\/www.alveria.it\/consulenza\/#breadcrumb\"},\"inLanguage\":\"fr-FR\",\"potentialAction\":[{\"@type\":\"ReadAction\",\"target\":[\"https:\/\/www.alveria.it\/consulenza\/\"]}]},{\"@type\":\"ImageObject\",\"inLanguage\":\"fr-FR\",\"@id\":\"https:\/\/www.alveria.it\/consulenza\/#primaryimage\",\"url\":\"https:\/\/www.alveria.it\/wp-content\/uploads\/2023\/09\/consulenza-virata-1.jpg\",\"contentUrl\":\"https:\/\/www.alveria.it\/wp-content\/uploads\/2023\/09\/consulenza-virata-1.jpg\",\"width\":1920,\"height\":1080},{\"@type\":\"BreadcrumbList\",\"@id\":\"https:\/\/www.alveria.it\/consulenza\/#breadcrumb\",\"itemListElement\":[{\"@type\":\"ListItem\",\"position\":1,\"name\":\"Home\",\"item\":\"https:\/\/www.alveria.it\/\"},{\"@type\":\"ListItem\",\"position\":2,\"name\":\"CONSULENZA\"}]},{\"@type\":\"WebSite\",\"@id\":\"https:\/\/www.alveria.it\/#website\",\"url\":\"https:\/\/www.alveria.it\/\",\"name\":\"Alveria - Consulting, Training and Solutions\",\"description\":\"Alveria - Consulting, Training and Solutions\",\"publisher\":{\"@id\":\"https:\/\/www.alveria.it\/#organization\"},\"potentialAction\":[{\"@type\":\"SearchAction\",\"target\":{\"@type\":\"EntryPoint\",\"urlTemplate\":\"https:\/\/www.alveria.it\/?s={search_term_string}\"},\"query-input\":{\"@type\":\"PropertyValueSpecification\",\"valueRequired\":true,\"valueName\":\"search_term_string\"}}],\"inLanguage\":\"fr-FR\"},{\"@type\":\"Organization\",\"@id\":\"https:\/\/www.alveria.it\/#organization\",\"name\":\"Alveria - Consulting, Training and Solutions\",\"url\":\"https:\/\/www.alveria.it\/\",\"logo\":{\"@type\":\"ImageObject\",\"inLanguage\":\"fr-FR\",\"@id\":\"https:\/\/www.alveria.it\/#\/schema\/logo\/image\/\",\"url\":\"https:\/\/www.alveria.it\/wp-content\/uploads\/2023\/12\/logo_alveria_normal.svg\",\"contentUrl\":\"https:\/\/www.alveria.it\/wp-content\/uploads\/2023\/12\/logo_alveria_normal.svg\",\"caption\":\"Alveria - Consulting, Training and Solutions\"},\"image\":{\"@id\":\"https:\/\/www.alveria.it\/#\/schema\/logo\/image\/\"}}]}<\/script>\n<!-- \/ Yoast SEO plugin. -->","yoast_head_json":{"title":"CONSULENZA","description":"Alveria \u00e8 l\u2019unica realt\u00e0 italiana a adottare il Metodo Tavistock nei suoi servizi di consulenza personalizzata.","robots":{"index":"index","follow":"follow","max-snippet":"max-snippet:-1","max-image-preview":"max-image-preview:large","max-video-preview":"max-video-preview:-1"},"canonical":"https:\/\/www.alveria.it\/fr\/conseil\/","og_locale":"fr_FR","og_type":"article","og_title":"CONSULENZA","og_description":"Alveria \u00e8 l\u2019unica realt\u00e0 italiana a adottare il Metodo Tavistock nei suoi servizi di consulenza personalizzata.","og_url":"https:\/\/www.alveria.it\/fr\/conseil\/","og_site_name":"Alveria - Consulting, Training and Solutions","article_modified_time":"2025-10-24T08:03:00+00:00","og_image":[{"width":1920,"height":1080,"url":"https:\/\/www.alveria.it\/wp-content\/uploads\/2023\/09\/consulenza-virata-1.jpg","type":"image\/jpeg"}],"twitter_card":"summary_large_image","twitter_misc":{"Dur\u00e9e de lecture estim\u00e9e":"2 minutes"},"schema":{"@context":"https:\/\/schema.org","@graph":[{"@type":"WebPage","@id":"https:\/\/www.alveria.it\/consulenza\/","url":"https:\/\/www.alveria.it\/consulenza\/","name":"CONSULENZA","isPartOf":{"@id":"https:\/\/www.alveria.it\/#website"},"primaryImageOfPage":{"@id":"https:\/\/www.alveria.it\/consulenza\/#primaryimage"},"image":{"@id":"https:\/\/www.alveria.it\/consulenza\/#primaryimage"},"thumbnailUrl":"https:\/\/www.alveria.it\/wp-content\/uploads\/2023\/09\/consulenza-virata-1.jpg","datePublished":"2023-09-21T10:09:16+00:00","dateModified":"2025-10-24T08:03:00+00:00","description":"Alveria \u00e8 l\u2019unica realt\u00e0 italiana a adottare il Metodo Tavistock nei suoi servizi di consulenza personalizzata.","breadcrumb":{"@id":"https:\/\/www.alveria.it\/consulenza\/#breadcrumb"},"inLanguage":"fr-FR","potentialAction":[{"@type":"ReadAction","target":["https:\/\/www.alveria.it\/consulenza\/"]}]},{"@type":"ImageObject","inLanguage":"fr-FR","@id":"https:\/\/www.alveria.it\/consulenza\/#primaryimage","url":"https:\/\/www.alveria.it\/wp-content\/uploads\/2023\/09\/consulenza-virata-1.jpg","contentUrl":"https:\/\/www.alveria.it\/wp-content\/uploads\/2023\/09\/consulenza-virata-1.jpg","width":1920,"height":1080},{"@type":"BreadcrumbList","@id":"https:\/\/www.alveria.it\/consulenza\/#breadcrumb","itemListElement":[{"@type":"ListItem","position":1,"name":"Home","item":"https:\/\/www.alveria.it\/"},{"@type":"ListItem","position":2,"name":"CONSULENZA"}]},{"@type":"WebSite","@id":"https:\/\/www.alveria.it\/#website","url":"https:\/\/www.alveria.it\/","name":"Alveria - Consulting, Training and Solutions","description":"Alveria - Consulting, Training and Solutions","publisher":{"@id":"https:\/\/www.alveria.it\/#organization"},"potentialAction":[{"@type":"SearchAction","target":{"@type":"EntryPoint","urlTemplate":"https:\/\/www.alveria.it\/?s={search_term_string}"},"query-input":{"@type":"PropertyValueSpecification","valueRequired":true,"valueName":"search_term_string"}}],"inLanguage":"fr-FR"},{"@type":"Organization","@id":"https:\/\/www.alveria.it\/#organization","name":"Alveria - Consulting, Training and Solutions","url":"https:\/\/www.alveria.it\/","logo":{"@type":"ImageObject","inLanguage":"fr-FR","@id":"https:\/\/www.alveria.it\/#\/schema\/logo\/image\/","url":"https:\/\/www.alveria.it\/wp-content\/uploads\/2023\/12\/logo_alveria_normal.svg","contentUrl":"https:\/\/www.alveria.it\/wp-content\/uploads\/2023\/12\/logo_alveria_normal.svg","caption":"Alveria - Consulting, Training and Solutions"},"image":{"@id":"https:\/\/www.alveria.it\/#\/schema\/logo\/image\/"}}]}},"_links":{"self":[{"href":"https:\/\/www.alveria.it\/fr\/wp-json\/wp\/v2\/pages\/125","targetHints":{"allow":["GET"]}}],"collection":[{"href":"https:\/\/www.alveria.it\/fr\/wp-json\/wp\/v2\/pages"}],"about":[{"href":"https:\/\/www.alveria.it\/fr\/wp-json\/wp\/v2\/types\/page"}],"author":[{"embeddable":true,"href":"https:\/\/www.alveria.it\/fr\/wp-json\/wp\/v2\/users\/4"}],"replies":[{"embeddable":true,"href":"https:\/\/www.alveria.it\/fr\/wp-json\/wp\/v2\/comments?post=125"}],"version-history":[{"count":8,"href":"https:\/\/www.alveria.it\/fr\/wp-json\/wp\/v2\/pages\/125\/revisions"}],"predecessor-version":[{"id":2127,"href":"https:\/\/www.alveria.it\/fr\/wp-json\/wp\/v2\/pages\/125\/revisions\/2127"}],"wp:featuredmedia":[{"embeddable":true,"href":"https:\/\/www.alveria.it\/fr\/wp-json\/wp\/v2\/media\/673"}],"wp:attachment":[{"href":"https:\/\/www.alveria.it\/fr\/wp-json\/wp\/v2\/media?parent=125"}],"curies":[{"name":"wp","href":"https:\/\/api.w.org\/{rel}","templated":true}]}}