{"id":602,"date":"2023-09-27T09:57:33","date_gmt":"2023-09-27T09:57:33","guid":{"rendered":"https:\/\/www.alveria.it\/?page_id=602"},"modified":"2024-05-21T12:01:49","modified_gmt":"2024-05-21T12:01:49","slug":"lo-mas-destacado-del-mercado","status":"publish","type":"page","link":"https:\/\/www.alveria.it\/espanol\/formacion\/personas-y-desarrollo-directivo-162\/formacion-y-entrenamiento-en-ventas\/lo-mas-destacado-del-mercado\/","title":{"rendered":"LO M\u00c1S DESTACADO DEL MERCADO"},"content":{"rendered":"<p>LO M\u00c1S DESTACADO DEL MERCADO<\/p>\n<p>[aioseo_breadcrumbs]<\/p>\n<ul>\n<li>| PRESENCIAL Y EN L\u00cdNEA<\/li>\n<li>COMPETENCIAS B\u00c1SICAS<\/li>\n<li>1 M\u00d3DULO<\/li>\n<\/ul>\n<h3 class=\"title\">EL ESTUDIO DEL MERCADO Y SU DIN\u00c1MICA<\/h3>\n<h3 class=\"title\">OBJETIVOS<\/h3>\n<p style=\"text-align: center;\">Los m\u00f3dulos de formaci\u00f3n Alveria dedicados a los aspectos destacados del mercado se elaboran con el objetivo de <strong>transferir conceptos e informaci\u00f3n \u00fatiles para la identificaci\u00f3n y el conocimiento:<\/strong><\/p>\n<ul class=\"mfn-list mfn-list-left mfn-list-middle\">\n<li class=\"mfn-list-item\" style=\"counter-set: my-sec-counter 0;\"><span class=\"mfn-list-desc\">Posicionar correctamente la empresa en el mercado de referencia<\/span><\/li>\n<li class=\"mfn-list-item\"><span class=\"mfn-list-desc\">Principales competidores y caracter\u00edsticas<\/span><\/li>\n<li class=\"mfn-list-item\"><span class=\"mfn-list-desc\">Din\u00e1mica del mercado y posibilidades de desarrollo<\/span><\/li>\n<li class=\"mfn-list-item\"><span class=\"mfn-list-desc\">Principales productos y sus caracter\u00edsticas<\/span><\/li>\n<\/ul>\n<h3>PROGRAMA MERCADO DESTACADO<\/h3>\n<p style=\"text-align: left;\"><strong>M\u00f3dulo 1<\/strong><\/p>\n<ul class=\"mfn-list mfn-list-left mfn-list-middle\">\n<li class=\"mfn-list-item\" style=\"counter-set: my-sec-counter 0;\"><span class=\"mfn-list-desc\">El mercado y su din\u00e1mica: segmentos, posicionamiento y principales tendencias <\/span><\/li>\n<li class=\"mfn-list-item\"><span class=\"mfn-list-desc\">Competidores: mapas perceptivos, estrategias comerciales y presidium<\/span><\/li>\n<li class=\"mfn-list-item\"><span class=\"mfn-list-desc\">Productos: normas de mercado, caracter\u00edsticas y tendencias evolutivas <\/span><\/li>\n<\/ul>\n<h3 class=\"title\">PEDAGOG\u00cdA<\/h3>\n<p style=\"text-align: center;\">El curso es eminentemente pr\u00e1ctico. La did\u00e1ctica contempla la alternancia continua de momentos te\u00f3ricos y pr\u00e1cticos con juegos de rol, simulaciones y ejercicios.<\/p>\n<h3 class=\"title\">RECIPIENTES<\/h3>\n<p style=\"text-align: center;\"><strong>Directivos y profesionales<\/strong> trabajar en estructuras de marketing y ventas.<\/p>\n<h3 class=\"title\">MATERIALES DE FORMACI\u00d3N<\/h3>\n<p style=\"text-align: center;\">Videoconferencias y material did\u00e1ctico<\/p>\n<h6 class=\"title\"><a href=\"https:\/\/www.hcms.it\/contatti\/\">CONSULTOR\u00cdA<\/a>FORMACI\u00d3N EN DIGITALIZACI\u00d3N DE LA RRHH Y SOLUCIONES EMPRESARIALES DESCUBRA EL M\u00c9TODO ALVERIA Y PREP\u00c1RESE PARA EL CAMBIO.<\/h6>\n<h6 class=\"title\">CONSULTOR\u00cdA, FORMACI\u00d3N EN DIGITALIZACI\u00d3N DE HR Y SOLUCIONES EMPRESARIALES DESCUBRA EL M\u00c9TODO ALVERIA Y PREP\u00c1RESE PARA EL CAMBIO.<\/h6>\n<p>Los m\u00f3dulos de formaci\u00f3n Alveria dedicados a los aspectos destacados del mercado se elaboran con el objetivo de <strong>transferir conceptos e informaci\u00f3n \u00fatiles para la identificaci\u00f3n y el conocimiento.<\/strong><\/p>\n<p><a class=\"button  button_size_2 button_dark\" title=\"\" href=\"\/espanol\/contactos\/\"><span class=\"button_label\">SOLICITAR M\u00c1S INFORMACI\u00d3N<\/span><\/a><\/p>","protected":false},"excerpt":{"rendered":"<p>MARKET HIGHLIGHTS [aioseo_breadcrumbs] | IN PRESENZA E ONLINE COMPETENZE BASE 1 MODULO LO STUDIO DEL MERCATO E DELLE DINAMICHE DI RIFERIMENTO OBIETTIVI I moduli formativi di<span class=\"excerpt-hellip\"> [...]<\/span><\/p>","protected":false},"author":2,"featured_media":856,"parent":504,"menu_order":0,"comment_status":"open","ping_status":"closed","template":"","meta":{"iawp_total_views":40,"footnotes":""},"class_list":["post-602","page","type-page","status-publish","has-post-thumbnail","hentry"],"yoast_head":"<!-- This site is optimized with the Yoast SEO plugin v25.1 - https:\/\/yoast.com\/wordpress\/plugins\/seo\/ -->\n<title>MARKET HIGHLIGHTS<\/title>\n<meta name=\"description\" content=\"Scopri il corso Market Highlights di Alveria: competenze base per analizzare il mercato, competitor e prodotti.\" \/>\n<meta name=\"robots\" content=\"index, follow, max-snippet:-1, max-image-preview:large, max-video-preview:-1\" \/>\n<link rel=\"canonical\" href=\"https:\/\/www.alveria.it\/espanol\/formacion\/personas-y-desarrollo-directivo\/formacion-y-entrenamiento-en-ventas\/lo-mas-destacado-del-mercado\/\" \/>\n<meta property=\"og:locale\" content=\"es_ES\" \/>\n<meta property=\"og:type\" content=\"article\" \/>\n<meta property=\"og:title\" content=\"MARKET HIGHLIGHTS\" \/>\n<meta property=\"og:description\" content=\"Scopri il corso Market Highlights di Alveria: competenze base per analizzare il mercato, competitor e prodotti.\" \/>\n<meta property=\"og:url\" content=\"https:\/\/www.alveria.it\/espanol\/formacion\/personas-y-desarrollo-directivo\/formacion-y-entrenamiento-en-ventas\/lo-mas-destacado-del-mercado\/\" \/>\n<meta property=\"og:site_name\" content=\"Alveria - Consulting, Training and Solutions\" \/>\n<meta property=\"article:modified_time\" content=\"2024-05-21T12:01:49+00:00\" \/>\n<meta property=\"og:image\" content=\"https:\/\/www.alveria.it\/wp-content\/uploads\/2023\/09\/Market-Highlights-virata.jpg\" \/>\n\t<meta property=\"og:image:width\" content=\"1920\" \/>\n\t<meta property=\"og:image:height\" content=\"1080\" \/>\n\t<meta property=\"og:image:type\" content=\"image\/jpeg\" \/>\n<meta name=\"twitter:card\" content=\"summary_large_image\" \/>\n<meta name=\"twitter:label1\" content=\"Tiempo de lectura\" \/>\n\t<meta name=\"twitter:data1\" content=\"2 minutos\" \/>\n<script type=\"application\/ld+json\" class=\"yoast-schema-graph\">{\"@context\":\"https:\/\/schema.org\",\"@graph\":[{\"@type\":\"WebPage\",\"@id\":\"https:\/\/www.alveria.it\/formazione\/people-e-managerial-development\/sales-training-e-coaching\/market-highlights\/\",\"url\":\"https:\/\/www.alveria.it\/formazione\/people-e-managerial-development\/sales-training-e-coaching\/market-highlights\/\",\"name\":\"MARKET HIGHLIGHTS\",\"isPartOf\":{\"@id\":\"https:\/\/www.alveria.it\/#website\"},\"primaryImageOfPage\":{\"@id\":\"https:\/\/www.alveria.it\/formazione\/people-e-managerial-development\/sales-training-e-coaching\/market-highlights\/#primaryimage\"},\"image\":{\"@id\":\"https:\/\/www.alveria.it\/formazione\/people-e-managerial-development\/sales-training-e-coaching\/market-highlights\/#primaryimage\"},\"thumbnailUrl\":\"https:\/\/www.alveria.it\/wp-content\/uploads\/2023\/09\/Market-Highlights-virata.jpg\",\"datePublished\":\"2023-09-27T09:57:33+00:00\",\"dateModified\":\"2024-05-21T12:01:49+00:00\",\"description\":\"Scopri il corso Market Highlights di Alveria: competenze base per analizzare il mercato, competitor e prodotti.\",\"breadcrumb\":{\"@id\":\"https:\/\/www.alveria.it\/formazione\/people-e-managerial-development\/sales-training-e-coaching\/market-highlights\/#breadcrumb\"},\"inLanguage\":\"es\",\"potentialAction\":[{\"@type\":\"ReadAction\",\"target\":[\"https:\/\/www.alveria.it\/formazione\/people-e-managerial-development\/sales-training-e-coaching\/market-highlights\/\"]}]},{\"@type\":\"ImageObject\",\"inLanguage\":\"es\",\"@id\":\"https:\/\/www.alveria.it\/formazione\/people-e-managerial-development\/sales-training-e-coaching\/market-highlights\/#primaryimage\",\"url\":\"https:\/\/www.alveria.it\/wp-content\/uploads\/2023\/09\/Market-Highlights-virata.jpg\",\"contentUrl\":\"https:\/\/www.alveria.it\/wp-content\/uploads\/2023\/09\/Market-Highlights-virata.jpg\",\"width\":1920,\"height\":1080},{\"@type\":\"BreadcrumbList\",\"@id\":\"https:\/\/www.alveria.it\/formazione\/people-e-managerial-development\/sales-training-e-coaching\/market-highlights\/#breadcrumb\",\"itemListElement\":[{\"@type\":\"ListItem\",\"position\":1,\"name\":\"Home\",\"item\":\"https:\/\/www.alveria.it\/\"},{\"@type\":\"ListItem\",\"position\":2,\"name\":\"FORMAZIONE\",\"item\":\"https:\/\/www.alveria.it\/formazione\/\"},{\"@type\":\"ListItem\",\"position\":3,\"name\":\"PEOPLE E MANAGERIAL DEVELOPMENT\",\"item\":\"https:\/\/www.alveria.it\/formazione\/people-e-managerial-development\/\"},{\"@type\":\"ListItem\",\"position\":4,\"name\":\"SALES TRAINING E COACHING\",\"item\":\"https:\/\/www.alveria.it\/formazione\/people-e-managerial-development\/sales-training-e-coaching\/\"},{\"@type\":\"ListItem\",\"position\":5,\"name\":\"MARKET HIGHLIGHTS\"}]},{\"@type\":\"WebSite\",\"@id\":\"https:\/\/www.alveria.it\/#website\",\"url\":\"https:\/\/www.alveria.it\/\",\"name\":\"Alveria - Consulting, Training and Solutions\",\"description\":\"Alveria - Consulting, Training and Solutions\",\"publisher\":{\"@id\":\"https:\/\/www.alveria.it\/#organization\"},\"potentialAction\":[{\"@type\":\"SearchAction\",\"target\":{\"@type\":\"EntryPoint\",\"urlTemplate\":\"https:\/\/www.alveria.it\/?s={search_term_string}\"},\"query-input\":{\"@type\":\"PropertyValueSpecification\",\"valueRequired\":true,\"valueName\":\"search_term_string\"}}],\"inLanguage\":\"es\"},{\"@type\":\"Organization\",\"@id\":\"https:\/\/www.alveria.it\/#organization\",\"name\":\"Alveria - Consulting, Training and Solutions\",\"url\":\"https:\/\/www.alveria.it\/\",\"logo\":{\"@type\":\"ImageObject\",\"inLanguage\":\"es\",\"@id\":\"https:\/\/www.alveria.it\/#\/schema\/logo\/image\/\",\"url\":\"https:\/\/www.alveria.it\/wp-content\/uploads\/2023\/12\/logo_alveria_normal.svg\",\"contentUrl\":\"https:\/\/www.alveria.it\/wp-content\/uploads\/2023\/12\/logo_alveria_normal.svg\",\"caption\":\"Alveria - Consulting, Training and Solutions\"},\"image\":{\"@id\":\"https:\/\/www.alveria.it\/#\/schema\/logo\/image\/\"}}]}<\/script>\n<!-- \/ Yoast SEO plugin. -->","yoast_head_json":{"title":"MARKET HIGHLIGHTS","description":"Scopri il corso Market Highlights di Alveria: competenze base per analizzare il mercato, competitor e prodotti.","robots":{"index":"index","follow":"follow","max-snippet":"max-snippet:-1","max-image-preview":"max-image-preview:large","max-video-preview":"max-video-preview:-1"},"canonical":"https:\/\/www.alveria.it\/espanol\/formacion\/personas-y-desarrollo-directivo\/formacion-y-entrenamiento-en-ventas\/lo-mas-destacado-del-mercado\/","og_locale":"es_ES","og_type":"article","og_title":"MARKET HIGHLIGHTS","og_description":"Scopri il corso Market Highlights di Alveria: competenze base per analizzare il mercato, competitor e prodotti.","og_url":"https:\/\/www.alveria.it\/espanol\/formacion\/personas-y-desarrollo-directivo\/formacion-y-entrenamiento-en-ventas\/lo-mas-destacado-del-mercado\/","og_site_name":"Alveria - Consulting, Training and Solutions","article_modified_time":"2024-05-21T12:01:49+00:00","og_image":[{"width":1920,"height":1080,"url":"https:\/\/www.alveria.it\/wp-content\/uploads\/2023\/09\/Market-Highlights-virata.jpg","type":"image\/jpeg"}],"twitter_card":"summary_large_image","twitter_misc":{"Tiempo de lectura":"2 minutos"},"schema":{"@context":"https:\/\/schema.org","@graph":[{"@type":"WebPage","@id":"https:\/\/www.alveria.it\/formazione\/people-e-managerial-development\/sales-training-e-coaching\/market-highlights\/","url":"https:\/\/www.alveria.it\/formazione\/people-e-managerial-development\/sales-training-e-coaching\/market-highlights\/","name":"MARKET HIGHLIGHTS","isPartOf":{"@id":"https:\/\/www.alveria.it\/#website"},"primaryImageOfPage":{"@id":"https:\/\/www.alveria.it\/formazione\/people-e-managerial-development\/sales-training-e-coaching\/market-highlights\/#primaryimage"},"image":{"@id":"https:\/\/www.alveria.it\/formazione\/people-e-managerial-development\/sales-training-e-coaching\/market-highlights\/#primaryimage"},"thumbnailUrl":"https:\/\/www.alveria.it\/wp-content\/uploads\/2023\/09\/Market-Highlights-virata.jpg","datePublished":"2023-09-27T09:57:33+00:00","dateModified":"2024-05-21T12:01:49+00:00","description":"Scopri il corso Market Highlights di Alveria: competenze base per analizzare il mercato, competitor e prodotti.","breadcrumb":{"@id":"https:\/\/www.alveria.it\/formazione\/people-e-managerial-development\/sales-training-e-coaching\/market-highlights\/#breadcrumb"},"inLanguage":"es","potentialAction":[{"@type":"ReadAction","target":["https:\/\/www.alveria.it\/formazione\/people-e-managerial-development\/sales-training-e-coaching\/market-highlights\/"]}]},{"@type":"ImageObject","inLanguage":"es","@id":"https:\/\/www.alveria.it\/formazione\/people-e-managerial-development\/sales-training-e-coaching\/market-highlights\/#primaryimage","url":"https:\/\/www.alveria.it\/wp-content\/uploads\/2023\/09\/Market-Highlights-virata.jpg","contentUrl":"https:\/\/www.alveria.it\/wp-content\/uploads\/2023\/09\/Market-Highlights-virata.jpg","width":1920,"height":1080},{"@type":"BreadcrumbList","@id":"https:\/\/www.alveria.it\/formazione\/people-e-managerial-development\/sales-training-e-coaching\/market-highlights\/#breadcrumb","itemListElement":[{"@type":"ListItem","position":1,"name":"Home","item":"https:\/\/www.alveria.it\/"},{"@type":"ListItem","position":2,"name":"FORMAZIONE","item":"https:\/\/www.alveria.it\/formazione\/"},{"@type":"ListItem","position":3,"name":"PEOPLE E MANAGERIAL DEVELOPMENT","item":"https:\/\/www.alveria.it\/formazione\/people-e-managerial-development\/"},{"@type":"ListItem","position":4,"name":"SALES TRAINING E COACHING","item":"https:\/\/www.alveria.it\/formazione\/people-e-managerial-development\/sales-training-e-coaching\/"},{"@type":"ListItem","position":5,"name":"MARKET HIGHLIGHTS"}]},{"@type":"WebSite","@id":"https:\/\/www.alveria.it\/#website","url":"https:\/\/www.alveria.it\/","name":"Alveria - Consulting, Training and Solutions","description":"Alveria - Consulting, Training and Solutions","publisher":{"@id":"https:\/\/www.alveria.it\/#organization"},"potentialAction":[{"@type":"SearchAction","target":{"@type":"EntryPoint","urlTemplate":"https:\/\/www.alveria.it\/?s={search_term_string}"},"query-input":{"@type":"PropertyValueSpecification","valueRequired":true,"valueName":"search_term_string"}}],"inLanguage":"es"},{"@type":"Organization","@id":"https:\/\/www.alveria.it\/#organization","name":"Alveria - Consulting, Training and Solutions","url":"https:\/\/www.alveria.it\/","logo":{"@type":"ImageObject","inLanguage":"es","@id":"https:\/\/www.alveria.it\/#\/schema\/logo\/image\/","url":"https:\/\/www.alveria.it\/wp-content\/uploads\/2023\/12\/logo_alveria_normal.svg","contentUrl":"https:\/\/www.alveria.it\/wp-content\/uploads\/2023\/12\/logo_alveria_normal.svg","caption":"Alveria - Consulting, Training and Solutions"},"image":{"@id":"https:\/\/www.alveria.it\/#\/schema\/logo\/image\/"}}]}},"_links":{"self":[{"href":"https:\/\/www.alveria.it\/espanol\/wp-json\/wp\/v2\/pages\/602","targetHints":{"allow":["GET"]}}],"collection":[{"href":"https:\/\/www.alveria.it\/espanol\/wp-json\/wp\/v2\/pages"}],"about":[{"href":"https:\/\/www.alveria.it\/espanol\/wp-json\/wp\/v2\/types\/page"}],"author":[{"embeddable":true,"href":"https:\/\/www.alveria.it\/espanol\/wp-json\/wp\/v2\/users\/2"}],"replies":[{"embeddable":true,"href":"https:\/\/www.alveria.it\/espanol\/wp-json\/wp\/v2\/comments?post=602"}],"version-history":[{"count":2,"href":"https:\/\/www.alveria.it\/espanol\/wp-json\/wp\/v2\/pages\/602\/revisions"}],"predecessor-version":[{"id":1512,"href":"https:\/\/www.alveria.it\/espanol\/wp-json\/wp\/v2\/pages\/602\/revisions\/1512"}],"up":[{"embeddable":true,"href":"https:\/\/www.alveria.it\/espanol\/wp-json\/wp\/v2\/pages\/504"}],"wp:featuredmedia":[{"embeddable":true,"href":"https:\/\/www.alveria.it\/espanol\/wp-json\/wp\/v2\/media\/856"}],"wp:attachment":[{"href":"https:\/\/www.alveria.it\/espanol\/wp-json\/wp\/v2\/media?parent=602"}],"curies":[{"name":"wp","href":"https:\/\/api.w.org\/{rel}","templated":true}]}}