{"id":508,"date":"2023-09-26T20:57:55","date_gmt":"2023-09-26T20:57:55","guid":{"rendered":"https:\/\/www.alveria.it\/?page_id=508"},"modified":"2024-05-20T15:17:39","modified_gmt":"2024-05-20T15:17:39","slug":"talleres-de-teatro","status":"publish","type":"page","link":"https:\/\/www.alveria.it\/espanol\/formacion\/formacion-experiencial\/talleres-de-teatro\/","title":{"rendered":"TALLERES DE TEATRO"},"content":{"rendered":"<p class=\"title\">Talleres de teatro<\/p>\n<h3 class=\"title\">CONOCERSE A S\u00cd MISMO Y AL OTRO PARA AFRONTAR LA COMPLEJIDAD DE LA VIDA COTIDIANA: TALLERES DE TEATRO<\/h3>\n<p style=\"text-align: center;\">Los talleres son una metodolog\u00eda de formaci\u00f3n en la que los <strong>grupos de trabajo preparan y representan una obra de teatro<\/strong>a partir de un gui\u00f3n en el que se esbozan las principales caracter\u00edsticas de la representaci\u00f3n. La actividad se estructura en funci\u00f3n del tipo de representaci\u00f3n elegido en la fase de planificaci\u00f3n y puede incluir actividades de improvisaci\u00f3n y\/o la puesta en escena de una obra en un acto o de un musical.<\/p>\n<p style=\"text-align: center;\"><strong>Una empresa y una compa\u00f1\u00eda de teatro tienen mucho en com\u00fan<\/strong>Ambos se basan en un grupo de personas y en su capacidad para interactuar y trabajar juntas. Cada departamento corresponde a un actor con un papel preciso, una funci\u00f3n asignada, una comunicaci\u00f3n que hay que hacer efectiva. Por eso utilizamos talleres de teatro<\/p>\n<h3>OBJETIVOS EDUCATIVOS DE LOS TALLERES DE TEATRO<\/h3>\n<ul class=\"mfn-list mfn-list-left mfn-list-middle\">\n<li class=\"mfn-list-item\" style=\"counter-set: my-sec-counter 0;\"><span class=\"mfn-list-desc\">Gesti\u00f3n de proyectos<\/span><\/li>\n<li class=\"mfn-list-item\"><span class=\"mfn-list-desc\">Comunicaci\u00f3n dentro de un grupo de trabajo<\/span><\/li>\n<li class=\"mfn-list-item\"><span class=\"mfn-list-desc\">Gesti\u00f3n de la complejidad<\/span><\/li>\n<li class=\"mfn-list-item\"><span class=\"mfn-list-desc\">An\u00e1lisis y definici\u00f3n del proceso de trabajo<\/span><\/li>\n<li class=\"mfn-list-item\"><span class=\"mfn-list-desc\">Creaci\u00f3n de equipos<\/span><\/li>\n<\/ul>\n<p style=\"text-align: center;\">Eficaz especialmente en <a href=\"https:\/\/www.hcms.it\/contatti\/\">contextos empresariales<\/a> donde las intervenciones anteriores se llevaban a cabo en su mayor\u00eda siguiendo t\u00e9cnicas de aula est\u00e1ndar y repetitivas.<\/p>\n<h6 class=\"title\">CONSULTOR\u00cdA, FORMACI\u00d3N EN DIGITALIZACI\u00d3N DE HR Y SOLUCIONES EMPRESARIALES DESCUBRA EL M\u00c9TODO ALVERIA Y PREP\u00c1RESE PARA EL CAMBIO.<\/h6>\n<p><a class=\"button  button_size_2 button_dark\" title=\"\" href=\"\/espanol\/contactos\/\"><span class=\"button_label\">SOLICITAR M\u00c1S INFORMACI\u00d3N<\/span><\/a><\/p>","protected":false},"excerpt":{"rendered":"<p>Laboratori Teatrali CONOSCERE S\u00c9 STESSI E L\u2019ALTRO PER GESTIRE LA COMPLESSITA\u2019 DEL QUOTIDIANO: I LABORATORI TEATRALI I laboratori sono una metodologia formativa nella quale i gruppi<span class=\"excerpt-hellip\"> [...]<\/span><\/p>","protected":false},"author":2,"featured_media":710,"parent":152,"menu_order":0,"comment_status":"open","ping_status":"closed","template":"","meta":{"iawp_total_views":108,"footnotes":""},"class_list":["post-508","page","type-page","status-publish","has-post-thumbnail","hentry"],"yoast_head":"<!-- This site is optimized with the Yoast SEO plugin v25.1 - https:\/\/yoast.com\/wordpress\/plugins\/seo\/ -->\n<title>LABORATORI TEATRALI<\/title>\n<meta name=\"description\" content=\"Scopri i Laboratori Teatrali di Alveria: formazione innovativa per migliorare project management, comunicazione e team building aziendale.\" \/>\n<meta name=\"robots\" content=\"index, follow, max-snippet:-1, max-image-preview:large, max-video-preview:-1\" \/>\n<link rel=\"canonical\" href=\"https:\/\/www.alveria.it\/espanol\/formacion\/formacion-experiencial\/talleres-de-teatro\/\" \/>\n<meta property=\"og:locale\" content=\"es_ES\" \/>\n<meta property=\"og:type\" content=\"article\" \/>\n<meta property=\"og:title\" content=\"LABORATORI TEATRALI\" \/>\n<meta property=\"og:description\" content=\"Scopri i Laboratori Teatrali di Alveria: formazione innovativa per migliorare project management, comunicazione e team building aziendale.\" \/>\n<meta property=\"og:url\" content=\"https:\/\/www.alveria.it\/espanol\/formacion\/formacion-experiencial\/talleres-de-teatro\/\" \/>\n<meta property=\"og:site_name\" content=\"Alveria - Consulting, Training and Solutions\" \/>\n<meta property=\"article:modified_time\" content=\"2024-05-20T15:17:39+00:00\" \/>\n<meta property=\"og:image\" content=\"https:\/\/www.alveria.it\/wp-content\/uploads\/2023\/09\/Laboratori-Teatrali-virata.jpg\" \/>\n\t<meta property=\"og:image:width\" content=\"1920\" \/>\n\t<meta property=\"og:image:height\" content=\"1080\" \/>\n\t<meta property=\"og:image:type\" content=\"image\/jpeg\" \/>\n<meta name=\"twitter:card\" content=\"summary_large_image\" \/>\n<meta name=\"twitter:label1\" content=\"Tiempo de lectura\" \/>\n\t<meta name=\"twitter:data1\" content=\"2 minutos\" \/>\n<script type=\"application\/ld+json\" class=\"yoast-schema-graph\">{\"@context\":\"https:\/\/schema.org\",\"@graph\":[{\"@type\":\"WebPage\",\"@id\":\"https:\/\/www.alveria.it\/formazione\/formazione-esperienziale\/laboratori-teatrali\/\",\"url\":\"https:\/\/www.alveria.it\/formazione\/formazione-esperienziale\/laboratori-teatrali\/\",\"name\":\"LABORATORI TEATRALI\",\"isPartOf\":{\"@id\":\"https:\/\/www.alveria.it\/#website\"},\"primaryImageOfPage\":{\"@id\":\"https:\/\/www.alveria.it\/formazione\/formazione-esperienziale\/laboratori-teatrali\/#primaryimage\"},\"image\":{\"@id\":\"https:\/\/www.alveria.it\/formazione\/formazione-esperienziale\/laboratori-teatrali\/#primaryimage\"},\"thumbnailUrl\":\"https:\/\/www.alveria.it\/wp-content\/uploads\/2023\/09\/Laboratori-Teatrali-virata.jpg\",\"datePublished\":\"2023-09-26T20:57:55+00:00\",\"dateModified\":\"2024-05-20T15:17:39+00:00\",\"description\":\"Scopri i Laboratori Teatrali di Alveria: formazione innovativa per migliorare project management, comunicazione e team building aziendale.\",\"breadcrumb\":{\"@id\":\"https:\/\/www.alveria.it\/formazione\/formazione-esperienziale\/laboratori-teatrali\/#breadcrumb\"},\"inLanguage\":\"es\",\"potentialAction\":[{\"@type\":\"ReadAction\",\"target\":[\"https:\/\/www.alveria.it\/formazione\/formazione-esperienziale\/laboratori-teatrali\/\"]}]},{\"@type\":\"ImageObject\",\"inLanguage\":\"es\",\"@id\":\"https:\/\/www.alveria.it\/formazione\/formazione-esperienziale\/laboratori-teatrali\/#primaryimage\",\"url\":\"https:\/\/www.alveria.it\/wp-content\/uploads\/2023\/09\/Laboratori-Teatrali-virata.jpg\",\"contentUrl\":\"https:\/\/www.alveria.it\/wp-content\/uploads\/2023\/09\/Laboratori-Teatrali-virata.jpg\",\"width\":1920,\"height\":1080},{\"@type\":\"BreadcrumbList\",\"@id\":\"https:\/\/www.alveria.it\/formazione\/formazione-esperienziale\/laboratori-teatrali\/#breadcrumb\",\"itemListElement\":[{\"@type\":\"ListItem\",\"position\":1,\"name\":\"Home\",\"item\":\"https:\/\/www.alveria.it\/\"},{\"@type\":\"ListItem\",\"position\":2,\"name\":\"FORMAZIONE\",\"item\":\"https:\/\/www.alveria.it\/formazione\/\"},{\"@type\":\"ListItem\",\"position\":3,\"name\":\"FORMAZIONE ESPERIENZIALE\",\"item\":\"https:\/\/www.alveria.it\/formazione\/formazione-esperienziale\/\"},{\"@type\":\"ListItem\",\"position\":4,\"name\":\"LABORATORI TEATRALI\"}]},{\"@type\":\"WebSite\",\"@id\":\"https:\/\/www.alveria.it\/#website\",\"url\":\"https:\/\/www.alveria.it\/\",\"name\":\"Alveria - Consulting, Training and Solutions\",\"description\":\"Alveria - Consulting, Training and Solutions\",\"publisher\":{\"@id\":\"https:\/\/www.alveria.it\/#organization\"},\"potentialAction\":[{\"@type\":\"SearchAction\",\"target\":{\"@type\":\"EntryPoint\",\"urlTemplate\":\"https:\/\/www.alveria.it\/?s={search_term_string}\"},\"query-input\":{\"@type\":\"PropertyValueSpecification\",\"valueRequired\":true,\"valueName\":\"search_term_string\"}}],\"inLanguage\":\"es\"},{\"@type\":\"Organization\",\"@id\":\"https:\/\/www.alveria.it\/#organization\",\"name\":\"Alveria - Consulting, Training and Solutions\",\"url\":\"https:\/\/www.alveria.it\/\",\"logo\":{\"@type\":\"ImageObject\",\"inLanguage\":\"es\",\"@id\":\"https:\/\/www.alveria.it\/#\/schema\/logo\/image\/\",\"url\":\"https:\/\/www.alveria.it\/wp-content\/uploads\/2023\/12\/logo_alveria_normal.svg\",\"contentUrl\":\"https:\/\/www.alveria.it\/wp-content\/uploads\/2023\/12\/logo_alveria_normal.svg\",\"caption\":\"Alveria - Consulting, Training and Solutions\"},\"image\":{\"@id\":\"https:\/\/www.alveria.it\/#\/schema\/logo\/image\/\"}}]}<\/script>\n<!-- \/ Yoast SEO plugin. -->","yoast_head_json":{"title":"LABORATORI TEATRALI","description":"Scopri i Laboratori Teatrali di Alveria: formazione innovativa per migliorare project management, comunicazione e team building aziendale.","robots":{"index":"index","follow":"follow","max-snippet":"max-snippet:-1","max-image-preview":"max-image-preview:large","max-video-preview":"max-video-preview:-1"},"canonical":"https:\/\/www.alveria.it\/espanol\/formacion\/formacion-experiencial\/talleres-de-teatro\/","og_locale":"es_ES","og_type":"article","og_title":"LABORATORI TEATRALI","og_description":"Scopri i Laboratori Teatrali di Alveria: formazione innovativa per migliorare project management, comunicazione e team building aziendale.","og_url":"https:\/\/www.alveria.it\/espanol\/formacion\/formacion-experiencial\/talleres-de-teatro\/","og_site_name":"Alveria - Consulting, Training and Solutions","article_modified_time":"2024-05-20T15:17:39+00:00","og_image":[{"width":1920,"height":1080,"url":"https:\/\/www.alveria.it\/wp-content\/uploads\/2023\/09\/Laboratori-Teatrali-virata.jpg","type":"image\/jpeg"}],"twitter_card":"summary_large_image","twitter_misc":{"Tiempo de lectura":"2 minutos"},"schema":{"@context":"https:\/\/schema.org","@graph":[{"@type":"WebPage","@id":"https:\/\/www.alveria.it\/formazione\/formazione-esperienziale\/laboratori-teatrali\/","url":"https:\/\/www.alveria.it\/formazione\/formazione-esperienziale\/laboratori-teatrali\/","name":"LABORATORI TEATRALI","isPartOf":{"@id":"https:\/\/www.alveria.it\/#website"},"primaryImageOfPage":{"@id":"https:\/\/www.alveria.it\/formazione\/formazione-esperienziale\/laboratori-teatrali\/#primaryimage"},"image":{"@id":"https:\/\/www.alveria.it\/formazione\/formazione-esperienziale\/laboratori-teatrali\/#primaryimage"},"thumbnailUrl":"https:\/\/www.alveria.it\/wp-content\/uploads\/2023\/09\/Laboratori-Teatrali-virata.jpg","datePublished":"2023-09-26T20:57:55+00:00","dateModified":"2024-05-20T15:17:39+00:00","description":"Scopri i Laboratori Teatrali di Alveria: formazione innovativa per migliorare project management, comunicazione e team building aziendale.","breadcrumb":{"@id":"https:\/\/www.alveria.it\/formazione\/formazione-esperienziale\/laboratori-teatrali\/#breadcrumb"},"inLanguage":"es","potentialAction":[{"@type":"ReadAction","target":["https:\/\/www.alveria.it\/formazione\/formazione-esperienziale\/laboratori-teatrali\/"]}]},{"@type":"ImageObject","inLanguage":"es","@id":"https:\/\/www.alveria.it\/formazione\/formazione-esperienziale\/laboratori-teatrali\/#primaryimage","url":"https:\/\/www.alveria.it\/wp-content\/uploads\/2023\/09\/Laboratori-Teatrali-virata.jpg","contentUrl":"https:\/\/www.alveria.it\/wp-content\/uploads\/2023\/09\/Laboratori-Teatrali-virata.jpg","width":1920,"height":1080},{"@type":"BreadcrumbList","@id":"https:\/\/www.alveria.it\/formazione\/formazione-esperienziale\/laboratori-teatrali\/#breadcrumb","itemListElement":[{"@type":"ListItem","position":1,"name":"Home","item":"https:\/\/www.alveria.it\/"},{"@type":"ListItem","position":2,"name":"FORMAZIONE","item":"https:\/\/www.alveria.it\/formazione\/"},{"@type":"ListItem","position":3,"name":"FORMAZIONE ESPERIENZIALE","item":"https:\/\/www.alveria.it\/formazione\/formazione-esperienziale\/"},{"@type":"ListItem","position":4,"name":"LABORATORI TEATRALI"}]},{"@type":"WebSite","@id":"https:\/\/www.alveria.it\/#website","url":"https:\/\/www.alveria.it\/","name":"Alveria - Consulting, Training and Solutions","description":"Alveria - Consulting, Training and Solutions","publisher":{"@id":"https:\/\/www.alveria.it\/#organization"},"potentialAction":[{"@type":"SearchAction","target":{"@type":"EntryPoint","urlTemplate":"https:\/\/www.alveria.it\/?s={search_term_string}"},"query-input":{"@type":"PropertyValueSpecification","valueRequired":true,"valueName":"search_term_string"}}],"inLanguage":"es"},{"@type":"Organization","@id":"https:\/\/www.alveria.it\/#organization","name":"Alveria - Consulting, Training and Solutions","url":"https:\/\/www.alveria.it\/","logo":{"@type":"ImageObject","inLanguage":"es","@id":"https:\/\/www.alveria.it\/#\/schema\/logo\/image\/","url":"https:\/\/www.alveria.it\/wp-content\/uploads\/2023\/12\/logo_alveria_normal.svg","contentUrl":"https:\/\/www.alveria.it\/wp-content\/uploads\/2023\/12\/logo_alveria_normal.svg","caption":"Alveria - Consulting, Training and Solutions"},"image":{"@id":"https:\/\/www.alveria.it\/#\/schema\/logo\/image\/"}}]}},"_links":{"self":[{"href":"https:\/\/www.alveria.it\/espanol\/wp-json\/wp\/v2\/pages\/508","targetHints":{"allow":["GET"]}}],"collection":[{"href":"https:\/\/www.alveria.it\/espanol\/wp-json\/wp\/v2\/pages"}],"about":[{"href":"https:\/\/www.alveria.it\/espanol\/wp-json\/wp\/v2\/types\/page"}],"author":[{"embeddable":true,"href":"https:\/\/www.alveria.it\/espanol\/wp-json\/wp\/v2\/users\/2"}],"replies":[{"embeddable":true,"href":"https:\/\/www.alveria.it\/espanol\/wp-json\/wp\/v2\/comments?post=508"}],"version-history":[{"count":2,"href":"https:\/\/www.alveria.it\/espanol\/wp-json\/wp\/v2\/pages\/508\/revisions"}],"predecessor-version":[{"id":1457,"href":"https:\/\/www.alveria.it\/espanol\/wp-json\/wp\/v2\/pages\/508\/revisions\/1457"}],"up":[{"embeddable":true,"href":"https:\/\/www.alveria.it\/espanol\/wp-json\/wp\/v2\/pages\/152"}],"wp:featuredmedia":[{"embeddable":true,"href":"https:\/\/www.alveria.it\/espanol\/wp-json\/wp\/v2\/media\/710"}],"wp:attachment":[{"href":"https:\/\/www.alveria.it\/espanol\/wp-json\/wp\/v2\/media?parent=508"}],"curies":[{"name":"wp","href":"https:\/\/api.w.org\/{rel}","templated":true}]}}