{"id":492,"date":"2023-09-26T16:01:18","date_gmt":"2023-09-26T16:01:18","guid":{"rendered":"https:\/\/www.alveria.it\/?page_id=492"},"modified":"2024-05-21T11:59:20","modified_gmt":"2024-05-21T11:59:20","slug":"resolucion-de-problemas-toma-de-decisiones","status":"publish","type":"page","link":"https:\/\/www.alveria.it\/espanol\/formacion\/personas-y-desarrollo-directivo-162\/resolucion-de-problemas-toma-de-decisiones\/","title":{"rendered":"RESOLUCI\u00d3N DE PROBLEMAS Y TOMA DE DECISIONES"},"content":{"rendered":"<p>RESOLUCI\u00d3N DE PROBLEMAS Y TOMA DE DECISIONES<\/p>\n<p>[aioseo_breadcrumbs]<\/p>\n<ul>\n<li>| PRESENCIAL Y EN L\u00cdNEA<\/li>\n<li>HABILIDADES INTERMEDIAS<\/li>\n<li>2 M\u00d3DULOS<\/li>\n<\/ul>\n<h3 class=\"title\">CONVERTIR LOS PROBLEMAS EN OPORTUNIDADES Y TOMAR DECISIONES IMPORTANTES<\/h3>\n<h3 class=\"title\">OBJETIVOS<\/h3>\n<p style=\"text-align: center;\"><strong>Resoluci\u00f3n de problemas<\/strong>\u00a0e\u00a0<strong>toma de decisiones<\/strong>\u00a0representan capacidades distintivas y esenciales para alcanzar y mantener con \u00e9xito los objetivos empresariales.<\/p>\n<p style=\"text-align: center;\">Para identificar un problema y tomar una decisi\u00f3n sobre su soluci\u00f3n es necesario\u00a0<strong>defina<\/strong>\u00a0tipolog\u00eda y zonas,\u00a0<strong>identificar<\/strong>\u00a0causas, identificar posibles soluciones,\u00a0<strong>evaluar<\/strong>\u00a0los pros y los contras de las alternativas y\u00a0<strong>Defina<\/strong>\u00a0el plan de aplicaci\u00f3n de la soluci\u00f3n elegida.<\/p>\n<p style=\"text-align: center;\">Utilizaci\u00f3n de la\u00a0<strong>metodolog\u00eda experiencial,<\/strong>\u00a0propuesto por Alveria, los participantes se implican operativamente en los procesos, pasando de la \"lectura\" del problema a su soluci\u00f3n.<\/p>\n<h3>PROGRAMA<\/h3>\n<p style=\"text-align: left;\"><strong>M\u00f3dulo 1<\/strong><\/p>\n<ul class=\"mfn-list mfn-list-left mfn-list-middle\">\n<li class=\"mfn-list-item\" style=\"counter-set: my-sec-counter 0;\"><span class=\"mfn-list-desc\">La percepci\u00f3n de los l\u00edmites de los problemas: variables psicol\u00f3gicas y sociales que influyen en los procesos perceptivos<\/span><\/li>\n<li class=\"mfn-list-item\"><span class=\"mfn-list-desc\">Identificaci\u00f3n de problemas y causas: an\u00e1lisis causa-efecto, tormenta de ideas<\/span><\/li>\n<\/ul>\n<p style=\"text-align: left;\"><strong>M\u00f3dulo 2<\/strong><\/p>\n<ul class=\"mfn-list mfn-list-left mfn-list-middle\">\n<li class=\"mfn-list-item\" style=\"counter-set: my-sec-counter 0;\"><span class=\"mfn-list-desc\">Resoluci\u00f3n de problemas: identificaci\u00f3n de objetivos y b\u00fasqueda de alternativas<\/span><\/li>\n<li class=\"mfn-list-item\"><span class=\"mfn-list-desc\">Elaboraci\u00f3n y an\u00e1lisis de alternativas: la hoja de decisi\u00f3n, el \u00e1rbol de decisi\u00f3n<\/span><\/li>\n<\/ul>\n<p style=\"text-align: left;\"><strong>M\u00f3dulo 3<\/strong><\/p>\n<ul class=\"mfn-list mfn-list-left mfn-list-middle\">\n<li class=\"mfn-list-item\" style=\"counter-set: my-sec-counter 0;\"><span class=\"mfn-list-desc\">La elecci\u00f3n de la soluci\u00f3n: el proceso de toma de decisiones, las etapas del proceso, el modelo de racionalidad exploratoria, la criticidad en las etapas de resoluci\u00f3n del problema.<\/span><\/li>\n<li class=\"mfn-list-item\"><span class=\"mfn-list-desc\">Resoluci\u00f3n de problemas y toma de decisiones en equipo: fases y etapas de la vida de un equipo, condiciones para aumentar su eficacia.<\/span><\/li>\n<\/ul>\n<h3 class=\"title\">PEDAGOG\u00cdA<\/h3>\n<p style=\"text-align: center;\">El curso es eminentemente pr\u00e1ctico. La did\u00e1ctica contempla la alternancia continua de momentos te\u00f3ricos y pr\u00e1cticos con juegos de rol, simulaciones y ejercicios.<\/p>\n<h3 class=\"title\">RECIPIENTES<\/h3>\n<p style=\"text-align: center;\">El curso est\u00e1 dirigido a todos aquellos que sientan la necesidad de desarrollar sus capacidades de planteamiento y resoluci\u00f3n de problemas con enfoques y herramientas innovadores.<\/p>\n<h3 class=\"title\">MATERIALES DE FORMACI\u00d3N<\/h3>\n<p style=\"text-align: center;\">Videoconferencias y material did\u00e1ctico<\/p>\n<h6 class=\"title\"><a href=\"https:\/\/www.hcms.it\/contatti\/\">CONSULTOR\u00cdA<\/a>FORMACI\u00d3N EN DIGITALIZACI\u00d3N DE LA RRHH Y SOLUCIONES EMPRESARIALES DESCUBRA EL M\u00c9TODO ALVERIA Y PREP\u00c1RESE PARA EL CAMBIO.<\/h6>\n<p><a class=\"button  button_size_2 button_dark\" title=\"\" href=\"\/espanol\/contactos\/\"><span class=\"button_label\">SOLICITAR M\u00c1S INFORMACI\u00d3N<\/span><\/a><\/p>","protected":false},"excerpt":{"rendered":"<p>PROBLEM SOLVING &amp; DECISION MAKING [aioseo_breadcrumbs] | IN PRESENZA E ONLINE COMPETENZE INTERMEDIE 2 MODULI TRASFORMARE PROBLEMI IN OPPORTUNIT\u00c0 E PRENDERE DICISIONI CHE CONTANO OBIETTIVI Problem<span class=\"excerpt-hellip\"> [...]<\/span><\/p>","protected":false},"author":2,"featured_media":756,"parent":162,"menu_order":0,"comment_status":"open","ping_status":"closed","template":"","meta":{"iawp_total_views":64,"footnotes":""},"class_list":["post-492","page","type-page","status-publish","has-post-thumbnail","hentry"],"yoast_head":"<!-- This site is optimized with the Yoast SEO plugin v25.1 - https:\/\/yoast.com\/wordpress\/plugins\/seo\/ -->\n<title>PROBLEM SOLVING &amp; DECISION MAKING<\/title>\n<meta name=\"description\" content=\"Scopri il corso di Problem Solving &amp; Decision Making di Alveria: competenze intermedie per trasformare problemi in opportunit\u00e0 e prendere decisioni efficaci.\" \/>\n<meta name=\"robots\" content=\"index, follow, max-snippet:-1, max-image-preview:large, max-video-preview:-1\" \/>\n<link rel=\"canonical\" href=\"https:\/\/www.alveria.it\/espanol\/formacion\/personas-y-desarrollo-directivo\/resolucion-de-problemas-toma-de-decisiones\/\" \/>\n<meta property=\"og:locale\" content=\"es_ES\" \/>\n<meta property=\"og:type\" content=\"article\" \/>\n<meta property=\"og:title\" content=\"PROBLEM SOLVING &amp; DECISION MAKING\" \/>\n<meta property=\"og:description\" content=\"Scopri il corso di Problem Solving &amp; Decision Making di Alveria: competenze intermedie per trasformare problemi in opportunit\u00e0 e prendere decisioni efficaci.\" \/>\n<meta property=\"og:url\" content=\"https:\/\/www.alveria.it\/espanol\/formacion\/personas-y-desarrollo-directivo\/resolucion-de-problemas-toma-de-decisiones\/\" \/>\n<meta property=\"og:site_name\" content=\"Alveria - Consulting, Training and Solutions\" \/>\n<meta property=\"article:modified_time\" content=\"2024-05-21T11:59:20+00:00\" \/>\n<meta property=\"og:image\" content=\"https:\/\/www.alveria.it\/wp-content\/uploads\/2023\/09\/Problem-Solving-decision-making-virata.jpg\" \/>\n\t<meta property=\"og:image:width\" content=\"1920\" \/>\n\t<meta property=\"og:image:height\" content=\"1080\" \/>\n\t<meta property=\"og:image:type\" content=\"image\/jpeg\" \/>\n<meta name=\"twitter:card\" content=\"summary_large_image\" \/>\n<meta name=\"twitter:label1\" content=\"Tiempo de lectura\" \/>\n\t<meta name=\"twitter:data1\" content=\"2 minutos\" \/>\n<script type=\"application\/ld+json\" class=\"yoast-schema-graph\">{\"@context\":\"https:\/\/schema.org\",\"@graph\":[{\"@type\":\"WebPage\",\"@id\":\"https:\/\/www.alveria.it\/formazione\/people-e-managerial-development\/problem-solving-decision-making\/\",\"url\":\"https:\/\/www.alveria.it\/formazione\/people-e-managerial-development\/problem-solving-decision-making\/\",\"name\":\"PROBLEM SOLVING &amp; DECISION MAKING\",\"isPartOf\":{\"@id\":\"https:\/\/www.alveria.it\/#website\"},\"primaryImageOfPage\":{\"@id\":\"https:\/\/www.alveria.it\/formazione\/people-e-managerial-development\/problem-solving-decision-making\/#primaryimage\"},\"image\":{\"@id\":\"https:\/\/www.alveria.it\/formazione\/people-e-managerial-development\/problem-solving-decision-making\/#primaryimage\"},\"thumbnailUrl\":\"https:\/\/www.alveria.it\/wp-content\/uploads\/2023\/09\/Problem-Solving-decision-making-virata.jpg\",\"datePublished\":\"2023-09-26T16:01:18+00:00\",\"dateModified\":\"2024-05-21T11:59:20+00:00\",\"description\":\"Scopri il corso di Problem Solving & Decision Making di Alveria: competenze intermedie per trasformare problemi in opportunit\u00e0 e prendere decisioni efficaci.\",\"breadcrumb\":{\"@id\":\"https:\/\/www.alveria.it\/formazione\/people-e-managerial-development\/problem-solving-decision-making\/#breadcrumb\"},\"inLanguage\":\"es\",\"potentialAction\":[{\"@type\":\"ReadAction\",\"target\":[\"https:\/\/www.alveria.it\/formazione\/people-e-managerial-development\/problem-solving-decision-making\/\"]}]},{\"@type\":\"ImageObject\",\"inLanguage\":\"es\",\"@id\":\"https:\/\/www.alveria.it\/formazione\/people-e-managerial-development\/problem-solving-decision-making\/#primaryimage\",\"url\":\"https:\/\/www.alveria.it\/wp-content\/uploads\/2023\/09\/Problem-Solving-decision-making-virata.jpg\",\"contentUrl\":\"https:\/\/www.alveria.it\/wp-content\/uploads\/2023\/09\/Problem-Solving-decision-making-virata.jpg\",\"width\":1920,\"height\":1080},{\"@type\":\"BreadcrumbList\",\"@id\":\"https:\/\/www.alveria.it\/formazione\/people-e-managerial-development\/problem-solving-decision-making\/#breadcrumb\",\"itemListElement\":[{\"@type\":\"ListItem\",\"position\":1,\"name\":\"Home\",\"item\":\"https:\/\/www.alveria.it\/\"},{\"@type\":\"ListItem\",\"position\":2,\"name\":\"FORMAZIONE\",\"item\":\"https:\/\/www.alveria.it\/formazione\/\"},{\"@type\":\"ListItem\",\"position\":3,\"name\":\"PEOPLE E MANAGERIAL DEVELOPMENT\",\"item\":\"https:\/\/www.alveria.it\/formazione\/people-e-managerial-development\/\"},{\"@type\":\"ListItem\",\"position\":4,\"name\":\"PROBLEM SOLVING &amp; DECISION MAKING\"}]},{\"@type\":\"WebSite\",\"@id\":\"https:\/\/www.alveria.it\/#website\",\"url\":\"https:\/\/www.alveria.it\/\",\"name\":\"Alveria - Consulting, Training and Solutions\",\"description\":\"Alveria - Consulting, Training and Solutions\",\"publisher\":{\"@id\":\"https:\/\/www.alveria.it\/#organization\"},\"potentialAction\":[{\"@type\":\"SearchAction\",\"target\":{\"@type\":\"EntryPoint\",\"urlTemplate\":\"https:\/\/www.alveria.it\/?s={search_term_string}\"},\"query-input\":{\"@type\":\"PropertyValueSpecification\",\"valueRequired\":true,\"valueName\":\"search_term_string\"}}],\"inLanguage\":\"es\"},{\"@type\":\"Organization\",\"@id\":\"https:\/\/www.alveria.it\/#organization\",\"name\":\"Alveria - Consulting, Training and Solutions\",\"url\":\"https:\/\/www.alveria.it\/\",\"logo\":{\"@type\":\"ImageObject\",\"inLanguage\":\"es\",\"@id\":\"https:\/\/www.alveria.it\/#\/schema\/logo\/image\/\",\"url\":\"https:\/\/www.alveria.it\/wp-content\/uploads\/2023\/12\/logo_alveria_normal.svg\",\"contentUrl\":\"https:\/\/www.alveria.it\/wp-content\/uploads\/2023\/12\/logo_alveria_normal.svg\",\"caption\":\"Alveria - Consulting, Training and Solutions\"},\"image\":{\"@id\":\"https:\/\/www.alveria.it\/#\/schema\/logo\/image\/\"}}]}<\/script>\n<!-- \/ Yoast SEO plugin. -->","yoast_head_json":{"title":"PROBLEM SOLVING &amp; DECISION MAKING","description":"Scopri il corso di Problem Solving & Decision Making di Alveria: competenze intermedie per trasformare problemi in opportunit\u00e0 e prendere decisioni efficaci.","robots":{"index":"index","follow":"follow","max-snippet":"max-snippet:-1","max-image-preview":"max-image-preview:large","max-video-preview":"max-video-preview:-1"},"canonical":"https:\/\/www.alveria.it\/espanol\/formacion\/personas-y-desarrollo-directivo\/resolucion-de-problemas-toma-de-decisiones\/","og_locale":"es_ES","og_type":"article","og_title":"PROBLEM SOLVING &amp; DECISION MAKING","og_description":"Scopri il corso di Problem Solving & Decision Making di Alveria: competenze intermedie per trasformare problemi in opportunit\u00e0 e prendere decisioni efficaci.","og_url":"https:\/\/www.alveria.it\/espanol\/formacion\/personas-y-desarrollo-directivo\/resolucion-de-problemas-toma-de-decisiones\/","og_site_name":"Alveria - Consulting, Training and Solutions","article_modified_time":"2024-05-21T11:59:20+00:00","og_image":[{"width":1920,"height":1080,"url":"https:\/\/www.alveria.it\/wp-content\/uploads\/2023\/09\/Problem-Solving-decision-making-virata.jpg","type":"image\/jpeg"}],"twitter_card":"summary_large_image","twitter_misc":{"Tiempo de lectura":"2 minutos"},"schema":{"@context":"https:\/\/schema.org","@graph":[{"@type":"WebPage","@id":"https:\/\/www.alveria.it\/formazione\/people-e-managerial-development\/problem-solving-decision-making\/","url":"https:\/\/www.alveria.it\/formazione\/people-e-managerial-development\/problem-solving-decision-making\/","name":"PROBLEM SOLVING &amp; DECISION MAKING","isPartOf":{"@id":"https:\/\/www.alveria.it\/#website"},"primaryImageOfPage":{"@id":"https:\/\/www.alveria.it\/formazione\/people-e-managerial-development\/problem-solving-decision-making\/#primaryimage"},"image":{"@id":"https:\/\/www.alveria.it\/formazione\/people-e-managerial-development\/problem-solving-decision-making\/#primaryimage"},"thumbnailUrl":"https:\/\/www.alveria.it\/wp-content\/uploads\/2023\/09\/Problem-Solving-decision-making-virata.jpg","datePublished":"2023-09-26T16:01:18+00:00","dateModified":"2024-05-21T11:59:20+00:00","description":"Scopri il corso di Problem Solving & Decision Making di Alveria: competenze intermedie per trasformare problemi in opportunit\u00e0 e prendere decisioni efficaci.","breadcrumb":{"@id":"https:\/\/www.alveria.it\/formazione\/people-e-managerial-development\/problem-solving-decision-making\/#breadcrumb"},"inLanguage":"es","potentialAction":[{"@type":"ReadAction","target":["https:\/\/www.alveria.it\/formazione\/people-e-managerial-development\/problem-solving-decision-making\/"]}]},{"@type":"ImageObject","inLanguage":"es","@id":"https:\/\/www.alveria.it\/formazione\/people-e-managerial-development\/problem-solving-decision-making\/#primaryimage","url":"https:\/\/www.alveria.it\/wp-content\/uploads\/2023\/09\/Problem-Solving-decision-making-virata.jpg","contentUrl":"https:\/\/www.alveria.it\/wp-content\/uploads\/2023\/09\/Problem-Solving-decision-making-virata.jpg","width":1920,"height":1080},{"@type":"BreadcrumbList","@id":"https:\/\/www.alveria.it\/formazione\/people-e-managerial-development\/problem-solving-decision-making\/#breadcrumb","itemListElement":[{"@type":"ListItem","position":1,"name":"Home","item":"https:\/\/www.alveria.it\/"},{"@type":"ListItem","position":2,"name":"FORMAZIONE","item":"https:\/\/www.alveria.it\/formazione\/"},{"@type":"ListItem","position":3,"name":"PEOPLE E MANAGERIAL DEVELOPMENT","item":"https:\/\/www.alveria.it\/formazione\/people-e-managerial-development\/"},{"@type":"ListItem","position":4,"name":"PROBLEM SOLVING &amp; DECISION MAKING"}]},{"@type":"WebSite","@id":"https:\/\/www.alveria.it\/#website","url":"https:\/\/www.alveria.it\/","name":"Alveria - Consulting, Training and Solutions","description":"Alveria - Consulting, Training and Solutions","publisher":{"@id":"https:\/\/www.alveria.it\/#organization"},"potentialAction":[{"@type":"SearchAction","target":{"@type":"EntryPoint","urlTemplate":"https:\/\/www.alveria.it\/?s={search_term_string}"},"query-input":{"@type":"PropertyValueSpecification","valueRequired":true,"valueName":"search_term_string"}}],"inLanguage":"es"},{"@type":"Organization","@id":"https:\/\/www.alveria.it\/#organization","name":"Alveria - Consulting, Training and Solutions","url":"https:\/\/www.alveria.it\/","logo":{"@type":"ImageObject","inLanguage":"es","@id":"https:\/\/www.alveria.it\/#\/schema\/logo\/image\/","url":"https:\/\/www.alveria.it\/wp-content\/uploads\/2023\/12\/logo_alveria_normal.svg","contentUrl":"https:\/\/www.alveria.it\/wp-content\/uploads\/2023\/12\/logo_alveria_normal.svg","caption":"Alveria - Consulting, Training and Solutions"},"image":{"@id":"https:\/\/www.alveria.it\/#\/schema\/logo\/image\/"}}]}},"_links":{"self":[{"href":"https:\/\/www.alveria.it\/espanol\/wp-json\/wp\/v2\/pages\/492","targetHints":{"allow":["GET"]}}],"collection":[{"href":"https:\/\/www.alveria.it\/espanol\/wp-json\/wp\/v2\/pages"}],"about":[{"href":"https:\/\/www.alveria.it\/espanol\/wp-json\/wp\/v2\/types\/page"}],"author":[{"embeddable":true,"href":"https:\/\/www.alveria.it\/espanol\/wp-json\/wp\/v2\/users\/2"}],"replies":[{"embeddable":true,"href":"https:\/\/www.alveria.it\/espanol\/wp-json\/wp\/v2\/comments?post=492"}],"version-history":[{"count":2,"href":"https:\/\/www.alveria.it\/espanol\/wp-json\/wp\/v2\/pages\/492\/revisions"}],"predecessor-version":[{"id":1506,"href":"https:\/\/www.alveria.it\/espanol\/wp-json\/wp\/v2\/pages\/492\/revisions\/1506"}],"up":[{"embeddable":true,"href":"https:\/\/www.alveria.it\/espanol\/wp-json\/wp\/v2\/pages\/162"}],"wp:featuredmedia":[{"embeddable":true,"href":"https:\/\/www.alveria.it\/espanol\/wp-json\/wp\/v2\/media\/756"}],"wp:attachment":[{"href":"https:\/\/www.alveria.it\/espanol\/wp-json\/wp\/v2\/media?parent=492"}],"curies":[{"name":"wp","href":"https:\/\/api.w.org\/{rel}","templated":true}]}}