{"id":482,"date":"2023-09-26T14:34:02","date_gmt":"2023-09-26T14:34:02","guid":{"rendered":"https:\/\/www.alveria.it\/?page_id=482"},"modified":"2024-05-20T14:39:00","modified_gmt":"2024-05-20T14:39:00","slug":"evaluacion-de-la-gestion","status":"publish","type":"page","link":"https:\/\/www.alveria.it\/espanol\/consulenza\/management-assessment\/","title":{"rendered":"EVALUACI\u00d3N DE LA GESTI\u00d3N"},"content":{"rendered":"<h3 class=\"title\">EVALUACI\u00d3N DE LAS CARENCIAS DE COMPETENCIAS:<br \/>\nCONOCER LOS RECURSOS PARA DESARROLLAR EL NEGOCIO<\/h3>\n<p style=\"text-align: center;\">Alveria propone un modelo de evaluaci\u00f3n de la gesti\u00f3n que le permite conocer su <strong>recursos desde m\u00faltiples puntos de vista <\/strong>para obtener una imagen completa tanto del potencial y las capacidades como de los conocimientos y su aplicaci\u00f3n en la pr\u00e1ctica.<\/p>\n<p style=\"text-align: center;\">Gracias a la colaboraci\u00f3n de profesionales experimentados de diferentes \u00e1reas de especializaci\u00f3n, ponemos a su disposici\u00f3n un equipo especializado para evaluar la posesi\u00f3n real de las competencias t\u00e9cnicas\/funcionales y\/o transversales\/directivas necesarias para desempe\u00f1ar el puesto.<\/p>\n<p style=\"text-align: center;\">Para ello, utilizamos una gran cantidad de herramientas para verificar la posesi\u00f3n de las competencias y los conocimientos necesarios para desempe\u00f1ar la funci\u00f3n: <strong>empresa<\/strong>\u00a0<strong>casas<\/strong>,\u00a0<strong>pruebas<\/strong>\u00a0e\u00a0<strong>charlas t\u00e9cnicas<\/strong>.<\/p>\n<h3 class=\"title\">CUATRO DIMENSIONES DE AN\u00c1LISIS<\/h3>\n<p>Competencias t\u00e9cnicas y funcionalesCaracter\u00edsticas y aptitudes personalesExperiencia profesionalMotivaci\u00f3n y energ\u00eda<\/p>\n<p class=\"translation-block\">Combinando la prescindibilidad organizativa, la motivaci\u00f3n-energ\u00eda hacia el trabajo y las aptitudes personales definimos el <strong>potencial<\/strong> de su recurso, es decir, la probabilidad de que ocupe funciones de mayor complejidad y relevancia con el tiempo.<\/p>\n<p>Al final de cada proyecto, Alveria proporciona un informe detallado sobre los recursos individuales y los principales fen\u00f3menos transversales detectados, as\u00ed como sobre el posicionamiento de los recursos con respecto a las principales dimensiones de an\u00e1lisis.<\/p>\n<h3>NUESTRO MODELO DE EVALUACI\u00d3N DE LA GESTI\u00d3N<\/h3>\n<p style=\"text-align: center;\">Una herramienta de evaluaci\u00f3n flexible y adaptada a las necesidades y dimensiones de evaluaci\u00f3n consideradas clave para su empresa:<\/p>\n<h4 class=\"title\">COLECCI\u00d3N CV<\/h4>\n<h4 class=\"title\">CUESTIONARIO DE FACTORES DE PERSONALIDAD<\/h4>\n<h4 class=\"title\">PRUEBAS T\u00c9CNICAS<\/h4>\n<h4 class=\"title\">CENTRO DE EVALUACI\u00d3N<\/h4>\n<h4 class=\"title\">AUTOEVALUACI\u00d3N<\/h4>\n<h4 class=\"title\">EVALUACI\u00d3N DE LA PERSONA RESPONSABLE<\/h4>\n<h4 class=\"title\">ENTREVISTA T\u00c9CNICA Y EVALUADOR<\/h4>\n<h4 class=\"title\">REPORTISMOS<\/h4>\n<p style=\"text-align: center;\"><strong>Conocer sus recursos desde una perspectiva multifuente y multinivel es el requisito b\u00e1sico para definir una trayectoria de desarrollo individual: <\/strong><strong>\u00a1empezamos examinando los puntos fuertes y d\u00e9biles y desarrollamos juntos un entrenamiento ad hoc!<\/strong><\/p>\n<h3 style=\"color: #ffffff; margin: 0px;\">LE PUEDE INTERESAR<\/h3>\n<ul class=\"mfn-list mfn-list-left mfn-list-middle\">\n<li class=\"mfn-list-item\" style=\"counter-set: my-sec-counter 0;\"><span class=\"mfn-list-desc\"><a href=\"https:\/\/www.hcms.it\/es\/skill-assessment\/\">EVALUACI\u00d3N DE COMPETENCIAS<\/a><\/span><\/li>\n<li class=\"mfn-list-item\"><span class=\"mfn-list-desc\"><a href=\"https:\/\/www.hcms.it\/es\/succession-planning\/\">PLANIFICACI\u00d3N DE LA SUCESI\u00d3N<\/a><\/span><\/li>\n<li class=\"mfn-list-item\"><span class=\"mfn-list-desc\"><a href=\"https:\/\/www.hcms.it\/es\/training-management-system\/\">SISTEMA DE GESTI\u00d3N DE LA FORMACI\u00d3N<\/a><\/span><\/li>\n<\/ul>\n<h6 class=\"title\">CONSULTOR\u00cdA, FORMACI\u00d3N EN DIGITALIZACI\u00d3N DE HR Y SOLUCIONES EMPRESARIALES DESCUBRA EL M\u00c9TODO ALVERIA Y PREP\u00c1RESE PARA EL CAMBIO.<\/h6>\n<p><a class=\"button  button_size_2 button_dark\" title=\"\" href=\"\/espanol\/contactos\/\"><span class=\"button_label\">SOLICITAR M\u00c1S INFORMACI\u00d3N<\/span><\/a><\/p>","protected":false},"excerpt":{"rendered":"<p>SKILL GAP ASSESSMENT: CONOSCERE LE RISORSE PER SVILUPPARE IL BUSINESS Alveria propone un modello di management assessment che permette di conoscere le proprie risorse da molteplici<span class=\"excerpt-hellip\"> [\u2026]<\/span><\/p>\n","protected":false},"author":3,"featured_media":690,"parent":125,"menu_order":0,"comment_status":"open","ping_status":"closed","template":"","meta":{"iawp_total_views":77,"footnotes":""},"class_list":["post-482","page","type-page","status-publish","has-post-thumbnail","hentry"],"yoast_head":"<!-- This site is optimized with the Yoast SEO plugin v27.5 - https:\/\/yoast.com\/product\/yoast-seo-wordpress\/ -->\n<title>MANAGEMENT ASSESSMENT<\/title>\n<meta name=\"description\" content=\"Alveria propone un modello di Management Assessment per sviluppare il business, analizzando competenze e motivazioni con strumenti avanzati e report dettagliati.\" \/>\n<meta name=\"robots\" content=\"index, follow, max-snippet:-1, max-image-preview:large, max-video-preview:-1\" \/>\n<link rel=\"canonical\" href=\"https:\/\/www.alveria.it\/espanol\/consultoria\/evaluacion-de-la-gestion\/\" \/>\n<meta property=\"og:locale\" content=\"es_ES\" \/>\n<meta property=\"og:type\" content=\"article\" \/>\n<meta property=\"og:title\" content=\"MANAGEMENT ASSESSMENT\" \/>\n<meta property=\"og:description\" content=\"Alveria propone un modello di Management Assessment per sviluppare il business, analizzando competenze e motivazioni con strumenti avanzati e report dettagliati.\" \/>\n<meta property=\"og:url\" content=\"https:\/\/www.alveria.it\/espanol\/consultoria\/evaluacion-de-la-gestion\/\" \/>\n<meta property=\"og:site_name\" content=\"Alveria - Consulting, Training and Solutions\" \/>\n<meta property=\"article:modified_time\" content=\"2024-05-20T14:39:00+00:00\" \/>\n<meta property=\"og:image\" content=\"https:\/\/www.alveria.it\/wp-content\/uploads\/2023\/09\/Management-Assessment-virata-1.jpg\" \/>\n\t<meta property=\"og:image:width\" content=\"1920\" \/>\n\t<meta property=\"og:image:height\" content=\"1080\" \/>\n\t<meta property=\"og:image:type\" content=\"image\/jpeg\" \/>\n<meta name=\"twitter:card\" content=\"summary_large_image\" \/>\n<meta name=\"twitter:label1\" content=\"Tiempo de lectura\" \/>\n\t<meta name=\"twitter:data1\" content=\"2 minutos\" \/>\n<script type=\"application\/ld+json\" class=\"yoast-schema-graph\">{\"@context\":\"https:\\\/\\\/schema.org\",\"@graph\":[{\"@type\":\"WebPage\",\"@id\":\"https:\\\/\\\/www.alveria.it\\\/consulenza\\\/management-assessment\\\/\",\"url\":\"https:\\\/\\\/www.alveria.it\\\/consulenza\\\/management-assessment\\\/\",\"name\":\"MANAGEMENT ASSESSMENT\",\"isPartOf\":{\"@id\":\"https:\\\/\\\/www.alveria.it\\\/#website\"},\"primaryImageOfPage\":{\"@id\":\"https:\\\/\\\/www.alveria.it\\\/consulenza\\\/management-assessment\\\/#primaryimage\"},\"image\":{\"@id\":\"https:\\\/\\\/www.alveria.it\\\/consulenza\\\/management-assessment\\\/#primaryimage\"},\"thumbnailUrl\":\"https:\\\/\\\/www.alveria.it\\\/wp-content\\\/uploads\\\/2023\\\/09\\\/Management-Assessment-virata-1.jpg\",\"datePublished\":\"2023-09-26T14:34:02+00:00\",\"dateModified\":\"2024-05-20T14:39:00+00:00\",\"description\":\"Alveria propone un modello di Management Assessment per sviluppare il business, analizzando competenze e motivazioni con strumenti avanzati e report dettagliati.\",\"breadcrumb\":{\"@id\":\"https:\\\/\\\/www.alveria.it\\\/consulenza\\\/management-assessment\\\/#breadcrumb\"},\"inLanguage\":\"es\",\"potentialAction\":[{\"@type\":\"ReadAction\",\"target\":[\"https:\\\/\\\/www.alveria.it\\\/consulenza\\\/management-assessment\\\/\"]}]},{\"@type\":\"ImageObject\",\"inLanguage\":\"es\",\"@id\":\"https:\\\/\\\/www.alveria.it\\\/consulenza\\\/management-assessment\\\/#primaryimage\",\"url\":\"https:\\\/\\\/www.alveria.it\\\/wp-content\\\/uploads\\\/2023\\\/09\\\/Management-Assessment-virata-1.jpg\",\"contentUrl\":\"https:\\\/\\\/www.alveria.it\\\/wp-content\\\/uploads\\\/2023\\\/09\\\/Management-Assessment-virata-1.jpg\",\"width\":1920,\"height\":1080},{\"@type\":\"BreadcrumbList\",\"@id\":\"https:\\\/\\\/www.alveria.it\\\/consulenza\\\/management-assessment\\\/#breadcrumb\",\"itemListElement\":[{\"@type\":\"ListItem\",\"position\":1,\"name\":\"Home\",\"item\":\"https:\\\/\\\/www.alveria.it\\\/\"},{\"@type\":\"ListItem\",\"position\":2,\"name\":\"CONSULENZA\",\"item\":\"https:\\\/\\\/www.alveria.it\\\/consulenza\\\/\"},{\"@type\":\"ListItem\",\"position\":3,\"name\":\"MANAGEMENT ASSESSMENT\"}]},{\"@type\":\"WebSite\",\"@id\":\"https:\\\/\\\/www.alveria.it\\\/#website\",\"url\":\"https:\\\/\\\/www.alveria.it\\\/\",\"name\":\"Alveria - Consulting, Training and Solutions\",\"description\":\"Alveria - Consulting, Training and Solutions\",\"publisher\":{\"@id\":\"https:\\\/\\\/www.alveria.it\\\/#organization\"},\"potentialAction\":[{\"@type\":\"SearchAction\",\"target\":{\"@type\":\"EntryPoint\",\"urlTemplate\":\"https:\\\/\\\/www.alveria.it\\\/?s={search_term_string}\"},\"query-input\":{\"@type\":\"PropertyValueSpecification\",\"valueRequired\":true,\"valueName\":\"search_term_string\"}}],\"inLanguage\":\"es\"},{\"@type\":\"Organization\",\"@id\":\"https:\\\/\\\/www.alveria.it\\\/#organization\",\"name\":\"Alveria - Consulting, Training and Solutions\",\"url\":\"https:\\\/\\\/www.alveria.it\\\/\",\"logo\":{\"@type\":\"ImageObject\",\"inLanguage\":\"es\",\"@id\":\"https:\\\/\\\/www.alveria.it\\\/#\\\/schema\\\/logo\\\/image\\\/\",\"url\":\"https:\\\/\\\/www.alveria.it\\\/wp-content\\\/uploads\\\/2023\\\/12\\\/logo_alveria_normal.svg\",\"contentUrl\":\"https:\\\/\\\/www.alveria.it\\\/wp-content\\\/uploads\\\/2023\\\/12\\\/logo_alveria_normal.svg\",\"caption\":\"Alveria - Consulting, Training and Solutions\"},\"image\":{\"@id\":\"https:\\\/\\\/www.alveria.it\\\/#\\\/schema\\\/logo\\\/image\\\/\"}}]}<\/script>\n<!-- \/ Yoast SEO plugin. -->","yoast_head_json":{"title":"EVALUACI\u00d3N DE LA GESTI\u00d3N","description":"Alveria propone un modelo de Evaluaci\u00f3n de la Gesti\u00f3n para el desarrollo empresarial, analizando competencias y motivaciones con herramientas avanzadas e informes detallados.","robots":{"index":"index","follow":"follow","max-snippet":"max-snippet:-1","max-image-preview":"max-image-preview:large","max-video-preview":"max-video-preview:-1"},"canonical":"https:\/\/www.alveria.it\/espanol\/consultoria\/evaluacion-de-la-gestion\/","og_locale":"es_ES","og_type":"article","og_title":"MANAGEMENT ASSESSMENT","og_description":"Alveria propone un modello di Management Assessment per sviluppare il business, analizzando competenze e motivazioni con strumenti avanzati e report dettagliati.","og_url":"https:\/\/www.alveria.it\/espanol\/consultoria\/evaluacion-de-la-gestion\/","og_site_name":"Alveria - Consulting, Training and Solutions","article_modified_time":"2024-05-20T14:39:00+00:00","og_image":[{"width":1920,"height":1080,"url":"https:\/\/www.alveria.it\/wp-content\/uploads\/2023\/09\/Management-Assessment-virata-1.jpg","type":"image\/jpeg"}],"twitter_card":"summary_large_image","twitter_misc":{"Tiempo de lectura":"2 minutos"},"schema":{"@context":"https:\/\/schema.org","@graph":[{"@type":"WebPage","@id":"https:\/\/www.alveria.it\/consulenza\/management-assessment\/","url":"https:\/\/www.alveria.it\/consulenza\/management-assessment\/","name":"EVALUACI\u00d3N DE LA GESTI\u00d3N","isPartOf":{"@id":"https:\/\/www.alveria.it\/#website"},"primaryImageOfPage":{"@id":"https:\/\/www.alveria.it\/consulenza\/management-assessment\/#primaryimage"},"image":{"@id":"https:\/\/www.alveria.it\/consulenza\/management-assessment\/#primaryimage"},"thumbnailUrl":"https:\/\/www.alveria.it\/wp-content\/uploads\/2023\/09\/Management-Assessment-virata-1.jpg","datePublished":"2023-09-26T14:34:02+00:00","dateModified":"2024-05-20T14:39:00+00:00","description":"Alveria propone un modelo de Evaluaci\u00f3n de la Gesti\u00f3n para el desarrollo empresarial, analizando competencias y motivaciones con herramientas avanzadas e informes detallados.","breadcrumb":{"@id":"https:\/\/www.alveria.it\/consulenza\/management-assessment\/#breadcrumb"},"inLanguage":"es","potentialAction":[{"@type":"ReadAction","target":["https:\/\/www.alveria.it\/consulenza\/management-assessment\/"]}]},{"@type":"ImageObject","inLanguage":"es","@id":"https:\/\/www.alveria.it\/consulenza\/management-assessment\/#primaryimage","url":"https:\/\/www.alveria.it\/wp-content\/uploads\/2023\/09\/Management-Assessment-virata-1.jpg","contentUrl":"https:\/\/www.alveria.it\/wp-content\/uploads\/2023\/09\/Management-Assessment-virata-1.jpg","width":1920,"height":1080},{"@type":"BreadcrumbList","@id":"https:\/\/www.alveria.it\/consulenza\/management-assessment\/#breadcrumb","itemListElement":[{"@type":"ListItem","position":1,"name":"Home","item":"https:\/\/www.alveria.it\/"},{"@type":"ListItem","position":2,"name":"CONSULENZA","item":"https:\/\/www.alveria.it\/consulenza\/"},{"@type":"ListItem","position":3,"name":"MANAGEMENT ASSESSMENT"}]},{"@type":"WebSite","@id":"https:\/\/www.alveria.it\/#website","url":"https:\/\/www.alveria.it\/","name":"Alveria - Consultor\u00eda, formaci\u00f3n y soluciones","description":"Alveria - Consultor\u00eda, formaci\u00f3n y soluciones","publisher":{"@id":"https:\/\/www.alveria.it\/#organization"},"potentialAction":[{"@type":"SearchAction","target":{"@type":"EntryPoint","urlTemplate":"https:\/\/www.alveria.it\/?s={search_term_string}"},"query-input":{"@type":"PropertyValueSpecification","valueRequired":true,"valueName":"search_term_string"}}],"inLanguage":"es"},{"@type":"Organization","@id":"https:\/\/www.alveria.it\/#organization","name":"Alveria - Consultor\u00eda, formaci\u00f3n y soluciones","url":"https:\/\/www.alveria.it\/","logo":{"@type":"ImageObject","inLanguage":"es","@id":"https:\/\/www.alveria.it\/#\/schema\/logo\/image\/","url":"https:\/\/www.alveria.it\/wp-content\/uploads\/2023\/12\/logo_alveria_normal.svg","contentUrl":"https:\/\/www.alveria.it\/wp-content\/uploads\/2023\/12\/logo_alveria_normal.svg","caption":"Alveria - Consulting, Training and Solutions"},"image":{"@id":"https:\/\/www.alveria.it\/#\/schema\/logo\/image\/"}}]}},"_links":{"self":[{"href":"https:\/\/www.alveria.it\/espanol\/wp-json\/wp\/v2\/pages\/482","targetHints":{"allow":["GET"]}}],"collection":[{"href":"https:\/\/www.alveria.it\/espanol\/wp-json\/wp\/v2\/pages"}],"about":[{"href":"https:\/\/www.alveria.it\/espanol\/wp-json\/wp\/v2\/types\/page"}],"author":[{"embeddable":true,"href":"https:\/\/www.alveria.it\/espanol\/wp-json\/wp\/v2\/users\/3"}],"replies":[{"embeddable":true,"href":"https:\/\/www.alveria.it\/espanol\/wp-json\/wp\/v2\/comments?post=482"}],"version-history":[{"count":2,"href":"https:\/\/www.alveria.it\/espanol\/wp-json\/wp\/v2\/pages\/482\/revisions"}],"predecessor-version":[{"id":1428,"href":"https:\/\/www.alveria.it\/espanol\/wp-json\/wp\/v2\/pages\/482\/revisions\/1428"}],"up":[{"embeddable":true,"href":"https:\/\/www.alveria.it\/espanol\/wp-json\/wp\/v2\/pages\/125"}],"wp:featuredmedia":[{"embeddable":true,"href":"https:\/\/www.alveria.it\/espanol\/wp-json\/wp\/v2\/media\/690"}],"wp:attachment":[{"href":"https:\/\/www.alveria.it\/espanol\/wp-json\/wp\/v2\/media?parent=482"}],"curies":[{"name":"wp","href":"https:\/\/api.w.org\/{rel}","templated":true}]}}