{"id":475,"date":"2023-09-26T14:18:36","date_gmt":"2023-09-26T14:18:36","guid":{"rendered":"https:\/\/www.alveria.it\/?page_id=475"},"modified":"2024-05-21T11:56:21","modified_gmt":"2024-05-21T11:56:21","slug":"analisis-y-gestion-del-cambio","status":"publish","type":"page","link":"https:\/\/www.alveria.it\/espanol\/formacion\/personas-y-desarrollo-directivo-162\/gestion-y-direccion-de-rrhh\/analisis-y-gestion-del-cambio\/","title":{"rendered":"AN\u00c1LISIS Y GESTI\u00d3N DEL CAMBIO"},"content":{"rendered":"<p>AN\u00c1LISIS Y GESTI\u00d3N DEL CAMBIO<\/p>\n<p>[aioseo_breadcrumbs]<\/p>\n<ul>\n<li>| PRESENCIAL Y EN L\u00cdNEA<\/li>\n<li>HABILIDADES AVANZADAS<\/li>\n<li>3 M\u00d3DULOS<\/li>\n<\/ul>\n<h3 class=\"title\">GESTI\u00d3N DEL CAMBIO: DIRECTRICES PARA EL CAMBIO<\/h3>\n<h3 class=\"title\">OBJETIVOS<\/h3>\n<p style=\"text-align: center;\" class=\"translation-block\">Todo el mundo reconoce que la \u00fanica constante en los negocios es el <strong>cambio<\/strong>: tanto las necesidades de los clientes como las condiciones del mercado cambian. El mayor cambio de los \u00faltimos a\u00f1os es la <strong>rapidez<\/strong> con la que esto sucede.<\/p>\n<p style=\"text-align: center;\"><strong>Alveria apoya a las empresas con intervenciones:<\/strong><\/p>\n<ul class=\"mfn-list mfn-list-left mfn-list-middle\">\n<li class=\"mfn-list-item\" style=\"counter-set: my-sec-counter 0;\"><span class=\"mfn-list-desc\">Comprender el significado del cambio<\/span><\/li>\n<li class=\"mfn-list-item\"><span class=\"mfn-list-desc\">Aprender a gestionarlo venciendo resistencias<\/span><\/li>\n<li class=\"mfn-list-item\"><span class=\"mfn-list-desc\">Adoptar la cultura de la innovaci\u00f3n<\/span><\/li>\n<\/ul>\n<p style=\"text-align: center;\">El curso pretende desarrollar una mayor autoconciencia en individuos y grupos, identificando y orientando hacia acciones que faciliten el cambio.<\/p>\n<h3>PROGRAMA DE AN\u00c1LISIS<\/h3>\n<p style=\"text-align: left;\"><strong>M\u00f3dulo 1<\/strong><\/p>\n<ul class=\"mfn-list mfn-list-left mfn-list-middle\">\n<li class=\"mfn-list-item\" style=\"counter-set: my-sec-counter 0;\"><span class=\"mfn-list-desc\">Agentes del cambio y efectos organizativos<\/span><\/li>\n<li class=\"mfn-list-item\"><span class=\"mfn-list-desc\">Exploraci\u00f3n de la dimensi\u00f3n discrecional e innovadora de la funci\u00f3n<\/span><\/li>\n<li class=\"mfn-list-item\"><span class=\"mfn-list-desc\">El papel \"consultivo\" del agente del cambio<\/span><\/li>\n<li class=\"mfn-list-item\"><span class=\"mfn-list-desc\">Gesti\u00f3n de prioridades<\/span><\/li>\n<\/ul>\n<p style=\"text-align: left;\"><strong>M\u00f3dulo 2<\/strong><\/p>\n<ul class=\"mfn-list mfn-list-left mfn-list-middle\">\n<li class=\"mfn-list-item\" style=\"counter-set: my-sec-counter 0;\"><span class=\"mfn-list-desc\">Trabajo en equipo en ausencia de un l\u00edder jer\u00e1rquico<\/span><\/li>\n<li class=\"mfn-list-item\"><span class=\"mfn-list-desc\">Capacidad de diagn\u00f3stico organizativo<\/span><\/li>\n<li class=\"mfn-list-item\"><span class=\"mfn-list-desc\">Visi\u00f3n sist\u00e9mica de la organizaci\u00f3n<\/span><\/li>\n<\/ul>\n<p style=\"text-align: left;\"><strong>M\u00f3dulo 3<\/strong><\/p>\n<ul class=\"mfn-list mfn-list-left mfn-list-middle\">\n<li class=\"mfn-list-item\" style=\"counter-set: my-sec-counter 0;\"><span class=\"mfn-list-desc\">Promover una visi\u00f3n cr\u00edtica de la realidad organizativa<\/span><\/li>\n<li class=\"mfn-list-item\"><span class=\"mfn-list-desc\">Promover una reorientaci\u00f3n cultural hacia una interpretaci\u00f3n m\u00e1s din\u00e1mica, flexible y abierta.<\/span><\/li>\n<li class=\"mfn-list-item\"><span class=\"mfn-list-desc\">Intensificar el di\u00e1logo entre las divisiones organizativas<\/span><\/li>\n<\/ul>\n<h3 class=\"title\">PEDAGOG\u00cdA<\/h3>\n<p style=\"text-align: center;\">El curso es eminentemente pr\u00e1ctico. La did\u00e1ctica contempla la alternancia continua de momentos te\u00f3ricos y pr\u00e1cticos con juegos de rol, simulaciones y ejercicios.<\/p>\n<h3 class=\"title\">RECIPIENTES<\/h3>\n<p style=\"text-align: center;\"><strong>Director<\/strong><strong>Gerentes <\/strong>e<strong>\u00a0Gestores<\/strong><\/p>\n<h3 class=\"title\">MATERIALES DE FORMACI\u00d3N<\/h3>\n<p style=\"text-align: center;\">Videoconferencias y material did\u00e1ctico<\/p>\n<h6 class=\"title\"><a href=\"https:\/\/www.hcms.it\/contatti\/\">CONSULTOR\u00cdA<\/a>FORMACI\u00d3N EN DIGITALIZACI\u00d3N DE LA RRHH Y SOLUCIONES EMPRESARIALES DESCUBRA EL M\u00c9TODO ALVERIA Y PREP\u00c1RESE PARA EL CAMBIO.<\/h6>\n<p><a class=\"button  button_size_2 button_dark\" title=\"\" href=\"\/espanol\/contactos\/\"><span class=\"button_label\">SOLICITAR M\u00c1S INFORMACI\u00d3N<\/span><\/a><\/p>","protected":false},"excerpt":{"rendered":"<p>ANALISI E GESTIONE DEL CAMBIAMENTO [aioseo_breadcrumbs] | IN PRESENZA E ONLINE COMPETENZE AVANZATE 3 MODULI CHANGE MANAGEMENT: LINEE GUIDA PER IL CAMBIAMENTO OBIETTIVI Tutti riconoscono che<span class=\"excerpt-hellip\"> [...]<\/span><\/p>","protected":false},"author":2,"featured_media":830,"parent":446,"menu_order":0,"comment_status":"open","ping_status":"closed","template":"","meta":{"iawp_total_views":19,"footnotes":""},"class_list":["post-475","page","type-page","status-publish","has-post-thumbnail","hentry"],"yoast_head":"<!-- This site is optimized with the Yoast SEO plugin v25.1 - https:\/\/yoast.com\/wordpress\/plugins\/seo\/ -->\n<title>ANALISI E GESTIONE DEL CAMBIAMENTO<\/title>\n<meta name=\"description\" content=\"Scopri il corso di Analisi e Gestione del Cambiamento di Alveria: sviluppa competenze avanzate per affrontare il cambiamento e promuovere l&#039;innovazione.\" \/>\n<meta name=\"robots\" content=\"index, follow, max-snippet:-1, max-image-preview:large, max-video-preview:-1\" \/>\n<link rel=\"canonical\" href=\"https:\/\/www.alveria.it\/espanol\/formacion\/personas-y-desarrollo-directivo\/gestion-y-direccion-de-rrhh\/analisis-y-gestion-del-cambio\/\" \/>\n<meta property=\"og:locale\" content=\"es_ES\" \/>\n<meta property=\"og:type\" content=\"article\" \/>\n<meta property=\"og:title\" content=\"ANALISI E GESTIONE DEL CAMBIAMENTO\" \/>\n<meta property=\"og:description\" content=\"Scopri il corso di Analisi e Gestione del Cambiamento di Alveria: sviluppa competenze avanzate per affrontare il cambiamento e promuovere l&#039;innovazione.\" \/>\n<meta property=\"og:url\" content=\"https:\/\/www.alveria.it\/espanol\/formacion\/personas-y-desarrollo-directivo\/gestion-y-direccion-de-rrhh\/analisis-y-gestion-del-cambio\/\" \/>\n<meta property=\"og:site_name\" content=\"Alveria - Consulting, Training and Solutions\" \/>\n<meta property=\"article:modified_time\" content=\"2024-05-21T11:56:21+00:00\" \/>\n<meta property=\"og:image\" content=\"https:\/\/www.alveria.it\/wp-content\/uploads\/2023\/09\/Analisi-gestione-cambiamento-virata.jpg\" \/>\n\t<meta property=\"og:image:width\" content=\"1920\" \/>\n\t<meta property=\"og:image:height\" content=\"1080\" \/>\n\t<meta property=\"og:image:type\" content=\"image\/jpeg\" \/>\n<meta name=\"twitter:card\" content=\"summary_large_image\" \/>\n<meta name=\"twitter:label1\" content=\"Tiempo de lectura\" \/>\n\t<meta name=\"twitter:data1\" content=\"2 minutos\" \/>\n<script type=\"application\/ld+json\" class=\"yoast-schema-graph\">{\"@context\":\"https:\/\/schema.org\",\"@graph\":[{\"@type\":\"WebPage\",\"@id\":\"https:\/\/www.alveria.it\/formazione\/people-e-managerial-development\/hr-management-e-leadership\/analisi-e-gestione-del-cambiamento\/\",\"url\":\"https:\/\/www.alveria.it\/formazione\/people-e-managerial-development\/hr-management-e-leadership\/analisi-e-gestione-del-cambiamento\/\",\"name\":\"ANALISI E GESTIONE DEL CAMBIAMENTO\",\"isPartOf\":{\"@id\":\"https:\/\/www.alveria.it\/#website\"},\"primaryImageOfPage\":{\"@id\":\"https:\/\/www.alveria.it\/formazione\/people-e-managerial-development\/hr-management-e-leadership\/analisi-e-gestione-del-cambiamento\/#primaryimage\"},\"image\":{\"@id\":\"https:\/\/www.alveria.it\/formazione\/people-e-managerial-development\/hr-management-e-leadership\/analisi-e-gestione-del-cambiamento\/#primaryimage\"},\"thumbnailUrl\":\"https:\/\/www.alveria.it\/wp-content\/uploads\/2023\/09\/Analisi-gestione-cambiamento-virata.jpg\",\"datePublished\":\"2023-09-26T14:18:36+00:00\",\"dateModified\":\"2024-05-21T11:56:21+00:00\",\"description\":\"Scopri il corso di Analisi e Gestione del Cambiamento di Alveria: sviluppa competenze avanzate per affrontare il cambiamento e promuovere l'innovazione.\",\"breadcrumb\":{\"@id\":\"https:\/\/www.alveria.it\/formazione\/people-e-managerial-development\/hr-management-e-leadership\/analisi-e-gestione-del-cambiamento\/#breadcrumb\"},\"inLanguage\":\"es\",\"potentialAction\":[{\"@type\":\"ReadAction\",\"target\":[\"https:\/\/www.alveria.it\/formazione\/people-e-managerial-development\/hr-management-e-leadership\/analisi-e-gestione-del-cambiamento\/\"]}]},{\"@type\":\"ImageObject\",\"inLanguage\":\"es\",\"@id\":\"https:\/\/www.alveria.it\/formazione\/people-e-managerial-development\/hr-management-e-leadership\/analisi-e-gestione-del-cambiamento\/#primaryimage\",\"url\":\"https:\/\/www.alveria.it\/wp-content\/uploads\/2023\/09\/Analisi-gestione-cambiamento-virata.jpg\",\"contentUrl\":\"https:\/\/www.alveria.it\/wp-content\/uploads\/2023\/09\/Analisi-gestione-cambiamento-virata.jpg\",\"width\":1920,\"height\":1080},{\"@type\":\"BreadcrumbList\",\"@id\":\"https:\/\/www.alveria.it\/formazione\/people-e-managerial-development\/hr-management-e-leadership\/analisi-e-gestione-del-cambiamento\/#breadcrumb\",\"itemListElement\":[{\"@type\":\"ListItem\",\"position\":1,\"name\":\"Home\",\"item\":\"https:\/\/www.alveria.it\/\"},{\"@type\":\"ListItem\",\"position\":2,\"name\":\"FORMAZIONE\",\"item\":\"https:\/\/www.alveria.it\/formazione\/\"},{\"@type\":\"ListItem\",\"position\":3,\"name\":\"PEOPLE E MANAGERIAL DEVELOPMENT\",\"item\":\"https:\/\/www.alveria.it\/formazione\/people-e-managerial-development\/\"},{\"@type\":\"ListItem\",\"position\":4,\"name\":\"HR MANAGEMENT E LEADERSHIP\",\"item\":\"https:\/\/www.alveria.it\/formazione\/people-e-managerial-development\/hr-management-e-leadership\/\"},{\"@type\":\"ListItem\",\"position\":5,\"name\":\"ANALISI E GESTIONE DEL CAMBIAMENTO\"}]},{\"@type\":\"WebSite\",\"@id\":\"https:\/\/www.alveria.it\/#website\",\"url\":\"https:\/\/www.alveria.it\/\",\"name\":\"Alveria - Consulting, Training and Solutions\",\"description\":\"Alveria - Consulting, Training and Solutions\",\"publisher\":{\"@id\":\"https:\/\/www.alveria.it\/#organization\"},\"potentialAction\":[{\"@type\":\"SearchAction\",\"target\":{\"@type\":\"EntryPoint\",\"urlTemplate\":\"https:\/\/www.alveria.it\/?s={search_term_string}\"},\"query-input\":{\"@type\":\"PropertyValueSpecification\",\"valueRequired\":true,\"valueName\":\"search_term_string\"}}],\"inLanguage\":\"es\"},{\"@type\":\"Organization\",\"@id\":\"https:\/\/www.alveria.it\/#organization\",\"name\":\"Alveria - Consulting, Training and Solutions\",\"url\":\"https:\/\/www.alveria.it\/\",\"logo\":{\"@type\":\"ImageObject\",\"inLanguage\":\"es\",\"@id\":\"https:\/\/www.alveria.it\/#\/schema\/logo\/image\/\",\"url\":\"https:\/\/www.alveria.it\/wp-content\/uploads\/2023\/12\/logo_alveria_normal.svg\",\"contentUrl\":\"https:\/\/www.alveria.it\/wp-content\/uploads\/2023\/12\/logo_alveria_normal.svg\",\"caption\":\"Alveria - Consulting, Training and Solutions\"},\"image\":{\"@id\":\"https:\/\/www.alveria.it\/#\/schema\/logo\/image\/\"}}]}<\/script>\n<!-- \/ Yoast SEO plugin. -->","yoast_head_json":{"title":"ANALISI E GESTIONE DEL CAMBIAMENTO","description":"Scopri il corso di Analisi e Gestione del Cambiamento di Alveria: sviluppa competenze avanzate per affrontare il cambiamento e promuovere l'innovazione.","robots":{"index":"index","follow":"follow","max-snippet":"max-snippet:-1","max-image-preview":"max-image-preview:large","max-video-preview":"max-video-preview:-1"},"canonical":"https:\/\/www.alveria.it\/espanol\/formacion\/personas-y-desarrollo-directivo\/gestion-y-direccion-de-rrhh\/analisis-y-gestion-del-cambio\/","og_locale":"es_ES","og_type":"article","og_title":"ANALISI E GESTIONE DEL CAMBIAMENTO","og_description":"Scopri il corso di Analisi e Gestione del Cambiamento di Alveria: sviluppa competenze avanzate per affrontare il cambiamento e promuovere l'innovazione.","og_url":"https:\/\/www.alveria.it\/espanol\/formacion\/personas-y-desarrollo-directivo\/gestion-y-direccion-de-rrhh\/analisis-y-gestion-del-cambio\/","og_site_name":"Alveria - Consulting, Training and Solutions","article_modified_time":"2024-05-21T11:56:21+00:00","og_image":[{"width":1920,"height":1080,"url":"https:\/\/www.alveria.it\/wp-content\/uploads\/2023\/09\/Analisi-gestione-cambiamento-virata.jpg","type":"image\/jpeg"}],"twitter_card":"summary_large_image","twitter_misc":{"Tiempo de lectura":"2 minutos"},"schema":{"@context":"https:\/\/schema.org","@graph":[{"@type":"WebPage","@id":"https:\/\/www.alveria.it\/formazione\/people-e-managerial-development\/hr-management-e-leadership\/analisi-e-gestione-del-cambiamento\/","url":"https:\/\/www.alveria.it\/formazione\/people-e-managerial-development\/hr-management-e-leadership\/analisi-e-gestione-del-cambiamento\/","name":"ANALISI E GESTIONE DEL CAMBIAMENTO","isPartOf":{"@id":"https:\/\/www.alveria.it\/#website"},"primaryImageOfPage":{"@id":"https:\/\/www.alveria.it\/formazione\/people-e-managerial-development\/hr-management-e-leadership\/analisi-e-gestione-del-cambiamento\/#primaryimage"},"image":{"@id":"https:\/\/www.alveria.it\/formazione\/people-e-managerial-development\/hr-management-e-leadership\/analisi-e-gestione-del-cambiamento\/#primaryimage"},"thumbnailUrl":"https:\/\/www.alveria.it\/wp-content\/uploads\/2023\/09\/Analisi-gestione-cambiamento-virata.jpg","datePublished":"2023-09-26T14:18:36+00:00","dateModified":"2024-05-21T11:56:21+00:00","description":"Scopri il corso di Analisi e Gestione del Cambiamento di Alveria: sviluppa competenze avanzate per affrontare il cambiamento e promuovere l'innovazione.","breadcrumb":{"@id":"https:\/\/www.alveria.it\/formazione\/people-e-managerial-development\/hr-management-e-leadership\/analisi-e-gestione-del-cambiamento\/#breadcrumb"},"inLanguage":"es","potentialAction":[{"@type":"ReadAction","target":["https:\/\/www.alveria.it\/formazione\/people-e-managerial-development\/hr-management-e-leadership\/analisi-e-gestione-del-cambiamento\/"]}]},{"@type":"ImageObject","inLanguage":"es","@id":"https:\/\/www.alveria.it\/formazione\/people-e-managerial-development\/hr-management-e-leadership\/analisi-e-gestione-del-cambiamento\/#primaryimage","url":"https:\/\/www.alveria.it\/wp-content\/uploads\/2023\/09\/Analisi-gestione-cambiamento-virata.jpg","contentUrl":"https:\/\/www.alveria.it\/wp-content\/uploads\/2023\/09\/Analisi-gestione-cambiamento-virata.jpg","width":1920,"height":1080},{"@type":"BreadcrumbList","@id":"https:\/\/www.alveria.it\/formazione\/people-e-managerial-development\/hr-management-e-leadership\/analisi-e-gestione-del-cambiamento\/#breadcrumb","itemListElement":[{"@type":"ListItem","position":1,"name":"Home","item":"https:\/\/www.alveria.it\/"},{"@type":"ListItem","position":2,"name":"FORMAZIONE","item":"https:\/\/www.alveria.it\/formazione\/"},{"@type":"ListItem","position":3,"name":"PEOPLE E MANAGERIAL DEVELOPMENT","item":"https:\/\/www.alveria.it\/formazione\/people-e-managerial-development\/"},{"@type":"ListItem","position":4,"name":"HR MANAGEMENT E LEADERSHIP","item":"https:\/\/www.alveria.it\/formazione\/people-e-managerial-development\/hr-management-e-leadership\/"},{"@type":"ListItem","position":5,"name":"ANALISI E GESTIONE DEL CAMBIAMENTO"}]},{"@type":"WebSite","@id":"https:\/\/www.alveria.it\/#website","url":"https:\/\/www.alveria.it\/","name":"Alveria - Consulting, Training and Solutions","description":"Alveria - Consulting, Training and Solutions","publisher":{"@id":"https:\/\/www.alveria.it\/#organization"},"potentialAction":[{"@type":"SearchAction","target":{"@type":"EntryPoint","urlTemplate":"https:\/\/www.alveria.it\/?s={search_term_string}"},"query-input":{"@type":"PropertyValueSpecification","valueRequired":true,"valueName":"search_term_string"}}],"inLanguage":"es"},{"@type":"Organization","@id":"https:\/\/www.alveria.it\/#organization","name":"Alveria - Consulting, Training and Solutions","url":"https:\/\/www.alveria.it\/","logo":{"@type":"ImageObject","inLanguage":"es","@id":"https:\/\/www.alveria.it\/#\/schema\/logo\/image\/","url":"https:\/\/www.alveria.it\/wp-content\/uploads\/2023\/12\/logo_alveria_normal.svg","contentUrl":"https:\/\/www.alveria.it\/wp-content\/uploads\/2023\/12\/logo_alveria_normal.svg","caption":"Alveria - Consulting, Training and Solutions"},"image":{"@id":"https:\/\/www.alveria.it\/#\/schema\/logo\/image\/"}}]}},"_links":{"self":[{"href":"https:\/\/www.alveria.it\/espanol\/wp-json\/wp\/v2\/pages\/475","targetHints":{"allow":["GET"]}}],"collection":[{"href":"https:\/\/www.alveria.it\/espanol\/wp-json\/wp\/v2\/pages"}],"about":[{"href":"https:\/\/www.alveria.it\/espanol\/wp-json\/wp\/v2\/types\/page"}],"author":[{"embeddable":true,"href":"https:\/\/www.alveria.it\/espanol\/wp-json\/wp\/v2\/users\/2"}],"replies":[{"embeddable":true,"href":"https:\/\/www.alveria.it\/espanol\/wp-json\/wp\/v2\/comments?post=475"}],"version-history":[{"count":2,"href":"https:\/\/www.alveria.it\/espanol\/wp-json\/wp\/v2\/pages\/475\/revisions"}],"predecessor-version":[{"id":1499,"href":"https:\/\/www.alveria.it\/espanol\/wp-json\/wp\/v2\/pages\/475\/revisions\/1499"}],"up":[{"embeddable":true,"href":"https:\/\/www.alveria.it\/espanol\/wp-json\/wp\/v2\/pages\/446"}],"wp:featuredmedia":[{"embeddable":true,"href":"https:\/\/www.alveria.it\/espanol\/wp-json\/wp\/v2\/media\/830"}],"wp:attachment":[{"href":"https:\/\/www.alveria.it\/espanol\/wp-json\/wp\/v2\/media?parent=475"}],"curies":[{"name":"wp","href":"https:\/\/api.w.org\/{rel}","templated":true}]}}