{"id":473,"date":"2023-09-26T14:17:27","date_gmt":"2023-09-26T14:17:27","guid":{"rendered":"https:\/\/www.alveria.it\/?page_id=473"},"modified":"2024-05-21T11:56:49","modified_gmt":"2024-05-21T11:56:49","slug":"empoderamiento","status":"publish","type":"page","link":"https:\/\/www.alveria.it\/espanol\/formacion\/personas-y-desarrollo-directivo-162\/gestion-y-direccion-de-rrhh\/empoderamiento\/","title":{"rendered":"EMPOWERMENT"},"content":{"rendered":"<p>EMPOWERMENT<\/p>\n<p>[aioseo_breadcrumbs]<\/p>\n<ul>\n<li>| PRESENCIAL Y EN L\u00cdNEA<\/li>\n<li>HABILIDADES AVANZADAS<\/li>\n<li>3 M\u00d3DULOS<\/li>\n<\/ul>\n<h3 class=\"title\">ADQUIRIR LAS HABILIDADES NECESARIAS PARA CAMBIAR SU ENTORNO SOCIAL A MEJOR<\/h3>\n<h3 class=\"title\">OBJETIVOS<\/h3>\n<p style=\"text-align: center;\">Ser proactivo, flexible y ser un punto de referencia para la propia empresa significa comprender y gestionar eficazmente todos los factores que pueden ser \u00fatiles, a nivel individual y de equipo, para planificar los resultados profesionales deseados, neutralizando cualquier factor perturbador.<\/p>\n<p style=\"text-align: center;\">Para alcanzar estos objetivos, es necesario\u00a0<strong>activar los motores del cambio<\/strong> (sensibilizaci\u00f3n, diagn\u00f3stico, intervenci\u00f3n), analizando su contexto, planificando para superar las interferencias y construyendo un plan de acci\u00f3n.<\/p>\n<p style=\"text-align: center;\">Los cursos de empowerment permiten profundizar y desarrollar los comportamientos que deben adoptarse para construir la propia autoridad y obtener el consenso dentro del grupo, desarrollando de hecho un enfoque de la gesti\u00f3n que valoriza el capital humano y estimula la motivaci\u00f3n de los empleados.<\/p>\n<h3>PROGRAMA<\/h3>\n<p style=\"text-align: left;\"><strong>M\u00f3dulo 1<\/strong><\/p>\n<ul class=\"mfn-list mfn-list-left mfn-list-middle\">\n<li class=\"mfn-list-item\" style=\"counter-set: my-sec-counter 0;\"><span class=\"mfn-list-desc\">Comprender la relaci\u00f3n entre rendimiento, potencial y factores personales subyacentes al comportamiento.<\/span><\/li>\n<li class=\"mfn-list-item\"><span class=\"mfn-list-desc\">Ampliar las propias capacidades de gesti\u00f3n, planificando el desarrollo de un enfoque proactivo y responsable.<\/span><\/li>\n<\/ul>\n<p style=\"text-align: left;\"><strong>M\u00f3dulo 2<\/strong><\/p>\n<ul class=\"mfn-list mfn-list-left mfn-list-middle\">\n<li class=\"mfn-list-item\" style=\"counter-set: my-sec-counter 0;\"><span class=\"mfn-list-desc\">Identificar y neutralizar los factores que afectan a la propia capacidad para lograr resultados positivos.<\/span><\/li>\n<li class=\"mfn-list-item\"><span class=\"mfn-list-desc\">Conocer herramientas y t\u00e9cnicas para mantener bajo control las presiones y retos diarios de forma eficaz y coherente.<\/span><\/li>\n<\/ul>\n<p style=\"text-align: left;\"><strong>M\u00f3dulo 3<\/strong><\/p>\n<ul class=\"mfn-list mfn-list-left mfn-list-middle\">\n<li class=\"mfn-list-item\" style=\"counter-set: my-sec-counter 0;\"><span class=\"mfn-list-desc\">Comprender c\u00f3mo influir positivamente en los dem\u00e1s, ayud\u00e1ndoles a liberar su potencial profesional.<\/span><\/li>\n<\/ul>\n<h3 class=\"title\">PEDAGOG\u00cdA<\/h3>\n<p style=\"text-align: center;\">El curso es eminentemente pr\u00e1ctico. La did\u00e1ctica contempla la alternancia continua de momentos te\u00f3ricos y pr\u00e1cticos con juegos de rol, simulaciones y ejercicios.<\/p>\n<h3 class=\"title\">RECIPIENTES<\/h3>\n<p style=\"text-align: center;\">Los destinatarios son todos aquellos\u00a0<strong>cifras de gesti\u00f3n<\/strong>\u00a0que necesiten o deseen<\/p>\n<h3 class=\"title\">MATERIALES DE FORMACI\u00d3N<\/h3>\n<p style=\"text-align: center;\">Videoconferencias y material did\u00e1ctico<\/p>\n<h6 class=\"title\"><a href=\"https:\/\/www.hcms.it\/contatti\/\">CONSULTOR\u00cdA<\/a>FORMACI\u00d3N EN DIGITALIZACI\u00d3N DE LA RRHH Y SOLUCIONES EMPRESARIALES DESCUBRA EL M\u00c9TODO ALVERIA Y PREP\u00c1RESE PARA EL CAMBIO.<\/h6>\n<p><a class=\"button  button_size_2 button_dark\" title=\"\" href=\"\/espanol\/contactos\/\"><span class=\"button_label\">SOLICITAR M\u00c1S INFORMACI\u00d3N<\/span><\/a><\/p>","protected":false},"excerpt":{"rendered":"<p>EMPOWERMENT [aioseo_breadcrumbs] | IN PRESENZA E ONLINE COMPETENZE AVANZATE 3 MODULI ACQUISISCI LE COMPETENZE NECESSARIE PER CAMBIARE IN MEGLIO L\u2019ABIENTE SOCIALE CHE TI CIRCONDA OBIETTIVI Essere<span class=\"excerpt-hellip\"> [...]<\/span><\/p>","protected":false},"author":2,"featured_media":828,"parent":446,"menu_order":0,"comment_status":"open","ping_status":"closed","template":"","meta":{"iawp_total_views":37,"footnotes":""},"class_list":["post-473","page","type-page","status-publish","has-post-thumbnail","hentry"],"yoast_head":"<!-- This site is optimized with the Yoast SEO plugin v25.1 - https:\/\/yoast.com\/wordpress\/plugins\/seo\/ -->\n<title>EMPOWERMENT<\/title>\n<meta name=\"description\" content=\"Scopri il corso di Empowerment di Alveria: competenze avanzate per guidare il cambiamento, valorizzare il capitale umano e motivare il team.\" \/>\n<meta name=\"robots\" content=\"index, follow, max-snippet:-1, max-image-preview:large, max-video-preview:-1\" \/>\n<link rel=\"canonical\" href=\"https:\/\/www.alveria.it\/espanol\/formacion\/personas-y-desarrollo-directivo\/gestion-y-direccion-de-rrhh\/empoderamiento\/\" \/>\n<meta property=\"og:locale\" content=\"es_ES\" \/>\n<meta property=\"og:type\" content=\"article\" \/>\n<meta property=\"og:title\" content=\"EMPOWERMENT\" \/>\n<meta property=\"og:description\" content=\"Scopri il corso di Empowerment di Alveria: competenze avanzate per guidare il cambiamento, valorizzare il capitale umano e motivare il team.\" \/>\n<meta property=\"og:url\" content=\"https:\/\/www.alveria.it\/espanol\/formacion\/personas-y-desarrollo-directivo\/gestion-y-direccion-de-rrhh\/empoderamiento\/\" \/>\n<meta property=\"og:site_name\" content=\"Alveria - Consulting, Training and Solutions\" \/>\n<meta property=\"article:modified_time\" content=\"2024-05-21T11:56:49+00:00\" \/>\n<meta property=\"og:image\" content=\"https:\/\/www.alveria.it\/wp-content\/uploads\/2023\/09\/Empowerment-virata.jpg\" \/>\n\t<meta property=\"og:image:width\" content=\"1920\" \/>\n\t<meta property=\"og:image:height\" content=\"1080\" \/>\n\t<meta property=\"og:image:type\" content=\"image\/jpeg\" \/>\n<meta name=\"twitter:card\" content=\"summary_large_image\" \/>\n<meta name=\"twitter:label1\" content=\"Tiempo de lectura\" \/>\n\t<meta name=\"twitter:data1\" content=\"2 minutos\" \/>\n<script type=\"application\/ld+json\" class=\"yoast-schema-graph\">{\"@context\":\"https:\/\/schema.org\",\"@graph\":[{\"@type\":\"WebPage\",\"@id\":\"https:\/\/www.alveria.it\/formazione\/people-e-managerial-development\/hr-management-e-leadership\/empowerment\/\",\"url\":\"https:\/\/www.alveria.it\/formazione\/people-e-managerial-development\/hr-management-e-leadership\/empowerment\/\",\"name\":\"EMPOWERMENT\",\"isPartOf\":{\"@id\":\"https:\/\/www.alveria.it\/#website\"},\"primaryImageOfPage\":{\"@id\":\"https:\/\/www.alveria.it\/formazione\/people-e-managerial-development\/hr-management-e-leadership\/empowerment\/#primaryimage\"},\"image\":{\"@id\":\"https:\/\/www.alveria.it\/formazione\/people-e-managerial-development\/hr-management-e-leadership\/empowerment\/#primaryimage\"},\"thumbnailUrl\":\"https:\/\/www.alveria.it\/wp-content\/uploads\/2023\/09\/Empowerment-virata.jpg\",\"datePublished\":\"2023-09-26T14:17:27+00:00\",\"dateModified\":\"2024-05-21T11:56:49+00:00\",\"description\":\"Scopri il corso di Empowerment di Alveria: competenze avanzate per guidare il cambiamento, valorizzare il capitale umano e motivare il team.\",\"breadcrumb\":{\"@id\":\"https:\/\/www.alveria.it\/formazione\/people-e-managerial-development\/hr-management-e-leadership\/empowerment\/#breadcrumb\"},\"inLanguage\":\"es\",\"potentialAction\":[{\"@type\":\"ReadAction\",\"target\":[\"https:\/\/www.alveria.it\/formazione\/people-e-managerial-development\/hr-management-e-leadership\/empowerment\/\"]}]},{\"@type\":\"ImageObject\",\"inLanguage\":\"es\",\"@id\":\"https:\/\/www.alveria.it\/formazione\/people-e-managerial-development\/hr-management-e-leadership\/empowerment\/#primaryimage\",\"url\":\"https:\/\/www.alveria.it\/wp-content\/uploads\/2023\/09\/Empowerment-virata.jpg\",\"contentUrl\":\"https:\/\/www.alveria.it\/wp-content\/uploads\/2023\/09\/Empowerment-virata.jpg\",\"width\":1920,\"height\":1080},{\"@type\":\"BreadcrumbList\",\"@id\":\"https:\/\/www.alveria.it\/formazione\/people-e-managerial-development\/hr-management-e-leadership\/empowerment\/#breadcrumb\",\"itemListElement\":[{\"@type\":\"ListItem\",\"position\":1,\"name\":\"Home\",\"item\":\"https:\/\/www.alveria.it\/\"},{\"@type\":\"ListItem\",\"position\":2,\"name\":\"FORMAZIONE\",\"item\":\"https:\/\/www.alveria.it\/formazione\/\"},{\"@type\":\"ListItem\",\"position\":3,\"name\":\"PEOPLE E MANAGERIAL DEVELOPMENT\",\"item\":\"https:\/\/www.alveria.it\/formazione\/people-e-managerial-development\/\"},{\"@type\":\"ListItem\",\"position\":4,\"name\":\"HR MANAGEMENT E LEADERSHIP\",\"item\":\"https:\/\/www.alveria.it\/formazione\/people-e-managerial-development\/hr-management-e-leadership\/\"},{\"@type\":\"ListItem\",\"position\":5,\"name\":\"EMPOWERMENT\"}]},{\"@type\":\"WebSite\",\"@id\":\"https:\/\/www.alveria.it\/#website\",\"url\":\"https:\/\/www.alveria.it\/\",\"name\":\"Alveria - Consulting, Training and Solutions\",\"description\":\"Alveria - Consulting, Training and Solutions\",\"publisher\":{\"@id\":\"https:\/\/www.alveria.it\/#organization\"},\"potentialAction\":[{\"@type\":\"SearchAction\",\"target\":{\"@type\":\"EntryPoint\",\"urlTemplate\":\"https:\/\/www.alveria.it\/?s={search_term_string}\"},\"query-input\":{\"@type\":\"PropertyValueSpecification\",\"valueRequired\":true,\"valueName\":\"search_term_string\"}}],\"inLanguage\":\"es\"},{\"@type\":\"Organization\",\"@id\":\"https:\/\/www.alveria.it\/#organization\",\"name\":\"Alveria - Consulting, Training and Solutions\",\"url\":\"https:\/\/www.alveria.it\/\",\"logo\":{\"@type\":\"ImageObject\",\"inLanguage\":\"es\",\"@id\":\"https:\/\/www.alveria.it\/#\/schema\/logo\/image\/\",\"url\":\"https:\/\/www.alveria.it\/wp-content\/uploads\/2023\/12\/logo_alveria_normal.svg\",\"contentUrl\":\"https:\/\/www.alveria.it\/wp-content\/uploads\/2023\/12\/logo_alveria_normal.svg\",\"caption\":\"Alveria - Consulting, Training and Solutions\"},\"image\":{\"@id\":\"https:\/\/www.alveria.it\/#\/schema\/logo\/image\/\"}}]}<\/script>\n<!-- \/ Yoast SEO plugin. -->","yoast_head_json":{"title":"EMPOWERMENT","description":"Scopri il corso di Empowerment di Alveria: competenze avanzate per guidare il cambiamento, valorizzare il capitale umano e motivare il team.","robots":{"index":"index","follow":"follow","max-snippet":"max-snippet:-1","max-image-preview":"max-image-preview:large","max-video-preview":"max-video-preview:-1"},"canonical":"https:\/\/www.alveria.it\/espanol\/formacion\/personas-y-desarrollo-directivo\/gestion-y-direccion-de-rrhh\/empoderamiento\/","og_locale":"es_ES","og_type":"article","og_title":"EMPOWERMENT","og_description":"Scopri il corso di Empowerment di Alveria: competenze avanzate per guidare il cambiamento, valorizzare il capitale umano e motivare il team.","og_url":"https:\/\/www.alveria.it\/espanol\/formacion\/personas-y-desarrollo-directivo\/gestion-y-direccion-de-rrhh\/empoderamiento\/","og_site_name":"Alveria - Consulting, Training and Solutions","article_modified_time":"2024-05-21T11:56:49+00:00","og_image":[{"width":1920,"height":1080,"url":"https:\/\/www.alveria.it\/wp-content\/uploads\/2023\/09\/Empowerment-virata.jpg","type":"image\/jpeg"}],"twitter_card":"summary_large_image","twitter_misc":{"Tiempo de lectura":"2 minutos"},"schema":{"@context":"https:\/\/schema.org","@graph":[{"@type":"WebPage","@id":"https:\/\/www.alveria.it\/formazione\/people-e-managerial-development\/hr-management-e-leadership\/empowerment\/","url":"https:\/\/www.alveria.it\/formazione\/people-e-managerial-development\/hr-management-e-leadership\/empowerment\/","name":"EMPOWERMENT","isPartOf":{"@id":"https:\/\/www.alveria.it\/#website"},"primaryImageOfPage":{"@id":"https:\/\/www.alveria.it\/formazione\/people-e-managerial-development\/hr-management-e-leadership\/empowerment\/#primaryimage"},"image":{"@id":"https:\/\/www.alveria.it\/formazione\/people-e-managerial-development\/hr-management-e-leadership\/empowerment\/#primaryimage"},"thumbnailUrl":"https:\/\/www.alveria.it\/wp-content\/uploads\/2023\/09\/Empowerment-virata.jpg","datePublished":"2023-09-26T14:17:27+00:00","dateModified":"2024-05-21T11:56:49+00:00","description":"Scopri il corso di Empowerment di Alveria: competenze avanzate per guidare il cambiamento, valorizzare il capitale umano e motivare il team.","breadcrumb":{"@id":"https:\/\/www.alveria.it\/formazione\/people-e-managerial-development\/hr-management-e-leadership\/empowerment\/#breadcrumb"},"inLanguage":"es","potentialAction":[{"@type":"ReadAction","target":["https:\/\/www.alveria.it\/formazione\/people-e-managerial-development\/hr-management-e-leadership\/empowerment\/"]}]},{"@type":"ImageObject","inLanguage":"es","@id":"https:\/\/www.alveria.it\/formazione\/people-e-managerial-development\/hr-management-e-leadership\/empowerment\/#primaryimage","url":"https:\/\/www.alveria.it\/wp-content\/uploads\/2023\/09\/Empowerment-virata.jpg","contentUrl":"https:\/\/www.alveria.it\/wp-content\/uploads\/2023\/09\/Empowerment-virata.jpg","width":1920,"height":1080},{"@type":"BreadcrumbList","@id":"https:\/\/www.alveria.it\/formazione\/people-e-managerial-development\/hr-management-e-leadership\/empowerment\/#breadcrumb","itemListElement":[{"@type":"ListItem","position":1,"name":"Home","item":"https:\/\/www.alveria.it\/"},{"@type":"ListItem","position":2,"name":"FORMAZIONE","item":"https:\/\/www.alveria.it\/formazione\/"},{"@type":"ListItem","position":3,"name":"PEOPLE E MANAGERIAL DEVELOPMENT","item":"https:\/\/www.alveria.it\/formazione\/people-e-managerial-development\/"},{"@type":"ListItem","position":4,"name":"HR MANAGEMENT E LEADERSHIP","item":"https:\/\/www.alveria.it\/formazione\/people-e-managerial-development\/hr-management-e-leadership\/"},{"@type":"ListItem","position":5,"name":"EMPOWERMENT"}]},{"@type":"WebSite","@id":"https:\/\/www.alveria.it\/#website","url":"https:\/\/www.alveria.it\/","name":"Alveria - Consulting, Training and Solutions","description":"Alveria - Consulting, Training and Solutions","publisher":{"@id":"https:\/\/www.alveria.it\/#organization"},"potentialAction":[{"@type":"SearchAction","target":{"@type":"EntryPoint","urlTemplate":"https:\/\/www.alveria.it\/?s={search_term_string}"},"query-input":{"@type":"PropertyValueSpecification","valueRequired":true,"valueName":"search_term_string"}}],"inLanguage":"es"},{"@type":"Organization","@id":"https:\/\/www.alveria.it\/#organization","name":"Alveria - Consulting, Training and Solutions","url":"https:\/\/www.alveria.it\/","logo":{"@type":"ImageObject","inLanguage":"es","@id":"https:\/\/www.alveria.it\/#\/schema\/logo\/image\/","url":"https:\/\/www.alveria.it\/wp-content\/uploads\/2023\/12\/logo_alveria_normal.svg","contentUrl":"https:\/\/www.alveria.it\/wp-content\/uploads\/2023\/12\/logo_alveria_normal.svg","caption":"Alveria - Consulting, Training and Solutions"},"image":{"@id":"https:\/\/www.alveria.it\/#\/schema\/logo\/image\/"}}]}},"_links":{"self":[{"href":"https:\/\/www.alveria.it\/espanol\/wp-json\/wp\/v2\/pages\/473","targetHints":{"allow":["GET"]}}],"collection":[{"href":"https:\/\/www.alveria.it\/espanol\/wp-json\/wp\/v2\/pages"}],"about":[{"href":"https:\/\/www.alveria.it\/espanol\/wp-json\/wp\/v2\/types\/page"}],"author":[{"embeddable":true,"href":"https:\/\/www.alveria.it\/espanol\/wp-json\/wp\/v2\/users\/2"}],"replies":[{"embeddable":true,"href":"https:\/\/www.alveria.it\/espanol\/wp-json\/wp\/v2\/comments?post=473"}],"version-history":[{"count":2,"href":"https:\/\/www.alveria.it\/espanol\/wp-json\/wp\/v2\/pages\/473\/revisions"}],"predecessor-version":[{"id":1501,"href":"https:\/\/www.alveria.it\/espanol\/wp-json\/wp\/v2\/pages\/473\/revisions\/1501"}],"up":[{"embeddable":true,"href":"https:\/\/www.alveria.it\/espanol\/wp-json\/wp\/v2\/pages\/446"}],"wp:featuredmedia":[{"embeddable":true,"href":"https:\/\/www.alveria.it\/espanol\/wp-json\/wp\/v2\/media\/828"}],"wp:attachment":[{"href":"https:\/\/www.alveria.it\/espanol\/wp-json\/wp\/v2\/media?parent=473"}],"curies":[{"name":"wp","href":"https:\/\/api.w.org\/{rel}","templated":true}]}}