{"id":467,"date":"2023-09-26T13:36:27","date_gmt":"2023-09-26T13:36:27","guid":{"rendered":"https:\/\/www.alveria.it\/?page_id=467"},"modified":"2024-05-20T14:37:27","modified_gmt":"2024-05-20T14:37:27","slug":"gobernanza-de-rrhh","status":"publish","type":"page","link":"https:\/\/www.alveria.it\/espanol\/consultoria\/gobernanza-de-rrhh\/","title":{"rendered":"GOBERNANZA DE HR"},"content":{"rendered":"<h3 class=\"title\">ALVERIA APOYA A LOS DEPARTAMENTOS DE HR EN EL DESARROLLO DE LAS ESTRATEGIAS NECESARIAS PARA LA EVOLUCI\u00d3N DE LA EMPRESA<\/h3>\n<p>La necesidad de desarrollar un <strong>Modelo de gobernanza de la funci\u00f3n HR<\/strong> responde a la necesidad de proporcionar un <strong>respuesta sistem\u00e1tica y organizada para la gesti\u00f3n de la din\u00e1mica empresarial<\/strong> en varios niveles.<\/p>\n<p>Un modelo de gobernanza adecuado favorece a los Gestores HR en los procesos de <strong>protecci\u00f3n de la organizaci\u00f3n<\/strong> fomentar el desarrollo empresarial y <strong>bienestar de las personas en la empresa<\/strong>.<\/p>\n<p>Desde hace m\u00e1s de 10 a\u00f1os, Alveria sigue de cerca la evoluci\u00f3n de las Direcciones HR y de los modelos de gesti\u00f3n a escala nacional y europea, ofreciendo <strong>sugerencias metodol\u00f3gicas<\/strong> <strong>de Governace HR y<\/strong> <strong>soluciones necesarias para garantizar su pleno funcionamiento.<\/strong><\/p>\n<h3 class=\"title\">INVESTIGACI\u00d3N, CONFRONTACI\u00d3N Y PLANIFICACI\u00d3N<\/h3>\n<p><strong>ESTUDIO DE MODELOS <\/strong>conocer los nuevos retos y desarrollos en las Direcciones HR identificando las mejores pr\u00e1cticas de gesti\u00f3n, en Italia y en el extranjero<\/p>\n<p><strong>REFERENCIA ACTIVA <\/strong>sobre realidades empresariales relevantes, para una comparaci\u00f3n de tendencias y modelos organizativos.<\/p>\n<h3><strong>DEFINICI\u00d3N DEL MODELO DE GOBERNANZA HR EN L\u00d3GICA TRANSACCIONAL <\/strong><\/h3>\n<p><strong>en 4 pasos del proyecto:<\/strong><\/p>\n<p>An\u00e1lisis y diagn\u00f3stico de las variablesIdentificaci\u00f3n de los procesos que deben gestionarse de forma centralizadaDefinici\u00f3n de los mecanismos de coordinaci\u00f3n y relaci\u00f3n entre el HR central y el HRImplementaci\u00f3n del modelo de gesti\u00f3n mediante la identificaci\u00f3n e implantaci\u00f3n de las soluciones necesarias para garantizar que el nuevo modelo de gobernanza sea plenamente operativo.<\/p>\n<h3 style=\"color: #ffffff; margin: 0px;\">LE PUEDE INTERESAR<\/h3>\n<ul class=\"mfn-list mfn-list-left mfn-list-middle\">\n<li class=\"mfn-list-item\" style=\"counter-set: my-sec-counter 0;\"><span class=\"mfn-list-desc\"><a href=\"https:\/\/www.hcms.it\/es\/employee-advanced-book\/\">EMPLOYEE ADVANCED BOOK<\/a><\/span><\/li>\n<li class=\"mfn-list-item\"><span class=\"mfn-list-desc\"><a href=\"https:\/\/www.hcms.it\/es\/hr-dashboard\/\">CUADRO DE MANDOS DE HR<\/a><\/span><\/li>\n<li class=\"mfn-list-item\"><span class=\"mfn-list-desc\"><a href=\"https:\/\/www.hcms.it\/es\/hr-query-report-engine\/\">MOTOR DE INFORMES DE CONSULTA DE HR<\/a><\/span><\/li>\n<li class=\"mfn-list-item\"><span class=\"mfn-list-desc\"><a href=\"https:\/\/www.hcms.it\/es\/succession-planning\/\">PLANIFICACI\u00d3N DE LA SUCESI\u00d3N<\/a><\/span><\/li>\n<\/ul>\n<ul class=\"mfn-list mfn-list-left mfn-list-middle\">\n<li class=\"mfn-list-item\" style=\"counter-set: my-sec-counter 0;\"><span class=\"mfn-list-desc\"><a href=\"https:\/\/www.hcms.it\/es\/career-planning\/\">PLANIFICACI\u00d3N PROFESIONAL<\/a><\/span><\/li>\n<li class=\"mfn-list-item\"><span class=\"mfn-list-desc\"><a href=\"https:\/\/www.hcms.it\/es\/org-view\/\">VISTA ORG<\/a><\/span><\/li>\n<li class=\"mfn-list-item\"><span class=\"mfn-list-desc\"><a href=\"https:\/\/www.hcms.it\/es\/skill-assessment\/\">EVALUACI\u00d3N DE COMPETENCIAS<\/a><\/span><\/li>\n<\/ul>\n<h6 class=\"title\">CONSULTOR\u00cdA, FORMACI\u00d3N EN DIGITALIZACI\u00d3N DE HR Y SOLUCIONES EMPRESARIALES DESCUBRA EL M\u00c9TODO ALVERIA Y PREP\u00c1RESE PARA EL CAMBIO.<\/h6>\n<p><a class=\"button  button_size_2 button_dark\" title=\"\" href=\"\/espanol\/contactos\/\"><span class=\"button_label\">SOLICITAR M\u00c1S INFORMACI\u00d3N<\/span><\/a><\/p>","protected":false},"excerpt":{"rendered":"<p>ALVERIA AFFIANCA LE DIREZIONI HR NELLO SVILUPPO DI STRATEGIE NECESSARIE ALL&#8217;EVOLUZIONE DEL BUSINESS L\u2019esigenza di mettere a punto un modello di governance delle funzioni HR risponde<span class=\"excerpt-hellip\"> [...]<\/span><\/p>","protected":false},"author":3,"featured_media":682,"parent":125,"menu_order":0,"comment_status":"open","ping_status":"closed","template":"","meta":{"iawp_total_views":115,"footnotes":""},"class_list":["post-467","page","type-page","status-publish","has-post-thumbnail","hentry"],"yoast_head":"<!-- This site is optimized with the Yoast SEO plugin v25.1 - https:\/\/yoast.com\/wordpress\/plugins\/seo\/ -->\n<title>GOVERNANCE HR<\/title>\n<meta name=\"description\" content=\"Alveria supporta le Direzioni HR nello sviluppo di strategie evolutive e modelli di Governance HR.\" \/>\n<meta name=\"robots\" content=\"index, follow, max-snippet:-1, max-image-preview:large, max-video-preview:-1\" \/>\n<link rel=\"canonical\" href=\"https:\/\/www.alveria.it\/espanol\/consultoria\/gobernanza-de-rrhh\/\" \/>\n<meta property=\"og:locale\" content=\"es_ES\" \/>\n<meta property=\"og:type\" content=\"article\" \/>\n<meta property=\"og:title\" content=\"GOVERNANCE HR\" \/>\n<meta property=\"og:description\" content=\"Alveria supporta le Direzioni HR nello sviluppo di strategie evolutive e modelli di Governance HR.\" \/>\n<meta property=\"og:url\" content=\"https:\/\/www.alveria.it\/espanol\/consultoria\/gobernanza-de-rrhh\/\" \/>\n<meta property=\"og:site_name\" content=\"Alveria - Consulting, Training and Solutions\" \/>\n<meta property=\"article:modified_time\" content=\"2024-05-20T14:37:27+00:00\" \/>\n<meta property=\"og:image\" content=\"https:\/\/www.alveria.it\/wp-content\/uploads\/2023\/09\/Governance-HR-virata-1.jpg\" \/>\n\t<meta property=\"og:image:width\" content=\"1920\" \/>\n\t<meta property=\"og:image:height\" content=\"1080\" \/>\n\t<meta property=\"og:image:type\" content=\"image\/jpeg\" \/>\n<meta name=\"twitter:card\" content=\"summary_large_image\" \/>\n<meta name=\"twitter:label1\" content=\"Tiempo de lectura\" \/>\n\t<meta name=\"twitter:data1\" content=\"2 minutos\" \/>\n<script type=\"application\/ld+json\" class=\"yoast-schema-graph\">{\"@context\":\"https:\/\/schema.org\",\"@graph\":[{\"@type\":\"WebPage\",\"@id\":\"https:\/\/www.alveria.it\/consulenza\/governance-hr\/\",\"url\":\"https:\/\/www.alveria.it\/consulenza\/governance-hr\/\",\"name\":\"GOVERNANCE HR\",\"isPartOf\":{\"@id\":\"https:\/\/www.alveria.it\/#website\"},\"primaryImageOfPage\":{\"@id\":\"https:\/\/www.alveria.it\/consulenza\/governance-hr\/#primaryimage\"},\"image\":{\"@id\":\"https:\/\/www.alveria.it\/consulenza\/governance-hr\/#primaryimage\"},\"thumbnailUrl\":\"https:\/\/www.alveria.it\/wp-content\/uploads\/2023\/09\/Governance-HR-virata-1.jpg\",\"datePublished\":\"2023-09-26T13:36:27+00:00\",\"dateModified\":\"2024-05-20T14:37:27+00:00\",\"description\":\"Alveria supporta le Direzioni HR nello sviluppo di strategie evolutive e modelli di Governance HR.\",\"breadcrumb\":{\"@id\":\"https:\/\/www.alveria.it\/consulenza\/governance-hr\/#breadcrumb\"},\"inLanguage\":\"es\",\"potentialAction\":[{\"@type\":\"ReadAction\",\"target\":[\"https:\/\/www.alveria.it\/consulenza\/governance-hr\/\"]}]},{\"@type\":\"ImageObject\",\"inLanguage\":\"es\",\"@id\":\"https:\/\/www.alveria.it\/consulenza\/governance-hr\/#primaryimage\",\"url\":\"https:\/\/www.alveria.it\/wp-content\/uploads\/2023\/09\/Governance-HR-virata-1.jpg\",\"contentUrl\":\"https:\/\/www.alveria.it\/wp-content\/uploads\/2023\/09\/Governance-HR-virata-1.jpg\",\"width\":1920,\"height\":1080},{\"@type\":\"BreadcrumbList\",\"@id\":\"https:\/\/www.alveria.it\/consulenza\/governance-hr\/#breadcrumb\",\"itemListElement\":[{\"@type\":\"ListItem\",\"position\":1,\"name\":\"Home\",\"item\":\"https:\/\/www.alveria.it\/\"},{\"@type\":\"ListItem\",\"position\":2,\"name\":\"CONSULENZA\",\"item\":\"https:\/\/www.alveria.it\/consulenza\/\"},{\"@type\":\"ListItem\",\"position\":3,\"name\":\"GOVERNANCE HR\"}]},{\"@type\":\"WebSite\",\"@id\":\"https:\/\/www.alveria.it\/#website\",\"url\":\"https:\/\/www.alveria.it\/\",\"name\":\"Alveria - Consulting, Training and Solutions\",\"description\":\"Alveria - Consulting, Training and Solutions\",\"publisher\":{\"@id\":\"https:\/\/www.alveria.it\/#organization\"},\"potentialAction\":[{\"@type\":\"SearchAction\",\"target\":{\"@type\":\"EntryPoint\",\"urlTemplate\":\"https:\/\/www.alveria.it\/?s={search_term_string}\"},\"query-input\":{\"@type\":\"PropertyValueSpecification\",\"valueRequired\":true,\"valueName\":\"search_term_string\"}}],\"inLanguage\":\"es\"},{\"@type\":\"Organization\",\"@id\":\"https:\/\/www.alveria.it\/#organization\",\"name\":\"Alveria - Consulting, Training and Solutions\",\"url\":\"https:\/\/www.alveria.it\/\",\"logo\":{\"@type\":\"ImageObject\",\"inLanguage\":\"es\",\"@id\":\"https:\/\/www.alveria.it\/#\/schema\/logo\/image\/\",\"url\":\"https:\/\/www.alveria.it\/wp-content\/uploads\/2023\/12\/logo_alveria_normal.svg\",\"contentUrl\":\"https:\/\/www.alveria.it\/wp-content\/uploads\/2023\/12\/logo_alveria_normal.svg\",\"caption\":\"Alveria - Consulting, Training and Solutions\"},\"image\":{\"@id\":\"https:\/\/www.alveria.it\/#\/schema\/logo\/image\/\"}}]}<\/script>\n<!-- \/ Yoast SEO plugin. -->","yoast_head_json":{"title":"GOVERNANCE HR","description":"Alveria supporta le Direzioni HR nello sviluppo di strategie evolutive e modelli di Governance HR.","robots":{"index":"index","follow":"follow","max-snippet":"max-snippet:-1","max-image-preview":"max-image-preview:large","max-video-preview":"max-video-preview:-1"},"canonical":"https:\/\/www.alveria.it\/espanol\/consultoria\/gobernanza-de-rrhh\/","og_locale":"es_ES","og_type":"article","og_title":"GOVERNANCE HR","og_description":"Alveria supporta le Direzioni HR nello sviluppo di strategie evolutive e modelli di Governance HR.","og_url":"https:\/\/www.alveria.it\/espanol\/consultoria\/gobernanza-de-rrhh\/","og_site_name":"Alveria - Consulting, Training and Solutions","article_modified_time":"2024-05-20T14:37:27+00:00","og_image":[{"width":1920,"height":1080,"url":"https:\/\/www.alveria.it\/wp-content\/uploads\/2023\/09\/Governance-HR-virata-1.jpg","type":"image\/jpeg"}],"twitter_card":"summary_large_image","twitter_misc":{"Tiempo de lectura":"2 minutos"},"schema":{"@context":"https:\/\/schema.org","@graph":[{"@type":"WebPage","@id":"https:\/\/www.alveria.it\/consulenza\/governance-hr\/","url":"https:\/\/www.alveria.it\/consulenza\/governance-hr\/","name":"GOVERNANCE HR","isPartOf":{"@id":"https:\/\/www.alveria.it\/#website"},"primaryImageOfPage":{"@id":"https:\/\/www.alveria.it\/consulenza\/governance-hr\/#primaryimage"},"image":{"@id":"https:\/\/www.alveria.it\/consulenza\/governance-hr\/#primaryimage"},"thumbnailUrl":"https:\/\/www.alveria.it\/wp-content\/uploads\/2023\/09\/Governance-HR-virata-1.jpg","datePublished":"2023-09-26T13:36:27+00:00","dateModified":"2024-05-20T14:37:27+00:00","description":"Alveria supporta le Direzioni HR nello sviluppo di strategie evolutive e modelli di Governance HR.","breadcrumb":{"@id":"https:\/\/www.alveria.it\/consulenza\/governance-hr\/#breadcrumb"},"inLanguage":"es","potentialAction":[{"@type":"ReadAction","target":["https:\/\/www.alveria.it\/consulenza\/governance-hr\/"]}]},{"@type":"ImageObject","inLanguage":"es","@id":"https:\/\/www.alveria.it\/consulenza\/governance-hr\/#primaryimage","url":"https:\/\/www.alveria.it\/wp-content\/uploads\/2023\/09\/Governance-HR-virata-1.jpg","contentUrl":"https:\/\/www.alveria.it\/wp-content\/uploads\/2023\/09\/Governance-HR-virata-1.jpg","width":1920,"height":1080},{"@type":"BreadcrumbList","@id":"https:\/\/www.alveria.it\/consulenza\/governance-hr\/#breadcrumb","itemListElement":[{"@type":"ListItem","position":1,"name":"Home","item":"https:\/\/www.alveria.it\/"},{"@type":"ListItem","position":2,"name":"CONSULENZA","item":"https:\/\/www.alveria.it\/consulenza\/"},{"@type":"ListItem","position":3,"name":"GOVERNANCE HR"}]},{"@type":"WebSite","@id":"https:\/\/www.alveria.it\/#website","url":"https:\/\/www.alveria.it\/","name":"Alveria - Consulting, Training and Solutions","description":"Alveria - Consulting, Training and Solutions","publisher":{"@id":"https:\/\/www.alveria.it\/#organization"},"potentialAction":[{"@type":"SearchAction","target":{"@type":"EntryPoint","urlTemplate":"https:\/\/www.alveria.it\/?s={search_term_string}"},"query-input":{"@type":"PropertyValueSpecification","valueRequired":true,"valueName":"search_term_string"}}],"inLanguage":"es"},{"@type":"Organization","@id":"https:\/\/www.alveria.it\/#organization","name":"Alveria - Consulting, Training and Solutions","url":"https:\/\/www.alveria.it\/","logo":{"@type":"ImageObject","inLanguage":"es","@id":"https:\/\/www.alveria.it\/#\/schema\/logo\/image\/","url":"https:\/\/www.alveria.it\/wp-content\/uploads\/2023\/12\/logo_alveria_normal.svg","contentUrl":"https:\/\/www.alveria.it\/wp-content\/uploads\/2023\/12\/logo_alveria_normal.svg","caption":"Alveria - Consulting, Training and Solutions"},"image":{"@id":"https:\/\/www.alveria.it\/#\/schema\/logo\/image\/"}}]}},"_links":{"self":[{"href":"https:\/\/www.alveria.it\/espanol\/wp-json\/wp\/v2\/pages\/467","targetHints":{"allow":["GET"]}}],"collection":[{"href":"https:\/\/www.alveria.it\/espanol\/wp-json\/wp\/v2\/pages"}],"about":[{"href":"https:\/\/www.alveria.it\/espanol\/wp-json\/wp\/v2\/types\/page"}],"author":[{"embeddable":true,"href":"https:\/\/www.alveria.it\/espanol\/wp-json\/wp\/v2\/users\/3"}],"replies":[{"embeddable":true,"href":"https:\/\/www.alveria.it\/espanol\/wp-json\/wp\/v2\/comments?post=467"}],"version-history":[{"count":2,"href":"https:\/\/www.alveria.it\/espanol\/wp-json\/wp\/v2\/pages\/467\/revisions"}],"predecessor-version":[{"id":1426,"href":"https:\/\/www.alveria.it\/espanol\/wp-json\/wp\/v2\/pages\/467\/revisions\/1426"}],"up":[{"embeddable":true,"href":"https:\/\/www.alveria.it\/espanol\/wp-json\/wp\/v2\/pages\/125"}],"wp:featuredmedia":[{"embeddable":true,"href":"https:\/\/www.alveria.it\/espanol\/wp-json\/wp\/v2\/media\/682"}],"wp:attachment":[{"href":"https:\/\/www.alveria.it\/espanol\/wp-json\/wp\/v2\/media?parent=467"}],"curies":[{"name":"wp","href":"https:\/\/api.w.org\/{rel}","templated":true}]}}