{"id":456,"date":"2023-09-26T12:41:12","date_gmt":"2023-09-26T12:41:12","guid":{"rendered":"https:\/\/www.alveria.it\/?page_id=456"},"modified":"2024-05-21T11:50:03","modified_gmt":"2024-05-21T11:50:03","slug":"hablar-en-publico-y-hacer-presentaciones-de-empresa","status":"publish","type":"page","link":"https:\/\/www.alveria.it\/espanol\/formacion\/personas-y-desarrollo-directivo-162\/comunicacion-publica-y-corporativa\/hablar-en-publico-y-hacer-presentaciones-de-empresa\/","title":{"rendered":"HABLAR EN P\u00daBLICO Y HACER PRESENTACIONES DE EMPRESA"},"content":{"rendered":"<p>HABLAR EN P\u00daBLICO Y HACER PRESENTACIONES DE EMPRESA<\/p>\n<p>[aioseo_breadcrumbs]<\/p>\n<ul>\n<li>| PRESENCIAL Y EN L\u00cdNEA<\/li>\n<li>HABILIDADES INTERMEDIAS<\/li>\n<li>5 M\u00d3DULOS<\/li>\n<\/ul>\n<h3 class=\"title\">EL ARTE DE SABER HABLAR Y LA CONQUISTA DEL P\u00daBLICO<\/h3>\n<h3 class=\"title\">OBJETIVOS<\/h3>\n<p style=\"text-align: center;\">El curso pretende familiarizar a los participantes con <strong>las herramientas para una comunicaci\u00f3n eficaz en p\u00fablico<\/strong>experimentar y adquirir modelos especialmente significativos y eficaces, tanto dentro como fuera de su organizaci\u00f3n.<\/p>\n<h3>PROGRAMA<\/h3>\n<p style=\"text-align: left;\"><strong>M\u00f3dulo 1<\/strong><\/p>\n<ul class=\"mfn-list mfn-list-left mfn-list-middle\">\n<li class=\"mfn-list-item\" style=\"counter-set: my-sec-counter 0;\"><span class=\"mfn-list-desc\">Autodiagn\u00f3stico del comportamiento comunicativo<\/span><\/li>\n<li class=\"mfn-list-item\"><span class=\"mfn-list-desc\">Los objetivos de la mejora de la eficacia personal<\/span><\/li>\n<li class=\"mfn-list-item\"><span class=\"mfn-list-desc\">Comunicaci\u00f3n verbal y no verbal: t\u00e9cnicas de comportamiento<\/span><\/li>\n<\/ul>\n<p style=\"text-align: left;\"><strong>M\u00f3dulo 2<\/strong><\/p>\n<ul class=\"mfn-list mfn-list-left mfn-list-middle\">\n<li class=\"mfn-list-item\" style=\"counter-set: my-sec-counter 0;\"><span class=\"mfn-list-desc\">Transparencia y confianza en uno mismo<\/span><\/li>\n<li class=\"mfn-list-item\"><span class=\"mfn-list-desc\">C\u00f3mo controlar la ansiedad y gestionar positivamente el estr\u00e9s emocional en las presentaciones<\/span><\/li>\n<li class=\"mfn-list-item\"><span class=\"mfn-list-desc\">T\u00e9cnicas para hablar en p\u00fablico<\/span><\/li>\n<\/ul>\n<p style=\"text-align: left;\"><strong>M\u00f3dulo 3<\/strong><\/p>\n<ul class=\"mfn-list mfn-list-left mfn-list-middle\">\n<li class=\"mfn-list-item\" style=\"counter-set: my-sec-counter 0;\"><span class=\"mfn-list-desc\">C\u00f3mo abrir y cerrar un discurso<\/span><\/li>\n<li class=\"mfn-list-item\"><span class=\"mfn-list-desc\">C\u00f3mo mantener alta la audiencia<\/span><\/li>\n<li class=\"mfn-list-item\"><span class=\"mfn-list-desc\">Selecci\u00f3n de contenidos, elecci\u00f3n de puntos clave y herramientas de presentaci\u00f3n<\/span><\/li>\n<\/ul>\n<p style=\"text-align: left;\"><strong>M\u00f3dulo 4<\/strong><\/p>\n<ul class=\"mfn-list mfn-list-left mfn-list-middle\">\n<li class=\"mfn-list-item\" style=\"counter-set: my-sec-counter 0;\"><span class=\"mfn-list-desc\">Estructura y secuencia de la comunicaci\u00f3n<\/span><\/li>\n<li class=\"mfn-list-item\"><span class=\"mfn-list-desc\">Cuerpo y lenguaje en la comunicaci\u00f3n<\/span><\/li>\n<li class=\"mfn-list-item\"><span class=\"mfn-list-desc\">Interpretaci\u00f3n, creatividad y emotividad<\/span><\/li>\n<\/ul>\n<p style=\"text-align: left;\"><strong>M\u00f3dulo 5<\/strong><\/p>\n<ul class=\"mfn-list mfn-list-left mfn-list-middle\">\n<li class=\"mfn-list-item\" style=\"counter-set: my-sec-counter 0;\"><span class=\"mfn-list-desc\">El uso de la voz<\/span><\/li>\n<li class=\"mfn-list-item\"><span class=\"mfn-list-desc\">Organizar el contenido de las presentaciones<\/span><\/li>\n<li class=\"mfn-list-item\"><span class=\"mfn-list-desc\">Estructuraci\u00f3n y realizaci\u00f3n de la presentaci\u00f3n empresarial<\/span><\/li>\n<\/ul>\n<h3 class=\"title\">PEDAGOG\u00cdA<\/h3>\n<p style=\"text-align: center;\">El curso es eminentemente pr\u00e1ctico. La did\u00e1ctica contempla la alternancia continua de momentos te\u00f3ricos y pr\u00e1cticos con juegos de rol, simulaciones y ejercicios.<\/p>\n<h3 class=\"title\">RECIPIENTES<\/h3>\n<p style=\"text-align: center;\"><strong>Director<\/strong>\u00a0y\u00a0<strong>Operadores de organizaciones<\/strong> privado y p\u00fablico<\/p>\n<h3 class=\"title\">MATERIALES DE FORMACI\u00d3N<\/h3>\n<p style=\"text-align: center;\">Videoconferencias y material did\u00e1ctico<\/p>\n<h6 class=\"title\"><a href=\"https:\/\/www.hcms.it\/contatti\/\">CONSULTOR\u00cdA<\/a>FORMACI\u00d3N EN DIGITALIZACI\u00d3N DE LA RRHH Y SOLUCIONES EMPRESARIALES DESCUBRA EL M\u00c9TODO ALVERIA Y PREP\u00c1RESE PARA EL CAMBIO.<\/h6>\n<p><a class=\"button  button_size_2 button_dark\" title=\"\" href=\"\/espanol\/contactos\/\"><span class=\"button_label\">SOLICITAR M\u00c1S INFORMACI\u00d3N<\/span><\/a><\/p>","protected":false},"excerpt":{"rendered":"<p>PUBLIC SPEAKING E BUSINESS PRESENTATION [aioseo_breadcrumbs] | IN PRESENZA E ONLINE COMPETENZE INTERMEDIE 5 MODULI L\u2019ARTE DI SAPERE PARLARE E LA CONQUISTA DEL PUBBLICO OBIETTIVI Il<span class=\"excerpt-hellip\"> [...]<\/span><\/p>","protected":false},"author":2,"featured_media":753,"parent":167,"menu_order":0,"comment_status":"open","ping_status":"closed","template":"","meta":{"iawp_total_views":26,"footnotes":""},"class_list":["post-456","page","type-page","status-publish","has-post-thumbnail","hentry"],"yoast_head":"<!-- This site is optimized with the Yoast SEO plugin v25.1 - https:\/\/yoast.com\/wordpress\/plugins\/seo\/ -->\n<title>PUBLIC SPEAKING E BUSINESS PRESENTATION<\/title>\n<meta name=\"description\" content=\"Scopri il corso di Public Speaking e Business Presentation di Alveria: tecniche avanzate per comunicare e presentare con efficacia.\" \/>\n<meta name=\"robots\" content=\"index, follow, max-snippet:-1, max-image-preview:large, max-video-preview:-1\" \/>\n<link rel=\"canonical\" href=\"https:\/\/www.alveria.it\/espanol\/formacion\/personas-y-desarrollo-directivo\/comunicacion-publica-y-corporativa\/hablar-en-publico-y-hacer-presentaciones-de-empresa\/\" \/>\n<meta property=\"og:locale\" content=\"es_ES\" \/>\n<meta property=\"og:type\" content=\"article\" \/>\n<meta property=\"og:title\" content=\"PUBLIC SPEAKING E BUSINESS PRESENTATION\" \/>\n<meta property=\"og:description\" content=\"Scopri il corso di Public Speaking e Business Presentation di Alveria: tecniche avanzate per comunicare e presentare con efficacia.\" \/>\n<meta property=\"og:url\" content=\"https:\/\/www.alveria.it\/espanol\/formacion\/personas-y-desarrollo-directivo\/comunicacion-publica-y-corporativa\/hablar-en-publico-y-hacer-presentaciones-de-empresa\/\" \/>\n<meta property=\"og:site_name\" content=\"Alveria - Consulting, Training and Solutions\" \/>\n<meta property=\"article:modified_time\" content=\"2024-05-21T11:50:03+00:00\" \/>\n<meta property=\"og:image\" content=\"https:\/\/www.alveria.it\/wp-content\/uploads\/2023\/09\/public-speaking-business-presentation-virata.jpg\" \/>\n\t<meta property=\"og:image:width\" content=\"1920\" \/>\n\t<meta property=\"og:image:height\" content=\"1080\" \/>\n\t<meta property=\"og:image:type\" content=\"image\/jpeg\" \/>\n<meta name=\"twitter:card\" content=\"summary_large_image\" \/>\n<meta name=\"twitter:label1\" content=\"Tiempo de lectura\" \/>\n\t<meta name=\"twitter:data1\" content=\"2 minutos\" \/>\n<script type=\"application\/ld+json\" class=\"yoast-schema-graph\">{\"@context\":\"https:\/\/schema.org\",\"@graph\":[{\"@type\":\"WebPage\",\"@id\":\"https:\/\/www.alveria.it\/formazione\/people-e-managerial-development\/comunicazione-pubblica-e-di-impresa\/public-speaking-e-business-presentation\/\",\"url\":\"https:\/\/www.alveria.it\/formazione\/people-e-managerial-development\/comunicazione-pubblica-e-di-impresa\/public-speaking-e-business-presentation\/\",\"name\":\"PUBLIC SPEAKING E BUSINESS PRESENTATION\",\"isPartOf\":{\"@id\":\"https:\/\/www.alveria.it\/#website\"},\"primaryImageOfPage\":{\"@id\":\"https:\/\/www.alveria.it\/formazione\/people-e-managerial-development\/comunicazione-pubblica-e-di-impresa\/public-speaking-e-business-presentation\/#primaryimage\"},\"image\":{\"@id\":\"https:\/\/www.alveria.it\/formazione\/people-e-managerial-development\/comunicazione-pubblica-e-di-impresa\/public-speaking-e-business-presentation\/#primaryimage\"},\"thumbnailUrl\":\"https:\/\/www.alveria.it\/wp-content\/uploads\/2023\/09\/public-speaking-business-presentation-virata.jpg\",\"datePublished\":\"2023-09-26T12:41:12+00:00\",\"dateModified\":\"2024-05-21T11:50:03+00:00\",\"description\":\"Scopri il corso di Public Speaking e Business Presentation di Alveria: tecniche avanzate per comunicare e presentare con efficacia.\",\"breadcrumb\":{\"@id\":\"https:\/\/www.alveria.it\/formazione\/people-e-managerial-development\/comunicazione-pubblica-e-di-impresa\/public-speaking-e-business-presentation\/#breadcrumb\"},\"inLanguage\":\"es\",\"potentialAction\":[{\"@type\":\"ReadAction\",\"target\":[\"https:\/\/www.alveria.it\/formazione\/people-e-managerial-development\/comunicazione-pubblica-e-di-impresa\/public-speaking-e-business-presentation\/\"]}]},{\"@type\":\"ImageObject\",\"inLanguage\":\"es\",\"@id\":\"https:\/\/www.alveria.it\/formazione\/people-e-managerial-development\/comunicazione-pubblica-e-di-impresa\/public-speaking-e-business-presentation\/#primaryimage\",\"url\":\"https:\/\/www.alveria.it\/wp-content\/uploads\/2023\/09\/public-speaking-business-presentation-virata.jpg\",\"contentUrl\":\"https:\/\/www.alveria.it\/wp-content\/uploads\/2023\/09\/public-speaking-business-presentation-virata.jpg\",\"width\":1920,\"height\":1080},{\"@type\":\"BreadcrumbList\",\"@id\":\"https:\/\/www.alveria.it\/formazione\/people-e-managerial-development\/comunicazione-pubblica-e-di-impresa\/public-speaking-e-business-presentation\/#breadcrumb\",\"itemListElement\":[{\"@type\":\"ListItem\",\"position\":1,\"name\":\"Home\",\"item\":\"https:\/\/www.alveria.it\/\"},{\"@type\":\"ListItem\",\"position\":2,\"name\":\"FORMAZIONE\",\"item\":\"https:\/\/www.alveria.it\/formazione\/\"},{\"@type\":\"ListItem\",\"position\":3,\"name\":\"PEOPLE E MANAGERIAL DEVELOPMENT\",\"item\":\"https:\/\/www.alveria.it\/formazione\/people-e-managerial-development\/\"},{\"@type\":\"ListItem\",\"position\":4,\"name\":\"COMUNICAZIONE PUBBLICA E DI IMPRESA\",\"item\":\"https:\/\/www.alveria.it\/formazione\/people-e-managerial-development\/comunicazione-pubblica-e-di-impresa\/\"},{\"@type\":\"ListItem\",\"position\":5,\"name\":\"PUBLIC SPEAKING E BUSINESS PRESENTATION\"}]},{\"@type\":\"WebSite\",\"@id\":\"https:\/\/www.alveria.it\/#website\",\"url\":\"https:\/\/www.alveria.it\/\",\"name\":\"Alveria - Consulting, Training and Solutions\",\"description\":\"Alveria - Consulting, Training and Solutions\",\"publisher\":{\"@id\":\"https:\/\/www.alveria.it\/#organization\"},\"potentialAction\":[{\"@type\":\"SearchAction\",\"target\":{\"@type\":\"EntryPoint\",\"urlTemplate\":\"https:\/\/www.alveria.it\/?s={search_term_string}\"},\"query-input\":{\"@type\":\"PropertyValueSpecification\",\"valueRequired\":true,\"valueName\":\"search_term_string\"}}],\"inLanguage\":\"es\"},{\"@type\":\"Organization\",\"@id\":\"https:\/\/www.alveria.it\/#organization\",\"name\":\"Alveria - Consulting, Training and Solutions\",\"url\":\"https:\/\/www.alveria.it\/\",\"logo\":{\"@type\":\"ImageObject\",\"inLanguage\":\"es\",\"@id\":\"https:\/\/www.alveria.it\/#\/schema\/logo\/image\/\",\"url\":\"https:\/\/www.alveria.it\/wp-content\/uploads\/2023\/12\/logo_alveria_normal.svg\",\"contentUrl\":\"https:\/\/www.alveria.it\/wp-content\/uploads\/2023\/12\/logo_alveria_normal.svg\",\"caption\":\"Alveria - Consulting, Training and Solutions\"},\"image\":{\"@id\":\"https:\/\/www.alveria.it\/#\/schema\/logo\/image\/\"}}]}<\/script>\n<!-- \/ Yoast SEO plugin. -->","yoast_head_json":{"title":"PUBLIC SPEAKING E BUSINESS PRESENTATION","description":"Scopri il corso di Public Speaking e Business Presentation di Alveria: tecniche avanzate per comunicare e presentare con efficacia.","robots":{"index":"index","follow":"follow","max-snippet":"max-snippet:-1","max-image-preview":"max-image-preview:large","max-video-preview":"max-video-preview:-1"},"canonical":"https:\/\/www.alveria.it\/espanol\/formacion\/personas-y-desarrollo-directivo\/comunicacion-publica-y-corporativa\/hablar-en-publico-y-hacer-presentaciones-de-empresa\/","og_locale":"es_ES","og_type":"article","og_title":"PUBLIC SPEAKING E BUSINESS PRESENTATION","og_description":"Scopri il corso di Public Speaking e Business Presentation di Alveria: tecniche avanzate per comunicare e presentare con efficacia.","og_url":"https:\/\/www.alveria.it\/espanol\/formacion\/personas-y-desarrollo-directivo\/comunicacion-publica-y-corporativa\/hablar-en-publico-y-hacer-presentaciones-de-empresa\/","og_site_name":"Alveria - Consulting, Training and Solutions","article_modified_time":"2024-05-21T11:50:03+00:00","og_image":[{"width":1920,"height":1080,"url":"https:\/\/www.alveria.it\/wp-content\/uploads\/2023\/09\/public-speaking-business-presentation-virata.jpg","type":"image\/jpeg"}],"twitter_card":"summary_large_image","twitter_misc":{"Tiempo de lectura":"2 minutos"},"schema":{"@context":"https:\/\/schema.org","@graph":[{"@type":"WebPage","@id":"https:\/\/www.alveria.it\/formazione\/people-e-managerial-development\/comunicazione-pubblica-e-di-impresa\/public-speaking-e-business-presentation\/","url":"https:\/\/www.alveria.it\/formazione\/people-e-managerial-development\/comunicazione-pubblica-e-di-impresa\/public-speaking-e-business-presentation\/","name":"PUBLIC SPEAKING E BUSINESS PRESENTATION","isPartOf":{"@id":"https:\/\/www.alveria.it\/#website"},"primaryImageOfPage":{"@id":"https:\/\/www.alveria.it\/formazione\/people-e-managerial-development\/comunicazione-pubblica-e-di-impresa\/public-speaking-e-business-presentation\/#primaryimage"},"image":{"@id":"https:\/\/www.alveria.it\/formazione\/people-e-managerial-development\/comunicazione-pubblica-e-di-impresa\/public-speaking-e-business-presentation\/#primaryimage"},"thumbnailUrl":"https:\/\/www.alveria.it\/wp-content\/uploads\/2023\/09\/public-speaking-business-presentation-virata.jpg","datePublished":"2023-09-26T12:41:12+00:00","dateModified":"2024-05-21T11:50:03+00:00","description":"Scopri il corso di Public Speaking e Business Presentation di Alveria: tecniche avanzate per comunicare e presentare con efficacia.","breadcrumb":{"@id":"https:\/\/www.alveria.it\/formazione\/people-e-managerial-development\/comunicazione-pubblica-e-di-impresa\/public-speaking-e-business-presentation\/#breadcrumb"},"inLanguage":"es","potentialAction":[{"@type":"ReadAction","target":["https:\/\/www.alveria.it\/formazione\/people-e-managerial-development\/comunicazione-pubblica-e-di-impresa\/public-speaking-e-business-presentation\/"]}]},{"@type":"ImageObject","inLanguage":"es","@id":"https:\/\/www.alveria.it\/formazione\/people-e-managerial-development\/comunicazione-pubblica-e-di-impresa\/public-speaking-e-business-presentation\/#primaryimage","url":"https:\/\/www.alveria.it\/wp-content\/uploads\/2023\/09\/public-speaking-business-presentation-virata.jpg","contentUrl":"https:\/\/www.alveria.it\/wp-content\/uploads\/2023\/09\/public-speaking-business-presentation-virata.jpg","width":1920,"height":1080},{"@type":"BreadcrumbList","@id":"https:\/\/www.alveria.it\/formazione\/people-e-managerial-development\/comunicazione-pubblica-e-di-impresa\/public-speaking-e-business-presentation\/#breadcrumb","itemListElement":[{"@type":"ListItem","position":1,"name":"Home","item":"https:\/\/www.alveria.it\/"},{"@type":"ListItem","position":2,"name":"FORMAZIONE","item":"https:\/\/www.alveria.it\/formazione\/"},{"@type":"ListItem","position":3,"name":"PEOPLE E MANAGERIAL DEVELOPMENT","item":"https:\/\/www.alveria.it\/formazione\/people-e-managerial-development\/"},{"@type":"ListItem","position":4,"name":"COMUNICAZIONE PUBBLICA E DI IMPRESA","item":"https:\/\/www.alveria.it\/formazione\/people-e-managerial-development\/comunicazione-pubblica-e-di-impresa\/"},{"@type":"ListItem","position":5,"name":"PUBLIC SPEAKING E BUSINESS PRESENTATION"}]},{"@type":"WebSite","@id":"https:\/\/www.alveria.it\/#website","url":"https:\/\/www.alveria.it\/","name":"Alveria - Consulting, Training and Solutions","description":"Alveria - Consulting, Training and Solutions","publisher":{"@id":"https:\/\/www.alveria.it\/#organization"},"potentialAction":[{"@type":"SearchAction","target":{"@type":"EntryPoint","urlTemplate":"https:\/\/www.alveria.it\/?s={search_term_string}"},"query-input":{"@type":"PropertyValueSpecification","valueRequired":true,"valueName":"search_term_string"}}],"inLanguage":"es"},{"@type":"Organization","@id":"https:\/\/www.alveria.it\/#organization","name":"Alveria - Consulting, Training and Solutions","url":"https:\/\/www.alveria.it\/","logo":{"@type":"ImageObject","inLanguage":"es","@id":"https:\/\/www.alveria.it\/#\/schema\/logo\/image\/","url":"https:\/\/www.alveria.it\/wp-content\/uploads\/2023\/12\/logo_alveria_normal.svg","contentUrl":"https:\/\/www.alveria.it\/wp-content\/uploads\/2023\/12\/logo_alveria_normal.svg","caption":"Alveria - Consulting, Training and Solutions"},"image":{"@id":"https:\/\/www.alveria.it\/#\/schema\/logo\/image\/"}}]}},"_links":{"self":[{"href":"https:\/\/www.alveria.it\/espanol\/wp-json\/wp\/v2\/pages\/456","targetHints":{"allow":["GET"]}}],"collection":[{"href":"https:\/\/www.alveria.it\/espanol\/wp-json\/wp\/v2\/pages"}],"about":[{"href":"https:\/\/www.alveria.it\/espanol\/wp-json\/wp\/v2\/types\/page"}],"author":[{"embeddable":true,"href":"https:\/\/www.alveria.it\/espanol\/wp-json\/wp\/v2\/users\/2"}],"replies":[{"embeddable":true,"href":"https:\/\/www.alveria.it\/espanol\/wp-json\/wp\/v2\/comments?post=456"}],"version-history":[{"count":2,"href":"https:\/\/www.alveria.it\/espanol\/wp-json\/wp\/v2\/pages\/456\/revisions"}],"predecessor-version":[{"id":1482,"href":"https:\/\/www.alveria.it\/espanol\/wp-json\/wp\/v2\/pages\/456\/revisions\/1482"}],"up":[{"embeddable":true,"href":"https:\/\/www.alveria.it\/espanol\/wp-json\/wp\/v2\/pages\/167"}],"wp:featuredmedia":[{"embeddable":true,"href":"https:\/\/www.alveria.it\/espanol\/wp-json\/wp\/v2\/media\/753"}],"wp:attachment":[{"href":"https:\/\/www.alveria.it\/espanol\/wp-json\/wp\/v2\/media?parent=456"}],"curies":[{"name":"wp","href":"https:\/\/api.w.org\/{rel}","templated":true}]}}