{"id":446,"date":"2023-09-26T09:32:40","date_gmt":"2023-09-26T09:32:40","guid":{"rendered":"https:\/\/www.alveria.it\/?page_id=446"},"modified":"2024-05-21T11:55:35","modified_gmt":"2024-05-21T11:55:35","slug":"gestion-y-direccion-de-rrhh","status":"publish","type":"page","link":"https:\/\/www.alveria.it\/espanol\/formacion\/personas-y-desarrollo-directivo-162\/gestion-y-direccion-de-rrhh\/","title":{"rendered":"HR GESTI\u00d3N Y LIDERAZGO"},"content":{"rendered":"<p>HR GESTI\u00d3N<\/p>\n<h3 class=\"title\">C\u00d3MO GUIAR AL EQUIPO HACIA LOS OBJETIVOS EMPRESARIALES<\/h3>\n<p style=\"text-align: center;\">Los cursos de liderazgo y HR Management que ofrece Alveria tienen como objetivo desarrollar y potenciar todas aquellas habilidades que permiten a los directivos influir positivamente en el equipo y dirigirlo hacia los objetivos empresariales.<\/p>\n<p style=\"text-align: center;\">Para que un planteamiento de este tipo sea eficaz, hay que ser capaz de <strong>desarrollar las relaciones interpersonales<\/strong> con sus compa\u00f1eros de trabajo practicando un lenguaje asertivo que les permita construir <strong>una relaci\u00f3n basada en la confianza<\/strong>gestionar los conflictos y aplicar los cambios de forma constructiva.<\/p>\n<p style=\"text-align: center;\">Los cursos de formaci\u00f3n ofrecidos por Alveria tienen por objeto ayudar a los directivos a <strong>aumentar la conciencia de los empleados sobre sus propias capacidades<\/strong>canalizar el potencial hacia un objetivo com\u00fan.<\/p>\n<p style=\"margin: 0px;\"><img decoding=\"async\" class=\"scale-with-grid\" title=\"\" src=\"\/wp-content\/uploads\/2023\/09\/People-Managerial-Development-hr-management-leadership-Empowerment.jpg\" alt=\"\" width=\"\" height=\"\" \/><\/p>\n<h4>EMPOWERMENT<\/h4>\n<p>Adquiera las habilidades necesarias para cambiar su entorno social a mejor.<\/p>\n<p><a class=\"button button-blocchetti button_size_2 button_dark\" title=\"\" href=\"\/espanol\/formacion\/personas-y-desarrollo-directivo\/gestion-y-direccion-de-rrhh\/empoderamiento\/\"><span class=\"button_label\">DESCUBRA<\/span><\/a><\/p>\n<p style=\"margin: 0px;\"><img loading=\"lazy\" decoding=\"async\" class=\"scale-with-grid alignnone\" src=\"\/wp-content\/uploads\/2023\/09\/People-Managerial-Development-hr-management-leadership-Analysis-management-change.jpg\" alt=\"HR GESTI\u00d3N\" width=\"900\" height=\"675\" \/><\/p>\n<h4>AN\u00c1LISIS Y GESTI\u00d3N DEL CAMBIO<\/h4>\n<p>Gesti\u00f3n del cambio: directrices para el cambio.<\/p>\n<p><a class=\"button button-blocchetti button_size_2 button_dark\" title=\"\" href=\"\/espanol\/formacion\/personas-y-desarrollo-directivo\/gestion-y-direccion-de-rrhh\/analisis-y-gestion-del-cambio\/\"><span class=\"button_label\">DESCUBRA<\/span><\/a><\/p>\n<p style=\"margin: 0px;\"><img loading=\"lazy\" decoding=\"async\" class=\"scale-with-grid alignnone\" src=\"\/wp-content\/uploads\/2023\/09\/Desarrollo-Gerencial-Personal-hr-gesti\u00f3n-liderazgo-motivaci\u00f3n-gesti\u00f3n-colaboradores.jpg\" alt=\"HR GESTI\u00d3N\" width=\"900\" height=\"675\" \/><\/p>\n<h4>MOTIVACI\u00d3N Y GESTI\u00d3N DE LOS EMPLEADOS<\/h4>\n<p>Establecer relaciones eficaces para alcanzar los objetivos del equipo.<\/p>\n<p><a class=\"button button-blocchetti button_size_2 button_dark\" title=\"\" href=\"\/espanol\/formacion\/personas-y-desarrollo-directivo\/gestion-y-direccion-de-rrhh\/motivacion-y-gestion-de-los-empleados\/\"><span class=\"button_label\">DESCUBRA<\/span><\/a><\/p>\n<h6 class=\"title\"><a href=\"https:\/\/www.hcms.it\/contatti\/\">CONSULTOR\u00cdA<\/a>FORMACI\u00d3N EN DIGITALIZACI\u00d3N DE LA RRHH Y SOLUCIONES EMPRESARIALES DESCUBRA EL M\u00c9TODO ALVERIA Y PREP\u00c1RESE PARA EL CAMBIO.<\/h6>\n<h6 class=\"title\">CONSULTOR\u00cdA, FORMACI\u00d3N EN DIGITALIZACI\u00d3N DE HR Y SOLUCIONES EMPRESARIALES DESCUBRA EL M\u00c9TODO ALVERIA Y PREP\u00c1RESE PARA EL CAMBIO.<\/h6>\n<p>Los cursos de formaci\u00f3n ofrecidos por Alveria tienen por objeto ayudar a los directivos a <strong>aumentar la conciencia de los empleados sobre sus propias capacidades<\/strong>canalizar el potencial hacia un objetivo com\u00fan.<\/p>\n<p><a class=\"button  button_size_2 button_dark\" title=\"\" href=\"\/espanol\/contactos\/\"><span class=\"button_label\">SOLICITAR M\u00c1S INFORMACI\u00d3N<\/span><\/a><\/p>","protected":false},"excerpt":{"rendered":"<p>HR MANAGEMENT COME GUIDARE IL TEAM VERSO GLI OBIETTIVI DI BUSINESS I corsi di leadership e HR Management offerti da Alveria si propongono di sviluppare e<span class=\"excerpt-hellip\"> [...]<\/span><\/p>","protected":false},"author":4,"featured_media":760,"parent":162,"menu_order":0,"comment_status":"open","ping_status":"closed","template":"","meta":{"iawp_total_views":49,"footnotes":""},"class_list":["post-446","page","type-page","status-publish","has-post-thumbnail","hentry"],"yoast_head":"<!-- This site is optimized with the Yoast SEO plugin v25.1 - https:\/\/yoast.com\/wordpress\/plugins\/seo\/ -->\n<title>HR MANAGEMENT E LEADERSHIP<\/title>\n<meta name=\"description\" content=\"Scopri i corsi di HR Management di Alveria: sviluppa capacit\u00e0 per guidare il team verso obiettivi di business.\" \/>\n<meta name=\"robots\" content=\"index, follow, max-snippet:-1, max-image-preview:large, max-video-preview:-1\" \/>\n<link rel=\"canonical\" href=\"https:\/\/www.alveria.it\/espanol\/formacion\/personas-y-desarrollo-directivo\/gestion-y-direccion-de-rrhh\/\" \/>\n<meta property=\"og:locale\" content=\"es_ES\" \/>\n<meta property=\"og:type\" content=\"article\" \/>\n<meta property=\"og:title\" content=\"HR MANAGEMENT E LEADERSHIP\" \/>\n<meta property=\"og:description\" content=\"Scopri i corsi di HR Management di Alveria: sviluppa capacit\u00e0 per guidare il team verso obiettivi di business.\" \/>\n<meta property=\"og:url\" content=\"https:\/\/www.alveria.it\/espanol\/formacion\/personas-y-desarrollo-directivo\/gestion-y-direccion-de-rrhh\/\" \/>\n<meta property=\"og:site_name\" content=\"Alveria - Consulting, Training and Solutions\" \/>\n<meta property=\"article:modified_time\" content=\"2024-05-21T11:55:35+00:00\" \/>\n<meta property=\"og:image\" content=\"https:\/\/www.alveria.it\/wp-content\/uploads\/2023\/09\/HR-Management-Leadership-virata.jpg\" \/>\n\t<meta property=\"og:image:width\" content=\"1920\" \/>\n\t<meta property=\"og:image:height\" content=\"1080\" \/>\n\t<meta property=\"og:image:type\" content=\"image\/jpeg\" \/>\n<meta name=\"twitter:card\" content=\"summary_large_image\" \/>\n<meta name=\"twitter:label1\" content=\"Tiempo de lectura\" \/>\n\t<meta name=\"twitter:data1\" content=\"2 minutos\" \/>\n<script type=\"application\/ld+json\" class=\"yoast-schema-graph\">{\"@context\":\"https:\/\/schema.org\",\"@graph\":[{\"@type\":\"WebPage\",\"@id\":\"https:\/\/www.alveria.it\/formazione\/people-e-managerial-development\/hr-management-e-leadership\/\",\"url\":\"https:\/\/www.alveria.it\/formazione\/people-e-managerial-development\/hr-management-e-leadership\/\",\"name\":\"HR MANAGEMENT E LEADERSHIP\",\"isPartOf\":{\"@id\":\"https:\/\/www.alveria.it\/#website\"},\"primaryImageOfPage\":{\"@id\":\"https:\/\/www.alveria.it\/formazione\/people-e-managerial-development\/hr-management-e-leadership\/#primaryimage\"},\"image\":{\"@id\":\"https:\/\/www.alveria.it\/formazione\/people-e-managerial-development\/hr-management-e-leadership\/#primaryimage\"},\"thumbnailUrl\":\"https:\/\/www.alveria.it\/wp-content\/uploads\/2023\/09\/HR-Management-Leadership-virata.jpg\",\"datePublished\":\"2023-09-26T09:32:40+00:00\",\"dateModified\":\"2024-05-21T11:55:35+00:00\",\"description\":\"Scopri i corsi di HR Management di Alveria: sviluppa capacit\u00e0 per guidare il team verso obiettivi di business.\",\"breadcrumb\":{\"@id\":\"https:\/\/www.alveria.it\/formazione\/people-e-managerial-development\/hr-management-e-leadership\/#breadcrumb\"},\"inLanguage\":\"es\",\"potentialAction\":[{\"@type\":\"ReadAction\",\"target\":[\"https:\/\/www.alveria.it\/formazione\/people-e-managerial-development\/hr-management-e-leadership\/\"]}]},{\"@type\":\"ImageObject\",\"inLanguage\":\"es\",\"@id\":\"https:\/\/www.alveria.it\/formazione\/people-e-managerial-development\/hr-management-e-leadership\/#primaryimage\",\"url\":\"https:\/\/www.alveria.it\/wp-content\/uploads\/2023\/09\/HR-Management-Leadership-virata.jpg\",\"contentUrl\":\"https:\/\/www.alveria.it\/wp-content\/uploads\/2023\/09\/HR-Management-Leadership-virata.jpg\",\"width\":1920,\"height\":1080},{\"@type\":\"BreadcrumbList\",\"@id\":\"https:\/\/www.alveria.it\/formazione\/people-e-managerial-development\/hr-management-e-leadership\/#breadcrumb\",\"itemListElement\":[{\"@type\":\"ListItem\",\"position\":1,\"name\":\"Home\",\"item\":\"https:\/\/www.alveria.it\/\"},{\"@type\":\"ListItem\",\"position\":2,\"name\":\"FORMAZIONE\",\"item\":\"https:\/\/www.alveria.it\/formazione\/\"},{\"@type\":\"ListItem\",\"position\":3,\"name\":\"PEOPLE E MANAGERIAL DEVELOPMENT\",\"item\":\"https:\/\/www.alveria.it\/formazione\/people-e-managerial-development\/\"},{\"@type\":\"ListItem\",\"position\":4,\"name\":\"HR MANAGEMENT E LEADERSHIP\"}]},{\"@type\":\"WebSite\",\"@id\":\"https:\/\/www.alveria.it\/#website\",\"url\":\"https:\/\/www.alveria.it\/\",\"name\":\"Alveria - Consulting, Training and Solutions\",\"description\":\"Alveria - Consulting, Training and Solutions\",\"publisher\":{\"@id\":\"https:\/\/www.alveria.it\/#organization\"},\"potentialAction\":[{\"@type\":\"SearchAction\",\"target\":{\"@type\":\"EntryPoint\",\"urlTemplate\":\"https:\/\/www.alveria.it\/?s={search_term_string}\"},\"query-input\":{\"@type\":\"PropertyValueSpecification\",\"valueRequired\":true,\"valueName\":\"search_term_string\"}}],\"inLanguage\":\"es\"},{\"@type\":\"Organization\",\"@id\":\"https:\/\/www.alveria.it\/#organization\",\"name\":\"Alveria - Consulting, Training and Solutions\",\"url\":\"https:\/\/www.alveria.it\/\",\"logo\":{\"@type\":\"ImageObject\",\"inLanguage\":\"es\",\"@id\":\"https:\/\/www.alveria.it\/#\/schema\/logo\/image\/\",\"url\":\"https:\/\/www.alveria.it\/wp-content\/uploads\/2023\/12\/logo_alveria_normal.svg\",\"contentUrl\":\"https:\/\/www.alveria.it\/wp-content\/uploads\/2023\/12\/logo_alveria_normal.svg\",\"caption\":\"Alveria - Consulting, Training and Solutions\"},\"image\":{\"@id\":\"https:\/\/www.alveria.it\/#\/schema\/logo\/image\/\"}}]}<\/script>\n<!-- \/ Yoast SEO plugin. -->","yoast_head_json":{"title":"HR MANAGEMENT E LEADERSHIP","description":"Scopri i corsi di HR Management di Alveria: sviluppa capacit\u00e0 per guidare il team verso obiettivi di business.","robots":{"index":"index","follow":"follow","max-snippet":"max-snippet:-1","max-image-preview":"max-image-preview:large","max-video-preview":"max-video-preview:-1"},"canonical":"https:\/\/www.alveria.it\/espanol\/formacion\/personas-y-desarrollo-directivo\/gestion-y-direccion-de-rrhh\/","og_locale":"es_ES","og_type":"article","og_title":"HR MANAGEMENT E LEADERSHIP","og_description":"Scopri i corsi di HR Management di Alveria: sviluppa capacit\u00e0 per guidare il team verso obiettivi di business.","og_url":"https:\/\/www.alveria.it\/espanol\/formacion\/personas-y-desarrollo-directivo\/gestion-y-direccion-de-rrhh\/","og_site_name":"Alveria - Consulting, Training and Solutions","article_modified_time":"2024-05-21T11:55:35+00:00","og_image":[{"width":1920,"height":1080,"url":"https:\/\/www.alveria.it\/wp-content\/uploads\/2023\/09\/HR-Management-Leadership-virata.jpg","type":"image\/jpeg"}],"twitter_card":"summary_large_image","twitter_misc":{"Tiempo de lectura":"2 minutos"},"schema":{"@context":"https:\/\/schema.org","@graph":[{"@type":"WebPage","@id":"https:\/\/www.alveria.it\/formazione\/people-e-managerial-development\/hr-management-e-leadership\/","url":"https:\/\/www.alveria.it\/formazione\/people-e-managerial-development\/hr-management-e-leadership\/","name":"HR MANAGEMENT E LEADERSHIP","isPartOf":{"@id":"https:\/\/www.alveria.it\/#website"},"primaryImageOfPage":{"@id":"https:\/\/www.alveria.it\/formazione\/people-e-managerial-development\/hr-management-e-leadership\/#primaryimage"},"image":{"@id":"https:\/\/www.alveria.it\/formazione\/people-e-managerial-development\/hr-management-e-leadership\/#primaryimage"},"thumbnailUrl":"https:\/\/www.alveria.it\/wp-content\/uploads\/2023\/09\/HR-Management-Leadership-virata.jpg","datePublished":"2023-09-26T09:32:40+00:00","dateModified":"2024-05-21T11:55:35+00:00","description":"Scopri i corsi di HR Management di Alveria: sviluppa capacit\u00e0 per guidare il team verso obiettivi di business.","breadcrumb":{"@id":"https:\/\/www.alveria.it\/formazione\/people-e-managerial-development\/hr-management-e-leadership\/#breadcrumb"},"inLanguage":"es","potentialAction":[{"@type":"ReadAction","target":["https:\/\/www.alveria.it\/formazione\/people-e-managerial-development\/hr-management-e-leadership\/"]}]},{"@type":"ImageObject","inLanguage":"es","@id":"https:\/\/www.alveria.it\/formazione\/people-e-managerial-development\/hr-management-e-leadership\/#primaryimage","url":"https:\/\/www.alveria.it\/wp-content\/uploads\/2023\/09\/HR-Management-Leadership-virata.jpg","contentUrl":"https:\/\/www.alveria.it\/wp-content\/uploads\/2023\/09\/HR-Management-Leadership-virata.jpg","width":1920,"height":1080},{"@type":"BreadcrumbList","@id":"https:\/\/www.alveria.it\/formazione\/people-e-managerial-development\/hr-management-e-leadership\/#breadcrumb","itemListElement":[{"@type":"ListItem","position":1,"name":"Home","item":"https:\/\/www.alveria.it\/"},{"@type":"ListItem","position":2,"name":"FORMAZIONE","item":"https:\/\/www.alveria.it\/formazione\/"},{"@type":"ListItem","position":3,"name":"PEOPLE E MANAGERIAL DEVELOPMENT","item":"https:\/\/www.alveria.it\/formazione\/people-e-managerial-development\/"},{"@type":"ListItem","position":4,"name":"HR MANAGEMENT E LEADERSHIP"}]},{"@type":"WebSite","@id":"https:\/\/www.alveria.it\/#website","url":"https:\/\/www.alveria.it\/","name":"Alveria - Consulting, Training and Solutions","description":"Alveria - Consulting, Training and Solutions","publisher":{"@id":"https:\/\/www.alveria.it\/#organization"},"potentialAction":[{"@type":"SearchAction","target":{"@type":"EntryPoint","urlTemplate":"https:\/\/www.alveria.it\/?s={search_term_string}"},"query-input":{"@type":"PropertyValueSpecification","valueRequired":true,"valueName":"search_term_string"}}],"inLanguage":"es"},{"@type":"Organization","@id":"https:\/\/www.alveria.it\/#organization","name":"Alveria - Consulting, Training and Solutions","url":"https:\/\/www.alveria.it\/","logo":{"@type":"ImageObject","inLanguage":"es","@id":"https:\/\/www.alveria.it\/#\/schema\/logo\/image\/","url":"https:\/\/www.alveria.it\/wp-content\/uploads\/2023\/12\/logo_alveria_normal.svg","contentUrl":"https:\/\/www.alveria.it\/wp-content\/uploads\/2023\/12\/logo_alveria_normal.svg","caption":"Alveria - Consulting, Training and Solutions"},"image":{"@id":"https:\/\/www.alveria.it\/#\/schema\/logo\/image\/"}}]}},"_links":{"self":[{"href":"https:\/\/www.alveria.it\/espanol\/wp-json\/wp\/v2\/pages\/446","targetHints":{"allow":["GET"]}}],"collection":[{"href":"https:\/\/www.alveria.it\/espanol\/wp-json\/wp\/v2\/pages"}],"about":[{"href":"https:\/\/www.alveria.it\/espanol\/wp-json\/wp\/v2\/types\/page"}],"author":[{"embeddable":true,"href":"https:\/\/www.alveria.it\/espanol\/wp-json\/wp\/v2\/users\/4"}],"replies":[{"embeddable":true,"href":"https:\/\/www.alveria.it\/espanol\/wp-json\/wp\/v2\/comments?post=446"}],"version-history":[{"count":2,"href":"https:\/\/www.alveria.it\/espanol\/wp-json\/wp\/v2\/pages\/446\/revisions"}],"predecessor-version":[{"id":1498,"href":"https:\/\/www.alveria.it\/espanol\/wp-json\/wp\/v2\/pages\/446\/revisions\/1498"}],"up":[{"embeddable":true,"href":"https:\/\/www.alveria.it\/espanol\/wp-json\/wp\/v2\/pages\/162"}],"wp:featuredmedia":[{"embeddable":true,"href":"https:\/\/www.alveria.it\/espanol\/wp-json\/wp\/v2\/media\/760"}],"wp:attachment":[{"href":"https:\/\/www.alveria.it\/espanol\/wp-json\/wp\/v2\/media?parent=446"}],"curies":[{"name":"wp","href":"https:\/\/api.w.org\/{rel}","templated":true}]}}