{"id":321,"date":"2023-09-23T06:34:03","date_gmt":"2023-09-23T06:34:03","guid":{"rendered":"https:\/\/www.alveria.it\/?page_id=321"},"modified":"2024-05-21T12:12:43","modified_gmt":"2024-05-21T12:12:43","slug":"medios-de-comunicacion","status":"publish","type":"page","link":"https:\/\/www.alveria.it\/espanol\/medios-de-comunicacion\/","title":{"rendered":"MEDIA"},"content":{"rendered":"<p>Medios de comunicaci\u00f3n<\/p>\n<h2 class=\"title\">DESCUBRE EL MUNDO DE ALVERIA<\/h2>\n<p><strong>Perspectivas, medios de comunicaci\u00f3n, ideas y herramientas para hacer frente a un panorama laboral en constante cambio.<\/strong><\/p>\n<p><strong>\u00bfNo quiere perderse ninguna noticia?<\/strong><\/p>\n<p style=\"padding-left: 10px;\"><strong>SUSCR\u00cdBETE AL BOLET\u00cdN<\/strong><\/p>\n<p style=\"padding-left: 10px;\">Todos los campos obligatorios est\u00e1n marcados con un asterisco.<\/p>\n<p><img loading=\"lazy\" decoding=\"async\" class=\"wpcf7-form-control wpcf7-captchac wpcf7-captcha-captcha-1\" src=\"https:\/\/www.alveria.it\/wp-content\/uploads\/wpcf7_captcha\/1843911959.png\" alt=\"captcha\" width=\"72\" height=\"24\" \/><\/p>\n<p><span class=\"wpcf7-form-control-wrap\" data-name=\"acceptance-421\"><span class=\"wpcf7-form-control wpcf7-acceptance\"><span class=\"wpcf7-list-item\"><span class=\"wpcf7-list-item-label\">He le\u00eddo, comprendo y acepto los t\u00e9rminos y condiciones<\/span><\/span><\/span><\/span><\/p>\n<h2 class=\"title\">BLOG<\/h2>\n<p>Mantente al d\u00eda sobre las herramientas de transformaci\u00f3n digital de RRHH m\u00e1s innovadoras y las nuevas tendencias en la gesti\u00f3n de RRHH en las empresas.<\/p>\n<p><a class=\"button  button_size_2 button_dark\" title=\"\" href=\"\/espanol\/medios-de-comunicacion\/blog\/\"><span class=\"button_label\">DESCUBRA <\/span><\/a><\/p>\n<h2 class=\"title\">EVENTOS<\/h2>\n<p>Inf\u00f3rmese de todos los actos programados y reserve su participaci\u00f3n.<\/p>\n<p><a class=\"button  button_size_2 button_dark\" title=\"\" href=\"\/espanol\/medios-de-comunicacion\/eventos\/\"><span class=\"button_label\">DESCUBRA <\/span><\/a><\/p>\n<h2 class=\"title\">ALVERIAPRESS<\/h2>\n<p>Compartimos con usted las noticias m\u00e1s importantes sobre nosotros.<\/p>\n<p><a class=\"button  button_size_2 button_dark\" title=\"\" href=\"\/espanol\/medios-de-comunicacion\/alveriapress\/\"><span class=\"button_label\">DESCUBRA <\/span><\/a><\/p>\n<h6 class=\"title\"><a href=\"https:\/\/www.hcms.it\/contatti\/\">CONSULTOR\u00cdA<\/a>FORMACI\u00d3N EN DIGITALIZACI\u00d3N DE LA RRHH Y SOLUCIONES EMPRESARIALES DESCUBRA EL M\u00c9TODO ALVERIA Y PREP\u00c1RESE PARA EL CAMBIO.<\/h6>\n<p><a class=\"button  button_size_2 button_dark\" title=\"\" href=\"\/espanol\/contactos\/\"><span class=\"button_label\">SOLICITAR M\u00c1S INFORMACI\u00d3N<\/span><\/a><\/p>","protected":false},"excerpt":{"rendered":"<p>Media SCOPRI IL MONDO ALVERIA! Spunti, media, approfondimenti e strumenti per affrontare un panorama lavorativo in continua evoluzione. Non vuoi perderti nessuna novit\u00e0? ISCRIVITI ALLA NEWSLETTER<span class=\"excerpt-hellip\"> [...]<\/span><\/p>","protected":false},"author":4,"featured_media":323,"parent":0,"menu_order":0,"comment_status":"open","ping_status":"closed","template":"","meta":{"iawp_total_views":368,"footnotes":""},"class_list":["post-321","page","type-page","status-publish","has-post-thumbnail","hentry"],"yoast_head":"<!-- This site is optimized with the Yoast SEO plugin v25.1 - https:\/\/yoast.com\/wordpress\/plugins\/seo\/ -->\n<title>MEDIA<\/title>\n<meta name=\"description\" content=\"Scopri il mondo Alveria: aggiornamenti e media su HR digital transformation, eventi e news aziendali. Iscriviti alla newsletter per non perdere nessuna novit\u00e0.\" \/>\n<meta name=\"robots\" content=\"index, follow, max-snippet:-1, max-image-preview:large, max-video-preview:-1\" \/>\n<link rel=\"canonical\" href=\"https:\/\/www.alveria.it\/espanol\/medios-de-comunicacion\/\" \/>\n<meta property=\"og:locale\" content=\"es_ES\" \/>\n<meta property=\"og:type\" content=\"article\" \/>\n<meta property=\"og:title\" content=\"MEDIA\" \/>\n<meta property=\"og:description\" content=\"Scopri il mondo Alveria: aggiornamenti e media su HR digital transformation, eventi e news aziendali. Iscriviti alla newsletter per non perdere nessuna novit\u00e0.\" \/>\n<meta property=\"og:url\" content=\"https:\/\/www.alveria.it\/espanol\/medios-de-comunicacion\/\" \/>\n<meta property=\"og:site_name\" content=\"Alveria - Consulting, Training and Solutions\" \/>\n<meta property=\"article:modified_time\" content=\"2024-05-21T12:12:43+00:00\" \/>\n<meta property=\"og:image\" content=\"https:\/\/www.alveria.it\/wp-content\/uploads\/2023\/09\/alveriapress-virata.jpg\" \/>\n\t<meta property=\"og:image:width\" content=\"1920\" \/>\n\t<meta property=\"og:image:height\" content=\"1080\" \/>\n\t<meta property=\"og:image:type\" content=\"image\/jpeg\" \/>\n<meta name=\"twitter:card\" content=\"summary_large_image\" \/>\n<meta name=\"twitter:label1\" content=\"Tiempo de lectura\" \/>\n\t<meta name=\"twitter:data1\" content=\"2 minutos\" \/>\n<script type=\"application\/ld+json\" class=\"yoast-schema-graph\">{\"@context\":\"https:\/\/schema.org\",\"@graph\":[{\"@type\":\"WebPage\",\"@id\":\"https:\/\/www.alveria.it\/media\/\",\"url\":\"https:\/\/www.alveria.it\/media\/\",\"name\":\"MEDIA\",\"isPartOf\":{\"@id\":\"https:\/\/www.alveria.it\/#website\"},\"primaryImageOfPage\":{\"@id\":\"https:\/\/www.alveria.it\/media\/#primaryimage\"},\"image\":{\"@id\":\"https:\/\/www.alveria.it\/media\/#primaryimage\"},\"thumbnailUrl\":\"https:\/\/www.alveria.it\/wp-content\/uploads\/2023\/09\/alveriapress-virata.jpg\",\"datePublished\":\"2023-09-23T06:34:03+00:00\",\"dateModified\":\"2024-05-21T12:12:43+00:00\",\"description\":\"Scopri il mondo Alveria: aggiornamenti e media su HR digital transformation, eventi e news aziendali. Iscriviti alla newsletter per non perdere nessuna novit\u00e0.\",\"breadcrumb\":{\"@id\":\"https:\/\/www.alveria.it\/media\/#breadcrumb\"},\"inLanguage\":\"es\",\"potentialAction\":[{\"@type\":\"ReadAction\",\"target\":[\"https:\/\/www.alveria.it\/media\/\"]}]},{\"@type\":\"ImageObject\",\"inLanguage\":\"es\",\"@id\":\"https:\/\/www.alveria.it\/media\/#primaryimage\",\"url\":\"https:\/\/www.alveria.it\/wp-content\/uploads\/2023\/09\/alveriapress-virata.jpg\",\"contentUrl\":\"https:\/\/www.alveria.it\/wp-content\/uploads\/2023\/09\/alveriapress-virata.jpg\",\"width\":1920,\"height\":1080},{\"@type\":\"BreadcrumbList\",\"@id\":\"https:\/\/www.alveria.it\/media\/#breadcrumb\",\"itemListElement\":[{\"@type\":\"ListItem\",\"position\":1,\"name\":\"Home\",\"item\":\"https:\/\/www.alveria.it\/\"},{\"@type\":\"ListItem\",\"position\":2,\"name\":\"MEDIA\"}]},{\"@type\":\"WebSite\",\"@id\":\"https:\/\/www.alveria.it\/#website\",\"url\":\"https:\/\/www.alveria.it\/\",\"name\":\"Alveria - Consulting, Training and Solutions\",\"description\":\"Alveria - Consulting, Training and Solutions\",\"publisher\":{\"@id\":\"https:\/\/www.alveria.it\/#organization\"},\"potentialAction\":[{\"@type\":\"SearchAction\",\"target\":{\"@type\":\"EntryPoint\",\"urlTemplate\":\"https:\/\/www.alveria.it\/?s={search_term_string}\"},\"query-input\":{\"@type\":\"PropertyValueSpecification\",\"valueRequired\":true,\"valueName\":\"search_term_string\"}}],\"inLanguage\":\"es\"},{\"@type\":\"Organization\",\"@id\":\"https:\/\/www.alveria.it\/#organization\",\"name\":\"Alveria - Consulting, Training and Solutions\",\"url\":\"https:\/\/www.alveria.it\/\",\"logo\":{\"@type\":\"ImageObject\",\"inLanguage\":\"es\",\"@id\":\"https:\/\/www.alveria.it\/#\/schema\/logo\/image\/\",\"url\":\"https:\/\/www.alveria.it\/wp-content\/uploads\/2023\/12\/logo_alveria_normal.svg\",\"contentUrl\":\"https:\/\/www.alveria.it\/wp-content\/uploads\/2023\/12\/logo_alveria_normal.svg\",\"caption\":\"Alveria - Consulting, Training and Solutions\"},\"image\":{\"@id\":\"https:\/\/www.alveria.it\/#\/schema\/logo\/image\/\"}}]}<\/script>\n<!-- \/ Yoast SEO plugin. -->","yoast_head_json":{"title":"MEDIA","description":"Scopri il mondo Alveria: aggiornamenti e media su HR digital transformation, eventi e news aziendali. Iscriviti alla newsletter per non perdere nessuna novit\u00e0.","robots":{"index":"index","follow":"follow","max-snippet":"max-snippet:-1","max-image-preview":"max-image-preview:large","max-video-preview":"max-video-preview:-1"},"canonical":"https:\/\/www.alveria.it\/espanol\/medios-de-comunicacion\/","og_locale":"es_ES","og_type":"article","og_title":"MEDIA","og_description":"Scopri il mondo Alveria: aggiornamenti e media su HR digital transformation, eventi e news aziendali. Iscriviti alla newsletter per non perdere nessuna novit\u00e0.","og_url":"https:\/\/www.alveria.it\/espanol\/medios-de-comunicacion\/","og_site_name":"Alveria - Consulting, Training and Solutions","article_modified_time":"2024-05-21T12:12:43+00:00","og_image":[{"width":1920,"height":1080,"url":"https:\/\/www.alveria.it\/wp-content\/uploads\/2023\/09\/alveriapress-virata.jpg","type":"image\/jpeg"}],"twitter_card":"summary_large_image","twitter_misc":{"Tiempo de lectura":"2 minutos"},"schema":{"@context":"https:\/\/schema.org","@graph":[{"@type":"WebPage","@id":"https:\/\/www.alveria.it\/media\/","url":"https:\/\/www.alveria.it\/media\/","name":"MEDIA","isPartOf":{"@id":"https:\/\/www.alveria.it\/#website"},"primaryImageOfPage":{"@id":"https:\/\/www.alveria.it\/media\/#primaryimage"},"image":{"@id":"https:\/\/www.alveria.it\/media\/#primaryimage"},"thumbnailUrl":"https:\/\/www.alveria.it\/wp-content\/uploads\/2023\/09\/alveriapress-virata.jpg","datePublished":"2023-09-23T06:34:03+00:00","dateModified":"2024-05-21T12:12:43+00:00","description":"Scopri il mondo Alveria: aggiornamenti e media su HR digital transformation, eventi e news aziendali. Iscriviti alla newsletter per non perdere nessuna novit\u00e0.","breadcrumb":{"@id":"https:\/\/www.alveria.it\/media\/#breadcrumb"},"inLanguage":"es","potentialAction":[{"@type":"ReadAction","target":["https:\/\/www.alveria.it\/media\/"]}]},{"@type":"ImageObject","inLanguage":"es","@id":"https:\/\/www.alveria.it\/media\/#primaryimage","url":"https:\/\/www.alveria.it\/wp-content\/uploads\/2023\/09\/alveriapress-virata.jpg","contentUrl":"https:\/\/www.alveria.it\/wp-content\/uploads\/2023\/09\/alveriapress-virata.jpg","width":1920,"height":1080},{"@type":"BreadcrumbList","@id":"https:\/\/www.alveria.it\/media\/#breadcrumb","itemListElement":[{"@type":"ListItem","position":1,"name":"Home","item":"https:\/\/www.alveria.it\/"},{"@type":"ListItem","position":2,"name":"MEDIA"}]},{"@type":"WebSite","@id":"https:\/\/www.alveria.it\/#website","url":"https:\/\/www.alveria.it\/","name":"Alveria - Consulting, Training and Solutions","description":"Alveria - Consulting, Training and Solutions","publisher":{"@id":"https:\/\/www.alveria.it\/#organization"},"potentialAction":[{"@type":"SearchAction","target":{"@type":"EntryPoint","urlTemplate":"https:\/\/www.alveria.it\/?s={search_term_string}"},"query-input":{"@type":"PropertyValueSpecification","valueRequired":true,"valueName":"search_term_string"}}],"inLanguage":"es"},{"@type":"Organization","@id":"https:\/\/www.alveria.it\/#organization","name":"Alveria - Consulting, Training and Solutions","url":"https:\/\/www.alveria.it\/","logo":{"@type":"ImageObject","inLanguage":"es","@id":"https:\/\/www.alveria.it\/#\/schema\/logo\/image\/","url":"https:\/\/www.alveria.it\/wp-content\/uploads\/2023\/12\/logo_alveria_normal.svg","contentUrl":"https:\/\/www.alveria.it\/wp-content\/uploads\/2023\/12\/logo_alveria_normal.svg","caption":"Alveria - Consulting, Training and Solutions"},"image":{"@id":"https:\/\/www.alveria.it\/#\/schema\/logo\/image\/"}}]}},"_links":{"self":[{"href":"https:\/\/www.alveria.it\/espanol\/wp-json\/wp\/v2\/pages\/321","targetHints":{"allow":["GET"]}}],"collection":[{"href":"https:\/\/www.alveria.it\/espanol\/wp-json\/wp\/v2\/pages"}],"about":[{"href":"https:\/\/www.alveria.it\/espanol\/wp-json\/wp\/v2\/types\/page"}],"author":[{"embeddable":true,"href":"https:\/\/www.alveria.it\/espanol\/wp-json\/wp\/v2\/users\/4"}],"replies":[{"embeddable":true,"href":"https:\/\/www.alveria.it\/espanol\/wp-json\/wp\/v2\/comments?post=321"}],"version-history":[{"count":2,"href":"https:\/\/www.alveria.it\/espanol\/wp-json\/wp\/v2\/pages\/321\/revisions"}],"predecessor-version":[{"id":1534,"href":"https:\/\/www.alveria.it\/espanol\/wp-json\/wp\/v2\/pages\/321\/revisions\/1534"}],"wp:featuredmedia":[{"embeddable":true,"href":"https:\/\/www.alveria.it\/espanol\/wp-json\/wp\/v2\/media\/323"}],"wp:attachment":[{"href":"https:\/\/www.alveria.it\/espanol\/wp-json\/wp\/v2\/media?parent=321"}],"curies":[{"name":"wp","href":"https:\/\/api.w.org\/{rel}","templated":true}]}}