{"id":218,"date":"2023-09-22T13:12:52","date_gmt":"2023-09-22T13:12:52","guid":{"rendered":"https:\/\/www.alveria.it\/?page_id=218"},"modified":"2025-05-07T12:08:05","modified_gmt":"2025-05-07T12:08:05","slug":"orientacion-y-tutoria","status":"publish","type":"page","link":"https:\/\/www.alveria.it\/espanol\/formacion\/personas-y-desarrollo-directivo-162\/orientacion-y-tutoria\/","title":{"rendered":"ORIENTACI\u00d3N Y TUTOR\u00cdA"},"content":{"rendered":"<p>ORIENTACI\u00d3N Y TUTOR\u00cdA<\/p>\n<p>[aioseo_breadcrumbs]<\/p>\n<ul>\n<li>| PRESENCIAL Y EN L\u00cdNEA<\/li>\n<li>HABILIDADES AVANZADAS<\/li>\n<li>3 M\u00d3DULOS<\/li>\n<\/ul>\n<h3 class=\"title\">INVERTIR EN LA FORMACI\u00d3N DE LOS RECURSOS Y FOMENTAR SU CRECIMIENTO ES LA CLAVE PARA LLEVAR A CABO CON \u00c9XITO LA PROPIA MISI\u00d3N<\/h3>\n<h3 class=\"title\">OBJETIVOS<\/h3>\n<p style=\"text-align: center;\">Alveria apoya a los gestores de HR en el desarrollo de <strong>Cursos de coaching y mentoring, <\/strong>individuales y de equipo, destinadas a\u00a0<strong>Director<\/strong>\u00a0e\u00a0<strong>Profesional<\/strong>\u00a0que deseen desarrollar y aumentar sus competencias de forma espec\u00edfica y eficaz a partir de necesidades concretas de profundizaci\u00f3n, mediante el di\u00e1logo directo con el asesor pedag\u00f3gico.<\/p>\n<h3>PROGRAMA<\/h3>\n<p style=\"text-align: left;\"><strong>M\u00f3dulo 1<\/strong><\/p>\n<ul class=\"mfn-list mfn-list-left mfn-list-middle\">\n<li class=\"mfn-list-item\" style=\"counter-set: my-sec-counter 0;\"><span class=\"mfn-list-desc\">El coaching como herramienta de formaci\u00f3n y crecimiento<\/span><\/li>\n<li class=\"mfn-list-item\"><span class=\"mfn-list-desc\">Identificar el nivel de autonom\u00eda de los empleados en funci\u00f3n de la tarea y adaptar el comportamiento de los directivos.<\/span><\/li>\n<li class=\"mfn-list-item\"><span class=\"mfn-list-desc\">Estilos<\/span><\/li>\n<li class=\"mfn-list-item\"><span class=\"mfn-list-desc\">C\u00f3mo proponer coaching a los compa\u00f1eros de trabajo<\/span><\/li>\n<\/ul>\n<p style=\"text-align: left;\"><strong>M\u00f3dulo 2<\/strong><\/p>\n<ul class=\"mfn-list mfn-list-left mfn-list-middle\">\n<li class=\"mfn-list-item\" style=\"counter-set: my-sec-counter 0;\"><span class=\"mfn-list-desc\">Ser un entrenador eficaz<\/span><\/li>\n<li class=\"mfn-list-item\"><span class=\"mfn-list-desc\">Estudio del perfil y las \u00e1reas de mejora de los empleados y preparaci\u00f3n de un plan de coaching<\/span><\/li>\n<li class=\"mfn-list-item\"><span class=\"mfn-list-desc\">Realizaci\u00f3n de entrevistas de coaching y gesti\u00f3n del feedback<\/span><\/li>\n<li class=\"mfn-list-item\"><span class=\"mfn-list-desc\">Ayudar a los empleados a gestionar la dimensi\u00f3n emocional y las situaciones dif\u00edciles<\/span><\/li>\n<\/ul>\n<p style=\"text-align: left;\"><strong>M\u00f3dulo 3<\/strong><\/p>\n<ul class=\"mfn-list mfn-list-left mfn-list-middle\">\n<li class=\"mfn-list-item\" style=\"counter-set: my-sec-counter 0;\"><span class=\"mfn-list-desc\">Apoyar a los empleados en los procesos de cambio<\/span><\/li>\n<li class=\"mfn-list-item\"><span class=\"mfn-list-desc\">Elaborar un plan de desarrollo personal<\/span><\/li>\n<li class=\"mfn-list-item\"><span class=\"mfn-list-desc\">Desarrollar una cultura de crecimiento profesional en el equipo<\/span><\/li>\n<\/ul>\n<h3 class=\"title\">PEDAGOG\u00cdA<\/h3>\n<p style=\"text-align: center;\">El curso es eminentemente pr\u00e1ctico. La did\u00e1ctica contempla la alternancia continua de momentos te\u00f3ricos y pr\u00e1cticos con juegos de rol, simulaciones y ejercicios.<\/p>\n<h3 class=\"title\">RECIPIENTES<\/h3>\n<p style=\"text-align: center;\"><strong>Director<\/strong>\u00a0e\u00a0<strong>Profesional<\/strong><\/p>\n<h3 class=\"title\">MATERIALES DE FORMACI\u00d3N<\/h3>\n<p style=\"text-align: center;\">Videoconferencias y material did\u00e1ctico<\/p>\n<h6 class=\"title\"><a href=\"https:\/\/www.hcms.it\/contatti\/\">CONSULTOR\u00cdA<\/a>FORMACI\u00d3N EN DIGITALIZACI\u00d3N DE LA RRHH Y SOLUCIONES EMPRESARIALES DESCUBRA EL M\u00c9TODO ALVERIA Y PREP\u00c1RESE PARA EL CAMBIO.<\/h6>\n<p><a class=\"button  button_size_2 button_dark\" title=\"\" href=\"\/espanol\/contactos\/\"><span class=\"button_label\">SOLICITAR M\u00c1S INFORMACI\u00d3N<\/span><\/a><\/p>","protected":false},"excerpt":{"rendered":"<p>COACHING E MENTORING [aioseo_breadcrumbs] | IN PRESENZA E ONLINE COMPETENZE AVANZATE 3 MODULI INVESTIRE SULLA FORMAZIONE DELLE RISORSE ED INCENTIVARNE LA CRESCITA \u00c8 LA CHIAVE PER<span class=\"excerpt-hellip\"> [...]<\/span><\/p>","protected":false},"author":4,"featured_media":740,"parent":162,"menu_order":0,"comment_status":"open","ping_status":"closed","template":"","meta":{"iawp_total_views":42,"footnotes":""},"class_list":["post-218","page","type-page","status-publish","has-post-thumbnail","hentry"],"yoast_head":"<!-- This site is optimized with the Yoast SEO plugin v25.1 - https:\/\/yoast.com\/wordpress\/plugins\/seo\/ -->\n<title>COACHING E MENTORING<\/title>\n<meta name=\"description\" content=\"Alveria offre percorsi di Coaching e Mentoring per Manager e Professional, in presenza e online, con 3 moduli di competenze avanzate.\" \/>\n<meta name=\"robots\" content=\"index, follow, max-snippet:-1, max-image-preview:large, max-video-preview:-1\" \/>\n<link rel=\"canonical\" href=\"https:\/\/www.alveria.it\/espanol\/formacion\/personas-y-desarrollo-directivo\/orientacion-y-tutoria\/\" \/>\n<meta property=\"og:locale\" content=\"es_ES\" \/>\n<meta property=\"og:type\" content=\"article\" \/>\n<meta property=\"og:title\" content=\"COACHING E MENTORING\" \/>\n<meta property=\"og:description\" content=\"Alveria offre percorsi di Coaching e Mentoring per Manager e Professional, in presenza e online, con 3 moduli di competenze avanzate.\" \/>\n<meta property=\"og:url\" content=\"https:\/\/www.alveria.it\/espanol\/formacion\/personas-y-desarrollo-directivo\/orientacion-y-tutoria\/\" \/>\n<meta property=\"og:site_name\" content=\"Alveria - Consulting, Training and Solutions\" \/>\n<meta property=\"article:modified_time\" content=\"2025-05-07T12:08:05+00:00\" \/>\n<meta property=\"og:image\" content=\"https:\/\/www.alveria.it\/wp-content\/uploads\/2023\/09\/Coaching-Mentoring-virata.jpg\" \/>\n\t<meta property=\"og:image:width\" content=\"1920\" \/>\n\t<meta property=\"og:image:height\" content=\"1080\" \/>\n\t<meta property=\"og:image:type\" content=\"image\/jpeg\" \/>\n<meta name=\"twitter:card\" content=\"summary_large_image\" \/>\n<meta name=\"twitter:label1\" content=\"Tiempo de lectura\" \/>\n\t<meta name=\"twitter:data1\" content=\"2 minutos\" \/>\n<script type=\"application\/ld+json\" class=\"yoast-schema-graph\">{\"@context\":\"https:\/\/schema.org\",\"@graph\":[{\"@type\":\"WebPage\",\"@id\":\"https:\/\/www.alveria.it\/formazione\/people-e-managerial-development\/coaching-e-mentoring\/\",\"url\":\"https:\/\/www.alveria.it\/formazione\/people-e-managerial-development\/coaching-e-mentoring\/\",\"name\":\"COACHING E MENTORING\",\"isPartOf\":{\"@id\":\"https:\/\/www.alveria.it\/#website\"},\"primaryImageOfPage\":{\"@id\":\"https:\/\/www.alveria.it\/formazione\/people-e-managerial-development\/coaching-e-mentoring\/#primaryimage\"},\"image\":{\"@id\":\"https:\/\/www.alveria.it\/formazione\/people-e-managerial-development\/coaching-e-mentoring\/#primaryimage\"},\"thumbnailUrl\":\"https:\/\/www.alveria.it\/wp-content\/uploads\/2023\/09\/Coaching-Mentoring-virata.jpg\",\"datePublished\":\"2023-09-22T13:12:52+00:00\",\"dateModified\":\"2025-05-07T12:08:05+00:00\",\"description\":\"Alveria offre percorsi di Coaching e Mentoring per Manager e Professional, in presenza e online, con 3 moduli di competenze avanzate.\",\"breadcrumb\":{\"@id\":\"https:\/\/www.alveria.it\/formazione\/people-e-managerial-development\/coaching-e-mentoring\/#breadcrumb\"},\"inLanguage\":\"es\",\"potentialAction\":[{\"@type\":\"ReadAction\",\"target\":[\"https:\/\/www.alveria.it\/formazione\/people-e-managerial-development\/coaching-e-mentoring\/\"]}]},{\"@type\":\"ImageObject\",\"inLanguage\":\"es\",\"@id\":\"https:\/\/www.alveria.it\/formazione\/people-e-managerial-development\/coaching-e-mentoring\/#primaryimage\",\"url\":\"https:\/\/www.alveria.it\/wp-content\/uploads\/2023\/09\/Coaching-Mentoring-virata.jpg\",\"contentUrl\":\"https:\/\/www.alveria.it\/wp-content\/uploads\/2023\/09\/Coaching-Mentoring-virata.jpg\",\"width\":1920,\"height\":1080},{\"@type\":\"BreadcrumbList\",\"@id\":\"https:\/\/www.alveria.it\/formazione\/people-e-managerial-development\/coaching-e-mentoring\/#breadcrumb\",\"itemListElement\":[{\"@type\":\"ListItem\",\"position\":1,\"name\":\"Home\",\"item\":\"https:\/\/www.alveria.it\/\"},{\"@type\":\"ListItem\",\"position\":2,\"name\":\"FORMAZIONE\",\"item\":\"https:\/\/www.alveria.it\/formazione\/\"},{\"@type\":\"ListItem\",\"position\":3,\"name\":\"PEOPLE E MANAGERIAL DEVELOPMENT\",\"item\":\"https:\/\/www.alveria.it\/formazione\/people-e-managerial-development\/\"},{\"@type\":\"ListItem\",\"position\":4,\"name\":\"COACHING E MENTORING\"}]},{\"@type\":\"WebSite\",\"@id\":\"https:\/\/www.alveria.it\/#website\",\"url\":\"https:\/\/www.alveria.it\/\",\"name\":\"Alveria - Consulting, Training and Solutions\",\"description\":\"Alveria - Consulting, Training and Solutions\",\"publisher\":{\"@id\":\"https:\/\/www.alveria.it\/#organization\"},\"potentialAction\":[{\"@type\":\"SearchAction\",\"target\":{\"@type\":\"EntryPoint\",\"urlTemplate\":\"https:\/\/www.alveria.it\/?s={search_term_string}\"},\"query-input\":{\"@type\":\"PropertyValueSpecification\",\"valueRequired\":true,\"valueName\":\"search_term_string\"}}],\"inLanguage\":\"es\"},{\"@type\":\"Organization\",\"@id\":\"https:\/\/www.alveria.it\/#organization\",\"name\":\"Alveria - Consulting, Training and Solutions\",\"url\":\"https:\/\/www.alveria.it\/\",\"logo\":{\"@type\":\"ImageObject\",\"inLanguage\":\"es\",\"@id\":\"https:\/\/www.alveria.it\/#\/schema\/logo\/image\/\",\"url\":\"https:\/\/www.alveria.it\/wp-content\/uploads\/2023\/12\/logo_alveria_normal.svg\",\"contentUrl\":\"https:\/\/www.alveria.it\/wp-content\/uploads\/2023\/12\/logo_alveria_normal.svg\",\"caption\":\"Alveria - Consulting, Training and Solutions\"},\"image\":{\"@id\":\"https:\/\/www.alveria.it\/#\/schema\/logo\/image\/\"}}]}<\/script>\n<!-- \/ Yoast SEO plugin. -->","yoast_head_json":{"title":"COACHING E MENTORING","description":"Alveria offre percorsi di Coaching e Mentoring per Manager e Professional, in presenza e online, con 3 moduli di competenze avanzate.","robots":{"index":"index","follow":"follow","max-snippet":"max-snippet:-1","max-image-preview":"max-image-preview:large","max-video-preview":"max-video-preview:-1"},"canonical":"https:\/\/www.alveria.it\/espanol\/formacion\/personas-y-desarrollo-directivo\/orientacion-y-tutoria\/","og_locale":"es_ES","og_type":"article","og_title":"COACHING E MENTORING","og_description":"Alveria offre percorsi di Coaching e Mentoring per Manager e Professional, in presenza e online, con 3 moduli di competenze avanzate.","og_url":"https:\/\/www.alveria.it\/espanol\/formacion\/personas-y-desarrollo-directivo\/orientacion-y-tutoria\/","og_site_name":"Alveria - Consulting, Training and Solutions","article_modified_time":"2025-05-07T12:08:05+00:00","og_image":[{"width":1920,"height":1080,"url":"https:\/\/www.alveria.it\/wp-content\/uploads\/2023\/09\/Coaching-Mentoring-virata.jpg","type":"image\/jpeg"}],"twitter_card":"summary_large_image","twitter_misc":{"Tiempo de lectura":"2 minutos"},"schema":{"@context":"https:\/\/schema.org","@graph":[{"@type":"WebPage","@id":"https:\/\/www.alveria.it\/formazione\/people-e-managerial-development\/coaching-e-mentoring\/","url":"https:\/\/www.alveria.it\/formazione\/people-e-managerial-development\/coaching-e-mentoring\/","name":"COACHING E MENTORING","isPartOf":{"@id":"https:\/\/www.alveria.it\/#website"},"primaryImageOfPage":{"@id":"https:\/\/www.alveria.it\/formazione\/people-e-managerial-development\/coaching-e-mentoring\/#primaryimage"},"image":{"@id":"https:\/\/www.alveria.it\/formazione\/people-e-managerial-development\/coaching-e-mentoring\/#primaryimage"},"thumbnailUrl":"https:\/\/www.alveria.it\/wp-content\/uploads\/2023\/09\/Coaching-Mentoring-virata.jpg","datePublished":"2023-09-22T13:12:52+00:00","dateModified":"2025-05-07T12:08:05+00:00","description":"Alveria offre percorsi di Coaching e Mentoring per Manager e Professional, in presenza e online, con 3 moduli di competenze avanzate.","breadcrumb":{"@id":"https:\/\/www.alveria.it\/formazione\/people-e-managerial-development\/coaching-e-mentoring\/#breadcrumb"},"inLanguage":"es","potentialAction":[{"@type":"ReadAction","target":["https:\/\/www.alveria.it\/formazione\/people-e-managerial-development\/coaching-e-mentoring\/"]}]},{"@type":"ImageObject","inLanguage":"es","@id":"https:\/\/www.alveria.it\/formazione\/people-e-managerial-development\/coaching-e-mentoring\/#primaryimage","url":"https:\/\/www.alveria.it\/wp-content\/uploads\/2023\/09\/Coaching-Mentoring-virata.jpg","contentUrl":"https:\/\/www.alveria.it\/wp-content\/uploads\/2023\/09\/Coaching-Mentoring-virata.jpg","width":1920,"height":1080},{"@type":"BreadcrumbList","@id":"https:\/\/www.alveria.it\/formazione\/people-e-managerial-development\/coaching-e-mentoring\/#breadcrumb","itemListElement":[{"@type":"ListItem","position":1,"name":"Home","item":"https:\/\/www.alveria.it\/"},{"@type":"ListItem","position":2,"name":"FORMAZIONE","item":"https:\/\/www.alveria.it\/formazione\/"},{"@type":"ListItem","position":3,"name":"PEOPLE E MANAGERIAL DEVELOPMENT","item":"https:\/\/www.alveria.it\/formazione\/people-e-managerial-development\/"},{"@type":"ListItem","position":4,"name":"COACHING E MENTORING"}]},{"@type":"WebSite","@id":"https:\/\/www.alveria.it\/#website","url":"https:\/\/www.alveria.it\/","name":"Alveria - Consulting, Training and Solutions","description":"Alveria - Consulting, Training and Solutions","publisher":{"@id":"https:\/\/www.alveria.it\/#organization"},"potentialAction":[{"@type":"SearchAction","target":{"@type":"EntryPoint","urlTemplate":"https:\/\/www.alveria.it\/?s={search_term_string}"},"query-input":{"@type":"PropertyValueSpecification","valueRequired":true,"valueName":"search_term_string"}}],"inLanguage":"es"},{"@type":"Organization","@id":"https:\/\/www.alveria.it\/#organization","name":"Alveria - Consulting, Training and Solutions","url":"https:\/\/www.alveria.it\/","logo":{"@type":"ImageObject","inLanguage":"es","@id":"https:\/\/www.alveria.it\/#\/schema\/logo\/image\/","url":"https:\/\/www.alveria.it\/wp-content\/uploads\/2023\/12\/logo_alveria_normal.svg","contentUrl":"https:\/\/www.alveria.it\/wp-content\/uploads\/2023\/12\/logo_alveria_normal.svg","caption":"Alveria - Consulting, Training and Solutions"},"image":{"@id":"https:\/\/www.alveria.it\/#\/schema\/logo\/image\/"}}]}},"_links":{"self":[{"href":"https:\/\/www.alveria.it\/espanol\/wp-json\/wp\/v2\/pages\/218","targetHints":{"allow":["GET"]}}],"collection":[{"href":"https:\/\/www.alveria.it\/espanol\/wp-json\/wp\/v2\/pages"}],"about":[{"href":"https:\/\/www.alveria.it\/espanol\/wp-json\/wp\/v2\/types\/page"}],"author":[{"embeddable":true,"href":"https:\/\/www.alveria.it\/espanol\/wp-json\/wp\/v2\/users\/4"}],"replies":[{"embeddable":true,"href":"https:\/\/www.alveria.it\/espanol\/wp-json\/wp\/v2\/comments?post=218"}],"version-history":[{"count":7,"href":"https:\/\/www.alveria.it\/espanol\/wp-json\/wp\/v2\/pages\/218\/revisions"}],"predecessor-version":[{"id":1863,"href":"https:\/\/www.alveria.it\/espanol\/wp-json\/wp\/v2\/pages\/218\/revisions\/1863"}],"up":[{"embeddable":true,"href":"https:\/\/www.alveria.it\/espanol\/wp-json\/wp\/v2\/pages\/162"}],"wp:featuredmedia":[{"embeddable":true,"href":"https:\/\/www.alveria.it\/espanol\/wp-json\/wp\/v2\/media\/740"}],"wp:attachment":[{"href":"https:\/\/www.alveria.it\/espanol\/wp-json\/wp\/v2\/media?parent=218"}],"curies":[{"name":"wp","href":"https:\/\/api.w.org\/{rel}","templated":true}]}}