{"id":2068,"date":"2025-09-11T14:29:25","date_gmt":"2025-09-11T14:29:25","guid":{"rendered":"https:\/\/www.alveria.it\/?page_id=2068"},"modified":"2025-09-30T12:04:16","modified_gmt":"2025-09-30T12:04:16","slug":"politica-integrada-de-seguridad-y-medio-ambiente-2068","status":"publish","type":"page","link":"https:\/\/www.alveria.it\/espanol\/politica-integrata-sicurezza-e-ambiente-2068\/","title":{"rendered":"POL\u00cdTICA INTEGRADA DE SEGURIDAD Y MEDIO AMBIENTE"},"content":{"rendered":"<p>Pol\u00edtica integrada de seguridad y medio ambiente<\/p>\n<h2 class=\"title\">POL\u00cdTICA INTEGRADA DE SEGURIDAD Y MEDIO AMBIENTE<\/h2>\n<p>Alveria S.r.l. opera desde 2010 como empresa de consultor\u00eda, en el \u00e1mbito de la organizaci\u00f3n y el desarrollo de los recursos humanos, y aporta su experiencia para apoyar a las empresas en complejos procesos de transformaci\u00f3n. Por lo tanto, Alveria est\u00e1 fuertemente comprometida con la plena satisfacci\u00f3n de Clientes, Proveedores, Trabajadores y el cumplimiento de la legislaci\u00f3n vigente en materia de protecci\u00f3n de la salud y la seguridad de los trabajadores y el respeto del medio ambiente, y ha adoptado un Sistema de Gesti\u00f3n de Calidad, Medio Ambiente y Seguridad en l\u00ednea con: - UNI ENI ISO 14001:2015 (Medio Ambiente) - UNI EN ISO 9001:2015 (Calidad) - UNI EN ISO 45001:2018 (Salud y Seguridad).<\/p>\n<p>La Direcci\u00f3n General de la empresa declara su intenci\u00f3n de operar seg\u00fan procesos dedicados a un \"Sistema de Gesti\u00f3n Integrado\" que abarque a lo largo del tiempo, la Calidad, el Medio Ambiente y la Seguridad, as\u00ed como la seguridad inform\u00e1tica. Para ello, se considera fundamental la mejora continua de los procesos de gesti\u00f3n interna, operando de acuerdo con el Sistema de Gesti\u00f3n de Calidad, Medio Ambiente y Seguridad y Salud en el Trabajo seg\u00fan las normas UNI ISO 9001:2015, ISO 14001:2015 e ISO 45001:2018; estos Sistemas y sus resultados se consideran parte integrante de la gesti\u00f3n de la empresa. En aplicaci\u00f3n de la Directiva NIS 2 que entrar\u00e1 en funcionamiento y operativa a partir del pr\u00f3ximo mes de octubre, que introduce en el ordenamiento jur\u00eddico la \"responsabilidad\" por omisi\u00f3n y ejecuci\u00f3n de los relativos cumplimientos de las personas f\u00edsicas como administradores, Alveria, adopta esta pol\u00edtica integrada para facilitar la elaboraci\u00f3n de su propio modelo de organizaci\u00f3n, gesti\u00f3n y control, con referencia a lo que adoptar\u00e1 la Directiva NIS 2.<\/p>\n<p>Para demostrar su liderazgo y compromiso con sus Sistemas de Gesti\u00f3n de la Calidad, la Direcci\u00f3n garantiza la consecuci\u00f3n de sus resultados dentro de los propios sistemas, asegura la disponibilidad de los recursos necesarios, comunica la importancia de una gesti\u00f3n eficaz de la calidad, el medio ambiente y la seguridad, y apoya a su personal para que contribuya a su eficacia. La Direcci\u00f3n tambi\u00e9n considera prioritaria la difusi\u00f3n de la cultura de la calidad, el respeto y la protecci\u00f3n del medio ambiente y la atenci\u00f3n a la salud y la seguridad en el trabajo, para el crecimiento de la empresa y de todas las partes interesadas con las que interact\u00faa directa o indirectamente. La Calidad del servicio, alcanzada por Alveria S.r.l. a trav\u00e9s del compromiso constante en todos los procesos de la empresa, es considerada por la Direcci\u00f3n como la clave para alcanzar posiciones de preeminencia en el mercado.<\/p>\n<p>La direcci\u00f3n se compromete a cumplir la legislaci\u00f3n medioambiental y de seguridad laboral y a buscar la mejora continua de su rendimiento empresarial mediante la supervisi\u00f3n constante de sus aspectos medioambientales directos e indirectos.<\/p>\n<p>El Sistema se basa en los siguientes principios:<\/p>\n<ul>\n<li>participar directamente en el desarrollo de los sistemas, la calidad, el medio ambiente y la seguridad, en particular mediante objetivos anuales de mejora mensurables;<\/li>\n<li>Garantizar y controlar la satisfacci\u00f3n de los clientes y prestarles servicios que respondan a sus necesidades;<\/li>\n<li>implicar plenamente a todas las personas que trabajan en inter\u00e9s de Alveria y concienciarlas de la influencia que sus acciones tienen en la calidad de los servicios prestados, as\u00ed como en los aspectos medioambientales significativos y los riesgos para la salud y la seguridad asociados a su trabajo, especialmente en lo que respecta al personal del cliente;<\/li>\n<li>compromiso con la prevenci\u00f3n de accidentes y de lesiones y enfermedades profesionales para proteger la salud y la seguridad de los trabajadores de la empresa;<\/li>\n<li>comprometerse a garantizar la participaci\u00f3n y la consulta de todos los trabajadores presentes sobre cuestiones de salud y seguridad;<\/li>\n<li>Existen disposiciones para garantizar que los proveedores\/contratistas que trabajan en nombre de la empresa aplican las normas medioambientales y de seguridad de conformidad con los procedimientos de la empresa;<\/li>\n<li>basar la relaci\u00f3n con los clientes en la mayor cooperaci\u00f3n posible;<\/li>\n<li>informar a clientes, proveedores, comunidades y autoridades sobre su marco medioambiental y de salud y seguridad;<\/li>\n<li>utilizan las tecnolog\u00edas m\u00e1s avanzadas para garantizar la mejor experiencia de usuario y las soluciones m\u00e1s escalables;<\/li>\n<li>Fomentar el cambio creando l\u00edderes preparados para entrar en el mundo digital profesional, siempre en busca de nuevas soluciones tecnol\u00f3gicamente avanzadas;<\/li>\n<li>Evaluar por adelantado las repercusiones medioambientales y las implicaciones para la salud y la seguridad de los trabajadores de las nuevas actividades y procesos;<\/li>\n<li>implantar, siempre que sea posible, tecnolog\u00edas aplicadas que ofrezcan una mayor reducci\u00f3n del impacto medioambiental y ofrezcan una mayor protecci\u00f3n de la salud y la seguridad;<\/li>\n<li>controlar y reducir su consumo de electricidad siempre que sea posible;<\/li>\n<li>contener y reducir las emisiones atmosf\u00e9ricas al medio ambiente exterior;<\/li>\n<li>comprobar peri\u00f3dicamente los Sistemas de Gesti\u00f3n de la Calidad analizando las no conformidades encontradas;<\/li>\n<li>comprobar, analizar e investigar los cuasi accidentes que puedan haberse producido para aplicar medidas con vistas a una mejora continua;<\/li>\n<li>garantizar la comunicaci\u00f3n interna y externa para establecer relaciones directas con los trabajadores, los clientes y, en general, si es necesario, con el p\u00fablico;<\/li>\n<li>garantizar la cooperaci\u00f3n con las autoridades p\u00fablicas y los organismos de control;<\/li>\n<li>prevenir y gestionar con prontitud cualquier tipo de incidente de seguridad medioambiental e inform\u00e1tica, mediante la aplicaci\u00f3n de procedimientos de prevenci\u00f3n e intervenci\u00f3n.<\/li>\n<\/ul>\n<p>La difusi\u00f3n y aplicaci\u00f3n de estos principios en toda la empresa est\u00e1 garantizada por el compromiso constante de la direcci\u00f3n.<\/p>\n<p>Actualizado el 30 de enero de 2024<\/p>\n<h6 class=\"title\">CONSULTOR\u00cdA, FORMACI\u00d3N EN DIGITALIZACI\u00d3N DE HR Y SOLUCIONES EMPRESARIALES DESCUBRA EL M\u00c9TODO ALVERIA Y PREP\u00c1RESE PARA EL CAMBIO.<\/h6>\n<p><a class=\"button  button_size_2 button_dark\" title=\"\" href=\"\/espanol\/contactos\/\"><span class=\"button_label\">SOLICITAR M\u00c1S INFORMACI\u00d3N<\/span><\/a><\/p>","protected":false},"excerpt":{"rendered":"<p>Politica integrata sicurezza e ambiente POLITICA INTEGRATA SICUREZZA E AMBIENTE Alveria S.r.l. opera dal 2010 come societ&agrave; di consulenza, nell&rsquo;ambito di organizzazione e sviluppo delle risorse<span class=\"excerpt-hellip\"> [\u2026]<\/span><\/p>\n","protected":false},"author":1,"featured_media":1021,"parent":0,"menu_order":0,"comment_status":"open","ping_status":"closed","template":"","meta":{"iawp_total_views":62,"footnotes":""},"class_list":["post-2068","page","type-page","status-publish","has-post-thumbnail","hentry"],"yoast_head":"<!-- This site is optimized with the Yoast SEO plugin v27.5 - https:\/\/yoast.com\/product\/yoast-seo-wordpress\/ -->\n<title>POLITICA INTEGRATA SICUREZZA E AMBIENTE<\/title>\n<meta name=\"description\" content=\"Politica integrata sicurezza e ambiente POLITICA INTEGRATA SICUREZZA E AMBIENTE Alveria S.r.l. opera dal 2010 come societ&agrave; di consulenza,\" \/>\n<meta name=\"robots\" content=\"index, follow, max-snippet:-1, max-image-preview:large, max-video-preview:-1\" \/>\n<link rel=\"canonical\" href=\"https:\/\/www.alveria.it\/espanol\/politica-integrata-sicurezza-e-ambiente\/\" \/>\n<meta property=\"og:locale\" content=\"es_ES\" \/>\n<meta property=\"og:type\" content=\"article\" \/>\n<meta property=\"og:title\" content=\"POLITICA INTEGRATA SICUREZZA E AMBIENTE\" \/>\n<meta property=\"og:description\" content=\"Politica integrata sicurezza e ambiente POLITICA INTEGRATA SICUREZZA E AMBIENTE Alveria S.r.l. opera dal 2010 come societ&agrave; di consulenza,\" \/>\n<meta property=\"og:url\" content=\"https:\/\/www.alveria.it\/espanol\/politica-integrata-sicurezza-e-ambiente\/\" \/>\n<meta property=\"og:site_name\" content=\"Alveria - Consulting, Training and Solutions\" \/>\n<meta property=\"article:modified_time\" content=\"2025-09-30T12:04:16+00:00\" \/>\n<meta property=\"og:image\" content=\"https:\/\/www.alveria.it\/wp-content\/uploads\/2023\/10\/Alveria-policy-virata.jpg\" \/>\n\t<meta property=\"og:image:width\" content=\"1920\" \/>\n\t<meta property=\"og:image:height\" content=\"1080\" \/>\n\t<meta property=\"og:image:type\" content=\"image\/jpeg\" \/>\n<meta name=\"twitter:card\" content=\"summary_large_image\" \/>\n<meta name=\"twitter:label1\" content=\"Tiempo de lectura\" \/>\n\t<meta name=\"twitter:data1\" content=\"5 minutos\" \/>\n<script type=\"application\/ld+json\" class=\"yoast-schema-graph\">{\"@context\":\"https:\\\/\\\/schema.org\",\"@graph\":[{\"@type\":\"WebPage\",\"@id\":\"https:\\\/\\\/www.alveria.it\\\/politica-integrata-sicurezza-e-ambiente\\\/\",\"url\":\"https:\\\/\\\/www.alveria.it\\\/politica-integrata-sicurezza-e-ambiente\\\/\",\"name\":\"POLITICA INTEGRATA SICUREZZA E AMBIENTE\",\"isPartOf\":{\"@id\":\"https:\\\/\\\/www.alveria.it\\\/#website\"},\"primaryImageOfPage\":{\"@id\":\"https:\\\/\\\/www.alveria.it\\\/politica-integrata-sicurezza-e-ambiente\\\/#primaryimage\"},\"image\":{\"@id\":\"https:\\\/\\\/www.alveria.it\\\/politica-integrata-sicurezza-e-ambiente\\\/#primaryimage\"},\"thumbnailUrl\":\"https:\\\/\\\/www.alveria.it\\\/wp-content\\\/uploads\\\/2023\\\/10\\\/Alveria-policy-virata.jpg\",\"datePublished\":\"2025-09-11T14:29:25+00:00\",\"dateModified\":\"2025-09-30T12:04:16+00:00\",\"description\":\"Politica integrata sicurezza e ambiente POLITICA INTEGRATA SICUREZZA E AMBIENTE Alveria S.r.l. opera dal 2010 come societ&agrave; di consulenza,\",\"breadcrumb\":{\"@id\":\"https:\\\/\\\/www.alveria.it\\\/politica-integrata-sicurezza-e-ambiente\\\/#breadcrumb\"},\"inLanguage\":\"es\",\"potentialAction\":[{\"@type\":\"ReadAction\",\"target\":[\"https:\\\/\\\/www.alveria.it\\\/politica-integrata-sicurezza-e-ambiente\\\/\"]}]},{\"@type\":\"ImageObject\",\"inLanguage\":\"es\",\"@id\":\"https:\\\/\\\/www.alveria.it\\\/politica-integrata-sicurezza-e-ambiente\\\/#primaryimage\",\"url\":\"https:\\\/\\\/www.alveria.it\\\/wp-content\\\/uploads\\\/2023\\\/10\\\/Alveria-policy-virata.jpg\",\"contentUrl\":\"https:\\\/\\\/www.alveria.it\\\/wp-content\\\/uploads\\\/2023\\\/10\\\/Alveria-policy-virata.jpg\",\"width\":1920,\"height\":1080},{\"@type\":\"BreadcrumbList\",\"@id\":\"https:\\\/\\\/www.alveria.it\\\/politica-integrata-sicurezza-e-ambiente\\\/#breadcrumb\",\"itemListElement\":[{\"@type\":\"ListItem\",\"position\":1,\"name\":\"Home\",\"item\":\"https:\\\/\\\/www.alveria.it\\\/\"},{\"@type\":\"ListItem\",\"position\":2,\"name\":\"POLITICA INTEGRATA SICUREZZA E AMBIENTE\"}]},{\"@type\":\"WebSite\",\"@id\":\"https:\\\/\\\/www.alveria.it\\\/#website\",\"url\":\"https:\\\/\\\/www.alveria.it\\\/\",\"name\":\"Alveria - Consulting, Training and Solutions\",\"description\":\"Alveria - Consulting, Training and Solutions\",\"publisher\":{\"@id\":\"https:\\\/\\\/www.alveria.it\\\/#organization\"},\"potentialAction\":[{\"@type\":\"SearchAction\",\"target\":{\"@type\":\"EntryPoint\",\"urlTemplate\":\"https:\\\/\\\/www.alveria.it\\\/?s={search_term_string}\"},\"query-input\":{\"@type\":\"PropertyValueSpecification\",\"valueRequired\":true,\"valueName\":\"search_term_string\"}}],\"inLanguage\":\"es\"},{\"@type\":\"Organization\",\"@id\":\"https:\\\/\\\/www.alveria.it\\\/#organization\",\"name\":\"Alveria - Consulting, Training and Solutions\",\"url\":\"https:\\\/\\\/www.alveria.it\\\/\",\"logo\":{\"@type\":\"ImageObject\",\"inLanguage\":\"es\",\"@id\":\"https:\\\/\\\/www.alveria.it\\\/#\\\/schema\\\/logo\\\/image\\\/\",\"url\":\"https:\\\/\\\/www.alveria.it\\\/wp-content\\\/uploads\\\/2023\\\/12\\\/logo_alveria_normal.svg\",\"contentUrl\":\"https:\\\/\\\/www.alveria.it\\\/wp-content\\\/uploads\\\/2023\\\/12\\\/logo_alveria_normal.svg\",\"caption\":\"Alveria - Consulting, Training and Solutions\"},\"image\":{\"@id\":\"https:\\\/\\\/www.alveria.it\\\/#\\\/schema\\\/logo\\\/image\\\/\"}}]}<\/script>\n<!-- \/ Yoast SEO plugin. -->","yoast_head_json":{"title":"POL\u00cdTICA INTEGRADA DE SEGURIDAD Y MEDIO AMBIENTE","description":"Pol\u00edtica integrada de seguridad y medio ambiente POL\u00cdTICA INTEGRADA DE SEGURIDAD Y MEDIO AMBIENTE Alveria S.r.l. opera como empresa de consultor\u00eda desde 2010,","robots":{"index":"index","follow":"follow","max-snippet":"max-snippet:-1","max-image-preview":"max-image-preview:large","max-video-preview":"max-video-preview:-1"},"canonical":"https:\/\/www.alveria.it\/espanol\/politica-integrata-sicurezza-e-ambiente\/","og_locale":"es_ES","og_type":"article","og_title":"POLITICA INTEGRATA SICUREZZA E AMBIENTE","og_description":"Politica integrata sicurezza e ambiente POLITICA INTEGRATA SICUREZZA E AMBIENTE Alveria S.r.l. opera dal 2010 come societ&agrave; di consulenza,","og_url":"https:\/\/www.alveria.it\/espanol\/politica-integrata-sicurezza-e-ambiente\/","og_site_name":"Alveria - Consulting, Training and Solutions","article_modified_time":"2025-09-30T12:04:16+00:00","og_image":[{"width":1920,"height":1080,"url":"https:\/\/www.alveria.it\/wp-content\/uploads\/2023\/10\/Alveria-policy-virata.jpg","type":"image\/jpeg"}],"twitter_card":"summary_large_image","twitter_misc":{"Tiempo de lectura":"5 minutos"},"schema":{"@context":"https:\/\/schema.org","@graph":[{"@type":"WebPage","@id":"https:\/\/www.alveria.it\/politica-integrata-sicurezza-e-ambiente\/","url":"https:\/\/www.alveria.it\/politica-integrata-sicurezza-e-ambiente\/","name":"POL\u00cdTICA INTEGRADA DE SEGURIDAD Y MEDIO AMBIENTE","isPartOf":{"@id":"https:\/\/www.alveria.it\/#website"},"primaryImageOfPage":{"@id":"https:\/\/www.alveria.it\/politica-integrata-sicurezza-e-ambiente\/#primaryimage"},"image":{"@id":"https:\/\/www.alveria.it\/politica-integrata-sicurezza-e-ambiente\/#primaryimage"},"thumbnailUrl":"https:\/\/www.alveria.it\/wp-content\/uploads\/2023\/10\/Alveria-policy-virata.jpg","datePublished":"2025-09-11T14:29:25+00:00","dateModified":"2025-09-30T12:04:16+00:00","description":"Pol\u00edtica integrada de seguridad y medio ambiente POL\u00cdTICA INTEGRADA DE SEGURIDAD Y MEDIO AMBIENTE Alveria S.r.l. opera como empresa de consultor\u00eda desde 2010,","breadcrumb":{"@id":"https:\/\/www.alveria.it\/politica-integrata-sicurezza-e-ambiente\/#breadcrumb"},"inLanguage":"es","potentialAction":[{"@type":"ReadAction","target":["https:\/\/www.alveria.it\/politica-integrata-sicurezza-e-ambiente\/"]}]},{"@type":"ImageObject","inLanguage":"es","@id":"https:\/\/www.alveria.it\/politica-integrata-sicurezza-e-ambiente\/#primaryimage","url":"https:\/\/www.alveria.it\/wp-content\/uploads\/2023\/10\/Alveria-policy-virata.jpg","contentUrl":"https:\/\/www.alveria.it\/wp-content\/uploads\/2023\/10\/Alveria-policy-virata.jpg","width":1920,"height":1080},{"@type":"BreadcrumbList","@id":"https:\/\/www.alveria.it\/politica-integrata-sicurezza-e-ambiente\/#breadcrumb","itemListElement":[{"@type":"ListItem","position":1,"name":"Home","item":"https:\/\/www.alveria.it\/"},{"@type":"ListItem","position":2,"name":"POLITICA INTEGRATA SICUREZZA E AMBIENTE"}]},{"@type":"WebSite","@id":"https:\/\/www.alveria.it\/#website","url":"https:\/\/www.alveria.it\/","name":"Alveria - Consultor\u00eda, formaci\u00f3n y soluciones","description":"Alveria - Consultor\u00eda, formaci\u00f3n y soluciones","publisher":{"@id":"https:\/\/www.alveria.it\/#organization"},"potentialAction":[{"@type":"SearchAction","target":{"@type":"EntryPoint","urlTemplate":"https:\/\/www.alveria.it\/?s={search_term_string}"},"query-input":{"@type":"PropertyValueSpecification","valueRequired":true,"valueName":"search_term_string"}}],"inLanguage":"es"},{"@type":"Organization","@id":"https:\/\/www.alveria.it\/#organization","name":"Alveria - Consultor\u00eda, formaci\u00f3n y soluciones","url":"https:\/\/www.alveria.it\/","logo":{"@type":"ImageObject","inLanguage":"es","@id":"https:\/\/www.alveria.it\/#\/schema\/logo\/image\/","url":"https:\/\/www.alveria.it\/wp-content\/uploads\/2023\/12\/logo_alveria_normal.svg","contentUrl":"https:\/\/www.alveria.it\/wp-content\/uploads\/2023\/12\/logo_alveria_normal.svg","caption":"Alveria - Consulting, Training and Solutions"},"image":{"@id":"https:\/\/www.alveria.it\/#\/schema\/logo\/image\/"}}]}},"_links":{"self":[{"href":"https:\/\/www.alveria.it\/espanol\/wp-json\/wp\/v2\/pages\/2068","targetHints":{"allow":["GET"]}}],"collection":[{"href":"https:\/\/www.alveria.it\/espanol\/wp-json\/wp\/v2\/pages"}],"about":[{"href":"https:\/\/www.alveria.it\/espanol\/wp-json\/wp\/v2\/types\/page"}],"author":[{"embeddable":true,"href":"https:\/\/www.alveria.it\/espanol\/wp-json\/wp\/v2\/users\/1"}],"replies":[{"embeddable":true,"href":"https:\/\/www.alveria.it\/espanol\/wp-json\/wp\/v2\/comments?post=2068"}],"version-history":[{"count":2,"href":"https:\/\/www.alveria.it\/espanol\/wp-json\/wp\/v2\/pages\/2068\/revisions"}],"predecessor-version":[{"id":2071,"href":"https:\/\/www.alveria.it\/espanol\/wp-json\/wp\/v2\/pages\/2068\/revisions\/2071"}],"wp:featuredmedia":[{"embeddable":true,"href":"https:\/\/www.alveria.it\/espanol\/wp-json\/wp\/v2\/media\/1021"}],"wp:attachment":[{"href":"https:\/\/www.alveria.it\/espanol\/wp-json\/wp\/v2\/media?parent=2068"}],"curies":[{"name":"wp","href":"https:\/\/api.w.org\/{rel}","templated":true}]}}