{"id":162,"date":"2023-09-21T15:50:10","date_gmt":"2023-09-21T15:50:10","guid":{"rendered":"https:\/\/www.alveria.it\/?page_id=162"},"modified":"2025-11-28T10:57:35","modified_gmt":"2025-11-28T10:57:35","slug":"personas-y-desarrollo-directivo-162","status":"publish","type":"page","link":"https:\/\/www.alveria.it\/espanol\/formacion\/personas-y-desarrollo-directivo-162\/","title":{"rendered":"PERSONAS Y DESARROLLO DIRECTIVO"},"content":{"rendered":"<p>Personas<\/p>\n<h3 class=\"title\">DAMOS A SU EMPRESA LAS RESPUESTAS QUE NECESITA PARA APOYAR SU EVOLUCI\u00d3N Y DESARROLLO<\/h3>\n<p style=\"text-align: center;\">Estamos preparados para guiarle en el camino del cambio ofreci\u00e9ndole todas las herramientas necesarias: consultor\u00eda de gesti\u00f3n, cursos de formaci\u00f3n a medida y tecnolog\u00edas de apoyo para implantar, acelerar y hacer efectivo el desarrollo de su organizaci\u00f3n.<\/p>\n<h3 style=\"text-align: center;\"><strong>DESCUBRA TODAS LAS SOLUCIONES A LAS QUE PUEDE ACCEDER<\/strong><\/h3>\n<p style=\"margin: 0px;\"><img decoding=\"async\" class=\"scale-with-grid\" title=\"\" src=\"\/wp-content\/uploads\/2023\/09\/People-Managerial-Development-coaching-mentoring-1.jpg\" alt=\"\" width=\"\" height=\"\" \/><\/p>\n<h4>ORIENTACI\u00d3N Y TUTOR\u00cdA<\/h4>\n<p>Alveria apoya a los Directores de HR en el desarrollo de itinerarios de Coaching y Mentoring individuales y de equipo.<\/p>\n<p><a class=\"button button-blocchetti button_size_2 button_dark\" title=\"\" href=\"\/espanol\/formacion\/personas-y-desarrollo-directivo\/orientacion-y-tutoria\/\"><span class=\"button_label\">DESCUBRA<\/span><\/a><\/p>\n<p style=\"margin: 0px;\"><img decoding=\"async\" class=\"scale-with-grid\" title=\"\" src=\"\/wp-content\/uploads\/2023\/09\/People-Managerial-Development-civil-communication-public-enterprise-1.jpg\" alt=\"\" width=\"\" height=\"\" \/><\/p>\n<h4>COMUNICACI\u00d3N P\u00daBLICA Y CORPORATIVA<\/h4>\n<p>Ser capaz de expresarse mediante el uso de un lenguaje vivo, movilizador y transformador es esencial en contextos laborales en los que el trato con diferentes partes interesadas est\u00e1 a la orden del d\u00eda.<\/p>\n<p><a class=\"button button-blocchetti button_size_2 button_dark\" title=\"\" href=\"\/espanol\/formacion\/personas-y-desarrollo-directivo\/comunicacion-publica-y-corporativa\/\"><span class=\"button_label\">DESCUBRA<\/span><\/a><\/p>\n<p style=\"margin: 0px;\"><img decoding=\"async\" class=\"scale-with-grid\" title=\"\" src=\"\/wp-content\/uploads\/2023\/09\/People-Managerial-Development-hr-management-leadership-1.jpg\" alt=\"\" width=\"\" height=\"\" \/><\/p>\n<h4>HR GESTI\u00d3N Y LIDERAZGO<\/h4>\n<p>Los cursos de liderazgo que ofrece Alveria tienen como objetivo desarrollar y potenciar todas aquellas habilidades que permiten a los directivos influir positivamente en el equipo y dirigirlo hacia los objetivos empresariales.<\/p>\n<p><a class=\"button button-blocchetti button_size_2 button_dark\" title=\"\" href=\"\/espanol\/formacion\/personas-y-desarrollo-directivo\/gestion-y-direccion-de-rrhh\/\"><span class=\"button_label\">DESCUBRA<\/span><\/a><\/p>\n<p style=\"margin: 0px;\"><img decoding=\"async\" class=\"scale-with-grid\" title=\"\" src=\"\/wp-content\/uploads\/2023\/09\/People-Managerial-Development-civetta-innovation-management-1.jpg\" alt=\"\" width=\"\" height=\"\" \/><\/p>\n<h4>GESTI\u00d3N DE LA INNOVACI\u00d3N<\/h4>\n<p>La fuerte competitividad que caracteriza hoy a todos los mercados hace de la innovaci\u00f3n una herramienta esencial para mantener la ventaja competitiva adquirida y\/o mejorar el posicionamiento en el mercado.<\/p>\n<p><a class=\"button button-blocchetti button_size_2 button_dark\" title=\"\" href=\"\/espanol\/formacion\/personas-y-desarrollo-directivo\/gestion-de-la-innovacion\/\"><span class=\"button_label\">DESCUBRA<\/span><\/a><\/p>\n<p style=\"margin: 0px;\"><img decoding=\"async\" class=\"scale-with-grid\" title=\"\" src=\"\/wp-content\/uploads\/2023\/09\/People-Managerial-Development-problem-solving-decision-making-1.jpg\" alt=\"\" width=\"\" height=\"\" \/><\/p>\n<h4>RESOLUCI\u00d3N DE PROBLEMAS Y TOMA DE DECISIONES<\/h4>\n<p>La resoluci\u00f3n de problemas y la toma de decisiones son habilidades distintivas y esenciales para alcanzar y mantener con \u00e9xito los objetivos empresariales.<\/p>\n<p><a class=\"button button-blocchetti button_size_2 button_dark\" title=\"\" href=\"\/espanol\/formacion\/personas-y-desarrollo-directivo\/resolucion-de-problemas-toma-de-decisiones\/\"><span class=\"button_label\">DESCUBRA<\/span><\/a><\/p>\n<p style=\"margin: 0px;\"><img decoding=\"async\" class=\"scale-with-grid\" title=\"\" src=\"\/wp-content\/uploads\/2023\/09\/People-Managerial-Development-civetta-project-management-1.jpg\" alt=\"\" width=\"\" height=\"\" \/><\/p>\n<h4>GESTI\u00d3N DE PROYECTOS<\/h4>\n<p>En los \u00faltimos a\u00f1os se ha ido tomando conciencia de que la gesti\u00f3n de proyectos es una forma de organizaci\u00f3n capaz de desarrollar la integraci\u00f3n y la flexibilidad y de garantizar un nivel adecuado de coordinaci\u00f3n de procesos inciertos y poco formalizados.<\/p>\n<p><a class=\"button button-blocchetti button_size_2 button_dark\" title=\"\" href=\"\/espanol\/formacion\/personas-y-desarrollo-directivo\/gestion-de-proyectos\/\"><span class=\"button_label\">DESCUBRA<\/span><\/a><\/p>\n<p style=\"margin: 0px;\"><img decoding=\"async\" class=\"scale-with-grid\" title=\"\" src=\"\/wp-content\/uploads\/2023\/09\/People-Managerial-Development-civetta-sales-training-coaching.jpg\" alt=\"\" width=\"\" height=\"\" \/><\/p>\n<h4>FORMACI\u00d3N Y ENTRENAMIENTO EN VENTAS<\/h4>\n<p>Alveria ofrece formaci\u00f3n centrada en la transferencia eficaz de las habilidades de venta a trav\u00e9s de una combinaci\u00f3n de diferentes metodolog\u00edas. Este enfoque sit\u00faa al alumno en el centro para que las experiencias adquiridas en el aula puedan transferirse al trabajo diario.<\/p>\n<p><a class=\"button button-blocchetti button_size_2 button_dark\" title=\"\" href=\"\/espanol\/formacion\/personas-y-desarrollo-directivo\/formacion-y-entrenamiento-en-ventas\/\"><span class=\"button_label\">DESCUBRA<\/span><\/a><\/p>\n<p style=\"margin: 0px;\"><img decoding=\"async\" class=\"scale-with-grid\" title=\"\" src=\"\/wp-content\/uploads\/2023\/09\/Desarrollo-Gerencial-Personal-civetta-gesti\u00f3n-del-tiempo-1.jpg\" alt=\"\" width=\"\" height=\"\" \/><\/p>\n<h4 style=\"margin: 0px;\">\nGESTI\u00d3N DEL TIEMPO<\/h4>\n<p>Gestionar el tiempo para ser m\u00e1s productivo significa centrarse en el resultado, reconocer cu\u00e1les son tus prioridades e intentar dirigir tu rendimiento para cumplirlas.<\/p>\n<p><a class=\"button button-blocchetti button_size_2 button_dark\" title=\"\" href=\"\/espanol\/formacion\/personas-y-desarrollo-directivo\/gestion-del-tiempo\/\"><span class=\"button_label\">DESCUBRA<\/span><\/a><\/p>\n<h6 class=\"title\">CONSULTOR\u00cdA, FORMACI\u00d3N EN DIGITALIZACI\u00d3N DE HR Y SOLUCIONES EMPRESARIALES DESCUBRA EL M\u00c9TODO ALVERIA Y PREP\u00c1RESE PARA EL CAMBIO.<\/h6>\n<p><a class=\"button  button_size_2 button_dark\" title=\"\" href=\"\/espanol\/contactos\/\"><span class=\"button_label\">SOLICITAR M\u00c1S INFORMACI\u00d3N<\/span><\/a><\/p>","protected":false},"excerpt":{"rendered":"<p>People DIAMO AL TUO BUSINESS LE RISPOSTE UTILI PER SUPPORTARNE L\u2019EVOLUZIONE E LO SVILUPPO Siamo pronti a guidarti sulla strada del cambiamento offrendoti tutti gli strumenti<span class=\"excerpt-hellip\"> [...]<\/span><\/p>","protected":false},"author":4,"featured_media":743,"parent":136,"menu_order":0,"comment_status":"open","ping_status":"closed","template":"","meta":{"iawp_total_views":127,"footnotes":""},"class_list":["post-162","page","type-page","status-publish","has-post-thumbnail","hentry"],"yoast_head":"<!-- This site is optimized with the Yoast SEO plugin v25.1 - https:\/\/yoast.com\/wordpress\/plugins\/seo\/ -->\n<title>PEOPLE E MANAGERIAL DEVELOPMENT<\/title>\n<meta name=\"description\" content=\"Scopri le soluzioni Alveria per supportare il tuo business: coaching, leadership, project e people management, e innovazione. Scopri di pi\u00f9!\" \/>\n<meta name=\"robots\" content=\"index, follow, max-snippet:-1, max-image-preview:large, max-video-preview:-1\" \/>\n<link rel=\"canonical\" href=\"https:\/\/www.alveria.it\/espanol\/formacion\/personas-y-desarrollo-directivo\/\" \/>\n<meta property=\"og:locale\" content=\"es_ES\" \/>\n<meta property=\"og:type\" content=\"article\" \/>\n<meta property=\"og:title\" content=\"PEOPLE E MANAGERIAL DEVELOPMENT\" \/>\n<meta property=\"og:description\" content=\"Scopri le soluzioni Alveria per supportare il tuo business: coaching, leadership, project e people management, e innovazione. Scopri di pi\u00f9!\" \/>\n<meta property=\"og:url\" content=\"https:\/\/www.alveria.it\/espanol\/formacion\/personas-y-desarrollo-directivo\/\" \/>\n<meta property=\"og:site_name\" content=\"Alveria - Consulting, Training and Solutions\" \/>\n<meta property=\"article:modified_time\" content=\"2025-11-28T10:57:35+00:00\" \/>\n<meta property=\"og:image\" content=\"https:\/\/www.alveria.it\/wp-content\/uploads\/2023\/09\/People-Management-virata.jpg\" \/>\n\t<meta property=\"og:image:width\" content=\"1920\" \/>\n\t<meta property=\"og:image:height\" content=\"1080\" \/>\n\t<meta property=\"og:image:type\" content=\"image\/jpeg\" \/>\n<meta name=\"twitter:card\" content=\"summary_large_image\" \/>\n<meta name=\"twitter:label1\" content=\"Tiempo de lectura\" \/>\n\t<meta name=\"twitter:data1\" content=\"4 minutos\" \/>\n<script type=\"application\/ld+json\" class=\"yoast-schema-graph\">{\"@context\":\"https:\/\/schema.org\",\"@graph\":[{\"@type\":\"WebPage\",\"@id\":\"https:\/\/www.alveria.it\/formazione\/people-e-managerial-development\/\",\"url\":\"https:\/\/www.alveria.it\/formazione\/people-e-managerial-development\/\",\"name\":\"PEOPLE E MANAGERIAL DEVELOPMENT\",\"isPartOf\":{\"@id\":\"https:\/\/www.alveria.it\/#website\"},\"primaryImageOfPage\":{\"@id\":\"https:\/\/www.alveria.it\/formazione\/people-e-managerial-development\/#primaryimage\"},\"image\":{\"@id\":\"https:\/\/www.alveria.it\/formazione\/people-e-managerial-development\/#primaryimage\"},\"thumbnailUrl\":\"https:\/\/www.alveria.it\/wp-content\/uploads\/2023\/09\/People-Management-virata.jpg\",\"datePublished\":\"2023-09-21T15:50:10+00:00\",\"dateModified\":\"2025-11-28T10:57:35+00:00\",\"description\":\"Scopri le soluzioni Alveria per supportare il tuo business: coaching, leadership, project e people management, e innovazione. Scopri di pi\u00f9!\",\"breadcrumb\":{\"@id\":\"https:\/\/www.alveria.it\/formazione\/people-e-managerial-development\/#breadcrumb\"},\"inLanguage\":\"es\",\"potentialAction\":[{\"@type\":\"ReadAction\",\"target\":[\"https:\/\/www.alveria.it\/formazione\/people-e-managerial-development\/\"]}]},{\"@type\":\"ImageObject\",\"inLanguage\":\"es\",\"@id\":\"https:\/\/www.alveria.it\/formazione\/people-e-managerial-development\/#primaryimage\",\"url\":\"https:\/\/www.alveria.it\/wp-content\/uploads\/2023\/09\/People-Management-virata.jpg\",\"contentUrl\":\"https:\/\/www.alveria.it\/wp-content\/uploads\/2023\/09\/People-Management-virata.jpg\",\"width\":1920,\"height\":1080},{\"@type\":\"BreadcrumbList\",\"@id\":\"https:\/\/www.alveria.it\/formazione\/people-e-managerial-development\/#breadcrumb\",\"itemListElement\":[{\"@type\":\"ListItem\",\"position\":1,\"name\":\"Home\",\"item\":\"https:\/\/www.alveria.it\/\"},{\"@type\":\"ListItem\",\"position\":2,\"name\":\"FORMAZIONE\",\"item\":\"https:\/\/www.alveria.it\/formazione\/\"},{\"@type\":\"ListItem\",\"position\":3,\"name\":\"PEOPLE E MANAGERIAL DEVELOPMENT\"}]},{\"@type\":\"WebSite\",\"@id\":\"https:\/\/www.alveria.it\/#website\",\"url\":\"https:\/\/www.alveria.it\/\",\"name\":\"Alveria - Consulting, Training and Solutions\",\"description\":\"Alveria - Consulting, Training and Solutions\",\"publisher\":{\"@id\":\"https:\/\/www.alveria.it\/#organization\"},\"potentialAction\":[{\"@type\":\"SearchAction\",\"target\":{\"@type\":\"EntryPoint\",\"urlTemplate\":\"https:\/\/www.alveria.it\/?s={search_term_string}\"},\"query-input\":{\"@type\":\"PropertyValueSpecification\",\"valueRequired\":true,\"valueName\":\"search_term_string\"}}],\"inLanguage\":\"es\"},{\"@type\":\"Organization\",\"@id\":\"https:\/\/www.alveria.it\/#organization\",\"name\":\"Alveria - Consulting, Training and Solutions\",\"url\":\"https:\/\/www.alveria.it\/\",\"logo\":{\"@type\":\"ImageObject\",\"inLanguage\":\"es\",\"@id\":\"https:\/\/www.alveria.it\/#\/schema\/logo\/image\/\",\"url\":\"https:\/\/www.alveria.it\/wp-content\/uploads\/2023\/12\/logo_alveria_normal.svg\",\"contentUrl\":\"https:\/\/www.alveria.it\/wp-content\/uploads\/2023\/12\/logo_alveria_normal.svg\",\"caption\":\"Alveria - Consulting, Training and Solutions\"},\"image\":{\"@id\":\"https:\/\/www.alveria.it\/#\/schema\/logo\/image\/\"}}]}<\/script>\n<!-- \/ Yoast SEO plugin. -->","yoast_head_json":{"title":"PEOPLE E MANAGERIAL DEVELOPMENT","description":"Scopri le soluzioni Alveria per supportare il tuo business: coaching, leadership, project e people management, e innovazione. Scopri di pi\u00f9!","robots":{"index":"index","follow":"follow","max-snippet":"max-snippet:-1","max-image-preview":"max-image-preview:large","max-video-preview":"max-video-preview:-1"},"canonical":"https:\/\/www.alveria.it\/espanol\/formacion\/personas-y-desarrollo-directivo\/","og_locale":"es_ES","og_type":"article","og_title":"PEOPLE E MANAGERIAL DEVELOPMENT","og_description":"Scopri le soluzioni Alveria per supportare il tuo business: coaching, leadership, project e people management, e innovazione. Scopri di pi\u00f9!","og_url":"https:\/\/www.alveria.it\/espanol\/formacion\/personas-y-desarrollo-directivo\/","og_site_name":"Alveria - Consulting, Training and Solutions","article_modified_time":"2025-11-28T10:57:35+00:00","og_image":[{"width":1920,"height":1080,"url":"https:\/\/www.alveria.it\/wp-content\/uploads\/2023\/09\/People-Management-virata.jpg","type":"image\/jpeg"}],"twitter_card":"summary_large_image","twitter_misc":{"Tiempo de lectura":"4 minutos"},"schema":{"@context":"https:\/\/schema.org","@graph":[{"@type":"WebPage","@id":"https:\/\/www.alveria.it\/formazione\/people-e-managerial-development\/","url":"https:\/\/www.alveria.it\/formazione\/people-e-managerial-development\/","name":"PEOPLE E MANAGERIAL DEVELOPMENT","isPartOf":{"@id":"https:\/\/www.alveria.it\/#website"},"primaryImageOfPage":{"@id":"https:\/\/www.alveria.it\/formazione\/people-e-managerial-development\/#primaryimage"},"image":{"@id":"https:\/\/www.alveria.it\/formazione\/people-e-managerial-development\/#primaryimage"},"thumbnailUrl":"https:\/\/www.alveria.it\/wp-content\/uploads\/2023\/09\/People-Management-virata.jpg","datePublished":"2023-09-21T15:50:10+00:00","dateModified":"2025-11-28T10:57:35+00:00","description":"Scopri le soluzioni Alveria per supportare il tuo business: coaching, leadership, project e people management, e innovazione. Scopri di pi\u00f9!","breadcrumb":{"@id":"https:\/\/www.alveria.it\/formazione\/people-e-managerial-development\/#breadcrumb"},"inLanguage":"es","potentialAction":[{"@type":"ReadAction","target":["https:\/\/www.alveria.it\/formazione\/people-e-managerial-development\/"]}]},{"@type":"ImageObject","inLanguage":"es","@id":"https:\/\/www.alveria.it\/formazione\/people-e-managerial-development\/#primaryimage","url":"https:\/\/www.alveria.it\/wp-content\/uploads\/2023\/09\/People-Management-virata.jpg","contentUrl":"https:\/\/www.alveria.it\/wp-content\/uploads\/2023\/09\/People-Management-virata.jpg","width":1920,"height":1080},{"@type":"BreadcrumbList","@id":"https:\/\/www.alveria.it\/formazione\/people-e-managerial-development\/#breadcrumb","itemListElement":[{"@type":"ListItem","position":1,"name":"Home","item":"https:\/\/www.alveria.it\/"},{"@type":"ListItem","position":2,"name":"FORMAZIONE","item":"https:\/\/www.alveria.it\/formazione\/"},{"@type":"ListItem","position":3,"name":"PEOPLE E MANAGERIAL DEVELOPMENT"}]},{"@type":"WebSite","@id":"https:\/\/www.alveria.it\/#website","url":"https:\/\/www.alveria.it\/","name":"Alveria - Consulting, Training and Solutions","description":"Alveria - Consulting, Training and Solutions","publisher":{"@id":"https:\/\/www.alveria.it\/#organization"},"potentialAction":[{"@type":"SearchAction","target":{"@type":"EntryPoint","urlTemplate":"https:\/\/www.alveria.it\/?s={search_term_string}"},"query-input":{"@type":"PropertyValueSpecification","valueRequired":true,"valueName":"search_term_string"}}],"inLanguage":"es"},{"@type":"Organization","@id":"https:\/\/www.alveria.it\/#organization","name":"Alveria - Consulting, Training and Solutions","url":"https:\/\/www.alveria.it\/","logo":{"@type":"ImageObject","inLanguage":"es","@id":"https:\/\/www.alveria.it\/#\/schema\/logo\/image\/","url":"https:\/\/www.alveria.it\/wp-content\/uploads\/2023\/12\/logo_alveria_normal.svg","contentUrl":"https:\/\/www.alveria.it\/wp-content\/uploads\/2023\/12\/logo_alveria_normal.svg","caption":"Alveria - Consulting, Training and Solutions"},"image":{"@id":"https:\/\/www.alveria.it\/#\/schema\/logo\/image\/"}}]}},"_links":{"self":[{"href":"https:\/\/www.alveria.it\/espanol\/wp-json\/wp\/v2\/pages\/162","targetHints":{"allow":["GET"]}}],"collection":[{"href":"https:\/\/www.alveria.it\/espanol\/wp-json\/wp\/v2\/pages"}],"about":[{"href":"https:\/\/www.alveria.it\/espanol\/wp-json\/wp\/v2\/types\/page"}],"author":[{"embeddable":true,"href":"https:\/\/www.alveria.it\/espanol\/wp-json\/wp\/v2\/users\/4"}],"replies":[{"embeddable":true,"href":"https:\/\/www.alveria.it\/espanol\/wp-json\/wp\/v2\/comments?post=162"}],"version-history":[{"count":4,"href":"https:\/\/www.alveria.it\/espanol\/wp-json\/wp\/v2\/pages\/162\/revisions"}],"predecessor-version":[{"id":2158,"href":"https:\/\/www.alveria.it\/espanol\/wp-json\/wp\/v2\/pages\/162\/revisions\/2158"}],"up":[{"embeddable":true,"href":"https:\/\/www.alveria.it\/espanol\/wp-json\/wp\/v2\/pages\/136"}],"wp:featuredmedia":[{"embeddable":true,"href":"https:\/\/www.alveria.it\/espanol\/wp-json\/wp\/v2\/media\/743"}],"wp:attachment":[{"href":"https:\/\/www.alveria.it\/espanol\/wp-json\/wp\/v2\/media?parent=162"}],"curies":[{"name":"wp","href":"https:\/\/api.w.org\/{rel}","templated":true}]}}