{"id":536,"date":"2023-09-27T09:15:33","date_gmt":"2023-09-27T09:15:33","guid":{"rendered":"https:\/\/www.alveria.it\/?page_id=536"},"modified":"2024-05-21T11:45:56","modified_gmt":"2024-05-21T11:45:56","slug":"trainingsspiel","status":"publish","type":"page","link":"https:\/\/www.alveria.it\/de\/ausbildung\/erfahrungsmasige-ausbildung\/trainingsspiel\/","title":{"rendered":"TRAININGSSPIEL"},"content":{"rendered":"<p>Trainingsspiel<\/p>\n<h3 class=\"title\">BETEILIGUNGS- UND KOH\u00c4SIONSSPIELE, UM DEN HERAUSFORDERUNGEN EINEN SPIELERISCHEN CHARAKTER ZU VERLEIHEN<\/h3>\n<p style=\"text-align: center;\">Das Trainingsspiel verwendet Muster und Strukturen, die f\u00fcr die beliebtesten Brettspiele typisch sind (z.B. Monopoly, G\u00e4nsespiel, Trivial), und reproduziert auf metaphorische Weise Situationen, Ereignisse und kritische Situationen, die f\u00fcr reale Arbeitskontexte typisch sind.<\/p>\n<p style=\"text-align: center;\">Wie klassische Brettspiele bindet es die Teilnehmer von Anfang an in ein Gruppenritual ein, das\u00a0<strong>alle Hebel der Beteiligung und des Zusammenhalts aktiviert<\/strong> (das Streben nach Ergebnissen, die Herausforderung, die Klarheit des Ziels, die kollektiven Rituale, die Rollen in der Gruppe und die gegenseitige Abh\u00e4ngigkeit zur Erreichung des Ziels), was dem Gef\u00fchl der Herausforderung einen spielerischen Charakter verleiht.<\/p>\n<p style=\"text-align: center;\"><strong>Auf diese Weise unterst\u00fctzt das Training Game:<\/strong><\/p>\n<ul class=\"mfn-list mfn-list-left mfn-list-top\">\n<li class=\"mfn-list-item\" style=\"counter-set: my-sec-counter 0;\"><span class=\"mfn-list-desc\">Aktives Lernen durch \u00dcberarbeitung und Kombination der in der Gruppe vorhandenen F\u00e4higkeiten: Die Teilnehmer verlassen sich nicht auf \"Anweisungen\" von Lehrern, sondern m\u00fcssen selbst, zusammen mit ihren Teamkollegen, Methoden und Werkzeuge f\u00fcr die L\u00f6sung von Tests vereinbaren und ausprobieren<\/span><\/li>\n<li class=\"mfn-list-item\"><span class=\"mfn-list-desc\">Engagement der Teilnehmer, gef\u00f6rdert durch die Spieldynamik und den \"Wettbewerb\" zwischen den Teams<\/span><\/li>\n<\/ul>\n<h3>LERNZIELE<\/h3>\n<ul class=\"mfn-list mfn-list-left mfn-list-middle\">\n<li class=\"mfn-list-item\" style=\"counter-set: my-sec-counter 0;\"><span class=\"mfn-list-desc\">Projektleitung<\/span><\/li>\n<li class=\"mfn-list-item\"><span class=\"mfn-list-desc\">Kommunikation innerhalb einer Arbeitsgruppe<\/span><\/li>\n<li class=\"mfn-list-item\"><span class=\"mfn-list-desc\">Komplexit\u00e4t bew\u00e4ltigen<\/span><\/li>\n<li class=\"mfn-list-item\"><span class=\"mfn-list-desc\">Analyse und Definition des Arbeitsprozesses<\/span><\/li>\n<li class=\"mfn-list-item\"><span class=\"mfn-list-desc\">Teambildung<\/span><\/li>\n<li class=\"mfn-list-item\"><span class=\"mfn-list-desc\">Planung und Programmierung<\/span><\/li>\n<\/ul>\n<p style=\"text-align: center;\">Wirksam vor allem in <a href=\"https:\/\/www.hcms.it\/contatti\/\">unternehmerische Zusammenh\u00e4nge<\/a> wo fr\u00fchere Interventionen meist nach standardisierten und sich wiederholenden Unterrichtstechniken durchgef\u00fchrt wurden.<\/p>\n<h6 class=\"title\">BERATUNG, SCHULUNG ZUR DIGITALISIERUNG DES PERSONALWESENS UND UNTERNEHMENSL\u00d6SUNGEN ENTDECKEN SIE DIE ALVERIA-METHODE UND BEREITEN SIE SICH AUF DEN WANDEL VOR.<\/h6>\n<p><a class=\"button  button_size_2 button_dark\" title=\"\" href=\"\/de\/kontakte\/\"><span class=\"button_label\">WEITERE INFORMATIONEN ANFORDERN<\/span><\/a><\/p>","protected":false},"excerpt":{"rendered":"<p>Training Game GIOCHI DI COINVOLGIMENTO E COESIONE PER DARE ALLE SFIDE UN CARATTERE LUDICO Il Training Game utilizza schemi e strutture tipici dei giochi da tavolo<span class=\"excerpt-hellip\"> [...]<\/span><\/p>","protected":false},"author":2,"featured_media":712,"parent":152,"menu_order":0,"comment_status":"open","ping_status":"closed","template":"","meta":{"iawp_total_views":51,"footnotes":""},"class_list":["post-536","page","type-page","status-publish","has-post-thumbnail","hentry"],"yoast_head":"<!-- This site is optimized with the Yoast SEO plugin v25.1 - https:\/\/yoast.com\/wordpress\/plugins\/seo\/ -->\n<title>TRAINING GAME<\/title>\n<meta name=\"description\" content=\"Scopri il Training Game di Alveria: giochi da tavolo per migliorare project management, comunicazione, team building e problem solving.\" \/>\n<meta name=\"robots\" content=\"index, follow, max-snippet:-1, max-image-preview:large, max-video-preview:-1\" \/>\n<link rel=\"canonical\" href=\"https:\/\/www.alveria.it\/de\/ausbildung\/erfahrungsmasige-ausbildung\/trainingsspiel\/\" \/>\n<meta property=\"og:locale\" content=\"de_DE\" \/>\n<meta property=\"og:type\" content=\"article\" \/>\n<meta property=\"og:title\" content=\"TRAINING GAME\" \/>\n<meta property=\"og:description\" content=\"Scopri il Training Game di Alveria: giochi da tavolo per migliorare project management, comunicazione, team building e problem solving.\" \/>\n<meta property=\"og:url\" content=\"https:\/\/www.alveria.it\/de\/ausbildung\/erfahrungsmasige-ausbildung\/trainingsspiel\/\" \/>\n<meta property=\"og:site_name\" content=\"Alveria - Consulting, Training and Solutions\" \/>\n<meta property=\"article:modified_time\" content=\"2024-05-21T11:45:56+00:00\" \/>\n<meta property=\"og:image\" content=\"https:\/\/www.alveria.it\/wp-content\/uploads\/2023\/09\/Training-Game-virata.jpg\" \/>\n\t<meta property=\"og:image:width\" content=\"1920\" \/>\n\t<meta property=\"og:image:height\" content=\"1080\" \/>\n\t<meta property=\"og:image:type\" content=\"image\/jpeg\" \/>\n<meta name=\"twitter:card\" content=\"summary_large_image\" \/>\n<meta name=\"twitter:label1\" content=\"Gesch\u00e4tzte Lesezeit\" \/>\n\t<meta name=\"twitter:data1\" content=\"2\u00a0Minuten\" \/>\n<script type=\"application\/ld+json\" class=\"yoast-schema-graph\">{\"@context\":\"https:\/\/schema.org\",\"@graph\":[{\"@type\":\"WebPage\",\"@id\":\"https:\/\/www.alveria.it\/formazione\/formazione-esperienziale\/training-game\/\",\"url\":\"https:\/\/www.alveria.it\/formazione\/formazione-esperienziale\/training-game\/\",\"name\":\"TRAINING GAME\",\"isPartOf\":{\"@id\":\"https:\/\/www.alveria.it\/#website\"},\"primaryImageOfPage\":{\"@id\":\"https:\/\/www.alveria.it\/formazione\/formazione-esperienziale\/training-game\/#primaryimage\"},\"image\":{\"@id\":\"https:\/\/www.alveria.it\/formazione\/formazione-esperienziale\/training-game\/#primaryimage\"},\"thumbnailUrl\":\"https:\/\/www.alveria.it\/wp-content\/uploads\/2023\/09\/Training-Game-virata.jpg\",\"datePublished\":\"2023-09-27T09:15:33+00:00\",\"dateModified\":\"2024-05-21T11:45:56+00:00\",\"description\":\"Scopri il Training Game di Alveria: giochi da tavolo per migliorare project management, comunicazione, team building e problem solving.\",\"breadcrumb\":{\"@id\":\"https:\/\/www.alveria.it\/formazione\/formazione-esperienziale\/training-game\/#breadcrumb\"},\"inLanguage\":\"de\",\"potentialAction\":[{\"@type\":\"ReadAction\",\"target\":[\"https:\/\/www.alveria.it\/formazione\/formazione-esperienziale\/training-game\/\"]}]},{\"@type\":\"ImageObject\",\"inLanguage\":\"de\",\"@id\":\"https:\/\/www.alveria.it\/formazione\/formazione-esperienziale\/training-game\/#primaryimage\",\"url\":\"https:\/\/www.alveria.it\/wp-content\/uploads\/2023\/09\/Training-Game-virata.jpg\",\"contentUrl\":\"https:\/\/www.alveria.it\/wp-content\/uploads\/2023\/09\/Training-Game-virata.jpg\",\"width\":1920,\"height\":1080},{\"@type\":\"BreadcrumbList\",\"@id\":\"https:\/\/www.alveria.it\/formazione\/formazione-esperienziale\/training-game\/#breadcrumb\",\"itemListElement\":[{\"@type\":\"ListItem\",\"position\":1,\"name\":\"Home\",\"item\":\"https:\/\/www.alveria.it\/\"},{\"@type\":\"ListItem\",\"position\":2,\"name\":\"FORMAZIONE\",\"item\":\"https:\/\/www.alveria.it\/formazione\/\"},{\"@type\":\"ListItem\",\"position\":3,\"name\":\"FORMAZIONE ESPERIENZIALE\",\"item\":\"https:\/\/www.alveria.it\/formazione\/formazione-esperienziale\/\"},{\"@type\":\"ListItem\",\"position\":4,\"name\":\"TRAINING GAME\"}]},{\"@type\":\"WebSite\",\"@id\":\"https:\/\/www.alveria.it\/#website\",\"url\":\"https:\/\/www.alveria.it\/\",\"name\":\"Alveria - Consulting, Training and Solutions\",\"description\":\"Alveria - Consulting, Training and Solutions\",\"publisher\":{\"@id\":\"https:\/\/www.alveria.it\/#organization\"},\"potentialAction\":[{\"@type\":\"SearchAction\",\"target\":{\"@type\":\"EntryPoint\",\"urlTemplate\":\"https:\/\/www.alveria.it\/?s={search_term_string}\"},\"query-input\":{\"@type\":\"PropertyValueSpecification\",\"valueRequired\":true,\"valueName\":\"search_term_string\"}}],\"inLanguage\":\"de\"},{\"@type\":\"Organization\",\"@id\":\"https:\/\/www.alveria.it\/#organization\",\"name\":\"Alveria - Consulting, Training and Solutions\",\"url\":\"https:\/\/www.alveria.it\/\",\"logo\":{\"@type\":\"ImageObject\",\"inLanguage\":\"de\",\"@id\":\"https:\/\/www.alveria.it\/#\/schema\/logo\/image\/\",\"url\":\"https:\/\/www.alveria.it\/wp-content\/uploads\/2023\/12\/logo_alveria_normal.svg\",\"contentUrl\":\"https:\/\/www.alveria.it\/wp-content\/uploads\/2023\/12\/logo_alveria_normal.svg\",\"caption\":\"Alveria - Consulting, Training and Solutions\"},\"image\":{\"@id\":\"https:\/\/www.alveria.it\/#\/schema\/logo\/image\/\"}}]}<\/script>\n<!-- \/ Yoast SEO plugin. -->","yoast_head_json":{"title":"TRAINING GAME","description":"Scopri il Training Game di Alveria: giochi da tavolo per migliorare project management, comunicazione, team building e problem solving.","robots":{"index":"index","follow":"follow","max-snippet":"max-snippet:-1","max-image-preview":"max-image-preview:large","max-video-preview":"max-video-preview:-1"},"canonical":"https:\/\/www.alveria.it\/de\/ausbildung\/erfahrungsmasige-ausbildung\/trainingsspiel\/","og_locale":"de_DE","og_type":"article","og_title":"TRAINING GAME","og_description":"Scopri il Training Game di Alveria: giochi da tavolo per migliorare project management, comunicazione, team building e problem solving.","og_url":"https:\/\/www.alveria.it\/de\/ausbildung\/erfahrungsmasige-ausbildung\/trainingsspiel\/","og_site_name":"Alveria - Consulting, Training and Solutions","article_modified_time":"2024-05-21T11:45:56+00:00","og_image":[{"width":1920,"height":1080,"url":"https:\/\/www.alveria.it\/wp-content\/uploads\/2023\/09\/Training-Game-virata.jpg","type":"image\/jpeg"}],"twitter_card":"summary_large_image","twitter_misc":{"Gesch\u00e4tzte Lesezeit":"2\u00a0Minuten"},"schema":{"@context":"https:\/\/schema.org","@graph":[{"@type":"WebPage","@id":"https:\/\/www.alveria.it\/formazione\/formazione-esperienziale\/training-game\/","url":"https:\/\/www.alveria.it\/formazione\/formazione-esperienziale\/training-game\/","name":"TRAINING GAME","isPartOf":{"@id":"https:\/\/www.alveria.it\/#website"},"primaryImageOfPage":{"@id":"https:\/\/www.alveria.it\/formazione\/formazione-esperienziale\/training-game\/#primaryimage"},"image":{"@id":"https:\/\/www.alveria.it\/formazione\/formazione-esperienziale\/training-game\/#primaryimage"},"thumbnailUrl":"https:\/\/www.alveria.it\/wp-content\/uploads\/2023\/09\/Training-Game-virata.jpg","datePublished":"2023-09-27T09:15:33+00:00","dateModified":"2024-05-21T11:45:56+00:00","description":"Scopri il Training Game di Alveria: giochi da tavolo per migliorare project management, comunicazione, team building e problem solving.","breadcrumb":{"@id":"https:\/\/www.alveria.it\/formazione\/formazione-esperienziale\/training-game\/#breadcrumb"},"inLanguage":"de","potentialAction":[{"@type":"ReadAction","target":["https:\/\/www.alveria.it\/formazione\/formazione-esperienziale\/training-game\/"]}]},{"@type":"ImageObject","inLanguage":"de","@id":"https:\/\/www.alveria.it\/formazione\/formazione-esperienziale\/training-game\/#primaryimage","url":"https:\/\/www.alveria.it\/wp-content\/uploads\/2023\/09\/Training-Game-virata.jpg","contentUrl":"https:\/\/www.alveria.it\/wp-content\/uploads\/2023\/09\/Training-Game-virata.jpg","width":1920,"height":1080},{"@type":"BreadcrumbList","@id":"https:\/\/www.alveria.it\/formazione\/formazione-esperienziale\/training-game\/#breadcrumb","itemListElement":[{"@type":"ListItem","position":1,"name":"Home","item":"https:\/\/www.alveria.it\/"},{"@type":"ListItem","position":2,"name":"FORMAZIONE","item":"https:\/\/www.alveria.it\/formazione\/"},{"@type":"ListItem","position":3,"name":"FORMAZIONE ESPERIENZIALE","item":"https:\/\/www.alveria.it\/formazione\/formazione-esperienziale\/"},{"@type":"ListItem","position":4,"name":"TRAINING GAME"}]},{"@type":"WebSite","@id":"https:\/\/www.alveria.it\/#website","url":"https:\/\/www.alveria.it\/","name":"Alveria - Consulting, Training and Solutions","description":"Alveria - Consulting, Training and Solutions","publisher":{"@id":"https:\/\/www.alveria.it\/#organization"},"potentialAction":[{"@type":"SearchAction","target":{"@type":"EntryPoint","urlTemplate":"https:\/\/www.alveria.it\/?s={search_term_string}"},"query-input":{"@type":"PropertyValueSpecification","valueRequired":true,"valueName":"search_term_string"}}],"inLanguage":"de"},{"@type":"Organization","@id":"https:\/\/www.alveria.it\/#organization","name":"Alveria - Consulting, Training and Solutions","url":"https:\/\/www.alveria.it\/","logo":{"@type":"ImageObject","inLanguage":"de","@id":"https:\/\/www.alveria.it\/#\/schema\/logo\/image\/","url":"https:\/\/www.alveria.it\/wp-content\/uploads\/2023\/12\/logo_alveria_normal.svg","contentUrl":"https:\/\/www.alveria.it\/wp-content\/uploads\/2023\/12\/logo_alveria_normal.svg","caption":"Alveria - Consulting, Training and Solutions"},"image":{"@id":"https:\/\/www.alveria.it\/#\/schema\/logo\/image\/"}}]}},"_links":{"self":[{"href":"https:\/\/www.alveria.it\/de\/wp-json\/wp\/v2\/pages\/536","targetHints":{"allow":["GET"]}}],"collection":[{"href":"https:\/\/www.alveria.it\/de\/wp-json\/wp\/v2\/pages"}],"about":[{"href":"https:\/\/www.alveria.it\/de\/wp-json\/wp\/v2\/types\/page"}],"author":[{"embeddable":true,"href":"https:\/\/www.alveria.it\/de\/wp-json\/wp\/v2\/users\/2"}],"replies":[{"embeddable":true,"href":"https:\/\/www.alveria.it\/de\/wp-json\/wp\/v2\/comments?post=536"}],"version-history":[{"count":2,"href":"https:\/\/www.alveria.it\/de\/wp-json\/wp\/v2\/pages\/536\/revisions"}],"predecessor-version":[{"id":1475,"href":"https:\/\/www.alveria.it\/de\/wp-json\/wp\/v2\/pages\/536\/revisions\/1475"}],"up":[{"embeddable":true,"href":"https:\/\/www.alveria.it\/de\/wp-json\/wp\/v2\/pages\/152"}],"wp:featuredmedia":[{"embeddable":true,"href":"https:\/\/www.alveria.it\/de\/wp-json\/wp\/v2\/media\/712"}],"wp:attachment":[{"href":"https:\/\/www.alveria.it\/de\/wp-json\/wp\/v2\/media?parent=536"}],"curies":[{"name":"wp","href":"https:\/\/api.w.org\/{rel}","templated":true}]}}