{"id":502,"date":"2023-09-26T18:03:29","date_gmt":"2023-09-26T18:03:29","guid":{"rendered":"https:\/\/www.alveria.it\/?page_id=502"},"modified":"2024-05-21T12:10:42","modified_gmt":"2024-05-21T12:10:42","slug":"zeitmanagement","status":"publish","type":"page","link":"https:\/\/www.alveria.it\/de\/ausbildung\/personal-und-fuhrungskrafteentwicklung-162\/zeitmanagement\/","title":{"rendered":"ZEITMANAGEMENT"},"content":{"rendered":"<p>ZEITMANAGEMENT<\/p>\n<p>[aioseo_breadcrumbs]<\/p>\n<ul>\n<li>| VOR ORT UND ONLINE<\/li>\n<li>GRUNDF\u00c4HIGKEITEN<\/li>\n<li>3 MODULE<\/li>\n<\/ul>\n<h3 class=\"title\">ZEITMANAGEMENT UND KONZENTRATION AUF DAS ERGEBNIS<\/h3>\n<h3 class=\"title\">ZIELE<\/h3>\n<p style=\"text-align: center;\"><strong>Zeitmanagement<\/strong>\u00a0produktiver zu sein bedeutet, sich auf das Ergebnis zu konzentrieren, zu erkennen, welche Priorit\u00e4ten man hat, und zu versuchen, seine Leistung darauf auszurichten.<\/p>\n<p style=\"text-align: center;\">Das Ausbildungsangebot von Alveria zielt darauf ab\u00a0<strong>die Instrumente bereitstellen<\/strong>\u00a0die es Ihnen erm\u00f6glichen, Ihre Energie besser auf die zur Verf\u00fcgung stehende Zeit abzustimmen und zerstreuende Aktivit\u00e4ten zu vermeiden.<\/p>\n<p style=\"text-align: center;\">Le\u00a0<strong>Methodologien<\/strong>\u00a0Die Vorschl\u00e4ge zielen darauf ab, eine Reihe von Techniken einzusetzen, um die zu verfolgenden Ziele zu ermitteln, die Zielerreichung zu beschleunigen und die Aktivit\u00e4ten bei der Arbeit in einem Team wirksam zu koordinieren.<\/p>\n<h3>PROGRAMM<\/h3>\n<p style=\"text-align: left;\"><strong>Modul 1<\/strong><\/p>\n<ul class=\"mfn-list mfn-list-left mfn-list-middle\">\n<li class=\"mfn-list-item\" style=\"counter-set: my-sec-counter 0;\"><span class=\"mfn-list-desc\">Kadenzen und Herangehensweise an die \"Gesch\u00e4ftszeit<\/span><\/li>\n<li class=\"mfn-list-item\"><span class=\"mfn-list-desc\">Analyse des eigenen Umgangs mit Fristen und Dringlichkeitssituationen<\/span><\/li>\n<\/ul>\n<p style=\"text-align: left;\"><strong>Modul 2<\/strong><\/p>\n<ul class=\"mfn-list mfn-list-left mfn-list-middle\">\n<li class=\"mfn-list-item\" style=\"counter-set: my-sec-counter 0;\"><span class=\"mfn-list-desc\">Wie man Konzentration und Effizienz steigert<\/span><\/li>\n<li class=\"mfn-list-item\"><span class=\"mfn-list-desc\">Umgang mit st\u00f6renden Elementen<\/span><\/li>\n<\/ul>\n<p style=\"text-align: left;\"><strong>Modul 3<\/strong><\/p>\n<ul class=\"mfn-list mfn-list-left mfn-list-middle\">\n<li class=\"mfn-list-item\" style=\"counter-set: my-sec-counter 0;\"><span class=\"mfn-list-desc\">Zeit planen, Priorit\u00e4ten setzen<\/span><\/li>\n<li class=\"mfn-list-item\"><span class=\"mfn-list-desc\">Planung und Terminierung von Aktivit\u00e4ten und Zuweisung der verf\u00fcgbaren Zeit<\/span><\/li>\n<li class=\"mfn-list-item\"><span class=\"mfn-list-desc\">Delegation und Zusammenarbeit, wie man die Zeit durch den Einsatz von Mitarbeitern optimieren kann<\/span><\/li>\n<\/ul>\n<h3 class=\"title\">P\u00c4DAGOGIE<\/h3>\n<p style=\"text-align: center;\">Der Kurs ist sehr praxisorientiert. Die Didaktik sieht den st\u00e4ndigen Wechsel von theoretischen und praktischen Momenten mit Rollenspielen, Simulationen und \u00dcbungen vor.<\/p>\n<h3 class=\"title\">EMPF\u00c4NGER<\/h3>\n<p style=\"text-align: center;\">Alle diese <strong>Personen, die ihre Zeit effektiv verwalten m\u00fcssen<\/strong>um einen qualitativen Sprung bei der Erreichung der beruflichen Ziele zu machen.<\/p>\n<h3 class=\"title\">SCHULUNGSUNTERLAGEN<\/h3>\n<p style=\"text-align: center;\">Videovortr\u00e4ge und Unterrichtsmaterialien<\/p>\n<h6 class=\"title\"><a href=\"https:\/\/www.hcms.it\/contatti\/\">BERATUNG<\/a>HR-DIGITALISIERUNGSSCHULUNGEN UND UNTERNEHMENSL\u00d6SUNGEN ENTDECKEN SIE DIE ALVERIA-METHODE UND BEREITEN SIE SICH AUF DEN WANDEL VOR.<\/h6>\n<p><a class=\"button  button_size_2 button_dark\" title=\"\" href=\"\/de\/kontakte\/\"><span class=\"button_label\">WEITERE INFORMATIONEN ANFORDERN<\/span><\/a><\/p>","protected":false},"excerpt":{"rendered":"<p>TIME MANAGEMENT [aioseo_breadcrumbs] | IN PRESENZA E ONLINE COMPETENZE BASE 3 MODULI GESTIRE IL TEMPO E RIMANERE FOCALIZZATI SUL RISULTATO OBIETTIVI Gestire il tempo\u00a0in modo da<span class=\"excerpt-hellip\"> [...]<\/span><\/p>","protected":false},"author":2,"featured_media":759,"parent":162,"menu_order":0,"comment_status":"open","ping_status":"closed","template":"","meta":{"iawp_total_views":21,"footnotes":""},"class_list":["post-502","page","type-page","status-publish","has-post-thumbnail","hentry"],"yoast_head":"<!-- This site is optimized with the Yoast SEO plugin v25.1 - https:\/\/yoast.com\/wordpress\/plugins\/seo\/ -->\n<title>TIME MANAGEMENT<\/title>\n<meta name=\"description\" content=\"Scopri il corso di Time Management di Alveria: competenze base per gestire il tempo, aumentare produttivit\u00e0 e focalizzarsi sui risultati.\" \/>\n<meta name=\"robots\" content=\"index, follow, max-snippet:-1, max-image-preview:large, max-video-preview:-1\" \/>\n<link rel=\"canonical\" href=\"https:\/\/www.alveria.it\/de\/ausbildung\/entwicklung-von-menschen-und-fuhrungskraften\/zeitmanagement\/\" \/>\n<meta property=\"og:locale\" content=\"de_DE\" \/>\n<meta property=\"og:type\" content=\"article\" \/>\n<meta property=\"og:title\" content=\"TIME MANAGEMENT\" \/>\n<meta property=\"og:description\" content=\"Scopri il corso di Time Management di Alveria: competenze base per gestire il tempo, aumentare produttivit\u00e0 e focalizzarsi sui risultati.\" \/>\n<meta property=\"og:url\" content=\"https:\/\/www.alveria.it\/de\/ausbildung\/entwicklung-von-menschen-und-fuhrungskraften\/zeitmanagement\/\" \/>\n<meta property=\"og:site_name\" content=\"Alveria - Consulting, Training and Solutions\" \/>\n<meta property=\"article:modified_time\" content=\"2024-05-21T12:10:42+00:00\" \/>\n<meta property=\"og:image\" content=\"https:\/\/www.alveria.it\/wp-content\/uploads\/2023\/09\/Time-management-virata.jpg\" \/>\n\t<meta property=\"og:image:width\" content=\"1920\" \/>\n\t<meta property=\"og:image:height\" content=\"1080\" \/>\n\t<meta property=\"og:image:type\" content=\"image\/jpeg\" \/>\n<meta name=\"twitter:card\" content=\"summary_large_image\" \/>\n<meta name=\"twitter:label1\" content=\"Gesch\u00e4tzte Lesezeit\" \/>\n\t<meta name=\"twitter:data1\" content=\"2\u00a0Minuten\" \/>\n<script type=\"application\/ld+json\" class=\"yoast-schema-graph\">{\"@context\":\"https:\/\/schema.org\",\"@graph\":[{\"@type\":\"WebPage\",\"@id\":\"https:\/\/www.alveria.it\/formazione\/people-e-managerial-development\/time-management\/\",\"url\":\"https:\/\/www.alveria.it\/formazione\/people-e-managerial-development\/time-management\/\",\"name\":\"TIME MANAGEMENT\",\"isPartOf\":{\"@id\":\"https:\/\/www.alveria.it\/#website\"},\"primaryImageOfPage\":{\"@id\":\"https:\/\/www.alveria.it\/formazione\/people-e-managerial-development\/time-management\/#primaryimage\"},\"image\":{\"@id\":\"https:\/\/www.alveria.it\/formazione\/people-e-managerial-development\/time-management\/#primaryimage\"},\"thumbnailUrl\":\"https:\/\/www.alveria.it\/wp-content\/uploads\/2023\/09\/Time-management-virata.jpg\",\"datePublished\":\"2023-09-26T18:03:29+00:00\",\"dateModified\":\"2024-05-21T12:10:42+00:00\",\"description\":\"Scopri il corso di Time Management di Alveria: competenze base per gestire il tempo, aumentare produttivit\u00e0 e focalizzarsi sui risultati.\",\"breadcrumb\":{\"@id\":\"https:\/\/www.alveria.it\/formazione\/people-e-managerial-development\/time-management\/#breadcrumb\"},\"inLanguage\":\"de\",\"potentialAction\":[{\"@type\":\"ReadAction\",\"target\":[\"https:\/\/www.alveria.it\/formazione\/people-e-managerial-development\/time-management\/\"]}]},{\"@type\":\"ImageObject\",\"inLanguage\":\"de\",\"@id\":\"https:\/\/www.alveria.it\/formazione\/people-e-managerial-development\/time-management\/#primaryimage\",\"url\":\"https:\/\/www.alveria.it\/wp-content\/uploads\/2023\/09\/Time-management-virata.jpg\",\"contentUrl\":\"https:\/\/www.alveria.it\/wp-content\/uploads\/2023\/09\/Time-management-virata.jpg\",\"width\":1920,\"height\":1080},{\"@type\":\"BreadcrumbList\",\"@id\":\"https:\/\/www.alveria.it\/formazione\/people-e-managerial-development\/time-management\/#breadcrumb\",\"itemListElement\":[{\"@type\":\"ListItem\",\"position\":1,\"name\":\"Home\",\"item\":\"https:\/\/www.alveria.it\/\"},{\"@type\":\"ListItem\",\"position\":2,\"name\":\"FORMAZIONE\",\"item\":\"https:\/\/www.alveria.it\/formazione\/\"},{\"@type\":\"ListItem\",\"position\":3,\"name\":\"PEOPLE E MANAGERIAL DEVELOPMENT\",\"item\":\"https:\/\/www.alveria.it\/formazione\/people-e-managerial-development\/\"},{\"@type\":\"ListItem\",\"position\":4,\"name\":\"TIME MANAGEMENT\"}]},{\"@type\":\"WebSite\",\"@id\":\"https:\/\/www.alveria.it\/#website\",\"url\":\"https:\/\/www.alveria.it\/\",\"name\":\"Alveria - Consulting, Training and Solutions\",\"description\":\"Alveria - Consulting, Training and Solutions\",\"publisher\":{\"@id\":\"https:\/\/www.alveria.it\/#organization\"},\"potentialAction\":[{\"@type\":\"SearchAction\",\"target\":{\"@type\":\"EntryPoint\",\"urlTemplate\":\"https:\/\/www.alveria.it\/?s={search_term_string}\"},\"query-input\":{\"@type\":\"PropertyValueSpecification\",\"valueRequired\":true,\"valueName\":\"search_term_string\"}}],\"inLanguage\":\"de\"},{\"@type\":\"Organization\",\"@id\":\"https:\/\/www.alveria.it\/#organization\",\"name\":\"Alveria - Consulting, Training and Solutions\",\"url\":\"https:\/\/www.alveria.it\/\",\"logo\":{\"@type\":\"ImageObject\",\"inLanguage\":\"de\",\"@id\":\"https:\/\/www.alveria.it\/#\/schema\/logo\/image\/\",\"url\":\"https:\/\/www.alveria.it\/wp-content\/uploads\/2023\/12\/logo_alveria_normal.svg\",\"contentUrl\":\"https:\/\/www.alveria.it\/wp-content\/uploads\/2023\/12\/logo_alveria_normal.svg\",\"caption\":\"Alveria - Consulting, Training and Solutions\"},\"image\":{\"@id\":\"https:\/\/www.alveria.it\/#\/schema\/logo\/image\/\"}}]}<\/script>\n<!-- \/ Yoast SEO plugin. -->","yoast_head_json":{"title":"TIME MANAGEMENT","description":"Scopri il corso di Time Management di Alveria: competenze base per gestire il tempo, aumentare produttivit\u00e0 e focalizzarsi sui risultati.","robots":{"index":"index","follow":"follow","max-snippet":"max-snippet:-1","max-image-preview":"max-image-preview:large","max-video-preview":"max-video-preview:-1"},"canonical":"https:\/\/www.alveria.it\/de\/ausbildung\/entwicklung-von-menschen-und-fuhrungskraften\/zeitmanagement\/","og_locale":"de_DE","og_type":"article","og_title":"TIME MANAGEMENT","og_description":"Scopri il corso di Time Management di Alveria: competenze base per gestire il tempo, aumentare produttivit\u00e0 e focalizzarsi sui risultati.","og_url":"https:\/\/www.alveria.it\/de\/ausbildung\/entwicklung-von-menschen-und-fuhrungskraften\/zeitmanagement\/","og_site_name":"Alveria - Consulting, Training and Solutions","article_modified_time":"2024-05-21T12:10:42+00:00","og_image":[{"width":1920,"height":1080,"url":"https:\/\/www.alveria.it\/wp-content\/uploads\/2023\/09\/Time-management-virata.jpg","type":"image\/jpeg"}],"twitter_card":"summary_large_image","twitter_misc":{"Gesch\u00e4tzte Lesezeit":"2\u00a0Minuten"},"schema":{"@context":"https:\/\/schema.org","@graph":[{"@type":"WebPage","@id":"https:\/\/www.alveria.it\/formazione\/people-e-managerial-development\/time-management\/","url":"https:\/\/www.alveria.it\/formazione\/people-e-managerial-development\/time-management\/","name":"TIME MANAGEMENT","isPartOf":{"@id":"https:\/\/www.alveria.it\/#website"},"primaryImageOfPage":{"@id":"https:\/\/www.alveria.it\/formazione\/people-e-managerial-development\/time-management\/#primaryimage"},"image":{"@id":"https:\/\/www.alveria.it\/formazione\/people-e-managerial-development\/time-management\/#primaryimage"},"thumbnailUrl":"https:\/\/www.alveria.it\/wp-content\/uploads\/2023\/09\/Time-management-virata.jpg","datePublished":"2023-09-26T18:03:29+00:00","dateModified":"2024-05-21T12:10:42+00:00","description":"Scopri il corso di Time Management di Alveria: competenze base per gestire il tempo, aumentare produttivit\u00e0 e focalizzarsi sui risultati.","breadcrumb":{"@id":"https:\/\/www.alveria.it\/formazione\/people-e-managerial-development\/time-management\/#breadcrumb"},"inLanguage":"de","potentialAction":[{"@type":"ReadAction","target":["https:\/\/www.alveria.it\/formazione\/people-e-managerial-development\/time-management\/"]}]},{"@type":"ImageObject","inLanguage":"de","@id":"https:\/\/www.alveria.it\/formazione\/people-e-managerial-development\/time-management\/#primaryimage","url":"https:\/\/www.alveria.it\/wp-content\/uploads\/2023\/09\/Time-management-virata.jpg","contentUrl":"https:\/\/www.alveria.it\/wp-content\/uploads\/2023\/09\/Time-management-virata.jpg","width":1920,"height":1080},{"@type":"BreadcrumbList","@id":"https:\/\/www.alveria.it\/formazione\/people-e-managerial-development\/time-management\/#breadcrumb","itemListElement":[{"@type":"ListItem","position":1,"name":"Home","item":"https:\/\/www.alveria.it\/"},{"@type":"ListItem","position":2,"name":"FORMAZIONE","item":"https:\/\/www.alveria.it\/formazione\/"},{"@type":"ListItem","position":3,"name":"PEOPLE E MANAGERIAL DEVELOPMENT","item":"https:\/\/www.alveria.it\/formazione\/people-e-managerial-development\/"},{"@type":"ListItem","position":4,"name":"TIME MANAGEMENT"}]},{"@type":"WebSite","@id":"https:\/\/www.alveria.it\/#website","url":"https:\/\/www.alveria.it\/","name":"Alveria - Consulting, Training and Solutions","description":"Alveria - Consulting, Training and Solutions","publisher":{"@id":"https:\/\/www.alveria.it\/#organization"},"potentialAction":[{"@type":"SearchAction","target":{"@type":"EntryPoint","urlTemplate":"https:\/\/www.alveria.it\/?s={search_term_string}"},"query-input":{"@type":"PropertyValueSpecification","valueRequired":true,"valueName":"search_term_string"}}],"inLanguage":"de"},{"@type":"Organization","@id":"https:\/\/www.alveria.it\/#organization","name":"Alveria - Consulting, Training and Solutions","url":"https:\/\/www.alveria.it\/","logo":{"@type":"ImageObject","inLanguage":"de","@id":"https:\/\/www.alveria.it\/#\/schema\/logo\/image\/","url":"https:\/\/www.alveria.it\/wp-content\/uploads\/2023\/12\/logo_alveria_normal.svg","contentUrl":"https:\/\/www.alveria.it\/wp-content\/uploads\/2023\/12\/logo_alveria_normal.svg","caption":"Alveria - Consulting, Training and Solutions"},"image":{"@id":"https:\/\/www.alveria.it\/#\/schema\/logo\/image\/"}}]}},"_links":{"self":[{"href":"https:\/\/www.alveria.it\/de\/wp-json\/wp\/v2\/pages\/502","targetHints":{"allow":["GET"]}}],"collection":[{"href":"https:\/\/www.alveria.it\/de\/wp-json\/wp\/v2\/pages"}],"about":[{"href":"https:\/\/www.alveria.it\/de\/wp-json\/wp\/v2\/types\/page"}],"author":[{"embeddable":true,"href":"https:\/\/www.alveria.it\/de\/wp-json\/wp\/v2\/users\/2"}],"replies":[{"embeddable":true,"href":"https:\/\/www.alveria.it\/de\/wp-json\/wp\/v2\/comments?post=502"}],"version-history":[{"count":2,"href":"https:\/\/www.alveria.it\/de\/wp-json\/wp\/v2\/pages\/502\/revisions"}],"predecessor-version":[{"id":1530,"href":"https:\/\/www.alveria.it\/de\/wp-json\/wp\/v2\/pages\/502\/revisions\/1530"}],"up":[{"embeddable":true,"href":"https:\/\/www.alveria.it\/de\/wp-json\/wp\/v2\/pages\/162"}],"wp:featuredmedia":[{"embeddable":true,"href":"https:\/\/www.alveria.it\/de\/wp-json\/wp\/v2\/media\/759"}],"wp:attachment":[{"href":"https:\/\/www.alveria.it\/de\/wp-json\/wp\/v2\/media?parent=502"}],"curies":[{"name":"wp","href":"https:\/\/api.w.org\/{rel}","templated":true}]}}