{"id":500,"date":"2023-09-26T17:57:36","date_gmt":"2023-09-26T17:57:36","guid":{"rendered":"https:\/\/www.alveria.it\/?page_id=500"},"modified":"2024-05-21T11:59:44","modified_gmt":"2024-05-21T11:59:44","slug":"projektleitung","status":"publish","type":"page","link":"https:\/\/www.alveria.it\/de\/formazione\/people-e-managerial-development-162\/project-management\/","title":{"rendered":"PROJEKTLEITUNG"},"content":{"rendered":"<p>PROJECT MANAGEMENT<\/p>\n<p>[aioseo_breadcrumbs]<\/p>\n<ul>\n<li>| IN PRESENZA E ONLINE<\/li>\n<li>COMPETENZE INTERMEDIE<\/li>\n<li>2 MODULI<\/li>\n<\/ul>\n<h3 class=\"title\">LA GESTIONE DEI PROGETTI DALLA A ALLA Z<\/h3>\n<h3 class=\"title\">OBIETTIVI<\/h3>\n<p style=\"text-align: center;\">Negli ultimi anni \u00e8 andata consolidandosi la consapevolezza che il Project Management \u00e8 una forma di organizzazione in grado di sviluppare<strong>\u00a0integrazione e flessibilit\u00e0<\/strong>\u00a0e di garantire un livello adeguato di coordinamento di processi incerti e scarsamente formalizzabili.<\/p>\n<p style=\"text-align: center;\"><strong>Gestire un progetto significa<\/strong>\u00a0predisporre le attivit\u00e0 volte al raggiungimento dell\u2019obiettivo prefissato, rispettare i vincoli temporali, di budget e di qualit\u00e0 concordati con il cliente, allocare efficacemente le risorse disponibili al fine di integrare gli input con il risultato finale.<\/p>\n<p style=\"text-align: center;\">L\u2019offerta formativa di Alveria, in ambito project management, si propone di\u00a0<strong>fornire una serie di strumenti<\/strong>\u00a0che facilitino l\u2019implementazione delle diverse fasi che caratterizzano quest\u2019attivit\u00e0, sia dal punto di vista operativo che strategico.\u00a0La\u00a0<strong>metodologia<\/strong>\u00a0proposta \u00e8 quella della formazione\u00a0<strong>esperienziale<\/strong>.<\/p>\n<h3>PROGRAMMA<\/h3>\n<p style=\"text-align: left;\"><strong>Modulo 1<\/strong><\/p>\n<ul class=\"mfn-list mfn-list-left mfn-list-middle\">\n<li class=\"mfn-list-item\" style=\"counter-set: my-sec-counter 0;\"><span class=\"mfn-list-desc\">Organizzazione della funzione di project management: dall\u2019organizzazione del progetto alla definizione di Ruoli e responsabilit\u00e0<\/span><\/li>\n<li class=\"mfn-list-item\"><span class=\"mfn-list-desc\">Avvio del progetto: pianificazione, programma e negoziazione<\/span><\/li>\n<\/ul>\n<p style=\"text-align: left;\"><strong>Modulo 2<\/strong><\/p>\n<ul class=\"mfn-list mfn-list-left mfn-list-middle\">\n<li class=\"mfn-list-item\" style=\"counter-set: my-sec-counter 0;\"><span class=\"mfn-list-desc\">Sviluppo e gestione del progetto: definizione delle fasi, sistema di controllo e gestione qualit\u00e0<\/span><\/li>\n<li class=\"mfn-list-item\"><span class=\"mfn-list-desc\">Il budget di commessa e l\u2019analisi della performance di progetto: osservazione, interpretazione e report<\/span><\/li>\n<\/ul>\n<p style=\"text-align: left;\"><strong>Modulo 3<\/strong><\/p>\n<ul class=\"mfn-list mfn-list-left mfn-list-middle\">\n<li class=\"mfn-list-item\" style=\"counter-set: my-sec-counter 0;\"><span class=\"mfn-list-desc\">Chiusura e valutazione del progettocriticit\u00e0 nelle fasi di problem solving<\/span><\/li>\n<\/ul>\n<h3 class=\"title\">PEDAGOGIA<\/h3>\n<p style=\"text-align: center;\">Il corso \u00e8 altamente esercitativo. La didattica vede la continua alternanza di momenti teorici e momenti pratici con role-play, simulazioni, esercitazioni.<\/p>\n<h3 class=\"title\">DESTINATARI<\/h3>\n<p style=\"text-align: center;\">Il corso \u00e8 indicato sia per i\u00a0<strong>Capi progetto<\/strong>, sia per chi intende utilizzare le metodologie di Project Management per affrontare e risolvere\u00a0<strong>problemi<\/strong>\u00a0<strong>di<\/strong>\u00a0<strong>innovazione organizzativa, tecnologica e di prodotto<\/strong>.<\/p>\n<h3 class=\"title\">MATERIALI FORMATIVI<\/h3>\n<p style=\"text-align: center;\">Video lezioni e materiali d\u2019aula<\/p>\n<h6 class=\"title\"><a href=\"https:\/\/www.hcms.it\/contatti\/\">CONSULENZA<\/a>, FORMAZIONE DIGITALIZZAZIONE HR E SOLUZIONI AZIENDALI SCOPRI IL METODO ALVERIA E PREPARATI AL CAMBIAMENTO.<\/h6>\n<p><a class=\"button  button_size_2 button_dark\" title=\"\" href=\"\/contatti\/\"><span class=\"button_label\">RICHIEDI MAGGIORI INFORMAZIONI<\/span><\/a><\/p>\n","protected":false},"excerpt":{"rendered":"<p>PROJECT MANAGEMENT [aioseo_breadcrumbs] | IN PRESENZA E ONLINE COMPETENZE INTERMEDIE 2 MODULI LA GESTIONE DEI PROGETTI DALLA A ALLA Z OBIETTIVI Negli ultimi anni \u00e8 andata<span class=\"excerpt-hellip\"> [\u2026]<\/span><\/p>\n","protected":false},"author":2,"featured_media":757,"parent":162,"menu_order":0,"comment_status":"open","ping_status":"closed","template":"","meta":{"iawp_total_views":35,"footnotes":""},"class_list":["post-500","page","type-page","status-publish","has-post-thumbnail","hentry"],"yoast_head":"<!-- This site is optimized with the Yoast SEO plugin v27.5 - https:\/\/yoast.com\/product\/yoast-seo-wordpress\/ -->\n<title>PROJECT MANAGEMENT<\/title>\n<meta name=\"description\" content=\"Scopri il corso di Project Management di Alveria: competenze intermedie per gestire progetti dall&#039;inizio alla fine, garantendo integrazione e flessibilit\u00e0.\" \/>\n<meta name=\"robots\" content=\"index, follow, max-snippet:-1, max-image-preview:large, max-video-preview:-1\" \/>\n<link rel=\"canonical\" href=\"https:\/\/www.alveria.it\/de\/ausbildung\/entwicklung-von-menschen-und-fuhrungskraften\/projektleitung\/\" \/>\n<meta property=\"og:locale\" content=\"de_DE\" \/>\n<meta property=\"og:type\" content=\"article\" \/>\n<meta property=\"og:title\" content=\"PROJECT MANAGEMENT\" \/>\n<meta property=\"og:description\" content=\"Scopri il corso di Project Management di Alveria: competenze intermedie per gestire progetti dall&#039;inizio alla fine, garantendo integrazione e flessibilit\u00e0.\" \/>\n<meta property=\"og:url\" content=\"https:\/\/www.alveria.it\/de\/ausbildung\/entwicklung-von-menschen-und-fuhrungskraften\/projektleitung\/\" \/>\n<meta property=\"og:site_name\" content=\"Alveria - Consulting, Training and Solutions\" \/>\n<meta property=\"article:modified_time\" content=\"2024-05-21T11:59:44+00:00\" \/>\n<meta property=\"og:image\" content=\"https:\/\/www.alveria.it\/wp-content\/uploads\/2023\/09\/Project-management-virata.jpg\" \/>\n\t<meta property=\"og:image:width\" content=\"1920\" \/>\n\t<meta property=\"og:image:height\" content=\"1080\" \/>\n\t<meta property=\"og:image:type\" content=\"image\/jpeg\" \/>\n<meta name=\"twitter:card\" content=\"summary_large_image\" \/>\n<meta name=\"twitter:label1\" content=\"Gesch\u00e4tzte Lesezeit\" \/>\n\t<meta name=\"twitter:data1\" content=\"2\u00a0Minuten\" \/>\n<script type=\"application\/ld+json\" class=\"yoast-schema-graph\">{\"@context\":\"https:\\\/\\\/schema.org\",\"@graph\":[{\"@type\":\"WebPage\",\"@id\":\"https:\\\/\\\/www.alveria.it\\\/formazione\\\/people-e-managerial-development\\\/project-management\\\/\",\"url\":\"https:\\\/\\\/www.alveria.it\\\/formazione\\\/people-e-managerial-development\\\/project-management\\\/\",\"name\":\"PROJECT MANAGEMENT\",\"isPartOf\":{\"@id\":\"https:\\\/\\\/www.alveria.it\\\/#website\"},\"primaryImageOfPage\":{\"@id\":\"https:\\\/\\\/www.alveria.it\\\/formazione\\\/people-e-managerial-development\\\/project-management\\\/#primaryimage\"},\"image\":{\"@id\":\"https:\\\/\\\/www.alveria.it\\\/formazione\\\/people-e-managerial-development\\\/project-management\\\/#primaryimage\"},\"thumbnailUrl\":\"https:\\\/\\\/www.alveria.it\\\/wp-content\\\/uploads\\\/2023\\\/09\\\/Project-management-virata.jpg\",\"datePublished\":\"2023-09-26T17:57:36+00:00\",\"dateModified\":\"2024-05-21T11:59:44+00:00\",\"description\":\"Scopri il corso di Project Management di Alveria: competenze intermedie per gestire progetti dall'inizio alla fine, garantendo integrazione e flessibilit\u00e0.\",\"breadcrumb\":{\"@id\":\"https:\\\/\\\/www.alveria.it\\\/formazione\\\/people-e-managerial-development\\\/project-management\\\/#breadcrumb\"},\"inLanguage\":\"de\",\"potentialAction\":[{\"@type\":\"ReadAction\",\"target\":[\"https:\\\/\\\/www.alveria.it\\\/formazione\\\/people-e-managerial-development\\\/project-management\\\/\"]}]},{\"@type\":\"ImageObject\",\"inLanguage\":\"de\",\"@id\":\"https:\\\/\\\/www.alveria.it\\\/formazione\\\/people-e-managerial-development\\\/project-management\\\/#primaryimage\",\"url\":\"https:\\\/\\\/www.alveria.it\\\/wp-content\\\/uploads\\\/2023\\\/09\\\/Project-management-virata.jpg\",\"contentUrl\":\"https:\\\/\\\/www.alveria.it\\\/wp-content\\\/uploads\\\/2023\\\/09\\\/Project-management-virata.jpg\",\"width\":1920,\"height\":1080},{\"@type\":\"BreadcrumbList\",\"@id\":\"https:\\\/\\\/www.alveria.it\\\/formazione\\\/people-e-managerial-development\\\/project-management\\\/#breadcrumb\",\"itemListElement\":[{\"@type\":\"ListItem\",\"position\":1,\"name\":\"Home\",\"item\":\"https:\\\/\\\/www.alveria.it\\\/\"},{\"@type\":\"ListItem\",\"position\":2,\"name\":\"FORMAZIONE\",\"item\":\"https:\\\/\\\/www.alveria.it\\\/formazione\\\/\"},{\"@type\":\"ListItem\",\"position\":3,\"name\":\"PEOPLE E MANAGERIAL DEVELOPMENT\",\"item\":\"https:\\\/\\\/www.alveria.it\\\/formazione\\\/people-e-managerial-development\\\/\"},{\"@type\":\"ListItem\",\"position\":4,\"name\":\"PROJECT MANAGEMENT\"}]},{\"@type\":\"WebSite\",\"@id\":\"https:\\\/\\\/www.alveria.it\\\/#website\",\"url\":\"https:\\\/\\\/www.alveria.it\\\/\",\"name\":\"Alveria - Consulting, Training and Solutions\",\"description\":\"Alveria - Consulting, Training and Solutions\",\"publisher\":{\"@id\":\"https:\\\/\\\/www.alveria.it\\\/#organization\"},\"potentialAction\":[{\"@type\":\"SearchAction\",\"target\":{\"@type\":\"EntryPoint\",\"urlTemplate\":\"https:\\\/\\\/www.alveria.it\\\/?s={search_term_string}\"},\"query-input\":{\"@type\":\"PropertyValueSpecification\",\"valueRequired\":true,\"valueName\":\"search_term_string\"}}],\"inLanguage\":\"de\"},{\"@type\":\"Organization\",\"@id\":\"https:\\\/\\\/www.alveria.it\\\/#organization\",\"name\":\"Alveria - Consulting, Training and Solutions\",\"url\":\"https:\\\/\\\/www.alveria.it\\\/\",\"logo\":{\"@type\":\"ImageObject\",\"inLanguage\":\"de\",\"@id\":\"https:\\\/\\\/www.alveria.it\\\/#\\\/schema\\\/logo\\\/image\\\/\",\"url\":\"https:\\\/\\\/www.alveria.it\\\/wp-content\\\/uploads\\\/2023\\\/12\\\/logo_alveria_normal.svg\",\"contentUrl\":\"https:\\\/\\\/www.alveria.it\\\/wp-content\\\/uploads\\\/2023\\\/12\\\/logo_alveria_normal.svg\",\"caption\":\"Alveria - Consulting, Training and Solutions\"},\"image\":{\"@id\":\"https:\\\/\\\/www.alveria.it\\\/#\\\/schema\\\/logo\\\/image\\\/\"}}]}<\/script>\n<!-- \/ Yoast SEO plugin. -->","yoast_head_json":{"title":"PROJEKTLEITUNG","description":"Entdecken Sie den Projektmanagement-Kurs von Alveria: mittlere F\u00e4higkeiten, um Projekte von Anfang bis Ende zu managen und dabei Integration und Flexibilit\u00e4t zu gew\u00e4hrleisten.","robots":{"index":"index","follow":"follow","max-snippet":"max-snippet:-1","max-image-preview":"max-image-preview:large","max-video-preview":"max-video-preview:-1"},"canonical":"https:\/\/www.alveria.it\/de\/ausbildung\/entwicklung-von-menschen-und-fuhrungskraften\/projektleitung\/","og_locale":"de_DE","og_type":"article","og_title":"PROJECT MANAGEMENT","og_description":"Scopri il corso di Project Management di Alveria: competenze intermedie per gestire progetti dall'inizio alla fine, garantendo integrazione e flessibilit\u00e0.","og_url":"https:\/\/www.alveria.it\/de\/ausbildung\/entwicklung-von-menschen-und-fuhrungskraften\/projektleitung\/","og_site_name":"Alveria - Consulting, Training and Solutions","article_modified_time":"2024-05-21T11:59:44+00:00","og_image":[{"width":1920,"height":1080,"url":"https:\/\/www.alveria.it\/wp-content\/uploads\/2023\/09\/Project-management-virata.jpg","type":"image\/jpeg"}],"twitter_card":"summary_large_image","twitter_misc":{"Gesch\u00e4tzte Lesezeit":"2\u00a0Minuten"},"schema":{"@context":"https:\/\/schema.org","@graph":[{"@type":"WebPage","@id":"https:\/\/www.alveria.it\/formazione\/people-e-managerial-development\/project-management\/","url":"https:\/\/www.alveria.it\/formazione\/people-e-managerial-development\/project-management\/","name":"PROJEKTLEITUNG","isPartOf":{"@id":"https:\/\/www.alveria.it\/#website"},"primaryImageOfPage":{"@id":"https:\/\/www.alveria.it\/formazione\/people-e-managerial-development\/project-management\/#primaryimage"},"image":{"@id":"https:\/\/www.alveria.it\/formazione\/people-e-managerial-development\/project-management\/#primaryimage"},"thumbnailUrl":"https:\/\/www.alveria.it\/wp-content\/uploads\/2023\/09\/Project-management-virata.jpg","datePublished":"2023-09-26T17:57:36+00:00","dateModified":"2024-05-21T11:59:44+00:00","description":"Entdecken Sie den Projektmanagement-Kurs von Alveria: mittlere F\u00e4higkeiten, um Projekte von Anfang bis Ende zu managen und dabei Integration und Flexibilit\u00e4t zu gew\u00e4hrleisten.","breadcrumb":{"@id":"https:\/\/www.alveria.it\/formazione\/people-e-managerial-development\/project-management\/#breadcrumb"},"inLanguage":"de","potentialAction":[{"@type":"ReadAction","target":["https:\/\/www.alveria.it\/formazione\/people-e-managerial-development\/project-management\/"]}]},{"@type":"ImageObject","inLanguage":"de","@id":"https:\/\/www.alveria.it\/formazione\/people-e-managerial-development\/project-management\/#primaryimage","url":"https:\/\/www.alveria.it\/wp-content\/uploads\/2023\/09\/Project-management-virata.jpg","contentUrl":"https:\/\/www.alveria.it\/wp-content\/uploads\/2023\/09\/Project-management-virata.jpg","width":1920,"height":1080},{"@type":"BreadcrumbList","@id":"https:\/\/www.alveria.it\/formazione\/people-e-managerial-development\/project-management\/#breadcrumb","itemListElement":[{"@type":"ListItem","position":1,"name":"Home","item":"https:\/\/www.alveria.it\/"},{"@type":"ListItem","position":2,"name":"FORMAZIONE","item":"https:\/\/www.alveria.it\/formazione\/"},{"@type":"ListItem","position":3,"name":"PEOPLE E MANAGERIAL DEVELOPMENT","item":"https:\/\/www.alveria.it\/formazione\/people-e-managerial-development\/"},{"@type":"ListItem","position":4,"name":"PROJECT MANAGEMENT"}]},{"@type":"WebSite","@id":"https:\/\/www.alveria.it\/#website","url":"https:\/\/www.alveria.it\/","name":"Alveria - Beratung, Schulung und L\u00f6sungen","description":"Alveria - Beratung, Schulung und L\u00f6sungen","publisher":{"@id":"https:\/\/www.alveria.it\/#organization"},"potentialAction":[{"@type":"SearchAction","target":{"@type":"EntryPoint","urlTemplate":"https:\/\/www.alveria.it\/?s={search_term_string}"},"query-input":{"@type":"PropertyValueSpecification","valueRequired":true,"valueName":"search_term_string"}}],"inLanguage":"de"},{"@type":"Organization","@id":"https:\/\/www.alveria.it\/#organization","name":"Alveria - Beratung, Schulung und L\u00f6sungen","url":"https:\/\/www.alveria.it\/","logo":{"@type":"ImageObject","inLanguage":"de","@id":"https:\/\/www.alveria.it\/#\/schema\/logo\/image\/","url":"https:\/\/www.alveria.it\/wp-content\/uploads\/2023\/12\/logo_alveria_normal.svg","contentUrl":"https:\/\/www.alveria.it\/wp-content\/uploads\/2023\/12\/logo_alveria_normal.svg","caption":"Alveria - Consulting, Training and Solutions"},"image":{"@id":"https:\/\/www.alveria.it\/#\/schema\/logo\/image\/"}}]}},"_links":{"self":[{"href":"https:\/\/www.alveria.it\/de\/wp-json\/wp\/v2\/pages\/500","targetHints":{"allow":["GET"]}}],"collection":[{"href":"https:\/\/www.alveria.it\/de\/wp-json\/wp\/v2\/pages"}],"about":[{"href":"https:\/\/www.alveria.it\/de\/wp-json\/wp\/v2\/types\/page"}],"author":[{"embeddable":true,"href":"https:\/\/www.alveria.it\/de\/wp-json\/wp\/v2\/users\/2"}],"replies":[{"embeddable":true,"href":"https:\/\/www.alveria.it\/de\/wp-json\/wp\/v2\/comments?post=500"}],"version-history":[{"count":2,"href":"https:\/\/www.alveria.it\/de\/wp-json\/wp\/v2\/pages\/500\/revisions"}],"predecessor-version":[{"id":1507,"href":"https:\/\/www.alveria.it\/de\/wp-json\/wp\/v2\/pages\/500\/revisions\/1507"}],"up":[{"embeddable":true,"href":"https:\/\/www.alveria.it\/de\/wp-json\/wp\/v2\/pages\/162"}],"wp:featuredmedia":[{"embeddable":true,"href":"https:\/\/www.alveria.it\/de\/wp-json\/wp\/v2\/media\/757"}],"wp:attachment":[{"href":"https:\/\/www.alveria.it\/de\/wp-json\/wp\/v2\/media?parent=500"}],"curies":[{"name":"wp","href":"https:\/\/api.w.org\/{rel}","templated":true}]}}