{"id":487,"date":"2023-09-26T14:48:40","date_gmt":"2023-09-26T14:48:40","guid":{"rendered":"https:\/\/www.alveria.it\/?page_id=487"},"modified":"2024-05-21T11:58:23","modified_gmt":"2024-05-21T11:58:23","slug":"innovationsmanagement","status":"publish","type":"page","link":"https:\/\/www.alveria.it\/de\/formazione\/people-e-managerial-development-162\/innovation-management\/","title":{"rendered":"INNOVATIONSMANAGEMENT"},"content":{"rendered":"<p>INNOVATION MANAGEMENT<\/p>\n<p>[aioseo_breadcrumbs]<\/p>\n<ul>\n<li>| IN PRESENZA E ONLINE<\/li>\n<li>COMPETENZE AVANZATE<\/li>\n<li>2 MODULI<\/li>\n<\/ul>\n<h3 class=\"title\">ACCOGLIERE E COMPREDERE L\u2019INNOVAZIONE PER GOVERNARE IL CAMBIAMENTO<\/h3>\n<h3 class=\"title\">OBIETTIVI<\/h3>\n<p style=\"text-align: center;\">La forte competitivit\u00e0 che caratterizza oggi tutti i mercati fa dell\u2019<strong>innovazione uno strumento essenziale<\/strong>\u00a0per mantenere il vantaggio competitivo acquisito e\/o migliorare il posizionamento sul mercato.<\/p>\n<p style=\"text-align: center;\">In quest\u2019ottica l\u2019attitudine al cambiamento diviene un requisito fondamentale per il management la cui sfida, rappresentata &#8220;dall\u2019esigenza&#8221; di innovare, si traduce:<\/p>\n<ul class=\"mfn-list mfn-list-left mfn-list-middle\">\n<li class=\"mfn-list-item\" style=\"counter-set: my-sec-counter 0;\"><span class=\"mfn-list-desc\">Nella capacit\u00e0 di comprendere gli aspetti innovativi della gestione dell\u2019organizzazione e delle tecnologie a disposizione.<\/span><\/li>\n<li class=\"mfn-list-item\"><span class=\"mfn-list-desc\">Nel riuscire ad integrarli al fine di rendere l\u2019azienda pi\u00f9 competitiva ed i processi organizzativi pi\u00f9 efficaci.<\/span><\/li>\n<\/ul>\n<p style=\"text-align: center;\">L\u2019offerta formativa di Alveria \u00e8 orientata a sviluppare le competenze manageriali e gestionali di quelle figure preposte a strutturare, organizzare e presidiare il processo\u00a0di innovazione all\u2019interno dell\u2019azienda, con particolare attenzione all\u2019analisi dei processi, strumenti e tecniche per alimentare e gestire l\u2019innovazione.<\/p>\n<h3>PROGRAMMA INNOVATION MANAGEMENT<\/h3>\n<p style=\"text-align: left;\"><strong>Modulo 1<\/strong><\/p>\n<ul class=\"mfn-list mfn-list-left mfn-list-middle\">\n<li class=\"mfn-list-item\" style=\"counter-set: my-sec-counter 0;\"><span class=\"mfn-list-desc\">Metodologie e best practice nell\u2019innovazione dei processi<\/span><\/li>\n<li class=\"mfn-list-item\"><span class=\"mfn-list-desc\">Modelli e strategie nell\u2019innovazione<\/span><\/li>\n<\/ul>\n<p style=\"text-align: left;\"><strong>Modulo 2<\/strong><\/p>\n<ul class=\"mfn-list mfn-list-left mfn-list-middle\">\n<li class=\"mfn-list-item\" style=\"counter-set: my-sec-counter 0;\"><span class=\"mfn-list-desc\">Innovazione nella relazione con il cliente<\/span><\/li>\n<li class=\"mfn-list-item\"><span class=\"mfn-list-desc\">Cultura e leadership dell\u2019innovazione<\/span><\/li>\n<\/ul>\n<h3 class=\"title\">PEDAGOGIA<\/h3>\n<p style=\"text-align: center;\">Il corso \u00e8 altamente esercitativo. La didattica vede la continua alternanza di momenti teorici e momenti pratici con role-play, simulazioni, esercitazioni.<\/p>\n<h3 class=\"title\">DESTINATARI<\/h3>\n<p style=\"text-align: center;\"><strong>Manager, Responsabili e Dirigenti<\/strong><\/p>\n<h3 class=\"title\">MATERIALI FORMATIVI<\/h3>\n<p style=\"text-align: center;\">Video lezioni e materiali d\u2019aula<\/p>\n<h6 class=\"title\"><a href=\"https:\/\/www.hcms.it\/contatti\/\">CONSULENZA<\/a>, FORMAZIONE DIGITALIZZAZIONE HR E SOLUZIONI AZIENDALI SCOPRI IL METODO ALVERIA E PREPARATI AL CAMBIAMENTO.<\/h6>\n<p><a class=\"button  button_size_2 button_dark\" title=\"\" href=\"\/contatti\/\"><span class=\"button_label\">RICHIEDI MAGGIORI INFORMAZIONI<\/span><\/a><\/p>\n","protected":false},"excerpt":{"rendered":"<p>INNOVATION MANAGEMENT [aioseo_breadcrumbs] | IN PRESENZA E ONLINE COMPETENZE AVANZATE 2 MODULI ACCOGLIERE E COMPREDERE L\u2019INNOVAZIONE PER GOVERNARE IL CAMBIAMENTO OBIETTIVI La forte competitivit\u00e0 che caratterizza<span class=\"excerpt-hellip\"> [\u2026]<\/span><\/p>\n","protected":false},"author":2,"featured_media":755,"parent":162,"menu_order":0,"comment_status":"open","ping_status":"closed","template":"","meta":{"iawp_total_views":39,"footnotes":""},"class_list":["post-487","page","type-page","status-publish","has-post-thumbnail","hentry"],"yoast_head":"<!-- This site is optimized with the Yoast SEO plugin v27.5 - https:\/\/yoast.com\/product\/yoast-seo-wordpress\/ -->\n<title>INNOVATION MANAGEMENT<\/title>\n<meta name=\"description\" content=\"Scopri il corso di Innovation Management di Alveria: competenze avanzate per gestire e integrare l&#039;innovazione, migliorare competitivit\u00e0 e processi aziendali.\" \/>\n<meta name=\"robots\" content=\"index, follow, max-snippet:-1, max-image-preview:large, max-video-preview:-1\" \/>\n<link rel=\"canonical\" href=\"https:\/\/www.alveria.it\/de\/ausbildung\/entwicklung-von-menschen-und-fuhrungskraften\/innovationsmanagement\/\" \/>\n<meta property=\"og:locale\" content=\"de_DE\" \/>\n<meta property=\"og:type\" content=\"article\" \/>\n<meta property=\"og:title\" content=\"INNOVATION MANAGEMENT\" \/>\n<meta property=\"og:description\" content=\"Scopri il corso di Innovation Management di Alveria: competenze avanzate per gestire e integrare l&#039;innovazione, migliorare competitivit\u00e0 e processi aziendali.\" \/>\n<meta property=\"og:url\" content=\"https:\/\/www.alveria.it\/de\/ausbildung\/entwicklung-von-menschen-und-fuhrungskraften\/innovationsmanagement\/\" \/>\n<meta property=\"og:site_name\" content=\"Alveria - Consulting, Training and Solutions\" \/>\n<meta property=\"article:modified_time\" content=\"2024-05-21T11:58:23+00:00\" \/>\n<meta property=\"og:image\" content=\"https:\/\/www.alveria.it\/wp-content\/uploads\/2023\/09\/Innovation-Management-virata.jpg\" \/>\n\t<meta property=\"og:image:width\" content=\"1920\" \/>\n\t<meta property=\"og:image:height\" content=\"1080\" \/>\n\t<meta property=\"og:image:type\" content=\"image\/jpeg\" \/>\n<meta name=\"twitter:card\" content=\"summary_large_image\" \/>\n<meta name=\"twitter:label1\" content=\"Gesch\u00e4tzte Lesezeit\" \/>\n\t<meta name=\"twitter:data1\" content=\"2\u00a0Minuten\" \/>\n<script type=\"application\/ld+json\" class=\"yoast-schema-graph\">{\"@context\":\"https:\\\/\\\/schema.org\",\"@graph\":[{\"@type\":\"WebPage\",\"@id\":\"https:\\\/\\\/www.alveria.it\\\/formazione\\\/people-e-managerial-development\\\/innovation-management\\\/\",\"url\":\"https:\\\/\\\/www.alveria.it\\\/formazione\\\/people-e-managerial-development\\\/innovation-management\\\/\",\"name\":\"INNOVATION MANAGEMENT\",\"isPartOf\":{\"@id\":\"https:\\\/\\\/www.alveria.it\\\/#website\"},\"primaryImageOfPage\":{\"@id\":\"https:\\\/\\\/www.alveria.it\\\/formazione\\\/people-e-managerial-development\\\/innovation-management\\\/#primaryimage\"},\"image\":{\"@id\":\"https:\\\/\\\/www.alveria.it\\\/formazione\\\/people-e-managerial-development\\\/innovation-management\\\/#primaryimage\"},\"thumbnailUrl\":\"https:\\\/\\\/www.alveria.it\\\/wp-content\\\/uploads\\\/2023\\\/09\\\/Innovation-Management-virata.jpg\",\"datePublished\":\"2023-09-26T14:48:40+00:00\",\"dateModified\":\"2024-05-21T11:58:23+00:00\",\"description\":\"Scopri il corso di Innovation Management di Alveria: competenze avanzate per gestire e integrare l'innovazione, migliorare competitivit\u00e0 e processi aziendali.\",\"breadcrumb\":{\"@id\":\"https:\\\/\\\/www.alveria.it\\\/formazione\\\/people-e-managerial-development\\\/innovation-management\\\/#breadcrumb\"},\"inLanguage\":\"de\",\"potentialAction\":[{\"@type\":\"ReadAction\",\"target\":[\"https:\\\/\\\/www.alveria.it\\\/formazione\\\/people-e-managerial-development\\\/innovation-management\\\/\"]}]},{\"@type\":\"ImageObject\",\"inLanguage\":\"de\",\"@id\":\"https:\\\/\\\/www.alveria.it\\\/formazione\\\/people-e-managerial-development\\\/innovation-management\\\/#primaryimage\",\"url\":\"https:\\\/\\\/www.alveria.it\\\/wp-content\\\/uploads\\\/2023\\\/09\\\/Innovation-Management-virata.jpg\",\"contentUrl\":\"https:\\\/\\\/www.alveria.it\\\/wp-content\\\/uploads\\\/2023\\\/09\\\/Innovation-Management-virata.jpg\",\"width\":1920,\"height\":1080},{\"@type\":\"BreadcrumbList\",\"@id\":\"https:\\\/\\\/www.alveria.it\\\/formazione\\\/people-e-managerial-development\\\/innovation-management\\\/#breadcrumb\",\"itemListElement\":[{\"@type\":\"ListItem\",\"position\":1,\"name\":\"Home\",\"item\":\"https:\\\/\\\/www.alveria.it\\\/\"},{\"@type\":\"ListItem\",\"position\":2,\"name\":\"FORMAZIONE\",\"item\":\"https:\\\/\\\/www.alveria.it\\\/formazione\\\/\"},{\"@type\":\"ListItem\",\"position\":3,\"name\":\"PEOPLE E MANAGERIAL DEVELOPMENT\",\"item\":\"https:\\\/\\\/www.alveria.it\\\/formazione\\\/people-e-managerial-development\\\/\"},{\"@type\":\"ListItem\",\"position\":4,\"name\":\"INNOVATION MANAGEMENT\"}]},{\"@type\":\"WebSite\",\"@id\":\"https:\\\/\\\/www.alveria.it\\\/#website\",\"url\":\"https:\\\/\\\/www.alveria.it\\\/\",\"name\":\"Alveria - Consulting, Training and Solutions\",\"description\":\"Alveria - Consulting, Training and Solutions\",\"publisher\":{\"@id\":\"https:\\\/\\\/www.alveria.it\\\/#organization\"},\"potentialAction\":[{\"@type\":\"SearchAction\",\"target\":{\"@type\":\"EntryPoint\",\"urlTemplate\":\"https:\\\/\\\/www.alveria.it\\\/?s={search_term_string}\"},\"query-input\":{\"@type\":\"PropertyValueSpecification\",\"valueRequired\":true,\"valueName\":\"search_term_string\"}}],\"inLanguage\":\"de\"},{\"@type\":\"Organization\",\"@id\":\"https:\\\/\\\/www.alveria.it\\\/#organization\",\"name\":\"Alveria - Consulting, Training and Solutions\",\"url\":\"https:\\\/\\\/www.alveria.it\\\/\",\"logo\":{\"@type\":\"ImageObject\",\"inLanguage\":\"de\",\"@id\":\"https:\\\/\\\/www.alveria.it\\\/#\\\/schema\\\/logo\\\/image\\\/\",\"url\":\"https:\\\/\\\/www.alveria.it\\\/wp-content\\\/uploads\\\/2023\\\/12\\\/logo_alveria_normal.svg\",\"contentUrl\":\"https:\\\/\\\/www.alveria.it\\\/wp-content\\\/uploads\\\/2023\\\/12\\\/logo_alveria_normal.svg\",\"caption\":\"Alveria - Consulting, Training and Solutions\"},\"image\":{\"@id\":\"https:\\\/\\\/www.alveria.it\\\/#\\\/schema\\\/logo\\\/image\\\/\"}}]}<\/script>\n<!-- \/ Yoast SEO plugin. -->","yoast_head_json":{"title":"INNOVATIONSMANAGEMENT","description":"Entdecken Sie den Alveria-Kurs f\u00fcr Innovationsmanagement: fortgeschrittene F\u00e4higkeiten f\u00fcr das Management und die Integration von Innovationen, Verbesserung der Wettbewerbsf\u00e4higkeit und der Gesch\u00e4ftsprozesse.","robots":{"index":"index","follow":"follow","max-snippet":"max-snippet:-1","max-image-preview":"max-image-preview:large","max-video-preview":"max-video-preview:-1"},"canonical":"https:\/\/www.alveria.it\/de\/ausbildung\/entwicklung-von-menschen-und-fuhrungskraften\/innovationsmanagement\/","og_locale":"de_DE","og_type":"article","og_title":"INNOVATION MANAGEMENT","og_description":"Scopri il corso di Innovation Management di Alveria: competenze avanzate per gestire e integrare l'innovazione, migliorare competitivit\u00e0 e processi aziendali.","og_url":"https:\/\/www.alveria.it\/de\/ausbildung\/entwicklung-von-menschen-und-fuhrungskraften\/innovationsmanagement\/","og_site_name":"Alveria - Consulting, Training and Solutions","article_modified_time":"2024-05-21T11:58:23+00:00","og_image":[{"width":1920,"height":1080,"url":"https:\/\/www.alveria.it\/wp-content\/uploads\/2023\/09\/Innovation-Management-virata.jpg","type":"image\/jpeg"}],"twitter_card":"summary_large_image","twitter_misc":{"Gesch\u00e4tzte Lesezeit":"2\u00a0Minuten"},"schema":{"@context":"https:\/\/schema.org","@graph":[{"@type":"WebPage","@id":"https:\/\/www.alveria.it\/formazione\/people-e-managerial-development\/innovation-management\/","url":"https:\/\/www.alveria.it\/formazione\/people-e-managerial-development\/innovation-management\/","name":"INNOVATIONSMANAGEMENT","isPartOf":{"@id":"https:\/\/www.alveria.it\/#website"},"primaryImageOfPage":{"@id":"https:\/\/www.alveria.it\/formazione\/people-e-managerial-development\/innovation-management\/#primaryimage"},"image":{"@id":"https:\/\/www.alveria.it\/formazione\/people-e-managerial-development\/innovation-management\/#primaryimage"},"thumbnailUrl":"https:\/\/www.alveria.it\/wp-content\/uploads\/2023\/09\/Innovation-Management-virata.jpg","datePublished":"2023-09-26T14:48:40+00:00","dateModified":"2024-05-21T11:58:23+00:00","description":"Entdecken Sie den Alveria-Kurs f\u00fcr Innovationsmanagement: fortgeschrittene F\u00e4higkeiten f\u00fcr das Management und die Integration von Innovationen, Verbesserung der Wettbewerbsf\u00e4higkeit und der Gesch\u00e4ftsprozesse.","breadcrumb":{"@id":"https:\/\/www.alveria.it\/formazione\/people-e-managerial-development\/innovation-management\/#breadcrumb"},"inLanguage":"de","potentialAction":[{"@type":"ReadAction","target":["https:\/\/www.alveria.it\/formazione\/people-e-managerial-development\/innovation-management\/"]}]},{"@type":"ImageObject","inLanguage":"de","@id":"https:\/\/www.alveria.it\/formazione\/people-e-managerial-development\/innovation-management\/#primaryimage","url":"https:\/\/www.alveria.it\/wp-content\/uploads\/2023\/09\/Innovation-Management-virata.jpg","contentUrl":"https:\/\/www.alveria.it\/wp-content\/uploads\/2023\/09\/Innovation-Management-virata.jpg","width":1920,"height":1080},{"@type":"BreadcrumbList","@id":"https:\/\/www.alveria.it\/formazione\/people-e-managerial-development\/innovation-management\/#breadcrumb","itemListElement":[{"@type":"ListItem","position":1,"name":"Home","item":"https:\/\/www.alveria.it\/"},{"@type":"ListItem","position":2,"name":"FORMAZIONE","item":"https:\/\/www.alveria.it\/formazione\/"},{"@type":"ListItem","position":3,"name":"PEOPLE E MANAGERIAL DEVELOPMENT","item":"https:\/\/www.alveria.it\/formazione\/people-e-managerial-development\/"},{"@type":"ListItem","position":4,"name":"INNOVATION MANAGEMENT"}]},{"@type":"WebSite","@id":"https:\/\/www.alveria.it\/#website","url":"https:\/\/www.alveria.it\/","name":"Alveria - Beratung, Schulung und L\u00f6sungen","description":"Alveria - Beratung, Schulung und L\u00f6sungen","publisher":{"@id":"https:\/\/www.alveria.it\/#organization"},"potentialAction":[{"@type":"SearchAction","target":{"@type":"EntryPoint","urlTemplate":"https:\/\/www.alveria.it\/?s={search_term_string}"},"query-input":{"@type":"PropertyValueSpecification","valueRequired":true,"valueName":"search_term_string"}}],"inLanguage":"de"},{"@type":"Organization","@id":"https:\/\/www.alveria.it\/#organization","name":"Alveria - Beratung, Schulung und L\u00f6sungen","url":"https:\/\/www.alveria.it\/","logo":{"@type":"ImageObject","inLanguage":"de","@id":"https:\/\/www.alveria.it\/#\/schema\/logo\/image\/","url":"https:\/\/www.alveria.it\/wp-content\/uploads\/2023\/12\/logo_alveria_normal.svg","contentUrl":"https:\/\/www.alveria.it\/wp-content\/uploads\/2023\/12\/logo_alveria_normal.svg","caption":"Alveria - Consulting, Training and Solutions"},"image":{"@id":"https:\/\/www.alveria.it\/#\/schema\/logo\/image\/"}}]}},"_links":{"self":[{"href":"https:\/\/www.alveria.it\/de\/wp-json\/wp\/v2\/pages\/487","targetHints":{"allow":["GET"]}}],"collection":[{"href":"https:\/\/www.alveria.it\/de\/wp-json\/wp\/v2\/pages"}],"about":[{"href":"https:\/\/www.alveria.it\/de\/wp-json\/wp\/v2\/types\/page"}],"author":[{"embeddable":true,"href":"https:\/\/www.alveria.it\/de\/wp-json\/wp\/v2\/users\/2"}],"replies":[{"embeddable":true,"href":"https:\/\/www.alveria.it\/de\/wp-json\/wp\/v2\/comments?post=487"}],"version-history":[{"count":2,"href":"https:\/\/www.alveria.it\/de\/wp-json\/wp\/v2\/pages\/487\/revisions"}],"predecessor-version":[{"id":1504,"href":"https:\/\/www.alveria.it\/de\/wp-json\/wp\/v2\/pages\/487\/revisions\/1504"}],"up":[{"embeddable":true,"href":"https:\/\/www.alveria.it\/de\/wp-json\/wp\/v2\/pages\/162"}],"wp:featuredmedia":[{"embeddable":true,"href":"https:\/\/www.alveria.it\/de\/wp-json\/wp\/v2\/media\/755"}],"wp:attachment":[{"href":"https:\/\/www.alveria.it\/de\/wp-json\/wp\/v2\/media?parent=487"}],"curies":[{"name":"wp","href":"https:\/\/api.w.org\/{rel}","templated":true}]}}