{"id":460,"date":"2023-09-26T13:07:40","date_gmt":"2023-09-26T13:07:40","guid":{"rendered":"https:\/\/www.alveria.it\/?page_id=460"},"modified":"2025-10-23T10:54:03","modified_gmt":"2025-10-23T10:54:03","slug":"professionelle-systeme","status":"publish","type":"page","link":"https:\/\/www.alveria.it\/de\/beratung\/professionelle-systeme\/","title":{"rendered":"PROFESSIONELLE SYSTEME"},"content":{"rendered":"<h5 class=\"title\"><a href=\"https:\/\/www.alveria.it\/de\/\">Startseite<\/a><\/h5>\n<h3 class=\"title\">WIR HELFEN IHNEN BEI DER AUSWAHL DER AUFGABEN UND F\u00c4HIGKEITEN, DIE SIE BEN\u00d6TIGEN, UM DIE HERAUSFORDERUNGEN ZU MEISTERN UND AUF DEM MARKT WETTBEWERBSF\u00c4HIG ZU BLEIBEN<\/h3>\n<p>Anhand von Benchmark-Analysen, sowohl auf nationaler als auch auf internationaler Ebene, ermitteln unsere Experten die besonderen Kompetenzen in den Gesch\u00e4ftsbereichen, in denen der Partner t\u00e4tig ist, und entwickeln ein System von Profilen und Kompetenzen, das die strategischen Entscheidungen des Unternehmens ber\u00fccksichtigt.<\/p>\n<p>Sobald die Kompetenzen ausgew\u00e4hlt sind, werden die Berater die HR-Manager bei der Ermittlung der f\u00fcr die Aus\u00fcbung dieser Kompetenzen erforderlichen Kenntnisse und bei der Bewertung der Unternehmenspopulation anleiten.<\/p>\n<h3 class=\"title\">IDENTIFIZIEREN, VORBEREITEN UND ERLEICHTERN<\/h3>\n<p><strong>IDENTIFY<\/strong><\/p>\n<p>die besonderen Kompetenzen (F\u00e4higkeiten + Verhaltensweisen) der wichtigsten Berufsfamilien in Bezug auf Ihr Unternehmen.<\/p>\n<p><strong>WIR PROGNOSTIZIEREN <\/strong><\/p>\n<p>ein Kompetenzerfassungssystem f\u00fcr Bewertungsprozesse<\/p>\n<p><strong>WIR F\u00d6RDERN <\/strong><\/p>\n<p>transversalit\u00e4t und Integration zwischen den verschiedenen beruflichen Realit\u00e4ten des Unternehmens<\/p>\n<p>Dieser Ansatz erm\u00f6glicht es, das berufliche System wirklich in den Mittelpunkt der Ressourcenverwaltung zu stellen und so ein Instrument f\u00fcr alle HR-Direktionen zu schaffen, das sie in ihrem Wachstums- und Entwicklungsprozess unterst\u00fctzen kann.<\/p>\n<h3>UNSER MODELL<\/h3>\n<h4 class=\"title\">Berufs&shy;felder&nbsp;und&nbsp;Fa&shy;mi&shy;lien<\/h4>\n<h4 class=\"title\">BERUFLICHE AUFGABEN<\/h4>\n<h4 class=\"title\">TECHNISCHE UND BERUFLICHE F\u00c4HIGKEITEN<\/h4>\n<h4 class=\"title\">Orga&shy;ni&shy;sa&shy;to&shy;ri&shy;sche&nbsp;F\u00e4&shy;hig&shy;kei&shy;ten&nbsp;und&nbsp;Ver&shy;hal&shy;tens&shy;wei&shy;sen<\/h4>\n<h4 class=\"title\">Entwicklungs&shy;wege<\/h4>\n<h3 style=\"color: #ffffff; margin: 0px;\">DAS K\u00d6NNTE SIE INTERESSIEREN<\/h3>\n<ul class=\"mfn-list mfn-list-left mfn-list-middle\">\n<li class=\"mfn-list-item\" style=\"counter-set: my-sec-counter 0;\"><span class=\"mfn-list-desc\"><a href=\"https:\/\/www.hcms.it\/competency-framework\/\">BEF\u00c4HIGUNGSRAHMEN<\/a><\/span><\/li>\n<\/ul>\n<h6 class=\"title\">BERATUNG, SCHULUNG ZUR DIGITALISIERUNG DES PERSONALWESENS UND UNTERNEHMENSL\u00d6SUNGEN ENTDECKEN SIE DIE ALVERIA-METHODE UND BEREITEN SIE SICH AUF DEN WANDEL VOR.<\/h6>\n<p><a class=\"button  button_size_2 button_dark\" title=\"\" href=\"\/de\/kontakte\/\"><span class=\"button_label\">WEITERE INFORMATIONEN ANFORDERN<\/span><\/a><\/p>\n<h5 class=\"title\"><a href=\"https:\/\/www.alveria.it\/de\/\">Startseite<\/a><\/h5>\n<h3 class=\"title\">WIR HELFEN IHNEN BEI DER AUSWAHL DER AUFGABEN UND F\u00c4HIGKEITEN, DIE SIE BEN\u00d6TIGEN, UM DIE HERAUSFORDERUNGEN ZU MEISTERN UND AUF DEM MARKT WETTBEWERBSF\u00c4HIG ZU BLEIBEN<\/h3>\n<p>Anhand von Benchmark-Analysen, sowohl auf nationaler als auch auf internationaler Ebene, ermitteln unsere Experten die besonderen Kompetenzen in den Gesch\u00e4ftsbereichen, in denen der Partner t\u00e4tig ist, und entwickeln ein System von Profilen und Kompetenzen, das die strategischen Entscheidungen des Unternehmens ber\u00fccksichtigt.<\/p>\n<p>Sobald die Kompetenzen ausgew\u00e4hlt sind, werden die Berater die HR-Manager bei der Ermittlung der f\u00fcr die Aus\u00fcbung dieser Kompetenzen erforderlichen Kenntnisse und bei der Bewertung der Unternehmenspopulation anleiten.<\/p>\n<h3 class=\"title\">IDENTIFIZIEREN, VORBEREITEN UND ERLEICHTERN<\/h3>\n<p><strong>IDENTIFY<\/strong><\/p>\n<p>die besonderen Kompetenzen (F\u00e4higkeiten + Verhaltensweisen) der wichtigsten Berufsfamilien in Bezug auf Ihr Unternehmen.<\/p>\n<p><strong>WIR PROGNOSTIZIEREN <\/strong><\/p>\n<p>ein Kompetenzerfassungssystem f\u00fcr Bewertungsprozesse<\/p>\n<p><strong>WIR F\u00d6RDERN <\/strong><\/p>\n<p>transversalit\u00e4t und Integration zwischen den verschiedenen beruflichen Realit\u00e4ten des Unternehmens<\/p>\n<p>Dieser Ansatz erm\u00f6glicht es, das berufliche System wirklich in den Mittelpunkt der Ressourcenverwaltung zu stellen und so ein Instrument f\u00fcr alle HR-Direktionen zu schaffen, das sie in ihrem Wachstums- und Entwicklungsprozess unterst\u00fctzen kann.<\/p>\n<h3>UNSER MODELL<\/h3>\n<h4 class=\"title\">Berufs&shy;felder&nbsp;und&nbsp;Fa&shy;mi&shy;lien<\/h4>\n<h4 class=\"title\">BERUFLICHE AUFGABEN<\/h4>\n<h4 class=\"title\">TECHNISCHE UND BERUFLICHE F\u00c4HIGKEITEN<\/h4>\n<h4 class=\"title\">Orga&shy;ni&shy;sa&shy;to&shy;ri&shy;sche&nbsp;F\u00e4&shy;hig&shy;kei&shy;ten&nbsp;und&nbsp;Ver&shy;hal&shy;tens&shy;wei&shy;sen<\/h4>\n<h4 class=\"title\">Entwicklungs&shy;wege<\/h4>\n<h3 style=\"color: #ffffff; margin: 0px;\">DAS K\u00d6NNTE SIE INTERESSIEREN<\/h3>\n<ul class=\"mfn-list mfn-list-left mfn-list-middle\">\n<li class=\"mfn-list-item\" style=\"counter-set: my-sec-counter 0;\"><span class=\"mfn-list-desc\"><a href=\"https:\/\/www.hcms.it\/competency-framework\/\">BEF\u00c4HIGUNGSRAHMEN<\/a><\/span><\/li>\n<\/ul>\n<h6 class=\"title\">BERATUNG, SCHULUNG ZUR DIGITALISIERUNG DES PERSONALWESENS UND UNTERNEHMENSL\u00d6SUNGEN ENTDECKEN SIE DIE ALVERIA-METHODE UND BEREITEN SIE SICH AUF DEN WANDEL VOR.<\/h6>\n<p><a class=\"button  button_size_2 button_dark\" title=\"\" href=\"\/de\/kontakte\/\"><span class=\"button_label\">WEITERE INFORMATIONEN ANFORDERN<\/span><\/a><\/p>","protected":false},"excerpt":{"rendered":"<p>Home TI GUIDIAMO NELLA SCELTA DEI RUOLI E DELLE COMPETENZE NECESSARIE A FRONTEGGIARE LE SFIDE E RIMANERE COMPETITIVO SUL MERCATO Attraverso analisi di benchmark, nazionali e<span class=\"excerpt-hellip\"> [...]<\/span><\/p>","protected":false},"author":3,"featured_media":696,"parent":125,"menu_order":0,"comment_status":"open","ping_status":"closed","template":"","meta":{"iawp_total_views":118,"footnotes":""},"class_list":["post-460","page","type-page","status-publish","has-post-thumbnail","hentry"],"yoast_head":"<!-- This site is optimized with the Yoast SEO plugin v25.1 - https:\/\/yoast.com\/wordpress\/plugins\/seo\/ -->\n<title>SISTEMI PROFESSIONALI<\/title>\n<meta name=\"description\" content=\"Alveria supporta le Direzioni HR nello sviluppo di Sistemi Professionali, identificando ruoli e competenze per rimanere competitivi.\" \/>\n<meta name=\"robots\" content=\"index, follow, max-snippet:-1, max-image-preview:large, max-video-preview:-1\" \/>\n<link rel=\"canonical\" href=\"https:\/\/www.alveria.it\/de\/beratung\/professionelle-systeme\/\" \/>\n<meta property=\"og:locale\" content=\"de_DE\" \/>\n<meta property=\"og:type\" content=\"article\" \/>\n<meta property=\"og:title\" content=\"SISTEMI PROFESSIONALI\" \/>\n<meta property=\"og:description\" content=\"Alveria supporta le Direzioni HR nello sviluppo di Sistemi Professionali, identificando ruoli e competenze per rimanere competitivi.\" \/>\n<meta property=\"og:url\" content=\"https:\/\/www.alveria.it\/de\/beratung\/professionelle-systeme\/\" \/>\n<meta property=\"og:site_name\" content=\"Alveria - Consulting, Training and Solutions\" \/>\n<meta property=\"article:modified_time\" content=\"2025-10-23T10:54:03+00:00\" \/>\n<meta property=\"og:image\" content=\"https:\/\/www.alveria.it\/wp-content\/uploads\/2023\/09\/Sistemi-Professionali-virata-1.jpg\" \/>\n\t<meta property=\"og:image:width\" content=\"1920\" \/>\n\t<meta property=\"og:image:height\" content=\"1080\" \/>\n\t<meta property=\"og:image:type\" content=\"image\/jpeg\" \/>\n<meta name=\"twitter:card\" content=\"summary_large_image\" \/>\n<meta name=\"twitter:label1\" content=\"Gesch\u00e4tzte Lesezeit\" \/>\n\t<meta name=\"twitter:data1\" content=\"3\u00a0Minuten\" \/>\n<script type=\"application\/ld+json\" class=\"yoast-schema-graph\">{\"@context\":\"https:\/\/schema.org\",\"@graph\":[{\"@type\":\"WebPage\",\"@id\":\"https:\/\/www.alveria.it\/consulenza\/sistemi-professionali\/\",\"url\":\"https:\/\/www.alveria.it\/consulenza\/sistemi-professionali\/\",\"name\":\"SISTEMI PROFESSIONALI\",\"isPartOf\":{\"@id\":\"https:\/\/www.alveria.it\/#website\"},\"primaryImageOfPage\":{\"@id\":\"https:\/\/www.alveria.it\/consulenza\/sistemi-professionali\/#primaryimage\"},\"image\":{\"@id\":\"https:\/\/www.alveria.it\/consulenza\/sistemi-professionali\/#primaryimage\"},\"thumbnailUrl\":\"https:\/\/www.alveria.it\/wp-content\/uploads\/2023\/09\/Sistemi-Professionali-virata-1.jpg\",\"datePublished\":\"2023-09-26T13:07:40+00:00\",\"dateModified\":\"2025-10-23T10:54:03+00:00\",\"description\":\"Alveria supporta le Direzioni HR nello sviluppo di Sistemi Professionali, identificando ruoli e competenze per rimanere competitivi.\",\"breadcrumb\":{\"@id\":\"https:\/\/www.alveria.it\/consulenza\/sistemi-professionali\/#breadcrumb\"},\"inLanguage\":\"de\",\"potentialAction\":[{\"@type\":\"ReadAction\",\"target\":[\"https:\/\/www.alveria.it\/consulenza\/sistemi-professionali\/\"]}]},{\"@type\":\"ImageObject\",\"inLanguage\":\"de\",\"@id\":\"https:\/\/www.alveria.it\/consulenza\/sistemi-professionali\/#primaryimage\",\"url\":\"https:\/\/www.alveria.it\/wp-content\/uploads\/2023\/09\/Sistemi-Professionali-virata-1.jpg\",\"contentUrl\":\"https:\/\/www.alveria.it\/wp-content\/uploads\/2023\/09\/Sistemi-Professionali-virata-1.jpg\",\"width\":1920,\"height\":1080},{\"@type\":\"BreadcrumbList\",\"@id\":\"https:\/\/www.alveria.it\/consulenza\/sistemi-professionali\/#breadcrumb\",\"itemListElement\":[{\"@type\":\"ListItem\",\"position\":1,\"name\":\"Home\",\"item\":\"https:\/\/www.alveria.it\/\"},{\"@type\":\"ListItem\",\"position\":2,\"name\":\"CONSULENZA\",\"item\":\"https:\/\/www.alveria.it\/consulenza\/\"},{\"@type\":\"ListItem\",\"position\":3,\"name\":\"SISTEMI PROFESSIONALI\"}]},{\"@type\":\"WebSite\",\"@id\":\"https:\/\/www.alveria.it\/#website\",\"url\":\"https:\/\/www.alveria.it\/\",\"name\":\"Alveria - Consulting, Training and Solutions\",\"description\":\"Alveria - Consulting, Training and Solutions\",\"publisher\":{\"@id\":\"https:\/\/www.alveria.it\/#organization\"},\"potentialAction\":[{\"@type\":\"SearchAction\",\"target\":{\"@type\":\"EntryPoint\",\"urlTemplate\":\"https:\/\/www.alveria.it\/?s={search_term_string}\"},\"query-input\":{\"@type\":\"PropertyValueSpecification\",\"valueRequired\":true,\"valueName\":\"search_term_string\"}}],\"inLanguage\":\"de\"},{\"@type\":\"Organization\",\"@id\":\"https:\/\/www.alveria.it\/#organization\",\"name\":\"Alveria - Consulting, Training and Solutions\",\"url\":\"https:\/\/www.alveria.it\/\",\"logo\":{\"@type\":\"ImageObject\",\"inLanguage\":\"de\",\"@id\":\"https:\/\/www.alveria.it\/#\/schema\/logo\/image\/\",\"url\":\"https:\/\/www.alveria.it\/wp-content\/uploads\/2023\/12\/logo_alveria_normal.svg\",\"contentUrl\":\"https:\/\/www.alveria.it\/wp-content\/uploads\/2023\/12\/logo_alveria_normal.svg\",\"caption\":\"Alveria - Consulting, Training and Solutions\"},\"image\":{\"@id\":\"https:\/\/www.alveria.it\/#\/schema\/logo\/image\/\"}}]}<\/script>\n<!-- \/ Yoast SEO plugin. -->","yoast_head_json":{"title":"SISTEMI PROFESSIONALI","description":"Alveria supporta le Direzioni HR nello sviluppo di Sistemi Professionali, identificando ruoli e competenze per rimanere competitivi.","robots":{"index":"index","follow":"follow","max-snippet":"max-snippet:-1","max-image-preview":"max-image-preview:large","max-video-preview":"max-video-preview:-1"},"canonical":"https:\/\/www.alveria.it\/de\/beratung\/professionelle-systeme\/","og_locale":"de_DE","og_type":"article","og_title":"SISTEMI PROFESSIONALI","og_description":"Alveria supporta le Direzioni HR nello sviluppo di Sistemi Professionali, identificando ruoli e competenze per rimanere competitivi.","og_url":"https:\/\/www.alveria.it\/de\/beratung\/professionelle-systeme\/","og_site_name":"Alveria - Consulting, Training and Solutions","article_modified_time":"2025-10-23T10:54:03+00:00","og_image":[{"width":1920,"height":1080,"url":"https:\/\/www.alveria.it\/wp-content\/uploads\/2023\/09\/Sistemi-Professionali-virata-1.jpg","type":"image\/jpeg"}],"twitter_card":"summary_large_image","twitter_misc":{"Gesch\u00e4tzte Lesezeit":"3\u00a0Minuten"},"schema":{"@context":"https:\/\/schema.org","@graph":[{"@type":"WebPage","@id":"https:\/\/www.alveria.it\/consulenza\/sistemi-professionali\/","url":"https:\/\/www.alveria.it\/consulenza\/sistemi-professionali\/","name":"SISTEMI PROFESSIONALI","isPartOf":{"@id":"https:\/\/www.alveria.it\/#website"},"primaryImageOfPage":{"@id":"https:\/\/www.alveria.it\/consulenza\/sistemi-professionali\/#primaryimage"},"image":{"@id":"https:\/\/www.alveria.it\/consulenza\/sistemi-professionali\/#primaryimage"},"thumbnailUrl":"https:\/\/www.alveria.it\/wp-content\/uploads\/2023\/09\/Sistemi-Professionali-virata-1.jpg","datePublished":"2023-09-26T13:07:40+00:00","dateModified":"2025-10-23T10:54:03+00:00","description":"Alveria supporta le Direzioni HR nello sviluppo di Sistemi Professionali, identificando ruoli e competenze per rimanere competitivi.","breadcrumb":{"@id":"https:\/\/www.alveria.it\/consulenza\/sistemi-professionali\/#breadcrumb"},"inLanguage":"de","potentialAction":[{"@type":"ReadAction","target":["https:\/\/www.alveria.it\/consulenza\/sistemi-professionali\/"]}]},{"@type":"ImageObject","inLanguage":"de","@id":"https:\/\/www.alveria.it\/consulenza\/sistemi-professionali\/#primaryimage","url":"https:\/\/www.alveria.it\/wp-content\/uploads\/2023\/09\/Sistemi-Professionali-virata-1.jpg","contentUrl":"https:\/\/www.alveria.it\/wp-content\/uploads\/2023\/09\/Sistemi-Professionali-virata-1.jpg","width":1920,"height":1080},{"@type":"BreadcrumbList","@id":"https:\/\/www.alveria.it\/consulenza\/sistemi-professionali\/#breadcrumb","itemListElement":[{"@type":"ListItem","position":1,"name":"Home","item":"https:\/\/www.alveria.it\/"},{"@type":"ListItem","position":2,"name":"CONSULENZA","item":"https:\/\/www.alveria.it\/consulenza\/"},{"@type":"ListItem","position":3,"name":"SISTEMI PROFESSIONALI"}]},{"@type":"WebSite","@id":"https:\/\/www.alveria.it\/#website","url":"https:\/\/www.alveria.it\/","name":"Alveria - Consulting, Training and Solutions","description":"Alveria - Consulting, Training and Solutions","publisher":{"@id":"https:\/\/www.alveria.it\/#organization"},"potentialAction":[{"@type":"SearchAction","target":{"@type":"EntryPoint","urlTemplate":"https:\/\/www.alveria.it\/?s={search_term_string}"},"query-input":{"@type":"PropertyValueSpecification","valueRequired":true,"valueName":"search_term_string"}}],"inLanguage":"de"},{"@type":"Organization","@id":"https:\/\/www.alveria.it\/#organization","name":"Alveria - Consulting, Training and Solutions","url":"https:\/\/www.alveria.it\/","logo":{"@type":"ImageObject","inLanguage":"de","@id":"https:\/\/www.alveria.it\/#\/schema\/logo\/image\/","url":"https:\/\/www.alveria.it\/wp-content\/uploads\/2023\/12\/logo_alveria_normal.svg","contentUrl":"https:\/\/www.alveria.it\/wp-content\/uploads\/2023\/12\/logo_alveria_normal.svg","caption":"Alveria - Consulting, Training and Solutions"},"image":{"@id":"https:\/\/www.alveria.it\/#\/schema\/logo\/image\/"}}]}},"_links":{"self":[{"href":"https:\/\/www.alveria.it\/de\/wp-json\/wp\/v2\/pages\/460","targetHints":{"allow":["GET"]}}],"collection":[{"href":"https:\/\/www.alveria.it\/de\/wp-json\/wp\/v2\/pages"}],"about":[{"href":"https:\/\/www.alveria.it\/de\/wp-json\/wp\/v2\/types\/page"}],"author":[{"embeddable":true,"href":"https:\/\/www.alveria.it\/de\/wp-json\/wp\/v2\/users\/3"}],"replies":[{"embeddable":true,"href":"https:\/\/www.alveria.it\/de\/wp-json\/wp\/v2\/comments?post=460"}],"version-history":[{"count":2,"href":"https:\/\/www.alveria.it\/de\/wp-json\/wp\/v2\/pages\/460\/revisions"}],"predecessor-version":[{"id":1436,"href":"https:\/\/www.alveria.it\/de\/wp-json\/wp\/v2\/pages\/460\/revisions\/1436"}],"up":[{"embeddable":true,"href":"https:\/\/www.alveria.it\/de\/wp-json\/wp\/v2\/pages\/125"}],"wp:featuredmedia":[{"embeddable":true,"href":"https:\/\/www.alveria.it\/de\/wp-json\/wp\/v2\/media\/696"}],"wp:attachment":[{"href":"https:\/\/www.alveria.it\/de\/wp-json\/wp\/v2\/media?parent=460"}],"curies":[{"name":"wp","href":"https:\/\/api.w.org\/{rel}","templated":true}]}}