{"id":458,"date":"2023-09-26T12:42:22","date_gmt":"2023-09-26T12:42:22","guid":{"rendered":"https:\/\/www.alveria.it\/?page_id=458"},"modified":"2024-05-21T11:49:25","modified_gmt":"2024-05-21T11:49:25","slug":"verbale-und-nonverbale-kommunikation","status":"publish","type":"page","link":"https:\/\/www.alveria.it\/de\/ausbildung\/personal-und-fuhrungskrafteentwicklung-162\/offentliche-und-unternehmenskommunikation\/verbale-und-nonverbale-kommunikation\/","title":{"rendered":"VERBALE UND NONVERBALE KOMMUNIKATION"},"content":{"rendered":"<p>VERBALE UND NONVERBALE KOMMUNIKATION<\/p>\n<p>[aioseo_breadcrumbs]<\/p>\n<ul>\n<li>| VOR ORT UND ONLINE<\/li>\n<li>GRUNDF\u00c4HIGKEITEN<\/li>\n<li>2 MODULE<\/li>\n<\/ul>\n<h3 class=\"title\">WIE MAN K\u00d6RPERBOTSCHAFTEN INTERPRETIERT? WIE MAN NONVERBALE GESTEN UND HALTUNGEN VERSTEHEN KANN, UM DIE ANDERE PERSON AUF DEN ERSTEN BLICK ZU VERSTEHEN?<\/h3>\n<h3 class=\"title\">ZIELE<\/h3>\n<p style=\"text-align: center;\">K\u00f6rperhaltung, Haltung, Bewegungen der Gliedma\u00dfen und Mimik sind nur einige der kommunikativen Handlungen, die wir in unseren Gespr\u00e4chen vollziehen. Diese Handlungen haben ihre eigene pr\u00e4zise <strong>kommunikativer Wert<\/strong> die oft noch<strong> auf einer unterbewussten Ebene<\/strong>. Doch gerade sie sind es, die den gr\u00f6\u00dften Teil unserer Botschaft vermitteln. Wenn wir uns dieser \"Sprache\" bewusst werden, verf\u00fcgen wir \u00fcber ein hervorragendes Instrument, um effektiv zu kommunizieren und in der Lage zu sein <strong>Lesen\" jenseits von Worten<\/strong> und in der Lage, uns in die Menschen um uns herum einzuf\u00fchlen.<\/p>\n<h3>PROGRAMM<\/h3>\n<p style=\"text-align: left;\"><strong>Modul 1<\/strong><\/p>\n<ul class=\"mfn-list mfn-list-left mfn-list-middle\">\n<li class=\"mfn-list-item\" style=\"counter-set: my-sec-counter 0;\"><span class=\"mfn-list-desc\">Kommunikation: Wissen, wie man effektiv kommuniziert<\/span><\/li>\n<li class=\"mfn-list-item\"><span class=\"mfn-list-desc\">M\u00fcndliche Kommunikation: die Macht der Sprache, \u00dcberzeugung<\/span><\/li>\n<li class=\"mfn-list-item\"><span class=\"mfn-list-desc\">Nonverbale Kommunikation: K\u00f6rpersprache lesen<\/span><\/li>\n<\/ul>\n<p style=\"text-align: left;\"><strong>Modul 2<\/strong><\/p>\n<ul class=\"mfn-list mfn-list-left mfn-list-middle\">\n<li class=\"mfn-list-item\" style=\"counter-set: my-sec-counter 0;\"><span class=\"mfn-list-desc\">Paraverbale Kommunikation: Blicke, Tonfall, Kleidung und Selbstbild<\/span><\/li>\n<li class=\"mfn-list-item\"><span class=\"mfn-list-desc\">Proxemik: Verwaltung des umgebenden Raums in Gespr\u00e4chen und Beziehungen.<\/span><\/li>\n<\/ul>\n<h3 class=\"title\">P\u00c4DAGOGIE<\/h3>\n<p style=\"text-align: center;\">Der Kurs ist sehr praxisorientiert. Die Didaktik sieht den st\u00e4ndigen Wechsel von theoretischen und praktischen Momenten mit Rollenspielen, Simulationen und \u00dcbungen vor.<\/p>\n<h3 class=\"title\">EMPF\u00c4NGER<\/h3>\n<p style=\"text-align: center;\">Der Kurs richtet sich an alle, die ihre Verhaltensweisen vertiefen und entwickeln wollen, um ihre Autorit\u00e4t zu st\u00e4rken, und die insbesondere ihre Kenntnisse \u00fcber K\u00f6rpersprache und Metaprogramme, die ihre Interaktion mit anderen beeinflussen, vertiefen wollen.<\/p>\n<h3 class=\"title\">SCHULUNGSUNTERLAGEN<\/h3>\n<p style=\"text-align: center;\">Videovortr\u00e4ge und Unterrichtsmaterialien<\/p>\n<h6 class=\"title\"><a href=\"https:\/\/www.hcms.it\/contatti\/\">BERATUNG<\/a>HR-DIGITALISIERUNGSSCHULUNGEN UND UNTERNEHMENSL\u00d6SUNGEN ENTDECKEN SIE DIE ALVERIA-METHODE UND BEREITEN SIE SICH AUF DEN WANDEL VOR.<\/h6>\n<p><a class=\"button  button_size_2 button_dark\" title=\"\" href=\"\/de\/kontakte\/\"><span class=\"button_label\">WEITERE INFORMATIONEN ANFORDERN<\/span><\/a><\/p>","protected":false},"excerpt":{"rendered":"<p>COMUNICAZIONE VERBALE E NON VERBALE [aioseo_breadcrumbs] | IN PRESENZA E ONLINE COMPETENZE BASE 2 MODULI COME INTERPRETARE I MESSAGGI DEL CORPO? COME COMPRENDERE GESTI E ATTEGGIAMENTI<span class=\"excerpt-hellip\"> [...]<\/span><\/p>","protected":false},"author":2,"featured_media":754,"parent":167,"menu_order":0,"comment_status":"open","ping_status":"closed","template":"","meta":{"iawp_total_views":53,"footnotes":""},"class_list":["post-458","page","type-page","status-publish","has-post-thumbnail","hentry"],"yoast_head":"<!-- This site is optimized with the Yoast SEO plugin v25.1 - https:\/\/yoast.com\/wordpress\/plugins\/seo\/ -->\n<title>COMUNICAZIONE VERBALE E NON VERBALE<\/title>\n<meta name=\"description\" content=\"Scopri il corso di Comunicazione Verbale e Non Verbale di Alveria: impara a leggere il linguaggio del corpo e migliorare la tua comunicazione.\" \/>\n<meta name=\"robots\" content=\"index, follow, max-snippet:-1, max-image-preview:large, max-video-preview:-1\" \/>\n<link rel=\"canonical\" href=\"https:\/\/www.alveria.it\/de\/ausbildung\/entwicklung-von-menschen-und-fuhrungskraften\/offentliche-und-unternehmenskommunikation\/verbale-und-nonverbale-kommunikation\/\" \/>\n<meta property=\"og:locale\" content=\"de_DE\" \/>\n<meta property=\"og:type\" content=\"article\" \/>\n<meta property=\"og:title\" content=\"COMUNICAZIONE VERBALE E NON VERBALE\" \/>\n<meta property=\"og:description\" content=\"Scopri il corso di Comunicazione Verbale e Non Verbale di Alveria: impara a leggere il linguaggio del corpo e migliorare la tua comunicazione.\" \/>\n<meta property=\"og:url\" content=\"https:\/\/www.alveria.it\/de\/ausbildung\/entwicklung-von-menschen-und-fuhrungskraften\/offentliche-und-unternehmenskommunikation\/verbale-und-nonverbale-kommunikation\/\" \/>\n<meta property=\"og:site_name\" content=\"Alveria - Consulting, Training and Solutions\" \/>\n<meta property=\"article:modified_time\" content=\"2024-05-21T11:49:25+00:00\" \/>\n<meta property=\"og:image\" content=\"https:\/\/www.alveria.it\/wp-content\/uploads\/2023\/09\/Comunicazione-verbale-non-virata.jpg\" \/>\n\t<meta property=\"og:image:width\" content=\"1920\" \/>\n\t<meta property=\"og:image:height\" content=\"1080\" \/>\n\t<meta property=\"og:image:type\" content=\"image\/jpeg\" \/>\n<meta name=\"twitter:card\" content=\"summary_large_image\" \/>\n<meta name=\"twitter:label1\" content=\"Gesch\u00e4tzte Lesezeit\" \/>\n\t<meta name=\"twitter:data1\" content=\"2\u00a0Minuten\" \/>\n<script type=\"application\/ld+json\" class=\"yoast-schema-graph\">{\"@context\":\"https:\/\/schema.org\",\"@graph\":[{\"@type\":\"WebPage\",\"@id\":\"https:\/\/www.alveria.it\/formazione\/people-e-managerial-development\/comunicazione-pubblica-e-di-impresa\/comunicazione-verbale-e-non-verbale\/\",\"url\":\"https:\/\/www.alveria.it\/formazione\/people-e-managerial-development\/comunicazione-pubblica-e-di-impresa\/comunicazione-verbale-e-non-verbale\/\",\"name\":\"COMUNICAZIONE VERBALE E NON VERBALE\",\"isPartOf\":{\"@id\":\"https:\/\/www.alveria.it\/#website\"},\"primaryImageOfPage\":{\"@id\":\"https:\/\/www.alveria.it\/formazione\/people-e-managerial-development\/comunicazione-pubblica-e-di-impresa\/comunicazione-verbale-e-non-verbale\/#primaryimage\"},\"image\":{\"@id\":\"https:\/\/www.alveria.it\/formazione\/people-e-managerial-development\/comunicazione-pubblica-e-di-impresa\/comunicazione-verbale-e-non-verbale\/#primaryimage\"},\"thumbnailUrl\":\"https:\/\/www.alveria.it\/wp-content\/uploads\/2023\/09\/Comunicazione-verbale-non-virata.jpg\",\"datePublished\":\"2023-09-26T12:42:22+00:00\",\"dateModified\":\"2024-05-21T11:49:25+00:00\",\"description\":\"Scopri il corso di Comunicazione Verbale e Non Verbale di Alveria: impara a leggere il linguaggio del corpo e migliorare la tua comunicazione.\",\"breadcrumb\":{\"@id\":\"https:\/\/www.alveria.it\/formazione\/people-e-managerial-development\/comunicazione-pubblica-e-di-impresa\/comunicazione-verbale-e-non-verbale\/#breadcrumb\"},\"inLanguage\":\"de\",\"potentialAction\":[{\"@type\":\"ReadAction\",\"target\":[\"https:\/\/www.alveria.it\/formazione\/people-e-managerial-development\/comunicazione-pubblica-e-di-impresa\/comunicazione-verbale-e-non-verbale\/\"]}]},{\"@type\":\"ImageObject\",\"inLanguage\":\"de\",\"@id\":\"https:\/\/www.alveria.it\/formazione\/people-e-managerial-development\/comunicazione-pubblica-e-di-impresa\/comunicazione-verbale-e-non-verbale\/#primaryimage\",\"url\":\"https:\/\/www.alveria.it\/wp-content\/uploads\/2023\/09\/Comunicazione-verbale-non-virata.jpg\",\"contentUrl\":\"https:\/\/www.alveria.it\/wp-content\/uploads\/2023\/09\/Comunicazione-verbale-non-virata.jpg\",\"width\":1920,\"height\":1080},{\"@type\":\"BreadcrumbList\",\"@id\":\"https:\/\/www.alveria.it\/formazione\/people-e-managerial-development\/comunicazione-pubblica-e-di-impresa\/comunicazione-verbale-e-non-verbale\/#breadcrumb\",\"itemListElement\":[{\"@type\":\"ListItem\",\"position\":1,\"name\":\"Home\",\"item\":\"https:\/\/www.alveria.it\/\"},{\"@type\":\"ListItem\",\"position\":2,\"name\":\"FORMAZIONE\",\"item\":\"https:\/\/www.alveria.it\/formazione\/\"},{\"@type\":\"ListItem\",\"position\":3,\"name\":\"PEOPLE E MANAGERIAL DEVELOPMENT\",\"item\":\"https:\/\/www.alveria.it\/formazione\/people-e-managerial-development\/\"},{\"@type\":\"ListItem\",\"position\":4,\"name\":\"COMUNICAZIONE PUBBLICA E DI IMPRESA\",\"item\":\"https:\/\/www.alveria.it\/formazione\/people-e-managerial-development\/comunicazione-pubblica-e-di-impresa\/\"},{\"@type\":\"ListItem\",\"position\":5,\"name\":\"COMUNICAZIONE VERBALE E NON VERBALE\"}]},{\"@type\":\"WebSite\",\"@id\":\"https:\/\/www.alveria.it\/#website\",\"url\":\"https:\/\/www.alveria.it\/\",\"name\":\"Alveria - Consulting, Training and Solutions\",\"description\":\"Alveria - Consulting, Training and Solutions\",\"publisher\":{\"@id\":\"https:\/\/www.alveria.it\/#organization\"},\"potentialAction\":[{\"@type\":\"SearchAction\",\"target\":{\"@type\":\"EntryPoint\",\"urlTemplate\":\"https:\/\/www.alveria.it\/?s={search_term_string}\"},\"query-input\":{\"@type\":\"PropertyValueSpecification\",\"valueRequired\":true,\"valueName\":\"search_term_string\"}}],\"inLanguage\":\"de\"},{\"@type\":\"Organization\",\"@id\":\"https:\/\/www.alveria.it\/#organization\",\"name\":\"Alveria - Consulting, Training and Solutions\",\"url\":\"https:\/\/www.alveria.it\/\",\"logo\":{\"@type\":\"ImageObject\",\"inLanguage\":\"de\",\"@id\":\"https:\/\/www.alveria.it\/#\/schema\/logo\/image\/\",\"url\":\"https:\/\/www.alveria.it\/wp-content\/uploads\/2023\/12\/logo_alveria_normal.svg\",\"contentUrl\":\"https:\/\/www.alveria.it\/wp-content\/uploads\/2023\/12\/logo_alveria_normal.svg\",\"caption\":\"Alveria - Consulting, Training and Solutions\"},\"image\":{\"@id\":\"https:\/\/www.alveria.it\/#\/schema\/logo\/image\/\"}}]}<\/script>\n<!-- \/ Yoast SEO plugin. -->","yoast_head_json":{"title":"COMUNICAZIONE VERBALE E NON VERBALE","description":"Scopri il corso di Comunicazione Verbale e Non Verbale di Alveria: impara a leggere il linguaggio del corpo e migliorare la tua comunicazione.","robots":{"index":"index","follow":"follow","max-snippet":"max-snippet:-1","max-image-preview":"max-image-preview:large","max-video-preview":"max-video-preview:-1"},"canonical":"https:\/\/www.alveria.it\/de\/ausbildung\/entwicklung-von-menschen-und-fuhrungskraften\/offentliche-und-unternehmenskommunikation\/verbale-und-nonverbale-kommunikation\/","og_locale":"de_DE","og_type":"article","og_title":"COMUNICAZIONE VERBALE E NON VERBALE","og_description":"Scopri il corso di Comunicazione Verbale e Non Verbale di Alveria: impara a leggere il linguaggio del corpo e migliorare la tua comunicazione.","og_url":"https:\/\/www.alveria.it\/de\/ausbildung\/entwicklung-von-menschen-und-fuhrungskraften\/offentliche-und-unternehmenskommunikation\/verbale-und-nonverbale-kommunikation\/","og_site_name":"Alveria - Consulting, Training and Solutions","article_modified_time":"2024-05-21T11:49:25+00:00","og_image":[{"width":1920,"height":1080,"url":"https:\/\/www.alveria.it\/wp-content\/uploads\/2023\/09\/Comunicazione-verbale-non-virata.jpg","type":"image\/jpeg"}],"twitter_card":"summary_large_image","twitter_misc":{"Gesch\u00e4tzte Lesezeit":"2\u00a0Minuten"},"schema":{"@context":"https:\/\/schema.org","@graph":[{"@type":"WebPage","@id":"https:\/\/www.alveria.it\/formazione\/people-e-managerial-development\/comunicazione-pubblica-e-di-impresa\/comunicazione-verbale-e-non-verbale\/","url":"https:\/\/www.alveria.it\/formazione\/people-e-managerial-development\/comunicazione-pubblica-e-di-impresa\/comunicazione-verbale-e-non-verbale\/","name":"COMUNICAZIONE VERBALE E NON VERBALE","isPartOf":{"@id":"https:\/\/www.alveria.it\/#website"},"primaryImageOfPage":{"@id":"https:\/\/www.alveria.it\/formazione\/people-e-managerial-development\/comunicazione-pubblica-e-di-impresa\/comunicazione-verbale-e-non-verbale\/#primaryimage"},"image":{"@id":"https:\/\/www.alveria.it\/formazione\/people-e-managerial-development\/comunicazione-pubblica-e-di-impresa\/comunicazione-verbale-e-non-verbale\/#primaryimage"},"thumbnailUrl":"https:\/\/www.alveria.it\/wp-content\/uploads\/2023\/09\/Comunicazione-verbale-non-virata.jpg","datePublished":"2023-09-26T12:42:22+00:00","dateModified":"2024-05-21T11:49:25+00:00","description":"Scopri il corso di Comunicazione Verbale e Non Verbale di Alveria: impara a leggere il linguaggio del corpo e migliorare la tua comunicazione.","breadcrumb":{"@id":"https:\/\/www.alveria.it\/formazione\/people-e-managerial-development\/comunicazione-pubblica-e-di-impresa\/comunicazione-verbale-e-non-verbale\/#breadcrumb"},"inLanguage":"de","potentialAction":[{"@type":"ReadAction","target":["https:\/\/www.alveria.it\/formazione\/people-e-managerial-development\/comunicazione-pubblica-e-di-impresa\/comunicazione-verbale-e-non-verbale\/"]}]},{"@type":"ImageObject","inLanguage":"de","@id":"https:\/\/www.alveria.it\/formazione\/people-e-managerial-development\/comunicazione-pubblica-e-di-impresa\/comunicazione-verbale-e-non-verbale\/#primaryimage","url":"https:\/\/www.alveria.it\/wp-content\/uploads\/2023\/09\/Comunicazione-verbale-non-virata.jpg","contentUrl":"https:\/\/www.alveria.it\/wp-content\/uploads\/2023\/09\/Comunicazione-verbale-non-virata.jpg","width":1920,"height":1080},{"@type":"BreadcrumbList","@id":"https:\/\/www.alveria.it\/formazione\/people-e-managerial-development\/comunicazione-pubblica-e-di-impresa\/comunicazione-verbale-e-non-verbale\/#breadcrumb","itemListElement":[{"@type":"ListItem","position":1,"name":"Home","item":"https:\/\/www.alveria.it\/"},{"@type":"ListItem","position":2,"name":"FORMAZIONE","item":"https:\/\/www.alveria.it\/formazione\/"},{"@type":"ListItem","position":3,"name":"PEOPLE E MANAGERIAL DEVELOPMENT","item":"https:\/\/www.alveria.it\/formazione\/people-e-managerial-development\/"},{"@type":"ListItem","position":4,"name":"COMUNICAZIONE PUBBLICA E DI IMPRESA","item":"https:\/\/www.alveria.it\/formazione\/people-e-managerial-development\/comunicazione-pubblica-e-di-impresa\/"},{"@type":"ListItem","position":5,"name":"COMUNICAZIONE VERBALE E NON VERBALE"}]},{"@type":"WebSite","@id":"https:\/\/www.alveria.it\/#website","url":"https:\/\/www.alveria.it\/","name":"Alveria - Consulting, Training and Solutions","description":"Alveria - Consulting, Training and Solutions","publisher":{"@id":"https:\/\/www.alveria.it\/#organization"},"potentialAction":[{"@type":"SearchAction","target":{"@type":"EntryPoint","urlTemplate":"https:\/\/www.alveria.it\/?s={search_term_string}"},"query-input":{"@type":"PropertyValueSpecification","valueRequired":true,"valueName":"search_term_string"}}],"inLanguage":"de"},{"@type":"Organization","@id":"https:\/\/www.alveria.it\/#organization","name":"Alveria - Consulting, Training and Solutions","url":"https:\/\/www.alveria.it\/","logo":{"@type":"ImageObject","inLanguage":"de","@id":"https:\/\/www.alveria.it\/#\/schema\/logo\/image\/","url":"https:\/\/www.alveria.it\/wp-content\/uploads\/2023\/12\/logo_alveria_normal.svg","contentUrl":"https:\/\/www.alveria.it\/wp-content\/uploads\/2023\/12\/logo_alveria_normal.svg","caption":"Alveria - Consulting, Training and Solutions"},"image":{"@id":"https:\/\/www.alveria.it\/#\/schema\/logo\/image\/"}}]}},"_links":{"self":[{"href":"https:\/\/www.alveria.it\/de\/wp-json\/wp\/v2\/pages\/458","targetHints":{"allow":["GET"]}}],"collection":[{"href":"https:\/\/www.alveria.it\/de\/wp-json\/wp\/v2\/pages"}],"about":[{"href":"https:\/\/www.alveria.it\/de\/wp-json\/wp\/v2\/types\/page"}],"author":[{"embeddable":true,"href":"https:\/\/www.alveria.it\/de\/wp-json\/wp\/v2\/users\/2"}],"replies":[{"embeddable":true,"href":"https:\/\/www.alveria.it\/de\/wp-json\/wp\/v2\/comments?post=458"}],"version-history":[{"count":2,"href":"https:\/\/www.alveria.it\/de\/wp-json\/wp\/v2\/pages\/458\/revisions"}],"predecessor-version":[{"id":1481,"href":"https:\/\/www.alveria.it\/de\/wp-json\/wp\/v2\/pages\/458\/revisions\/1481"}],"up":[{"embeddable":true,"href":"https:\/\/www.alveria.it\/de\/wp-json\/wp\/v2\/pages\/167"}],"wp:featuredmedia":[{"embeddable":true,"href":"https:\/\/www.alveria.it\/de\/wp-json\/wp\/v2\/media\/754"}],"wp:attachment":[{"href":"https:\/\/www.alveria.it\/de\/wp-json\/wp\/v2\/media?parent=458"}],"curies":[{"name":"wp","href":"https:\/\/api.w.org\/{rel}","templated":true}]}}