{"id":456,"date":"2023-09-26T12:41:12","date_gmt":"2023-09-26T12:41:12","guid":{"rendered":"https:\/\/www.alveria.it\/?page_id=456"},"modified":"2024-05-21T11:50:03","modified_gmt":"2024-05-21T11:50:03","slug":"rhetorik-und-geschaftsprasentation","status":"publish","type":"page","link":"https:\/\/www.alveria.it\/de\/ausbildung\/personal-und-fuhrungskrafteentwicklung-162\/offentliche-und-unternehmenskommunikation\/rhetorik-und-geschaftsprasentation\/","title":{"rendered":"RHETORIK UND GESCH\u00c4FTSPR\u00c4SENTATION"},"content":{"rendered":"<p>RHETORIK UND GESCH\u00c4FTSPR\u00c4SENTATION<\/p>\n<p>[aioseo_breadcrumbs]<\/p>\n<ul>\n<li>| VOR ORT UND ONLINE<\/li>\n<li>MITTLERE F\u00c4HIGKEITEN<\/li>\n<li>5 MODULE<\/li>\n<\/ul>\n<h3 class=\"title\">DIE KUNST ZU SPRECHEN UND DIE EROBERUNG DES PUBLIKUMS<\/h3>\n<h3 class=\"title\">ZIELE<\/h3>\n<p style=\"text-align: center;\">Der Kurs zielt darauf ab, die Teilnehmer mit folgenden Themen vertraut zu machen <strong>die Instrumente f\u00fcr eine wirksame Kommunikation in der \u00d6ffentlichkeit<\/strong>die Erprobung und Aneignung besonders sinnvoller und wirksamer Modelle innerhalb und au\u00dferhalb ihrer Organisation.<\/p>\n<h3>PROGRAMM<\/h3>\n<p style=\"text-align: left;\"><strong>Modul 1<\/strong><\/p>\n<ul class=\"mfn-list mfn-list-left mfn-list-middle\">\n<li class=\"mfn-list-item\" style=\"counter-set: my-sec-counter 0;\"><span class=\"mfn-list-desc\">Selbstdiagnose des kommunikativen Verhaltens<\/span><\/li>\n<li class=\"mfn-list-item\"><span class=\"mfn-list-desc\">Die Ziele der Verbesserung der pers\u00f6nlichen Effizienz<\/span><\/li>\n<li class=\"mfn-list-item\"><span class=\"mfn-list-desc\">Verbale und nonverbale Kommunikation: Verhaltenstechniken<\/span><\/li>\n<\/ul>\n<p style=\"text-align: left;\"><strong>Modul 2<\/strong><\/p>\n<ul class=\"mfn-list mfn-list-left mfn-list-middle\">\n<li class=\"mfn-list-item\" style=\"counter-set: my-sec-counter 0;\"><span class=\"mfn-list-desc\">Transparenz und Selbstvertrauen<\/span><\/li>\n<li class=\"mfn-list-item\"><span class=\"mfn-list-desc\">Wie man \u00c4ngste kontrollieren und emotionalen Stress bei Pr\u00e4sentationen positiv bew\u00e4ltigen kann<\/span><\/li>\n<li class=\"mfn-list-item\"><span class=\"mfn-list-desc\">Techniken des \u00f6ffentlichen Redens<\/span><\/li>\n<\/ul>\n<p style=\"text-align: left;\"><strong>Modul 3<\/strong><\/p>\n<ul class=\"mfn-list mfn-list-left mfn-list-middle\">\n<li class=\"mfn-list-item\" style=\"counter-set: my-sec-counter 0;\"><span class=\"mfn-list-desc\">Wie man eine Rede er\u00f6ffnet und schlie\u00dft<\/span><\/li>\n<li class=\"mfn-list-item\"><span class=\"mfn-list-desc\">Wie man das Publikum bei der Stange h\u00e4lt<\/span><\/li>\n<li class=\"mfn-list-item\"><span class=\"mfn-list-desc\">Auswahl der Inhalte, Auswahl der Schwerpunkte und der Pr\u00e4sentationsmittel<\/span><\/li>\n<\/ul>\n<p style=\"text-align: left;\"><strong>Modul 4<\/strong><\/p>\n<ul class=\"mfn-list mfn-list-left mfn-list-middle\">\n<li class=\"mfn-list-item\" style=\"counter-set: my-sec-counter 0;\"><span class=\"mfn-list-desc\">Struktur und Ablauf der Kommunikation<\/span><\/li>\n<li class=\"mfn-list-item\"><span class=\"mfn-list-desc\">K\u00f6rper und Sprache in der Kommunikation<\/span><\/li>\n<li class=\"mfn-list-item\"><span class=\"mfn-list-desc\">Interpretation, Kreativit\u00e4t und Emotionalit\u00e4t<\/span><\/li>\n<\/ul>\n<p style=\"text-align: left;\"><strong>Modul 5<\/strong><\/p>\n<ul class=\"mfn-list mfn-list-left mfn-list-middle\">\n<li class=\"mfn-list-item\" style=\"counter-set: my-sec-counter 0;\"><span class=\"mfn-list-desc\">Der Einsatz der Stimme<\/span><\/li>\n<li class=\"mfn-list-item\"><span class=\"mfn-list-desc\">Organisation von Pr\u00e4sentationsinhalten<\/span><\/li>\n<li class=\"mfn-list-item\"><span class=\"mfn-list-desc\">Strukturierung und Umsetzung der Unternehmenspr\u00e4sentation<\/span><\/li>\n<\/ul>\n<h3 class=\"title\">P\u00c4DAGOGIE<\/h3>\n<p style=\"text-align: center;\">Der Kurs ist sehr praxisorientiert. Die Didaktik sieht den st\u00e4ndigen Wechsel von theoretischen und praktischen Momenten mit Rollenspielen, Simulationen und \u00dcbungen vor.<\/p>\n<h3 class=\"title\">EMPF\u00c4NGER<\/h3>\n<p style=\"text-align: center;\"><strong>Manager<\/strong>\u00a0und\u00a0<strong>Betreiber von Organisationen<\/strong> privat und \u00f6ffentlich<\/p>\n<h3 class=\"title\">SCHULUNGSUNTERLAGEN<\/h3>\n<p style=\"text-align: center;\">Videovortr\u00e4ge und Unterrichtsmaterialien<\/p>\n<h6 class=\"title\"><a href=\"https:\/\/www.hcms.it\/contatti\/\">BERATUNG<\/a>HR-DIGITALISIERUNGSSCHULUNGEN UND UNTERNEHMENSL\u00d6SUNGEN ENTDECKEN SIE DIE ALVERIA-METHODE UND BEREITEN SIE SICH AUF DEN WANDEL VOR.<\/h6>\n<p><a class=\"button  button_size_2 button_dark\" title=\"\" href=\"\/de\/kontakte\/\"><span class=\"button_label\">WEITERE INFORMATIONEN ANFORDERN<\/span><\/a><\/p>","protected":false},"excerpt":{"rendered":"<p>PUBLIC SPEAKING E BUSINESS PRESENTATION [aioseo_breadcrumbs] | IN PRESENZA E ONLINE COMPETENZE INTERMEDIE 5 MODULI L\u2019ARTE DI SAPERE PARLARE E LA CONQUISTA DEL PUBBLICO OBIETTIVI Il<span class=\"excerpt-hellip\"> [...]<\/span><\/p>","protected":false},"author":2,"featured_media":753,"parent":167,"menu_order":0,"comment_status":"open","ping_status":"closed","template":"","meta":{"iawp_total_views":26,"footnotes":""},"class_list":["post-456","page","type-page","status-publish","has-post-thumbnail","hentry"],"yoast_head":"<!-- This site is optimized with the Yoast SEO plugin v25.1 - https:\/\/yoast.com\/wordpress\/plugins\/seo\/ -->\n<title>PUBLIC SPEAKING E BUSINESS PRESENTATION<\/title>\n<meta name=\"description\" content=\"Scopri il corso di Public Speaking e Business Presentation di Alveria: tecniche avanzate per comunicare e presentare con efficacia.\" \/>\n<meta name=\"robots\" content=\"index, follow, max-snippet:-1, max-image-preview:large, max-video-preview:-1\" \/>\n<link rel=\"canonical\" href=\"https:\/\/www.alveria.it\/de\/ausbildung\/entwicklung-von-menschen-und-fuhrungskraften\/offentliche-und-unternehmenskommunikation\/rhetorik-und-geschaftsprasentation\/\" \/>\n<meta property=\"og:locale\" content=\"de_DE\" \/>\n<meta property=\"og:type\" content=\"article\" \/>\n<meta property=\"og:title\" content=\"PUBLIC SPEAKING E BUSINESS PRESENTATION\" \/>\n<meta property=\"og:description\" content=\"Scopri il corso di Public Speaking e Business Presentation di Alveria: tecniche avanzate per comunicare e presentare con efficacia.\" \/>\n<meta property=\"og:url\" content=\"https:\/\/www.alveria.it\/de\/ausbildung\/entwicklung-von-menschen-und-fuhrungskraften\/offentliche-und-unternehmenskommunikation\/rhetorik-und-geschaftsprasentation\/\" \/>\n<meta property=\"og:site_name\" content=\"Alveria - Consulting, Training and Solutions\" \/>\n<meta property=\"article:modified_time\" content=\"2024-05-21T11:50:03+00:00\" \/>\n<meta property=\"og:image\" content=\"https:\/\/www.alveria.it\/wp-content\/uploads\/2023\/09\/public-speaking-business-presentation-virata.jpg\" \/>\n\t<meta property=\"og:image:width\" content=\"1920\" \/>\n\t<meta property=\"og:image:height\" content=\"1080\" \/>\n\t<meta property=\"og:image:type\" content=\"image\/jpeg\" \/>\n<meta name=\"twitter:card\" content=\"summary_large_image\" \/>\n<meta name=\"twitter:label1\" content=\"Gesch\u00e4tzte Lesezeit\" \/>\n\t<meta name=\"twitter:data1\" content=\"2\u00a0Minuten\" \/>\n<script type=\"application\/ld+json\" class=\"yoast-schema-graph\">{\"@context\":\"https:\/\/schema.org\",\"@graph\":[{\"@type\":\"WebPage\",\"@id\":\"https:\/\/www.alveria.it\/formazione\/people-e-managerial-development\/comunicazione-pubblica-e-di-impresa\/public-speaking-e-business-presentation\/\",\"url\":\"https:\/\/www.alveria.it\/formazione\/people-e-managerial-development\/comunicazione-pubblica-e-di-impresa\/public-speaking-e-business-presentation\/\",\"name\":\"PUBLIC SPEAKING E BUSINESS PRESENTATION\",\"isPartOf\":{\"@id\":\"https:\/\/www.alveria.it\/#website\"},\"primaryImageOfPage\":{\"@id\":\"https:\/\/www.alveria.it\/formazione\/people-e-managerial-development\/comunicazione-pubblica-e-di-impresa\/public-speaking-e-business-presentation\/#primaryimage\"},\"image\":{\"@id\":\"https:\/\/www.alveria.it\/formazione\/people-e-managerial-development\/comunicazione-pubblica-e-di-impresa\/public-speaking-e-business-presentation\/#primaryimage\"},\"thumbnailUrl\":\"https:\/\/www.alveria.it\/wp-content\/uploads\/2023\/09\/public-speaking-business-presentation-virata.jpg\",\"datePublished\":\"2023-09-26T12:41:12+00:00\",\"dateModified\":\"2024-05-21T11:50:03+00:00\",\"description\":\"Scopri il corso di Public Speaking e Business Presentation di Alveria: tecniche avanzate per comunicare e presentare con efficacia.\",\"breadcrumb\":{\"@id\":\"https:\/\/www.alveria.it\/formazione\/people-e-managerial-development\/comunicazione-pubblica-e-di-impresa\/public-speaking-e-business-presentation\/#breadcrumb\"},\"inLanguage\":\"de\",\"potentialAction\":[{\"@type\":\"ReadAction\",\"target\":[\"https:\/\/www.alveria.it\/formazione\/people-e-managerial-development\/comunicazione-pubblica-e-di-impresa\/public-speaking-e-business-presentation\/\"]}]},{\"@type\":\"ImageObject\",\"inLanguage\":\"de\",\"@id\":\"https:\/\/www.alveria.it\/formazione\/people-e-managerial-development\/comunicazione-pubblica-e-di-impresa\/public-speaking-e-business-presentation\/#primaryimage\",\"url\":\"https:\/\/www.alveria.it\/wp-content\/uploads\/2023\/09\/public-speaking-business-presentation-virata.jpg\",\"contentUrl\":\"https:\/\/www.alveria.it\/wp-content\/uploads\/2023\/09\/public-speaking-business-presentation-virata.jpg\",\"width\":1920,\"height\":1080},{\"@type\":\"BreadcrumbList\",\"@id\":\"https:\/\/www.alveria.it\/formazione\/people-e-managerial-development\/comunicazione-pubblica-e-di-impresa\/public-speaking-e-business-presentation\/#breadcrumb\",\"itemListElement\":[{\"@type\":\"ListItem\",\"position\":1,\"name\":\"Home\",\"item\":\"https:\/\/www.alveria.it\/\"},{\"@type\":\"ListItem\",\"position\":2,\"name\":\"FORMAZIONE\",\"item\":\"https:\/\/www.alveria.it\/formazione\/\"},{\"@type\":\"ListItem\",\"position\":3,\"name\":\"PEOPLE E MANAGERIAL DEVELOPMENT\",\"item\":\"https:\/\/www.alveria.it\/formazione\/people-e-managerial-development\/\"},{\"@type\":\"ListItem\",\"position\":4,\"name\":\"COMUNICAZIONE PUBBLICA E DI IMPRESA\",\"item\":\"https:\/\/www.alveria.it\/formazione\/people-e-managerial-development\/comunicazione-pubblica-e-di-impresa\/\"},{\"@type\":\"ListItem\",\"position\":5,\"name\":\"PUBLIC SPEAKING E BUSINESS PRESENTATION\"}]},{\"@type\":\"WebSite\",\"@id\":\"https:\/\/www.alveria.it\/#website\",\"url\":\"https:\/\/www.alveria.it\/\",\"name\":\"Alveria - Consulting, Training and Solutions\",\"description\":\"Alveria - Consulting, Training and Solutions\",\"publisher\":{\"@id\":\"https:\/\/www.alveria.it\/#organization\"},\"potentialAction\":[{\"@type\":\"SearchAction\",\"target\":{\"@type\":\"EntryPoint\",\"urlTemplate\":\"https:\/\/www.alveria.it\/?s={search_term_string}\"},\"query-input\":{\"@type\":\"PropertyValueSpecification\",\"valueRequired\":true,\"valueName\":\"search_term_string\"}}],\"inLanguage\":\"de\"},{\"@type\":\"Organization\",\"@id\":\"https:\/\/www.alveria.it\/#organization\",\"name\":\"Alveria - Consulting, Training and Solutions\",\"url\":\"https:\/\/www.alveria.it\/\",\"logo\":{\"@type\":\"ImageObject\",\"inLanguage\":\"de\",\"@id\":\"https:\/\/www.alveria.it\/#\/schema\/logo\/image\/\",\"url\":\"https:\/\/www.alveria.it\/wp-content\/uploads\/2023\/12\/logo_alveria_normal.svg\",\"contentUrl\":\"https:\/\/www.alveria.it\/wp-content\/uploads\/2023\/12\/logo_alveria_normal.svg\",\"caption\":\"Alveria - Consulting, Training and Solutions\"},\"image\":{\"@id\":\"https:\/\/www.alveria.it\/#\/schema\/logo\/image\/\"}}]}<\/script>\n<!-- \/ Yoast SEO plugin. -->","yoast_head_json":{"title":"PUBLIC SPEAKING E BUSINESS PRESENTATION","description":"Scopri il corso di Public Speaking e Business Presentation di Alveria: tecniche avanzate per comunicare e presentare con efficacia.","robots":{"index":"index","follow":"follow","max-snippet":"max-snippet:-1","max-image-preview":"max-image-preview:large","max-video-preview":"max-video-preview:-1"},"canonical":"https:\/\/www.alveria.it\/de\/ausbildung\/entwicklung-von-menschen-und-fuhrungskraften\/offentliche-und-unternehmenskommunikation\/rhetorik-und-geschaftsprasentation\/","og_locale":"de_DE","og_type":"article","og_title":"PUBLIC SPEAKING E BUSINESS PRESENTATION","og_description":"Scopri il corso di Public Speaking e Business Presentation di Alveria: tecniche avanzate per comunicare e presentare con efficacia.","og_url":"https:\/\/www.alveria.it\/de\/ausbildung\/entwicklung-von-menschen-und-fuhrungskraften\/offentliche-und-unternehmenskommunikation\/rhetorik-und-geschaftsprasentation\/","og_site_name":"Alveria - Consulting, Training and Solutions","article_modified_time":"2024-05-21T11:50:03+00:00","og_image":[{"width":1920,"height":1080,"url":"https:\/\/www.alveria.it\/wp-content\/uploads\/2023\/09\/public-speaking-business-presentation-virata.jpg","type":"image\/jpeg"}],"twitter_card":"summary_large_image","twitter_misc":{"Gesch\u00e4tzte Lesezeit":"2\u00a0Minuten"},"schema":{"@context":"https:\/\/schema.org","@graph":[{"@type":"WebPage","@id":"https:\/\/www.alveria.it\/formazione\/people-e-managerial-development\/comunicazione-pubblica-e-di-impresa\/public-speaking-e-business-presentation\/","url":"https:\/\/www.alveria.it\/formazione\/people-e-managerial-development\/comunicazione-pubblica-e-di-impresa\/public-speaking-e-business-presentation\/","name":"PUBLIC SPEAKING E BUSINESS PRESENTATION","isPartOf":{"@id":"https:\/\/www.alveria.it\/#website"},"primaryImageOfPage":{"@id":"https:\/\/www.alveria.it\/formazione\/people-e-managerial-development\/comunicazione-pubblica-e-di-impresa\/public-speaking-e-business-presentation\/#primaryimage"},"image":{"@id":"https:\/\/www.alveria.it\/formazione\/people-e-managerial-development\/comunicazione-pubblica-e-di-impresa\/public-speaking-e-business-presentation\/#primaryimage"},"thumbnailUrl":"https:\/\/www.alveria.it\/wp-content\/uploads\/2023\/09\/public-speaking-business-presentation-virata.jpg","datePublished":"2023-09-26T12:41:12+00:00","dateModified":"2024-05-21T11:50:03+00:00","description":"Scopri il corso di Public Speaking e Business Presentation di Alveria: tecniche avanzate per comunicare e presentare con efficacia.","breadcrumb":{"@id":"https:\/\/www.alveria.it\/formazione\/people-e-managerial-development\/comunicazione-pubblica-e-di-impresa\/public-speaking-e-business-presentation\/#breadcrumb"},"inLanguage":"de","potentialAction":[{"@type":"ReadAction","target":["https:\/\/www.alveria.it\/formazione\/people-e-managerial-development\/comunicazione-pubblica-e-di-impresa\/public-speaking-e-business-presentation\/"]}]},{"@type":"ImageObject","inLanguage":"de","@id":"https:\/\/www.alveria.it\/formazione\/people-e-managerial-development\/comunicazione-pubblica-e-di-impresa\/public-speaking-e-business-presentation\/#primaryimage","url":"https:\/\/www.alveria.it\/wp-content\/uploads\/2023\/09\/public-speaking-business-presentation-virata.jpg","contentUrl":"https:\/\/www.alveria.it\/wp-content\/uploads\/2023\/09\/public-speaking-business-presentation-virata.jpg","width":1920,"height":1080},{"@type":"BreadcrumbList","@id":"https:\/\/www.alveria.it\/formazione\/people-e-managerial-development\/comunicazione-pubblica-e-di-impresa\/public-speaking-e-business-presentation\/#breadcrumb","itemListElement":[{"@type":"ListItem","position":1,"name":"Home","item":"https:\/\/www.alveria.it\/"},{"@type":"ListItem","position":2,"name":"FORMAZIONE","item":"https:\/\/www.alveria.it\/formazione\/"},{"@type":"ListItem","position":3,"name":"PEOPLE E MANAGERIAL DEVELOPMENT","item":"https:\/\/www.alveria.it\/formazione\/people-e-managerial-development\/"},{"@type":"ListItem","position":4,"name":"COMUNICAZIONE PUBBLICA E DI IMPRESA","item":"https:\/\/www.alveria.it\/formazione\/people-e-managerial-development\/comunicazione-pubblica-e-di-impresa\/"},{"@type":"ListItem","position":5,"name":"PUBLIC SPEAKING E BUSINESS PRESENTATION"}]},{"@type":"WebSite","@id":"https:\/\/www.alveria.it\/#website","url":"https:\/\/www.alveria.it\/","name":"Alveria - Consulting, Training and Solutions","description":"Alveria - Consulting, Training and Solutions","publisher":{"@id":"https:\/\/www.alveria.it\/#organization"},"potentialAction":[{"@type":"SearchAction","target":{"@type":"EntryPoint","urlTemplate":"https:\/\/www.alveria.it\/?s={search_term_string}"},"query-input":{"@type":"PropertyValueSpecification","valueRequired":true,"valueName":"search_term_string"}}],"inLanguage":"de"},{"@type":"Organization","@id":"https:\/\/www.alveria.it\/#organization","name":"Alveria - Consulting, Training and Solutions","url":"https:\/\/www.alveria.it\/","logo":{"@type":"ImageObject","inLanguage":"de","@id":"https:\/\/www.alveria.it\/#\/schema\/logo\/image\/","url":"https:\/\/www.alveria.it\/wp-content\/uploads\/2023\/12\/logo_alveria_normal.svg","contentUrl":"https:\/\/www.alveria.it\/wp-content\/uploads\/2023\/12\/logo_alveria_normal.svg","caption":"Alveria - Consulting, Training and Solutions"},"image":{"@id":"https:\/\/www.alveria.it\/#\/schema\/logo\/image\/"}}]}},"_links":{"self":[{"href":"https:\/\/www.alveria.it\/de\/wp-json\/wp\/v2\/pages\/456","targetHints":{"allow":["GET"]}}],"collection":[{"href":"https:\/\/www.alveria.it\/de\/wp-json\/wp\/v2\/pages"}],"about":[{"href":"https:\/\/www.alveria.it\/de\/wp-json\/wp\/v2\/types\/page"}],"author":[{"embeddable":true,"href":"https:\/\/www.alveria.it\/de\/wp-json\/wp\/v2\/users\/2"}],"replies":[{"embeddable":true,"href":"https:\/\/www.alveria.it\/de\/wp-json\/wp\/v2\/comments?post=456"}],"version-history":[{"count":2,"href":"https:\/\/www.alveria.it\/de\/wp-json\/wp\/v2\/pages\/456\/revisions"}],"predecessor-version":[{"id":1482,"href":"https:\/\/www.alveria.it\/de\/wp-json\/wp\/v2\/pages\/456\/revisions\/1482"}],"up":[{"embeddable":true,"href":"https:\/\/www.alveria.it\/de\/wp-json\/wp\/v2\/pages\/167"}],"wp:featuredmedia":[{"embeddable":true,"href":"https:\/\/www.alveria.it\/de\/wp-json\/wp\/v2\/media\/753"}],"wp:attachment":[{"href":"https:\/\/www.alveria.it\/de\/wp-json\/wp\/v2\/media?parent=456"}],"curies":[{"name":"wp","href":"https:\/\/api.w.org\/{rel}","templated":true}]}}