{"id":446,"date":"2023-09-26T09:32:40","date_gmt":"2023-09-26T09:32:40","guid":{"rendered":"https:\/\/www.alveria.it\/?page_id=446"},"modified":"2024-05-21T11:55:35","modified_gmt":"2024-05-21T11:55:35","slug":"personalmanagement-und-fuhrung","status":"publish","type":"page","link":"https:\/\/www.alveria.it\/de\/formazione\/people-e-managerial-development-162\/hr-management-e-leadership\/","title":{"rendered":"HR MANAGEMENT UND F\u00dcHRUNG"},"content":{"rendered":"<p>HR VERWALTUNG<\/p>\n<h3 class=\"title\">WIE MAN DAS TEAM ZU DEN UNTERNEHMENSZIELEN F\u00dcHRT<\/h3>\n<p style=\"text-align: center;\">Die von Alveria angebotenen Kurse zu Leadership und HR Management zielen darauf ab, all jene F\u00e4higkeiten zu entwickeln und zu verbessern, die es Managern erm\u00f6glichen, das Team positiv zu beeinflussen und es in Richtung der Unternehmensziele zu lenken.<\/p>\n<p style=\"text-align: center;\">Um einen solchen Ansatz effektiv zu gestalten, muss man in der Lage sein <strong>Entwicklung zwischenmenschlicher Beziehungen<\/strong> mit ihren Kolleginnen und Kollegen, indem sie eine selbstbewusste Sprache \u00fcben, die es ihnen erm\u00f6glicht, eine <strong>eine auf Vertrauen basierende Beziehung<\/strong>Konflikte zu bew\u00e4ltigen und Ver\u00e4nderungen konstruktiv umzusetzen.<\/p>\n<p style=\"text-align: center;\">Die von Alveria angebotenen Fortbildungskurse sollen den Managern helfen <strong>das Bewusstsein der Mitarbeiter f\u00fcr ihre eigenen F\u00e4higkeiten zu st\u00e4rken<\/strong>Kanalisierung des Potenzials f\u00fcr ein gemeinsames Ziel.<\/p>\n<p style=\"margin: 0px;\"><img decoding=\"async\" class=\"scale-with-grid\" title=\"\" src=\"\/wp-content\/uploads\/2023\/09\/Personal-F\u00fchrungskr\u00e4fte-Entwicklung-hr-management-fuehrung-befoerderung.jpg\" alt=\"\" width=\"\" height=\"\" \/><\/p>\n<h4>EMPOWERMENT<\/h4>\n<p>Erwerben Sie die notwendigen F\u00e4higkeiten, um Ihr soziales Umfeld zum Besseren zu ver\u00e4ndern.<\/p>\n<p><a class=\"button button-blocchetti button_size_2 button_dark\" title=\"\" href=\"\/de\/ausbildung\/entwicklung-von-menschen-und-fuhrungskraften\/personalmanagement-und-fuhrung\/ermachtigung\/\"><span class=\"button_label\">ENTDECKEN<\/span><\/a><\/p>\n<p style=\"margin: 0px;\"><img loading=\"lazy\" decoding=\"async\" class=\"scale-with-grid alignnone\" src=\"\/wp-content\/uploads\/2023\/09\/Personal-F\u00fchrungskr\u00e4fte-Entwicklung-hr-F\u00fchrungskr\u00e4fte-Analyse-Managment-Veraenderung.jpg\" alt=\"HR VERWALTUNG\" width=\"900\" height=\"675\" \/><\/p>\n<h4>ANALYSE UND MANAGEMENT VON VER\u00c4NDERUNGEN<\/h4>\n<p>Change Management: Leitlinien f\u00fcr den Wandel.<\/p>\n<p><a class=\"button button-blocchetti button_size_2 button_dark\" title=\"\" href=\"\/de\/ausbildung\/entwicklung-von-menschen-und-fuhrungskraften\/personalmanagement-und-fuhrung\/analyse-und-management-von-veranderungen\/\"><span class=\"button_label\">ENTDECKEN<\/span><\/a><\/p>\n<p style=\"margin: 0px;\"><img loading=\"lazy\" decoding=\"async\" class=\"scale-with-grid alignnone\" src=\"\/wp-content\/uploads\/2023\/09\/Mitarbeiter-Fuehrungskraefte-Entwicklung-hr-Fuehrungskraefte-Motivation-Fuehrungskraefte-Mitarbeiter.jpg\" alt=\"HR VERWALTUNG\" width=\"900\" height=\"675\" \/><\/p>\n<h4>MITARBEITERMOTIVATION UND -F\u00dcHRUNG<\/h4>\n<p>Aufbau effektiver Beziehungen zur Erreichung der Teamziele.<\/p>\n<p><a class=\"button button-blocchetti button_size_2 button_dark\" title=\"\" href=\"\/de\/ausbildung\/entwicklung-von-menschen-und-fuhrungskraften\/personalmanagement-und-fuhrung\/mitarbeitermotivation-und-fuhrung\/\"><span class=\"button_label\">ENTDECKEN<\/span><\/a><\/p>\n<h6 class=\"title\"><a href=\"https:\/\/www.hcms.it\/contatti\/\">BERATUNG<\/a>HR-DIGITALISIERUNGSSCHULUNGEN UND UNTERNEHMENSL\u00d6SUNGEN ENTDECKEN SIE DIE ALVERIA-METHODE UND BEREITEN SIE SICH AUF DEN WANDEL VOR.<\/h6>\n<h6 class=\"title\">BERATUNG, SCHULUNG ZUR DIGITALISIERUNG DES PERSONALWESENS UND UNTERNEHMENSL\u00d6SUNGEN ENTDECKEN SIE DIE ALVERIA-METHODE UND BEREITEN SIE SICH AUF DEN WANDEL VOR.<\/h6>\n<p>Die von Alveria angebotenen Fortbildungskurse sollen den Managern helfen <strong>das Bewusstsein der Mitarbeiter f\u00fcr ihre eigenen F\u00e4higkeiten zu st\u00e4rken<\/strong>Kanalisierung des Potenzials f\u00fcr ein gemeinsames Ziel.<\/p>\n<p><a class=\"button  button_size_2 button_dark\" title=\"\" href=\"\/de\/kontakte\/\"><span class=\"button_label\">WEITERE INFORMATIONEN ANFORDERN<\/span><\/a><\/p>","protected":false},"excerpt":{"rendered":"<p>HR MANAGEMENT COME GUIDARE IL TEAM VERSO GLI OBIETTIVI DI BUSINESS I corsi di leadership e HR Management offerti da Alveria si propongono di sviluppare e<span class=\"excerpt-hellip\"> [\u2026]<\/span><\/p>\n","protected":false},"author":4,"featured_media":760,"parent":162,"menu_order":0,"comment_status":"open","ping_status":"closed","template":"","meta":{"iawp_total_views":49,"footnotes":""},"class_list":["post-446","page","type-page","status-publish","has-post-thumbnail","hentry"],"yoast_head":"<!-- This site is optimized with the Yoast SEO plugin v27.5 - https:\/\/yoast.com\/product\/yoast-seo-wordpress\/ -->\n<title>HR MANAGEMENT E LEADERSHIP<\/title>\n<meta name=\"description\" content=\"Scopri i corsi di HR Management di Alveria: sviluppa capacit\u00e0 per guidare il team verso obiettivi di business.\" \/>\n<meta name=\"robots\" content=\"index, follow, max-snippet:-1, max-image-preview:large, max-video-preview:-1\" \/>\n<link rel=\"canonical\" href=\"https:\/\/www.alveria.it\/de\/ausbildung\/entwicklung-von-menschen-und-fuhrungskraften\/personalmanagement-und-fuhrung\/\" \/>\n<meta property=\"og:locale\" content=\"de_DE\" \/>\n<meta property=\"og:type\" content=\"article\" \/>\n<meta property=\"og:title\" content=\"HR MANAGEMENT E LEADERSHIP\" \/>\n<meta property=\"og:description\" content=\"Scopri i corsi di HR Management di Alveria: sviluppa capacit\u00e0 per guidare il team verso obiettivi di business.\" \/>\n<meta property=\"og:url\" content=\"https:\/\/www.alveria.it\/de\/ausbildung\/entwicklung-von-menschen-und-fuhrungskraften\/personalmanagement-und-fuhrung\/\" \/>\n<meta property=\"og:site_name\" content=\"Alveria - Consulting, Training and Solutions\" \/>\n<meta property=\"article:modified_time\" content=\"2024-05-21T11:55:35+00:00\" \/>\n<meta property=\"og:image\" content=\"https:\/\/www.alveria.it\/wp-content\/uploads\/2023\/09\/HR-Management-Leadership-virata.jpg\" \/>\n\t<meta property=\"og:image:width\" content=\"1920\" \/>\n\t<meta property=\"og:image:height\" content=\"1080\" \/>\n\t<meta property=\"og:image:type\" content=\"image\/jpeg\" \/>\n<meta name=\"twitter:card\" content=\"summary_large_image\" \/>\n<meta name=\"twitter:label1\" content=\"Gesch\u00e4tzte Lesezeit\" \/>\n\t<meta name=\"twitter:data1\" content=\"2\u00a0Minuten\" \/>\n<script type=\"application\/ld+json\" class=\"yoast-schema-graph\">{\"@context\":\"https:\\\/\\\/schema.org\",\"@graph\":[{\"@type\":\"WebPage\",\"@id\":\"https:\\\/\\\/www.alveria.it\\\/formazione\\\/people-e-managerial-development\\\/hr-management-e-leadership\\\/\",\"url\":\"https:\\\/\\\/www.alveria.it\\\/formazione\\\/people-e-managerial-development\\\/hr-management-e-leadership\\\/\",\"name\":\"HR MANAGEMENT E LEADERSHIP\",\"isPartOf\":{\"@id\":\"https:\\\/\\\/www.alveria.it\\\/#website\"},\"primaryImageOfPage\":{\"@id\":\"https:\\\/\\\/www.alveria.it\\\/formazione\\\/people-e-managerial-development\\\/hr-management-e-leadership\\\/#primaryimage\"},\"image\":{\"@id\":\"https:\\\/\\\/www.alveria.it\\\/formazione\\\/people-e-managerial-development\\\/hr-management-e-leadership\\\/#primaryimage\"},\"thumbnailUrl\":\"https:\\\/\\\/www.alveria.it\\\/wp-content\\\/uploads\\\/2023\\\/09\\\/HR-Management-Leadership-virata.jpg\",\"datePublished\":\"2023-09-26T09:32:40+00:00\",\"dateModified\":\"2024-05-21T11:55:35+00:00\",\"description\":\"Scopri i corsi di HR Management di Alveria: sviluppa capacit\u00e0 per guidare il team verso obiettivi di business.\",\"breadcrumb\":{\"@id\":\"https:\\\/\\\/www.alveria.it\\\/formazione\\\/people-e-managerial-development\\\/hr-management-e-leadership\\\/#breadcrumb\"},\"inLanguage\":\"de\",\"potentialAction\":[{\"@type\":\"ReadAction\",\"target\":[\"https:\\\/\\\/www.alveria.it\\\/formazione\\\/people-e-managerial-development\\\/hr-management-e-leadership\\\/\"]}]},{\"@type\":\"ImageObject\",\"inLanguage\":\"de\",\"@id\":\"https:\\\/\\\/www.alveria.it\\\/formazione\\\/people-e-managerial-development\\\/hr-management-e-leadership\\\/#primaryimage\",\"url\":\"https:\\\/\\\/www.alveria.it\\\/wp-content\\\/uploads\\\/2023\\\/09\\\/HR-Management-Leadership-virata.jpg\",\"contentUrl\":\"https:\\\/\\\/www.alveria.it\\\/wp-content\\\/uploads\\\/2023\\\/09\\\/HR-Management-Leadership-virata.jpg\",\"width\":1920,\"height\":1080},{\"@type\":\"BreadcrumbList\",\"@id\":\"https:\\\/\\\/www.alveria.it\\\/formazione\\\/people-e-managerial-development\\\/hr-management-e-leadership\\\/#breadcrumb\",\"itemListElement\":[{\"@type\":\"ListItem\",\"position\":1,\"name\":\"Home\",\"item\":\"https:\\\/\\\/www.alveria.it\\\/\"},{\"@type\":\"ListItem\",\"position\":2,\"name\":\"FORMAZIONE\",\"item\":\"https:\\\/\\\/www.alveria.it\\\/formazione\\\/\"},{\"@type\":\"ListItem\",\"position\":3,\"name\":\"PEOPLE E MANAGERIAL DEVELOPMENT\",\"item\":\"https:\\\/\\\/www.alveria.it\\\/formazione\\\/people-e-managerial-development\\\/\"},{\"@type\":\"ListItem\",\"position\":4,\"name\":\"HR MANAGEMENT E LEADERSHIP\"}]},{\"@type\":\"WebSite\",\"@id\":\"https:\\\/\\\/www.alveria.it\\\/#website\",\"url\":\"https:\\\/\\\/www.alveria.it\\\/\",\"name\":\"Alveria - Consulting, Training and Solutions\",\"description\":\"Alveria - Consulting, Training and Solutions\",\"publisher\":{\"@id\":\"https:\\\/\\\/www.alveria.it\\\/#organization\"},\"potentialAction\":[{\"@type\":\"SearchAction\",\"target\":{\"@type\":\"EntryPoint\",\"urlTemplate\":\"https:\\\/\\\/www.alveria.it\\\/?s={search_term_string}\"},\"query-input\":{\"@type\":\"PropertyValueSpecification\",\"valueRequired\":true,\"valueName\":\"search_term_string\"}}],\"inLanguage\":\"de\"},{\"@type\":\"Organization\",\"@id\":\"https:\\\/\\\/www.alveria.it\\\/#organization\",\"name\":\"Alveria - Consulting, Training and Solutions\",\"url\":\"https:\\\/\\\/www.alveria.it\\\/\",\"logo\":{\"@type\":\"ImageObject\",\"inLanguage\":\"de\",\"@id\":\"https:\\\/\\\/www.alveria.it\\\/#\\\/schema\\\/logo\\\/image\\\/\",\"url\":\"https:\\\/\\\/www.alveria.it\\\/wp-content\\\/uploads\\\/2023\\\/12\\\/logo_alveria_normal.svg\",\"contentUrl\":\"https:\\\/\\\/www.alveria.it\\\/wp-content\\\/uploads\\\/2023\\\/12\\\/logo_alveria_normal.svg\",\"caption\":\"Alveria - Consulting, Training and Solutions\"},\"image\":{\"@id\":\"https:\\\/\\\/www.alveria.it\\\/#\\\/schema\\\/logo\\\/image\\\/\"}}]}<\/script>\n<!-- \/ Yoast SEO plugin. -->","yoast_head_json":{"title":"HR MANAGEMENT UND F\u00dcHRUNG","description":"Entdecken Sie die HR-Managementkurse von Alveria: Entwickeln Sie F\u00e4higkeiten, um Ihr Team zu den Unternehmenszielen zu f\u00fchren.","robots":{"index":"index","follow":"follow","max-snippet":"max-snippet:-1","max-image-preview":"max-image-preview:large","max-video-preview":"max-video-preview:-1"},"canonical":"https:\/\/www.alveria.it\/de\/ausbildung\/entwicklung-von-menschen-und-fuhrungskraften\/personalmanagement-und-fuhrung\/","og_locale":"de_DE","og_type":"article","og_title":"HR MANAGEMENT E LEADERSHIP","og_description":"Scopri i corsi di HR Management di Alveria: sviluppa capacit\u00e0 per guidare il team verso obiettivi di business.","og_url":"https:\/\/www.alveria.it\/de\/ausbildung\/entwicklung-von-menschen-und-fuhrungskraften\/personalmanagement-und-fuhrung\/","og_site_name":"Alveria - Consulting, Training and Solutions","article_modified_time":"2024-05-21T11:55:35+00:00","og_image":[{"width":1920,"height":1080,"url":"https:\/\/www.alveria.it\/wp-content\/uploads\/2023\/09\/HR-Management-Leadership-virata.jpg","type":"image\/jpeg"}],"twitter_card":"summary_large_image","twitter_misc":{"Gesch\u00e4tzte Lesezeit":"2\u00a0Minuten"},"schema":{"@context":"https:\/\/schema.org","@graph":[{"@type":"WebPage","@id":"https:\/\/www.alveria.it\/formazione\/people-e-managerial-development\/hr-management-e-leadership\/","url":"https:\/\/www.alveria.it\/formazione\/people-e-managerial-development\/hr-management-e-leadership\/","name":"HR MANAGEMENT UND F\u00dcHRUNG","isPartOf":{"@id":"https:\/\/www.alveria.it\/#website"},"primaryImageOfPage":{"@id":"https:\/\/www.alveria.it\/formazione\/people-e-managerial-development\/hr-management-e-leadership\/#primaryimage"},"image":{"@id":"https:\/\/www.alveria.it\/formazione\/people-e-managerial-development\/hr-management-e-leadership\/#primaryimage"},"thumbnailUrl":"https:\/\/www.alveria.it\/wp-content\/uploads\/2023\/09\/HR-Management-Leadership-virata.jpg","datePublished":"2023-09-26T09:32:40+00:00","dateModified":"2024-05-21T11:55:35+00:00","description":"Entdecken Sie die HR-Managementkurse von Alveria: Entwickeln Sie F\u00e4higkeiten, um Ihr Team zu den Unternehmenszielen zu f\u00fchren.","breadcrumb":{"@id":"https:\/\/www.alveria.it\/formazione\/people-e-managerial-development\/hr-management-e-leadership\/#breadcrumb"},"inLanguage":"de","potentialAction":[{"@type":"ReadAction","target":["https:\/\/www.alveria.it\/formazione\/people-e-managerial-development\/hr-management-e-leadership\/"]}]},{"@type":"ImageObject","inLanguage":"de","@id":"https:\/\/www.alveria.it\/formazione\/people-e-managerial-development\/hr-management-e-leadership\/#primaryimage","url":"https:\/\/www.alveria.it\/wp-content\/uploads\/2023\/09\/HR-Management-Leadership-virata.jpg","contentUrl":"https:\/\/www.alveria.it\/wp-content\/uploads\/2023\/09\/HR-Management-Leadership-virata.jpg","width":1920,"height":1080},{"@type":"BreadcrumbList","@id":"https:\/\/www.alveria.it\/formazione\/people-e-managerial-development\/hr-management-e-leadership\/#breadcrumb","itemListElement":[{"@type":"ListItem","position":1,"name":"Home","item":"https:\/\/www.alveria.it\/"},{"@type":"ListItem","position":2,"name":"FORMAZIONE","item":"https:\/\/www.alveria.it\/formazione\/"},{"@type":"ListItem","position":3,"name":"PEOPLE E MANAGERIAL DEVELOPMENT","item":"https:\/\/www.alveria.it\/formazione\/people-e-managerial-development\/"},{"@type":"ListItem","position":4,"name":"HR MANAGEMENT E LEADERSHIP"}]},{"@type":"WebSite","@id":"https:\/\/www.alveria.it\/#website","url":"https:\/\/www.alveria.it\/","name":"Alveria - Beratung, Schulung und L\u00f6sungen","description":"Alveria - Beratung, Schulung und L\u00f6sungen","publisher":{"@id":"https:\/\/www.alveria.it\/#organization"},"potentialAction":[{"@type":"SearchAction","target":{"@type":"EntryPoint","urlTemplate":"https:\/\/www.alveria.it\/?s={search_term_string}"},"query-input":{"@type":"PropertyValueSpecification","valueRequired":true,"valueName":"search_term_string"}}],"inLanguage":"de"},{"@type":"Organization","@id":"https:\/\/www.alveria.it\/#organization","name":"Alveria - Beratung, Schulung und L\u00f6sungen","url":"https:\/\/www.alveria.it\/","logo":{"@type":"ImageObject","inLanguage":"de","@id":"https:\/\/www.alveria.it\/#\/schema\/logo\/image\/","url":"https:\/\/www.alveria.it\/wp-content\/uploads\/2023\/12\/logo_alveria_normal.svg","contentUrl":"https:\/\/www.alveria.it\/wp-content\/uploads\/2023\/12\/logo_alveria_normal.svg","caption":"Alveria - Consulting, Training and Solutions"},"image":{"@id":"https:\/\/www.alveria.it\/#\/schema\/logo\/image\/"}}]}},"_links":{"self":[{"href":"https:\/\/www.alveria.it\/de\/wp-json\/wp\/v2\/pages\/446","targetHints":{"allow":["GET"]}}],"collection":[{"href":"https:\/\/www.alveria.it\/de\/wp-json\/wp\/v2\/pages"}],"about":[{"href":"https:\/\/www.alveria.it\/de\/wp-json\/wp\/v2\/types\/page"}],"author":[{"embeddable":true,"href":"https:\/\/www.alveria.it\/de\/wp-json\/wp\/v2\/users\/4"}],"replies":[{"embeddable":true,"href":"https:\/\/www.alveria.it\/de\/wp-json\/wp\/v2\/comments?post=446"}],"version-history":[{"count":2,"href":"https:\/\/www.alveria.it\/de\/wp-json\/wp\/v2\/pages\/446\/revisions"}],"predecessor-version":[{"id":1498,"href":"https:\/\/www.alveria.it\/de\/wp-json\/wp\/v2\/pages\/446\/revisions\/1498"}],"up":[{"embeddable":true,"href":"https:\/\/www.alveria.it\/de\/wp-json\/wp\/v2\/pages\/162"}],"wp:featuredmedia":[{"embeddable":true,"href":"https:\/\/www.alveria.it\/de\/wp-json\/wp\/v2\/media\/760"}],"wp:attachment":[{"href":"https:\/\/www.alveria.it\/de\/wp-json\/wp\/v2\/media?parent=446"}],"curies":[{"name":"wp","href":"https:\/\/api.w.org\/{rel}","templated":true}]}}