{"id":218,"date":"2023-09-22T13:12:52","date_gmt":"2023-09-22T13:12:52","guid":{"rendered":"https:\/\/www.alveria.it\/?page_id=218"},"modified":"2025-05-07T12:08:05","modified_gmt":"2025-05-07T12:08:05","slug":"coaching-und-mentoring","status":"publish","type":"page","link":"https:\/\/www.alveria.it\/de\/formazione\/people-e-managerial-development-162\/coaching-e-mentoring\/","title":{"rendered":"COACHING UND MENTORING"},"content":{"rendered":"<p>COACHING E MENTORING<\/p>\n<p>[aioseo_breadcrumbs]<\/p>\n<ul>\n<li>| IN PRESENZA E ONLINE<\/li>\n<li>COMPETENZE AVANZATE<\/li>\n<li>3 MODULI<\/li>\n<\/ul>\n<h3 class=\"title\">INVESTIRE SULLA FORMAZIONE DELLE RISORSE ED INCENTIVARNE LA CRESCITA \u00c8 LA CHIAVE PER PERSEGUIRE CON SUCCESSO LA PROPRIA MISSION<\/h3>\n<h3 class=\"title\">OBIETTIVI<\/h3>\n<p style=\"text-align: center;\">Alveria supporta gli HR Manager nello sviluppo di <strong>percorsi di Coaching e Mentoring, <\/strong>individuali e di team, rivolti a\u00a0<strong>Manager<\/strong>\u00a0e\u00a0<strong>Professional<\/strong>\u00a0che vogliono sviluppare ed accrescere le proprie competenze in modo mirato ed efficace partendo da specifiche necessit\u00e0 di approfondimento, attraverso un confronto diretto con il consulente docente.<\/p>\n<h3>PROGRAMMA<\/h3>\n<p style=\"text-align: left;\"><strong>Modulo 1<\/strong><\/p>\n<ul class=\"mfn-list mfn-list-left mfn-list-middle\">\n<li class=\"mfn-list-item\" style=\"counter-set: my-sec-counter 0;\"><span class=\"mfn-list-desc\">Il Coaching come strumento di formazione e crescita<\/span><\/li>\n<li class=\"mfn-list-item\"><span class=\"mfn-list-desc\">Identificare il livello di autonomia dei collaboratori in funzione del compito e adattare i comportamenti manageriali<\/span><\/li>\n<li class=\"mfn-list-item\"><span class=\"mfn-list-desc\">Gli stili<\/span><\/li>\n<li class=\"mfn-list-item\"><span class=\"mfn-list-desc\">Come proporre il coaching ai propri collaboratori<\/span><\/li>\n<\/ul>\n<p style=\"text-align: left;\"><strong>Modulo 2<\/strong><\/p>\n<ul class=\"mfn-list mfn-list-left mfn-list-middle\">\n<li class=\"mfn-list-item\" style=\"counter-set: my-sec-counter 0;\"><span class=\"mfn-list-desc\">Essere un coach efficace<\/span><\/li>\n<li class=\"mfn-list-item\"><span class=\"mfn-list-desc\">Indagine del profilo e delle aree di miglioramento dei collaboratori e preparazione di un piano di coaching<\/span><\/li>\n<li class=\"mfn-list-item\"><span class=\"mfn-list-desc\">Conduzione dei colloqui di coaching e gestione del feedback<\/span><\/li>\n<li class=\"mfn-list-item\"><span class=\"mfn-list-desc\">Supportare i collaboratori nella gestione della dimensione emotiva e delle situazioni difficili<\/span><\/li>\n<\/ul>\n<p style=\"text-align: left;\"><strong>Modulo 3<\/strong><\/p>\n<ul class=\"mfn-list mfn-list-left mfn-list-middle\">\n<li class=\"mfn-list-item\" style=\"counter-set: my-sec-counter 0;\"><span class=\"mfn-list-desc\">Sostenere i collaboratori nei percorsi di cambiamento<\/span><\/li>\n<li class=\"mfn-list-item\"><span class=\"mfn-list-desc\">Costruire un piano di sviluppo personale<\/span><\/li>\n<li class=\"mfn-list-item\"><span class=\"mfn-list-desc\">Sviluppare la cultura della crescita professionale nel team<\/span><\/li>\n<\/ul>\n<h3 class=\"title\">PEDAGOGIA<\/h3>\n<p style=\"text-align: center;\">Il corso \u00e8 altamente esercitativo. La didattica vede la continua alternanza di momenti teorici e momenti pratici con role-play, simulazioni, esercitazioni.<\/p>\n<h3 class=\"title\">DESTINATARI<\/h3>\n<p style=\"text-align: center;\"><strong>Manager<\/strong>\u00a0e\u00a0<strong>Professional<\/strong><\/p>\n<h3 class=\"title\">MATERIALI FORMATIVI<\/h3>\n<p style=\"text-align: center;\">Video lezioni e materiali d\u2019aula<\/p>\n<h6 class=\"title\"><a href=\"https:\/\/www.hcms.it\/contatti\/\">CONSULENZA<\/a>, FORMAZIONE DIGITALIZZAZIONE HR E SOLUZIONI AZIENDALI SCOPRI IL METODO ALVERIA E PREPARATI AL CAMBIAMENTO.<\/h6>\n<p><a class=\"button  button_size_2 button_dark\" title=\"\" href=\"\/contatti\/\"><span class=\"button_label\">RICHIEDI MAGGIORI INFORMAZIONI<\/span><\/a><\/p>\n","protected":false},"excerpt":{"rendered":"<p>COACHING E MENTORING [aioseo_breadcrumbs] | IN PRESENZA E ONLINE COMPETENZE AVANZATE 3 MODULI INVESTIRE SULLA FORMAZIONE DELLE RISORSE ED INCENTIVARNE LA CRESCITA \u00c8 LA CHIAVE PER<span class=\"excerpt-hellip\"> [\u2026]<\/span><\/p>\n","protected":false},"author":4,"featured_media":740,"parent":162,"menu_order":0,"comment_status":"open","ping_status":"closed","template":"","meta":{"iawp_total_views":43,"footnotes":""},"class_list":["post-218","page","type-page","status-publish","has-post-thumbnail","hentry"],"yoast_head":"<!-- This site is optimized with the Yoast SEO plugin v27.5 - https:\/\/yoast.com\/product\/yoast-seo-wordpress\/ -->\n<title>COACHING E MENTORING<\/title>\n<meta name=\"description\" content=\"Alveria offre percorsi di Coaching e Mentoring per Manager e Professional, in presenza e online, con 3 moduli di competenze avanzate.\" \/>\n<meta name=\"robots\" content=\"index, follow, max-snippet:-1, max-image-preview:large, max-video-preview:-1\" \/>\n<link rel=\"canonical\" href=\"https:\/\/www.alveria.it\/de\/ausbildung\/entwicklung-von-menschen-und-fuhrungskraften\/coaching-und-mentoring\/\" \/>\n<meta property=\"og:locale\" content=\"de_DE\" \/>\n<meta property=\"og:type\" content=\"article\" \/>\n<meta property=\"og:title\" content=\"COACHING E MENTORING\" \/>\n<meta property=\"og:description\" content=\"Alveria offre percorsi di Coaching e Mentoring per Manager e Professional, in presenza e online, con 3 moduli di competenze avanzate.\" \/>\n<meta property=\"og:url\" content=\"https:\/\/www.alveria.it\/de\/ausbildung\/entwicklung-von-menschen-und-fuhrungskraften\/coaching-und-mentoring\/\" \/>\n<meta property=\"og:site_name\" content=\"Alveria - Consulting, Training and Solutions\" \/>\n<meta property=\"article:modified_time\" content=\"2025-05-07T12:08:05+00:00\" \/>\n<meta property=\"og:image\" content=\"https:\/\/www.alveria.it\/wp-content\/uploads\/2023\/09\/Coaching-Mentoring-virata.jpg\" \/>\n\t<meta property=\"og:image:width\" content=\"1920\" \/>\n\t<meta property=\"og:image:height\" content=\"1080\" \/>\n\t<meta property=\"og:image:type\" content=\"image\/jpeg\" \/>\n<meta name=\"twitter:card\" content=\"summary_large_image\" \/>\n<meta name=\"twitter:label1\" content=\"Gesch\u00e4tzte Lesezeit\" \/>\n\t<meta name=\"twitter:data1\" content=\"2\u00a0Minuten\" \/>\n<script type=\"application\/ld+json\" class=\"yoast-schema-graph\">{\"@context\":\"https:\\\/\\\/schema.org\",\"@graph\":[{\"@type\":\"WebPage\",\"@id\":\"https:\\\/\\\/www.alveria.it\\\/formazione\\\/people-e-managerial-development\\\/coaching-e-mentoring\\\/\",\"url\":\"https:\\\/\\\/www.alveria.it\\\/formazione\\\/people-e-managerial-development\\\/coaching-e-mentoring\\\/\",\"name\":\"COACHING E MENTORING\",\"isPartOf\":{\"@id\":\"https:\\\/\\\/www.alveria.it\\\/#website\"},\"primaryImageOfPage\":{\"@id\":\"https:\\\/\\\/www.alveria.it\\\/formazione\\\/people-e-managerial-development\\\/coaching-e-mentoring\\\/#primaryimage\"},\"image\":{\"@id\":\"https:\\\/\\\/www.alveria.it\\\/formazione\\\/people-e-managerial-development\\\/coaching-e-mentoring\\\/#primaryimage\"},\"thumbnailUrl\":\"https:\\\/\\\/www.alveria.it\\\/wp-content\\\/uploads\\\/2023\\\/09\\\/Coaching-Mentoring-virata.jpg\",\"datePublished\":\"2023-09-22T13:12:52+00:00\",\"dateModified\":\"2025-05-07T12:08:05+00:00\",\"description\":\"Alveria offre percorsi di Coaching e Mentoring per Manager e Professional, in presenza e online, con 3 moduli di competenze avanzate.\",\"breadcrumb\":{\"@id\":\"https:\\\/\\\/www.alveria.it\\\/formazione\\\/people-e-managerial-development\\\/coaching-e-mentoring\\\/#breadcrumb\"},\"inLanguage\":\"de\",\"potentialAction\":[{\"@type\":\"ReadAction\",\"target\":[\"https:\\\/\\\/www.alveria.it\\\/formazione\\\/people-e-managerial-development\\\/coaching-e-mentoring\\\/\"]}]},{\"@type\":\"ImageObject\",\"inLanguage\":\"de\",\"@id\":\"https:\\\/\\\/www.alveria.it\\\/formazione\\\/people-e-managerial-development\\\/coaching-e-mentoring\\\/#primaryimage\",\"url\":\"https:\\\/\\\/www.alveria.it\\\/wp-content\\\/uploads\\\/2023\\\/09\\\/Coaching-Mentoring-virata.jpg\",\"contentUrl\":\"https:\\\/\\\/www.alveria.it\\\/wp-content\\\/uploads\\\/2023\\\/09\\\/Coaching-Mentoring-virata.jpg\",\"width\":1920,\"height\":1080},{\"@type\":\"BreadcrumbList\",\"@id\":\"https:\\\/\\\/www.alveria.it\\\/formazione\\\/people-e-managerial-development\\\/coaching-e-mentoring\\\/#breadcrumb\",\"itemListElement\":[{\"@type\":\"ListItem\",\"position\":1,\"name\":\"Home\",\"item\":\"https:\\\/\\\/www.alveria.it\\\/\"},{\"@type\":\"ListItem\",\"position\":2,\"name\":\"FORMAZIONE\",\"item\":\"https:\\\/\\\/www.alveria.it\\\/formazione\\\/\"},{\"@type\":\"ListItem\",\"position\":3,\"name\":\"PEOPLE E MANAGERIAL DEVELOPMENT\",\"item\":\"https:\\\/\\\/www.alveria.it\\\/formazione\\\/people-e-managerial-development\\\/\"},{\"@type\":\"ListItem\",\"position\":4,\"name\":\"COACHING E MENTORING\"}]},{\"@type\":\"WebSite\",\"@id\":\"https:\\\/\\\/www.alveria.it\\\/#website\",\"url\":\"https:\\\/\\\/www.alveria.it\\\/\",\"name\":\"Alveria - Consulting, Training and Solutions\",\"description\":\"Alveria - Consulting, Training and Solutions\",\"publisher\":{\"@id\":\"https:\\\/\\\/www.alveria.it\\\/#organization\"},\"potentialAction\":[{\"@type\":\"SearchAction\",\"target\":{\"@type\":\"EntryPoint\",\"urlTemplate\":\"https:\\\/\\\/www.alveria.it\\\/?s={search_term_string}\"},\"query-input\":{\"@type\":\"PropertyValueSpecification\",\"valueRequired\":true,\"valueName\":\"search_term_string\"}}],\"inLanguage\":\"de\"},{\"@type\":\"Organization\",\"@id\":\"https:\\\/\\\/www.alveria.it\\\/#organization\",\"name\":\"Alveria - Consulting, Training and Solutions\",\"url\":\"https:\\\/\\\/www.alveria.it\\\/\",\"logo\":{\"@type\":\"ImageObject\",\"inLanguage\":\"de\",\"@id\":\"https:\\\/\\\/www.alveria.it\\\/#\\\/schema\\\/logo\\\/image\\\/\",\"url\":\"https:\\\/\\\/www.alveria.it\\\/wp-content\\\/uploads\\\/2023\\\/12\\\/logo_alveria_normal.svg\",\"contentUrl\":\"https:\\\/\\\/www.alveria.it\\\/wp-content\\\/uploads\\\/2023\\\/12\\\/logo_alveria_normal.svg\",\"caption\":\"Alveria - Consulting, Training and Solutions\"},\"image\":{\"@id\":\"https:\\\/\\\/www.alveria.it\\\/#\\\/schema\\\/logo\\\/image\\\/\"}}]}<\/script>\n<!-- \/ Yoast SEO plugin. -->","yoast_head_json":{"title":"COACHING UND MENTORING","description":"Alveria bietet Coaching und Mentoring f\u00fcr Manager und Fachleute an, in Pr\u00e4senz und online, mit 3 Modulen f\u00fcr fortgeschrittene F\u00e4higkeiten.","robots":{"index":"index","follow":"follow","max-snippet":"max-snippet:-1","max-image-preview":"max-image-preview:large","max-video-preview":"max-video-preview:-1"},"canonical":"https:\/\/www.alveria.it\/de\/ausbildung\/entwicklung-von-menschen-und-fuhrungskraften\/coaching-und-mentoring\/","og_locale":"de_DE","og_type":"article","og_title":"COACHING E MENTORING","og_description":"Alveria offre percorsi di Coaching e Mentoring per Manager e Professional, in presenza e online, con 3 moduli di competenze avanzate.","og_url":"https:\/\/www.alveria.it\/de\/ausbildung\/entwicklung-von-menschen-und-fuhrungskraften\/coaching-und-mentoring\/","og_site_name":"Alveria - Consulting, Training and Solutions","article_modified_time":"2025-05-07T12:08:05+00:00","og_image":[{"width":1920,"height":1080,"url":"https:\/\/www.alveria.it\/wp-content\/uploads\/2023\/09\/Coaching-Mentoring-virata.jpg","type":"image\/jpeg"}],"twitter_card":"summary_large_image","twitter_misc":{"Gesch\u00e4tzte Lesezeit":"2\u00a0Minuten"},"schema":{"@context":"https:\/\/schema.org","@graph":[{"@type":"WebPage","@id":"https:\/\/www.alveria.it\/formazione\/people-e-managerial-development\/coaching-e-mentoring\/","url":"https:\/\/www.alveria.it\/formazione\/people-e-managerial-development\/coaching-e-mentoring\/","name":"COACHING UND MENTORING","isPartOf":{"@id":"https:\/\/www.alveria.it\/#website"},"primaryImageOfPage":{"@id":"https:\/\/www.alveria.it\/formazione\/people-e-managerial-development\/coaching-e-mentoring\/#primaryimage"},"image":{"@id":"https:\/\/www.alveria.it\/formazione\/people-e-managerial-development\/coaching-e-mentoring\/#primaryimage"},"thumbnailUrl":"https:\/\/www.alveria.it\/wp-content\/uploads\/2023\/09\/Coaching-Mentoring-virata.jpg","datePublished":"2023-09-22T13:12:52+00:00","dateModified":"2025-05-07T12:08:05+00:00","description":"Alveria bietet Coaching und Mentoring f\u00fcr Manager und Fachleute an, in Pr\u00e4senz und online, mit 3 Modulen f\u00fcr fortgeschrittene F\u00e4higkeiten.","breadcrumb":{"@id":"https:\/\/www.alveria.it\/formazione\/people-e-managerial-development\/coaching-e-mentoring\/#breadcrumb"},"inLanguage":"de","potentialAction":[{"@type":"ReadAction","target":["https:\/\/www.alveria.it\/formazione\/people-e-managerial-development\/coaching-e-mentoring\/"]}]},{"@type":"ImageObject","inLanguage":"de","@id":"https:\/\/www.alveria.it\/formazione\/people-e-managerial-development\/coaching-e-mentoring\/#primaryimage","url":"https:\/\/www.alveria.it\/wp-content\/uploads\/2023\/09\/Coaching-Mentoring-virata.jpg","contentUrl":"https:\/\/www.alveria.it\/wp-content\/uploads\/2023\/09\/Coaching-Mentoring-virata.jpg","width":1920,"height":1080},{"@type":"BreadcrumbList","@id":"https:\/\/www.alveria.it\/formazione\/people-e-managerial-development\/coaching-e-mentoring\/#breadcrumb","itemListElement":[{"@type":"ListItem","position":1,"name":"Home","item":"https:\/\/www.alveria.it\/"},{"@type":"ListItem","position":2,"name":"FORMAZIONE","item":"https:\/\/www.alveria.it\/formazione\/"},{"@type":"ListItem","position":3,"name":"PEOPLE E MANAGERIAL DEVELOPMENT","item":"https:\/\/www.alveria.it\/formazione\/people-e-managerial-development\/"},{"@type":"ListItem","position":4,"name":"COACHING E MENTORING"}]},{"@type":"WebSite","@id":"https:\/\/www.alveria.it\/#website","url":"https:\/\/www.alveria.it\/","name":"Alveria - Beratung, Schulung und L\u00f6sungen","description":"Alveria - Beratung, Schulung und L\u00f6sungen","publisher":{"@id":"https:\/\/www.alveria.it\/#organization"},"potentialAction":[{"@type":"SearchAction","target":{"@type":"EntryPoint","urlTemplate":"https:\/\/www.alveria.it\/?s={search_term_string}"},"query-input":{"@type":"PropertyValueSpecification","valueRequired":true,"valueName":"search_term_string"}}],"inLanguage":"de"},{"@type":"Organization","@id":"https:\/\/www.alveria.it\/#organization","name":"Alveria - Beratung, Schulung und L\u00f6sungen","url":"https:\/\/www.alveria.it\/","logo":{"@type":"ImageObject","inLanguage":"de","@id":"https:\/\/www.alveria.it\/#\/schema\/logo\/image\/","url":"https:\/\/www.alveria.it\/wp-content\/uploads\/2023\/12\/logo_alveria_normal.svg","contentUrl":"https:\/\/www.alveria.it\/wp-content\/uploads\/2023\/12\/logo_alveria_normal.svg","caption":"Alveria - Consulting, Training and Solutions"},"image":{"@id":"https:\/\/www.alveria.it\/#\/schema\/logo\/image\/"}}]}},"_links":{"self":[{"href":"https:\/\/www.alveria.it\/de\/wp-json\/wp\/v2\/pages\/218","targetHints":{"allow":["GET"]}}],"collection":[{"href":"https:\/\/www.alveria.it\/de\/wp-json\/wp\/v2\/pages"}],"about":[{"href":"https:\/\/www.alveria.it\/de\/wp-json\/wp\/v2\/types\/page"}],"author":[{"embeddable":true,"href":"https:\/\/www.alveria.it\/de\/wp-json\/wp\/v2\/users\/4"}],"replies":[{"embeddable":true,"href":"https:\/\/www.alveria.it\/de\/wp-json\/wp\/v2\/comments?post=218"}],"version-history":[{"count":7,"href":"https:\/\/www.alveria.it\/de\/wp-json\/wp\/v2\/pages\/218\/revisions"}],"predecessor-version":[{"id":1863,"href":"https:\/\/www.alveria.it\/de\/wp-json\/wp\/v2\/pages\/218\/revisions\/1863"}],"up":[{"embeddable":true,"href":"https:\/\/www.alveria.it\/de\/wp-json\/wp\/v2\/pages\/162"}],"wp:featuredmedia":[{"embeddable":true,"href":"https:\/\/www.alveria.it\/de\/wp-json\/wp\/v2\/media\/740"}],"wp:attachment":[{"href":"https:\/\/www.alveria.it\/de\/wp-json\/wp\/v2\/media?parent=218"}],"curies":[{"name":"wp","href":"https:\/\/api.w.org\/{rel}","templated":true}]}}