{"id":2118,"date":"2025-10-23T10:35:41","date_gmt":"2025-10-23T10:35:41","guid":{"rendered":"https:\/\/www.alveria.it\/?page_id=2118"},"modified":"2025-10-23T12:33:34","modified_gmt":"2025-10-23T12:33:34","slug":"europaische-richtlinie-970-2023","status":"publish","type":"page","link":"https:\/\/www.alveria.it\/de\/beratung\/europaische-richtlinie-970-2023\/","title":{"rendered":"EUROP\u00c4ISCHE RICHTLINIE 970\/2023"},"content":{"rendered":"<p class=\"title\">Europ\u00e4ische Richtlinie 970\/2023<\/p>\n<h3>BERATUNG ZUR EUROP\u00c4ISCHEN RICHTLINIE 970\/2023<\/h3>\n<p style=\"text-align: center;\">Die Erf\u00fcllung der Anforderungen der <strong>EU-Richtlinie 970\/2023<\/strong> bedeutet, dass in der gesamten Organisation Transparenz, Rechenschaftspflicht und Einhaltung der Vorschriften gew\u00e4hrleistet werden.<\/p>\n<p style=\"text-align: center;\">Alveria unterst\u00fctzt Unternehmen und \u00f6ffentliche Verwaltungen mit einem umfassenden und ma\u00dfgeschneiderten Ansatz, der Folgendes kombiniert <strong>regulatorische Beratung<\/strong>, <strong>Unternehmensf\u00fchrung<\/strong> und die Entwicklung der f\u00fcr die Anpassung erforderlichen F\u00e4higkeiten.<\/p>\n<p style=\"text-align: center;\"><strong>WARUM DIE RICHTLINIE 970\/2023 EINHALTEN?<\/strong><\/p>\n<p style=\"text-align: center;\">Die Einhaltung von Vorschriften ist nicht nur eine Verpflichtung, sondern auch eine Gelegenheit, Prozesse, Rollen und Verantwortlichkeiten innerhalb des Unternehmens zu verbessern.<br \/>\nDurch unsere Beratung k\u00f6nnen Organisationen<\/p>\n<ul>\n<li>Verringerung der Risiken der Nichteinhaltung und der Sanktionen<\/li>\n<li>Verbesserung der Effizienz von Entscheidungsprozessen<\/li>\n<li>St\u00e4rkung der Unternehmenskultur, die auf <strong>Transparenz und Innovation<\/strong><\/li>\n<\/ul>\n<p style=\"text-align: center;\"><strong>WIE WIR ARBEITEN<\/strong><\/p>\n<ol>\n<li><strong> KONTEXTANALYSE UND FOLGENABSCH\u00c4TZUNG<\/strong><\/li>\n<\/ol>\n<p>Wir identifizieren die betroffenen Gesch\u00e4ftsbereiche und analysieren die bestehenden Prozesse, um kritische Punkte und Verbesserungsm\u00f6glichkeiten zu ermitteln.<\/p>\n<ol start=\"2\">\n<li><strong> DEFINITION VON ROLLEN UND GOVERNANCE<\/strong><\/li>\n<\/ol>\n<p>Wir entwerfen ein Governance-Modell, das Rollen, Zust\u00e4ndigkeiten und Entscheidungsabl\u00e4ufe kl\u00e4rt und Folgendes gew\u00e4hrleistet <strong>Einhaltung der europ\u00e4ischen Rechtsvorschriften<\/strong> und die Koh\u00e4renz mit der Unternehmensstrategie.<\/p>\n<ol start=\"3\">\n<li><strong> KOMPETENZ- UND PROZESSENTWICKLUNG<\/strong><\/li>\n<\/ol>\n<p>Wir unterst\u00fctzen die Gesch\u00e4ftsbereiche bei der Festlegung der erforderlichen technischen und organisatorischen Kompetenzen und der Einf\u00fchrung von \u00dcberwachungs- und Schulungsinstrumenten f\u00fcr eine wirksame und nachhaltige Anpassung.<\/p>\n<h3>UNSER MODELL<\/h3>\n<h4>WIR ERMITTELN DIE AUSWIRKUNGEN VON VORSCHRIFTEN<\/h4>\n<h4>WIR ENTWERFEN KONFORME UND FUNKTIONALE GOVERNANCE-MODELLE<\/h4>\n<h4>WIR F\u00d6RDERN TRANSPARENZ UND UNTERNEHMERISCHE INNOVATION<\/h4>\n<p><strong>DIE VORTEILE F\u00dcR IHRE ORGANISATION<\/strong><\/p>\n<p>Vollst\u00e4ndige \u00dcbereinstimmung mit der Richtlinie 970\/2023<\/p>\n<p>Klarere und st\u00e4rker strukturierte Entscheidungsprozesse<\/p>\n<p>H\u00f6here Effizienz und geringeres Risiko<\/p>\n<p>Entwicklung der internen strategischen Kompetenzen<\/p>\n<p>Verbesserung des Unternehmensrufs<\/p>\n<h3>DAS K\u00d6NNTE SIE INTERESSIEREN<\/h3>\n<ul>\n<li><a href=\"\/de\/_wp_link_placeholder\/\" data-wplink-edit=\"true\">EMPLOYEE ADVANCED BOOK<\/a><\/li>\n<li>ORGANISATION<\/li>\n<li>ORG-ANSICHT<\/li>\n<\/ul>\n<h6 class=\"title\">BERATUNG, SCHULUNG ZUR DIGITALISIERUNG DES PERSONALWESENS UND UNTERNEHMENSL\u00d6SUNGEN ENTDECKEN SIE DIE ALVERIA-METHODE UND BEREITEN SIE SICH AUF DEN WANDEL VOR.<\/h6>\n<p><a class=\"button  button_size_2 button_dark\" title=\"\" href=\"\/de\/kontakte\/\"><span class=\"button_label\">WEITERE INFORMATIONEN ANFORDERN<\/span><\/a><\/p>","protected":false},"excerpt":{"rendered":"<p>Direttiva Europea 970\/2023 CONSULENZA DIRETTIVA EUROPEA 970\/2023 Affrontare i requisiti della Direttiva Comunitaria 970\/2023 significa garantire trasparenza, responsabilit\u00e0 e compliance in tutta l\u2019organizzazione. Alveria supporta le<span class=\"excerpt-hellip\"> [...]<\/span><\/p>","protected":false},"author":3,"featured_media":2123,"parent":125,"menu_order":0,"comment_status":"open","ping_status":"closed","template":"","meta":{"iawp_total_views":60,"footnotes":""},"class_list":["post-2118","page","type-page","status-publish","has-post-thumbnail","hentry"],"yoast_head":"<!-- This site is optimized with the Yoast SEO plugin v25.1 - https:\/\/yoast.com\/wordpress\/plugins\/seo\/ -->\n<title>DIRETTIVA EUROPEA 970\/2023<\/title>\n<meta name=\"description\" content=\"Scopri la Formazione Esperienziale di Alveria: percorsi innovativi indoor e outdoor per superare barriere concettuali.\" \/>\n<meta name=\"robots\" content=\"index, follow, max-snippet:-1, max-image-preview:large, max-video-preview:-1\" \/>\n<link rel=\"canonical\" href=\"https:\/\/www.alveria.it\/de\/beratung\/europaische-richtlinie-970-2023\/\" \/>\n<meta property=\"og:locale\" content=\"de_DE\" \/>\n<meta property=\"og:type\" content=\"article\" \/>\n<meta property=\"og:title\" content=\"DIRETTIVA EUROPEA 970\/2023\" \/>\n<meta property=\"og:description\" content=\"Scopri la Formazione Esperienziale di Alveria: percorsi innovativi indoor e outdoor per superare barriere concettuali.\" \/>\n<meta property=\"og:url\" content=\"https:\/\/www.alveria.it\/de\/beratung\/europaische-richtlinie-970-2023\/\" \/>\n<meta property=\"og:site_name\" content=\"Alveria - Consulting, Training and Solutions\" \/>\n<meta property=\"article:modified_time\" content=\"2025-10-23T12:33:34+00:00\" \/>\n<meta property=\"og:image\" content=\"https:\/\/www.alveria.it\/wp-content\/uploads\/2025\/10\/Direttiva-Europea-970-2023-virata.jpg\" \/>\n\t<meta property=\"og:image:width\" content=\"1920\" \/>\n\t<meta property=\"og:image:height\" content=\"1080\" \/>\n\t<meta property=\"og:image:type\" content=\"image\/jpeg\" \/>\n<meta name=\"twitter:card\" content=\"summary_large_image\" \/>\n<meta name=\"twitter:label1\" content=\"Gesch\u00e4tzte Lesezeit\" \/>\n\t<meta name=\"twitter:data1\" content=\"2\u00a0Minuten\" \/>\n<script type=\"application\/ld+json\" class=\"yoast-schema-graph\">{\"@context\":\"https:\/\/schema.org\",\"@graph\":[{\"@type\":\"WebPage\",\"@id\":\"https:\/\/www.alveria.it\/consulenza\/direttiva-europea-970-2023\/\",\"url\":\"https:\/\/www.alveria.it\/consulenza\/direttiva-europea-970-2023\/\",\"name\":\"DIRETTIVA EUROPEA 970\/2023\",\"isPartOf\":{\"@id\":\"https:\/\/www.alveria.it\/#website\"},\"primaryImageOfPage\":{\"@id\":\"https:\/\/www.alveria.it\/consulenza\/direttiva-europea-970-2023\/#primaryimage\"},\"image\":{\"@id\":\"https:\/\/www.alveria.it\/consulenza\/direttiva-europea-970-2023\/#primaryimage\"},\"thumbnailUrl\":\"https:\/\/www.alveria.it\/wp-content\/uploads\/2025\/10\/Direttiva-Europea-970-2023-virata.jpg\",\"datePublished\":\"2025-10-23T10:35:41+00:00\",\"dateModified\":\"2025-10-23T12:33:34+00:00\",\"description\":\"Scopri la Formazione Esperienziale di Alveria: percorsi innovativi indoor e outdoor per superare barriere concettuali.\",\"breadcrumb\":{\"@id\":\"https:\/\/www.alveria.it\/consulenza\/direttiva-europea-970-2023\/#breadcrumb\"},\"inLanguage\":\"de\",\"potentialAction\":[{\"@type\":\"ReadAction\",\"target\":[\"https:\/\/www.alveria.it\/consulenza\/direttiva-europea-970-2023\/\"]}]},{\"@type\":\"ImageObject\",\"inLanguage\":\"de\",\"@id\":\"https:\/\/www.alveria.it\/consulenza\/direttiva-europea-970-2023\/#primaryimage\",\"url\":\"https:\/\/www.alveria.it\/wp-content\/uploads\/2025\/10\/Direttiva-Europea-970-2023-virata.jpg\",\"contentUrl\":\"https:\/\/www.alveria.it\/wp-content\/uploads\/2025\/10\/Direttiva-Europea-970-2023-virata.jpg\",\"width\":1920,\"height\":1080},{\"@type\":\"BreadcrumbList\",\"@id\":\"https:\/\/www.alveria.it\/consulenza\/direttiva-europea-970-2023\/#breadcrumb\",\"itemListElement\":[{\"@type\":\"ListItem\",\"position\":1,\"name\":\"Home\",\"item\":\"https:\/\/www.alveria.it\/\"},{\"@type\":\"ListItem\",\"position\":2,\"name\":\"CONSULENZA\",\"item\":\"https:\/\/www.alveria.it\/consulenza\/\"},{\"@type\":\"ListItem\",\"position\":3,\"name\":\"DIRETTIVA EUROPEA 970\/2023\"}]},{\"@type\":\"WebSite\",\"@id\":\"https:\/\/www.alveria.it\/#website\",\"url\":\"https:\/\/www.alveria.it\/\",\"name\":\"Alveria - Consulting, Training and Solutions\",\"description\":\"Alveria - Consulting, Training and Solutions\",\"publisher\":{\"@id\":\"https:\/\/www.alveria.it\/#organization\"},\"potentialAction\":[{\"@type\":\"SearchAction\",\"target\":{\"@type\":\"EntryPoint\",\"urlTemplate\":\"https:\/\/www.alveria.it\/?s={search_term_string}\"},\"query-input\":{\"@type\":\"PropertyValueSpecification\",\"valueRequired\":true,\"valueName\":\"search_term_string\"}}],\"inLanguage\":\"de\"},{\"@type\":\"Organization\",\"@id\":\"https:\/\/www.alveria.it\/#organization\",\"name\":\"Alveria - Consulting, Training and Solutions\",\"url\":\"https:\/\/www.alveria.it\/\",\"logo\":{\"@type\":\"ImageObject\",\"inLanguage\":\"de\",\"@id\":\"https:\/\/www.alveria.it\/#\/schema\/logo\/image\/\",\"url\":\"https:\/\/www.alveria.it\/wp-content\/uploads\/2023\/12\/logo_alveria_normal.svg\",\"contentUrl\":\"https:\/\/www.alveria.it\/wp-content\/uploads\/2023\/12\/logo_alveria_normal.svg\",\"caption\":\"Alveria - Consulting, Training and Solutions\"},\"image\":{\"@id\":\"https:\/\/www.alveria.it\/#\/schema\/logo\/image\/\"}}]}<\/script>\n<!-- \/ Yoast SEO plugin. -->","yoast_head_json":{"title":"DIRETTIVA EUROPEA 970\/2023","description":"Scopri la Formazione Esperienziale di Alveria: percorsi innovativi indoor e outdoor per superare barriere concettuali.","robots":{"index":"index","follow":"follow","max-snippet":"max-snippet:-1","max-image-preview":"max-image-preview:large","max-video-preview":"max-video-preview:-1"},"canonical":"https:\/\/www.alveria.it\/de\/beratung\/europaische-richtlinie-970-2023\/","og_locale":"de_DE","og_type":"article","og_title":"DIRETTIVA EUROPEA 970\/2023","og_description":"Scopri la Formazione Esperienziale di Alveria: percorsi innovativi indoor e outdoor per superare barriere concettuali.","og_url":"https:\/\/www.alveria.it\/de\/beratung\/europaische-richtlinie-970-2023\/","og_site_name":"Alveria - Consulting, Training and Solutions","article_modified_time":"2025-10-23T12:33:34+00:00","og_image":[{"width":1920,"height":1080,"url":"https:\/\/www.alveria.it\/wp-content\/uploads\/2025\/10\/Direttiva-Europea-970-2023-virata.jpg","type":"image\/jpeg"}],"twitter_card":"summary_large_image","twitter_misc":{"Gesch\u00e4tzte Lesezeit":"2\u00a0Minuten"},"schema":{"@context":"https:\/\/schema.org","@graph":[{"@type":"WebPage","@id":"https:\/\/www.alveria.it\/consulenza\/direttiva-europea-970-2023\/","url":"https:\/\/www.alveria.it\/consulenza\/direttiva-europea-970-2023\/","name":"DIRETTIVA EUROPEA 970\/2023","isPartOf":{"@id":"https:\/\/www.alveria.it\/#website"},"primaryImageOfPage":{"@id":"https:\/\/www.alveria.it\/consulenza\/direttiva-europea-970-2023\/#primaryimage"},"image":{"@id":"https:\/\/www.alveria.it\/consulenza\/direttiva-europea-970-2023\/#primaryimage"},"thumbnailUrl":"https:\/\/www.alveria.it\/wp-content\/uploads\/2025\/10\/Direttiva-Europea-970-2023-virata.jpg","datePublished":"2025-10-23T10:35:41+00:00","dateModified":"2025-10-23T12:33:34+00:00","description":"Scopri la Formazione Esperienziale di Alveria: percorsi innovativi indoor e outdoor per superare barriere concettuali.","breadcrumb":{"@id":"https:\/\/www.alveria.it\/consulenza\/direttiva-europea-970-2023\/#breadcrumb"},"inLanguage":"de","potentialAction":[{"@type":"ReadAction","target":["https:\/\/www.alveria.it\/consulenza\/direttiva-europea-970-2023\/"]}]},{"@type":"ImageObject","inLanguage":"de","@id":"https:\/\/www.alveria.it\/consulenza\/direttiva-europea-970-2023\/#primaryimage","url":"https:\/\/www.alveria.it\/wp-content\/uploads\/2025\/10\/Direttiva-Europea-970-2023-virata.jpg","contentUrl":"https:\/\/www.alveria.it\/wp-content\/uploads\/2025\/10\/Direttiva-Europea-970-2023-virata.jpg","width":1920,"height":1080},{"@type":"BreadcrumbList","@id":"https:\/\/www.alveria.it\/consulenza\/direttiva-europea-970-2023\/#breadcrumb","itemListElement":[{"@type":"ListItem","position":1,"name":"Home","item":"https:\/\/www.alveria.it\/"},{"@type":"ListItem","position":2,"name":"CONSULENZA","item":"https:\/\/www.alveria.it\/consulenza\/"},{"@type":"ListItem","position":3,"name":"DIRETTIVA EUROPEA 970\/2023"}]},{"@type":"WebSite","@id":"https:\/\/www.alveria.it\/#website","url":"https:\/\/www.alveria.it\/","name":"Alveria - Consulting, Training and Solutions","description":"Alveria - Consulting, Training and Solutions","publisher":{"@id":"https:\/\/www.alveria.it\/#organization"},"potentialAction":[{"@type":"SearchAction","target":{"@type":"EntryPoint","urlTemplate":"https:\/\/www.alveria.it\/?s={search_term_string}"},"query-input":{"@type":"PropertyValueSpecification","valueRequired":true,"valueName":"search_term_string"}}],"inLanguage":"de"},{"@type":"Organization","@id":"https:\/\/www.alveria.it\/#organization","name":"Alveria - Consulting, Training and Solutions","url":"https:\/\/www.alveria.it\/","logo":{"@type":"ImageObject","inLanguage":"de","@id":"https:\/\/www.alveria.it\/#\/schema\/logo\/image\/","url":"https:\/\/www.alveria.it\/wp-content\/uploads\/2023\/12\/logo_alveria_normal.svg","contentUrl":"https:\/\/www.alveria.it\/wp-content\/uploads\/2023\/12\/logo_alveria_normal.svg","caption":"Alveria - Consulting, Training and Solutions"},"image":{"@id":"https:\/\/www.alveria.it\/#\/schema\/logo\/image\/"}}]}},"_links":{"self":[{"href":"https:\/\/www.alveria.it\/de\/wp-json\/wp\/v2\/pages\/2118","targetHints":{"allow":["GET"]}}],"collection":[{"href":"https:\/\/www.alveria.it\/de\/wp-json\/wp\/v2\/pages"}],"about":[{"href":"https:\/\/www.alveria.it\/de\/wp-json\/wp\/v2\/types\/page"}],"author":[{"embeddable":true,"href":"https:\/\/www.alveria.it\/de\/wp-json\/wp\/v2\/users\/3"}],"replies":[{"embeddable":true,"href":"https:\/\/www.alveria.it\/de\/wp-json\/wp\/v2\/comments?post=2118"}],"version-history":[{"count":1,"href":"https:\/\/www.alveria.it\/de\/wp-json\/wp\/v2\/pages\/2118\/revisions"}],"predecessor-version":[{"id":2120,"href":"https:\/\/www.alveria.it\/de\/wp-json\/wp\/v2\/pages\/2118\/revisions\/2120"}],"up":[{"embeddable":true,"href":"https:\/\/www.alveria.it\/de\/wp-json\/wp\/v2\/pages\/125"}],"wp:featuredmedia":[{"embeddable":true,"href":"https:\/\/www.alveria.it\/de\/wp-json\/wp\/v2\/media\/2123"}],"wp:attachment":[{"href":"https:\/\/www.alveria.it\/de\/wp-json\/wp\/v2\/media?parent=2118"}],"curies":[{"name":"wp","href":"https:\/\/api.w.org\/{rel}","templated":true}]}}