{"id":162,"date":"2023-09-21T15:50:10","date_gmt":"2023-09-21T15:50:10","guid":{"rendered":"https:\/\/www.alveria.it\/?page_id=162"},"modified":"2025-11-28T10:57:35","modified_gmt":"2025-11-28T10:57:35","slug":"personal-und-fuhrungskrafteentwicklung-162","status":"publish","type":"page","link":"https:\/\/www.alveria.it\/de\/formazione\/people-e-managerial-development-162\/","title":{"rendered":"ENTWICKLUNG VON MENSCHEN UND F\u00dcHRUNGSKR\u00c4FTEN"},"content":{"rendered":"<p>Menschen<\/p>\n<h3 class=\"title\">WIR GEBEN IHREM UNTERNEHMEN DIE ANTWORTEN, DIE ES BRAUCHT, UM SEINE ENTWICKLUNG ZU UNTERST\u00dcTZEN.<\/h3>\n<p style=\"text-align: center;\">Wir sind bereit, Sie auf dem Weg des Wandels zu begleiten, indem wir Ihnen alle notwendigen Instrumente anbieten: Managementberatung, ma\u00dfgeschneiderte Schulungen und unterst\u00fctzende Technologien, um die Entwicklung Ihrer Organisation zu implementieren, zu beschleunigen und effektiv zu gestalten.<\/p>\n<h3 style=\"text-align: center;\"><strong>ENTDECKEN SIE ALLE L\u00d6SUNGEN, DIE IHNEN ZUR VERF\u00dcGUNG STEHEN!<\/strong><\/h3>\n<p style=\"margin: 0px;\"><img decoding=\"async\" class=\"scale-with-grid\" title=\"\" src=\"\/wp-content\/uploads\/2023\/09\/Personen-F\u00fchrungskr\u00e4fte-Entwicklung-Coaching-Mentoring-1.jpg\" alt=\"\" width=\"\" height=\"\" \/><\/p>\n<h4>COACHING UND MENTORING<\/h4>\n<p>Alveria unterst\u00fctzt HR-Manager bei der Entwicklung von individuellen und Team-Coaching- und Mentoring-Pfaden.<\/p>\n<p><a class=\"button button-blocchetti button_size_2 button_dark\" title=\"\" href=\"\/de\/ausbildung\/entwicklung-von-menschen-und-fuhrungskraften\/coaching-und-mentoring\/\"><span class=\"button_label\">ENTDECKEN<\/span><\/a><\/p>\n<p style=\"margin: 0px;\"><img decoding=\"async\" class=\"scale-with-grid\" title=\"\" src=\"\/wp-content\/uploads\/2023\/09\/People-Managerial-Development-civil-communication-public-enterprise-1.jpg\" alt=\"\" width=\"\" height=\"\" \/><\/p>\n<h4>\u00d6FFENTLICHE UND UNTERNEHMENSKOMMUNIKATION<\/h4>\n<p>Die F\u00e4higkeit, sich in einer lebendigen, mobilisierenden und transformativen Sprache auszudr\u00fccken, ist in einem Arbeitskontext, in dem der Umgang mit verschiedenen Interessengruppen an der Tagesordnung ist, unerl\u00e4sslich.<\/p>\n<p><a class=\"button button-blocchetti button_size_2 button_dark\" title=\"\" href=\"\/de\/ausbildung\/entwicklung-von-menschen-und-fuhrungskraften\/offentliche-und-unternehmenskommunikation\/\"><span class=\"button_label\">ENTDECKEN<\/span><\/a><\/p>\n<p style=\"margin: 0px;\"><img decoding=\"async\" class=\"scale-with-grid\" title=\"\" src=\"\/wp-content\/uploads\/2023\/09\/Personen-F\u00fchrungskr\u00e4fte-Entwicklung-hr-management-leadership-1.jpg\" alt=\"\" width=\"\" height=\"\" \/><\/p>\n<h4>HR MANAGEMENT UND F\u00dcHRUNG<\/h4>\n<p>Die von Alveria angebotenen Leadership-Kurse zielen darauf ab, all jene F\u00e4higkeiten zu entwickeln und zu verbessern, die es Managern erm\u00f6glichen, das Team positiv zu beeinflussen und es auf die Unternehmensziele auszurichten.<\/p>\n<p><a class=\"button button-blocchetti button_size_2 button_dark\" title=\"\" href=\"\/de\/ausbildung\/entwicklung-von-menschen-und-fuhrungskraften\/personalmanagement-und-fuhrung\/\"><span class=\"button_label\">ENTDECKEN<\/span><\/a><\/p>\n<p style=\"margin: 0px;\"><img decoding=\"async\" class=\"scale-with-grid\" title=\"\" src=\"\/wp-content\/uploads\/2023\/09\/Personen-Fuehrungskraefte-Entwicklung-civetta-innovation-management-1.jpg\" alt=\"\" width=\"\" height=\"\" \/><\/p>\n<h4>INNOVATIONSMANAGEMENT<\/h4>\n<p>Der starke Wettbewerb, der heute alle M\u00e4rkte kennzeichnet, macht die Innovation zu einem wesentlichen Instrument, um den gewonnenen Wettbewerbsvorteil zu erhalten und\/oder die Marktposition zu verbessern.<\/p>\n<p><a class=\"button button-blocchetti button_size_2 button_dark\" title=\"\" href=\"\/de\/ausbildung\/entwicklung-von-menschen-und-fuhrungskraften\/innovationsmanagement\/\"><span class=\"button_label\">ENTDECKEN<\/span><\/a><\/p>\n<p style=\"margin: 0px;\"><img decoding=\"async\" class=\"scale-with-grid\" title=\"\" src=\"\/wp-content\/uploads\/2023\/09\/Personen-Fuehrungskraefte-Entwicklung-problemloesende-Entscheidungsfindung-1.jpg\" alt=\"\" width=\"\" height=\"\" \/><\/p>\n<h4>PROBLEML\u00d6SUNG UND ENTSCHEIDUNGSFINDUNG<\/h4>\n<p>Probleml\u00f6sung und Entscheidungsfindung sind ausgepr\u00e4gte und wesentliche F\u00e4higkeiten, um Unternehmensziele erfolgreich zu erreichen und zu erhalten.<\/p>\n<p><a class=\"button button-blocchetti button_size_2 button_dark\" title=\"\" href=\"\/de\/ausbildung\/entwicklung-von-menschen-und-fuhrungskraften\/problemlosungsorientierte-entscheidungsfindung\/\"><span class=\"button_label\">ENTDECKEN<\/span><\/a><\/p>\n<p style=\"margin: 0px;\"><img decoding=\"async\" class=\"scale-with-grid\" title=\"\" src=\"\/wp-content\/uploads\/2023\/09\/Personen-F\u00fchrungskr\u00e4fte-Entwicklung-civetta-projekt-management-1.jpg\" alt=\"\" width=\"\" height=\"\" \/><\/p>\n<h4>PROJEKTLEITUNG<\/h4>\n<p>In den letzten Jahren hat sich die Erkenntnis durchgesetzt, dass das Projektmanagement eine Organisationsform ist, die in der Lage ist, Integration und Flexibilit\u00e4t zu entwickeln und ein angemessenes Koordinationsniveau f\u00fcr ungewisse und wenig formalisierte Prozesse zu gew\u00e4hrleisten.<\/p>\n<p><a class=\"button button-blocchetti button_size_2 button_dark\" title=\"\" href=\"\/de\/ausbildung\/entwicklung-von-menschen-und-fuhrungskraften\/projektleitung\/\"><span class=\"button_label\">ENTDECKEN<\/span><\/a><\/p>\n<p style=\"margin: 0px;\"><img decoding=\"async\" class=\"scale-with-grid\" title=\"\" src=\"\/wp-content\/uploads\/2023\/09\/Personal-Fuehrungskraefte-Entwicklung-civetta-verkaufsschulung-coaching.jpg\" alt=\"\" width=\"\" height=\"\" \/><\/p>\n<h4>VERKAUFSTRAINING UND COACHING<\/h4>\n<p>Alveria bietet Schulungen an, die sich auf die effektive Vermittlung von Verkaufskompetenzen durch einen Mix verschiedener Methoden konzentrieren. Dieser Ansatz stellt den Lernenden in den Mittelpunkt, so dass die im Klassenzimmer gewonnenen Erfahrungen auf den Arbeitsalltag \u00fcbertragen werden k\u00f6nnen.<\/p>\n<p><a class=\"button button-blocchetti button_size_2 button_dark\" title=\"\" href=\"\/de\/ausbildung\/entwicklung-von-menschen-und-fuhrungskraften\/verkaufstraining-und-coaching\/\"><span class=\"button_label\">ENTDECKEN<\/span><\/a><\/p>\n<p style=\"margin: 0px;\"><img decoding=\"async\" class=\"scale-with-grid\" title=\"\" src=\"\/wp-content\/uploads\/2023\/09\/Personen-F\u00fchrungskr\u00e4fte-Entwicklung-civetta-zeit-management-1.jpg\" alt=\"\" width=\"\" height=\"\" \/><\/p>\n<h4 style=\"margin: 0px;\">\nZEITMANAGEMENT<\/h4>\n<p>Ein produktiveres Zeitmanagement bedeutet, sich auf das Ergebnis zu konzentrieren, die eigenen Priorit\u00e4ten zu erkennen und zu versuchen, die eigene Leistung auf diese Priorit\u00e4ten auszurichten.<\/p>\n<p><a class=\"button button-blocchetti button_size_2 button_dark\" title=\"\" href=\"\/de\/ausbildung\/entwicklung-von-menschen-und-fuhrungskraften\/zeitmanagement\/\"><span class=\"button_label\">ENTDECKEN<\/span><\/a><\/p>\n<h6 class=\"title\">BERATUNG, SCHULUNG ZUR DIGITALISIERUNG DES PERSONALWESENS UND UNTERNEHMENSL\u00d6SUNGEN ENTDECKEN SIE DIE ALVERIA-METHODE UND BEREITEN SIE SICH AUF DEN WANDEL VOR.<\/h6>\n<p><a class=\"button  button_size_2 button_dark\" title=\"\" href=\"\/de\/kontakte\/\"><span class=\"button_label\">WEITERE INFORMATIONEN ANFORDERN<\/span><\/a><\/p>","protected":false},"excerpt":{"rendered":"<p>People DIAMO AL TUO BUSINESS LE RISPOSTE UTILI PER SUPPORTARNE L\u2019EVOLUZIONE E LO SVILUPPO Siamo pronti a guidarti sulla strada del cambiamento offrendoti tutti gli strumenti<span class=\"excerpt-hellip\"> [\u2026]<\/span><\/p>\n","protected":false},"author":4,"featured_media":743,"parent":136,"menu_order":0,"comment_status":"open","ping_status":"closed","template":"","meta":{"iawp_total_views":127,"footnotes":""},"class_list":["post-162","page","type-page","status-publish","has-post-thumbnail","hentry"],"yoast_head":"<!-- This site is optimized with the Yoast SEO plugin v27.5 - https:\/\/yoast.com\/product\/yoast-seo-wordpress\/ -->\n<title>PEOPLE E MANAGERIAL DEVELOPMENT<\/title>\n<meta name=\"description\" content=\"Scopri le soluzioni Alveria per supportare il tuo business: coaching, leadership, project e people management, e innovazione. Scopri di pi\u00f9!\" \/>\n<meta name=\"robots\" content=\"index, follow, max-snippet:-1, max-image-preview:large, max-video-preview:-1\" \/>\n<link rel=\"canonical\" href=\"https:\/\/www.alveria.it\/de\/ausbildung\/entwicklung-von-menschen-und-fuhrungskraften\/\" \/>\n<meta property=\"og:locale\" content=\"de_DE\" \/>\n<meta property=\"og:type\" content=\"article\" \/>\n<meta property=\"og:title\" content=\"PEOPLE E MANAGERIAL DEVELOPMENT\" \/>\n<meta property=\"og:description\" content=\"Scopri le soluzioni Alveria per supportare il tuo business: coaching, leadership, project e people management, e innovazione. Scopri di pi\u00f9!\" \/>\n<meta property=\"og:url\" content=\"https:\/\/www.alveria.it\/de\/ausbildung\/entwicklung-von-menschen-und-fuhrungskraften\/\" \/>\n<meta property=\"og:site_name\" content=\"Alveria - Consulting, Training and Solutions\" \/>\n<meta property=\"article:modified_time\" content=\"2025-11-28T10:57:35+00:00\" \/>\n<meta property=\"og:image\" content=\"https:\/\/www.alveria.it\/wp-content\/uploads\/2023\/09\/People-Management-virata.jpg\" \/>\n\t<meta property=\"og:image:width\" content=\"1920\" \/>\n\t<meta property=\"og:image:height\" content=\"1080\" \/>\n\t<meta property=\"og:image:type\" content=\"image\/jpeg\" \/>\n<meta name=\"twitter:card\" content=\"summary_large_image\" \/>\n<meta name=\"twitter:label1\" content=\"Gesch\u00e4tzte Lesezeit\" \/>\n\t<meta name=\"twitter:data1\" content=\"4\u00a0Minuten\" \/>\n<script type=\"application\/ld+json\" class=\"yoast-schema-graph\">{\"@context\":\"https:\\\/\\\/schema.org\",\"@graph\":[{\"@type\":\"WebPage\",\"@id\":\"https:\\\/\\\/www.alveria.it\\\/formazione\\\/people-e-managerial-development\\\/\",\"url\":\"https:\\\/\\\/www.alveria.it\\\/formazione\\\/people-e-managerial-development\\\/\",\"name\":\"PEOPLE E MANAGERIAL DEVELOPMENT\",\"isPartOf\":{\"@id\":\"https:\\\/\\\/www.alveria.it\\\/#website\"},\"primaryImageOfPage\":{\"@id\":\"https:\\\/\\\/www.alveria.it\\\/formazione\\\/people-e-managerial-development\\\/#primaryimage\"},\"image\":{\"@id\":\"https:\\\/\\\/www.alveria.it\\\/formazione\\\/people-e-managerial-development\\\/#primaryimage\"},\"thumbnailUrl\":\"https:\\\/\\\/www.alveria.it\\\/wp-content\\\/uploads\\\/2023\\\/09\\\/People-Management-virata.jpg\",\"datePublished\":\"2023-09-21T15:50:10+00:00\",\"dateModified\":\"2025-11-28T10:57:35+00:00\",\"description\":\"Scopri le soluzioni Alveria per supportare il tuo business: coaching, leadership, project e people management, e innovazione. Scopri di pi\u00f9!\",\"breadcrumb\":{\"@id\":\"https:\\\/\\\/www.alveria.it\\\/formazione\\\/people-e-managerial-development\\\/#breadcrumb\"},\"inLanguage\":\"de\",\"potentialAction\":[{\"@type\":\"ReadAction\",\"target\":[\"https:\\\/\\\/www.alveria.it\\\/formazione\\\/people-e-managerial-development\\\/\"]}]},{\"@type\":\"ImageObject\",\"inLanguage\":\"de\",\"@id\":\"https:\\\/\\\/www.alveria.it\\\/formazione\\\/people-e-managerial-development\\\/#primaryimage\",\"url\":\"https:\\\/\\\/www.alveria.it\\\/wp-content\\\/uploads\\\/2023\\\/09\\\/People-Management-virata.jpg\",\"contentUrl\":\"https:\\\/\\\/www.alveria.it\\\/wp-content\\\/uploads\\\/2023\\\/09\\\/People-Management-virata.jpg\",\"width\":1920,\"height\":1080},{\"@type\":\"BreadcrumbList\",\"@id\":\"https:\\\/\\\/www.alveria.it\\\/formazione\\\/people-e-managerial-development\\\/#breadcrumb\",\"itemListElement\":[{\"@type\":\"ListItem\",\"position\":1,\"name\":\"Home\",\"item\":\"https:\\\/\\\/www.alveria.it\\\/\"},{\"@type\":\"ListItem\",\"position\":2,\"name\":\"FORMAZIONE\",\"item\":\"https:\\\/\\\/www.alveria.it\\\/formazione\\\/\"},{\"@type\":\"ListItem\",\"position\":3,\"name\":\"PEOPLE E MANAGERIAL DEVELOPMENT\"}]},{\"@type\":\"WebSite\",\"@id\":\"https:\\\/\\\/www.alveria.it\\\/#website\",\"url\":\"https:\\\/\\\/www.alveria.it\\\/\",\"name\":\"Alveria - Consulting, Training and Solutions\",\"description\":\"Alveria - Consulting, Training and Solutions\",\"publisher\":{\"@id\":\"https:\\\/\\\/www.alveria.it\\\/#organization\"},\"potentialAction\":[{\"@type\":\"SearchAction\",\"target\":{\"@type\":\"EntryPoint\",\"urlTemplate\":\"https:\\\/\\\/www.alveria.it\\\/?s={search_term_string}\"},\"query-input\":{\"@type\":\"PropertyValueSpecification\",\"valueRequired\":true,\"valueName\":\"search_term_string\"}}],\"inLanguage\":\"de\"},{\"@type\":\"Organization\",\"@id\":\"https:\\\/\\\/www.alveria.it\\\/#organization\",\"name\":\"Alveria - Consulting, Training and Solutions\",\"url\":\"https:\\\/\\\/www.alveria.it\\\/\",\"logo\":{\"@type\":\"ImageObject\",\"inLanguage\":\"de\",\"@id\":\"https:\\\/\\\/www.alveria.it\\\/#\\\/schema\\\/logo\\\/image\\\/\",\"url\":\"https:\\\/\\\/www.alveria.it\\\/wp-content\\\/uploads\\\/2023\\\/12\\\/logo_alveria_normal.svg\",\"contentUrl\":\"https:\\\/\\\/www.alveria.it\\\/wp-content\\\/uploads\\\/2023\\\/12\\\/logo_alveria_normal.svg\",\"caption\":\"Alveria - Consulting, Training and Solutions\"},\"image\":{\"@id\":\"https:\\\/\\\/www.alveria.it\\\/#\\\/schema\\\/logo\\\/image\\\/\"}}]}<\/script>\n<!-- \/ Yoast SEO plugin. -->","yoast_head_json":{"title":"ENTWICKLUNG VON MENSCHEN UND F\u00dcHRUNGSKR\u00c4FTEN","description":"Entdecken Sie die L\u00f6sungen von Alveria zur Unterst\u00fctzung Ihres Unternehmens: Coaching, F\u00fchrung, Projekt- und Personalmanagement und Innovation. Erfahren Sie mehr!","robots":{"index":"index","follow":"follow","max-snippet":"max-snippet:-1","max-image-preview":"max-image-preview:large","max-video-preview":"max-video-preview:-1"},"canonical":"https:\/\/www.alveria.it\/de\/ausbildung\/entwicklung-von-menschen-und-fuhrungskraften\/","og_locale":"de_DE","og_type":"article","og_title":"PEOPLE E MANAGERIAL DEVELOPMENT","og_description":"Scopri le soluzioni Alveria per supportare il tuo business: coaching, leadership, project e people management, e innovazione. Scopri di pi\u00f9!","og_url":"https:\/\/www.alveria.it\/de\/ausbildung\/entwicklung-von-menschen-und-fuhrungskraften\/","og_site_name":"Alveria - Consulting, Training and Solutions","article_modified_time":"2025-11-28T10:57:35+00:00","og_image":[{"width":1920,"height":1080,"url":"https:\/\/www.alveria.it\/wp-content\/uploads\/2023\/09\/People-Management-virata.jpg","type":"image\/jpeg"}],"twitter_card":"summary_large_image","twitter_misc":{"Gesch\u00e4tzte Lesezeit":"4\u00a0Minuten"},"schema":{"@context":"https:\/\/schema.org","@graph":[{"@type":"WebPage","@id":"https:\/\/www.alveria.it\/formazione\/people-e-managerial-development\/","url":"https:\/\/www.alveria.it\/formazione\/people-e-managerial-development\/","name":"ENTWICKLUNG VON MENSCHEN UND F\u00dcHRUNGSKR\u00c4FTEN","isPartOf":{"@id":"https:\/\/www.alveria.it\/#website"},"primaryImageOfPage":{"@id":"https:\/\/www.alveria.it\/formazione\/people-e-managerial-development\/#primaryimage"},"image":{"@id":"https:\/\/www.alveria.it\/formazione\/people-e-managerial-development\/#primaryimage"},"thumbnailUrl":"https:\/\/www.alveria.it\/wp-content\/uploads\/2023\/09\/People-Management-virata.jpg","datePublished":"2023-09-21T15:50:10+00:00","dateModified":"2025-11-28T10:57:35+00:00","description":"Entdecken Sie die L\u00f6sungen von Alveria zur Unterst\u00fctzung Ihres Unternehmens: Coaching, F\u00fchrung, Projekt- und Personalmanagement und Innovation. Erfahren Sie mehr!","breadcrumb":{"@id":"https:\/\/www.alveria.it\/formazione\/people-e-managerial-development\/#breadcrumb"},"inLanguage":"de","potentialAction":[{"@type":"ReadAction","target":["https:\/\/www.alveria.it\/formazione\/people-e-managerial-development\/"]}]},{"@type":"ImageObject","inLanguage":"de","@id":"https:\/\/www.alveria.it\/formazione\/people-e-managerial-development\/#primaryimage","url":"https:\/\/www.alveria.it\/wp-content\/uploads\/2023\/09\/People-Management-virata.jpg","contentUrl":"https:\/\/www.alveria.it\/wp-content\/uploads\/2023\/09\/People-Management-virata.jpg","width":1920,"height":1080},{"@type":"BreadcrumbList","@id":"https:\/\/www.alveria.it\/formazione\/people-e-managerial-development\/#breadcrumb","itemListElement":[{"@type":"ListItem","position":1,"name":"Home","item":"https:\/\/www.alveria.it\/"},{"@type":"ListItem","position":2,"name":"FORMAZIONE","item":"https:\/\/www.alveria.it\/formazione\/"},{"@type":"ListItem","position":3,"name":"PEOPLE E MANAGERIAL DEVELOPMENT"}]},{"@type":"WebSite","@id":"https:\/\/www.alveria.it\/#website","url":"https:\/\/www.alveria.it\/","name":"Alveria - Beratung, Schulung und L\u00f6sungen","description":"Alveria - Beratung, Schulung und L\u00f6sungen","publisher":{"@id":"https:\/\/www.alveria.it\/#organization"},"potentialAction":[{"@type":"SearchAction","target":{"@type":"EntryPoint","urlTemplate":"https:\/\/www.alveria.it\/?s={search_term_string}"},"query-input":{"@type":"PropertyValueSpecification","valueRequired":true,"valueName":"search_term_string"}}],"inLanguage":"de"},{"@type":"Organization","@id":"https:\/\/www.alveria.it\/#organization","name":"Alveria - Beratung, Schulung und L\u00f6sungen","url":"https:\/\/www.alveria.it\/","logo":{"@type":"ImageObject","inLanguage":"de","@id":"https:\/\/www.alveria.it\/#\/schema\/logo\/image\/","url":"https:\/\/www.alveria.it\/wp-content\/uploads\/2023\/12\/logo_alveria_normal.svg","contentUrl":"https:\/\/www.alveria.it\/wp-content\/uploads\/2023\/12\/logo_alveria_normal.svg","caption":"Alveria - Consulting, Training and Solutions"},"image":{"@id":"https:\/\/www.alveria.it\/#\/schema\/logo\/image\/"}}]}},"_links":{"self":[{"href":"https:\/\/www.alveria.it\/de\/wp-json\/wp\/v2\/pages\/162","targetHints":{"allow":["GET"]}}],"collection":[{"href":"https:\/\/www.alveria.it\/de\/wp-json\/wp\/v2\/pages"}],"about":[{"href":"https:\/\/www.alveria.it\/de\/wp-json\/wp\/v2\/types\/page"}],"author":[{"embeddable":true,"href":"https:\/\/www.alveria.it\/de\/wp-json\/wp\/v2\/users\/4"}],"replies":[{"embeddable":true,"href":"https:\/\/www.alveria.it\/de\/wp-json\/wp\/v2\/comments?post=162"}],"version-history":[{"count":4,"href":"https:\/\/www.alveria.it\/de\/wp-json\/wp\/v2\/pages\/162\/revisions"}],"predecessor-version":[{"id":2158,"href":"https:\/\/www.alveria.it\/de\/wp-json\/wp\/v2\/pages\/162\/revisions\/2158"}],"up":[{"embeddable":true,"href":"https:\/\/www.alveria.it\/de\/wp-json\/wp\/v2\/pages\/136"}],"wp:featuredmedia":[{"embeddable":true,"href":"https:\/\/www.alveria.it\/de\/wp-json\/wp\/v2\/media\/743"}],"wp:attachment":[{"href":"https:\/\/www.alveria.it\/de\/wp-json\/wp\/v2\/media?parent=162"}],"curies":[{"name":"wp","href":"https:\/\/api.w.org\/{rel}","templated":true}]}}