{"id":159,"date":"2023-09-21T15:23:18","date_gmt":"2023-09-21T15:23:18","guid":{"rendered":"https:\/\/www.alveria.it\/?page_id=159"},"modified":"2024-05-24T15:44:45","modified_gmt":"2024-05-24T15:44:45","slug":"outdoortraining","status":"publish","type":"page","link":"https:\/\/www.alveria.it\/de\/ausbildung\/erfahrungsmasige-ausbildung\/outdoortraining\/","title":{"rendered":"OUTDOORTRAINING"},"content":{"rendered":"<p class=\"title\">Ausbildung im Freien<\/p>\n<h3 class=\"title\">OUTDOOR-TRAINING ALS METAPHER F\u00dcR DAS LEBEN<\/h3>\n<p style=\"text-align: center;\">Diese <strong>Modell<\/strong> der Ausbildung <strong>hohes psycho-physisches Engagement<\/strong>Es veranlasst die Teilnehmer zu einer nat\u00fcrlichen Integration mit Kollegen und Ausbildern, indem es eine aktive Teilnahme und ein st\u00e4ndiges Engagement erfordert.<\/p>\n<p style=\"text-align: center;\">Outdoor-Training wird entwickelt durch\u00a0<strong>\u00dcbungen, die eine Metapher f\u00fcr das Unternehmensleben sind<\/strong>Die Teammitglieder erkennen selbst, dass der Einzelne allein wenig ausrichten kann und dass die Gruppe, die zusammenh\u00e4lt, organisiert ist, sich engagiert und sich des zu erreichenden Ziels bewusst ist, viel mehr erreichen kann.<\/p>\n<h3>LERNZIELE<\/h3>\n<ul class=\"mfn-list mfn-list-left mfn-list-middle\">\n<li class=\"mfn-list-item\" style=\"counter-set: my-sec-counter 0;\"><span class=\"mfn-list-desc\">Management von Ver\u00e4nderungen<\/span><\/li>\n<li class=\"mfn-list-item\"><span class=\"mfn-list-desc\">Funktions\u00fcbergreifende Integration und Synergie<\/span><\/li>\n<li class=\"mfn-list-item\"><span class=\"mfn-list-desc\">Kommunikation in komplexen Situationen und Umgebungen<\/span><\/li>\n<li class=\"mfn-list-item\"><span class=\"mfn-list-desc\">Zusammenarbeit zwischen Frontline und Back-Office<\/span><\/li>\n<li class=\"mfn-list-item\"><span class=\"mfn-list-desc\">Operative Standards und kontinuierliche Verbesserung<\/span><\/li>\n<li class=\"mfn-list-item\"><span class=\"mfn-list-desc\">Weitverbreitete F\u00fchrung<\/span><\/li>\n<\/ul>\n<p style=\"text-align: center;\">Besonders wirksam in Unternehmen, in denen fr\u00fchere Interventionen haupts\u00e4chlich durch <a href=\"https:\/\/www.hcms.it\/contatti\/\">Techniken<\/a> traditionelle und sich oft wiederholende Schulungen im Klassenzimmer. Dieser innovative Ansatz, der auf konkreten und fesselnden Erfahrungen beruht, erm\u00f6glicht es den Teilnehmern, das Gelernte tiefer und nachhaltiger zu verinnerlichen und es in praktische F\u00e4higkeiten umzuwandeln, die sie in ihrem t\u00e4glichen Arbeitsumfeld anwenden k\u00f6nnen.<\/p>\n<h6 class=\"title\">BERATUNG, SCHULUNG ZUR DIGITALISIERUNG DES PERSONALWESENS UND UNTERNEHMENSL\u00d6SUNGEN ENTDECKEN SIE DIE ALVERIA-METHODE UND BEREITEN SIE SICH AUF DEN WANDEL VOR.<\/h6>\n<p><a class=\"button  button_size_2 button_dark\" title=\"\" href=\"\/de\/kontakte\/\"><span class=\"button_label\">WEITERE INFORMATIONEN ANFORDERN<\/span><\/a><\/p>","protected":false},"excerpt":{"rendered":"<p>Formazione Outdoor LA FORMAZIONE OUTDOOR COME METAFORA DI VITA Questo modello di formazione ad alto coinvolgimento psico-fisico, induce i partecipanti a una naturale integrazione con colleghi<span class=\"excerpt-hellip\"> [...]<\/span><\/p>","protected":false},"author":4,"featured_media":709,"parent":152,"menu_order":0,"comment_status":"open","ping_status":"closed","template":"","meta":{"iawp_total_views":34,"footnotes":""},"class_list":["post-159","page","type-page","status-publish","has-post-thumbnail","hentry"],"yoast_head":"<!-- This site is optimized with the Yoast SEO plugin v25.1 - https:\/\/yoast.com\/wordpress\/plugins\/seo\/ -->\n<title>FORMAZIONE OUTDOOR<\/title>\n<meta name=\"description\" content=\"Scopri la Formazione Outdoor di Alveria: coinvolgimento attivo, sinergia di team, gestione del cambiamento e leadership diffusa.\" \/>\n<meta name=\"robots\" content=\"index, follow, max-snippet:-1, max-image-preview:large, max-video-preview:-1\" \/>\n<link rel=\"canonical\" href=\"https:\/\/www.alveria.it\/de\/ausbildung\/erfahrungsmasige-ausbildung\/outdoortraining\/\" \/>\n<meta property=\"og:locale\" content=\"de_DE\" \/>\n<meta property=\"og:type\" content=\"article\" \/>\n<meta property=\"og:title\" content=\"FORMAZIONE OUTDOOR\" \/>\n<meta property=\"og:description\" content=\"Scopri la Formazione Outdoor di Alveria: coinvolgimento attivo, sinergia di team, gestione del cambiamento e leadership diffusa.\" \/>\n<meta property=\"og:url\" content=\"https:\/\/www.alveria.it\/de\/ausbildung\/erfahrungsmasige-ausbildung\/outdoortraining\/\" \/>\n<meta property=\"og:site_name\" content=\"Alveria - Consulting, Training and Solutions\" \/>\n<meta property=\"article:modified_time\" content=\"2024-05-24T15:44:45+00:00\" \/>\n<meta property=\"og:image\" content=\"https:\/\/www.alveria.it\/wp-content\/uploads\/2023\/09\/Formazione-Outdoor-virata.jpg\" \/>\n\t<meta property=\"og:image:width\" content=\"1920\" \/>\n\t<meta property=\"og:image:height\" content=\"1080\" \/>\n\t<meta property=\"og:image:type\" content=\"image\/jpeg\" \/>\n<meta name=\"twitter:card\" content=\"summary_large_image\" \/>\n<meta name=\"twitter:label1\" content=\"Gesch\u00e4tzte Lesezeit\" \/>\n\t<meta name=\"twitter:data1\" content=\"2\u00a0Minuten\" \/>\n<script type=\"application\/ld+json\" class=\"yoast-schema-graph\">{\"@context\":\"https:\/\/schema.org\",\"@graph\":[{\"@type\":\"WebPage\",\"@id\":\"https:\/\/www.alveria.it\/formazione\/formazione-esperienziale\/formazione-outdoor\/\",\"url\":\"https:\/\/www.alveria.it\/formazione\/formazione-esperienziale\/formazione-outdoor\/\",\"name\":\"FORMAZIONE OUTDOOR\",\"isPartOf\":{\"@id\":\"https:\/\/www.alveria.it\/#website\"},\"primaryImageOfPage\":{\"@id\":\"https:\/\/www.alveria.it\/formazione\/formazione-esperienziale\/formazione-outdoor\/#primaryimage\"},\"image\":{\"@id\":\"https:\/\/www.alveria.it\/formazione\/formazione-esperienziale\/formazione-outdoor\/#primaryimage\"},\"thumbnailUrl\":\"https:\/\/www.alveria.it\/wp-content\/uploads\/2023\/09\/Formazione-Outdoor-virata.jpg\",\"datePublished\":\"2023-09-21T15:23:18+00:00\",\"dateModified\":\"2024-05-24T15:44:45+00:00\",\"description\":\"Scopri la Formazione Outdoor di Alveria: coinvolgimento attivo, sinergia di team, gestione del cambiamento e leadership diffusa.\",\"breadcrumb\":{\"@id\":\"https:\/\/www.alveria.it\/formazione\/formazione-esperienziale\/formazione-outdoor\/#breadcrumb\"},\"inLanguage\":\"de\",\"potentialAction\":[{\"@type\":\"ReadAction\",\"target\":[\"https:\/\/www.alveria.it\/formazione\/formazione-esperienziale\/formazione-outdoor\/\"]}]},{\"@type\":\"ImageObject\",\"inLanguage\":\"de\",\"@id\":\"https:\/\/www.alveria.it\/formazione\/formazione-esperienziale\/formazione-outdoor\/#primaryimage\",\"url\":\"https:\/\/www.alveria.it\/wp-content\/uploads\/2023\/09\/Formazione-Outdoor-virata.jpg\",\"contentUrl\":\"https:\/\/www.alveria.it\/wp-content\/uploads\/2023\/09\/Formazione-Outdoor-virata.jpg\",\"width\":1920,\"height\":1080,\"caption\":\"formazione outdoor\"},{\"@type\":\"BreadcrumbList\",\"@id\":\"https:\/\/www.alveria.it\/formazione\/formazione-esperienziale\/formazione-outdoor\/#breadcrumb\",\"itemListElement\":[{\"@type\":\"ListItem\",\"position\":1,\"name\":\"Home\",\"item\":\"https:\/\/www.alveria.it\/\"},{\"@type\":\"ListItem\",\"position\":2,\"name\":\"FORMAZIONE\",\"item\":\"https:\/\/www.alveria.it\/formazione\/\"},{\"@type\":\"ListItem\",\"position\":3,\"name\":\"FORMAZIONE ESPERIENZIALE\",\"item\":\"https:\/\/www.alveria.it\/formazione\/formazione-esperienziale\/\"},{\"@type\":\"ListItem\",\"position\":4,\"name\":\"FORMAZIONE OUTDOOR\"}]},{\"@type\":\"WebSite\",\"@id\":\"https:\/\/www.alveria.it\/#website\",\"url\":\"https:\/\/www.alveria.it\/\",\"name\":\"Alveria - Consulting, Training and Solutions\",\"description\":\"Alveria - Consulting, Training and Solutions\",\"publisher\":{\"@id\":\"https:\/\/www.alveria.it\/#organization\"},\"potentialAction\":[{\"@type\":\"SearchAction\",\"target\":{\"@type\":\"EntryPoint\",\"urlTemplate\":\"https:\/\/www.alveria.it\/?s={search_term_string}\"},\"query-input\":{\"@type\":\"PropertyValueSpecification\",\"valueRequired\":true,\"valueName\":\"search_term_string\"}}],\"inLanguage\":\"de\"},{\"@type\":\"Organization\",\"@id\":\"https:\/\/www.alveria.it\/#organization\",\"name\":\"Alveria - Consulting, Training and Solutions\",\"url\":\"https:\/\/www.alveria.it\/\",\"logo\":{\"@type\":\"ImageObject\",\"inLanguage\":\"de\",\"@id\":\"https:\/\/www.alveria.it\/#\/schema\/logo\/image\/\",\"url\":\"https:\/\/www.alveria.it\/wp-content\/uploads\/2023\/12\/logo_alveria_normal.svg\",\"contentUrl\":\"https:\/\/www.alveria.it\/wp-content\/uploads\/2023\/12\/logo_alveria_normal.svg\",\"caption\":\"Alveria - Consulting, Training and Solutions\"},\"image\":{\"@id\":\"https:\/\/www.alveria.it\/#\/schema\/logo\/image\/\"}}]}<\/script>\n<!-- \/ Yoast SEO plugin. -->","yoast_head_json":{"title":"FORMAZIONE OUTDOOR","description":"Scopri la Formazione Outdoor di Alveria: coinvolgimento attivo, sinergia di team, gestione del cambiamento e leadership diffusa.","robots":{"index":"index","follow":"follow","max-snippet":"max-snippet:-1","max-image-preview":"max-image-preview:large","max-video-preview":"max-video-preview:-1"},"canonical":"https:\/\/www.alveria.it\/de\/ausbildung\/erfahrungsmasige-ausbildung\/outdoortraining\/","og_locale":"de_DE","og_type":"article","og_title":"FORMAZIONE OUTDOOR","og_description":"Scopri la Formazione Outdoor di Alveria: coinvolgimento attivo, sinergia di team, gestione del cambiamento e leadership diffusa.","og_url":"https:\/\/www.alveria.it\/de\/ausbildung\/erfahrungsmasige-ausbildung\/outdoortraining\/","og_site_name":"Alveria - Consulting, Training and Solutions","article_modified_time":"2024-05-24T15:44:45+00:00","og_image":[{"width":1920,"height":1080,"url":"https:\/\/www.alveria.it\/wp-content\/uploads\/2023\/09\/Formazione-Outdoor-virata.jpg","type":"image\/jpeg"}],"twitter_card":"summary_large_image","twitter_misc":{"Gesch\u00e4tzte Lesezeit":"2\u00a0Minuten"},"schema":{"@context":"https:\/\/schema.org","@graph":[{"@type":"WebPage","@id":"https:\/\/www.alveria.it\/formazione\/formazione-esperienziale\/formazione-outdoor\/","url":"https:\/\/www.alveria.it\/formazione\/formazione-esperienziale\/formazione-outdoor\/","name":"FORMAZIONE OUTDOOR","isPartOf":{"@id":"https:\/\/www.alveria.it\/#website"},"primaryImageOfPage":{"@id":"https:\/\/www.alveria.it\/formazione\/formazione-esperienziale\/formazione-outdoor\/#primaryimage"},"image":{"@id":"https:\/\/www.alveria.it\/formazione\/formazione-esperienziale\/formazione-outdoor\/#primaryimage"},"thumbnailUrl":"https:\/\/www.alveria.it\/wp-content\/uploads\/2023\/09\/Formazione-Outdoor-virata.jpg","datePublished":"2023-09-21T15:23:18+00:00","dateModified":"2024-05-24T15:44:45+00:00","description":"Scopri la Formazione Outdoor di Alveria: coinvolgimento attivo, sinergia di team, gestione del cambiamento e leadership diffusa.","breadcrumb":{"@id":"https:\/\/www.alveria.it\/formazione\/formazione-esperienziale\/formazione-outdoor\/#breadcrumb"},"inLanguage":"de","potentialAction":[{"@type":"ReadAction","target":["https:\/\/www.alveria.it\/formazione\/formazione-esperienziale\/formazione-outdoor\/"]}]},{"@type":"ImageObject","inLanguage":"de","@id":"https:\/\/www.alveria.it\/formazione\/formazione-esperienziale\/formazione-outdoor\/#primaryimage","url":"https:\/\/www.alveria.it\/wp-content\/uploads\/2023\/09\/Formazione-Outdoor-virata.jpg","contentUrl":"https:\/\/www.alveria.it\/wp-content\/uploads\/2023\/09\/Formazione-Outdoor-virata.jpg","width":1920,"height":1080,"caption":"formazione outdoor"},{"@type":"BreadcrumbList","@id":"https:\/\/www.alveria.it\/formazione\/formazione-esperienziale\/formazione-outdoor\/#breadcrumb","itemListElement":[{"@type":"ListItem","position":1,"name":"Home","item":"https:\/\/www.alveria.it\/"},{"@type":"ListItem","position":2,"name":"FORMAZIONE","item":"https:\/\/www.alveria.it\/formazione\/"},{"@type":"ListItem","position":3,"name":"FORMAZIONE ESPERIENZIALE","item":"https:\/\/www.alveria.it\/formazione\/formazione-esperienziale\/"},{"@type":"ListItem","position":4,"name":"FORMAZIONE OUTDOOR"}]},{"@type":"WebSite","@id":"https:\/\/www.alveria.it\/#website","url":"https:\/\/www.alveria.it\/","name":"Alveria - Consulting, Training and Solutions","description":"Alveria - Consulting, Training and Solutions","publisher":{"@id":"https:\/\/www.alveria.it\/#organization"},"potentialAction":[{"@type":"SearchAction","target":{"@type":"EntryPoint","urlTemplate":"https:\/\/www.alveria.it\/?s={search_term_string}"},"query-input":{"@type":"PropertyValueSpecification","valueRequired":true,"valueName":"search_term_string"}}],"inLanguage":"de"},{"@type":"Organization","@id":"https:\/\/www.alveria.it\/#organization","name":"Alveria - Consulting, Training and Solutions","url":"https:\/\/www.alveria.it\/","logo":{"@type":"ImageObject","inLanguage":"de","@id":"https:\/\/www.alveria.it\/#\/schema\/logo\/image\/","url":"https:\/\/www.alveria.it\/wp-content\/uploads\/2023\/12\/logo_alveria_normal.svg","contentUrl":"https:\/\/www.alveria.it\/wp-content\/uploads\/2023\/12\/logo_alveria_normal.svg","caption":"Alveria - Consulting, Training and Solutions"},"image":{"@id":"https:\/\/www.alveria.it\/#\/schema\/logo\/image\/"}}]}},"_links":{"self":[{"href":"https:\/\/www.alveria.it\/de\/wp-json\/wp\/v2\/pages\/159","targetHints":{"allow":["GET"]}}],"collection":[{"href":"https:\/\/www.alveria.it\/de\/wp-json\/wp\/v2\/pages"}],"about":[{"href":"https:\/\/www.alveria.it\/de\/wp-json\/wp\/v2\/types\/page"}],"author":[{"embeddable":true,"href":"https:\/\/www.alveria.it\/de\/wp-json\/wp\/v2\/users\/4"}],"replies":[{"embeddable":true,"href":"https:\/\/www.alveria.it\/de\/wp-json\/wp\/v2\/comments?post=159"}],"version-history":[{"count":3,"href":"https:\/\/www.alveria.it\/de\/wp-json\/wp\/v2\/pages\/159\/revisions"}],"predecessor-version":[{"id":1556,"href":"https:\/\/www.alveria.it\/de\/wp-json\/wp\/v2\/pages\/159\/revisions\/1556"}],"up":[{"embeddable":true,"href":"https:\/\/www.alveria.it\/de\/wp-json\/wp\/v2\/pages\/152"}],"wp:featuredmedia":[{"embeddable":true,"href":"https:\/\/www.alveria.it\/de\/wp-json\/wp\/v2\/media\/709"}],"wp:attachment":[{"href":"https:\/\/www.alveria.it\/de\/wp-json\/wp\/v2\/media?parent=159"}],"curies":[{"name":"wp","href":"https:\/\/api.w.org\/{rel}","templated":true}]}}