{"id":152,"date":"2023-09-21T14:05:20","date_gmt":"2023-09-21T14:05:20","guid":{"rendered":"https:\/\/www.alveria.it\/?page_id=152"},"modified":"2024-05-27T16:07:06","modified_gmt":"2024-05-27T16:07:06","slug":"erfahrungsmasige-ausbildung","status":"publish","type":"page","link":"https:\/\/www.alveria.it\/de\/ausbildung\/erfahrungsmasige-ausbildung\/","title":{"rendered":"ERFAHRUNGSM\u00c4SSIGE SCHULUNG"},"content":{"rendered":"<p class=\"title\">Erlebnisorientierte Ausbildung<\/p>\n<h3 class=\"title\">ERLEBEN SIE ECHTE SITUATIONEN F\u00dcR ECHTE VER\u00c4NDERUNGEN. NUR MIT ALVERIA K\u00d6NNEN SIE TIEF VERWURZELTE KONZEPTIONELLE BARRIEREN \u00dcBERWINDEN<\/h3>\n<p style=\"text-align: center;\">Alveria entwickelt gemeinsam mit seinen Kunden innovative und herausfordernde Schulungskurse, um die Entwicklung und Verbesserung der individuellen F\u00e4higkeiten und der Teamarbeit zu f\u00f6rdern.<\/p>\n<h3 class=\"title\">ERFOLG OHNE KONZEPTIONELLE BARRIEREN<\/h3>\n<p style=\"text-align: center;\">Die Erfahrungsschulungen werden von erfahrenen Beratern mit Unterst\u00fctzung von technischem Personal durchgef\u00fchrt, das auf die vorgeschlagene Aktivit\u00e4t (Indoor- oder Outdoor-Schulung) spezialisiert ist, wobei die w\u00e4hrend des Prozesses erzielten Ergebnisse regelm\u00e4\u00dfig \u00fcberpr\u00fcft werden und absolute Sicherheits- und Qualit\u00e4tsstandards garantiert werden.<\/p>\n<p style=\"text-align: center;\">W\u00e4hrend des Kurses analysieren die Alveria-Berater die Iterationen und Ergebnisse der Teilnehmer w\u00e4hrend der Sitzungen und\/oder der praktischen Tests, denen sie regelm\u00e4\u00dfig unterzogen werden, mit einer anschlie\u00dfenden Nachbesprechung auf der Grundlage der Ergebnisse:<\/p>\n<p>Analyse und \u00dcberblick \u00fcber den TestRationalisierung der unternommenen Anstrengungen und der Art und Weise, wie der Erfolg erzielt wurdeMittel und Werkzeuge, die es den Teilnehmern erm\u00f6glichten, das Ergebnis zu erreichen<\/p>\n<p style=\"text-align: center;\">Die Methodik, die bei der Durchf\u00fchrung von Ausbildungskursen, einschlie\u00dflich Erlebnisausbildungen, angewandt wird, erm\u00f6glicht es <a href=\"https:\/\/www.hcms.it\/contatti\/\">direkt handelnd<\/a> auf das Verhalten der Teilnehmer mit unmittelbaren und nachvollziehbaren Ergebnissen in ihrer t\u00e4glichen Arbeit.<\/p>\n<h3>UNSER MODELL<\/h3>\n<h4 class=\"title\">ZUSAMMENARBEIT ZWISCHEN DEN ROLLEN ERLEBEN<\/h4>\n<h4 class=\"title\">VERLASSEN DER EIGENEN \"KOMFORTZONE<\/h4>\n<h4 class=\"title\">SICH DEM NEUEN UND DEM WANDEL STELLEN<\/h4>\n<h4 class=\"title\">DIE HILFE VON ANDEREN ANNEHMEN<\/h4>\n<h4 class=\"title\">SELBSTVERTRAUEN GEWINNEN<\/h4>\n<h3>UNSERE AUSBILDUNGSMETHODEN<\/h3>\n<h3>UNSERE AUSBILDUNGSMETHODEN<\/h3>\n<p style=\"margin: 0px;\"><img decoding=\"async\" class=\"scale-with-grid\" title=\"\" src=\"\/wp-content\/uploads\/2023\/09\/erlebnisp\u00e4dagogik-zivilgesellschaftlich-outdoor-5.jpg\" alt=\"\" width=\"\" height=\"\" \/><\/p>\n<h4>OUTDOORTRAINING<\/h4>\n<p>Diese <strong>Modell<\/strong> der erfahrungsbasierten Ausbildung <strong>hohes psycho-physisches Engagement<\/strong>Es veranlasst die Teilnehmer zu einer nat\u00fcrlichen Integration mit Kollegen und Ausbildern, indem es eine aktive Teilnahme und ein st\u00e4ndiges Engagement erfordert.<\/p>\n<p><a class=\"button button-blocchetti button_size_2 button_dark\" title=\"\" href=\"\/de\/ausbildung\/erfahrungsmasige-ausbildung\/outdoortraining\/\"><span class=\"button_label\">ENTDECKEN<\/span><\/a><\/p>\n<p style=\"margin: 0px;\"><img decoding=\"async\" class=\"scale-with-grid\" title=\"\" src=\"\/wp-content\/uploads\/2023\/09\/schulung-erfahrungsreiches-ziviles-verkaufsspiel-1.jpg\" alt=\"\" width=\"\" height=\"\" \/><\/p>\n<h4>VERKAUFSSPIEL<\/h4>\n<p>Diese Formel erm\u00f6glicht den Teilnehmern, aufgeteilt in <strong>Arbeitsgruppen, die \"gegeneinander antreten<\/strong>ihre Kenntnisse, F\u00e4higkeiten und Erfahrungen in einem dynamischen und wettbewerbsorientierten Umfeld einzusetzen.<\/p>\n<p><a class=\"button button-blocchetti button_size_2 button_dark\" title=\"\" href=\"\/de\/ausbildung\/erfahrungsmasige-ausbildung\/verkaufsspiel\/\"><span class=\"button_label\">ENTDECKEN<\/span><\/a><\/p>\n<p style=\"margin: 0px;\"><img loading=\"lazy\" decoding=\"async\" class=\"scale-with-grid\" src=\"https:\/\/www.alveria.it\/wp-content\/uploads\/2023\/09\/formazione-esperenziale-civetta-laboratori-teatrali-1.jpg\" sizes=\"auto, (max-width:767px) 480px, (max-width:900px) 100vw, 900px\" srcset=\"https:\/\/www.alveria.it\/wp-content\/uploads\/2023\/09\/formazione-esperenziale-civetta-laboratori-teatrali-1.jpg 900w, https:\/\/www.alveria.it\/wp-content\/uploads\/2023\/09\/formazione-esperenziale-civetta-laboratori-teatrali-1-500x375.jpg 500w, https:\/\/www.alveria.it\/wp-content\/uploads\/2023\/09\/formazione-esperenziale-civetta-laboratori-teatrali-1-300x225.jpg 300w, https:\/\/www.alveria.it\/wp-content\/uploads\/2023\/09\/formazione-esperenziale-civetta-laboratori-teatrali-1-768x576.jpg 768w, https:\/\/www.alveria.it\/wp-content\/uploads\/2023\/09\/formazione-esperenziale-civetta-laboratori-teatrali-1-16x12.jpg 16w, https:\/\/www.alveria.it\/wp-content\/uploads\/2023\/09\/formazione-esperenziale-civetta-laboratori-teatrali-1-100x75.jpg 100w, https:\/\/www.alveria.it\/wp-content\/uploads\/2023\/09\/formazione-esperenziale-civetta-laboratori-teatrali-1-480x360.jpg 480w\" alt=\"\" width=\"900\" height=\"675\" \/><\/p>\n<h4>\u00a0THEATERWORKSHOPS<\/h4>\n<p>Der Theaterworkshop ist eine Ausbildungsmethode, bei der die <strong>Arbeitsgruppen versuchen sich an der Vorbereitung und Auff\u00fchrung eines Theaterst\u00fccks<\/strong>beginnend mit einem Skript, in dem die wichtigsten Merkmale des St\u00fccks beschrieben werden.<\/p>\n<p><a class=\"button button-blocchetti button_size_2 button_dark\" title=\"\" href=\"\/de\/ausbildung\/erfahrungsmasige-ausbildung\/theaterworkshops\/\"><span class=\"button_label\">ENTDECKEN<\/span><\/a><\/p>\n<p style=\"margin: 0px;\"><img decoding=\"async\" class=\"scale-with-grid\" title=\"\" src=\"\/wp-content\/uploads\/2023\/09\/erfahrungsorientiertes-trainingsspiel-1.jpg\" alt=\"\" width=\"\" height=\"\" \/><\/p>\n<h4>TRAININGSSPIEL<\/h4>\n<p>Das Trainingsspiel verwendet <strong>Muster und Strukturen, die f\u00fcr beliebte Brettspiele typisch sind<\/strong> (z. B. Monopoly, G\u00e4nsespiel, Trivialspiel), indem sie Situationen, Ereignisse und kritische Fragen aus realen Arbeitskontexten metaphorisch wiedergeben.<\/p>\n<p><a class=\"button button-blocchetti button_size_2 button_dark\" title=\"\" href=\"\/de\/ausbildung\/erfahrungsmasige-ausbildung\/trainingsspiel\/\"><span class=\"button_label\">ENTDECKEN<\/span><\/a><\/p>\n<h6 class=\"title\">BERATUNG, SCHULUNG ZUR DIGITALISIERUNG DES PERSONALWESENS UND UNTERNEHMENSL\u00d6SUNGEN ENTDECKEN SIE DIE ALVERIA-METHODE UND BEREITEN SIE SICH AUF DEN WANDEL VOR.<\/h6>\n<p><a class=\"button  button_size_2 button_dark\" title=\"\" href=\"\/de\/kontakte\/\"><span class=\"button_label\">WEITERE INFORMATIONEN ANFORDERN<\/span><\/a><\/p>","protected":false},"excerpt":{"rendered":"<p>Formazione Esperienzale SPERIMENTA SITUAZIONI REALI PER CAMBIAMENTI REALI. SOLO CON ALVERIA POTRAI SUPERARE RADICATE BARRIERE CONCETTUALI Alveria realizza con i propri clienti percorsi formativi innovativi e<span class=\"excerpt-hellip\"> [...]<\/span><\/p>","protected":false},"author":4,"featured_media":698,"parent":136,"menu_order":0,"comment_status":"open","ping_status":"closed","template":"","meta":{"iawp_total_views":177,"footnotes":""},"class_list":["post-152","page","type-page","status-publish","has-post-thumbnail","hentry"],"yoast_head":"<!-- This site is optimized with the Yoast SEO plugin v25.1 - https:\/\/yoast.com\/wordpress\/plugins\/seo\/ -->\n<title>FORMAZIONE ESPERIENZIALE<\/title>\n<meta name=\"description\" content=\"Scopri la Formazione Esperienziale di Alveria: percorsi innovativi indoor e outdoor per superare barriere concettuali.\" \/>\n<meta name=\"robots\" content=\"index, follow, max-snippet:-1, max-image-preview:large, max-video-preview:-1\" \/>\n<link rel=\"canonical\" href=\"https:\/\/www.alveria.it\/de\/ausbildung\/erfahrungsmasige-ausbildung\/\" \/>\n<meta property=\"og:locale\" content=\"de_DE\" \/>\n<meta property=\"og:type\" content=\"article\" \/>\n<meta property=\"og:title\" content=\"FORMAZIONE ESPERIENZIALE\" \/>\n<meta property=\"og:description\" content=\"Scopri la Formazione Esperienziale di Alveria: percorsi innovativi indoor e outdoor per superare barriere concettuali.\" \/>\n<meta property=\"og:url\" content=\"https:\/\/www.alveria.it\/de\/ausbildung\/erfahrungsmasige-ausbildung\/\" \/>\n<meta property=\"og:site_name\" content=\"Alveria - Consulting, Training and Solutions\" \/>\n<meta property=\"article:modified_time\" content=\"2024-05-27T16:07:06+00:00\" \/>\n<meta property=\"og:image\" content=\"https:\/\/www.alveria.it\/wp-content\/uploads\/2023\/09\/Formazione-Esperienziale-virata.jpg\" \/>\n\t<meta property=\"og:image:width\" content=\"1920\" \/>\n\t<meta property=\"og:image:height\" content=\"1080\" \/>\n\t<meta property=\"og:image:type\" content=\"image\/jpeg\" \/>\n<meta name=\"twitter:card\" content=\"summary_large_image\" \/>\n<meta name=\"twitter:label1\" content=\"Gesch\u00e4tzte Lesezeit\" \/>\n\t<meta name=\"twitter:data1\" content=\"3\u00a0Minuten\" \/>\n<script type=\"application\/ld+json\" class=\"yoast-schema-graph\">{\"@context\":\"https:\/\/schema.org\",\"@graph\":[{\"@type\":\"WebPage\",\"@id\":\"https:\/\/www.alveria.it\/formazione\/formazione-esperienziale\/\",\"url\":\"https:\/\/www.alveria.it\/formazione\/formazione-esperienziale\/\",\"name\":\"FORMAZIONE ESPERIENZIALE\",\"isPartOf\":{\"@id\":\"https:\/\/www.alveria.it\/#website\"},\"primaryImageOfPage\":{\"@id\":\"https:\/\/www.alveria.it\/formazione\/formazione-esperienziale\/#primaryimage\"},\"image\":{\"@id\":\"https:\/\/www.alveria.it\/formazione\/formazione-esperienziale\/#primaryimage\"},\"thumbnailUrl\":\"https:\/\/www.alveria.it\/wp-content\/uploads\/2023\/09\/Formazione-Esperienziale-virata.jpg\",\"datePublished\":\"2023-09-21T14:05:20+00:00\",\"dateModified\":\"2024-05-27T16:07:06+00:00\",\"description\":\"Scopri la Formazione Esperienziale di Alveria: percorsi innovativi indoor e outdoor per superare barriere concettuali.\",\"breadcrumb\":{\"@id\":\"https:\/\/www.alveria.it\/formazione\/formazione-esperienziale\/#breadcrumb\"},\"inLanguage\":\"de\",\"potentialAction\":[{\"@type\":\"ReadAction\",\"target\":[\"https:\/\/www.alveria.it\/formazione\/formazione-esperienziale\/\"]}]},{\"@type\":\"ImageObject\",\"inLanguage\":\"de\",\"@id\":\"https:\/\/www.alveria.it\/formazione\/formazione-esperienziale\/#primaryimage\",\"url\":\"https:\/\/www.alveria.it\/wp-content\/uploads\/2023\/09\/Formazione-Esperienziale-virata.jpg\",\"contentUrl\":\"https:\/\/www.alveria.it\/wp-content\/uploads\/2023\/09\/Formazione-Esperienziale-virata.jpg\",\"width\":1920,\"height\":1080},{\"@type\":\"BreadcrumbList\",\"@id\":\"https:\/\/www.alveria.it\/formazione\/formazione-esperienziale\/#breadcrumb\",\"itemListElement\":[{\"@type\":\"ListItem\",\"position\":1,\"name\":\"Home\",\"item\":\"https:\/\/www.alveria.it\/\"},{\"@type\":\"ListItem\",\"position\":2,\"name\":\"FORMAZIONE\",\"item\":\"https:\/\/www.alveria.it\/formazione\/\"},{\"@type\":\"ListItem\",\"position\":3,\"name\":\"FORMAZIONE ESPERIENZIALE\"}]},{\"@type\":\"WebSite\",\"@id\":\"https:\/\/www.alveria.it\/#website\",\"url\":\"https:\/\/www.alveria.it\/\",\"name\":\"Alveria - Consulting, Training and Solutions\",\"description\":\"Alveria - Consulting, Training and Solutions\",\"publisher\":{\"@id\":\"https:\/\/www.alveria.it\/#organization\"},\"potentialAction\":[{\"@type\":\"SearchAction\",\"target\":{\"@type\":\"EntryPoint\",\"urlTemplate\":\"https:\/\/www.alveria.it\/?s={search_term_string}\"},\"query-input\":{\"@type\":\"PropertyValueSpecification\",\"valueRequired\":true,\"valueName\":\"search_term_string\"}}],\"inLanguage\":\"de\"},{\"@type\":\"Organization\",\"@id\":\"https:\/\/www.alveria.it\/#organization\",\"name\":\"Alveria - Consulting, Training and Solutions\",\"url\":\"https:\/\/www.alveria.it\/\",\"logo\":{\"@type\":\"ImageObject\",\"inLanguage\":\"de\",\"@id\":\"https:\/\/www.alveria.it\/#\/schema\/logo\/image\/\",\"url\":\"https:\/\/www.alveria.it\/wp-content\/uploads\/2023\/12\/logo_alveria_normal.svg\",\"contentUrl\":\"https:\/\/www.alveria.it\/wp-content\/uploads\/2023\/12\/logo_alveria_normal.svg\",\"caption\":\"Alveria - Consulting, Training and Solutions\"},\"image\":{\"@id\":\"https:\/\/www.alveria.it\/#\/schema\/logo\/image\/\"}}]}<\/script>\n<!-- \/ Yoast SEO plugin. -->","yoast_head_json":{"title":"FORMAZIONE ESPERIENZIALE","description":"Scopri la Formazione Esperienziale di Alveria: percorsi innovativi indoor e outdoor per superare barriere concettuali.","robots":{"index":"index","follow":"follow","max-snippet":"max-snippet:-1","max-image-preview":"max-image-preview:large","max-video-preview":"max-video-preview:-1"},"canonical":"https:\/\/www.alveria.it\/de\/ausbildung\/erfahrungsmasige-ausbildung\/","og_locale":"de_DE","og_type":"article","og_title":"FORMAZIONE ESPERIENZIALE","og_description":"Scopri la Formazione Esperienziale di Alveria: percorsi innovativi indoor e outdoor per superare barriere concettuali.","og_url":"https:\/\/www.alveria.it\/de\/ausbildung\/erfahrungsmasige-ausbildung\/","og_site_name":"Alveria - Consulting, Training and Solutions","article_modified_time":"2024-05-27T16:07:06+00:00","og_image":[{"width":1920,"height":1080,"url":"https:\/\/www.alveria.it\/wp-content\/uploads\/2023\/09\/Formazione-Esperienziale-virata.jpg","type":"image\/jpeg"}],"twitter_card":"summary_large_image","twitter_misc":{"Gesch\u00e4tzte Lesezeit":"3\u00a0Minuten"},"schema":{"@context":"https:\/\/schema.org","@graph":[{"@type":"WebPage","@id":"https:\/\/www.alveria.it\/formazione\/formazione-esperienziale\/","url":"https:\/\/www.alveria.it\/formazione\/formazione-esperienziale\/","name":"FORMAZIONE ESPERIENZIALE","isPartOf":{"@id":"https:\/\/www.alveria.it\/#website"},"primaryImageOfPage":{"@id":"https:\/\/www.alveria.it\/formazione\/formazione-esperienziale\/#primaryimage"},"image":{"@id":"https:\/\/www.alveria.it\/formazione\/formazione-esperienziale\/#primaryimage"},"thumbnailUrl":"https:\/\/www.alveria.it\/wp-content\/uploads\/2023\/09\/Formazione-Esperienziale-virata.jpg","datePublished":"2023-09-21T14:05:20+00:00","dateModified":"2024-05-27T16:07:06+00:00","description":"Scopri la Formazione Esperienziale di Alveria: percorsi innovativi indoor e outdoor per superare barriere concettuali.","breadcrumb":{"@id":"https:\/\/www.alveria.it\/formazione\/formazione-esperienziale\/#breadcrumb"},"inLanguage":"de","potentialAction":[{"@type":"ReadAction","target":["https:\/\/www.alveria.it\/formazione\/formazione-esperienziale\/"]}]},{"@type":"ImageObject","inLanguage":"de","@id":"https:\/\/www.alveria.it\/formazione\/formazione-esperienziale\/#primaryimage","url":"https:\/\/www.alveria.it\/wp-content\/uploads\/2023\/09\/Formazione-Esperienziale-virata.jpg","contentUrl":"https:\/\/www.alveria.it\/wp-content\/uploads\/2023\/09\/Formazione-Esperienziale-virata.jpg","width":1920,"height":1080},{"@type":"BreadcrumbList","@id":"https:\/\/www.alveria.it\/formazione\/formazione-esperienziale\/#breadcrumb","itemListElement":[{"@type":"ListItem","position":1,"name":"Home","item":"https:\/\/www.alveria.it\/"},{"@type":"ListItem","position":2,"name":"FORMAZIONE","item":"https:\/\/www.alveria.it\/formazione\/"},{"@type":"ListItem","position":3,"name":"FORMAZIONE ESPERIENZIALE"}]},{"@type":"WebSite","@id":"https:\/\/www.alveria.it\/#website","url":"https:\/\/www.alveria.it\/","name":"Alveria - Consulting, Training and Solutions","description":"Alveria - Consulting, Training and Solutions","publisher":{"@id":"https:\/\/www.alveria.it\/#organization"},"potentialAction":[{"@type":"SearchAction","target":{"@type":"EntryPoint","urlTemplate":"https:\/\/www.alveria.it\/?s={search_term_string}"},"query-input":{"@type":"PropertyValueSpecification","valueRequired":true,"valueName":"search_term_string"}}],"inLanguage":"de"},{"@type":"Organization","@id":"https:\/\/www.alveria.it\/#organization","name":"Alveria - Consulting, Training and Solutions","url":"https:\/\/www.alveria.it\/","logo":{"@type":"ImageObject","inLanguage":"de","@id":"https:\/\/www.alveria.it\/#\/schema\/logo\/image\/","url":"https:\/\/www.alveria.it\/wp-content\/uploads\/2023\/12\/logo_alveria_normal.svg","contentUrl":"https:\/\/www.alveria.it\/wp-content\/uploads\/2023\/12\/logo_alveria_normal.svg","caption":"Alveria - Consulting, Training and Solutions"},"image":{"@id":"https:\/\/www.alveria.it\/#\/schema\/logo\/image\/"}}]}},"_links":{"self":[{"href":"https:\/\/www.alveria.it\/de\/wp-json\/wp\/v2\/pages\/152","targetHints":{"allow":["GET"]}}],"collection":[{"href":"https:\/\/www.alveria.it\/de\/wp-json\/wp\/v2\/pages"}],"about":[{"href":"https:\/\/www.alveria.it\/de\/wp-json\/wp\/v2\/types\/page"}],"author":[{"embeddable":true,"href":"https:\/\/www.alveria.it\/de\/wp-json\/wp\/v2\/users\/4"}],"replies":[{"embeddable":true,"href":"https:\/\/www.alveria.it\/de\/wp-json\/wp\/v2\/comments?post=152"}],"version-history":[{"count":3,"href":"https:\/\/www.alveria.it\/de\/wp-json\/wp\/v2\/pages\/152\/revisions"}],"predecessor-version":[{"id":2116,"href":"https:\/\/www.alveria.it\/de\/wp-json\/wp\/v2\/pages\/152\/revisions\/2116"}],"up":[{"embeddable":true,"href":"https:\/\/www.alveria.it\/de\/wp-json\/wp\/v2\/pages\/136"}],"wp:featuredmedia":[{"embeddable":true,"href":"https:\/\/www.alveria.it\/de\/wp-json\/wp\/v2\/media\/698"}],"wp:attachment":[{"href":"https:\/\/www.alveria.it\/de\/wp-json\/wp\/v2\/media?parent=152"}],"curies":[{"name":"wp","href":"https:\/\/api.w.org\/{rel}","templated":true}]}}