{"id":143,"date":"2023-09-21T12:07:59","date_gmt":"2023-09-21T12:07:59","guid":{"rendered":"https:\/\/www.alveria.it\/?page_id=143"},"modified":"2025-12-29T16:01:10","modified_gmt":"2025-12-29T16:01:10","slug":"hr-digitalisierung-143","status":"publish","type":"page","link":"https:\/\/www.alveria.it\/de\/digitalizzazione-hr-143\/","title":{"rendered":"HR-DIGITALISIERUNG"},"content":{"rendered":"<h5 class=\"title\"><a href=\"https:\/\/www.alveria.it\/de\/\">Startseite<\/a><\/h5>\n<h1 class=\"title\">ALVERIA F\u00dcR IHRE PERSONALDIGITALISIERUNG<\/h1>\n<p style=\"text-align: center;\">F\u00fcr Unternehmen, die eine umfassende Unterst\u00fctzung im Personalmanagement w\u00fcnschen, bietet Alveria eine flexible und leistungsstarke Best-in-Class-Technologie: HCMS<\/p>\n<p style=\"text-align: center;\">HCMS ist die Software, mit der sich alle Personalverwaltungsprozesse auf einfache Weise in einem einzigen digitalen Dashboard steuern lassen.<\/p>\n<h1 class=\"title\">MIT HCMS K\u00d6NNEN SIE<\/h1>\n<p><b>Anpassen <\/b> Ihre HR-Dienstleistungen und -Prozesse in v\u00f6lliger Autonomie, <b>ohne Zeilen von Code schreiben zu m\u00fcssen<\/b>.<b>Die Sicherheit Ihrer Daten<\/b> in voller \u00dcbereinstimmung mit nationalen und internationalen NormenNutzung aller M\u00f6glichkeiten <b>neue Funktionen<\/b> die auf der Plattform verf\u00fcgbar sind, um den Wert Ihrer HR-Dienste und -Prozesse zu maximieren.<\/p>\n<h1><strong>EINE PLATTFORM, MEHRERE FUNKTIONALIT\u00c4TEN<\/strong><b>\u00c0<\/b><\/h1>\n<p><a class=\"btn-ancora\" href=\"\/de\/hr-digitalisierung\/#EMPLOYE-EADVANCED-BOOK\">EMPLOYEE ADVANCED BOOK <\/a><\/p>\n<p><a class=\"btn-ancora\" href=\"\/de\/hr-digitalisierung\/#HR-DASHBOARD\">HR DASHBOARD <\/a><\/p>\n<p><a class=\"btn-ancora\" href=\"\/de\/hr-digitalisierung\/#HR-QUERY-REPORT-ENGINE\">HR QUERY REPORT ENGINE<\/a><\/p>\n<p><a class=\"btn-ancora\" href=\"\/de\/hr-digitalisierung\/#ORG-VIEW\">ORG-ANSICHT<\/a><\/p>\n<p><a class=\"btn-ancora\" href=\"\/de\/hr-digitalisierung\/#LETTERE-GESTIONALI\">VERWALTUNGSSCHREIBEN<\/a><\/p>\n<p><a class=\"btn-ancora\" href=\"\/de\/hr-digitalisierung\/#COMPETENCY-FRAMEWORK\">BEF\u00c4HIGUNGSRAHMEN<\/a><\/p>\n<p><a class=\"btn-ancora\" href=\"\/de\/hr-digitalisierung\/#PERFORMANCE-MANAGEMENT\">PERFORMANCE MANAGEMENT<\/a><\/p>\n<p><a class=\"btn-ancora\" href=\"\/de\/hr-digitalisierung\/#MBO\">MBO<\/a><\/p>\n<p><a class=\"btn-ancora\" href=\"\/de\/hr-digitalisierung\/#SIMULATORE-MBO\">MBO-SIMULATOR<\/a><\/p>\n<p><a class=\"btn-ancora\" href=\"\/de\/hr-digitalisierung\/#SKILL-ASSESSMENT\">KOMPETENZFESTSTELLUNG<\/a><\/p>\n<p><a class=\"btn-ancora\" href=\"\/de\/hr-digitalisierung\/#SALES-INCENTIVES-MANAGEMENT\">MANAGEMENT VON VERKAUFSANREIZEN<\/a><\/p>\n<p><a class=\"btn-ancora\" href=\"\/de\/hr-digitalisierung\/#E-RECRUITING\">E-RECRUITING<\/a><\/p>\n<p><a class=\"btn-ancora\" href=\"\/de\/hr-digitalisierung\/#I\u2013RECRUITING\">I-RECRUITING<\/a><\/p>\n<p><a class=\"btn-ancora\" href=\"\/de\/hr-digitalisierung\/#TRAINING-MANAGEMENT-SYSTEM\">Ausbildungs&shy;management&shy;system<\/a><\/p>\n<p><a class=\"btn-ancora\" href=\"\/de\/hr-digitalisierung\/#CAREER-PLANNING\">KARRIEREPLANUNG<\/a><\/p>\n<p><a class=\"btn-ancora\" href=\"\/de\/hr-digitalisierung\/#SUCCESSION-PLANNING\">NACHFOLGEPLANUNG<\/a><\/p>\n<p><a class=\"btn-ancora\" href=\"\/de\/en\/hr-digitalisierung\/#EMPLOYE-EADVANCED-BOOK\">EMPLOYEE ADVANCED BOOK <\/a><\/p>\n<p><a class=\"btn-ancora\" href=\"\/de\/en\/hr-digitalisierung\/#HR-DASHBOARD\">HR DASHBOARD <\/a><\/p>\n<p><a class=\"btn-ancora\" href=\"\/de\/en\/hr-digitalisierung\/#HR-QUERY-REPORT-ENGINE\">HR QUERY REPORT ENGINE<\/a><\/p>\n<p><a class=\"btn-ancora\" href=\"\/de\/en\/hr-digitalisierung\/#ORG-VIEW\">ORG-ANSICHT<\/a><\/p>\n<p><a class=\"btn-ancora\" href=\"\/de\/en\/hr-digitalisierung\/#LETTERE-GESTIONALI\">VERWALTUNGSSCHREIBEN<\/a><\/p>\n<p><a class=\"btn-ancora\" href=\"\/de\/en\/hr-digitalisierung\/#COMPETENCY-FRAMEWORK\">BEF\u00c4HIGUNGSRAHMEN<\/a><\/p>\n<p><a class=\"btn-ancora\" href=\"\/de\/en\/hr-digitalisierung\/#PERFORMANCE-MANAGEMENT\">PERFORMANCE MANAGEMENT<\/a><\/p>\n<p><a class=\"btn-ancora\" href=\"\/de\/en\/hr-digitalisierung\/#MBO\">MBO<\/a><\/p>\n<p><a class=\"btn-ancora\" href=\"\/de\/en\/hr-digitalisierung\/#SIMULATORE-MBO\">MBO-SIMULATOR<\/a><\/p>\n<p><a class=\"btn-ancora\" href=\"\/de\/en\/hr-digitalisierung\/#SKILL-ASSESSMENT\">KOMPETENZFESTSTELLUNG<\/a><\/p>\n<p><a class=\"btn-ancora\" href=\"\/de\/en\/hr-digitalisierung\/#SALES-INCENTIVES-MANAGEMENT\">MANAGEMENT VON VERKAUFSANREIZEN<\/a><\/p>\n<p><a class=\"btn-ancora\" href=\"\/de\/en\/hr-digitalisierung\/#E-RECRUITING\">E-RECRUITING<\/a><\/p>\n<p><a class=\"btn-ancora\" href=\"\/de\/en\/hr-digitalisierung\/#I\u2013RECRUITING\">I-RECRUITING<\/a><\/p>\n<p><a class=\"btn-ancora\" href=\"\/de\/en\/hr-digitalisierung\/#TRAINING-MANAGEMENT-SYSTEM\">Ausbildungs&shy;management&shy;system<\/a><\/p>\n<p><a class=\"btn-ancora\" href=\"\/de\/en\/hr-digitalisierung\/#CAREER-PLANNING\">KARRIEREPLANUNG<\/a><\/p>\n<p><a class=\"btn-ancora\" href=\"\/de\/en\/hr-digitalisierung\/#SUCCESSION-PLANNING\">NACHFOLGEPLANUNG<\/a><\/p>\n<h1 class=\"title\">EMPLOYEE ADVANCED BOOK<\/h1>\n<p>Zugriff auf alle normalisierten und historisierten Personaldaten des Unternehmens \u00fcber einen einzigen Knotenpunkt f\u00fcr ein vollst\u00e4ndiges und effizientes Core HR Management.<\/p>\n<p><a class=\"button  button_size_2 button_dark\" title=\"\" href=\"https:\/\/www.hcms.it\/de\/employee-advanced-book\/\" target=\"_blank\" rel=\"noopener\"><span class=\"button_label\">ENTDECKEN <\/span><\/a><\/p>\n<h1 class=\"title\">HR DASHBOARD<\/h1>\n<p>Visualisieren Sie Daten schnell, gewinnen Sie Einblicke und lernen Sie Ihre Unternehmensbev\u00f6lkerung besser kennen.<\/p>\n<p><a class=\"button  button_size_2 button_dark\" title=\"\" href=\"https:\/\/www.hcms.it\/de\/hr-dashboard\/\" target=\"_blank\" rel=\"noopener\"><span class=\"button_label\">ENTDECKEN <\/span><\/a><\/p>\n<h1 class=\"title\">HR-ABFRAGE- UND BERICHTSMODUL<\/h1>\n<p>Kombinieren Sie alle Dimensionen oder Informationen im System und extrahieren Sie diese Daten mit Hilfe von benutzerdefinierten Filtern und Layouts.<\/p>\n<p><a class=\"button  button_size_2 button_dark\" title=\"\" href=\"https:\/\/www.hcms.it\/de\/hr-query-report-engine\/\" target=\"_blank\" rel=\"noopener\"><span class=\"button_label\">ENTDECKEN <\/span><\/a><\/p>\n<h1 class=\"title\">ORG-ANSICHT<\/h1>\n<p>Modellieren Sie eine beliebige Organisationsstruktur, erstellen und drucken Sie ein Organigramm f\u00fcr Ihr Unternehmen.<\/p>\n<p><a class=\"button  button_size_2 button_dark\" title=\"\" href=\"https:\/\/www.hcms.it\/de\/org-view\/\" target=\"_blank\" rel=\"noopener\"><span class=\"button_label\">ENTDECKEN <\/span><\/a><\/p>\n<h1 class=\"title\">VERWALTUNGSSCHREIBEN<\/h1>\n<p>Es steuert die gesamte Unternehmenskommunikation und verfolgt jeden einzelnen Brief, der verschickt wird.<\/p>\n<p><a class=\"button  button_size_2 button_dark\" title=\"\" href=\"https:\/\/www.hcms.it\/de\/lettere-gestionali\/\" target=\"_blank\" rel=\"noopener\"><span class=\"button_label\">ENTDECKEN <\/span><\/a><\/p>\n<h1 class=\"title\">BEF\u00c4HIGUNGSRAHMEN<\/h1>\n<p>Verwaltung der f\u00fcr die Verwaltung der Gesch\u00e4ftsprozesse erforderlichen Berufsfamilien, Dienstgrade und technisch-funktionalen F\u00e4higkeiten<strong>. <\/strong><\/p>\n<p><a class=\"button  button_size_2 button_dark\" title=\"\" href=\"https:\/\/www.hcms.it\/competency-framework\/\" target=\"_blank\" rel=\"noopener\"><span class=\"button_label\">ENTDECKEN <\/span><\/a><\/p>\n<h1 class=\"title\">PERFORMANCE MANAGEMENT<\/h1>\n<p>Leiten Sie den Prozess der Leistungsbeurteilung der Ressourcen in Ihrer Organisation.<\/p>\n<p><a class=\"button  button_size_2 button_dark\" title=\"\" href=\"https:\/\/www.hcms.it\/de\/performance-management\/\" target=\"_blank\" rel=\"noopener\"><span class=\"button_label\">ENTDECKEN <\/span><\/a><\/p>\n<h1 class=\"title\">MBO<\/h1>\n<p>Verwalten Sie alle Aspekte des Management by Objectives (MBO) auf klare und transparente Weise, um das Engagement der Mitarbeiter zu verbessern und die Unternehmensleistung zu steigern.<\/p>\n<p><a class=\"button  button_size_2 button_dark\" title=\"\" href=\"https:\/\/www.hcms.it\/de\/mbo\/\" target=\"_blank\" rel=\"noopener\"><span class=\"button_label\">ENTDECKEN <\/span><\/a><\/p>\n<h1 class=\"title\">MBO-SIMULATOR<\/h1>\n<p>Simulieren Sie die Kosten von Incentive-Kampagnen und reproduzieren Sie verschiedene Szenarien, indem Sie auf die Leistungsannahmen und Ziele der Teilnehmer einwirken.<\/p>\n<p><a class=\"button  button_size_2 button_dark\" title=\"\" href=\"https:\/\/www.hcms.it\/de\/simulatore-mbo\/\" target=\"_blank\" rel=\"noopener\"><span class=\"button_label\">ENTDECKEN <\/span><\/a><\/p>\n<h1 class=\"title\">KOMPETENZFESTSTELLUNG<\/h1>\n<p>Durchf\u00fchrung des Prozesses zur Bewertung der Querschnitts- und F\u00fchrungskompetenzen auf der Grundlage der Unternehmenspolitik und -entscheidungen.<\/p>\n<p><a class=\"button  button_size_2 button_dark\" title=\"\" href=\"https:\/\/www.hcms.it\/de\/skill-assessment\/\" target=\"_blank\" rel=\"noopener\"><span class=\"button_label\">ENTDECKEN <\/span><\/a><\/p>\n<h1 class=\"title\">MANAGEMENT VON VERKAUFSANREIZEN<\/h1>\n<p>Motivieren Sie die gesamte Vertriebsmannschaft und f\u00fchren Sie sie zum Erfolg.<\/p>\n<p><a class=\"button  button_size_2 button_dark\" title=\"\" href=\"https:\/\/www.hcms.it\/sales-incentives-management\/\" target=\"_blank\" rel=\"noopener\"><span class=\"button_label\">ENTDECKEN <\/span><\/a><\/p>\n<h1 class=\"title\">E-RECRUITING<\/h1>\n<p>Das Applicant Tracking System (ATS), das Ihre Rekrutierung vereinfacht: Passen Sie Ihre Karriereseite an, ver\u00f6ffentlichen Sie automatisch Stellenanzeigen und finden Sie die idealen Kandidaten mit fortschrittlichen intelligenten Suchwerkzeugen.<\/p>\n<p><a class=\"button  button_size_2 button_dark\" title=\"\" href=\"https:\/\/www.hcms.it\/e-recruiting\/\" target=\"_blank\" rel=\"noopener\"><span class=\"button_label\">ENTDECKEN <\/span><\/a><\/p>\n<h1 class=\"title\">I-RECRUITING<\/h1>\n<p>Es hilft Personalverantwortlichen, den Auswahlprozess innerhalb der Organisation zu verwalten.<\/p>\n<p><a class=\"button  button_size_2 button_dark\" title=\"\" href=\"https:\/\/www.hcms.it\/i-recruiting\/\" target=\"_blank\" rel=\"noopener\"><span class=\"button_label\">ENTDECKEN <\/span><\/a><\/p>\n<h1 class=\"title\">Ausbildungs&shy;management&shy;system<\/h1>\n<p>Es regelt alle Prozesse im Zusammenhang mit der Verwaltung von traditionellen und Online-Schulungsaktivit\u00e4ten, von der Erstellung von Kursen mit allen zugeh\u00f6rigen Details \u00fcber die Planung von Ausgaben und die Durchf\u00fchrung\/\u00dcberwachung der Teilnahme bis hin zur Bewertung von Lernen und Zufriedenheit.<\/p>\n<p><a class=\"button  button_size_2 button_dark\" title=\"\" href=\"https:\/\/www.hcms.it\/de\/training-management-system\/\" target=\"_blank\" rel=\"noopener\"><span class=\"button_label\">ENTDECKEN <\/span><\/a><\/p>\n<h1 class=\"title\">KARRIEREPLANUNG<\/h1>\n<p>M\u00f6gliche Karrierewege in Verbindung mit der Erreichung einer organisatorischen Position konstruieren und dabei auch spezielle Entwicklungsma\u00dfnahmen f\u00fcr jede Ressource festlegen.<\/p>\n<p><a class=\"button  button_size_2 button_dark\" title=\"\" href=\"https:\/\/www.hcms.it\/de\/career-planning\/\" target=\"_blank\" rel=\"noopener\"><span class=\"button_label\">ENTDECKEN <\/span><\/a><\/p>\n<h1 class=\"title\">NACHFOLGEPLANUNG<\/h1>\n<p>Erstellen Sie eine \u00dcbersicht \u00fcber die Ressourcen im Unternehmen, legen Sie Nachfolgehierarchien f\u00fcr Schl\u00fcsselpositionen fest und pr\u00fcfen Sie die Verf\u00fcgbarkeit von Ressourcen f\u00fcr die Besetzung spezifischer organisatorischer Positionen, falls diese frei werden.<\/p>\n<p><a class=\"button  button_size_2 button_dark\" title=\"\" href=\"https:\/\/www.hcms.it\/de\/succession-planning\/\" target=\"_blank\" rel=\"noopener\"><span class=\"button_label\">ENTDECKEN <\/span><\/a><\/p>\n<h6 class=\"title\">BERATUNG, SCHULUNG ZUR DIGITALISIERUNG DES PERSONALWESENS UND UNTERNEHMENSL\u00d6SUNGEN ENTDECKEN SIE DIE ALVERIA-METHODE UND BEREITEN SIE SICH AUF DEN WANDEL VOR.<\/h6>\n<p><a class=\"button  button_size_2 button_dark\" title=\"\" href=\"\/de\/kontakte\/\"><span class=\"button_label\">WEITERE INFORMATIONEN ANFORDERN<\/span><\/a><\/p>\n<h4 class=\"title\">BERATUNG, SCHULUNG ZUR DIGITALISIERUNG DES PERSONALWESENS UND UNTERNEHMENSL\u00d6SUNGEN ENTDECKEN SIE DIE ALVERIA-METHODE UND BEREITEN SIE SICH AUF DEN WANDEL VOR.<\/h4>\n<p><a class=\"button  button_size_2 button_dark\" title=\"\"><span class=\"button_label\">WEITERE INFORMATIONEN ANFORDERN<\/span><\/a><\/p>","protected":false},"excerpt":{"rendered":"<p>Home ALVERIA PER LA TUA DIGITALIZZAZIONE HR Per le imprese che desiderano un supporto a 360\u00b0 nella gestione delle risorse umane, Alveria offre una tecnologia best<span class=\"excerpt-hellip\"> [\u2026]<\/span><\/p>\n","protected":false},"author":4,"featured_media":726,"parent":0,"menu_order":0,"comment_status":"open","ping_status":"closed","template":"","meta":{"iawp_total_views":2215,"footnotes":""},"class_list":["post-143","page","type-page","status-publish","has-post-thumbnail","hentry"],"yoast_head":"<!-- This site is optimized with the Yoast SEO plugin v27.5 - https:\/\/yoast.com\/product\/yoast-seo-wordpress\/ -->\n<title>DIGITALIZZAZIONE HR<\/title>\n<meta name=\"description\" content=\"Scopri Alveria e il suo HCMS per la digitalizzazione HR: gestione flessibile e sicura dei processi, con funzionalit\u00e0 avanzate e personalizzabili.\" \/>\n<meta name=\"robots\" content=\"index, follow, max-snippet:-1, max-image-preview:large, max-video-preview:-1\" \/>\n<link rel=\"canonical\" href=\"https:\/\/www.alveria.it\/de\/hr-digitalisierung\/\" \/>\n<meta property=\"og:locale\" content=\"de_DE\" \/>\n<meta property=\"og:type\" content=\"article\" \/>\n<meta property=\"og:title\" content=\"DIGITALIZZAZIONE HR\" \/>\n<meta property=\"og:description\" content=\"Scopri Alveria e il suo HCMS per la digitalizzazione HR: gestione flessibile e sicura dei processi, con funzionalit\u00e0 avanzate e personalizzabili.\" \/>\n<meta property=\"og:url\" content=\"https:\/\/www.alveria.it\/de\/hr-digitalisierung\/\" \/>\n<meta property=\"og:site_name\" content=\"Alveria - Consulting, Training and Solutions\" \/>\n<meta property=\"article:modified_time\" content=\"2025-12-29T16:01:10+00:00\" \/>\n<meta property=\"og:image\" content=\"https:\/\/www.alveria.it\/wp-content\/uploads\/2023\/09\/digitalizzazione-HR-virata-2.jpg\" \/>\n\t<meta property=\"og:image:width\" content=\"1920\" \/>\n\t<meta property=\"og:image:height\" content=\"1080\" \/>\n\t<meta property=\"og:image:type\" content=\"image\/jpeg\" \/>\n<meta name=\"twitter:card\" content=\"summary_large_image\" \/>\n<meta name=\"twitter:label1\" content=\"Gesch\u00e4tzte Lesezeit\" \/>\n\t<meta name=\"twitter:data1\" content=\"4\u00a0Minuten\" \/>\n<script type=\"application\/ld+json\" class=\"yoast-schema-graph\">{\"@context\":\"https:\\\/\\\/schema.org\",\"@graph\":[{\"@type\":\"WebPage\",\"@id\":\"https:\\\/\\\/www.alveria.it\\\/digitalizzazione-hr\\\/\",\"url\":\"https:\\\/\\\/www.alveria.it\\\/digitalizzazione-hr\\\/\",\"name\":\"DIGITALIZZAZIONE HR\",\"isPartOf\":{\"@id\":\"https:\\\/\\\/www.alveria.it\\\/#website\"},\"primaryImageOfPage\":{\"@id\":\"https:\\\/\\\/www.alveria.it\\\/digitalizzazione-hr\\\/#primaryimage\"},\"image\":{\"@id\":\"https:\\\/\\\/www.alveria.it\\\/digitalizzazione-hr\\\/#primaryimage\"},\"thumbnailUrl\":\"https:\\\/\\\/www.alveria.it\\\/wp-content\\\/uploads\\\/2023\\\/09\\\/digitalizzazione-HR-virata-2.jpg\",\"datePublished\":\"2023-09-21T12:07:59+00:00\",\"dateModified\":\"2025-12-29T16:01:10+00:00\",\"description\":\"Scopri Alveria e il suo HCMS per la digitalizzazione HR: gestione flessibile e sicura dei processi, con funzionalit\u00e0 avanzate e personalizzabili.\",\"breadcrumb\":{\"@id\":\"https:\\\/\\\/www.alveria.it\\\/digitalizzazione-hr\\\/#breadcrumb\"},\"inLanguage\":\"de\",\"potentialAction\":[{\"@type\":\"ReadAction\",\"target\":[\"https:\\\/\\\/www.alveria.it\\\/digitalizzazione-hr\\\/\"]}]},{\"@type\":\"ImageObject\",\"inLanguage\":\"de\",\"@id\":\"https:\\\/\\\/www.alveria.it\\\/digitalizzazione-hr\\\/#primaryimage\",\"url\":\"https:\\\/\\\/www.alveria.it\\\/wp-content\\\/uploads\\\/2023\\\/09\\\/digitalizzazione-HR-virata-2.jpg\",\"contentUrl\":\"https:\\\/\\\/www.alveria.it\\\/wp-content\\\/uploads\\\/2023\\\/09\\\/digitalizzazione-HR-virata-2.jpg\",\"width\":1920,\"height\":1080},{\"@type\":\"BreadcrumbList\",\"@id\":\"https:\\\/\\\/www.alveria.it\\\/digitalizzazione-hr\\\/#breadcrumb\",\"itemListElement\":[{\"@type\":\"ListItem\",\"position\":1,\"name\":\"Home\",\"item\":\"https:\\\/\\\/www.alveria.it\\\/\"},{\"@type\":\"ListItem\",\"position\":2,\"name\":\"DIGITALIZZAZIONE HR\"}]},{\"@type\":\"WebSite\",\"@id\":\"https:\\\/\\\/www.alveria.it\\\/#website\",\"url\":\"https:\\\/\\\/www.alveria.it\\\/\",\"name\":\"Alveria - Consulting, Training and Solutions\",\"description\":\"Alveria - Consulting, Training and Solutions\",\"publisher\":{\"@id\":\"https:\\\/\\\/www.alveria.it\\\/#organization\"},\"potentialAction\":[{\"@type\":\"SearchAction\",\"target\":{\"@type\":\"EntryPoint\",\"urlTemplate\":\"https:\\\/\\\/www.alveria.it\\\/?s={search_term_string}\"},\"query-input\":{\"@type\":\"PropertyValueSpecification\",\"valueRequired\":true,\"valueName\":\"search_term_string\"}}],\"inLanguage\":\"de\"},{\"@type\":\"Organization\",\"@id\":\"https:\\\/\\\/www.alveria.it\\\/#organization\",\"name\":\"Alveria - Consulting, Training and Solutions\",\"url\":\"https:\\\/\\\/www.alveria.it\\\/\",\"logo\":{\"@type\":\"ImageObject\",\"inLanguage\":\"de\",\"@id\":\"https:\\\/\\\/www.alveria.it\\\/#\\\/schema\\\/logo\\\/image\\\/\",\"url\":\"https:\\\/\\\/www.alveria.it\\\/wp-content\\\/uploads\\\/2023\\\/12\\\/logo_alveria_normal.svg\",\"contentUrl\":\"https:\\\/\\\/www.alveria.it\\\/wp-content\\\/uploads\\\/2023\\\/12\\\/logo_alveria_normal.svg\",\"caption\":\"Alveria - Consulting, Training and Solutions\"},\"image\":{\"@id\":\"https:\\\/\\\/www.alveria.it\\\/#\\\/schema\\\/logo\\\/image\\\/\"}}]}<\/script>\n<!-- \/ Yoast SEO plugin. -->","yoast_head_json":{"title":"HR-DIGITALISIERUNG","description":"Entdecken Sie Alveria und sein HCMS f\u00fcr die Digitalisierung HR: flexibles und sicheres Prozessmanagement mit fortschrittlichen und anpassbaren Funktionen.","robots":{"index":"index","follow":"follow","max-snippet":"max-snippet:-1","max-image-preview":"max-image-preview:large","max-video-preview":"max-video-preview:-1"},"canonical":"https:\/\/www.alveria.it\/de\/hr-digitalisierung\/","og_locale":"de_DE","og_type":"article","og_title":"DIGITALIZZAZIONE HR","og_description":"Scopri Alveria e il suo HCMS per la digitalizzazione HR: gestione flessibile e sicura dei processi, con funzionalit\u00e0 avanzate e personalizzabili.","og_url":"https:\/\/www.alveria.it\/de\/hr-digitalisierung\/","og_site_name":"Alveria - Consulting, Training and Solutions","article_modified_time":"2025-12-29T16:01:10+00:00","og_image":[{"width":1920,"height":1080,"url":"https:\/\/www.alveria.it\/wp-content\/uploads\/2023\/09\/digitalizzazione-HR-virata-2.jpg","type":"image\/jpeg"}],"twitter_card":"summary_large_image","twitter_misc":{"Gesch\u00e4tzte Lesezeit":"4\u00a0Minuten"},"schema":{"@context":"https:\/\/schema.org","@graph":[{"@type":"WebPage","@id":"https:\/\/www.alveria.it\/digitalizzazione-hr\/","url":"https:\/\/www.alveria.it\/digitalizzazione-hr\/","name":"HR-DIGITALISIERUNG","isPartOf":{"@id":"https:\/\/www.alveria.it\/#website"},"primaryImageOfPage":{"@id":"https:\/\/www.alveria.it\/digitalizzazione-hr\/#primaryimage"},"image":{"@id":"https:\/\/www.alveria.it\/digitalizzazione-hr\/#primaryimage"},"thumbnailUrl":"https:\/\/www.alveria.it\/wp-content\/uploads\/2023\/09\/digitalizzazione-HR-virata-2.jpg","datePublished":"2023-09-21T12:07:59+00:00","dateModified":"2025-12-29T16:01:10+00:00","description":"Entdecken Sie Alveria und sein HCMS f\u00fcr die Digitalisierung HR: flexibles und sicheres Prozessmanagement mit fortschrittlichen und anpassbaren Funktionen.","breadcrumb":{"@id":"https:\/\/www.alveria.it\/digitalizzazione-hr\/#breadcrumb"},"inLanguage":"de","potentialAction":[{"@type":"ReadAction","target":["https:\/\/www.alveria.it\/digitalizzazione-hr\/"]}]},{"@type":"ImageObject","inLanguage":"de","@id":"https:\/\/www.alveria.it\/digitalizzazione-hr\/#primaryimage","url":"https:\/\/www.alveria.it\/wp-content\/uploads\/2023\/09\/digitalizzazione-HR-virata-2.jpg","contentUrl":"https:\/\/www.alveria.it\/wp-content\/uploads\/2023\/09\/digitalizzazione-HR-virata-2.jpg","width":1920,"height":1080},{"@type":"BreadcrumbList","@id":"https:\/\/www.alveria.it\/digitalizzazione-hr\/#breadcrumb","itemListElement":[{"@type":"ListItem","position":1,"name":"Home","item":"https:\/\/www.alveria.it\/"},{"@type":"ListItem","position":2,"name":"DIGITALIZZAZIONE HR"}]},{"@type":"WebSite","@id":"https:\/\/www.alveria.it\/#website","url":"https:\/\/www.alveria.it\/","name":"Alveria - Beratung, Schulung und L\u00f6sungen","description":"Alveria - Beratung, Schulung und L\u00f6sungen","publisher":{"@id":"https:\/\/www.alveria.it\/#organization"},"potentialAction":[{"@type":"SearchAction","target":{"@type":"EntryPoint","urlTemplate":"https:\/\/www.alveria.it\/?s={search_term_string}"},"query-input":{"@type":"PropertyValueSpecification","valueRequired":true,"valueName":"search_term_string"}}],"inLanguage":"de"},{"@type":"Organization","@id":"https:\/\/www.alveria.it\/#organization","name":"Alveria - Beratung, Schulung und L\u00f6sungen","url":"https:\/\/www.alveria.it\/","logo":{"@type":"ImageObject","inLanguage":"de","@id":"https:\/\/www.alveria.it\/#\/schema\/logo\/image\/","url":"https:\/\/www.alveria.it\/wp-content\/uploads\/2023\/12\/logo_alveria_normal.svg","contentUrl":"https:\/\/www.alveria.it\/wp-content\/uploads\/2023\/12\/logo_alveria_normal.svg","caption":"Alveria - Consulting, Training and Solutions"},"image":{"@id":"https:\/\/www.alveria.it\/#\/schema\/logo\/image\/"}}]}},"_links":{"self":[{"href":"https:\/\/www.alveria.it\/de\/wp-json\/wp\/v2\/pages\/143","targetHints":{"allow":["GET"]}}],"collection":[{"href":"https:\/\/www.alveria.it\/de\/wp-json\/wp\/v2\/pages"}],"about":[{"href":"https:\/\/www.alveria.it\/de\/wp-json\/wp\/v2\/types\/page"}],"author":[{"embeddable":true,"href":"https:\/\/www.alveria.it\/de\/wp-json\/wp\/v2\/users\/4"}],"replies":[{"embeddable":true,"href":"https:\/\/www.alveria.it\/de\/wp-json\/wp\/v2\/comments?post=143"}],"version-history":[{"count":2,"href":"https:\/\/www.alveria.it\/de\/wp-json\/wp\/v2\/pages\/143\/revisions"}],"predecessor-version":[{"id":1442,"href":"https:\/\/www.alveria.it\/de\/wp-json\/wp\/v2\/pages\/143\/revisions\/1442"}],"wp:featuredmedia":[{"embeddable":true,"href":"https:\/\/www.alveria.it\/de\/wp-json\/wp\/v2\/media\/726"}],"wp:attachment":[{"href":"https:\/\/www.alveria.it\/de\/wp-json\/wp\/v2\/media?parent=143"}],"curies":[{"name":"wp","href":"https:\/\/api.w.org\/{rel}","templated":true}]}}