{"id":136,"date":"2023-09-21T11:24:37","date_gmt":"2023-09-21T11:24:37","guid":{"rendered":"https:\/\/www.alveria.it\/?page_id=136"},"modified":"2025-05-27T22:46:23","modified_gmt":"2025-05-27T22:46:23","slug":"ausbildung","status":"publish","type":"page","link":"https:\/\/www.alveria.it\/de\/ausbildung\/","title":{"rendered":"AUSBILDUNG"},"content":{"rendered":"<p>Ausbildung<\/p>\n<h2 class=\"title\">WIR \u00d6FFNEN UNS DEM FORTSCHRITT MIT DEN SCHL\u00dcSSELN DES WISSENS<\/h2>\n<p style=\"text-align: center;\">Ein Team von qualifizierten Beratern und ein multidisziplin\u00e4rer Ansatz zur <strong>einen gezielten Lernpfad von h\u00f6chster Qualit\u00e4t<\/strong> die auf das berufliche Wachstum des Einzelnen und die Entwicklung des gesamten Unternehmens ausgerichtet sind.<\/p>\n<h2 class=\"title\">ALVERIA F\u00dcR EINEN RUNDUM-SERVICE<\/h2>\n<p style=\"text-align: center;\">Ausgehend von einer Kritikalit\u00e4tsanalyse ermitteln wir die funktionalste L\u00f6sung f\u00fcr die Bed\u00fcrfnisse der Organisation, indem wir Folgendes anbieten <strong>ma\u00dfgeschneiderte Schulungspakete und detaillierte Kompetenzentwicklungspl\u00e4ne<\/strong> Ressourcen im Unternehmen. Unsere Schulungen richten sich an bestimmte Zielgruppen, vom Topmanagement bis hin zu eher operativen Berufen, und werden in Form von pers\u00f6nlichen Gespr\u00e4chen, E-Learning und gemischten Kursen angeboten, die mit der Unternehmenskultur und den Merkmalen der Teilnehmer in Einklang stehen.<\/p>\n<h2>UNSERE FORMATE VERBINDEN INHALT MIT GESELLIGKEIT UND INFORMATION MIT ERFAHRUNG<\/h2>\n<h2 class=\"title\">STANDARDKURS<\/h2>\n<h2 class=\"title\">STORYCOURSE<\/h2>\n<h2 class=\"title\">GAMINGCOURSE<\/h2>\n<h2 class=\"title\">UNTERST\u00dcTZENDE TECHNOLOGIE<\/h2>\n<p><b> Portal, das ausschlie\u00dflich der Ausbildung gewidmet ist <\/b> alle operativen Aspekte zu regeln<b>Integration mit Plattformen <\/b>die bereits im Unternehmen eingesetzt werden und nicht. <a href=\"https:\/\/www.hcms.it\/contatti\/\">Technische Unterst\u00fctzung<\/a> (Hosting, Wartung, Datensicherung, usw.). <b>und Bildung <\/b> (Anmeldung, Nachhilfe, Versand von E-Mails usw.).<\/p>\n<h2>DIENSTLEISTUNGEN<\/h2>\n<p><a class=\"btn-ancora\" href=\"\/de\/ausbildung\/#FORMAZIONE-ESPERIENZIALE\">ERFAHRUNGSM\u00c4SSIGE SCHULUNG<\/a><\/p>\n<p><a class=\"btn-ancora\" href=\"\/de\/ausbildung\/#PEOPLE-&amp;-MANAGERIAL-DEVELOPMENT\">ENTWICKLUNG VON MENSCHEN UND F\u00dcHRUNGSKR\u00c4FTEN<\/a><\/p>\n<p><a class=\"btn-ancora\" href=\"\/de\/en\/ausbildung\/#FORMAZIONE-ESPERIENZIALE\">ERFAHRUNGSM\u00c4SSIGE SCHULUNG<\/a><\/p>\n<p><a class=\"btn-ancora\" href=\"\/de\/en\/ausbildung\/#PEOPLE-&amp;-MANAGERIAL-DEVELOPMENT\">ENTWICKLUNG VON MENSCHEN UND F\u00dcHRUNGSKR\u00c4FTEN<\/a><\/p>\n<h1 class=\"title\">ERFAHRUNGSM\u00c4SSIGE SCHULUNG<\/h1>\n<p>Experimentieren und praktischer Ansatz zum Lernen.<\/p>\n<p><a class=\"button  button_size_2 button_dark\" title=\"\" href=\"\/de\/erfahrungsmasige-ausbildung\/\"><span class=\"button_label\">ENTDECKEN <\/span><\/a><\/p>\n<h1 class=\"title\">ENTWICKLUNG VON MENSCHEN UND F\u00dcHRUNGSKR\u00c4FTEN<\/h1>\n<p>Individuelle und auf das Team zugeschnittene Entwicklungspfade.<\/p>\n<p><a class=\"button  button_size_2 button_dark\" title=\"\" href=\"\/de\/ausbildung\/entwicklung-von-menschen-und-fuhrungskraften\/\"><span class=\"button_label\">ENTDECKEN <\/span><\/a><\/p>\n<h6 class=\"title\">BERATUNG, SCHULUNG ZUR DIGITALISIERUNG DES PERSONALWESENS UND UNTERNEHMENSL\u00d6SUNGEN ENTDECKEN SIE DIE ALVERIA-METHODE UND BEREITEN SIE SICH AUF DEN WANDEL VOR.<\/h6>\n<p><a class=\"button  button_size_2 button_dark\" title=\"\" href=\"\/de\/kontakte\/\"><span class=\"button_label\">WEITERE INFORMATIONEN ANFORDERN<\/span><\/a><\/p>","protected":false},"excerpt":{"rendered":"<p>Formazione APRIAMO AL PROGRESSO CON LE CHIAVI DELLA CONOSCENZA Un team di consulenti qualificati e un approccio multidisciplinare, per un percorso di apprendimento mirato e di<span class=\"excerpt-hellip\"> [...]<\/span><\/p>","protected":false},"author":4,"featured_media":702,"parent":0,"menu_order":0,"comment_status":"open","ping_status":"closed","template":"","meta":{"iawp_total_views":1001,"footnotes":""},"class_list":["post-136","page","type-page","status-publish","has-post-thumbnail","hentry"],"yoast_head":"<!-- This site is optimized with the Yoast SEO plugin v25.1 - https:\/\/yoast.com\/wordpress\/plugins\/seo\/ -->\n<title>FORMAZIONE<\/title>\n<meta name=\"description\" content=\"Scopri Alveria: formazione personalizzata e sviluppo competenze per la crescita professionale e aziendale.\" \/>\n<meta name=\"robots\" content=\"index, follow, max-snippet:-1, max-image-preview:large, max-video-preview:-1\" \/>\n<link rel=\"canonical\" href=\"https:\/\/www.alveria.it\/de\/ausbildung\/\" \/>\n<meta property=\"og:locale\" content=\"de_DE\" \/>\n<meta property=\"og:type\" content=\"article\" \/>\n<meta property=\"og:title\" content=\"FORMAZIONE\" \/>\n<meta property=\"og:description\" content=\"Scopri Alveria: formazione personalizzata e sviluppo competenze per la crescita professionale e aziendale.\" \/>\n<meta property=\"og:url\" content=\"https:\/\/www.alveria.it\/de\/ausbildung\/\" \/>\n<meta property=\"og:site_name\" content=\"Alveria - Consulting, Training and Solutions\" \/>\n<meta property=\"article:modified_time\" content=\"2025-05-27T22:46:23+00:00\" \/>\n<meta property=\"og:image\" content=\"https:\/\/www.alveria.it\/wp-content\/uploads\/2023\/09\/formazione-virata.jpg\" \/>\n\t<meta property=\"og:image:width\" content=\"1920\" \/>\n\t<meta property=\"og:image:height\" content=\"1080\" \/>\n\t<meta property=\"og:image:type\" content=\"image\/jpeg\" \/>\n<meta name=\"twitter:card\" content=\"summary_large_image\" \/>\n<meta name=\"twitter:label1\" content=\"Gesch\u00e4tzte Lesezeit\" \/>\n\t<meta name=\"twitter:data1\" content=\"2\u00a0Minuten\" \/>\n<script type=\"application\/ld+json\" class=\"yoast-schema-graph\">{\"@context\":\"https:\/\/schema.org\",\"@graph\":[{\"@type\":\"WebPage\",\"@id\":\"https:\/\/www.alveria.it\/formazione\/\",\"url\":\"https:\/\/www.alveria.it\/formazione\/\",\"name\":\"FORMAZIONE\",\"isPartOf\":{\"@id\":\"https:\/\/www.alveria.it\/#website\"},\"primaryImageOfPage\":{\"@id\":\"https:\/\/www.alveria.it\/formazione\/#primaryimage\"},\"image\":{\"@id\":\"https:\/\/www.alveria.it\/formazione\/#primaryimage\"},\"thumbnailUrl\":\"https:\/\/www.alveria.it\/wp-content\/uploads\/2023\/09\/formazione-virata.jpg\",\"datePublished\":\"2023-09-21T11:24:37+00:00\",\"dateModified\":\"2025-05-27T22:46:23+00:00\",\"description\":\"Scopri Alveria: formazione personalizzata e sviluppo competenze per la crescita professionale e aziendale.\",\"breadcrumb\":{\"@id\":\"https:\/\/www.alveria.it\/formazione\/#breadcrumb\"},\"inLanguage\":\"de\",\"potentialAction\":[{\"@type\":\"ReadAction\",\"target\":[\"https:\/\/www.alveria.it\/formazione\/\"]}]},{\"@type\":\"ImageObject\",\"inLanguage\":\"de\",\"@id\":\"https:\/\/www.alveria.it\/formazione\/#primaryimage\",\"url\":\"https:\/\/www.alveria.it\/wp-content\/uploads\/2023\/09\/formazione-virata.jpg\",\"contentUrl\":\"https:\/\/www.alveria.it\/wp-content\/uploads\/2023\/09\/formazione-virata.jpg\",\"width\":1920,\"height\":1080},{\"@type\":\"BreadcrumbList\",\"@id\":\"https:\/\/www.alveria.it\/formazione\/#breadcrumb\",\"itemListElement\":[{\"@type\":\"ListItem\",\"position\":1,\"name\":\"Home\",\"item\":\"https:\/\/www.alveria.it\/\"},{\"@type\":\"ListItem\",\"position\":2,\"name\":\"FORMAZIONE\"}]},{\"@type\":\"WebSite\",\"@id\":\"https:\/\/www.alveria.it\/#website\",\"url\":\"https:\/\/www.alveria.it\/\",\"name\":\"Alveria - Consulting, Training and Solutions\",\"description\":\"Alveria - Consulting, Training and Solutions\",\"publisher\":{\"@id\":\"https:\/\/www.alveria.it\/#organization\"},\"potentialAction\":[{\"@type\":\"SearchAction\",\"target\":{\"@type\":\"EntryPoint\",\"urlTemplate\":\"https:\/\/www.alveria.it\/?s={search_term_string}\"},\"query-input\":{\"@type\":\"PropertyValueSpecification\",\"valueRequired\":true,\"valueName\":\"search_term_string\"}}],\"inLanguage\":\"de\"},{\"@type\":\"Organization\",\"@id\":\"https:\/\/www.alveria.it\/#organization\",\"name\":\"Alveria - Consulting, Training and Solutions\",\"url\":\"https:\/\/www.alveria.it\/\",\"logo\":{\"@type\":\"ImageObject\",\"inLanguage\":\"de\",\"@id\":\"https:\/\/www.alveria.it\/#\/schema\/logo\/image\/\",\"url\":\"https:\/\/www.alveria.it\/wp-content\/uploads\/2023\/12\/logo_alveria_normal.svg\",\"contentUrl\":\"https:\/\/www.alveria.it\/wp-content\/uploads\/2023\/12\/logo_alveria_normal.svg\",\"caption\":\"Alveria - Consulting, Training and Solutions\"},\"image\":{\"@id\":\"https:\/\/www.alveria.it\/#\/schema\/logo\/image\/\"}}]}<\/script>\n<!-- \/ Yoast SEO plugin. -->","yoast_head_json":{"title":"FORMAZIONE","description":"Scopri Alveria: formazione personalizzata e sviluppo competenze per la crescita professionale e aziendale.","robots":{"index":"index","follow":"follow","max-snippet":"max-snippet:-1","max-image-preview":"max-image-preview:large","max-video-preview":"max-video-preview:-1"},"canonical":"https:\/\/www.alveria.it\/de\/ausbildung\/","og_locale":"de_DE","og_type":"article","og_title":"FORMAZIONE","og_description":"Scopri Alveria: formazione personalizzata e sviluppo competenze per la crescita professionale e aziendale.","og_url":"https:\/\/www.alveria.it\/de\/ausbildung\/","og_site_name":"Alveria - Consulting, Training and Solutions","article_modified_time":"2025-05-27T22:46:23+00:00","og_image":[{"width":1920,"height":1080,"url":"https:\/\/www.alveria.it\/wp-content\/uploads\/2023\/09\/formazione-virata.jpg","type":"image\/jpeg"}],"twitter_card":"summary_large_image","twitter_misc":{"Gesch\u00e4tzte Lesezeit":"2\u00a0Minuten"},"schema":{"@context":"https:\/\/schema.org","@graph":[{"@type":"WebPage","@id":"https:\/\/www.alveria.it\/formazione\/","url":"https:\/\/www.alveria.it\/formazione\/","name":"FORMAZIONE","isPartOf":{"@id":"https:\/\/www.alveria.it\/#website"},"primaryImageOfPage":{"@id":"https:\/\/www.alveria.it\/formazione\/#primaryimage"},"image":{"@id":"https:\/\/www.alveria.it\/formazione\/#primaryimage"},"thumbnailUrl":"https:\/\/www.alveria.it\/wp-content\/uploads\/2023\/09\/formazione-virata.jpg","datePublished":"2023-09-21T11:24:37+00:00","dateModified":"2025-05-27T22:46:23+00:00","description":"Scopri Alveria: formazione personalizzata e sviluppo competenze per la crescita professionale e aziendale.","breadcrumb":{"@id":"https:\/\/www.alveria.it\/formazione\/#breadcrumb"},"inLanguage":"de","potentialAction":[{"@type":"ReadAction","target":["https:\/\/www.alveria.it\/formazione\/"]}]},{"@type":"ImageObject","inLanguage":"de","@id":"https:\/\/www.alveria.it\/formazione\/#primaryimage","url":"https:\/\/www.alveria.it\/wp-content\/uploads\/2023\/09\/formazione-virata.jpg","contentUrl":"https:\/\/www.alveria.it\/wp-content\/uploads\/2023\/09\/formazione-virata.jpg","width":1920,"height":1080},{"@type":"BreadcrumbList","@id":"https:\/\/www.alveria.it\/formazione\/#breadcrumb","itemListElement":[{"@type":"ListItem","position":1,"name":"Home","item":"https:\/\/www.alveria.it\/"},{"@type":"ListItem","position":2,"name":"FORMAZIONE"}]},{"@type":"WebSite","@id":"https:\/\/www.alveria.it\/#website","url":"https:\/\/www.alveria.it\/","name":"Alveria - Consulting, Training and Solutions","description":"Alveria - Consulting, Training and Solutions","publisher":{"@id":"https:\/\/www.alveria.it\/#organization"},"potentialAction":[{"@type":"SearchAction","target":{"@type":"EntryPoint","urlTemplate":"https:\/\/www.alveria.it\/?s={search_term_string}"},"query-input":{"@type":"PropertyValueSpecification","valueRequired":true,"valueName":"search_term_string"}}],"inLanguage":"de"},{"@type":"Organization","@id":"https:\/\/www.alveria.it\/#organization","name":"Alveria - Consulting, Training and Solutions","url":"https:\/\/www.alveria.it\/","logo":{"@type":"ImageObject","inLanguage":"de","@id":"https:\/\/www.alveria.it\/#\/schema\/logo\/image\/","url":"https:\/\/www.alveria.it\/wp-content\/uploads\/2023\/12\/logo_alveria_normal.svg","contentUrl":"https:\/\/www.alveria.it\/wp-content\/uploads\/2023\/12\/logo_alveria_normal.svg","caption":"Alveria - Consulting, Training and Solutions"},"image":{"@id":"https:\/\/www.alveria.it\/#\/schema\/logo\/image\/"}}]}},"_links":{"self":[{"href":"https:\/\/www.alveria.it\/de\/wp-json\/wp\/v2\/pages\/136","targetHints":{"allow":["GET"]}}],"collection":[{"href":"https:\/\/www.alveria.it\/de\/wp-json\/wp\/v2\/pages"}],"about":[{"href":"https:\/\/www.alveria.it\/de\/wp-json\/wp\/v2\/types\/page"}],"author":[{"embeddable":true,"href":"https:\/\/www.alveria.it\/de\/wp-json\/wp\/v2\/users\/4"}],"replies":[{"embeddable":true,"href":"https:\/\/www.alveria.it\/de\/wp-json\/wp\/v2\/comments?post=136"}],"version-history":[{"count":5,"href":"https:\/\/www.alveria.it\/de\/wp-json\/wp\/v2\/pages\/136\/revisions"}],"predecessor-version":[{"id":1974,"href":"https:\/\/www.alveria.it\/de\/wp-json\/wp\/v2\/pages\/136\/revisions\/1974"}],"wp:featuredmedia":[{"embeddable":true,"href":"https:\/\/www.alveria.it\/de\/wp-json\/wp\/v2\/media\/702"}],"wp:attachment":[{"href":"https:\/\/www.alveria.it\/de\/wp-json\/wp\/v2\/media?parent=136"}],"curies":[{"name":"wp","href":"https:\/\/api.w.org\/{rel}","templated":true}]}}